{"id":5238,"date":"2025-02-20T09:01:29","date_gmt":"2025-02-20T09:01:29","guid":{"rendered":"https:\/\/dev251.kodesolution.com\/hoteler\/luxury\/?page_id=5238"},"modified":"2025-08-15T11:23:31","modified_gmt":"2025-08-15T11:23:31","slug":"restoran-cafe","status":"publish","type":"page","link":"https:\/\/www.siahotel.com.tr\/en\/restoran-cafe\/","title":{"rendered":"Restoran &amp; Cafe"},"content":{"rendered":"\t\t<div data-elementor-type=\"wp-page\" data-elementor-id=\"5238\" class=\"elementor elementor-5238\">\n\t\t\t\t<div class=\"elementor-element elementor-element-569643a e-flex e-con-boxed tm-col-stretched-none tm-bg-color-over-image e-con e-parent\" data-id=\"569643a\" data-element_type=\"container\">\n\t\t\t\t\t<div class=\"e-con-inner\">\n\t\t<div class=\"elementor-element elementor-element-0596d44 e-con-full e-flex tm-col-stretched-none tm-bg-color-over-image e-con e-child\" data-id=\"0596d44\" data-element_type=\"container\">\n\t\t<div class=\"elementor-element elementor-element-cc46002 e-con-full e-flex tm-col-stretched-none tm-bg-color-over-image elementor-invisible e-con e-child\" data-id=\"cc46002\" data-element_type=\"container\" data-settings=\"{&quot;animation&quot;:&quot;fadeInUp&quot;}\">\n\t\t\t\t<div class=\"elementor-element elementor-element-11d86db horizontal-line-align-left vertical-line-align-bottom elementor-widget elementor-widget-tm-ele-section-title\" data-id=\"11d86db\" data-element_type=\"widget\" data-widget_type=\"tm-ele-section-title.default\">\n\t\t\t\t<div class=\"elementor-widget-container\">\n\t\t\t\t\t<div class=\"tm-sc-section-title section-title line-both-side-current-theme \">\r\n\t<div class=\"title-wrapper\">\r\n\t\t\t\t\r\n\r\n<div class=\"sub-title-outer\">\r\n\t\t<div class=\"subtitle \">\r\n\r\n\t\t\r\n\t\tMeet\u0131ng of Heal\u0131ng Flavors\t<\/div>\r\n\t<\/div>\t\t\t<h2 class=\"title wow fadeInUp\">\r\n\r\n\t\t\r\n\t\t\t\t<span class=\"title-part1 \">Restaurant & Caf\u00e9<\/span>\r\n\t\t\t\t\r\n\t\t\r\n\t<\/h2>\r\n\t<div class=\"title-seperator-line\"><\/div>\t\t\t\t\t\t<\/div>\r\n<\/div>\t\t\t\t<\/div>\n\t\t\t\t<\/div>\n\t\t\t\t<\/div>\n\t\t\t\t<\/div>\n\t\t\t\t\t<\/div>\n\t\t\t\t<\/div>\n\t\t<div class=\"elementor-element elementor-element-88a05f3 e-flex e-con-boxed tm-col-stretched-none tm-bg-color-over-image e-con e-parent\" data-id=\"88a05f3\" data-element_type=\"container\">\n\t\t\t\t\t<div class=\"e-con-inner\">\n\t\t<div class=\"elementor-element elementor-element-558711f tm-col-stretched-none e-con-full e-flex tm-bg-color-over-image e-con e-child\" data-id=\"558711f\" data-element_type=\"container\">\n\t\t<div class=\"elementor-element elementor-element-6917183 e-con-full e-flex tm-col-stretched-none tm-bg-color-over-image elementor-invisible e-con e-child\" data-id=\"6917183\" data-element_type=\"container\" data-settings=\"{&quot;animation&quot;:&quot;fadeInUp&quot;}\">\n\t\t\t\t<div class=\"elementor-element elementor-element-945cf95 elementor-widget elementor-widget-image\" data-id=\"945cf95\" data-element_type=\"widget\" data-widget_type=\"image.default\">\n\t\t\t\t\t\t\t\t\t\t\t\t\t\t\t<img fetchpriority=\"high\" decoding=\"async\" width=\"2560\" height=\"1707\" src=\"https:\/\/www.siahotel.com.tr\/en\/wp-content\/uploads\/2025\/07\/IMG_5119-2-scaled.jpg\" class=\"attachment-full size-full wp-image-14477\" alt=\"Sia Hotel Obrizya Restoran\" srcset=\"https:\/\/www.siahotel.com.tr\/en\/wp-content\/uploads\/2025\/07\/IMG_5119-2-scaled.jpg 2560w, https:\/\/www.siahotel.com.tr\/en\/wp-content\/uploads\/2025\/07\/IMG_5119-2-300x200.jpg 300w, https:\/\/www.siahotel.com.tr\/en\/wp-content\/uploads\/2025\/07\/IMG_5119-2-1024x683.jpg 1024w, https:\/\/www.siahotel.com.tr\/en\/wp-content\/uploads\/2025\/07\/IMG_5119-2-768x512.jpg 768w, https:\/\/www.siahotel.com.tr\/en\/wp-content\/uploads\/2025\/07\/IMG_5119-2-1536x1024.jpg 1536w, https:\/\/www.siahotel.com.tr\/en\/wp-content\/uploads\/2025\/07\/IMG_5119-2-2048x1365.jpg 2048w, https:\/\/www.siahotel.com.tr\/en\/wp-content\/uploads\/2025\/07\/IMG_5119-2-672x448.jpg 672w\" sizes=\"255px\" data-kodelisting-lazy-load-sizes=\"(max-width: 2560px) 100vw, 2560px\" data-kodelisting-loading-image=\"on\" \/>\t\t\t\t\t\t\t\t\t\t\t\t\t\t\t<\/div>\n\t\t\t\t<div class=\"elementor-element elementor-element-09b9be9 elementor-widget elementor-widget-tm-ele-pricing-plan\" data-id=\"09b9be9\" data-element_type=\"widget\" data-widget_type=\"tm-ele-pricing-plan.skin-style2\">\n\t\t\t\t<div class=\"elementor-widget-container\">\n\t\t\t\t\t<!-- Pricing Block Style1-->\r\n<div class=\"tm-sc-pricing-plan  pricing-plan-hover-effect pricing-plan-box-shadow  pricing-plan-skin-style2\">\r\n\t<div class=\"inner-box\">\r\n\t\t<div class=\"pricing-plan-inner\">\r\n\t\t\t\r\n\t\t\t\t\t\t\t<h4 class=\"pricing-plan-title \">\r\n\t\t\t\t\tRestaurant\t\t\t\t<\/h4>\r\n\t\t\t\t\t\t<div class=\"pricing-plan-pricing\">\r\n\t<div class=\"price price-normal \">\r\n\t\t\t\t<span class=\"pricing-plan-price\">OBRIZYA<\/span>\t\t\t\t\t\t\t<\/div>\r\n\r\n\t<\/div>\t\t\t\r\n<ul class=\"features-list\">\r\n\t<li class=\"\">\r\n\t\t\t\t<span>\r\n\t\tHealthy Breakfast, Open Buffet\t\t<\/span>\r\n\t\t<div class=\"has-tooltip\" data-toggle=\"tooltip\" title=\"\"><i class=\"fas fa-info-circle tooltip-icon\"><\/i><\/div>\r\n\t<\/li>\r\n\t<li class=\"\">\r\n\t\t\t\t<span>\r\n\t\tBowl\t\t<\/span>\r\n\t\t<div class=\"has-tooltip\" data-toggle=\"tooltip\" title=\"\"><i class=\"fas fa-info-circle tooltip-icon\"><\/i><\/div>\r\n\t<\/li>\r\n\t<li class=\"\">\r\n\t\t\t\t<span>\r\n\t\tSalad\t\t<\/span>\r\n\t\t<div class=\"has-tooltip\" data-toggle=\"tooltip\" title=\"\"><i class=\"fas fa-info-circle tooltip-icon\"><\/i><\/div>\r\n\t<\/li>\r\n\t<li class=\"\">\r\n\t\t\t\t<span>\r\n\t\tSandwich\t\t<\/span>\r\n\t\t<div class=\"has-tooltip\" data-toggle=\"tooltip\" title=\"\"><i class=\"fas fa-info-circle tooltip-icon\"><\/i><\/div>\r\n\t<\/li>\r\n\t<li class=\"\">\r\n\t\t\t\t<span>\r\n\t\tMain Course\t\t<\/span>\r\n\t\t<div class=\"has-tooltip\" data-toggle=\"tooltip\" title=\"\"><i class=\"fas fa-info-circle tooltip-icon\"><\/i><\/div>\r\n\t<\/li>\r\n\t<li class=\"\">\r\n\t\t\t\t<span>\r\n\t\tHealthy Pizza\t\t<\/span>\r\n\t\t<div class=\"has-tooltip\" data-toggle=\"tooltip\" title=\"\"><i class=\"fas fa-info-circle tooltip-icon\"><\/i><\/div>\r\n\t<\/li>\r\n\t<li class=\"\">\r\n\t\t\t\t<span>\r\n\t\tDessert\t\t<\/span>\r\n\t\t<div class=\"has-tooltip\" data-toggle=\"tooltip\" title=\"\"><i class=\"fas fa-info-circle tooltip-icon\"><\/i><\/div>\r\n\t<\/li>\r\n<\/ul>\t\t\t\t\t\t\t<div class=\"btn-view-details \">\r\n\t<a href=\"https:\/\/www.siahotel.com.tr\/en\/obrizya\" data-normal-link=\"https:\/\/www.siahotel.com.tr\/en\/obrizya\" data-secondary-link=\"\"\r\n\t\ttarget=\"_self\"\r\n\t\tclass=\"btn btn-outline-theme-colored1 btn-outline\">\r\n\tMore Info\t<\/a>\r\n<\/div>\r\n\t\t\t\t\t<\/div>\r\n\t<\/div>\r\n<\/div>\t\t\t\t<\/div>\n\t\t\t\t<\/div>\n\t\t\t\t<\/div>\n\t\t<div class=\"elementor-element elementor-element-7b3360a tm-col-stretched-none e-con-full e-flex tm-bg-color-over-image elementor-invisible e-con e-child\" data-id=\"7b3360a\" data-element_type=\"container\" data-settings=\"{&quot;animation&quot;:&quot;fadeInDown&quot;}\">\n\t\t\t\t<div class=\"elementor-element elementor-element-1a9c67b elementor-widget elementor-widget-image\" data-id=\"1a9c67b\" data-element_type=\"widget\" data-widget_type=\"image.default\">\n\t\t\t\t\t\t\t\t\t\t\t\t\t\t\t<img decoding=\"async\" width=\"2560\" height=\"1440\" src=\"https:\/\/www.siahotel.com.tr\/en\/wp-content\/uploads\/2025\/07\/SIA-RESTORAN-scaled.jpeg\" class=\"attachment-full size-full wp-image-13596\" alt=\"Sia Hotel Restoran\" srcset=\"https:\/\/www.siahotel.com.tr\/en\/wp-content\/uploads\/2025\/07\/SIA-RESTORAN-scaled.jpeg 2560w, https:\/\/www.siahotel.com.tr\/en\/wp-content\/uploads\/2025\/07\/SIA-RESTORAN-300x169.jpeg 300w, https:\/\/www.siahotel.com.tr\/en\/wp-content\/uploads\/2025\/07\/SIA-RESTORAN-1024x576.jpeg 1024w, https:\/\/www.siahotel.com.tr\/en\/wp-content\/uploads\/2025\/07\/SIA-RESTORAN-768x432.jpeg 768w, https:\/\/www.siahotel.com.tr\/en\/wp-content\/uploads\/2025\/07\/SIA-RESTORAN-1536x864.jpeg 1536w, https:\/\/www.siahotel.com.tr\/en\/wp-content\/uploads\/2025\/07\/SIA-RESTORAN-2048x1152.jpeg 2048w\" sizes=\"255px\" data-kodelisting-lazy-load-sizes=\"(max-width: 2560px) 100vw, 2560px\" data-kodelisting-loading-image=\"on\" \/>\t\t\t\t\t\t\t\t\t\t\t\t\t\t\t<\/div>\n\t\t\t\t<div class=\"elementor-element elementor-element-ed23394 elementor-widget elementor-widget-tm-ele-pricing-plan\" data-id=\"ed23394\" data-element_type=\"widget\" data-widget_type=\"tm-ele-pricing-plan.skin-style2\">\n\t\t\t\t<div class=\"elementor-widget-container\">\n\t\t\t\t\t<!-- Pricing Block Style1-->\r\n<div class=\"tm-sc-pricing-plan  pricing-plan-hover-effect pricing-plan-box-shadow  pricing-plan-skin-style2\">\r\n\t<div class=\"inner-box\">\r\n\t\t<div class=\"pricing-plan-inner\">\r\n\t\t\t\r\n\t\t\t\t\t\t\t<h3 class=\"pricing-plan-title \">\r\n\t\t\t\t\tCafe & Lounge\t\t\t\t<\/h3>\r\n\t\t\t\t\t\t<div class=\"pricing-plan-pricing\">\r\n\t<div class=\"price price-normal \">\r\n\t\t\t\t<span class=\"pricing-plan-price\">NOOK BY S\u0130A<\/span>\t\t\t\t\t\t\t<\/div>\r\n\r\n\t<\/div>\t\t\t\r\n<ul class=\"features-list\">\r\n\t<li class=\"\">\r\n\t\t\t\t<span>\r\n\t\tHealthy Cocktails\t\t<\/span>\r\n\t\t<div class=\"has-tooltip\" data-toggle=\"tooltip\" title=\"\"><i class=\"fas fa-info-circle tooltip-icon\"><\/i><\/div>\r\n\t<\/li>\r\n\t<li class=\"\">\r\n\t\t\t\t<span>\r\n\t\tSia Specials\t\t<\/span>\r\n\t\t<div class=\"has-tooltip\" data-toggle=\"tooltip\" title=\"\"><i class=\"fas fa-info-circle tooltip-icon\"><\/i><\/div>\r\n\t<\/li>\r\n\t<li class=\"\">\r\n\t\t\t\t<span>\r\n\t\tHerbal and Fermented Drinks\t\t<\/span>\r\n\t\t<div class=\"has-tooltip\" data-toggle=\"tooltip\" title=\"\"><i class=\"fas fa-info-circle tooltip-icon\"><\/i><\/div>\r\n\t<\/li>\r\n\t<li class=\"\">\r\n\t\t\t\t<span>\r\n\t\tFlavored Coffees\t\t<\/span>\r\n\t\t<div class=\"has-tooltip\" data-toggle=\"tooltip\" title=\"\"><i class=\"fas fa-info-circle tooltip-icon\"><\/i><\/div>\r\n\t<\/li>\r\n\t<li class=\"\">\r\n\t\t\t\t<span>\r\n\t\tSoft Drinks\t\t<\/span>\r\n\t\t<div class=\"has-tooltip\" data-toggle=\"tooltip\" title=\"\"><i class=\"fas fa-info-circle tooltip-icon\"><\/i><\/div>\r\n\t<\/li>\r\n<\/ul>\t\t\t\t\t\t\t<div class=\"btn-view-details \">\r\n\t<a href=\"https:\/\/www.siahotel.com.tr\/en\/nook-by-sia\" data-normal-link=\"https:\/\/www.siahotel.com.tr\/en\/nook-by-sia\" data-secondary-link=\"\"\r\n\t\ttarget=\"_self\"\r\n\t\tclass=\"btn btn-outline-theme-colored1 btn-outline\">\r\n\tMORE INFO\t<\/a>\r\n<\/div>\r\n\t\t\t\t\t<\/div>\r\n\t<\/div>\r\n<\/div>\t\t\t\t<\/div>\n\t\t\t\t<\/div>\n\t\t\t\t<\/div>\n\t\t\t\t<\/div>\n\t\t\t\t\t<\/div>\n\t\t\t\t<\/div>\n\t\t\t\t<\/div>\n\t\t","protected":false},"excerpt":{"rendered":"<p>Meet\u0131ng of Heal\u0131ng Flavors Restaurant &#038; Caf\u00e9 Restaurant OBRIZYA Healthy Breakfast, Open Buffet Bowl Salad Sandwich Main Course Healthy Pizza&#8230;<\/p>\n","protected":false},"author":1,"featured_media":0,"parent":0,"menu_order":0,"comment_status":"closed","ping_status":"closed","template":"","meta":{"_monsterinsights_skip_tracking":false,"_monsterinsights_sitenote_active":false,"_monsterinsights_sitenote_note":"","_monsterinsights_sitenote_category":0,"footnotes":""},"class_list":["post-5238","page","type-page","status-publish","hentry"],"aioseo_notices":[],"_links":{"self":[{"href":"https:\/\/www.siahotel.com.tr\/en\/wp-json\/wp\/v2\/pages\/5238","targetHints":{"allow":["GET"]}}],"collection":[{"href":"https:\/\/www.siahotel.com.tr\/en\/wp-json\/wp\/v2\/pages"}],"about":[{"href":"https:\/\/www.siahotel.com.tr\/en\/wp-json\/wp\/v2\/types\/page"}],"author":[{"embeddable":true,"href":"https:\/\/www.siahotel.com.tr\/en\/wp-json\/wp\/v2\/users\/1"}],"replies":[{"embeddable":true,"href":"https:\/\/www.siahotel.com.tr\/en\/wp-json\/wp\/v2\/comments?post=5238"}],"version-history":[{"count":91,"href":"https:\/\/www.siahotel.com.tr\/en\/wp-json\/wp\/v2\/pages\/5238\/revisions"}],"predecessor-version":[{"id":17580,"href":"https:\/\/www.siahotel.com.tr\/en\/wp-json\/wp\/v2\/pages\/5238\/revisions\/17580"}],"wp:attachment":[{"href":"https:\/\/www.siahotel.com.tr\/en\/wp-json\/wp\/v2\/media?parent=5238"}],"curies":[{"name":"wp","href":"https:\/\/api.w.org\/{rel}","templated":true}]}}