{"id":15513,"date":"2025-08-04T11:37:26","date_gmt":"2025-08-04T11:37:26","guid":{"rendered":"https:\/\/www.siahotel.com.tr\/en\/?page_id=15513"},"modified":"2025-08-26T13:45:14","modified_gmt":"2025-08-26T13:45:14","slug":"ozellestirilmis-paketler","status":"publish","type":"page","link":"https:\/\/www.siahotel.com.tr\/en\/ozellestirilmis-paketler\/","title":{"rendered":"\u00d6zelle\u015ftirilmi\u015f Paketler"},"content":{"rendered":"\t\t<div data-elementor-type=\"wp-page\" data-elementor-id=\"15513\" class=\"elementor elementor-15513\">\n\t\t\t\t<div class=\"elementor-element elementor-element-e84c040 e-flex e-con-boxed tm-col-stretched-none tm-bg-color-over-image e-con e-parent\" data-id=\"e84c040\" data-element_type=\"container\">\n\t\t\t\t\t<div class=\"e-con-inner\">\n\t\t<div class=\"elementor-element elementor-element-bb492b9 e-con-full e-flex tm-col-stretched-none tm-bg-color-over-image e-con e-child\" data-id=\"bb492b9\" data-element_type=\"container\">\n\t\t<div class=\"elementor-element elementor-element-487ea6d e-con-full e-flex tm-col-stretched-none tm-bg-color-over-image e-con e-child\" data-id=\"487ea6d\" data-element_type=\"container\" data-settings=\"{&quot;background_background&quot;:&quot;classic&quot;}\">\n\t\t<div class=\"elementor-element elementor-element-638b192 e-con-full e-flex tm-col-stretched-none tm-bg-color-over-image e-con e-child\" data-id=\"638b192\" data-element_type=\"container\" data-settings=\"{&quot;background_background&quot;:&quot;classic&quot;}\">\n\t\t<div class=\"elementor-element elementor-element-f02cf9b e-con-full e-flex tm-col-stretched-none tm-bg-color-over-image e-con e-child\" data-id=\"f02cf9b\" data-element_type=\"container\" data-settings=\"{&quot;background_background&quot;:&quot;classic&quot;}\">\n\t\t\t\t<div class=\"elementor-element elementor-element-b14c564 elementor-widget elementor-widget-image\" data-id=\"b14c564\" data-element_type=\"widget\" data-widget_type=\"image.default\">\n\t\t\t\t\t\t\t\t\t\t\t\t\t\t\t<img fetchpriority=\"high\" decoding=\"async\" width=\"1100\" height=\"550\" src=\"https:\/\/www.siahotel.com.tr\/en\/wp-content\/uploads\/2025\/08\/WhatsApp-Image-2025-08-05-at-10.16.52-1100x550.jpeg\" class=\"attachment-hoteler_landscape size-hoteler_landscape wp-image-15861\" alt=\"\" \/>\t\t\t\t\t\t\t\t\t\t\t\t\t\t\t<\/div>\n\t\t\t\t<\/div>\n\t\t\t\t<\/div>\n\t\t<div class=\"elementor-element elementor-element-11a232a e-con-full tm-col-stretched-none e-flex tm-bg-color-over-image e-con e-child\" data-id=\"11a232a\" data-element_type=\"container\" data-settings=\"{&quot;background_background&quot;:&quot;classic&quot;}\">\n\t\t<div class=\"elementor-element elementor-element-5cf5d5f tm-col-stretched-none e-con-full e-flex tm-bg-color-over-image e-con e-child\" data-id=\"5cf5d5f\" data-element_type=\"container\">\n\t\t\t\t<div class=\"elementor-element elementor-element-1df55ea horizontal-line-align-left vertical-line-align-bottom elementor-widget elementor-widget-tm-ele-section-title\" data-id=\"1df55ea\" data-element_type=\"widget\" data-widget_type=\"tm-ele-section-title.default\">\n\t\t\t\t<div class=\"elementor-widget-container\">\n\t\t\t\t\t<div class=\"tm-sc-section-title section-title line-both-side-current-theme \">\r\n\t<div class=\"title-wrapper\">\r\n\t\t\t\t\r\n\r\n<div class=\"sub-title-outer\">\r\n\t\t<div class=\"subtitle \">\r\n\r\n\t\t\r\n\t\tSERENITY\t<\/div>\r\n\t<\/div>\t\t\t<h2 class=\"title tm-split-text split-in-rotate\">\r\n\r\n\t\t\r\n\t\t\t\t<span class=\"title-part1 \">Customized Packages<\/span>\r\n\t\t\t\t\r\n\t\t\r\n\t<\/h2>\r\n\t<div class=\"title-seperator-line\"><\/div>\t\t\t\t\t\t<\/div>\r\n<\/div>\t\t\t\t<\/div>\n\t\t\t\t<\/div>\n\t\t\t\t<div class=\"elementor-element elementor-element-9aef89b elementor-widget-divider--view-line elementor-widget elementor-widget-divider\" data-id=\"9aef89b\" data-element_type=\"widget\" data-widget_type=\"divider.default\">\n\t\t\t\t\t\t\t<div class=\"elementor-divider\">\n\t\t\t<span class=\"elementor-divider-separator\">\n\t\t\t\t\t\t<\/span>\n\t\t<\/div>\n\t\t\t\t\t\t<\/div>\n\t\t\t\t<div class=\"elementor-element elementor-element-795df7f elementor-widget__width-initial elementor-widget elementor-widget-tm-ele-text-editor\" data-id=\"795df7f\" data-element_type=\"widget\" data-widget_type=\"tm-ele-text-editor.default\">\n\t\t\t\t<div class=\"elementor-widget-container\">\n\t\t\t\t\t\t\t<div class=\"tm-text-editor\">\r\n\t\t<p class=\"p1\">Every body has unique needs; that\u2019s why at <span class=\"s1\"><b>SIA Hotel Serenity Thermal &amp; SPA<\/b><\/span>, we offer personalized wellness experiences. Our customized packages, designed in collaboration with expert doctors, dietitians, and therapists, are tailored to meet our guests\u2019 individual health goals. With thermal area access, advanced health technologies, and holistic care practices, we provide a rejuvenating journey that relaxes your body while enhancing your quality of life. In this exclusive experience, healing and comfort accompany you in every detail.<\/p>\t\t<\/div>\r\n\t\t\t\t\t<\/div>\n\t\t\t\t<\/div>\n\t\t\t\t<\/div>\n\t\t\t\t<\/div>\n\t\t\t\t<\/div>\n\t\t\t\t<\/div>\n\t\t\t\t\t<\/div>\n\t\t\t\t<\/div>\n\t\t<div class=\"elementor-element elementor-element-8be95ad e-flex e-con-boxed tm-col-stretched-none tm-bg-color-over-image e-con e-parent\" data-id=\"8be95ad\" data-element_type=\"container\">\n\t\t\t\t\t<div class=\"e-con-inner\">\n\t\t<div class=\"elementor-element elementor-element-9bb9c12 e-con-full e-flex tm-col-stretched-none tm-bg-color-over-image e-con e-child\" data-id=\"9bb9c12\" data-element_type=\"container\">\n\t\t<div class=\"elementor-element elementor-element-aeeaec7 e-con-full e-flex tm-col-stretched-none tm-bg-color-over-image e-con e-child\" data-id=\"aeeaec7\" data-element_type=\"container\">\n\t\t\t\t<div class=\"elementor-element elementor-element-23a098d elementor-widget elementor-widget-image\" data-id=\"23a098d\" data-element_type=\"widget\" data-widget_type=\"image.default\">\n\t\t\t\t\t\t\t\t\t\t\t\t\t\t\t<img decoding=\"async\" width=\"1017\" height=\"1024\" src=\"https:\/\/www.siahotel.com.tr\/en\/wp-content\/uploads\/2025\/07\/WhatsApp-Image-2025-07-31-at-18.08.53-1017x1024.jpeg\" class=\"attachment-large size-large wp-image-14986\" alt=\"Sia Hotel Sa\u011fl\u0131k Hidroterapi\" srcset=\"https:\/\/www.siahotel.com.tr\/en\/wp-content\/uploads\/2025\/07\/WhatsApp-Image-2025-07-31-at-18.08.53-1017x1024.jpeg 1017w, https:\/\/www.siahotel.com.tr\/en\/wp-content\/uploads\/2025\/07\/WhatsApp-Image-2025-07-31-at-18.08.53-298x300.jpeg 298w, https:\/\/www.siahotel.com.tr\/en\/wp-content\/uploads\/2025\/07\/WhatsApp-Image-2025-07-31-at-18.08.53-150x150.jpeg 150w, https:\/\/www.siahotel.com.tr\/en\/wp-content\/uploads\/2025\/07\/WhatsApp-Image-2025-07-31-at-18.08.53-768x774.jpeg 768w, https:\/\/www.siahotel.com.tr\/en\/wp-content\/uploads\/2025\/07\/WhatsApp-Image-2025-07-31-at-18.08.53-1525x1536.jpeg 1525w, https:\/\/www.siahotel.com.tr\/en\/wp-content\/uploads\/2025\/07\/WhatsApp-Image-2025-07-31-at-18.08.53-2033x2048.jpeg 2033w\" sizes=\"255px\" data-kodelisting-lazy-load-sizes=\"(max-width: 1017px) 100vw, 1017px\" data-kodelisting-loading-image=\"on\" \/>\t\t\t\t\t\t\t\t\t\t\t\t\t\t\t<\/div>\n\t\t<div class=\"elementor-element elementor-element-a14b005 e-con-full e-flex tm-col-stretched-none tm-bg-color-over-image e-con e-child\" data-id=\"a14b005\" data-element_type=\"container\">\n\t\t\t\t<div class=\"elementor-element elementor-element-8e68a61 elementor-widget elementor-widget-text-editor\" data-id=\"8e68a61\" data-element_type=\"widget\" data-widget_type=\"text-editor.default\">\n\t\t\t\t\t\t\t\t\t<h4 style=\"text-align: center;\">Health Packages<\/h4>\t\t\t\t\t\t\t\t<\/div>\n\t\t\t\t<div class=\"elementor-element elementor-element-11ab947 elementor-align-center elementor-widget elementor-widget-button\" data-id=\"11ab947\" data-element_type=\"widget\" data-widget_type=\"button.default\">\n\t\t\t\t\t\t\t\t\t\t<a class=\"elementor-button elementor-button-link elementor-size-sm elementor-animation-grow\" href=\"https:\/\/www.siahotel.com.tr\/en\/saglik-paketleri\">\n\t\t\t\t\t\t<span class=\"elementor-button-content-wrapper\">\n\t\t\t\t\t\t\t\t\t<span class=\"elementor-button-text\">More Info<\/span>\n\t\t\t\t\t<\/span>\n\t\t\t\t\t<\/a>\n\t\t\t\t\t\t\t\t<\/div>\n\t\t\t\t<\/div>\n\t\t\t\t<\/div>\n\t\t\t\t<\/div>\n\t\t<div class=\"elementor-element elementor-element-d9e80b9 e-con-full e-flex tm-col-stretched-none tm-bg-color-over-image e-con e-child\" data-id=\"d9e80b9\" data-element_type=\"container\">\n\t\t<div class=\"elementor-element elementor-element-91e21d7 e-con-full e-flex tm-col-stretched-none tm-bg-color-over-image e-con e-child\" data-id=\"91e21d7\" data-element_type=\"container\">\n\t\t\t\t<div class=\"elementor-element elementor-element-f3fc88d elementor-widget elementor-widget-image\" data-id=\"f3fc88d\" data-element_type=\"widget\" data-widget_type=\"image.default\">\n\t\t\t\t\t\t\t\t\t\t\t\t\t\t\t<img decoding=\"async\" width=\"1024\" height=\"768\" src=\"https:\/\/www.siahotel.com.tr\/en\/wp-content\/uploads\/2025\/08\/WhatsApp-Image-2025-08-05-at-10.28.57-1024x768.jpeg\" class=\"attachment-large size-large wp-image-15826\" alt=\"Sia Hotel Serenity Beautylight\" srcset=\"https:\/\/www.siahotel.com.tr\/en\/wp-content\/uploads\/2025\/08\/WhatsApp-Image-2025-08-05-at-10.28.57-1024x768.jpeg 1024w, https:\/\/www.siahotel.com.tr\/en\/wp-content\/uploads\/2025\/08\/WhatsApp-Image-2025-08-05-at-10.28.57-300x225.jpeg 300w, https:\/\/www.siahotel.com.tr\/en\/wp-content\/uploads\/2025\/08\/WhatsApp-Image-2025-08-05-at-10.28.57-768x576.jpeg 768w, https:\/\/www.siahotel.com.tr\/en\/wp-content\/uploads\/2025\/08\/WhatsApp-Image-2025-08-05-at-10.28.57-1536x1152.jpeg 1536w, https:\/\/www.siahotel.com.tr\/en\/wp-content\/uploads\/2025\/08\/WhatsApp-Image-2025-08-05-at-10.28.57.jpeg 1600w\" sizes=\"255px\" data-kodelisting-lazy-load-sizes=\"(max-width: 1024px) 100vw, 1024px\" data-kodelisting-loading-image=\"on\" \/>\t\t\t\t\t\t\t\t\t\t\t\t\t\t\t<\/div>\n\t\t<div class=\"elementor-element elementor-element-c804a35 e-con-full e-flex tm-col-stretched-none tm-bg-color-over-image e-con e-child\" data-id=\"c804a35\" data-element_type=\"container\">\n\t\t\t\t<div class=\"elementor-element elementor-element-9cfdad4 elementor-widget elementor-widget-text-editor\" data-id=\"9cfdad4\" data-element_type=\"widget\" data-widget_type=\"text-editor.default\">\n\t\t\t\t\t\t\t\t\t<h4 style=\"text-align: center;\">Functional Medicine Packages<\/h4>\t\t\t\t\t\t\t\t<\/div>\n\t\t\t\t<div class=\"elementor-element elementor-element-f3a25d4 elementor-align-center elementor-widget elementor-widget-button\" data-id=\"f3a25d4\" data-element_type=\"widget\" data-widget_type=\"button.default\">\n\t\t\t\t\t\t\t\t\t\t<a class=\"elementor-button elementor-button-link elementor-size-sm elementor-animation-grow\" href=\"https:\/\/www.siahotel.com.tr\/en\/fonksiyonel-tip-paketleri\/\">\n\t\t\t\t\t\t<span class=\"elementor-button-content-wrapper\">\n\t\t\t\t\t\t\t\t\t<span class=\"elementor-button-text\">More Info<\/span>\n\t\t\t\t\t<\/span>\n\t\t\t\t\t<\/a>\n\t\t\t\t\t\t\t\t<\/div>\n\t\t\t\t<\/div>\n\t\t\t\t<\/div>\n\t\t\t\t<\/div>\n\t\t<div class=\"elementor-element elementor-element-777bf06 e-con-full e-flex tm-col-stretched-none tm-bg-color-over-image e-con e-child\" data-id=\"777bf06\" data-element_type=\"container\">\n\t\t<div class=\"elementor-element elementor-element-016eb53 e-con-full e-flex tm-col-stretched-none tm-bg-color-over-image e-con e-child\" data-id=\"016eb53\" data-element_type=\"container\">\n\t\t\t\t<div class=\"elementor-element elementor-element-1ba99a1 elementor-widget elementor-widget-image\" data-id=\"1ba99a1\" data-element_type=\"widget\" data-widget_type=\"image.default\">\n\t\t\t\t\t\t\t\t\t\t\t\t\t\t\t<img loading=\"lazy\" decoding=\"async\" width=\"702\" height=\"400\" src=\"https:\/\/www.siahotel.com.tr\/en\/wp-content\/uploads\/2025\/08\/Ekran-goruntusu-2025-08-11-134400.png\" class=\"attachment-large size-large wp-image-16984\" alt=\"\" srcset=\"https:\/\/www.siahotel.com.tr\/en\/wp-content\/uploads\/2025\/08\/Ekran-goruntusu-2025-08-11-134400.png 702w, https:\/\/www.siahotel.com.tr\/en\/wp-content\/uploads\/2025\/08\/Ekran-goruntusu-2025-08-11-134400-300x171.png 300w\" sizes=\"255px\" data-kodelisting-lazy-load-sizes=\"(max-width: 702px) 100vw, 702px\" data-kodelisting-loading-image=\"on\" \/>\t\t\t\t\t\t\t\t\t\t\t\t\t\t\t<\/div>\n\t\t<div class=\"elementor-element elementor-element-8782f93 e-con-full e-flex tm-col-stretched-none tm-bg-color-over-image e-con e-child\" data-id=\"8782f93\" data-element_type=\"container\">\n\t\t\t\t<div class=\"elementor-element elementor-element-a71a5c7 elementor-widget elementor-widget-text-editor\" data-id=\"a71a5c7\" data-element_type=\"widget\" data-widget_type=\"text-editor.default\">\n\t\t\t\t\t\t\t\t\t<h4 style=\"text-align: center;\">Healing and Detox Package<\/h4>\t\t\t\t\t\t\t\t<\/div>\n\t\t\t\t<div class=\"elementor-element elementor-element-50f4dee elementor-align-center elementor-widget elementor-widget-button\" data-id=\"50f4dee\" data-element_type=\"widget\" data-widget_type=\"button.default\">\n\t\t\t\t\t\t\t\t\t\t<a class=\"elementor-button elementor-button-link elementor-size-sm elementor-animation-grow\" href=\"https:\/\/www.siahotel.com.tr\/en\/sifa-ve-detox-paketi\">\n\t\t\t\t\t\t<span class=\"elementor-button-content-wrapper\">\n\t\t\t\t\t\t\t\t\t<span class=\"elementor-button-text\">More Info<\/span>\n\t\t\t\t\t<\/span>\n\t\t\t\t\t<\/a>\n\t\t\t\t\t\t\t\t<\/div>\n\t\t\t\t<\/div>\n\t\t\t\t<\/div>\n\t\t\t\t<\/div>\n\t\t<div class=\"elementor-element elementor-element-8cb33a4 e-con-full e-flex tm-col-stretched-none tm-bg-color-over-image e-con e-child\" data-id=\"8cb33a4\" data-element_type=\"container\">\n\t\t\t\t<\/div>\n\t\t<div class=\"elementor-element elementor-element-11a3e7d e-con-full e-flex tm-col-stretched-none tm-bg-color-over-image e-con e-child\" data-id=\"11a3e7d\" data-element_type=\"container\">\n\t\t<div class=\"elementor-element elementor-element-be1a83d e-con-full e-flex tm-col-stretched-none tm-bg-color-over-image e-con e-child\" data-id=\"be1a83d\" data-element_type=\"container\">\n\t\t\t\t<div class=\"elementor-element elementor-element-f5b2224 elementor-widget elementor-widget-image\" data-id=\"f5b2224\" data-element_type=\"widget\" data-widget_type=\"image.default\">\n\t\t\t\t\t\t\t\t\t\t\t\t\t\t\t<img loading=\"lazy\" decoding=\"async\" width=\"1024\" height=\"683\" src=\"https:\/\/www.siahotel.com.tr\/en\/wp-content\/uploads\/2025\/07\/IMG_5126-1-1024x683.jpg\" class=\"attachment-large size-large wp-image-14640\" alt=\"Sia Hotel Serenity Thermal &amp; SPA\" srcset=\"https:\/\/www.siahotel.com.tr\/en\/wp-content\/uploads\/2025\/07\/IMG_5126-1-1024x683.jpg 1024w, https:\/\/www.siahotel.com.tr\/en\/wp-content\/uploads\/2025\/07\/IMG_5126-1-300x200.jpg 300w, https:\/\/www.siahotel.com.tr\/en\/wp-content\/uploads\/2025\/07\/IMG_5126-1-768x512.jpg 768w, https:\/\/www.siahotel.com.tr\/en\/wp-content\/uploads\/2025\/07\/IMG_5126-1-1536x1024.jpg 1536w, https:\/\/www.siahotel.com.tr\/en\/wp-content\/uploads\/2025\/07\/IMG_5126-1-2048x1365.jpg 2048w, https:\/\/www.siahotel.com.tr\/en\/wp-content\/uploads\/2025\/07\/IMG_5126-1-672x448.jpg 672w\" sizes=\"255px\" data-kodelisting-lazy-load-sizes=\"(max-width: 1024px) 100vw, 1024px\" data-kodelisting-loading-image=\"on\" \/>\t\t\t\t\t\t\t\t\t\t\t\t\t\t\t<\/div>\n\t\t<div class=\"elementor-element elementor-element-2f516ec e-con-full e-flex tm-col-stretched-none tm-bg-color-over-image e-con e-child\" data-id=\"2f516ec\" data-element_type=\"container\">\n\t\t\t\t<div class=\"elementor-element elementor-element-efc0346 elementor-widget elementor-widget-text-editor\" data-id=\"efc0346\" data-element_type=\"widget\" data-widget_type=\"text-editor.default\">\n\t\t\t\t\t\t\t\t\t<h4 style=\"text-align: center;\">Bursa Thermal Experience Package<\/h4>\t\t\t\t\t\t\t\t<\/div>\n\t\t\t\t<div class=\"elementor-element elementor-element-6784b74 elementor-align-center elementor-widget elementor-widget-button\" data-id=\"6784b74\" data-element_type=\"widget\" data-widget_type=\"button.default\">\n\t\t\t\t\t\t\t\t\t\t<a class=\"elementor-button elementor-button-link elementor-size-sm elementor-animation-grow\" href=\"https:\/\/www.siahotel.com.tr\/en\/bursa-termal-deneyim-paketi\">\n\t\t\t\t\t\t<span class=\"elementor-button-content-wrapper\">\n\t\t\t\t\t\t\t\t\t<span class=\"elementor-button-text\">More Info<\/span>\n\t\t\t\t\t<\/span>\n\t\t\t\t\t<\/a>\n\t\t\t\t\t\t\t\t<\/div>\n\t\t\t\t<\/div>\n\t\t\t\t<\/div>\n\t\t\t\t<\/div>\n\t\t<div class=\"elementor-element elementor-element-92b5ee1 e-con-full e-flex tm-col-stretched-none tm-bg-color-over-image e-con e-child\" data-id=\"92b5ee1\" data-element_type=\"container\">\n\t\t\t\t<\/div>\n\t\t\t\t\t<\/div>\n\t\t\t\t<\/div>\n\t\t<div class=\"elementor-element elementor-element-1efe00f e-flex e-con-boxed tm-col-stretched-none tm-bg-color-over-image e-con e-parent\" data-id=\"1efe00f\" data-element_type=\"container\">\n\t\t\t\t\t<div class=\"e-con-inner\">\n\t\t<div class=\"elementor-element elementor-element-71cfd45 e-con-full e-flex tm-col-stretched-none tm-bg-color-over-image e-con e-child\" data-id=\"71cfd45\" data-element_type=\"container\">\n\t\t<div class=\"elementor-element elementor-element-e5f389a e-con-full tm-col-stretched-none e-flex tm-bg-color-over-image e-con e-child\" data-id=\"e5f389a\" data-element_type=\"container\">\n\t\t\t\t<\/div>\n\t\t\t\t<\/div>\n\t\t\t\t\t<\/div>\n\t\t\t\t<\/div>\n\t\t\t\t<\/div>\n\t\t","protected":false},"excerpt":{"rendered":"<p>SERENITY Customized Packages Every body has unique needs; that\u2019s why at SIA Hotel Serenity Thermal &amp; SPA, we offer personalized&#8230;<\/p>\n","protected":false},"author":1,"featured_media":0,"parent":0,"menu_order":0,"comment_status":"closed","ping_status":"closed","template":"","meta":{"_monsterinsights_skip_tracking":false,"_monsterinsights_sitenote_active":false,"_monsterinsights_sitenote_note":"","_monsterinsights_sitenote_category":0,"footnotes":""},"class_list":["post-15513","page","type-page","status-publish","hentry"],"aioseo_notices":[],"_links":{"self":[{"href":"https:\/\/www.siahotel.com.tr\/en\/wp-json\/wp\/v2\/pages\/15513","targetHints":{"allow":["GET"]}}],"collection":[{"href":"https:\/\/www.siahotel.com.tr\/en\/wp-json\/wp\/v2\/pages"}],"about":[{"href":"https:\/\/www.siahotel.com.tr\/en\/wp-json\/wp\/v2\/types\/page"}],"author":[{"embeddable":true,"href":"https:\/\/www.siahotel.com.tr\/en\/wp-json\/wp\/v2\/users\/1"}],"replies":[{"embeddable":true,"href":"https:\/\/www.siahotel.com.tr\/en\/wp-json\/wp\/v2\/comments?post=15513"}],"version-history":[{"count":38,"href":"https:\/\/www.siahotel.com.tr\/en\/wp-json\/wp\/v2\/pages\/15513\/revisions"}],"predecessor-version":[{"id":17624,"href":"https:\/\/www.siahotel.com.tr\/en\/wp-json\/wp\/v2\/pages\/15513\/revisions\/17624"}],"wp:attachment":[{"href":"https:\/\/www.siahotel.com.tr\/en\/wp-json\/wp\/v2\/media?parent=15513"}],"curies":[{"name":"wp","href":"https:\/\/api.w.org\/{rel}","templated":true}]}}