{"id":13503,"date":"2025-07-09T07:10:48","date_gmt":"2025-07-09T07:10:48","guid":{"rendered":"https:\/\/www.siahotel.com.tr\/en\/?page_id=13503"},"modified":"2025-08-15T08:12:01","modified_gmt":"2025-08-15T08:12:01","slug":"hakkimizda","status":"publish","type":"page","link":"https:\/\/www.siahotel.com.tr\/en\/hakkimizda\/","title":{"rendered":"Hakk\u0131m\u0131zda"},"content":{"rendered":"\t\t<div data-elementor-type=\"wp-page\" data-elementor-id=\"13503\" class=\"elementor elementor-13503\">\n\t\t\t\t<div class=\"elementor-element elementor-element-ebcb1a8 e-flex e-con-boxed tm-col-stretched-none tm-bg-color-over-image e-con e-parent\" data-id=\"ebcb1a8\" data-element_type=\"container\">\n\t\t\t\t\t<div class=\"e-con-inner\">\n\t\t<div class=\"elementor-element elementor-element-5262f2d e-con-full e-flex tm-col-stretched-none tm-bg-color-over-image elementor-invisible e-con e-child\" data-id=\"5262f2d\" data-element_type=\"container\" data-settings=\"{&quot;animation&quot;:&quot;fadeInUp&quot;}\">\n\t\t\t\t<div class=\"elementor-element elementor-element-67f1afc horizontal-line-align-left vertical-line-align-bottom elementor-widget elementor-widget-tm-ele-section-title\" data-id=\"67f1afc\" data-element_type=\"widget\" data-widget_type=\"tm-ele-section-title.default\">\n\t\t\t\t<div class=\"elementor-widget-container\">\n\t\t\t\t\t<div class=\"tm-sc-section-title section-title line-both-side-current-theme \">\r\n\t<div class=\"title-wrapper\">\r\n\t\t\t\t\r\n\r\n<div class=\"sub-title-outer\">\r\n\t\t<div class=\"subtitle \">\r\n\r\n\t\t\r\n\t\tOur pr\u0131nc\u0131ple, \u0131nsp\u0131rat\u0131on & path\t<\/div>\r\n\t<\/div>\t\t\t<h2 class=\"title wow fadeInUp\">\r\n\r\n\t\t\r\n\t\t\t\t<span class=\"title-part1 \">Vision & Mission<\/span>\r\n\t\t\t\t\r\n\t\t\r\n\t<\/h2>\r\n\t<div class=\"title-seperator-line\"><\/div>\t\t\t\t\t\t<\/div>\r\n<\/div>\t\t\t\t<\/div>\n\t\t\t\t<\/div>\n\t\t\t\t<\/div>\n\t\t\t\t\t<\/div>\n\t\t\t\t<\/div>\n\t\t<div class=\"elementor-element elementor-element-4933ad8 e-flex e-con-boxed tm-col-stretched-none tm-bg-color-over-image e-con e-parent\" data-id=\"4933ad8\" data-element_type=\"container\">\n\t\t\t\t\t<div class=\"e-con-inner\">\n\t\t\t\t<div class=\"elementor-element elementor-element-6b7fb4b elementor-widget elementor-widget-image\" data-id=\"6b7fb4b\" data-element_type=\"widget\" data-widget_type=\"image.default\">\n\t\t\t\t\t\t\t\t\t\t\t\t\t\t\t<img fetchpriority=\"high\" decoding=\"async\" width=\"1100\" height=\"550\" src=\"https:\/\/www.siahotel.com.tr\/en\/wp-content\/uploads\/2025\/07\/SIA-LOBI-4-1100x550.jpeg\" class=\"attachment-hoteler_landscape size-hoteler_landscape wp-image-13601\" alt=\"Sia Hotel Lobi\" \/>\t\t\t\t\t\t\t\t\t\t\t\t\t\t\t<\/div>\n\t\t\t\t\t<\/div>\n\t\t\t\t<\/div>\n\t\t<div class=\"elementor-element elementor-element-af7cc27 e-flex e-con-boxed tm-col-stretched-none tm-bg-color-over-image e-con e-parent\" data-id=\"af7cc27\" data-element_type=\"container\" data-settings=\"{&quot;background_background&quot;:&quot;classic&quot;}\">\n\t\t\t\t\t<div class=\"e-con-inner\">\n\t\t<div class=\"elementor-element elementor-element-d80214d e-con-full e-flex tm-col-stretched-none tm-bg-color-over-image e-con e-child\" data-id=\"d80214d\" data-element_type=\"container\">\n\t\t\t\t<div class=\"elementor-element elementor-element-4595158 elementor-widget elementor-widget-text-editor\" data-id=\"4595158\" data-element_type=\"widget\" data-widget_type=\"text-editor.default\">\n\t\t\t\t\t\t\t\t\t<h2>Our Mission<\/h2><p class=\"p1\">To offer our guests the healing power of Bursa\u2019s thermal waters, accompanied by personalized health and spa programs. This experience is shaped by:<\/p><p class=\"p1\">Our Expert Team: Providing scientifically based services with highly skilled therapists, dietitians, and experience specialists in their fields.<\/p><p class=\"p1\">Luxury and Comfort: Ensuring maximum comfort in a modern and tranquil atmosphere where every detail is thoughtfully designed.<\/p><p class=\"p1\">Holistic Approach: Creating menus, activities, and environments that nourish not only the body but also the mind and soul.<\/p><p class=\"p1\">Technology and Innovation: Integrating the latest wellness technologies and digital conveniences into the guest experience.<\/p><p class=\"p1\">Local Values: Adding authentic touches inspired by Bursa\u2019s cultural and gastronomic richness, turning each stay into an unforgettable and meaningful \u201cstory of renewal.\u201d<\/p>\t\t\t\t\t\t\t\t<\/div>\n\t\t\t\t<\/div>\n\t\t<div class=\"elementor-element elementor-element-5f4db25 e-con-full e-flex tm-col-stretched-none tm-bg-color-over-image e-con e-child\" data-id=\"5f4db25\" data-element_type=\"container\">\n\t\t\t\t<div class=\"elementor-element elementor-element-cba0461 elementor-widget elementor-widget-text-editor\" data-id=\"cba0461\" data-element_type=\"widget\" data-widget_type=\"text-editor.default\">\n\t\t\t\t\t\t\t\t\t<h2>Our Vision<\/h2><p class=\"p1\">To combine Bursa\u2019s millennia-old thermal health heritage with modern luxury and a holistic wellness philosophy, becoming the leading \u201cHealthy Living and Renewal Destination\u201d in Turkey and the surrounding region. Our goal is to make Sia Hotel not just a place where guests stay, but a brand that is internationally recognized as a source of inspiration\u2014where visitors embark on a journey of physical and mental rejuvenation.<\/p>\t\t\t\t\t\t\t\t<\/div>\n\t\t\t\t<\/div>\n\t\t\t\t\t<\/div>\n\t\t\t\t<\/div>\n\t\t<div class=\"elementor-element elementor-element-ed9fadd e-flex e-con-boxed tm-col-stretched-none tm-bg-color-over-image e-con e-parent\" data-id=\"ed9fadd\" data-element_type=\"container\">\n\t\t\t\t\t<div class=\"e-con-inner\">\n\t\t\t\t<div class=\"elementor-element elementor-element-dd9428f elementor-widget elementor-widget-heading\" data-id=\"dd9428f\" data-element_type=\"widget\" data-widget_type=\"heading.default\">\n\t\t\t\t\t<h2 class=\"elementor-heading-title elementor-size-default\">Our Sustainability Policy<\/h2>\t\t\t\t<\/div>\n\t\t\t\t\t<\/div>\n\t\t\t\t<\/div>\n\t\t<div class=\"elementor-element elementor-element-ef8c813 e-grid e-con-boxed tm-col-stretched-none tm-bg-color-over-image e-con e-parent\" data-id=\"ef8c813\" data-element_type=\"container\">\n\t\t\t\t\t<div class=\"e-con-inner\">\n\t\t\t\t<div class=\"elementor-element elementor-element-019c3e5 elementor-widget elementor-widget-text-editor\" data-id=\"019c3e5\" data-element_type=\"widget\" data-widget_type=\"text-editor.default\">\n\t\t\t\t\t\t\t\t\t<ul><li><a href=\"http:\/\/www.siahotel.com.tr\/en\/pol.01.pdf\">Pol.01 Environmental Policy<\/a><\/li><li><a href=\"http:\/\/www.siahotel.com.tr\/en\/pol.02.pdf\">Pol.02 Child Protection Policy<\/a><\/li><li><a href=\"http:\/\/www.siahotel.com.tr\/en\/pol.03.pdf\">Pol.03 Labor and Human Rights Policy<\/a><\/li><li><a href=\"http:\/\/www.siahotel.com.tr\/en\/pol.04.pdf\">Pol.04 Gender Equality Policy<\/a><\/li><li><a href=\"http:\/\/www.siahotel.com.tr\/en\/pol.05.pdf\">Pol.05 Health and Safety Policy<\/a><\/li><\/ul>\t\t\t\t\t\t\t\t<\/div>\n\t\t\t\t<div class=\"elementor-element elementor-element-29718f1 elementor-widget elementor-widget-text-editor\" data-id=\"29718f1\" data-element_type=\"widget\" data-widget_type=\"text-editor.default\">\n\t\t\t\t\t\t\t\t\t<ul><li><a href=\"http:\/\/www.siahotel.com.tr\/en\/pol.06.pdf\">Pol.06 Energy Efficiency Policy<\/a><\/li><li><a href=\"http:\/\/www.siahotel.com.tr\/en\/pol.07.pdf\">Pol.07 Procurement Policy<\/a><\/li><li><a href=\"http:\/\/www.siahotel.com.tr\/en\/pol.08.pdf\">Pol.08 Community Engagement Policy <\/a><\/li><li><a href=\"http:\/\/www.siahotel.com.tr\/en\/en\/en\/en\/en\/en\/en\/en\/en\/en\/pol.09.pdf\">Pol.09 Local Awareness Policy<\/a><\/li><li><a href=\"http:\/\/www.siahotel.com.tr\/en\/pol.10.pdf\">Pol.10 Vulnerable Groups Protection Policy<\/a><\/li><\/ul>\t\t\t\t\t\t\t\t<\/div>\n\t\t\t\t\t<\/div>\n\t\t\t\t<\/div>\n\t\t<div class=\"elementor-element elementor-element-f87c416 e-flex e-con-boxed tm-col-stretched-none tm-bg-color-over-image e-con e-parent\" data-id=\"f87c416\" data-element_type=\"container\" data-settings=\"{&quot;background_background&quot;:&quot;classic&quot;}\">\n\t\t\t\t\t<div class=\"e-con-inner\">\n\t\t\t\t<div class=\"elementor-element elementor-element-3a87971 elementor-widget elementor-widget-text-editor\" data-id=\"3a87971\" data-element_type=\"widget\" data-widget_type=\"text-editor.default\">\n\t\t\t\t\t\t\t\t\t<h2>Our Core Values<\/h2><p>Guest-Centered Excellence: We anticipate our guests\u2019 needs and expectations, offering personalized service and placing their satisfaction above all else.<\/p><p>Holistic Health: At the heart of our services lies the philosophy that the body, mind, and soul are one. Every practice we offer upholds this balance.<\/p><p>Authenticity and Locality: We respect the natural and cultural heritage of Bursa, where we operate, and make this richness an essential and unique part of the guest experience.<\/p><p>Continuous Improvement and Innovation: We closely follow best practices and technological developments in the industry, working continuously to advance ourselves and our services.<\/p><p>Responsibility and Sustainability: We act responsibly toward the environment, society, and our employees, embracing sustainable tourism principles to leave a more livable world for future generations.<\/p><p>Passion and Dedication: We work with passion, striving to ensure that each of our guests leaves our hotel renewed, relaxed, and inspired.<\/p>\t\t\t\t\t\t\t\t<\/div>\n\t\t\t\t\t<\/div>\n\t\t\t\t<\/div>\n\t\t\t\t<\/div>\n\t\t","protected":false},"excerpt":{"rendered":"<p>Our pr\u0131nc\u0131ple, \u0131nsp\u0131rat\u0131on &#038; path Vision &#038; Mission Our Mission To offer our guests the healing power of Bursa\u2019s thermal&#8230;<\/p>\n","protected":false},"author":1,"featured_media":0,"parent":0,"menu_order":0,"comment_status":"closed","ping_status":"closed","template":"","meta":{"_monsterinsights_skip_tracking":false,"_monsterinsights_sitenote_active":false,"_monsterinsights_sitenote_note":"","_monsterinsights_sitenote_category":0,"footnotes":""},"class_list":["post-13503","page","type-page","status-publish","hentry"],"aioseo_notices":[],"_links":{"self":[{"href":"https:\/\/www.siahotel.com.tr\/en\/wp-json\/wp\/v2\/pages\/13503","targetHints":{"allow":["GET"]}}],"collection":[{"href":"https:\/\/www.siahotel.com.tr\/en\/wp-json\/wp\/v2\/pages"}],"about":[{"href":"https:\/\/www.siahotel.com.tr\/en\/wp-json\/wp\/v2\/types\/page"}],"author":[{"embeddable":true,"href":"https:\/\/www.siahotel.com.tr\/en\/wp-json\/wp\/v2\/users\/1"}],"replies":[{"embeddable":true,"href":"https:\/\/www.siahotel.com.tr\/en\/wp-json\/wp\/v2\/comments?post=13503"}],"version-history":[{"count":65,"href":"https:\/\/www.siahotel.com.tr\/en\/wp-json\/wp\/v2\/pages\/13503\/revisions"}],"predecessor-version":[{"id":17501,"href":"https:\/\/www.siahotel.com.tr\/en\/wp-json\/wp\/v2\/pages\/13503\/revisions\/17501"}],"wp:attachment":[{"href":"https:\/\/www.siahotel.com.tr\/en\/wp-json\/wp\/v2\/media?parent=13503"}],"curies":[{"name":"wp","href":"https:\/\/api.w.org\/{rel}","templated":true}]}}