{"id":17094,"date":"2025-08-11T12:25:04","date_gmt":"2025-08-11T12:25:04","guid":{"rendered":"https:\/\/www.siahotel.com.tr\/ar\/?page_id=17094"},"modified":"2025-08-26T15:21:53","modified_gmt":"2025-08-26T15:21:53","slug":"fonksiyonel-tip-paketleri","status":"publish","type":"page","link":"https:\/\/www.siahotel.com.tr\/ar\/fonksiyonel-tip-paketleri\/","title":{"rendered":"Fonksiyonel T\u0131p Paketleri"},"content":{"rendered":"\t\t<div data-elementor-type=\"wp-page\" data-elementor-id=\"17094\" class=\"elementor elementor-17094\">\n\t\t\t\t<div class=\"elementor-element elementor-element-10bcfecc e-flex e-con-boxed tm-col-stretched-none tm-bg-color-over-image e-con e-parent\" data-id=\"10bcfecc\" data-element_type=\"container\" data-settings=\"{&quot;background_background&quot;:&quot;classic&quot;}\">\n\t\t\t\t\t<div class=\"e-con-inner\">\n\t\t<div class=\"elementor-element elementor-element-3b30c6fd tm-col-stretched-none e-con-full e-flex tm-bg-color-over-image e-con e-child\" data-id=\"3b30c6fd\" data-element_type=\"container\">\n\t\t\t\t<div class=\"elementor-element elementor-element-7d400002 horizontal-line-align-left vertical-line-align-bottom elementor-widget elementor-widget-tm-ele-section-title\" data-id=\"7d400002\" data-element_type=\"widget\" data-widget_type=\"tm-ele-section-title.default\">\n\t\t\t\t<div class=\"elementor-widget-container\">\n\t\t\t\t\t<div class=\"tm-sc-section-title section-title line-both-side-current-theme \">\r\n\t<div class=\"title-wrapper\">\r\n\t\t\t\t\r\n\r\n<div class=\"sub-title-outer\">\r\n\t\t<div class=\"subtitle \">\r\n\r\n\t\t\r\n\t\tSERENITY\t<\/div>\r\n\t<\/div>\t\t\t<h2 class=\"title \">\r\n\r\n\t\t\r\n\t\t\t\t<span class=\"title-part1 \">\u0628\u0627\u0642\u0627\u062a \u0627\u0644\u0637\u0628 \u0627\u0644\u0648\u0638\u064a\u0641\u064a<\/span>\r\n\t\t\t\t\r\n\t\t\r\n\t<\/h2>\r\n\t<div class=\"title-seperator-line\"><\/div>\t\t\t\t\t\t<\/div>\r\n<\/div>\t\t\t\t<\/div>\n\t\t\t\t<\/div>\n\t\t\t\t<div class=\"elementor-element elementor-element-5fcff0ac elementor-widget-divider--view-line elementor-widget elementor-widget-divider\" data-id=\"5fcff0ac\" data-element_type=\"widget\" data-widget_type=\"divider.default\">\n\t\t\t\t\t\t\t<div class=\"elementor-divider\">\n\t\t\t<span class=\"elementor-divider-separator\">\n\t\t\t\t\t\t<\/span>\n\t\t<\/div>\n\t\t\t\t\t\t<\/div>\n\t\t\t\t<\/div>\n\t\t\t\t\t<\/div>\n\t\t\t\t<\/div>\n\t\t<div class=\"elementor-element elementor-element-53f15751 e-flex e-con-boxed tm-col-stretched-none tm-bg-color-over-image e-con e-parent\" data-id=\"53f15751\" data-element_type=\"container\">\n\t\t\t\t\t<div class=\"e-con-inner\">\n\t\t\t\t<div class=\"elementor-element elementor-element-7efb02db elementor-widget elementor-widget-text-editor\" data-id=\"7efb02db\" data-element_type=\"widget\" data-widget_type=\"text-editor.default\">\n\t\t\t\t\t\t\t\t\t<p><span><\/span><\/p><p dir=\"rtl\" class=\"p1\">\u0628\u0627\u0642\u0627\u062a \u0627\u0644\u0639\u0627\u0641\u064a\u0629<\/p><p dir=\"rtl\" class=\"p1\">\u0645\u0646\u0627\u0633\u0628\u0629 \u0644\u0628\u0627\u0642\u0629 \u0627\u0644\u0635\u062d\u0629 \u0644\u0645\u062f\u0629 30 \u064a\u0648\u0645\u064b\u0627<\/p><p dir=\"rtl\" class=\"p1\">8 \u062c\u0644\u0633\u0627\u062a \u062c\u0647\u0627\u0632 <span class=\"s1\"><b>Omega<\/b><\/span> (15 \u062f\u0642\u064a\u0642\u0629)<\/p><p dir=\"rtl\" class=\"p1\">8 \u062c\u0644\u0633\u0627\u062a \u062c\u0647\u0627\u0632 <span class=\"s1\"><b>Beauty Light<\/b><\/span> (15 \u062f\u0642\u064a\u0642\u0629)<\/p><p dir=\"rtl\" class=\"p1\">8 \u062c\u0644\u0633\u0627\u062a <span class=\"s1\"><b>Andulasyon<\/b><\/span> (15-30 \u062f\u0642\u064a\u0642\u0629) <i>(\u064a\u062a\u0645 \u0627\u062e\u062a\u064a\u0627\u0631 \u0627\u0644\u0628\u0631\u0646\u0627\u0645\u062c \u0645\u0646 \u0628\u064a\u0646 28 \u0628\u0631\u0646\u0627\u0645\u062c\u064b\u0627 \u062d\u0633\u0628 \u0627\u062d\u062a\u064a\u0627\u062c \u0627\u0644\u0636\u064a\u0641)<\/i><i><\/i><\/p><p dir=\"rtl\" class=\"p1\">4 \u0642\u064a\u0627\u0633\u0627\u062a <span class=\"s1\"><b>Visbody<\/b><b><\/b><\/span><\/p><p dir=\"rtl\" class=\"p1\">\u0645\u0646\u0627\u0633\u0628\u0629 \u0644\u0628\u0627\u0642\u0629 \u0627\u0644\u0634\u0641\u0627\u0621 \u0648\u0625\u0632\u0627\u0644\u0629 \u0627\u0644\u0633\u0645\u0648\u0645 \u0644\u0645\u062f\u0629 6 \u0644\u064a\u0627\u0644\u064d<\/p><p dir=\"rtl\" class=\"p1\">3 \u062c\u0644\u0633\u0627\u062a \u062c\u0647\u0627\u0632 <span class=\"s1\"><b>Omega<\/b><\/span> (15 \u062f\u0642\u064a\u0642\u0629)<\/p><p dir=\"rtl\" class=\"p1\">3 \u062c\u0644\u0633\u0627\u062a \u062c\u0647\u0627\u0632 <span class=\"s1\"><b>Beauty Light<\/b><\/span> (15 \u062f\u0642\u064a\u0642\u0629)<\/p><p dir=\"rtl\" class=\"p1\">3 \u062c\u0644\u0633\u0627\u062a <span class=\"s1\"><b>Andulasyon<\/b><\/span> (15-30 \u062f\u0642\u064a\u0642\u0629) <i>(\u064a\u062a\u0645 \u0627\u062e\u062a\u064a\u0627\u0631 \u0627\u0644\u0628\u0631\u0646\u0627\u0645\u062c \u0645\u0646 \u0628\u064a\u0646 28 \u0628\u0631\u0646\u0627\u0645\u062c\u064b\u0627 \u062d\u0633\u0628 \u0627\u062d\u062a\u064a\u0627\u062c \u0627\u0644\u0636\u064a\u0641)<\/i><i><\/i><\/p><p dir=\"rtl\" class=\"p1\">2 \u0642\u064a\u0627\u0633\u0627\u062a <span class=\"s1\"><b>Visbody<\/b><\/span><\/p>\t\t\t\t\t\t\t\t<\/div>\n\t\t\t\t\t<\/div>\n\t\t\t\t<\/div>\n\t\t<div class=\"elementor-element elementor-element-749f7eaa e-flex e-con-boxed tm-col-stretched-none tm-bg-color-over-image e-con e-parent\" data-id=\"749f7eaa\" data-element_type=\"container\">\n\t\t\t\t\t<div class=\"e-con-inner\">\n\t\t\t\t<div class=\"elementor-element elementor-element-77fcf0ca elementor-widget elementor-widget-spacer\" data-id=\"77fcf0ca\" data-element_type=\"widget\" data-widget_type=\"spacer.default\">\n\t\t\t\t\t\t\t<div class=\"elementor-spacer\">\n\t\t\t<div class=\"elementor-spacer-inner\"><\/div>\n\t\t<\/div>\n\t\t\t\t\t\t<\/div>\n\t\t\t\t\t<\/div>\n\t\t\t\t<\/div>\n\t\t<div class=\"elementor-element elementor-element-2c4ef96b e-flex e-con-boxed tm-col-stretched-none tm-bg-color-over-image e-con e-parent\" data-id=\"2c4ef96b\" data-element_type=\"container\" data-settings=\"{&quot;background_background&quot;:&quot;classic&quot;}\">\n\t\t\t\t\t<div class=\"e-con-inner\">\n\t\t<div class=\"elementor-element elementor-element-4e1a5550 e-con-full e-flex tm-col-stretched-none tm-bg-color-over-image e-con e-child\" data-id=\"4e1a5550\" data-element_type=\"container\">\n\t\t\t\t<div class=\"elementor-element elementor-element-3a85c0d8 elementor-widget elementor-widget-heading\" data-id=\"3a85c0d8\" data-element_type=\"widget\" data-widget_type=\"heading.default\">\n\t\t\t\t\t<h3 class=\"elementor-heading-title elementor-size-default\"><a href=\"tel:+902243240202\"><u>\u0644\u0644\u062d\u0635\u0648\u0644 \u0639\u0644\u0649 \u0645\u0632\u064a\u062f \u0645\u0646 \u0627\u0644\u0645\u0639\u0644\u0648\u0645\u0627\u062a\u060c \u0627\u062a\u0635\u0644 \u0628\u0646\u0627<\/u><\/a><\/h3>\t\t\t\t<\/div>\n\t\t\t\t<div class=\"elementor-element elementor-element-765b09fc elementor-widget elementor-widget-tm-ele-social-links\" data-id=\"765b09fc\" data-element_type=\"widget\" data-widget_type=\"tm-ele-social-links.default\">\n\t\t\t\t<div class=\"elementor-widget-container\">\n\t\t\t\t\t<ul class=\"tm-sc-social-links links-outlined\">\r\n\r\n\t\t\t<li><a class=\"social-link\" aria-label=\"Social Link\" href=\"https:\/\/www.facebook.com\/siahotelthermalspa\" target=\"_self\"><i class=\"fa fa-facebook\"><\/i><\/a><\/li>\r\n\t\t\r\n\t\t<li><a class=\"social-link\" aria-label=\"Social Link\" href=\"https:\/\/www.linkedin.com\/company\/sia-hotel-thermal-spa\/\" target=\"_self\"><i class=\"fa fa-linkedin\"><\/i><\/a><\/li>\r\n\t\t\t<li><a class=\"social-link\" aria-label=\"Social Link\" href=\"https:\/\/www.instagram.com\/siahotelthermalspa\" target=\"_self\"><i class=\"fa fa-instagram\"><\/i><\/a><\/li>\r\n\t\t\r\n\t\t\t<\/ul>\t\t\t\t<\/div>\n\t\t\t\t<\/div>\n\t\t\t\t<\/div>\n\t\t\t\t\t<\/div>\n\t\t\t\t<\/div>\n\t\t<div class=\"elementor-element elementor-element-7336a8ad e-flex e-con-boxed tm-col-stretched-none tm-bg-color-over-image e-con e-parent\" data-id=\"7336a8ad\" data-element_type=\"container\">\n\t\t\t\t\t<div class=\"e-con-inner\">\n\t\t\t\t<div class=\"elementor-element elementor-element-5118d15e elementor-widget elementor-widget-spacer\" data-id=\"5118d15e\" data-element_type=\"widget\" data-widget_type=\"spacer.default\">\n\t\t\t\t\t\t\t<div class=\"elementor-spacer\">\n\t\t\t<div class=\"elementor-spacer-inner\"><\/div>\n\t\t<\/div>\n\t\t\t\t\t\t<\/div>\n\t\t\t\t\t<\/div>\n\t\t\t\t<\/div>\n\t\t<div class=\"elementor-element elementor-element-5977b549 e-flex e-con-boxed tm-col-stretched-none tm-bg-color-over-image e-con e-parent\" data-id=\"5977b549\" data-element_type=\"container\">\n\t\t\t\t\t<div class=\"e-con-inner\">\n\t\t<div class=\"elementor-element elementor-element-3e8509d5 e-con-full e-flex tm-col-stretched-none tm-bg-color-over-image e-con e-child\" data-id=\"3e8509d5\" data-element_type=\"container\">\n\t\t<div class=\"elementor-element elementor-element-3550c6fb e-con-full tm-col-stretched-none e-flex tm-bg-color-over-image e-con e-child\" data-id=\"3550c6fb\" data-element_type=\"container\">\n\t\t\t\t<div class=\"elementor-element elementor-element-2f3dc3bd elementor-widget elementor-widget-shortcode\" data-id=\"2f3dc3bd\" data-element_type=\"widget\" data-widget_type=\"shortcode.default\">\n\t\t\t\t\t\t\t<div class=\"elementor-shortcode\">\t\t<div id=\"sbi_mod_error\" >\n\t\t\t<span>Bu hata mesaj\u0131n\u0131 yaln\u0131zca WordPress y\u00f6neticileri g\u00f6rebilir<\/span><br\/>\n\t\t\t<p><strong>Hata: 1 kimli\u011fine sahip hi\u00e7bir ak\u0131\u015f bulunamad\u0131.<\/strong>\n\t\t\t<p>Bir ak\u0131\u015f olu\u015fturmak i\u00e7in l\u00fctfen Instagram Ak\u0131\u015f\u0131 ayarlar sayfas\u0131na gidin.<\/p>\n\t\t<\/div>\n\t\t<\/div>\n\t\t\t\t\t\t<\/div>\n\t\t\t\t<\/div>\n\t\t\t\t<\/div>\n\t\t\t\t\t<\/div>\n\t\t\t\t<\/div>\n\t\t<div class=\"elementor-element elementor-element-90e0039 e-flex e-con-boxed tm-col-stretched-none tm-bg-color-over-image e-con e-parent\" data-id=\"90e0039\" data-element_type=\"container\">\n\t\t\t\t\t<div class=\"e-con-inner\">\n\t\t\t\t<div class=\"elementor-element elementor-element-8c74616 elementor-widget elementor-widget-video\" data-id=\"8c74616\" data-element_type=\"widget\" data-settings=\"{&quot;youtube_url&quot;:&quot;https:\\\/\\\/www.youtube.com\\\/watch?v=XHOmBV4js_E&quot;,&quot;video_type&quot;:&quot;youtube&quot;,&quot;controls&quot;:&quot;yes&quot;}\" data-widget_type=\"video.default\">\n\t\t\t\t\t\t\t<div class=\"elementor-wrapper elementor-open-inline\">\n\t\t\t<div class=\"elementor-video\"><\/div>\t\t<\/div>\n\t\t\t\t\t\t<\/div>\n\t\t\t\t\t<\/div>\n\t\t\t\t<\/div>\n\t\t\t\t<\/div>\n\t\t","protected":false},"excerpt":{"rendered":"<p>SERENITY \u0628\u0627\u0642\u0627\u062a \u0627\u0644\u0637\u0628 \u0627\u0644\u0648\u0638\u064a\u0641\u064a \u0628\u0627\u0642\u0627\u062a \u0627\u0644\u0639\u0627\u0641\u064a\u0629 \u0645\u0646\u0627\u0633\u0628\u0629 \u0644\u0628\u0627\u0642\u0629 \u0627\u0644\u0635\u062d\u0629 \u0644\u0645\u062f\u0629 30 \u064a\u0648\u0645\u064b\u0627 8 \u062c\u0644\u0633\u0627\u062a \u062c\u0647\u0627\u0632 Omega (15 \u062f\u0642\u064a\u0642\u0629) 8 \u062c\u0644\u0633\u0627\u062a&#8230;<\/p>\n","protected":false},"author":1,"featured_media":0,"parent":0,"menu_order":0,"comment_status":"closed","ping_status":"closed","template":"","meta":{"_monsterinsights_skip_tracking":false,"_monsterinsights_sitenote_active":false,"_monsterinsights_sitenote_note":"","_monsterinsights_sitenote_category":0,"footnotes":""},"class_list":["post-17094","page","type-page","status-publish","hentry"],"aioseo_notices":[],"_links":{"self":[{"href":"https:\/\/www.siahotel.com.tr\/ar\/wp-json\/wp\/v2\/pages\/17094","targetHints":{"allow":["GET"]}}],"collection":[{"href":"https:\/\/www.siahotel.com.tr\/ar\/wp-json\/wp\/v2\/pages"}],"about":[{"href":"https:\/\/www.siahotel.com.tr\/ar\/wp-json\/wp\/v2\/types\/page"}],"author":[{"embeddable":true,"href":"https:\/\/www.siahotel.com.tr\/ar\/wp-json\/wp\/v2\/users\/1"}],"replies":[{"embeddable":true,"href":"https:\/\/www.siahotel.com.tr\/ar\/wp-json\/wp\/v2\/comments?post=17094"}],"version-history":[{"count":17,"href":"https:\/\/www.siahotel.com.tr\/ar\/wp-json\/wp\/v2\/pages\/17094\/revisions"}],"predecessor-version":[{"id":18208,"href":"https:\/\/www.siahotel.com.tr\/ar\/wp-json\/wp\/v2\/pages\/17094\/revisions\/18208"}],"wp:attachment":[{"href":"https:\/\/www.siahotel.com.tr\/ar\/wp-json\/wp\/v2\/media?parent=17094"}],"curies":[{"name":"wp","href":"https:\/\/api.w.org\/{rel}","templated":true}]}}