{"id":16946,"date":"2025-08-11T07:42:28","date_gmt":"2025-08-11T07:42:28","guid":{"rendered":"https:\/\/www.siahotel.com.tr\/ar\/?page_id=16946"},"modified":"2025-08-23T13:01:42","modified_gmt":"2025-08-23T13:01:42","slug":"lokal-masaj","status":"publish","type":"page","link":"https:\/\/www.siahotel.com.tr\/ar\/lokal-masaj\/","title":{"rendered":"Lokal Masaj"},"content":{"rendered":"\t\t<div data-elementor-type=\"wp-page\" data-elementor-id=\"16946\" class=\"elementor elementor-16946\">\n\t\t\t\t<div class=\"elementor-element elementor-element-78cd11e1 e-flex e-con-boxed tm-col-stretched-none tm-bg-color-over-image e-con e-parent\" data-id=\"78cd11e1\" data-element_type=\"container\">\n\t\t\t\t\t<div class=\"e-con-inner\">\n\t\t\t\t<div class=\"elementor-element elementor-element-7709c118 elementor-widget elementor-widget-spacer\" data-id=\"7709c118\" data-element_type=\"widget\" data-widget_type=\"spacer.default\">\n\t\t\t\t\t\t\t<div class=\"elementor-spacer\">\n\t\t\t<div class=\"elementor-spacer-inner\"><\/div>\n\t\t<\/div>\n\t\t\t\t\t\t<\/div>\n\t\t\t\t\t<\/div>\n\t\t\t\t<\/div>\n\t\t<div class=\"elementor-element elementor-element-47cd3d69 e-flex e-con-boxed tm-col-stretched-none tm-bg-color-over-image e-con e-parent\" data-id=\"47cd3d69\" data-element_type=\"container\">\n\t\t\t\t\t<div class=\"e-con-inner\">\n\t\t\t\t<div class=\"elementor-element elementor-element-2e30d6c1 horizontal-line-align-left vertical-line-align-bottom elementor-widget elementor-widget-tm-ele-section-title\" data-id=\"2e30d6c1\" data-element_type=\"widget\" data-widget_type=\"tm-ele-section-title.default\">\n\t\t\t\t<div class=\"elementor-widget-container\">\n\t\t\t\t\t<div class=\"tm-sc-section-title section-title line-left-current-theme \">\r\n\t<div class=\"title-wrapper\">\r\n\t\t\t\t\r\n\r\n<div class=\"sub-title-outer\">\r\n\t\t<div class=\"subtitle \">\r\n\r\n\t\t\r\n\t\tSEREN\u0130TY\t<\/div>\r\n\t<\/div>\t\t\t<h1 class=\"title \">\r\n\r\n\t\t\r\n\t\t\t\t<span class=\"title-part1 \">\u0627\u0644\u062a\u062f\u0644\u064a\u0643 \u0627\u0644\u0645\u0648\u0636\u0639\u064a\n<\/span>\r\n\t\t\t\t\r\n\t\t\r\n\t<\/h1>\r\n\t<div class=\"title-seperator-line\"><\/div>\t\t\t\t\t\t<\/div>\r\n<\/div>\t\t\t\t<\/div>\n\t\t\t\t<\/div>\n\t\t\t\t\t<\/div>\n\t\t\t\t<\/div>\n\t\t<div class=\"elementor-element elementor-element-5e488cd7 e-flex e-con-boxed tm-col-stretched-none tm-bg-color-over-image e-con e-parent\" data-id=\"5e488cd7\" data-element_type=\"container\">\n\t\t\t\t\t<div class=\"e-con-inner\">\n\t\t\t\t<div class=\"elementor-element elementor-element-448b989b elementor-widget elementor-widget-image\" data-id=\"448b989b\" data-element_type=\"widget\" data-widget_type=\"image.default\">\n\t\t\t\t\t\t\t\t\t\t\t\t\t\t\t<img fetchpriority=\"high\" decoding=\"async\" width=\"735\" height=\"488\" src=\"https:\/\/www.siahotel.com.tr\/ar\/wp-content\/uploads\/2025\/08\/Ekran-goruntusu-2025-08-11-140834.png\" class=\"attachment-hoteler_landscape size-hoteler_landscape wp-image-16989\" alt=\"Sia Hotel Serenity Sporcu Masaj\u0131\" srcset=\"https:\/\/www.siahotel.com.tr\/ar\/wp-content\/uploads\/2025\/08\/Ekran-goruntusu-2025-08-11-140834.png 735w, https:\/\/www.siahotel.com.tr\/ar\/wp-content\/uploads\/2025\/08\/Ekran-goruntusu-2025-08-11-140834-300x199.png 300w\" sizes=\"255px\" data-kodelisting-lazy-load-sizes=\"(max-width: 735px) 100vw, 735px\" data-kodelisting-loading-image=\"on\" \/>\t\t\t\t\t\t\t\t\t\t\t\t\t\t\t<\/div>\n\t\t\t\t\t<\/div>\n\t\t\t\t<\/div>\n\t\t<div class=\"elementor-element elementor-element-e33fb64 e-flex e-con-boxed tm-col-stretched-none tm-bg-color-over-image e-con e-parent\" data-id=\"e33fb64\" data-element_type=\"container\">\n\t\t\t\t\t<div class=\"e-con-inner\">\n\t\t\t\t<div class=\"elementor-element elementor-element-f9cc9ff elementor-widget elementor-widget-spacer\" data-id=\"f9cc9ff\" data-element_type=\"widget\" data-widget_type=\"spacer.default\">\n\t\t\t\t\t\t\t<div class=\"elementor-spacer\">\n\t\t\t<div class=\"elementor-spacer-inner\"><\/div>\n\t\t<\/div>\n\t\t\t\t\t\t<\/div>\n\t\t\t\t\t<\/div>\n\t\t\t\t<\/div>\n\t\t<div class=\"elementor-element elementor-element-222f59e6 e-flex e-con-boxed tm-col-stretched-none tm-bg-color-over-image e-con e-parent\" data-id=\"222f59e6\" data-element_type=\"container\">\n\t\t\t\t\t<div class=\"e-con-inner\">\n\t\t\t\t<div class=\"elementor-element elementor-element-30fdc373 elementor-widget elementor-widget-text-editor\" data-id=\"30fdc373\" data-element_type=\"widget\" data-widget_type=\"text-editor.default\">\n\t\t\t\t\t\t\t\t\t<p style=\"text-align: right;\">\u0627\u0644\u062a\u062f\u0644\u064a\u0643 \u0627\u0644\u0645\u0648\u0636\u0639\u064a: \u0627\u0633\u062a\u0631\u062e\u0627\u0621 \u0645\u0631\u0643\u0632 \u0639\u0644\u0649 \u0627\u0644\u0647\u062f\u0641<\/p><p style=\"text-align: right;\">\u00a0Serenity Thermal, SPA &amp; Wellness\u00a0\u00a0\u064a\u064f\u0639\u062f \u0627\u0644\u062a\u062f\u0644\u064a\u0643 \u0627\u0644\u0645\u0648\u0636\u0639\u064a \u0627\u0644\u0645\u0637\u0628\u0642 \u0641\u064a\u00a0<\/p><p style=\"text-align: right;\">.\u062a\u0642\u0646\u064a\u0629 \u062a\u062f\u0644\u064a\u0643 \u062e\u0627\u0635\u0629 \u0635\u064f\u0645\u0645\u062a \u0644\u062a\u062e\u0641\u064a\u0641 \u0627\u0644\u062a\u0648\u062a\u0631 \u0648\u0627\u0644\u0623\u0644\u0645 \u0627\u0644\u0645\u0631\u0643\u0651\u0632 \u0641\u064a \u0645\u0646\u0637\u0642\u0629 \u0645\u0639\u064a\u0646\u0629 \u0641\u0642\u0637. \u064a\u064f\u0633\u062a\u062e\u062f\u0645 \u0647\u0630\u0627 \u0627\u0644\u0623\u0633\u0644\u0648\u0628 \u0627\u0644\u0641\u0639\u0651\u0627\u0644 \u0641\u064a \u0645\u0646\u0627\u0637\u0642 \u0645\u062b\u0644 \u0627\u0644\u0643\u062a\u0641\u064a\u0646\u060c \u0623\u0633\u0641\u0644 \u0627\u0644\u0638\u0647\u0631\u060c \u0627\u0644\u0631\u0642\u0628\u0629 \u0623\u0648 \u0627\u0644\u0633\u0627\u0642\u064a\u0646\u060c \u0648\u064a\u0642\u062f\u0645 \u0634\u0643\u0644\u0627\u064b \u0628\u0633\u064a\u0637\u064b\u0627 \u0648\u0645\u0631\u0643\u0632\u064b\u0627 \u0645\u0646 \u062a\u0642\u0646\u064a\u0627\u062a \u0627\u0644\u062a\u062f\u0644\u064a\u0643 \u0627\u0644\u062d\u062f\u064a\u062b\u0629<\/p><p style=\"text-align: right;\">: \u0627\u0644\u0641\u0648\u0627\u0626\u062f \u0627\u0644\u0635\u062d\u064a\u0629<\/p><p style=\"text-align: right;\">.\u064a\u0639\u0632\u0632 \u0627\u0644\u062f\u0648\u0631\u0629 \u0627\u0644\u062f\u0645\u0648\u064a\u0629 \u0627\u0644\u0645\u0648\u0636\u0639\u064a\u0629 \u0648\u064a\u062f\u0639\u0645 \u0639\u0645\u0644\u064a\u0629 \u0627\u0644\u0634\u0641\u0627\u0621<\/p><p style=\"text-align: right;\">.\u064a\u0642\u0644\u0644 \u0645\u0646 \u062a\u0648\u062a\u0631 \u0627\u0644\u0639\u0636\u0644\u0627\u062a \u0648\u064a\u0632\u064a\u062f \u0645\u0646 \u0627\u0644\u0642\u062f\u0631\u0629 \u0639\u0644\u0649 \u0627\u0644\u062d\u0631\u0643\u0629<\/p><p style=\"text-align: right;\">.\u064a\u0648\u0641\u0651\u0631 \u0631\u0627\u062d\u0629 \u0641\u064a \u062d\u0627\u0644\u0627\u062a \u0627\u0644\u0623\u0644\u0645 \u0627\u0644\u0645\u0632\u0645\u0646 \u0648\u0627\u0644\u062a\u0634\u0646\u062c\u0627\u062a<\/p><p style=\"text-align: right;\">.\u064a\u062e\u0641\u0641 \u0645\u0646 \u062a\u0639\u0628 \u0627\u0644\u0639\u0636\u0644\u0627\u062a \u0627\u0644\u0645\u0648\u0636\u0639\u064a \u0627\u0644\u0646\u0627\u062a\u062c \u0639\u0646 \u0648\u062a\u064a\u0631\u0629 \u0627\u0644\u0639\u0645\u0644 \u0627\u0644\u0645\u0643\u062b\u0641\u0629<\/p><p style=\"text-align: right;\">:\u0627\u0644\u062a\u0642\u0646\u064a\u0627\u062a \u0648\u0627\u0644\u062a\u0637\u0628\u064a\u0642<\/p><p style=\"text-align: right;\">\u064a\u064f\u0633\u062a\u062e\u062f\u0645 \u0641\u064a \u0647\u0630\u0627 \u0627\u0644\u062a\u062f\u0644\u064a\u0643 \u0632\u064a\u0648\u062a \u062f\u0627\u0641\u0626\u0629 \u0623\u0648 \u0643\u0631\u064a\u0645\u0627\u062a \u0639\u0634\u0628\u064a\u0629 \u0637\u0628\u064a\u0639\u064a\u0629 \u0645\u062e\u0635\u0635\u0629 \u0644\u0644\u0645\u0646\u0637\u0642\u0629 \u0627\u0644\u0645\u0633\u062a\u0647\u062f\u0641\u0629. \u0647\u0630\u0627 \u064a\u0633\u0627\u0639\u062f \u0639\u0644\u0649 \u062a\u0644\u064a\u064a\u0646 \u0623\u0646\u0633\u062c\u0629 \u0627\u0644\u0639\u0636\u0644\u0627\u062a \u0648\u062a\u0639\u0645\u064a\u0642 \u062a\u0623\u062b\u064a\u0631 \u0627\u0644\u062a\u062f\u0644\u064a\u0643. \u0623\u062b\u0646\u0627\u0621 \u0627\u0644\u062a\u0637\u0628\u064a\u0642\u060c \u064a\u0633\u062a\u062e\u062f\u0645 \u0627\u0644\u0645\u0639\u0627\u0644\u062c \u062a\u0642\u0646\u064a\u0627\u062a \u0636\u063a\u0637 \u0628\u062f\u0631\u062c\u0627\u062a \u0645\u062e\u062a\u0644\u0641\u0629 \u0644\u062a\u062e\u0641\u064a\u0641 \u062a\u0648\u062a\u0631 \u0623\u0644\u064a\u0627\u0641 \u0627\u0644\u0639\u0636\u0644\u0627\u062a \u0648\u0625\u0632\u0627\u0644\u0629 \u0627\u0644\u062a\u0635\u0644\u0628 \u0641\u064a \u0627\u0644\u0645\u0646\u0637\u0642\u0629 \u0627\u0644\u0645\u0633\u062a\u0647\u062f\u0641\u0629<\/p><p style=\"text-align: right;\">\u0644\u0645\u0646 \u0647\u0648 \u0645\u0646\u0627\u0633\u0628\u061f<\/p><p style=\"text-align: right;\">.\u0645\u062b\u0627\u0644\u064a \u0644\u0645\u0646 \u064a\u0639\u0627\u0646\u064a \u0645\u0646 \u0623\u0644\u0645\u060c \u062a\u0648\u062a\u0631 \u0623\u0648 \u062a\u0639\u0628 \u0639\u0636\u0644\u064a \u0645\u0633\u062a\u0645\u0631 \u0641\u064a \u0645\u0646\u0637\u0642\u0629 \u0645\u0639\u064a\u0646\u0629\u061b \u0645\u062b\u0644 \u0645\u0646 \u064a\u0639\u0645\u0644\u0648\u0646 \u062e\u0644\u0641 \u0627\u0644\u0645\u0643\u0627\u062a\u0628\u060c \u0623\u0648 \u064a\u0634\u0639\u0631\u0648\u0646 \u0628\u062a\u064a\u0628\u0633 \u0641\u064a \u0639\u0636\u0644\u0627\u062a\u0647\u0645 \u0628\u0639\u062f \u0645\u0645\u0627\u0631\u0633\u0629 \u0627\u0644\u0631\u064a\u0627\u0636\u0629\u060c \u0623\u0648 \u064a\u0628\u062d\u062b\u0648\u0646 \u0639\u0646 \u0631\u0627\u062d\u0629 \u0645\u0648\u0636\u0639\u064a\u0629 \u0645\u062d\u062f\u062f\u0629<\/p>\t\t\t\t\t\t\t\t<\/div>\n\t\t\t\t\t<\/div>\n\t\t\t\t<\/div>\n\t\t<div class=\"elementor-element elementor-element-13855e7c e-flex e-con-boxed tm-col-stretched-none tm-bg-color-over-image e-con e-parent\" data-id=\"13855e7c\" data-element_type=\"container\">\n\t\t\t\t\t<div class=\"e-con-inner\">\n\t\t\t\t<div class=\"elementor-element elementor-element-54ea7789 elementor-widget elementor-widget-spacer\" data-id=\"54ea7789\" data-element_type=\"widget\" data-widget_type=\"spacer.default\">\n\t\t\t\t\t\t\t<div class=\"elementor-spacer\">\n\t\t\t<div class=\"elementor-spacer-inner\"><\/div>\n\t\t<\/div>\n\t\t\t\t\t\t<\/div>\n\t\t\t\t\t<\/div>\n\t\t\t\t<\/div>\n\t\t<div class=\"elementor-element elementor-element-42ca03e3 e-flex e-con-boxed tm-col-stretched-none tm-bg-color-over-image e-con e-parent\" data-id=\"42ca03e3\" data-element_type=\"container\" data-settings=\"{&quot;background_background&quot;:&quot;classic&quot;}\">\n\t\t\t\t\t<div class=\"e-con-inner\">\n\t\t<div class=\"elementor-element elementor-element-74807a1f e-con-full e-flex tm-col-stretched-none tm-bg-color-over-image e-con e-child\" data-id=\"74807a1f\" data-element_type=\"container\" data-settings=\"{&quot;background_background&quot;:&quot;classic&quot;}\">\n\t\t<div class=\"elementor-element elementor-element-7137e1f5 e-con-full e-flex tm-col-stretched-none tm-bg-color-over-image e-con e-child\" data-id=\"7137e1f5\" data-element_type=\"container\">\n\t\t\t\t<div class=\"elementor-element elementor-element-6653b471 elementor-widget elementor-widget-heading\" data-id=\"6653b471\" data-element_type=\"widget\" data-widget_type=\"heading.default\">\n\t\t\t\t\t<h3 class=\"elementor-heading-title elementor-size-default\"><a href=\"tel:+902243240202\"><u>\u0644\u0644\u0645\u0632\u064a\u062f \u0645\u0646 \u0627\u0644\u0645\u0639\u0644\u0648\u0645\u0627\u062a\u060c \u0627\u062a\u0635\u0644\u0648\u0627 \u0628\u0646\u0627<\/u>\n<\/a><\/h3>\t\t\t\t<\/div>\n\t\t\t\t<div class=\"elementor-element elementor-element-6d73eca elementor-widget elementor-widget-tm-ele-social-links\" data-id=\"6d73eca\" data-element_type=\"widget\" data-widget_type=\"tm-ele-social-links.default\">\n\t\t\t\t<div class=\"elementor-widget-container\">\n\t\t\t\t\t<ul class=\"tm-sc-social-links links-outlined\">\r\n\r\n\t\t\t<li><a class=\"social-link\" aria-label=\"Social Link\" href=\"https:\/\/www.facebook.com\/siahotelthermalspa\" target=\"_self\"><i class=\"fa fa-facebook\"><\/i><\/a><\/li>\r\n\t\t\r\n\t\t<li><a class=\"social-link\" aria-label=\"Social Link\" href=\"https:\/\/www.linkedin.com\/company\/sia-hotel-thermal-spa\/\" target=\"_self\"><i class=\"fa fa-linkedin\"><\/i><\/a><\/li>\r\n\t\t\t<li><a class=\"social-link\" aria-label=\"Social Link\" href=\"https:\/\/www.instagram.com\/siahotelthermalspa\" target=\"_self\"><i class=\"fa fa-instagram\"><\/i><\/a><\/li>\r\n\t\t\r\n\t\t\t<\/ul>\t\t\t\t<\/div>\n\t\t\t\t<\/div>\n\t\t\t\t<\/div>\n\t\t\t\t<\/div>\n\t\t\t\t\t<\/div>\n\t\t\t\t<\/div>\n\t\t<div class=\"elementor-element elementor-element-34a6bbb5 e-flex e-con-boxed tm-col-stretched-none tm-bg-color-over-image e-con e-parent\" data-id=\"34a6bbb5\" data-element_type=\"container\">\n\t\t\t\t\t<div class=\"e-con-inner\">\n\t\t<div class=\"elementor-element elementor-element-24eed7dc e-con-full tm-col-stretched-none e-flex tm-bg-color-over-image e-con e-child\" data-id=\"24eed7dc\" data-element_type=\"container\">\n\t\t\t\t<div class=\"elementor-element elementor-element-7a5ad307 elementor-widget elementor-widget-shortcode\" data-id=\"7a5ad307\" data-element_type=\"widget\" data-widget_type=\"shortcode.default\">\n\t\t\t\t\t\t\t<div class=\"elementor-shortcode\">\t\t<div id=\"sbi_mod_error\" >\n\t\t\t<span>Bu hata mesaj\u0131n\u0131 yaln\u0131zca WordPress y\u00f6neticileri g\u00f6rebilir<\/span><br\/>\n\t\t\t<p><strong>Hata: 1 kimli\u011fine sahip hi\u00e7bir ak\u0131\u015f bulunamad\u0131.<\/strong>\n\t\t\t<p>Bir ak\u0131\u015f olu\u015fturmak i\u00e7in l\u00fctfen Instagram Ak\u0131\u015f\u0131 ayarlar sayfas\u0131na gidin.<\/p>\n\t\t<\/div>\n\t\t<\/div>\n\t\t\t\t\t\t<\/div>\n\t\t\t\t<\/div>\n\t\t\t\t\t<\/div>\n\t\t\t\t<\/div>\n\t\t\t\t<\/div>\n\t\t","protected":false},"excerpt":{"rendered":"<p>SEREN\u0130TY \u0627\u0644\u062a\u062f\u0644\u064a\u0643 \u0627\u0644\u0645\u0648\u0636\u0639\u064a \u0627\u0644\u062a\u062f\u0644\u064a\u0643 \u0627\u0644\u0645\u0648\u0636\u0639\u064a: \u0627\u0633\u062a\u0631\u062e\u0627\u0621 \u0645\u0631\u0643\u0632 \u0639\u0644\u0649 \u0627\u0644\u0647\u062f\u0641 \u00a0Serenity Thermal, SPA &amp; Wellness\u00a0\u00a0\u064a\u064f\u0639\u062f \u0627\u0644\u062a\u062f\u0644\u064a\u0643 \u0627\u0644\u0645\u0648\u0636\u0639\u064a \u0627\u0644\u0645\u0637\u0628\u0642 \u0641\u064a\u00a0 .\u062a\u0642\u0646\u064a\u0629 \u062a\u062f\u0644\u064a\u0643&#8230;<\/p>\n","protected":false},"author":1,"featured_media":0,"parent":0,"menu_order":0,"comment_status":"closed","ping_status":"closed","template":"","meta":{"_monsterinsights_skip_tracking":false,"_monsterinsights_sitenote_active":false,"_monsterinsights_sitenote_note":"","_monsterinsights_sitenote_category":0,"footnotes":""},"class_list":["post-16946","page","type-page","status-publish","hentry"],"aioseo_notices":[],"_links":{"self":[{"href":"https:\/\/www.siahotel.com.tr\/ar\/wp-json\/wp\/v2\/pages\/16946","targetHints":{"allow":["GET"]}}],"collection":[{"href":"https:\/\/www.siahotel.com.tr\/ar\/wp-json\/wp\/v2\/pages"}],"about":[{"href":"https:\/\/www.siahotel.com.tr\/ar\/wp-json\/wp\/v2\/types\/page"}],"author":[{"embeddable":true,"href":"https:\/\/www.siahotel.com.tr\/ar\/wp-json\/wp\/v2\/users\/1"}],"replies":[{"embeddable":true,"href":"https:\/\/www.siahotel.com.tr\/ar\/wp-json\/wp\/v2\/comments?post=16946"}],"version-history":[{"count":22,"href":"https:\/\/www.siahotel.com.tr\/ar\/wp-json\/wp\/v2\/pages\/16946\/revisions"}],"predecessor-version":[{"id":18044,"href":"https:\/\/www.siahotel.com.tr\/ar\/wp-json\/wp\/v2\/pages\/16946\/revisions\/18044"}],"wp:attachment":[{"href":"https:\/\/www.siahotel.com.tr\/ar\/wp-json\/wp\/v2\/media?parent=16946"}],"curies":[{"name":"wp","href":"https:\/\/api.w.org\/{rel}","templated":true}]}}