{"id":16945,"date":"2025-08-11T07:42:16","date_gmt":"2025-08-11T07:42:16","guid":{"rendered":"https:\/\/www.siahotel.com.tr\/ar\/?page_id=16945"},"modified":"2025-08-23T13:01:35","modified_gmt":"2025-08-23T13:01:35","slug":"hint-bas-masaji","status":"publish","type":"page","link":"https:\/\/www.siahotel.com.tr\/ar\/hint-bas-masaji\/","title":{"rendered":"Hint Ba\u015f Masaj\u0131"},"content":{"rendered":"\t\t<div data-elementor-type=\"wp-page\" data-elementor-id=\"16945\" class=\"elementor elementor-16945\">\n\t\t\t\t<div class=\"elementor-element elementor-element-62eb911e e-flex e-con-boxed tm-col-stretched-none tm-bg-color-over-image e-con e-parent\" data-id=\"62eb911e\" data-element_type=\"container\">\n\t\t\t\t\t<div class=\"e-con-inner\">\n\t\t\t\t<div class=\"elementor-element elementor-element-3dc7ea22 elementor-widget elementor-widget-spacer\" data-id=\"3dc7ea22\" data-element_type=\"widget\" data-widget_type=\"spacer.default\">\n\t\t\t\t\t\t\t<div class=\"elementor-spacer\">\n\t\t\t<div class=\"elementor-spacer-inner\"><\/div>\n\t\t<\/div>\n\t\t\t\t\t\t<\/div>\n\t\t\t\t\t<\/div>\n\t\t\t\t<\/div>\n\t\t<div class=\"elementor-element elementor-element-79d4d098 e-flex e-con-boxed tm-col-stretched-none tm-bg-color-over-image e-con e-parent\" data-id=\"79d4d098\" data-element_type=\"container\">\n\t\t\t\t\t<div class=\"e-con-inner\">\n\t\t\t\t<div class=\"elementor-element elementor-element-39e82eb6 horizontal-line-align-left vertical-line-align-bottom elementor-widget elementor-widget-tm-ele-section-title\" data-id=\"39e82eb6\" data-element_type=\"widget\" data-widget_type=\"tm-ele-section-title.default\">\n\t\t\t\t<div class=\"elementor-widget-container\">\n\t\t\t\t\t<div class=\"tm-sc-section-title section-title line-left-current-theme \">\r\n\t<div class=\"title-wrapper\">\r\n\t\t\t\t\r\n\r\n<div class=\"sub-title-outer\">\r\n\t\t<div class=\"subtitle \">\r\n\r\n\t\t\r\n\t\tSEREN\u0130TY\t<\/div>\r\n\t<\/div>\t\t\t<h1 class=\"title \">\r\n\r\n\t\t\r\n\t\t\t\t<span class=\"title-part1 \">\u062a\u062f\u0644\u064a\u0643 \u0627\u0644\u0631\u0623\u0633 \u0627\u0644\u0647\u0646\u062f\u064a<\/span>\r\n\t\t\t\t\r\n\t\t\r\n\t<\/h1>\r\n\t<div class=\"title-seperator-line\"><\/div>\t\t\t\t\t\t<\/div>\r\n<\/div>\t\t\t\t<\/div>\n\t\t\t\t<\/div>\n\t\t\t\t\t<\/div>\n\t\t\t\t<\/div>\n\t\t<div class=\"elementor-element elementor-element-5a4b3554 e-flex e-con-boxed tm-col-stretched-none tm-bg-color-over-image e-con e-parent\" data-id=\"5a4b3554\" data-element_type=\"container\">\n\t\t\t\t\t<div class=\"e-con-inner\">\n\t\t\t\t<div class=\"elementor-element elementor-element-1d8efa32 elementor-widget elementor-widget-image\" data-id=\"1d8efa32\" data-element_type=\"widget\" data-widget_type=\"image.default\">\n\t\t\t\t\t\t\t\t\t\t\t\t\t\t\t<img fetchpriority=\"high\" decoding=\"async\" width=\"744\" height=\"494\" src=\"https:\/\/www.siahotel.com.tr\/ar\/wp-content\/uploads\/2025\/08\/Ekran-goruntusu-2025-08-11-134205.png\" class=\"attachment-hoteler_landscape size-hoteler_landscape wp-image-16982\" alt=\"Sia Hotel Serenity Hint Ba\u015f Masaj\u0131\" srcset=\"https:\/\/www.siahotel.com.tr\/ar\/wp-content\/uploads\/2025\/08\/Ekran-goruntusu-2025-08-11-134205.png 744w, https:\/\/www.siahotel.com.tr\/ar\/wp-content\/uploads\/2025\/08\/Ekran-goruntusu-2025-08-11-134205-300x199.png 300w\" sizes=\"255px\" data-kodelisting-lazy-load-sizes=\"(max-width: 744px) 100vw, 744px\" data-kodelisting-loading-image=\"on\" \/>\t\t\t\t\t\t\t\t\t\t\t\t\t\t\t<\/div>\n\t\t\t\t\t<\/div>\n\t\t\t\t<\/div>\n\t\t<div class=\"elementor-element elementor-element-79ed00ef e-flex e-con-boxed tm-col-stretched-none tm-bg-color-over-image e-con e-parent\" data-id=\"79ed00ef\" data-element_type=\"container\">\n\t\t\t\t\t<div class=\"e-con-inner\">\n\t\t\t\t<div class=\"elementor-element elementor-element-19f0b66b elementor-widget elementor-widget-spacer\" data-id=\"19f0b66b\" data-element_type=\"widget\" data-widget_type=\"spacer.default\">\n\t\t\t\t\t\t\t<div class=\"elementor-spacer\">\n\t\t\t<div class=\"elementor-spacer-inner\"><\/div>\n\t\t<\/div>\n\t\t\t\t\t\t<\/div>\n\t\t\t\t\t<\/div>\n\t\t\t\t<\/div>\n\t\t<div class=\"elementor-element elementor-element-2e848793 e-flex e-con-boxed tm-col-stretched-none tm-bg-color-over-image e-con e-parent\" data-id=\"2e848793\" data-element_type=\"container\">\n\t\t\t\t\t<div class=\"e-con-inner\">\n\t\t\t\t<div class=\"elementor-element elementor-element-6e79382 elementor-widget elementor-widget-text-editor\" data-id=\"6e79382\" data-element_type=\"widget\" data-widget_type=\"text-editor.default\">\n\t\t\t\t\t\t\t\t\t<p style=\"text-align: right;\">\u062a\u062f\u0644\u064a\u0643 \u0627\u0644\u0631\u0623\u0633 \u0627\u0644\u0647\u0646\u062f\u064a: \u0644\u0645\u0633\u0627\u062a \u062a\u064f\u0631\u064a\u062d \u0627\u0644\u0639\u0642\u0644 \u0648\u0627\u0644\u062c\u0633\u062f \u0628\u0639\u0645\u0642<\/p>\n<p style=\"text-align: right;\">\u064a\u064f\u0639\u062f \u062a\u062f\u0644\u064a\u0643 \u0627\u0644\u0631\u0623\u0633 \u0627\u0644\u0647\u0646\u062f\u064a\u060c \u0623\u062d\u062f \u0623\u062e\u0635\u0651 \u062a\u062c\u0627\u0631\u0628 \u060c \u0645\u0633\u062a\u0648\u062d\u064b\u0649 \u0645\u0646 \u062a\u0642\u0627\u0644\u064a\u062f \u0627\u0644\u0639\u0644\u0627\u062c \u0627\u0644\u0623\u064a\u0648\u0631\u0641\u064a\u062f\u064a \u0627\u0644\u062a\u064a \u062a\u0639\u0648\u062f \u0644\u0642\u0631\u0648\u0646 \u0641\u064a \u0627\u0644\u0647\u0646\u062f. \u064a\u0631\u0643\u0651\u0632 \u0647\u0630\u0627 \u0627\u0644\u062a\u062f\u0644\u064a\u0643 \u0639\u0644\u0649 \u0627\u0644\u0631\u0623\u0633\u060c \u0627\u0644\u0631\u0642\u0628\u0629\u060c \u0627\u0644\u0623\u0643\u062a\u0627\u0641\u060c \u0648\u0627\u0644\u062c\u0632\u0621 \u0627\u0644\u0639\u0644\u0648\u064a \u0645\u0646 \u0627\u0644\u0638\u0647\u0631\u060c \u0641\u064a\u0647\u062f\u0651\u0626 \u0627\u0644\u0639\u0642\u0644 \u0648\u064a\u064f\u062f\u062e\u0644 \u0627\u0644\u062c\u0633\u062f \u0641\u064a \u062d\u0627\u0644\u0629 \u0645\u0646 \u0627\u0644\u0627\u0633\u062a\u0631\u062e\u0627\u0621 \u0627\u0644\u0639\u0645\u064a\u0642. \u064a\u064f\u0637\u0628\u0651\u064e\u0642 \u0639\u0644\u0649 \u0633\u0631\u064a\u0631 \u062a\u062f\u0644\u064a\u0643 \u0645\u0635\u0645\u0651\u064e\u0645 \u062e\u0635\u064a\u0635\u064b\u0627 \u0628\u0637\u0631\u064a\u0642\u0629 \u0645\u0631\u064a\u062d\u0629\u060c \u0648\u064a\u064f\u062e\u062a\u064e\u062a\u0645 \u0628\u062c\u0644\u0633\u0629 \u063a\u0633\u0644 \u0634\u0639\u0631 \u0628\u0627\u0633\u062a\u062e\u062f\u0627\u0645 \u0634\u0627\u0645\u0628\u0648 \u0639\u0634\u0628\u064a<\/p>\n<p style=\"text-align: right;\">&nbsp;:\u0627\u0644\u0641\u0648\u0627\u0626\u062f \u0627\u0644\u0635\u062d\u064a\u0629<\/p>\n<p style=\"text-align: right;\">\u064a\u0642\u0644\u0644 \u0627\u0644\u062a\u0648\u062a\u0631 \u0641\u064a \u0639\u0636\u0644\u0627\u062a \u0627\u0644\u0631\u0623\u0633\u060c \u0627\u0644\u0631\u0642\u0628\u0629 \u0648\u0627\u0644\u0643\u062a\u0641\u064a\u0646<\/p>\n<p style=\"text-align: right;\">\u064a\u0639\u0632\u0632 \u0627\u0644\u062f\u0648\u0631\u0629 \u0627\u0644\u062f\u0645\u0648\u064a\u0629\u060c \u0645\u0627 \u064a\u0642\u0648\u064a \u062c\u0630\u0648\u0631 \u0627\u0644\u0634\u0639\u0631 \u0648\u064a\u062f\u0639\u0645 \u0635\u062d\u062a\u0647<\/p>\n<p style=\"text-align: right;\">\u064a\u062e\u0641\u0641 \u0627\u0644\u062a\u0648\u062a\u0631\u060c \u0627\u0644\u0635\u062f\u0627\u0639 \u0627\u0644\u0646\u0635\u0641\u064a\u060c \u0648\u0627\u0644\u0635\u062f\u0627\u0639 \u0627\u0644\u0646\u0627\u062a\u062c \u0639\u0646 \u0627\u0644\u0625\u062c\u0647\u0627\u062f<\/p>\n<p style=\"text-align: right;\">\u064a\u0632\u064a\u062f \u0645\u0646 \u0635\u0641\u0627\u0621 \u0627\u0644\u0630\u0647\u0646 \u0648\u064a\u0642\u0648\u064a \u0627\u0644\u062a\u0631\u0643\u064a\u0632<\/p>\n<p style=\"text-align: right;\">\u064a\u062d\u0633\u0651\u0646 \u062c\u0648\u062f\u0629 \u0627\u0644\u0646\u0648\u0645 \u0648\u064a\u064f\u0647\u062f\u0651\u0626 \u0627\u0644\u062c\u0647\u0627\u0632 \u0627\u0644\u0639\u0635\u0628\u064a<\/p>\n<p style=\"text-align: right;\">&nbsp;:\u0627\u0644\u062a\u0642\u0646\u064a\u0627\u062a \u0648\u0627\u0644\u062a\u0637\u0628\u064a\u0642<\/p>\n<p style=\"text-align: right;\">\u064a\u064f\u0637\u0628\u0651\u064e\u0642 \u0641\u064a \u062a\u062f\u0644\u064a\u0643 \u0627\u0644\u0631\u0623\u0633 \u0627\u0644\u0647\u0646\u062f\u064a \u062d\u0631\u0643\u0627\u062a \u062f\u0627\u0626\u0631\u064a\u0629 \u0628\u0623\u0637\u0631\u0627\u0641 \u0627\u0644\u0623\u0635\u0627\u0628\u0639\u060c \u0636\u063a\u0637 \u062e\u0641\u064a\u0641 \u0639\u0644\u0649 \u0646\u0642\u0627\u0637 \u0627\u0644\u0623\u0643\u064a\u0648\u0628\u0631\u064a\u0634\u0631\u060c \u0648\u0644\u0645\u0633\u0627\u062a \u062a\u0645\u0634\u064a\u0637 \u0644\u0637\u064a\u0641\u0629. \u062a\u064f\u062f\u0644\u0651\u0643 \u0632\u064a\u0648\u062a \u0646\u0628\u0627\u062a\u064a\u0629 (\u0643\u0632\u064a\u062a \u062c\u0648\u0632 \u0627\u0644\u0647\u0646\u062f\u060c \u0627\u0644\u0644\u0648\u0632 \u0623\u0648 \u0627\u0644\u0633\u0645\u0633\u0645) \u0639\u0644\u0649 \u0641\u0631\u0648\u0629 \u0627\u0644\u0631\u0623\u0633. \u0641\u064a \u0646\u0647\u0627\u064a\u0629 \u0627\u0644\u062c\u0644\u0633\u0629\u060c \u064a\u064f\u063a\u0633\u0644 \u0627\u0644\u0634\u0639\u0631 \u0628\u0644\u0637\u0641 \u0628\u0627\u0633\u062a\u062e\u062f\u0627\u0645 \u0634\u0627\u0645\u0628\u0648 \u0639\u0634\u0628\u064a\u060c \u0645\u0627 \u064a\u0646\u0642\u0651\u064a \u0641\u0631\u0648\u0629 \u0627\u0644\u0631\u0623\u0633 \u0648\u064a\u064f\u0639\u0632\u0651\u0632 \u062a\u0623\u062b\u064a\u0631 \u0627\u0644\u062a\u062f\u0644\u064a\u0643 \u0627\u0644\u0645\u0631\u064a\u062d. \u0645\u062f\u0629 \u0627\u0644\u062c\u0644\u0633\u0629 \u062d\u0648\u0627\u0644\u064a 45 \u062f\u0642\u064a\u0642\u0629<\/p>\n<p style=\"text-align: right;\">\u0644\u0645\u0646 \u0647\u0648 \u0645\u0646\u0627\u0633\u0628\u061f<\/p>\n<p style=\"text-align: right;\">.\u0645\u062b\u0627\u0644\u064a \u0644\u0645\u0646 \u064a\u0639\u0627\u0646\u064a \u0645\u0646 \u0625\u062c\u0647\u0627\u062f \u0630\u0647\u0646\u064a \u0645\u0643\u062b\u0641\u060c \u0623\u0648 \u064a\u0634\u0643\u0648 \u0645\u0646 \u0622\u0644\u0627\u0645 \u0641\u064a \u0627\u0644\u0631\u0623\u0633 \u0648\u0627\u0644\u0631\u0642\u0628\u0629\u060c \u0623\u0648 \u064a\u0631\u063a\u0628 \u0641\u064a \u062f\u0639\u0645 \u0635\u062d\u0629 \u0634\u0639\u0631\u0647 \u0628\u0637\u0631\u0642 \u0637\u0628\u064a\u0639\u064a\u0629<\/p>\n<p style=\"text-align: right;\">. \u064a\u064f\u0648\u0635\u0649 \u0628\u0647 \u062e\u0635\u0648\u0635\u064b\u0627 \u0644\u0644\u0645\u0648\u0638\u0641\u064a\u0646 \u0627\u0644\u0630\u064a\u0646 \u064a\u0639\u0645\u0644\u0648\u0646 \u062e\u0644\u0641 \u0627\u0644\u0645\u0643\u0627\u062a\u0628 \u0648\u064a\u0634\u0639\u0631\u0648\u0646 \u0628\u062a\u0648\u062a\u0631 \u0641\u064a \u0645\u0646\u0637\u0642\u0629 \u0627\u0644\u0631\u0642\u0628\u0629<\/p>\t\t\t\t\t\t\t\t<\/div>\n\t\t\t\t\t<\/div>\n\t\t\t\t<\/div>\n\t\t<div class=\"elementor-element elementor-element-1a22494c e-flex e-con-boxed tm-col-stretched-none tm-bg-color-over-image e-con e-parent\" data-id=\"1a22494c\" data-element_type=\"container\">\n\t\t\t\t\t<div class=\"e-con-inner\">\n\t\t\t\t<div class=\"elementor-element elementor-element-756c912c elementor-widget elementor-widget-spacer\" data-id=\"756c912c\" data-element_type=\"widget\" data-widget_type=\"spacer.default\">\n\t\t\t\t\t\t\t<div class=\"elementor-spacer\">\n\t\t\t<div class=\"elementor-spacer-inner\"><\/div>\n\t\t<\/div>\n\t\t\t\t\t\t<\/div>\n\t\t\t\t\t<\/div>\n\t\t\t\t<\/div>\n\t\t<div class=\"elementor-element elementor-element-69dcec06 e-flex e-con-boxed tm-col-stretched-none tm-bg-color-over-image e-con e-parent\" data-id=\"69dcec06\" data-element_type=\"container\" data-settings=\"{&quot;background_background&quot;:&quot;classic&quot;}\">\n\t\t\t\t\t<div class=\"e-con-inner\">\n\t\t<div class=\"elementor-element elementor-element-335a285 e-con-full e-flex tm-col-stretched-none tm-bg-color-over-image e-con e-child\" data-id=\"335a285\" data-element_type=\"container\" data-settings=\"{&quot;background_background&quot;:&quot;classic&quot;}\">\n\t\t<div class=\"elementor-element elementor-element-3bade5da e-con-full e-flex tm-col-stretched-none tm-bg-color-over-image e-con e-child\" data-id=\"3bade5da\" data-element_type=\"container\">\n\t\t\t\t<div class=\"elementor-element elementor-element-430c53d6 elementor-widget elementor-widget-heading\" data-id=\"430c53d6\" data-element_type=\"widget\" data-widget_type=\"heading.default\">\n\t\t\t\t\t<h3 class=\"elementor-heading-title elementor-size-default\"><a href=\"tel:+902243240202\"><u>\u0644\u0644\u0645\u0632\u064a\u062f \u0645\u0646 \u0627\u0644\u0645\u0639\u0644\u0648\u0645\u0627\u062a\u060c \u0627\u062a\u0635\u0644\u0648\u0627 \u0628\u0646\u0627<\/u>\n<\/a><\/h3>\t\t\t\t<\/div>\n\t\t\t\t<div class=\"elementor-element elementor-element-6a4620b1 elementor-widget elementor-widget-tm-ele-social-links\" data-id=\"6a4620b1\" data-element_type=\"widget\" data-widget_type=\"tm-ele-social-links.default\">\n\t\t\t\t<div class=\"elementor-widget-container\">\n\t\t\t\t\t<ul class=\"tm-sc-social-links links-outlined\">\r\n\r\n\t\t\t<li><a class=\"social-link\" aria-label=\"Social Link\" href=\"https:\/\/www.facebook.com\/siahotelthermalspa\" target=\"_self\"><i class=\"fa fa-facebook\"><\/i><\/a><\/li>\r\n\t\t\r\n\t\t<li><a class=\"social-link\" aria-label=\"Social Link\" href=\"https:\/\/www.linkedin.com\/company\/sia-hotel-thermal-spa\/\" target=\"_self\"><i class=\"fa fa-linkedin\"><\/i><\/a><\/li>\r\n\t\t\t<li><a class=\"social-link\" aria-label=\"Social Link\" href=\"https:\/\/www.instagram.com\/siahotelthermalspa\" target=\"_self\"><i class=\"fa fa-instagram\"><\/i><\/a><\/li>\r\n\t\t\r\n\t\t\t<\/ul>\t\t\t\t<\/div>\n\t\t\t\t<\/div>\n\t\t\t\t<\/div>\n\t\t\t\t<\/div>\n\t\t\t\t\t<\/div>\n\t\t\t\t<\/div>\n\t\t<div class=\"elementor-element elementor-element-4f0ccf75 e-flex e-con-boxed tm-col-stretched-none tm-bg-color-over-image e-con e-parent\" data-id=\"4f0ccf75\" data-element_type=\"container\">\n\t\t\t\t\t<div class=\"e-con-inner\">\n\t\t<div class=\"elementor-element elementor-element-33be193e e-con-full tm-col-stretched-none e-flex tm-bg-color-over-image e-con e-child\" data-id=\"33be193e\" data-element_type=\"container\">\n\t\t\t\t<div class=\"elementor-element elementor-element-18a21393 elementor-widget elementor-widget-shortcode\" data-id=\"18a21393\" data-element_type=\"widget\" data-widget_type=\"shortcode.default\">\n\t\t\t\t\t\t\t<div class=\"elementor-shortcode\">\t\t<div id=\"sbi_mod_error\" >\n\t\t\t<span>Bu hata mesaj\u0131n\u0131 yaln\u0131zca WordPress y\u00f6neticileri g\u00f6rebilir<\/span><br\/>\n\t\t\t<p><strong>Hata: 1 kimli\u011fine sahip hi\u00e7bir ak\u0131\u015f bulunamad\u0131.<\/strong>\n\t\t\t<p>Bir ak\u0131\u015f olu\u015fturmak i\u00e7in l\u00fctfen Instagram Ak\u0131\u015f\u0131 ayarlar sayfas\u0131na gidin.<\/p>\n\t\t<\/div>\n\t\t<\/div>\n\t\t\t\t\t\t<\/div>\n\t\t\t\t<\/div>\n\t\t\t\t\t<\/div>\n\t\t\t\t<\/div>\n\t\t\t\t<\/div>\n\t\t","protected":false},"excerpt":{"rendered":"<p>SEREN\u0130TY \u062a\u062f\u0644\u064a\u0643 \u0627\u0644\u0631\u0623\u0633 \u0627\u0644\u0647\u0646\u062f\u064a \u062a\u062f\u0644\u064a\u0643 \u0627\u0644\u0631\u0623\u0633 \u0627\u0644\u0647\u0646\u062f\u064a: \u0644\u0645\u0633\u0627\u062a \u062a\u064f\u0631\u064a\u062d \u0627\u0644\u0639\u0642\u0644 \u0648\u0627\u0644\u062c\u0633\u062f \u0628\u0639\u0645\u0642 \u064a\u064f\u0639\u062f \u062a\u062f\u0644\u064a\u0643 \u0627\u0644\u0631\u0623\u0633 \u0627\u0644\u0647\u0646\u062f\u064a\u060c \u0623\u062d\u062f \u0623\u062e\u0635\u0651 \u062a\u062c\u0627\u0631\u0628 \u060c&#8230;<\/p>\n","protected":false},"author":1,"featured_media":0,"parent":0,"menu_order":0,"comment_status":"closed","ping_status":"closed","template":"","meta":{"_monsterinsights_skip_tracking":false,"_monsterinsights_sitenote_active":false,"_monsterinsights_sitenote_note":"","_monsterinsights_sitenote_category":0,"footnotes":""},"class_list":["post-16945","page","type-page","status-publish","hentry"],"aioseo_notices":[],"_links":{"self":[{"href":"https:\/\/www.siahotel.com.tr\/ar\/wp-json\/wp\/v2\/pages\/16945","targetHints":{"allow":["GET"]}}],"collection":[{"href":"https:\/\/www.siahotel.com.tr\/ar\/wp-json\/wp\/v2\/pages"}],"about":[{"href":"https:\/\/www.siahotel.com.tr\/ar\/wp-json\/wp\/v2\/types\/page"}],"author":[{"embeddable":true,"href":"https:\/\/www.siahotel.com.tr\/ar\/wp-json\/wp\/v2\/users\/1"}],"replies":[{"embeddable":true,"href":"https:\/\/www.siahotel.com.tr\/ar\/wp-json\/wp\/v2\/comments?post=16945"}],"version-history":[{"count":22,"href":"https:\/\/www.siahotel.com.tr\/ar\/wp-json\/wp\/v2\/pages\/16945\/revisions"}],"predecessor-version":[{"id":18041,"href":"https:\/\/www.siahotel.com.tr\/ar\/wp-json\/wp\/v2\/pages\/16945\/revisions\/18041"}],"wp:attachment":[{"href":"https:\/\/www.siahotel.com.tr\/ar\/wp-json\/wp\/v2\/media?parent=16945"}],"curies":[{"name":"wp","href":"https:\/\/api.w.org\/{rel}","templated":true}]}}