{"id":16933,"date":"2025-08-11T07:40:08","date_gmt":"2025-08-11T07:40:08","guid":{"rendered":"https:\/\/www.siahotel.com.tr\/ar\/?page_id=16933"},"modified":"2025-08-24T10:42:24","modified_gmt":"2025-08-24T10:42:24","slug":"aromaterapi-masaji","status":"publish","type":"page","link":"https:\/\/www.siahotel.com.tr\/ar\/aromaterapi-masaji\/","title":{"rendered":"Aromaterapi Masaj\u0131"},"content":{"rendered":"\t\t<div data-elementor-type=\"wp-page\" data-elementor-id=\"16933\" class=\"elementor elementor-16933\">\n\t\t\t\t<div class=\"elementor-element elementor-element-38a83b1e e-flex e-con-boxed tm-col-stretched-none tm-bg-color-over-image e-con e-parent\" data-id=\"38a83b1e\" data-element_type=\"container\">\n\t\t\t\t\t<div class=\"e-con-inner\">\n\t\t\t\t<div class=\"elementor-element elementor-element-17a265fb elementor-widget elementor-widget-spacer\" data-id=\"17a265fb\" data-element_type=\"widget\" data-widget_type=\"spacer.default\">\n\t\t\t\t\t\t\t<div class=\"elementor-spacer\">\n\t\t\t<div class=\"elementor-spacer-inner\"><\/div>\n\t\t<\/div>\n\t\t\t\t\t\t<\/div>\n\t\t\t\t\t<\/div>\n\t\t\t\t<\/div>\n\t\t<div class=\"elementor-element elementor-element-5633e487 e-flex e-con-boxed tm-col-stretched-none tm-bg-color-over-image e-con e-parent\" data-id=\"5633e487\" data-element_type=\"container\">\n\t\t\t\t\t<div class=\"e-con-inner\">\n\t\t\t\t<div class=\"elementor-element elementor-element-3907da6c horizontal-line-align-left vertical-line-align-bottom elementor-widget elementor-widget-tm-ele-section-title\" data-id=\"3907da6c\" data-element_type=\"widget\" data-widget_type=\"tm-ele-section-title.default\">\n\t\t\t\t<div class=\"elementor-widget-container\">\n\t\t\t\t\t<div class=\"tm-sc-section-title section-title line-left-current-theme \">\r\n\t<div class=\"title-wrapper\">\r\n\t\t\t\t\r\n\r\n<div class=\"sub-title-outer\">\r\n\t\t<div class=\"subtitle \">\r\n\r\n\t\t\r\n\t\tSEREN\u0130TY\t<\/div>\r\n\t<\/div>\t\t\t<h1 class=\"title \">\r\n\r\n\t\t\r\n\t\t\t\t<span class=\"title-part1 \">\u062a\u062f\u0644\u064a\u0643 \u0627\u0644\u0639\u0644\u0627\u062c \u0628\u0627\u0644\u0639\u0637\u0648\u0631<\/span>\r\n\t\t\t\t\r\n\t\t\r\n\t<\/h1>\r\n\t<div class=\"title-seperator-line\"><\/div>\t\t\t\t\t\t<\/div>\r\n<\/div>\t\t\t\t<\/div>\n\t\t\t\t<\/div>\n\t\t\t\t\t<\/div>\n\t\t\t\t<\/div>\n\t\t<div class=\"elementor-element elementor-element-49459aa0 e-flex e-con-boxed tm-col-stretched-none tm-bg-color-over-image e-con e-parent\" data-id=\"49459aa0\" data-element_type=\"container\">\n\t\t\t\t\t<div class=\"e-con-inner\">\n\t\t\t\t<div class=\"elementor-element elementor-element-64388796 elementor-widget elementor-widget-image\" data-id=\"64388796\" data-element_type=\"widget\" data-widget_type=\"image.default\">\n\t\t\t\t\t\t\t\t\t\t\t\t\t\t\t<img fetchpriority=\"high\" decoding=\"async\" width=\"702\" height=\"400\" src=\"https:\/\/www.siahotel.com.tr\/ar\/wp-content\/uploads\/2025\/08\/Ekran-goruntusu-2025-08-11-134400.png\" class=\"attachment-hoteler_landscape size-hoteler_landscape wp-image-16984\" alt=\"Sia Hotel Serenity Aromaterapi Masaj\u0131\" srcset=\"https:\/\/www.siahotel.com.tr\/ar\/wp-content\/uploads\/2025\/08\/Ekran-goruntusu-2025-08-11-134400.png 702w, https:\/\/www.siahotel.com.tr\/ar\/wp-content\/uploads\/2025\/08\/Ekran-goruntusu-2025-08-11-134400-300x171.png 300w\" sizes=\"255px\" data-kodelisting-lazy-load-sizes=\"(max-width: 702px) 100vw, 702px\" data-kodelisting-loading-image=\"on\" \/>\t\t\t\t\t\t\t\t\t\t\t\t\t\t\t<\/div>\n\t\t\t\t\t<\/div>\n\t\t\t\t<\/div>\n\t\t<div class=\"elementor-element elementor-element-3b2b40c3 e-flex e-con-boxed tm-col-stretched-none tm-bg-color-over-image e-con e-parent\" data-id=\"3b2b40c3\" data-element_type=\"container\">\n\t\t\t\t\t<div class=\"e-con-inner\">\n\t\t\t\t<div class=\"elementor-element elementor-element-253a5a0a elementor-widget elementor-widget-spacer\" data-id=\"253a5a0a\" data-element_type=\"widget\" data-widget_type=\"spacer.default\">\n\t\t\t\t\t\t\t<div class=\"elementor-spacer\">\n\t\t\t<div class=\"elementor-spacer-inner\"><\/div>\n\t\t<\/div>\n\t\t\t\t\t\t<\/div>\n\t\t\t\t\t<\/div>\n\t\t\t\t<\/div>\n\t\t<div class=\"elementor-element elementor-element-72b8346d e-flex e-con-boxed tm-col-stretched-none tm-bg-color-over-image e-con e-parent\" data-id=\"72b8346d\" data-element_type=\"container\">\n\t\t\t\t\t<div class=\"e-con-inner\">\n\t\t\t\t<div class=\"elementor-element elementor-element-75445d8a elementor-widget elementor-widget-text-editor\" data-id=\"75445d8a\" data-element_type=\"widget\" data-widget_type=\"text-editor.default\">\n\t\t\t\t\t\t\t\t\t<p style=\"text-align: right;\"><strong>\u062a\u062f\u0644\u064a\u0643 \u0627\u0644\u0639\u0644\u0627\u062c \u0628\u0627\u0644\u0639\u0637\u0648\u0631<\/strong><\/p>\n<p style=\"text-align: right;\"><b>Serenity Thermal, SPA &amp; Wellness <\/b>\u064a\u064f\u0639\u062a\u0628\u0631 \u062a\u062f\u0644\u064a\u0643 \u0627\u0644\u0639\u0644\u0627\u062c \u0628\u0627\u0644\u0639\u0637\u0648\u0631 \u0623\u062d\u062f \u0627\u0644\u0639\u0644\u0627\u062c\u0627\u062a \u0627\u0644\u062d\u0633\u064a\u0629 \u0641\u064a&nbsp;<\/p>\n<p style=\"text-align: right;\">&nbsp;\u062d\u064a\u062b \u064a\u062c\u0645\u0639 \u0628\u064a\u0646 \u062a\u0623\u062b\u064a\u0631\u0627\u062a \u0627\u0644\u0632\u064a\u0648\u062a \u0627\u0644\u0639\u0634\u0628\u064a\u0629 \u0627\u0644\u0634\u0627\u0641\u064a\u0629 \u0648\u062a\u0642\u0646\u064a\u0627\u062a \u0627\u0644\u062a\u062f\u0644\u064a\u0643 \u0627\u0644\u062e\u0641\u064a\u0641\u0629 \u0644\u062a\u062c\u062f\u064a\u062f \u0627\u0644\u062c\u0633\u0645 \u0648\u0627\u0644\u0639\u0642\u0644 \u0645\u0639\u064b\u0627. \u064a\u062a\u0645 \u0625\u062c\u0631\u0627\u0621 \u0647\u0630\u0627 \u0627\u0644\u0639\u0644\u0627\u062c \u0639\u0644\u0649 \u0633\u0631\u064a\u0631 \u062a\u062f\u0644\u064a\u0643 \u062e\u0627\u0635 \u0628\u0627\u0644\u0639\u0644\u0627\u062c \u0628\u0627\u0644\u0639\u0637\u0648\u0631\u060c \u0641\u064a \u0628\u064a\u0626\u0629 \u062f\u0627\u0641\u0626\u0629 \u0648\u0645\u0631\u064a\u062d\u0629 \u0645\u0639 \u0625\u0636\u0627\u0621\u0629 \u0647\u0627\u062f\u0626\u0629. \u064a\u0645\u0643\u0646 \u0644\u0636\u064a\u0648\u0641\u0646\u0627 \u0627\u062e\u062a\u064a\u0627\u0631 \u0639\u0637\u0631\u064a\u0627\u062a\u0647\u0645 \u0627\u0644\u062e\u0627\u0635\u0629 \u0642\u0628\u0644 \u0627\u0644\u062c\u0644\u0633\u0629\u061b \u062a\u062c\u0631\u0628\u0629 \u0645\u062e\u0635\u0635\u0629 \u0628\u0627\u0633\u062a\u062e\u062f\u0627\u0645 \u0632\u064a\u0648\u062a \u0637\u0628\u064a\u0639\u064a\u0629 \u0645\u062b\u0644 \u0627\u0644\u0644\u0627\u0641\u0646\u062f\u0631\u060c \u0627\u0644\u0641\u0631\u0627\u0648\u0644\u0629\u060c \u0627\u0644\u0628\u0631\u062a\u0642\u0627\u0644\u060c \u0648\u0627\u0644\u064a\u0627\u0633\u0645\u064a\u0646<\/p>\n<p style=\"text-align: right;\">: \u0627\u0644\u0641\u0648\u0627\u0626\u062f \u0627\u0644\u0635\u062d\u064a\u0629<\/p>\n<p style=\"text-align: right;\">\u064a\u062f\u0639\u0645 \u0627\u0644\u062a\u0648\u0627\u0632\u0646 \u0627\u0644\u0646\u0641\u0633\u064a \u0645\u0646 \u062e\u0644\u0627\u0644 \u062a\u0642\u0644\u064a\u0644 \u0627\u0644\u062a\u0648\u062a\u0631 \u0648\u0627\u0644\u0642\u0644\u0642<br>\u064a\u0642\u062f\u0645 \u062a\u0623\u062b\u064a\u0631\u0627\u062a \u0645\u0636\u0627\u062f\u0629 \u0644\u0644\u0623\u0643\u0633\u062f\u0629 \u0627\u0644\u0637\u0628\u064a\u0639\u064a\u0629 \u062a\u0642\u0648\u064a \u062c\u0647\u0627\u0632 \u0627\u0644\u0645\u0646\u0627\u0639\u0629<br>\u064a\u062e\u0641\u0641 \u0645\u0646 \u062a\u0648\u062a\u0631 \u0627\u0644\u0639\u0636\u0644\u0627\u062a \u0648\u064a\u0631\u062e\u064a \u0627\u0644\u062c\u0633\u0645<br>\u064a\u0633\u0647\u0644 \u0627\u0644\u062f\u062e\u0648\u0644 \u0641\u064a \u0627\u0644\u0646\u0648\u0645 \u0648\u064a\u0633\u0627\u0639\u062f \u0641\u064a \u0645\u0634\u0627\u0643\u0644 \u0627\u0644\u0623\u0631\u0642<br>\u064a\u0632\u064a\u062f \u0645\u0646 \u062f\u0648\u0631\u0627\u0646 \u0627\u0644\u062f\u0645 \u0648\u062a\u0623\u0643\u0633\u062c \u0627\u0644\u062e\u0644\u0627\u064a\u0627<\/p>\n<p style=\"text-align: right;\">: \u0627\u0644\u062a\u0642\u0646\u064a\u0627\u062a \u0648\u0627\u0644\u062a\u0637\u0628\u064a\u0642<\/p>\n<p style=\"text-align: right;\">\u064a\u064f\u0637\u0628\u0642 \u062a\u062f\u0644\u064a\u0643 \u0627\u0644\u0639\u0644\u0627\u062c \u0628\u0627\u0644\u0639\u0637\u0648\u0631 \u0628\u062d\u0631\u0643\u0627\u062a \u0625\u064a\u0641\u0644\u0648\u0631\u0627\u062c \u0628\u0637\u064a\u0626\u0629 \u0648\u0625\u064a\u0642\u0627\u0639\u064a\u0629 (\u062a\u0645\u0631\u064a\u0631 \u062e\u0641\u064a\u0641)\u060c \u0648\u0628\u062a\u0631\u064a\u0633\u0627\u062c \u062e\u0641\u064a\u0641 (\u0639\u062c\u0646)\u060c \u0648\u062a\u0642\u0646\u064a\u0627\u062a \u0627\u062d\u062a\u0643\u0627\u0643 \u062f\u0627\u0626\u0631\u064a\u0629 \u0646\u0627\u0639\u0645\u0629. \u062a\u0645\u062a\u0635 \u0627\u0644\u0632\u064a\u0648\u062a \u0627\u0644\u0623\u0633\u0627\u0633\u064a\u0629 \u0639\u0628\u0631 \u0627\u0644\u062c\u0644\u062f \u0648\u062a\u062f\u062e\u0644 \u0627\u0644\u062f\u0648\u0631\u0629 \u0627\u0644\u062f\u0645\u0648\u064a\u0629 \u0644\u062a\u0638\u0647\u0631 \u062a\u0623\u062b\u064a\u0631\u0627\u062a\u0647\u0627 \u0645\u0646 \u0627\u0644\u062f\u0627\u062e\u0644. \u0645\u062f\u0629 \u0627\u0644\u062c\u0644\u0633\u0629 \u062d\u0648\u0627\u0644\u064a 45 \u062f\u0642\u064a\u0642\u0629\u060c&nbsp; \u0648\u062a\u0648\u0627\u0632\u0646 \u062a\u062f\u0641\u0642 \u0627\u0644\u0637\u0627\u0642\u0629 \u0628\u0627\u0644\u062c\u0633\u0645 \u0645\u0639 \u0648\u0636\u0648\u062d \u0630\u0647\u0646\u064a<\/p>\n<p style=\"text-align: right;\">\u0644\u0645\u0646 \u0647\u0648 \u0645\u0646\u0627\u0633\u0628\u061f<br>. \u0645\u062b\u0627\u0644\u064a \u0644\u0645\u0646 \u064a\u0639\u0627\u0646\u064a \u0645\u0646 \u062a\u0648\u062a\u0631 \u0634\u062f\u064a\u062f\u060c \u0645\u0634\u0627\u0643\u0644 \u0641\u064a \u0627\u0644\u0646\u0648\u0645\u060c \u0648\u064a\u062d\u062a\u0627\u062c \u0625\u0644\u0649 \u0627\u0633\u062a\u0631\u062e\u0627\u0621 \u0646\u0641\u0633\u064a \u0648\u062c\u0633\u062f\u064a. \u062a\u062a\u0648\u0641\u0631 \u062e\u064a\u0627\u0631\u0627\u062a \u0632\u064a\u0648\u062a \u0645\u0646\u0627\u0633\u0628\u0629 \u0644\u0644\u0628\u0634\u0631\u0629 \u0627\u0644\u062d\u0633\u0627\u0633\u0629<\/p>\n<p style=\"text-align: right;\"><span>Sia Hotel Serenity Spa<\/span>&nbsp;\u062a\u062c\u0631\u0628\u0629 \u062e\u0627\u0635\u0629 \u0641\u064a&nbsp;<br>&nbsp;.\u064a\u0641\u0648\u062d \u0639\u0628\u064a\u0631 \u0627\u0644\u0639\u0637\u0631 \u0627\u0644\u0630\u064a \u062a\u062e\u062a\u0627\u0631\u0647 \u062e\u0644\u0627\u0644 \u0627\u0644\u062a\u062f\u0644\u064a\u0643 \u0641\u064a \u063a\u0631\u0641\u0629 \u0627\u0644\u0639\u0644\u0627\u062c. \u0646\u0639\u0648\u0645\u0629 \u0627\u0644\u0644\u0627\u0641\u0646\u062f\u0631 \u0627\u0644\u0645\u0631\u064a\u062d\u0629\u060c \u0637\u0627\u0642\u0629 \u0627\u0644\u0628\u0631\u062a\u0642\u0627\u0644 \u0627\u0644\u0645\u0646\u0639\u0634\u0629\u060c \u0631\u0648\u0645\u0627\u0646\u0633\u064a\u0629 \u0627\u0644\u064a\u0627\u0633\u0645\u064a\u0646\u060c \u0623\u0648 \u0627\u0646\u062a\u0639\u0627\u0634 \u0627\u0644\u0641\u0631\u0627\u0648\u0644\u0629 \u0627\u0644\u062d\u0644\u0648&#8230; \u062a\u064f\u062d\u0636\u0651\u0631 \u0643\u0644 \u062c\u0644\u0633\u0629 \u062e\u0635\u064a\u0635\u064b\u0627 \u0644\u0643 \u0648\u062a\u064f\u062e\u062a\u062a\u0645 \u0628\u062a\u0642\u062f\u064a\u0645 \u0634\u0627\u064a \u0627\u0644\u0623\u0639\u0634\u0627\u0628<\/p>\t\t\t\t\t\t\t\t<\/div>\n\t\t\t\t\t<\/div>\n\t\t\t\t<\/div>\n\t\t<div class=\"elementor-element elementor-element-1f1c3fe9 e-flex e-con-boxed tm-col-stretched-none tm-bg-color-over-image e-con e-parent\" data-id=\"1f1c3fe9\" data-element_type=\"container\">\n\t\t\t\t\t<div class=\"e-con-inner\">\n\t\t\t\t<div class=\"elementor-element elementor-element-14a2b086 elementor-widget elementor-widget-spacer\" data-id=\"14a2b086\" data-element_type=\"widget\" data-widget_type=\"spacer.default\">\n\t\t\t\t\t\t\t<div class=\"elementor-spacer\">\n\t\t\t<div class=\"elementor-spacer-inner\"><\/div>\n\t\t<\/div>\n\t\t\t\t\t\t<\/div>\n\t\t\t\t\t<\/div>\n\t\t\t\t<\/div>\n\t\t<div class=\"elementor-element elementor-element-6502edba e-flex e-con-boxed tm-col-stretched-none tm-bg-color-over-image e-con e-parent\" data-id=\"6502edba\" data-element_type=\"container\" data-settings=\"{&quot;background_background&quot;:&quot;classic&quot;}\">\n\t\t\t\t\t<div class=\"e-con-inner\">\n\t\t<div class=\"elementor-element elementor-element-599db026 e-con-full e-flex tm-col-stretched-none tm-bg-color-over-image e-con e-child\" data-id=\"599db026\" data-element_type=\"container\" data-settings=\"{&quot;background_background&quot;:&quot;classic&quot;}\">\n\t\t<div class=\"elementor-element elementor-element-7d7d1a17 e-con-full e-flex tm-col-stretched-none tm-bg-color-over-image e-con e-child\" data-id=\"7d7d1a17\" data-element_type=\"container\">\n\t\t\t\t<div class=\"elementor-element elementor-element-1af381b6 elementor-widget elementor-widget-heading\" data-id=\"1af381b6\" data-element_type=\"widget\" data-widget_type=\"heading.default\">\n\t\t\t\t\t<h3 class=\"elementor-heading-title elementor-size-default\"><a href=\"tel:+902243240202\"><u>\u0644\u0644\u0645\u0632\u064a\u062f \u0645\u0646 \u0627\u0644\u0645\u0639\u0644\u0648\u0645\u0627\u062a\u060c \u0627\u062a\u0635\u0644\u0648\u0627 \u0628\u0646\u0627<\/u>\n<\/a><\/h3>\t\t\t\t<\/div>\n\t\t\t\t<div class=\"elementor-element elementor-element-3f71dd6b elementor-widget elementor-widget-tm-ele-social-links\" data-id=\"3f71dd6b\" data-element_type=\"widget\" data-widget_type=\"tm-ele-social-links.default\">\n\t\t\t\t<div class=\"elementor-widget-container\">\n\t\t\t\t\t<ul class=\"tm-sc-social-links links-outlined\">\r\n\r\n\t\t\t<li><a class=\"social-link\" aria-label=\"Social Link\" href=\"https:\/\/www.facebook.com\/siahotelthermalspa\" target=\"_self\"><i class=\"fa fa-facebook\"><\/i><\/a><\/li>\r\n\t\t\r\n\t\t<li><a class=\"social-link\" aria-label=\"Social Link\" href=\"https:\/\/www.linkedin.com\/company\/sia-hotel-thermal-spa\/\" target=\"_self\"><i class=\"fa fa-linkedin\"><\/i><\/a><\/li>\r\n\t\t\t<li><a class=\"social-link\" aria-label=\"Social Link\" href=\"https:\/\/www.instagram.com\/siahotelthermalspa\" target=\"_self\"><i class=\"fa fa-instagram\"><\/i><\/a><\/li>\r\n\t\t\r\n\t\t\t<\/ul>\t\t\t\t<\/div>\n\t\t\t\t<\/div>\n\t\t\t\t<\/div>\n\t\t\t\t<\/div>\n\t\t\t\t\t<\/div>\n\t\t\t\t<\/div>\n\t\t<div class=\"elementor-element elementor-element-9fde90b e-flex e-con-boxed tm-col-stretched-none tm-bg-color-over-image e-con e-parent\" data-id=\"9fde90b\" data-element_type=\"container\">\n\t\t\t\t\t<div class=\"e-con-inner\">\n\t\t<div class=\"elementor-element elementor-element-17882b1c e-con-full tm-col-stretched-none e-flex tm-bg-color-over-image e-con e-child\" data-id=\"17882b1c\" data-element_type=\"container\">\n\t\t\t\t<div class=\"elementor-element elementor-element-385ab4e4 elementor-widget elementor-widget-shortcode\" data-id=\"385ab4e4\" data-element_type=\"widget\" data-widget_type=\"shortcode.default\">\n\t\t\t\t\t\t\t<div class=\"elementor-shortcode\">\t\t<div id=\"sbi_mod_error\" >\n\t\t\t<span>Bu hata mesaj\u0131n\u0131 yaln\u0131zca WordPress y\u00f6neticileri g\u00f6rebilir<\/span><br\/>\n\t\t\t<p><strong>Hata: 1 kimli\u011fine sahip hi\u00e7bir ak\u0131\u015f bulunamad\u0131.<\/strong>\n\t\t\t<p>Bir ak\u0131\u015f olu\u015fturmak i\u00e7in l\u00fctfen Instagram Ak\u0131\u015f\u0131 ayarlar sayfas\u0131na gidin.<\/p>\n\t\t<\/div>\n\t\t<\/div>\n\t\t\t\t\t\t<\/div>\n\t\t\t\t<\/div>\n\t\t\t\t\t<\/div>\n\t\t\t\t<\/div>\n\t\t\t\t<\/div>\n\t\t","protected":false},"excerpt":{"rendered":"<p>SEREN\u0130TY \u062a\u062f\u0644\u064a\u0643 \u0627\u0644\u0639\u0644\u0627\u062c \u0628\u0627\u0644\u0639\u0637\u0648\u0631 \u062a\u062f\u0644\u064a\u0643 \u0627\u0644\u0639\u0644\u0627\u062c \u0628\u0627\u0644\u0639\u0637\u0648\u0631 Serenity Thermal, SPA &amp; Wellness \u064a\u064f\u0639\u062a\u0628\u0631 \u062a\u062f\u0644\u064a\u0643 \u0627\u0644\u0639\u0644\u0627\u062c \u0628\u0627\u0644\u0639\u0637\u0648\u0631 \u0623\u062d\u062f \u0627\u0644\u0639\u0644\u0627\u062c\u0627\u062a \u0627\u0644\u062d\u0633\u064a\u0629 \u0641\u064a&nbsp;&#8230;<\/p>\n","protected":false},"author":1,"featured_media":0,"parent":0,"menu_order":0,"comment_status":"closed","ping_status":"closed","template":"","meta":{"_monsterinsights_skip_tracking":false,"_monsterinsights_sitenote_active":false,"_monsterinsights_sitenote_note":"","_monsterinsights_sitenote_category":0,"footnotes":""},"class_list":["post-16933","page","type-page","status-publish","hentry"],"aioseo_notices":[],"_links":{"self":[{"href":"https:\/\/www.siahotel.com.tr\/ar\/wp-json\/wp\/v2\/pages\/16933","targetHints":{"allow":["GET"]}}],"collection":[{"href":"https:\/\/www.siahotel.com.tr\/ar\/wp-json\/wp\/v2\/pages"}],"about":[{"href":"https:\/\/www.siahotel.com.tr\/ar\/wp-json\/wp\/v2\/types\/page"}],"author":[{"embeddable":true,"href":"https:\/\/www.siahotel.com.tr\/ar\/wp-json\/wp\/v2\/users\/1"}],"replies":[{"embeddable":true,"href":"https:\/\/www.siahotel.com.tr\/ar\/wp-json\/wp\/v2\/comments?post=16933"}],"version-history":[{"count":28,"href":"https:\/\/www.siahotel.com.tr\/ar\/wp-json\/wp\/v2\/pages\/16933\/revisions"}],"predecessor-version":[{"id":18074,"href":"https:\/\/www.siahotel.com.tr\/ar\/wp-json\/wp\/v2\/pages\/16933\/revisions\/18074"}],"wp:attachment":[{"href":"https:\/\/www.siahotel.com.tr\/ar\/wp-json\/wp\/v2\/media?parent=16933"}],"curies":[{"name":"wp","href":"https:\/\/api.w.org\/{rel}","templated":true}]}}