{"id":16928,"date":"2025-08-11T07:39:36","date_gmt":"2025-08-11T07:39:36","guid":{"rendered":"https:\/\/www.siahotel.com.tr\/ar\/?page_id=16928"},"modified":"2025-08-24T10:39:45","modified_gmt":"2025-08-24T10:39:45","slug":"serenity-masaj","status":"publish","type":"page","link":"https:\/\/www.siahotel.com.tr\/ar\/serenity-masaj\/","title":{"rendered":"Serenity Masaj"},"content":{"rendered":"\t\t<div data-elementor-type=\"wp-page\" data-elementor-id=\"16928\" class=\"elementor elementor-16928\">\n\t\t\t\t<div class=\"elementor-element elementor-element-20d40a2f e-flex e-con-boxed tm-col-stretched-none tm-bg-color-over-image e-con e-parent\" data-id=\"20d40a2f\" data-element_type=\"container\">\n\t\t\t\t\t<div class=\"e-con-inner\">\n\t\t\t\t<div class=\"elementor-element elementor-element-4e496e6e elementor-widget elementor-widget-spacer\" data-id=\"4e496e6e\" data-element_type=\"widget\" data-widget_type=\"spacer.default\">\n\t\t\t\t\t\t\t<div class=\"elementor-spacer\">\n\t\t\t<div class=\"elementor-spacer-inner\"><\/div>\n\t\t<\/div>\n\t\t\t\t\t\t<\/div>\n\t\t\t\t\t<\/div>\n\t\t\t\t<\/div>\n\t\t<div class=\"elementor-element elementor-element-3e7c146e e-flex e-con-boxed tm-col-stretched-none tm-bg-color-over-image e-con e-parent\" data-id=\"3e7c146e\" data-element_type=\"container\">\n\t\t\t\t\t<div class=\"e-con-inner\">\n\t\t\t\t<div class=\"elementor-element elementor-element-37bdccb9 horizontal-line-align-left vertical-line-align-bottom elementor-widget elementor-widget-tm-ele-section-title\" data-id=\"37bdccb9\" data-element_type=\"widget\" data-widget_type=\"tm-ele-section-title.default\">\n\t\t\t\t<div class=\"elementor-widget-container\">\n\t\t\t\t\t<div class=\"tm-sc-section-title section-title line-left-current-theme \">\r\n\t<div class=\"title-wrapper\">\r\n\t\t\t\t\r\n\r\n<div class=\"sub-title-outer\">\r\n\t\t<div class=\"subtitle \">\r\n\r\n\t\t\r\n\t\tSEREN\u0130TY\t<\/div>\r\n\t<\/div>\t\t\t<h1 class=\"title \">\r\n\r\n\t\t\r\n\t\t\t\t<span class=\"title-part1 \">Serenity\u00a0\u062a\u062f\u0644\u064a\u0643 \u00a0<\/span>\r\n\t\t\t\t\r\n\t\t\r\n\t<\/h1>\r\n\t<div class=\"title-seperator-line\"><\/div>\t\t\t\t\t\t<\/div>\r\n<\/div>\t\t\t\t<\/div>\n\t\t\t\t<\/div>\n\t\t\t\t\t<\/div>\n\t\t\t\t<\/div>\n\t\t<div class=\"elementor-element elementor-element-6f7fec40 e-flex e-con-boxed tm-col-stretched-none tm-bg-color-over-image e-con e-parent\" data-id=\"6f7fec40\" data-element_type=\"container\">\n\t\t\t\t\t<div class=\"e-con-inner\">\n\t\t\t\t<div class=\"elementor-element elementor-element-b69b0d7 elementor-widget elementor-widget-image\" data-id=\"b69b0d7\" data-element_type=\"widget\" data-widget_type=\"image.default\">\n\t\t\t\t\t\t\t\t\t\t\t\t\t\t\t<img fetchpriority=\"high\" decoding=\"async\" width=\"743\" height=\"487\" src=\"https:\/\/www.siahotel.com.tr\/ar\/wp-content\/uploads\/2025\/08\/Ekran-goruntusu-2025-08-11-140948.png\" class=\"attachment-hoteler_landscape size-hoteler_landscape wp-image-16990\" alt=\"\" srcset=\"https:\/\/www.siahotel.com.tr\/ar\/wp-content\/uploads\/2025\/08\/Ekran-goruntusu-2025-08-11-140948.png 743w, https:\/\/www.siahotel.com.tr\/ar\/wp-content\/uploads\/2025\/08\/Ekran-goruntusu-2025-08-11-140948-300x197.png 300w\" sizes=\"255px\" data-kodelisting-lazy-load-sizes=\"(max-width: 743px) 100vw, 743px\" data-kodelisting-loading-image=\"on\" \/>\t\t\t\t\t\t\t\t\t\t\t\t\t\t\t<\/div>\n\t\t\t\t\t<\/div>\n\t\t\t\t<\/div>\n\t\t<div class=\"elementor-element elementor-element-6fe59300 e-flex e-con-boxed tm-col-stretched-none tm-bg-color-over-image e-con e-parent\" data-id=\"6fe59300\" data-element_type=\"container\">\n\t\t\t\t\t<div class=\"e-con-inner\">\n\t\t\t\t<div class=\"elementor-element elementor-element-54875b5b elementor-widget elementor-widget-spacer\" data-id=\"54875b5b\" data-element_type=\"widget\" data-widget_type=\"spacer.default\">\n\t\t\t\t\t\t\t<div class=\"elementor-spacer\">\n\t\t\t<div class=\"elementor-spacer-inner\"><\/div>\n\t\t<\/div>\n\t\t\t\t\t\t<\/div>\n\t\t\t\t\t<\/div>\n\t\t\t\t<\/div>\n\t\t<div class=\"elementor-element elementor-element-5a5d2eca e-flex e-con-boxed tm-col-stretched-none tm-bg-color-over-image e-con e-parent\" data-id=\"5a5d2eca\" data-element_type=\"container\">\n\t\t\t\t\t<div class=\"e-con-inner\">\n\t\t\t\t<div class=\"elementor-element elementor-element-324735ae elementor-widget elementor-widget-text-editor\" data-id=\"324735ae\" data-element_type=\"widget\" data-widget_type=\"text-editor.default\">\n\t\t\t\t\t\t\t\t\t<p style=\"text-align: right;\"><strong>\u062a\u062f\u0644\u064a\u0643<\/strong><strong> \u0627\u0644\u0643\u0644\u0627\u0633\u064a\u0643\u064a \u0627\u0644\u0633\u0648\u064a\u062f<span style=\"color: #000000;\">\u064a<\/span><\/strong><\/p><p style=\"text-align: right;\">Serenity\u00a0 \u064a\u064f\u0639\u062f\u0651 \u062a\u062f\u0644\u064a\u0643\u00a0<\/p><p style=\"text-align: right;\">\u00a0\u0623\u062d\u062f \u0623\u0628\u0631\u0632 \u0627\u0644\u0639\u0644\u0627\u062c\u0627\u062a \u0627\u0644\u0645\u0645\u064a\u0632\u0629 \u0641\u064a \u00a0\u062d\u064a\u062b \u064a\u062c\u0645\u0639 \u0628\u064a\u0646 \u0644\u0645\u0633\u0627\u062a \u0627\u0644\u062a\u062f\u0644\u064a\u0643 \u0627\u0644\u0633\u0648\u064a\u062f\u064a \u0627\u0644\u062a\u0642\u0644\u064a\u062f\u064a \u0648\u062a\u0646\u0627\u063a\u0645 \u0632\u064a\u0648\u062a \u0645\u0633\u0627\u062c \u062e\u0627\u0635\u0629 \u0644\u064a\u0648\u0635\u0644 \u062c\u0633\u0645\u0643 \u0648\u0639\u0642\u0644\u0643 \u0625\u0644\u0649 \u062d\u0627\u0644\u0629 \u0627\u062a\u0632\u0627\u0646 \u062a\u0627\u0645<br \/>\u064a\u064f\u062c\u0631\u0649 \u0627\u0644\u062a\u062f\u0644\u064a\u0643 \u0639\u0644\u0649 \u0633\u0631\u064a\u0631 \u0645\u0633\u0627\u062c \u062e\u0627\u0635 \u0641\u064a \u0623\u062c\u0648\u0627\u0621 \u062f\u0627\u0641\u0626\u0629 \u0645\u064f\u062f\u0639\u0651\u0645\u0629 \u0628\u0631\u0627\u0626\u062d\u0629 \u0645\u0646\u0639\u0634\u0629 \u062a\u0645\u0646\u062d\u0643 \u0625\u062d\u0633\u0627\u0633\u064b\u0627 \u0628\u0627\u0644\u0635\u0641\u0627\u0621 \u0648\u0627\u0644\u0633\u0643\u064a\u0646\u0629<\/p><p style=\"text-align: right;\"><strong>\u0627\u0644\u0641\u0648\u0627\u0626\u062f \u0627\u0644\u0635\u062d\u064a\u0629<\/strong><\/p><p style=\"text-align: right;\">.\u064a\u064f\u0631\u062e\u0651\u064a \u0627\u0644\u0639\u0636\u0644\u0627\u062a \u0628\u0639\u0645\u0642 \u0648\u064a\u062e\u0641\u0651\u0641 \u0627\u0644\u062a\u0648\u062a\u0631<\/p><p style=\"text-align: right;\">\u00a0.\u064a\u064f\u0633\u0631\u0651\u0639 \u0627\u0644\u062f\u0648\u0631\u0629 \u0627\u0644\u062f\u0645\u0648\u064a\u0629 \u0648\u064a\u064f\u0639\u0632\u0651\u0632 \u062a\u062c\u062f\u064a\u062f \u0627\u0644\u062e\u0644\u0627\u064a\u0627<\/p><p style=\"text-align: right;\">.\u064a\u064f\u062d\u0641\u0651\u0632 \u0627\u0644\u062c\u0647\u0627\u0632 \u0627\u0644\u0644\u0645\u0641\u0627\u0648\u064a \u0644\u0644\u0645\u0633\u0627\u0639\u062f\u0629 \u0639\u0644\u0649 \u0627\u0644\u062a\u062e\u0644\u0635 \u0645\u0646 \u0627\u0644\u0633\u0645\u0648\u0645<\/p><p style=\"text-align: right;\">.\u064a\u064f\u062d\u0633\u0651\u0646 \u062c\u0648\u062f\u0629 \u0627\u0644\u0646\u0648\u0645 \u0648\u064a\u064f\u0646\u0639\u0634 \u0627\u0644\u0630\u0647\u0646<\/p><p style=\"text-align: right;\"><strong>\u0627\u0644\u062a\u0642\u0646\u064a\u0627\u062a \u0648\u0627\u0644\u062a\u0637\u0628\u064a\u0642<\/strong><br \/>.\u064a\u0633\u062a\u062e\u062f\u0645 \u0645\u0639\u0627\u0644\u062c\u0648\u0646\u0627 \u0630\u0648\u0648 \u0627\u0644\u062e\u0628\u0631\u0629 \u062a\u0642\u0646\u064a\u0627\u062a \u0645\u062b\u0644 (\u0645\u062f\u0651 \u0644\u0637\u064a\u0641 \u0648\u0633\u0644\u0633)\u060c (\u0639\u062c\u0646)\u060c (\u0642\u0631\u0639 \u0625\u064a\u0642\u0627\u0639\u064a \u062e\u0641\u064a\u0641)\u060c \u0648\u0632\u064a\u0648\u062a \u0637\u0628\u064a\u0639\u064a\u0629 \u0645\u062d\u0628\u0651\u0629 \u0644\u0644\u0628\u0634\u0631\u0629<br \/>.\u0643\u0644 \u0644\u0645\u0633\u0629 \u062a\u0647\u062f\u0641 \u0625\u0644\u0649 \u0625\u0631\u062e\u0627\u0621 \u0623\u0644\u064a\u0627\u0641 \u0627\u0644\u0639\u0636\u0644\u0627\u062a \u0648\u0625\u0639\u0627\u062f\u0629 \u062a\u0648\u0627\u0632\u0646 \u0627\u0644\u0637\u0627\u0642\u0629 \u0641\u064a \u062c\u0633\u0645\u0643<br \/>.\u0627\u0644\u062c\u0644\u0633\u0629 \u062a\u0633\u062a\u063a\u0631\u0642 \u062d\u0648\u0627\u0644\u064a <strong>45 \u062f\u0642\u064a\u0642\u0629<\/strong> \u0648\u062a\u0648\u0641\u0631 \u0627\u0633\u062a\u0631\u062e\u0627\u0621\u064b \u0645\u062a\u0643\u0627\u0645\u0644\u064b\u0627 \u0645\u0646 \u0627\u0644\u0631\u0623\u0633 \u0648\u062d\u062a\u0649 \u0623\u062e\u0645\u0635 \u0627\u0644\u0642\u062f\u0645<\/p><p style=\"text-align: right;\"><strong>\u0644\u0645\u0646 \u0647\u064a \u0645\u0646\u0627\u0633\u0628\u0629\u061f<\/strong><br \/>.\u0645\u062b\u0627\u0644\u064a\u0629 \u0644\u0643\u0644 \u0645\u0646 \u064a\u0639\u0627\u0646\u064a \u0636\u063a\u0648\u0637 \u0627\u0644\u062d\u064a\u0627\u0629 \u0627\u0644\u064a\u0648\u0645\u064a\u0629 \u0648\u0623\u0644\u0645 \u0627\u0644\u0639\u0636\u0644\u0627\u062a \u0623\u0648 \u064a\u0628\u062d\u062b \u0639\u0646 \u0631\u0627\u062d\u0629 \u0630\u0647\u0646\u064a\u0629<br \/>.\u062e\u0627\u0635\u0629 \u0644\u0645\u0646 \u064a\u0639\u0645\u0644 \u0639\u0644\u0649 \u0627\u0644\u0645\u0643\u062a\u0628 \u0633\u0627\u0639\u0627\u062a \u0637\u0648\u064a\u0644\u0629\u060c \u0623\u0648 \u064a\u0634\u0639\u0631 \u0628\u0648\u0647\u0646 \u0641\u064a \u0627\u0644\u0639\u0636\u0644\u0627\u062a \u0628\u0639\u062f \u0627\u0644\u0631\u064a\u0627\u0636\u0629\u060c \u0623\u0648 \u064a\u0631\u063a\u0628 \u0641\u064a \u062a\u062d\u0633\u064a\u0646 \u062c\u0648\u062f\u0629 \u0627\u0644\u0646\u0648\u0645<\/p><p style=\"text-align: right;\"><span style=\"color: #333333; font-weight: bold;\">Sia Hotel Serenity Spa<\/span><strong>\u00a0\u0627\u0644\u062a\u062c\u0631\u0628\u0629 \u0627\u0644\u062e\u0627\u0635\u0629 \u0641\u064a\u00a0<\/strong><br \/>.\u062c\u0644\u0633\u0629 \u062a\u062f\u0644\u064a\u0643\u0643 \u0645\u0635\u0645\u0651\u0645\u0629 \u0644\u062a\u0643\u0648\u0646 \u0644\u062d\u0638\u0629 \u062a\u062c\u062f\u064a\u062f \u062c\u0633\u062f\u064a \u0648\u0631\u0648\u062d\u064a \u0636\u0645\u0646 \u0623\u062c\u0648\u0627\u0621 \u062e\u0644\u0651\u0627\u0628\u0629 \u0645\u0646 \u0627\u0644\u0623\u0636\u0648\u0627\u0621 \u0627\u0644\u062e\u0627\u0641\u062a\u0629 \u0648\u0627\u0644\u0645\u0648\u0633\u064a\u0642\u0649 \u0627\u0644\u0647\u0627\u062f\u0626\u0629<\/p>\t\t\t\t\t\t\t\t<\/div>\n\t\t\t\t\t<\/div>\n\t\t\t\t<\/div>\n\t\t<div class=\"elementor-element elementor-element-3833fa5a e-flex e-con-boxed tm-col-stretched-none tm-bg-color-over-image e-con e-parent\" data-id=\"3833fa5a\" data-element_type=\"container\">\n\t\t\t\t\t<div class=\"e-con-inner\">\n\t\t\t\t<div class=\"elementor-element elementor-element-4444b04a elementor-widget elementor-widget-spacer\" data-id=\"4444b04a\" data-element_type=\"widget\" data-widget_type=\"spacer.default\">\n\t\t\t\t\t\t\t<div class=\"elementor-spacer\">\n\t\t\t<div class=\"elementor-spacer-inner\"><\/div>\n\t\t<\/div>\n\t\t\t\t\t\t<\/div>\n\t\t\t\t\t<\/div>\n\t\t\t\t<\/div>\n\t\t<div class=\"elementor-element elementor-element-6e7dd5d4 e-flex e-con-boxed tm-col-stretched-none tm-bg-color-over-image e-con e-parent\" data-id=\"6e7dd5d4\" data-element_type=\"container\" data-settings=\"{&quot;background_background&quot;:&quot;classic&quot;}\">\n\t\t\t\t\t<div class=\"e-con-inner\">\n\t\t<div class=\"elementor-element elementor-element-79270f01 e-con-full e-flex tm-col-stretched-none tm-bg-color-over-image e-con e-child\" data-id=\"79270f01\" data-element_type=\"container\" data-settings=\"{&quot;background_background&quot;:&quot;classic&quot;}\">\n\t\t<div class=\"elementor-element elementor-element-65d27a14 e-con-full e-flex tm-col-stretched-none tm-bg-color-over-image e-con e-child\" data-id=\"65d27a14\" data-element_type=\"container\">\n\t\t\t\t<div class=\"elementor-element elementor-element-5f5528c elementor-widget elementor-widget-heading\" data-id=\"5f5528c\" data-element_type=\"widget\" data-widget_type=\"heading.default\">\n\t\t\t\t\t<h3 class=\"elementor-heading-title elementor-size-default\"><a href=\"tel:+902243240202\"><u>\u0644\u0644\u0645\u0632\u064a\u062f \u0645\u0646 \u0627\u0644\u0645\u0639\u0644\u0648\u0645\u0627\u062a\u060c \u0627\u062a\u0635\u0644\u0648\u0627 \u0628\u0646\u0627<\/u>\n<\/a><\/h3>\t\t\t\t<\/div>\n\t\t\t\t<div class=\"elementor-element elementor-element-766c13cb elementor-widget elementor-widget-tm-ele-social-links\" data-id=\"766c13cb\" data-element_type=\"widget\" data-widget_type=\"tm-ele-social-links.default\">\n\t\t\t\t<div class=\"elementor-widget-container\">\n\t\t\t\t\t<ul class=\"tm-sc-social-links links-outlined\">\r\n\r\n\t\t\t<li><a class=\"social-link\" aria-label=\"Social Link\" href=\"https:\/\/www.facebook.com\/siahotelthermalspa\" target=\"_self\"><i class=\"fa fa-facebook\"><\/i><\/a><\/li>\r\n\t\t\r\n\t\t<li><a class=\"social-link\" aria-label=\"Social Link\" href=\"https:\/\/www.linkedin.com\/company\/sia-hotel-thermal-spa\/\" target=\"_self\"><i class=\"fa fa-linkedin\"><\/i><\/a><\/li>\r\n\t\t\t<li><a class=\"social-link\" aria-label=\"Social Link\" href=\"https:\/\/www.instagram.com\/siahotelthermalspa\" target=\"_self\"><i class=\"fa fa-instagram\"><\/i><\/a><\/li>\r\n\t\t\r\n\t\t\t<\/ul>\t\t\t\t<\/div>\n\t\t\t\t<\/div>\n\t\t\t\t<\/div>\n\t\t\t\t<\/div>\n\t\t\t\t\t<\/div>\n\t\t\t\t<\/div>\n\t\t<div class=\"elementor-element elementor-element-637c49a4 e-flex e-con-boxed tm-col-stretched-none tm-bg-color-over-image e-con e-parent\" data-id=\"637c49a4\" data-element_type=\"container\">\n\t\t\t\t\t<div class=\"e-con-inner\">\n\t\t<div class=\"elementor-element elementor-element-2b38e985 e-con-full tm-col-stretched-none e-flex tm-bg-color-over-image e-con e-child\" data-id=\"2b38e985\" data-element_type=\"container\">\n\t\t\t\t<div class=\"elementor-element elementor-element-238d8127 elementor-widget elementor-widget-shortcode\" data-id=\"238d8127\" data-element_type=\"widget\" data-widget_type=\"shortcode.default\">\n\t\t\t\t\t\t\t<div class=\"elementor-shortcode\">\t\t<div id=\"sbi_mod_error\" >\n\t\t\t<span>Bu hata mesaj\u0131n\u0131 yaln\u0131zca WordPress y\u00f6neticileri g\u00f6rebilir<\/span><br\/>\n\t\t\t<p><strong>Hata: 1 kimli\u011fine sahip hi\u00e7bir ak\u0131\u015f bulunamad\u0131.<\/strong>\n\t\t\t<p>Bir ak\u0131\u015f olu\u015fturmak i\u00e7in l\u00fctfen Instagram Ak\u0131\u015f\u0131 ayarlar sayfas\u0131na gidin.<\/p>\n\t\t<\/div>\n\t\t<\/div>\n\t\t\t\t\t\t<\/div>\n\t\t\t\t<\/div>\n\t\t\t\t\t<\/div>\n\t\t\t\t<\/div>\n\t\t\t\t<\/div>\n\t\t","protected":false},"excerpt":{"rendered":"<p>SEREN\u0130TY Serenity\u00a0\u062a\u062f\u0644\u064a\u0643 \u00a0 \u062a\u062f\u0644\u064a\u0643 \u0627\u0644\u0643\u0644\u0627\u0633\u064a\u0643\u064a \u0627\u0644\u0633\u0648\u064a\u062f\u064a Serenity\u00a0 \u064a\u064f\u0639\u062f\u0651 \u062a\u062f\u0644\u064a\u0643\u00a0 \u00a0\u0623\u062d\u062f \u0623\u0628\u0631\u0632 \u0627\u0644\u0639\u0644\u0627\u062c\u0627\u062a \u0627\u0644\u0645\u0645\u064a\u0632\u0629 \u0641\u064a \u00a0\u062d\u064a\u062b \u064a\u062c\u0645\u0639 \u0628\u064a\u0646 \u0644\u0645\u0633\u0627\u062a \u0627\u0644\u062a\u062f\u0644\u064a\u0643 \u0627\u0644\u0633\u0648\u064a\u062f\u064a&#8230;<\/p>\n","protected":false},"author":1,"featured_media":0,"parent":0,"menu_order":0,"comment_status":"closed","ping_status":"closed","template":"","meta":{"_monsterinsights_skip_tracking":false,"_monsterinsights_sitenote_active":false,"_monsterinsights_sitenote_note":"","_monsterinsights_sitenote_category":0,"footnotes":""},"class_list":["post-16928","page","type-page","status-publish","hentry"],"aioseo_notices":[],"_links":{"self":[{"href":"https:\/\/www.siahotel.com.tr\/ar\/wp-json\/wp\/v2\/pages\/16928","targetHints":{"allow":["GET"]}}],"collection":[{"href":"https:\/\/www.siahotel.com.tr\/ar\/wp-json\/wp\/v2\/pages"}],"about":[{"href":"https:\/\/www.siahotel.com.tr\/ar\/wp-json\/wp\/v2\/types\/page"}],"author":[{"embeddable":true,"href":"https:\/\/www.siahotel.com.tr\/ar\/wp-json\/wp\/v2\/users\/1"}],"replies":[{"embeddable":true,"href":"https:\/\/www.siahotel.com.tr\/ar\/wp-json\/wp\/v2\/comments?post=16928"}],"version-history":[{"count":22,"href":"https:\/\/www.siahotel.com.tr\/ar\/wp-json\/wp\/v2\/pages\/16928\/revisions"}],"predecessor-version":[{"id":18071,"href":"https:\/\/www.siahotel.com.tr\/ar\/wp-json\/wp\/v2\/pages\/16928\/revisions\/18071"}],"wp:attachment":[{"href":"https:\/\/www.siahotel.com.tr\/ar\/wp-json\/wp\/v2\/media?parent=16928"}],"curies":[{"name":"wp","href":"https:\/\/api.w.org\/{rel}","templated":true}]}}