{"id":16575,"date":"2025-08-09T05:56:23","date_gmt":"2025-08-09T05:56:23","guid":{"rendered":"https:\/\/www.siahotel.com.tr\/ar\/?page_id=16575"},"modified":"2025-09-04T13:18:28","modified_gmt":"2025-09-04T13:18:28","slug":"takviye-gidalar","status":"publish","type":"page","link":"https:\/\/www.siahotel.com.tr\/ar\/takviye-gidalar\/","title":{"rendered":"Takviye G\u0131dalar"},"content":{"rendered":"\t\t<div data-elementor-type=\"wp-page\" data-elementor-id=\"16575\" class=\"elementor elementor-16575\">\n\t\t\t\t<div class=\"elementor-element elementor-element-abebb6f e-flex e-con-boxed tm-col-stretched-none tm-bg-color-over-image e-con e-parent\" data-id=\"abebb6f\" data-element_type=\"container\">\n\t\t\t\t\t<div class=\"e-con-inner\">\n\t\t\t\t<div class=\"elementor-element elementor-element-be70b5b elementor-widget elementor-widget-spacer\" data-id=\"be70b5b\" data-element_type=\"widget\" data-widget_type=\"spacer.default\">\n\t\t\t\t\t\t\t<div class=\"elementor-spacer\">\n\t\t\t<div class=\"elementor-spacer-inner\"><\/div>\n\t\t<\/div>\n\t\t\t\t\t\t<\/div>\n\t\t\t\t\t<\/div>\n\t\t\t\t<\/div>\n\t\t<div class=\"elementor-element elementor-element-96efbea e-flex e-con-boxed tm-col-stretched-none tm-bg-color-over-image e-con e-parent\" data-id=\"96efbea\" data-element_type=\"container\">\n\t\t\t\t\t<div class=\"e-con-inner\">\n\t\t<div class=\"elementor-element elementor-element-87a683a e-con-full e-flex tm-col-stretched-none tm-bg-color-over-image e-con e-child\" data-id=\"87a683a\" data-element_type=\"container\">\n\t\t\t\t<div class=\"elementor-element elementor-element-ebd9ff5 horizontal-line-align-left vertical-line-align-bottom elementor-widget elementor-widget-tm-ele-section-title\" data-id=\"ebd9ff5\" data-element_type=\"widget\" data-widget_type=\"tm-ele-section-title.default\">\n\t\t\t\t<div class=\"elementor-widget-container\">\n\t\t\t\t\t<div class=\"tm-sc-section-title section-title line-left-current-theme \">\r\n\t<div class=\"title-wrapper\">\r\n\t\t\t\t\r\n\r\n<div class=\"sub-title-outer\">\r\n\t\t<div class=\"subtitle \">\r\n\r\n\t\t\r\n\t\tSEREN\u0130TY\t<\/div>\r\n\t<\/div>\t\t\t<h1 class=\"title \">\r\n\r\n\t\t\r\n\t\t\t\t<span class=\"title-part1 \">\u0627\u0644\u0645\u0643\u0645\u0644\u0627\u062a \u0627\u0644\u063a\u0630\u0627\u0626\u064a\u0629<\/span>\r\n\t\t\t\t\r\n\t\t\r\n\t<\/h1>\r\n\t<div class=\"title-seperator-line\"><\/div>\t\t\t\t\t\t<\/div>\r\n<\/div>\t\t\t\t<\/div>\n\t\t\t\t<\/div>\n\t\t\t\t<\/div>\n\t\t\t\t\t<\/div>\n\t\t\t\t<\/div>\n\t\t<div class=\"elementor-element elementor-element-8d4f055 e-flex e-con-boxed tm-col-stretched-none tm-bg-color-over-image e-con e-parent\" data-id=\"8d4f055\" data-element_type=\"container\">\n\t\t\t\t\t<div class=\"e-con-inner\">\n\t\t<div class=\"elementor-element elementor-element-a45e60c e-con-full e-flex tm-col-stretched-none tm-bg-color-over-image e-con e-child\" data-id=\"a45e60c\" data-element_type=\"container\">\n\t\t\t\t<div class=\"elementor-element elementor-element-b43afef elementor-widget elementor-widget-image\" data-id=\"b43afef\" data-element_type=\"widget\" data-widget_type=\"image.default\">\n\t\t\t\t\t\t\t\t\t\t\t\t\t\t\t<img fetchpriority=\"high\" decoding=\"async\" width=\"702\" height=\"258\" src=\"https:\/\/www.siahotel.com.tr\/ar\/wp-content\/uploads\/2025\/08\/Ekran-goruntusu-2025-08-11-144220.png\" class=\"attachment-hoteler_landscape size-hoteler_landscape wp-image-17055\" alt=\"Sia Hotel Serenity Takviye G\u0131da\" srcset=\"https:\/\/www.siahotel.com.tr\/ar\/wp-content\/uploads\/2025\/08\/Ekran-goruntusu-2025-08-11-144220.png 702w, https:\/\/www.siahotel.com.tr\/ar\/wp-content\/uploads\/2025\/08\/Ekran-goruntusu-2025-08-11-144220-300x110.png 300w\" sizes=\"255px\" data-kodelisting-lazy-load-sizes=\"(max-width: 702px) 100vw, 702px\" data-kodelisting-loading-image=\"on\" \/>\t\t\t\t\t\t\t\t\t\t\t\t\t\t\t<\/div>\n\t\t\t\t<\/div>\n\t\t\t\t\t<\/div>\n\t\t\t\t<\/div>\n\t\t<div class=\"elementor-element elementor-element-567976a e-flex e-con-boxed tm-col-stretched-none tm-bg-color-over-image e-con e-parent\" data-id=\"567976a\" data-element_type=\"container\">\n\t\t\t\t\t<div class=\"e-con-inner\">\n\t\t\t\t<div class=\"elementor-element elementor-element-c571a8c elementor-widget elementor-widget-spacer\" data-id=\"c571a8c\" data-element_type=\"widget\" data-widget_type=\"spacer.default\">\n\t\t\t\t\t\t\t<div class=\"elementor-spacer\">\n\t\t\t<div class=\"elementor-spacer-inner\"><\/div>\n\t\t<\/div>\n\t\t\t\t\t\t<\/div>\n\t\t\t\t\t<\/div>\n\t\t\t\t<\/div>\n\t\t<div class=\"elementor-element elementor-element-6f364526 e-flex e-con-boxed tm-col-stretched-none tm-bg-color-over-image e-con e-parent\" data-id=\"6f364526\" data-element_type=\"container\">\n\t\t\t\t\t<div class=\"e-con-inner\">\n\t\t\t\t<div class=\"elementor-element elementor-element-5477f501 elementor-widget elementor-widget-text-editor\" data-id=\"5477f501\" data-element_type=\"widget\" data-widget_type=\"text-editor.default\">\n\t\t\t\t\t\t\t\t\t<p style=\"text-align: right;\"><strong>\u0627\u0644\u0645\u0643\u0645\u0644\u0627\u062a \u0627\u0644\u0637\u0628\u064a\u0639\u064a\u0629 \u062a\u0623\u0644\u0642 \u0645\u0639 \u0642\u0648\u0629 \u0627\u0644\u0637\u0628\u064a\u0639\u0629<\/strong><\/p>\n<p style=\"text-align: right;\">Serenity\u202fThermal\u060c\u202fSPA\u202f&amp;\u202fWellness \u0628\u0635\u0641\u062a\u0646\u0627&nbsp; &nbsp;<\/p>\n<p style=\"text-align: right;\">\u0646\u0642\u062f\u0645 \u0644\u0643\u0645 \u0641\u064a \u0631\u062d\u0644\u062a\u0643\u0645 \u0646\u062d\u0648 \u0627\u0644\u062d\u064a\u0627\u0629 \u0627\u0644\u0635\u062d\u064a\u0629 \u0623\u0642\u0648\u0649 \u0645\u0627 \u0641\u064a \u0627\u0644\u0637\u0628\u064a\u0639\u0629 \u0628\u0623\u0643\u062b\u0631 \u0635\u064a\u063a \u0646\u0642\u0627\u0621\u064b \u062a\u0643\u0634\u0641 \u0639\u0646 \u0642\u062f\u0631\u0629 \u0627\u0644\u062c\u0633\u0645 \u0639\u0644\u0649 \u0627\u0644\u062a\u062c\u062f\u062f<\/p>\n<p style=\"text-align: right;\">\u062a\u064f\u0642\u062f\u0651\u064e\u0645 \u0645\u062c\u0645\u0648\u0639\u062a\u0646\u0627 \u0627\u0644\u0645\u062e\u062a\u0627\u0631\u0629 \u0645\u0646 \u0627\u0644\u0645\u0643\u0645\u0644\u0627\u062a \u0627\u0644\u063a\u0630\u0627\u0626\u064a\u0629 \u0627\u0644\u0637\u0628\u064a\u0639\u064a\u0629 \u0644\u062a\u0635\u0641\u064a\u0629 \u0627\u0644\u062c\u0633\u0645\u060c \u062a\u0642\u0648\u064a\u0629 \u0627\u0644\u0645\u0646\u0627\u0639\u0629\u060c \u062a\u0633\u0631\u064a\u0639 \u0627\u0644\u0623\u064a\u0636\u060c \u0648\u0632\u064a\u0627\u062f\u0629 \u0627\u0644\u0637\u0627\u0642\u0629 \u0628\u0627\u0644\u062d\u064a\u0648\u064a\u0629 \u0627\u0644\u0635\u064a\u063a\u0629 \u0627\u0644\u0646\u0628\u0627\u062a\u064a\u0629 \u0627\u0644\u0641\u0631\u064a\u062f\u0629 \u062a\u0642\u062a\u0631\u0646 \u0628\u062e\u064a\u0627\u0631\u0627\u062a \u0645\u062b\u0644 \u0634\u0627\u064a \u0627\u0644\u062f\u064a\u062a\u0648\u0643\u0633\u060c \u0645\u0643\u0645\u0644 \u0627\u0644\u0643\u0648\u0644\u0627\u062c\u064a\u0646\u060c \u0627\u0644\u062e\u0644 \u0627\u0644\u0646\u0628\u0627\u062a\u064a\u060c \u0648\u0627\u0644\u0642\u0647\u0648\u0629 \u0627\u0644\u0648\u0638\u064a\u0641\u064a\u0629 \u0644\u062a\u0639\u0632\u064a\u0632 \u0633\u0644\u0627\u0645\u062a\u0643 \u0648\u0635\u0641\u0627\u0621\u0643<\/p>\n<hr>\n<p style=\"text-align: right;\"><strong>\u0634\u0627\u064a \u0627\u0644\u062f\u064a\u062a\u0648\u0643\u0633 \u0627\u0644\u0646\u0628\u0627\u062a\u064a (\u015e\u0130\u2011Detox)<\/strong><br>\u062a\u0631\u0643\u064a\u0628\u0629 \u0646\u0628\u0627\u062a\u064a\u0629 %100 \u0622\u0645\u0646\u0629 \u0648\u0641\u0639\u0627\u0644\u0629 \u062a\u0646\u0642\u064a \u0627\u0644\u062c\u0633\u0645 \u0645\u0646 \u0627\u0644\u0633\u0645\u0648\u0645\u060c \u062a\u062f\u0639\u0645 \u0627\u0644\u0647\u0636\u0645\u060c \u0648\u062a\u0646\u0634\u0637 \u0627\u0644\u0623\u064a\u0636 \u062a\u0636\u0645 \u0647\u0630\u0647 \u0627\u0644\u0648\u0635\u0641\u0629 \u0627\u0644\u062e\u0627\u0635\u0629 \u0646\u0628\u0627\u062a \u0627\u0644\u0642\u0631\u0627\u0635\u060c \u0648\u062d\u0644\u064a\u0628 \u0627\u0644\u0634\u0648\u0643\u060c \u0648\u0627\u0644\u0634\u0627\u064a \u0627\u0644\u0623\u062e\u0636\u0631\u060c \u0648\u0627\u0644\u0645\u0627\u062a\u0634\u0627\u060c \u0648\u0627\u0644\u0645\u0627\u062a\u064a\u0647\u060c \u0648\u0627\u0644\u0643\u0631\u0643\u0645\u060c \u0648\u0627\u0644\u0642\u0631\u0627\u0635 \u0627\u0644\u0639\u0635\u0628\u064a\u060c \u0648\u0627\u0644\u0631\u0648\u064a\u0628\u0648\u0633 \u062a\u0639\u0632\u0632 \u0627\u0644\u062a\u062e\u0644\u0635 \u0645\u0646 \u0627\u062d\u062a\u0628\u0627\u0633 \u0627\u0644\u0633\u0648\u0627\u0626\u0644\u060c \u062a\u062f\u0639\u0645 \u0635\u062d\u0629 \u0627\u0644\u0643\u0628\u062f\u060c \u062a\u0642\u0648\u0651\u064a \u0627\u0644\u0645\u0646\u0627\u0639\u0629\u060c \u0648\u062a\u062d\u0641\u0651\u0632 \u0627\u0644\u0646\u0634\u0627\u0637 \u0627\u0644\u0630\u0647\u0646\u064a \u0648\u0627\u0644\u062c\u0633\u062f\u064a \u0645\u0639 \u0627\u0644\u0627\u0633\u062a\u062e\u062f\u0627\u0645 \u0627\u0644\u0645\u0646\u062a\u0638\u0645<\/p>\n<hr>\n<p style=\"text-align: right;\"><strong>\u0628\u0631\u0646\u0627\u0645\u062c \u0627\u0644\u062f\u064a\u062a\u0648\u0643\u0633 \u0644\u0645\u062f\u0629 3 \u0623\u064a\u0627\u0645 (Aselea)<\/strong><br>\u0635\u064f\u0645\u0645 \u062e\u0635\u064a\u0635\u064b\u0627 \u0644\u0645\u0646 \u064a\u0633\u0639\u0649 \u0625\u0644\u0649 \u0627\u0644\u0627\u0646\u062a\u0639\u0627\u0634 \u0648\u0627\u0644\u062a\u0646\u0642\u064a\u0629 \u0627\u0644\u0633\u0631\u064a\u0639\u0629 \u064a\u062a\u0643\u0648\u0651\u0646 \u0647\u0630\u0627 \u0627\u0644\u0635\u0646\u062f\u0648\u0642 \u0627\u0644\u0646\u0628\u0627\u062a\u064a \u0627\u0644\u062e\u0627\u0644\u0635 \u0645\u0646 \u0648\u062c\u0628\u0627\u062a \u0631\u0626\u064a\u0633\u064a\u0629\u060c \u0648\u062c\u0628\u0627\u062a \u062e\u0641\u064a\u0641\u0629\u060c \u0648\u0642\u0647\u0648\u0629 \u0648\u0638\u064a\u0641\u064a\u0629 \u062e\u0627\u0644\u064a\u0629 \u0645\u0646 \u0627\u0644\u063a\u0644\u0648\u062a\u064a\u0646 \u0648\u0627\u0644\u0644\u0627\u0643\u062a\u0648\u0632 \u064a\u0632\u064a\u0644 \u0627\u0644\u0627\u0646\u062a\u0641\u0627\u062e \u0648\u062d\u0627\u0644\u0627\u062a \u0627\u0644\u0627\u062d\u062a\u0628\u0627\u0633\u060c \u064a\u0633\u0647\u0651\u0644 \u0627\u0644\u0647\u0636\u0645\u060c \u064a\u062d\u0645\u064a \u0635\u062d\u0629 \u0627\u0644\u0623\u0645\u0639\u0627\u0621\u060c \u064a\u0645\u0646\u062d \u0634\u0639\u0648\u0631\u064b\u0627 \u0637\u0648\u064a\u0644\u064b\u0627 \u0628\u0627\u0644\u0634\u0628\u0639 \u0648\u064a\u062e\u0641\u0651\u0636 \u0627\u0644\u0631\u063a\u0628\u0629 \u0627\u0644\u0634\u062f\u064a\u062f\u0629 \u0628\u0627\u0644\u062d\u0644\u0648\u064a\u0627\u062a \u0635\u064a\u063a \u0628\u0647\u062f\u0641\u00bb3&nbsp; \u0643\u062c\u0645 \u0641\u064a 3 \u0623\u064a\u0627\u0645\u00ab<\/p>\n<hr>\n<p style=\"text-align: right;\"><strong>\u0627\u0644\u0642\u0647\u0648\u0629 \u0627\u0644\u0648\u0638\u064a\u0641\u064a\u0629 (ASL Functional Coffee)<\/strong><br>\u0644\u0645\u064e\u0646 \u064a\u0628\u062f\u0623 \u064a\u0648\u0645\u0647 \u0628\u062d\u0645\u0627\u0633 \u0648\u0648\u0639\u064a \u0635\u062d\u064a \u062a\u0634\u0645\u0644 \u0647\u0630\u0647 \u0627\u0644\u0642\u0647\u0648\u0629 \u0645\u0643\u0648\u0646\u0627\u062a \u062d\u0627\u0631\u0642\u0629 \u0644\u0644\u062f\u0647\u0648\u0646 \u0648\u0645\u0633\u0631\u0651\u0639\u0629 \u0644\u0644\u0623\u064a\u0636 \u0645\u062b\u0644 \u0627\u0644\u0642\u0647\u0648\u0629 \u0627\u0644\u062e\u0636\u0631\u0627\u0621\u060c \u0648\u0627\u0644\u0646\u062c\u0644\u0629 \u0627\u0644\u0623\u0631\u0636\u064a\u0629\u060c \u0648\u0627\u0644\u0647\u0627\u0644\u060c \u0648\u0627\u0644\u0628\u0631\u0648\u0628\u064a\u0627\u0646\u064a\u0646\u060c \u0648\u0627\u0644\u0645\u0627\u062a\u0634\u0627\u060c \u0648\u0627\u0644\u0645\u0648\u0631\u064a\u0646\u063a\u0627\u060c \u0648\u0627\u0644\u0647\u0646\u062f\u0628\u0627\u0621\u060c \u0648\u0627\u0644\u0625\u064a\u0646\u0648\u0644\u064a\u0646\u060c \u0648\u0627\u0644\u062c\u0648\u0627\u0631\u0627\u0646\u0627\u060c \u0648\u0627\u0644\u0633\u0628\u064a\u0631\u0648\u0644\u064a\u0646\u0627 \u0644\u0627 \u062a\u062d\u062a\u0648\u064a \u0639\u0644\u0649 \u0645\u062d\u0644\u064a\u0627\u062a \u0635\u0646\u0627\u0639\u064a\u0629 \u0623\u0648 \u0633\u0643\u0631 \u0625\u0636\u0627\u0641\u064a \u062a\u0639\u0632\u0632 \u0627\u0644\u0634\u0628\u0639 \u0648\u062a\u0633\u0627\u0639\u062f \u0639\u0644\u0649 \u0627\u0644\u062a\u062d\u0643\u0645 \u0641\u064a \u0627\u0644\u0648\u062c\u0628\u0627\u062a\u060c \u062a\u062d\u0633\u0651\u0646 \u0627\u0644\u0623\u062f\u0627\u0621 \u0627\u0644\u0630\u0647\u0646\u064a \u0648\u062a\u0645\u0646\u062d \u0637\u0627\u0642\u0629 \u0645\u0633\u062a\u0645\u0631\u0629 \u0637\u0648\u0627\u0644 \u0627\u0644\u064a\u0648\u0645<\/p>\n<hr>\n<p style=\"text-align: right;\"><strong>\u062e\u0644 \u0627\u0644\u0623\u0639\u0634\u0627\u0628 (Aselea Ab\u2011\u0131 Hayat)<\/strong><br>\u062e\u0644 \u0637\u0628\u064a\u0639\u064a \u063a\u0646\u064a \u0628\u0623\u0643\u062b\u0631 \u0645\u0646 20 \u0646\u0628\u062a\u0629 \u064a\u062f\u0639\u0645 \u0627\u0644\u0623\u064a\u0636\u060c \u064a\u0633\u0647\u0651\u0644 \u0627\u0644\u0647\u0636\u0645\u060c \u0648\u064a\u0642\u0648\u0651\u064a \u0627\u0644\u0645\u0646\u0627\u0639\u0629 \u0645\u0635\u0645\u0651\u0645 \u0645\u0646 \u0627\u0644\u0623\u0646\u0627\u0646\u0627\u0633\u060c \u0648\u0627\u0644\u062a\u0641\u0627\u062d\u060c \u0648\u0627\u0644\u0623\u0631\u0636\u064a \u0634\u0648\u0643\u064a\u060c \u0648\u0627\u0644\u0642\u0631\u0641\u0629\u060c \u0648\u0627\u0644\u0647\u0644\u064a\u0648\u0646\u060c \u0648\u0627\u0644\u0643\u064a\u0646\u0648\u0627\u060c \u0648\u0627\u0644\u0643\u0631\u0643\u0645\u060c \u0648\u0627\u0644\u0644\u064a\u0645\u0648\u0646\u060c \u0648\u0627\u0644\u0647\u064a\u0628\u0633\u0643\u0648\u0633\u060c \u0648\u0648\u0631\u0642 \u0627\u0644\u0632\u064a\u062a\u0648\u0646\u060c \u0648\u0646\u0628\u0627\u062a\u0627\u062a \u0639\u0644\u0627\u062c\u064a\u0629 \u0623\u062e\u0631\u0649 \u064a\u0633\u0627\u0639\u062f \u0639\u0644\u0649 \u0627\u0644\u062a\u062e\u0644\u0635 \u0645\u0646 \u0627\u0644\u0645\u0627\u0621 \u0627\u0644\u0632\u0627\u0626\u062f\u060c \u064a\u0646\u0638\u0651\u0641 \u0627\u0644\u0643\u0628\u062f \u0648\u0627\u0644\u0623\u0645\u0639\u0627\u0621\u060c \u064a\u0645\u0646\u062d \u0634\u0639\u0648\u0631\u064b\u0627 \u0628\u0627\u0644\u0634\u0628\u0639 \u0648\u064a\u0633\u0627\u0639\u062f \u0641\u064a \u0627\u0644\u062a\u062d\u0643\u0645 \u0628\u0648\u0632\u0646 \u0627\u0644\u062c\u0633\u0645<\/p>\n<hr>\n<p style=\"text-align: right;\"><strong>\u0643\u0648\u0644\u0627\u0646\u062c\u0648 (Collango Collagen)<\/strong><br>\u0645\u0643\u0645\u0644 \u0643\u0648\u0644\u0627\u062c\u064a\u0646 \u063a\u0646\u064a \u0628\u0627\u0644\u062c\u0644\u0648\u062a\u0627\u062b\u064a\u0648\u0646 \u0648\u062d\u0645\u0636 \u0627\u0644\u0647\u064a\u0627\u0644\u0648\u0631\u0648\u0646\u064a\u0643 \u064a\u062f\u0639\u0645 \u0635\u062d\u0629 \u0627\u0644\u0628\u0634\u0631\u0629 \u0648\u064a\u0645\u0646\u062d\u0643 \u0625\u0634\u0631\u0627\u0642\u0629 \u062d\u0642\u064a\u0642\u064a\u0629 \u064a\u062d\u062a\u0648\u064a \u0639\u0644\u0649 500\u202f \u0645\u0644\u063a\u0645 \u062c\u0644\u0648\u062a\u0627\u062b\u064a\u0648\u0646\u060c \u0643\u0648\u0644\u0627\u062c\u064a\u0646\u0645\u0646 \u0641\u0631\u0646\u0633\u0627 (\u0627\u0644\u0646\u0648\u0639 \u0627\u0644\u0623\u0648\u0644)\u060c \u062d\u0645\u0636 \u0627\u0644\u0647\u064a\u0627\u0644\u0648\u0631\u0648\u0646\u064a\u0643\u060c \u0627\u0644\u0628\u064a\u0648\u062a\u064a\u0646\u060c \u0627\u0644\u0632\u0646\u0643\u060c \u0648\u0641\u064a\u062a\u0627\u0645\u064a\u0646\u0627\u062a \u0623\u062e\u0631\u0649 \u0627\u0644\u0627\u0633\u062a\u062e\u062f\u0627\u0645 \u0627\u0644\u0645\u0646\u062a\u0638\u0645 \u064a\u0639\u0632\u0632 \u0645\u0631\u0648\u0646\u0629 \u0627\u0644\u0628\u0634\u0631\u0629\u060c \u064a\u0642\u0648\u0651\u064a \u0627\u0644\u0634\u0639\u0631 \u0648\u0627\u0644\u0623\u0638\u0627\u0641\u0631\u060c \u064a\u062f\u0639\u0645 \u0627\u0644\u0645\u0646\u0627\u0639\u0629\u060c \u0648\u064a\u0642\u0644\u0651\u0644 \u0645\u0646 \u0639\u0644\u0627\u0645\u0627\u062a \u0627\u0644\u062a\u0642\u062f\u0645 \u0628\u0627\u0644\u0633\u0646<\/p>\n<hr>\n<p style=\"text-align: right;\"><strong>\u062f\u0639\u0645 \u0637\u0628\u064a\u0639\u064a \u0644\u062d\u064a\u0627\u0629 \u0623\u0643\u062b\u0631 \u0635\u062d\u0629<\/strong><br>\u062a\u0648\u0641\u0631 \u0645\u062c\u0645\u0648\u0639\u0629 \u0627\u0644\u0645\u0643\u0645\u0644\u0627\u062a \u0627\u0644\u0645\u0645\u064a\u0632\u0629 \u0641\u064a \u062d\u0644\u0648\u0644\u064b\u0627 \u0637\u0628\u064a\u0639\u064a\u0629 \u0644\u0623\u062c\u0633\u0627\u062f\u0646\u0627 \u0627\u0644\u0645\u0631\u0647\u0642\u0629 \u0645\u0646 \u0636\u063a\u0648\u0637 \u0627\u0644\u062d\u064a\u0627\u0629 \u0627\u0644\u0645\u0639\u0627\u0635\u0631\u0629 \u0633\u0648\u0627\u0621 \u0631\u063a\u0628\u062a \u0628\u0627\u0644\u062a\u0646\u0642\u064a\u0629 \u0645\u0646 \u062e\u0644\u0627\u0644 \u0627\u0644\u062f\u064a\u062a\u0648\u0643\u0633\u060c \u062a\u0642\u0648\u064a\u0629 \u0627\u0644\u0645\u0646\u0627\u0639\u0629 \u0628\u0627\u0633\u062a\u062e\u062f\u0627\u0645 \u0645\u0643\u0645\u0644\u0627\u062a \u0646\u0628\u0627\u062a\u064a\u0629\u060c \u0623\u0648 \u0627\u0633\u062a\u0639\u0627\u062f\u0629 \u0625\u0634\u0631\u0627\u0642\u0629 \u0628\u0634\u0631\u062a\u0643 \u0639\u0628\u0631 \u0627\u0644\u0643\u0648\u0644\u0627\u062c\u064a\u0646 \u0641\u0633\u062a\u062c\u062f \u0647\u0646\u0627 \u0627\u0644\u062f\u0639\u0645 \u0627\u0644\u0630\u064a \u062a\u0628\u062d\u062b \u0639\u0646\u0647<\/p>\t\t\t\t\t\t\t\t<\/div>\n\t\t\t\t\t<\/div>\n\t\t\t\t<\/div>\n\t\t<div class=\"elementor-element elementor-element-76368474 e-flex e-con-boxed tm-col-stretched-none tm-bg-color-over-image e-con e-parent\" data-id=\"76368474\" data-element_type=\"container\">\n\t\t\t\t\t<div class=\"e-con-inner\">\n\t\t\t\t<div class=\"elementor-element elementor-element-3c4f63e6 elementor-widget elementor-widget-spacer\" data-id=\"3c4f63e6\" data-element_type=\"widget\" data-widget_type=\"spacer.default\">\n\t\t\t\t\t\t\t<div class=\"elementor-spacer\">\n\t\t\t<div class=\"elementor-spacer-inner\"><\/div>\n\t\t<\/div>\n\t\t\t\t\t\t<\/div>\n\t\t\t\t\t<\/div>\n\t\t\t\t<\/div>\n\t\t<div class=\"elementor-element elementor-element-4f4af16a e-flex e-con-boxed tm-col-stretched-none tm-bg-color-over-image e-con e-parent\" data-id=\"4f4af16a\" data-element_type=\"container\" data-settings=\"{&quot;background_background&quot;:&quot;classic&quot;}\">\n\t\t\t\t\t<div class=\"e-con-inner\">\n\t\t<div class=\"elementor-element elementor-element-6a9b7259 e-con-full e-flex tm-col-stretched-none tm-bg-color-over-image e-con e-child\" data-id=\"6a9b7259\" data-element_type=\"container\">\n\t\t\t\t<div class=\"elementor-element elementor-element-ff6c34c elementor-widget elementor-widget-heading\" data-id=\"ff6c34c\" data-element_type=\"widget\" data-widget_type=\"heading.default\">\n\t\t\t\t\t<h3 class=\"elementor-heading-title elementor-size-default\"><a href=\"tel:+902243240202\"><u>\u0644\u0644\u0645\u0632\u064a\u062f \u0645\u0646 \u0627\u0644\u0645\u0639\u0644\u0648\u0645\u0627\u062a \u0627\u062a\u0635\u0644\u0648\u0627 \u0628\u0646\u0627<\/u><\/a><\/h3>\t\t\t\t<\/div>\n\t\t\t\t<div class=\"elementor-element elementor-element-5e8c651e elementor-widget elementor-widget-tm-ele-social-links\" data-id=\"5e8c651e\" data-element_type=\"widget\" data-widget_type=\"tm-ele-social-links.default\">\n\t\t\t\t<div class=\"elementor-widget-container\">\n\t\t\t\t\t<ul class=\"tm-sc-social-links links-outlined\">\r\n\r\n\t\t\t<li><a class=\"social-link\" aria-label=\"Social Link\" href=\"https:\/\/www.facebook.com\/siahotelthermalspa\" target=\"_self\"><i class=\"fa fa-facebook\"><\/i><\/a><\/li>\r\n\t\t\r\n\t\t<li><a class=\"social-link\" aria-label=\"Social Link\" href=\"https:\/\/www.linkedin.com\/company\/sia-hotel-thermal-spa\/\" target=\"_self\"><i class=\"fa fa-linkedin\"><\/i><\/a><\/li>\r\n\t\t\t<li><a class=\"social-link\" aria-label=\"Social Link\" href=\"https:\/\/www.instagram.com\/siahotelthermalspa\" target=\"_self\"><i class=\"fa fa-instagram\"><\/i><\/a><\/li>\r\n\t\t\r\n\t\t\t<\/ul>\t\t\t\t<\/div>\n\t\t\t\t<\/div>\n\t\t\t\t<\/div>\n\t\t\t\t\t<\/div>\n\t\t\t\t<\/div>\n\t\t<div class=\"elementor-element elementor-element-2a3df7f e-flex e-con-boxed tm-col-stretched-none tm-bg-color-over-image e-con e-parent\" data-id=\"2a3df7f\" data-element_type=\"container\">\n\t\t\t\t\t<div class=\"e-con-inner\">\n\t\t\t\t<div class=\"elementor-element elementor-element-2e11a12c elementor-widget elementor-widget-spacer\" data-id=\"2e11a12c\" data-element_type=\"widget\" data-widget_type=\"spacer.default\">\n\t\t\t\t\t\t\t<div class=\"elementor-spacer\">\n\t\t\t<div class=\"elementor-spacer-inner\"><\/div>\n\t\t<\/div>\n\t\t\t\t\t\t<\/div>\n\t\t\t\t\t<\/div>\n\t\t\t\t<\/div>\n\t\t<div class=\"elementor-element elementor-element-7cea3254 e-flex e-con-boxed tm-col-stretched-none tm-bg-color-over-image e-con e-parent\" data-id=\"7cea3254\" data-element_type=\"container\">\n\t\t\t\t\t<div class=\"e-con-inner\">\n\t\t<div class=\"elementor-element elementor-element-13396d15 e-con-full e-flex tm-col-stretched-none tm-bg-color-over-image e-con e-child\" data-id=\"13396d15\" data-element_type=\"container\">\n\t\t<div class=\"elementor-element elementor-element-4ad23d13 e-con-full tm-col-stretched-none e-flex tm-bg-color-over-image e-con e-child\" data-id=\"4ad23d13\" data-element_type=\"container\">\n\t\t\t\t<div class=\"elementor-element elementor-element-281f427c elementor-widget elementor-widget-shortcode\" data-id=\"281f427c\" data-element_type=\"widget\" data-widget_type=\"shortcode.default\">\n\t\t\t\t\t\t\t<div class=\"elementor-shortcode\">\t\t<div id=\"sbi_mod_error\" >\n\t\t\t<span>Bu hata mesaj\u0131n\u0131 yaln\u0131zca WordPress y\u00f6neticileri g\u00f6rebilir<\/span><br\/>\n\t\t\t<p><strong>Hata: 1 kimli\u011fine sahip hi\u00e7bir ak\u0131\u015f bulunamad\u0131.<\/strong>\n\t\t\t<p>Bir ak\u0131\u015f olu\u015fturmak i\u00e7in l\u00fctfen Instagram Ak\u0131\u015f\u0131 ayarlar sayfas\u0131na gidin.<\/p>\n\t\t<\/div>\n\t\t<\/div>\n\t\t\t\t\t\t<\/div>\n\t\t\t\t<\/div>\n\t\t\t\t<\/div>\n\t\t\t\t\t<\/div>\n\t\t\t\t<\/div>\n\t\t\t\t<\/div>\n\t\t","protected":false},"excerpt":{"rendered":"<p>SEREN\u0130TY \u0627\u0644\u0645\u0643\u0645\u0644\u0627\u062a \u0627\u0644\u063a\u0630\u0627\u0626\u064a\u0629 \u0627\u0644\u0645\u0643\u0645\u0644\u0627\u062a \u0627\u0644\u0637\u0628\u064a\u0639\u064a\u0629 \u062a\u0623\u0644\u0642 \u0645\u0639 \u0642\u0648\u0629 \u0627\u0644\u0637\u0628\u064a\u0639\u0629 Serenity\u202fThermal\u060c\u202fSPA\u202f&amp;\u202fWellness \u0628\u0635\u0641\u062a\u0646\u0627&nbsp; &nbsp; \u0646\u0642\u062f\u0645 \u0644\u0643\u0645 \u0641\u064a \u0631\u062d\u0644\u062a\u0643\u0645 \u0646\u062d\u0648 \u0627\u0644\u062d\u064a\u0627\u0629 \u0627\u0644\u0635\u062d\u064a\u0629 \u0623\u0642\u0648\u0649&#8230;<\/p>\n","protected":false},"author":1,"featured_media":0,"parent":0,"menu_order":0,"comment_status":"closed","ping_status":"closed","template":"","meta":{"_monsterinsights_skip_tracking":false,"_monsterinsights_sitenote_active":false,"_monsterinsights_sitenote_note":"","_monsterinsights_sitenote_category":0,"footnotes":""},"class_list":["post-16575","page","type-page","status-publish","hentry"],"aioseo_notices":[],"_links":{"self":[{"href":"https:\/\/www.siahotel.com.tr\/ar\/wp-json\/wp\/v2\/pages\/16575","targetHints":{"allow":["GET"]}}],"collection":[{"href":"https:\/\/www.siahotel.com.tr\/ar\/wp-json\/wp\/v2\/pages"}],"about":[{"href":"https:\/\/www.siahotel.com.tr\/ar\/wp-json\/wp\/v2\/types\/page"}],"author":[{"embeddable":true,"href":"https:\/\/www.siahotel.com.tr\/ar\/wp-json\/wp\/v2\/users\/1"}],"replies":[{"embeddable":true,"href":"https:\/\/www.siahotel.com.tr\/ar\/wp-json\/wp\/v2\/comments?post=16575"}],"version-history":[{"count":34,"href":"https:\/\/www.siahotel.com.tr\/ar\/wp-json\/wp\/v2\/pages\/16575\/revisions"}],"predecessor-version":[{"id":18297,"href":"https:\/\/www.siahotel.com.tr\/ar\/wp-json\/wp\/v2\/pages\/16575\/revisions\/18297"}],"wp:attachment":[{"href":"https:\/\/www.siahotel.com.tr\/ar\/wp-json\/wp\/v2\/media?parent=16575"}],"curies":[{"name":"wp","href":"https:\/\/api.w.org\/{rel}","templated":true}]}}