{"id":16371,"date":"2025-08-07T08:14:24","date_gmt":"2025-08-07T08:14:24","guid":{"rendered":"https:\/\/www.siahotel.com.tr\/ar\/?page_id=16371"},"modified":"2025-08-23T12:51:39","modified_gmt":"2025-08-23T12:51:39","slug":"jakuzi","status":"publish","type":"page","link":"https:\/\/www.siahotel.com.tr\/ar\/jakuzi\/","title":{"rendered":"Jakuzi"},"content":{"rendered":"\t\t<div data-elementor-type=\"wp-page\" data-elementor-id=\"16371\" class=\"elementor elementor-16371\">\n\t\t\t\t<div class=\"elementor-element elementor-element-298f42f e-flex e-con-boxed tm-col-stretched-none tm-bg-color-over-image e-con e-parent\" data-id=\"298f42f\" data-element_type=\"container\">\n\t\t\t\t\t<div class=\"e-con-inner\">\n\t\t\t\t<div class=\"elementor-element elementor-element-51164c1 elementor-widget elementor-widget-spacer\" data-id=\"51164c1\" data-element_type=\"widget\" data-widget_type=\"spacer.default\">\n\t\t\t\t\t\t\t<div class=\"elementor-spacer\">\n\t\t\t<div class=\"elementor-spacer-inner\"><\/div>\n\t\t<\/div>\n\t\t\t\t\t\t<\/div>\n\t\t\t\t\t<\/div>\n\t\t\t\t<\/div>\n\t\t<div class=\"elementor-element elementor-element-da4fabd e-flex e-con-boxed tm-col-stretched-none tm-bg-color-over-image e-con e-parent\" data-id=\"da4fabd\" data-element_type=\"container\">\n\t\t\t\t\t<div class=\"e-con-inner\">\n\t\t<div class=\"elementor-element elementor-element-935de9f e-con-full e-flex tm-col-stretched-none tm-bg-color-over-image e-con e-child\" data-id=\"935de9f\" data-element_type=\"container\">\n\t\t\t\t<div class=\"elementor-element elementor-element-7b2544b horizontal-line-align-left vertical-line-align-bottom elementor-widget elementor-widget-tm-ele-section-title\" data-id=\"7b2544b\" data-element_type=\"widget\" data-widget_type=\"tm-ele-section-title.default\">\n\t\t\t\t<div class=\"elementor-widget-container\">\n\t\t\t\t\t<div class=\"tm-sc-section-title section-title line-left-current-theme \">\r\n\t<div class=\"title-wrapper\">\r\n\t\t\t\t\r\n\r\n<div class=\"sub-title-outer\">\r\n\t\t<div class=\"subtitle \">\r\n\r\n\t\t\r\n\t\tSerenity\t<\/div>\r\n\t<\/div>\t\t\t<h1 class=\"title \">\r\n\r\n\t\t\r\n\t\t\t\t<span class=\"title-part1 \">\u062c\u0627\u0643\u0648\u0632\u064a<\/span>\r\n\t\t\t\t\r\n\t\t\r\n\t<\/h1>\r\n\t<div class=\"title-seperator-line\"><\/div>\t\t\t\t\t\t<\/div>\r\n<\/div>\t\t\t\t<\/div>\n\t\t\t\t<\/div>\n\t\t\t\t<\/div>\n\t\t\t\t\t<\/div>\n\t\t\t\t<\/div>\n\t\t<div class=\"elementor-element elementor-element-5aeb315 e-flex e-con-boxed tm-col-stretched-none tm-bg-color-over-image e-con e-parent\" data-id=\"5aeb315\" data-element_type=\"container\">\n\t\t\t\t\t<div class=\"e-con-inner\">\n\t\t\t\t<div class=\"elementor-element elementor-element-76cda64 elementor-widget elementor-widget-image\" data-id=\"76cda64\" data-element_type=\"widget\" data-widget_type=\"image.default\">\n\t\t\t\t\t\t\t\t\t\t\t\t\t\t\t<img fetchpriority=\"high\" decoding=\"async\" width=\"1100\" height=\"550\" src=\"https:\/\/www.siahotel.com.tr\/ar\/wp-content\/uploads\/2025\/08\/WhatsApp-Image-2025-08-05-at-10.15.12-1100x550.jpeg\" class=\"attachment-hoteler_landscape size-hoteler_landscape wp-image-15866\" alt=\"Sia Hotel Termal Havuz\" \/>\t\t\t\t\t\t\t\t\t\t\t\t\t\t\t<\/div>\n\t\t\t\t\t<\/div>\n\t\t\t\t<\/div>\n\t\t<div class=\"elementor-element elementor-element-5405b57a e-flex e-con-boxed tm-col-stretched-none tm-bg-color-over-image e-con e-parent\" data-id=\"5405b57a\" data-element_type=\"container\">\n\t\t\t\t\t<div class=\"e-con-inner\">\n\t\t\t\t<div class=\"elementor-element elementor-element-66825665 elementor-widget elementor-widget-text-editor\" data-id=\"66825665\" data-element_type=\"widget\" data-widget_type=\"text-editor.default\">\n\t\t\t\t\t\t\t\t\t<hr data-start=\"113\" data-end=\"116\" \/><p data-start=\"118\" data-end=\"187\" style=\"text-align: right;\"><strong data-start=\"118\" data-end=\"187\">\u0646\u0642\u0637\u0629 \u0627\u0644\u0634\u0641\u0627\u0621 \u062d\u064a\u062b \u064a\u0644\u062a\u0642\u064a \u0627\u0644\u0631\u0627\u062d\u0629 \u0627\u0644\u0634\u062e\u0635\u064a\u0629 \u0628\u0627\u0644\u062a\u0643\u0646\u0648\u0644\u0648\u062c\u064a\u0627\u202f \u062a\u062c\u0631\u0628\u0629 \u0627\u0644\u062c\u0627\u0643\u0648\u0632\u064a<\/strong><\/p><p data-start=\"189\" data-end=\"363\" style=\"text-align: right;\">\u00a0\u00a0<span data-start=\"192\" data-end=\"238\" style=\"font-weight: bold; color: #333333; margin-bottom: 0px;\">Sia Hotel Serenity Thermal, SPA &amp; Wellness<\/span>\u00a0\u0641\u064a\u00a0<\/p><p data-start=\"189\" data-end=\"363\" style=\"text-align: right;\">\u0646\u0648\u062d\u0651\u062f \u0628\u064a\u0646 \u0642\u0648\u0629 \u0627\u0644\u0645\u0627\u0621 \u0627\u0644\u0634\u0627\u0641\u064a\u0629 \u0648\u0627\u0644\u062a\u0643\u0646\u0648\u0644\u0648\u062c\u064a\u0627 \u0627\u0644\u062d\u062f\u064a\u062b\u0629 \u0644\u0646\u0642\u062f\u0651\u0645 \u0644\u0643\u0645 \u062a\u062c\u0631\u0628\u0629 \u062c\u0627\u0643\u0648\u0632\u064a \u0645\u0635\u0645\u0651\u0645\u0629 \u062e\u0635\u064a\u0635\u064b\u0627 \u0644\u0645\u0646 \u064a\u0628\u062d\u062b\u0648\u0646 \u0639\u0646 \u0631\u0627\u062d\u0629 \u062c\u0633\u062f\u064a\u0629 \u0648\u0630\u0647\u0646\u064a\u0629 \u0641\u0631\u064a\u062f\u0629<\/p><p data-start=\"365\" data-end=\"642\" style=\"text-align: right;\">\u064a\u0639\u062a\u0645\u062f \u0646\u0638\u0627\u0645 \u0627\u0644\u062c\u0627\u0643\u0648\u0632\u064a \u0644\u062f\u064a\u0646\u0627 \u0639\u0644\u0649 \u062a\u0642\u0646\u064a\u0629 \u0627\u0644\u0645\u0633\u0627\u062c \u0627\u0644\u0645\u0627\u0626\u064a \u0627\u0644\u0645\u062a\u0642\u062f\u0651\u0645\u0629 \u0627\u0644\u062a\u064a \u062a\u0639\u0645\u0644 \u0628\u062a\u0646\u0633\u064a\u0642 \u0627\u0644\u0645\u0627\u0621 \u0648\u0627\u0644\u0647\u0648\u0627\u0621 \u0645\u0646 \u062e\u0644\u0627\u0644 \u0646\u0641\u0627\u062b\u0627\u062a \u0645\u062a\u0637\u0648\u0631\u0629 \u062a\u0632\u064a\u062f \u0645\u0646 \u0627\u0644\u062f\u0648\u0631\u0629 \u0627\u0644\u062f\u0645\u0648\u064a\u0629\u060c \u062a\u064f\u0631\u062e\u064a \u0627\u0644\u0639\u0636\u0644\u0627\u062a\u060c \u0648\u062a\u064f\u0648\u0627\u0632\u0646 \u062a\u062f\u0641\u0642 \u0627\u0644\u0637\u0627\u0642\u0629 \u064a\u062a\u062c\u0644\u0651\u0649 \u0627\u0644\u062a\u0623\u062b\u064a\u0631 \u0627\u0644\u0639\u0644\u0627\u062c\u064a \u0628\u0648\u0636\u0648\u062d \u062e\u0627\u0635\u0629 \u0641\u064a \u0645\u0646\u0627\u0637\u0642 \u0627\u0644\u0638\u0647\u0631\u060c \u0627\u0644\u0648\u0633\u0637\u060c \u0648\u0627\u0644\u0623\u0631\u062c\u0644 \u062a\u0627\u0631\u0643\u0627 \u062a\u0639\u0628 \u0627\u0644\u064a\u0648\u0645 \u0645\u0643\u0627\u0646\u0647 \u0644\u0644\u0627\u0646\u0633\u064a\u0627\u0628\u064a\u0629 \u0648\u0627\u0644\u0631\u0627\u062d\u0629<\/p><p data-start=\"644\" data-end=\"845\" style=\"text-align: right;\">\u064a\u0645\u0643\u0646\u0643 \u062a\u062e\u0635\u064a\u0635 \u062a\u062c\u0631\u0628\u062a\u0643 \u0628\u0633\u0647\u0648\u0644\u0629 \u0639\u0628\u0631 \u0644\u0648\u062d\u0629 \u062a\u062d\u0643\u0651\u0645 \u0631\u0642\u0645\u064a\u0629 \u062a\u062a\u062d\u0643\u0651\u0645 \u0628\u062f\u0631\u062c\u0629 \u062d\u0631\u0627\u0631\u0629 \u0627\u0644\u0645\u064a\u0627\u0647\u060c \u0642\u0648\u0629 \u0627\u0644\u0646\u0641\u0627\u062b\u0627\u062a\u060c \u0648\u0627\u0644\u0645\u062f\u0629 \u0627\u0644\u0632\u0645\u0646\u064a\u0629 \u0644\u0644\u0625\u0633\u062a\u0645\u062a\u0627\u0639 \u0628\u0627\u0644\u062c\u0644\u0633\u0629 \u0643\u0645\u0627 \u0623\u0646 \u0627\u0644\u0625\u0636\u0627\u0621\u0629 \u0627\u0644\u0645\u062f\u0645\u062c\u0629 \u0628\u062a\u0642\u0646\u064a\u0629\u00a0 \u0627\u0644\u0635\u0645\u0627\u0645 \u0627\u0644\u062b\u0646\u0627\u0626\u064a \u0627\u0644\u0628\u0627\u0639\u062b \u0644\u0644\u0636\u0648\u0621 \u062a\u062e\u0644\u0642 \u0645\u0638\u0647\u0631\u064b\u0627 \u0628\u0635\u0631\u064a\u064b\u0627 \u0639\u0644\u0627\u062c\u064a\u064b\u0627 \u0645\u0631\u064a\u062d\u064b\u0627 \u0644\u0644\u0646\u0638\u0631 \u0648\u0627\u0644\u0631\u0648\u062d<\/p><p data-start=\"847\" data-end=\"996\" style=\"text-align: right;\">\u062a\u0648\u0644\u064a \u0645\u0646\u0637\u0642\u0629 \u0627\u0644\u062c\u0627\u0643\u0648\u0632\u064a \u0641\u064a \u0641\u0646\u062f\u0642\u202f \u0623\u0639\u0644\u0649 \u0645\u0639\u0627\u064a\u064a\u0631 \u0627\u0644\u062e\u0635\u0648\u0635\u064a\u0629 \u0648\u0627\u0644\u0646\u0638\u0627\u0641\u0629 \u0628\u0639\u062f \u0643\u0644 \u0627\u0633\u062a\u062e\u062f\u0627\u0645 \u064a\u064f\u0646\u0638\u0651\u0641 \u0627\u0644\u0645\u0643\u0627\u0646 \u0628\u0639\u0646\u0627\u064a\u0629 \u0641\u0627\u0626\u0642\u0629 \u0644\u064a\u0636\u0645\u0646 \u0644\u0643 \u062a\u062c\u0631\u0628\u0629 \u0627\u0633\u062a\u0631\u062e\u0627\u0621 \u0627\u0633\u062a\u062b\u0646\u0627\u0626\u064a\u0629 \u0648\u0645\u0645\u064a\u0632\u0629<\/p><p data-start=\"998\" data-end=\"1101\" style=\"text-align: right;\">Sia\u202fHotel\u00a0 \u0627\u0643\u062a\u0634\u0641 \u062a\u062c\u0631\u0628\u0629 \u0627\u0644\u062c\u0627\u0643\u0648\u0632\u064a \u0627\u0644\u062e\u0627\u0635\u0629 \u0641\u064a \u0641\u0646\u062f\u0642\u202f\u00a0\u00a0<\/p><p data-start=\"998\" data-end=\"1101\" style=\"text-align: right;\">\u00a0 \u00a0 \u00a0 \u00a0\u0648\u0631\u062f\u0651 \u0639\u0644\u0649 \u0646\u0641\u0633\u0643 \u0627\u0644\u0641\u0631\u0635\u0629 \u0644\u0644\u0647\u0631\u0648\u0628 \u0645\u0646 \u0636\u063a\u0648\u0637 \u0627\u0644\u064a\u0648\u0645 \u0648\u0627\u0644\u0627\u0647\u062a\u0645\u0627\u0645 \u0628\u0630\u0627\u062a\u0643<\/p>\t\t\t\t\t\t\t\t<\/div>\n\t\t\t\t\t<\/div>\n\t\t\t\t<\/div>\n\t\t<div class=\"elementor-element elementor-element-44205a86 e-flex e-con-boxed tm-col-stretched-none tm-bg-color-over-image e-con e-parent\" data-id=\"44205a86\" data-element_type=\"container\">\n\t\t\t\t\t<div class=\"e-con-inner\">\n\t\t\t\t<div class=\"elementor-element elementor-element-5523a605 elementor-widget elementor-widget-spacer\" data-id=\"5523a605\" data-element_type=\"widget\" data-widget_type=\"spacer.default\">\n\t\t\t\t\t\t\t<div class=\"elementor-spacer\">\n\t\t\t<div class=\"elementor-spacer-inner\"><\/div>\n\t\t<\/div>\n\t\t\t\t\t\t<\/div>\n\t\t\t\t\t<\/div>\n\t\t\t\t<\/div>\n\t\t<div class=\"elementor-element elementor-element-741e082b e-flex e-con-boxed tm-col-stretched-none tm-bg-color-over-image e-con e-parent\" data-id=\"741e082b\" data-element_type=\"container\" data-settings=\"{&quot;background_background&quot;:&quot;classic&quot;}\">\n\t\t\t\t\t<div class=\"e-con-inner\">\n\t\t<div class=\"elementor-element elementor-element-5bc0bfbb e-con-full e-flex tm-col-stretched-none tm-bg-color-over-image e-con e-child\" data-id=\"5bc0bfbb\" data-element_type=\"container\">\n\t\t\t\t<div class=\"elementor-element elementor-element-57f648dd elementor-widget elementor-widget-heading\" data-id=\"57f648dd\" data-element_type=\"widget\" data-widget_type=\"heading.default\">\n\t\t\t\t\t<h3 class=\"elementor-heading-title elementor-size-default\"><a href=\"tel:+902243240202\"><u>\u0644\u0644\u0645\u0632\u064a\u062f \u0645\u0646 \u0627\u0644\u0645\u0639\u0644\u0648\u0645\u0627\u062a \u0627\u062a\u0635\u0644\u0648\u0627 \u0628\u0646\u0627<\/u><\/a><\/h3>\t\t\t\t<\/div>\n\t\t\t\t<div class=\"elementor-element elementor-element-4ab61042 elementor-widget elementor-widget-tm-ele-social-links\" data-id=\"4ab61042\" data-element_type=\"widget\" data-widget_type=\"tm-ele-social-links.default\">\n\t\t\t\t<div class=\"elementor-widget-container\">\n\t\t\t\t\t<ul class=\"tm-sc-social-links links-outlined\">\r\n\r\n\t\t\t<li><a class=\"social-link\" aria-label=\"Social Link\" href=\"https:\/\/www.facebook.com\/siahotelthermalspa\" target=\"_self\"><i class=\"fa fa-facebook\"><\/i><\/a><\/li>\r\n\t\t\r\n\t\t<li><a class=\"social-link\" aria-label=\"Social Link\" href=\"https:\/\/www.linkedin.com\/company\/sia-hotel-thermal-spa\/\" target=\"_self\"><i class=\"fa fa-linkedin\"><\/i><\/a><\/li>\r\n\t\t\t<li><a class=\"social-link\" aria-label=\"Social Link\" href=\"https:\/\/www.instagram.com\/siahotelthermalspa\" target=\"_self\"><i class=\"fa fa-instagram\"><\/i><\/a><\/li>\r\n\t\t\r\n\t\t\t<\/ul>\t\t\t\t<\/div>\n\t\t\t\t<\/div>\n\t\t\t\t<\/div>\n\t\t\t\t\t<\/div>\n\t\t\t\t<\/div>\n\t\t<div class=\"elementor-element elementor-element-55c67c45 e-flex e-con-boxed tm-col-stretched-none tm-bg-color-over-image e-con e-parent\" data-id=\"55c67c45\" data-element_type=\"container\">\n\t\t\t\t\t<div class=\"e-con-inner\">\n\t\t\t\t<div class=\"elementor-element elementor-element-6e0c9c5f elementor-widget elementor-widget-spacer\" data-id=\"6e0c9c5f\" data-element_type=\"widget\" data-widget_type=\"spacer.default\">\n\t\t\t\t\t\t\t<div class=\"elementor-spacer\">\n\t\t\t<div class=\"elementor-spacer-inner\"><\/div>\n\t\t<\/div>\n\t\t\t\t\t\t<\/div>\n\t\t\t\t\t<\/div>\n\t\t\t\t<\/div>\n\t\t<div class=\"elementor-element elementor-element-5c6a2a94 e-flex e-con-boxed tm-col-stretched-none tm-bg-color-over-image e-con e-parent\" data-id=\"5c6a2a94\" data-element_type=\"container\">\n\t\t\t\t\t<div class=\"e-con-inner\">\n\t\t<div class=\"elementor-element elementor-element-40b47112 e-con-full e-flex tm-col-stretched-none tm-bg-color-over-image e-con e-child\" data-id=\"40b47112\" data-element_type=\"container\">\n\t\t<div class=\"elementor-element elementor-element-276e2e21 e-con-full tm-col-stretched-none e-flex tm-bg-color-over-image e-con e-child\" data-id=\"276e2e21\" data-element_type=\"container\">\n\t\t\t\t<div class=\"elementor-element elementor-element-34622cc3 elementor-widget elementor-widget-shortcode\" data-id=\"34622cc3\" data-element_type=\"widget\" data-widget_type=\"shortcode.default\">\n\t\t\t\t\t\t\t<div class=\"elementor-shortcode\">\t\t<div id=\"sbi_mod_error\" >\n\t\t\t<span>Bu hata mesaj\u0131n\u0131 yaln\u0131zca WordPress y\u00f6neticileri g\u00f6rebilir<\/span><br\/>\n\t\t\t<p><strong>Hata: 1 kimli\u011fine sahip hi\u00e7bir ak\u0131\u015f bulunamad\u0131.<\/strong>\n\t\t\t<p>Bir ak\u0131\u015f olu\u015fturmak i\u00e7in l\u00fctfen Instagram Ak\u0131\u015f\u0131 ayarlar sayfas\u0131na gidin.<\/p>\n\t\t<\/div>\n\t\t<\/div>\n\t\t\t\t\t\t<\/div>\n\t\t\t\t<\/div>\n\t\t\t\t<\/div>\n\t\t\t\t\t<\/div>\n\t\t\t\t<\/div>\n\t\t\t\t<\/div>\n\t\t","protected":false},"excerpt":{"rendered":"<p>Serenity \u062c\u0627\u0643\u0648\u0632\u064a \u0646\u0642\u0637\u0629 \u0627\u0644\u0634\u0641\u0627\u0621 \u062d\u064a\u062b \u064a\u0644\u062a\u0642\u064a \u0627\u0644\u0631\u0627\u062d\u0629 \u0627\u0644\u0634\u062e\u0635\u064a\u0629 \u0628\u0627\u0644\u062a\u0643\u0646\u0648\u0644\u0648\u062c\u064a\u0627\u202f \u062a\u062c\u0631\u0628\u0629 \u0627\u0644\u062c\u0627\u0643\u0648\u0632\u064a \u00a0\u00a0Sia Hotel Serenity Thermal, SPA &amp; Wellness\u00a0\u0641\u064a\u00a0 \u0646\u0648\u062d\u0651\u062f \u0628\u064a\u0646&#8230;<\/p>\n","protected":false},"author":1,"featured_media":0,"parent":0,"menu_order":0,"comment_status":"closed","ping_status":"closed","template":"","meta":{"_monsterinsights_skip_tracking":false,"_monsterinsights_sitenote_active":false,"_monsterinsights_sitenote_note":"","_monsterinsights_sitenote_category":0,"footnotes":""},"class_list":["post-16371","page","type-page","status-publish","hentry"],"aioseo_notices":[],"_links":{"self":[{"href":"https:\/\/www.siahotel.com.tr\/ar\/wp-json\/wp\/v2\/pages\/16371","targetHints":{"allow":["GET"]}}],"collection":[{"href":"https:\/\/www.siahotel.com.tr\/ar\/wp-json\/wp\/v2\/pages"}],"about":[{"href":"https:\/\/www.siahotel.com.tr\/ar\/wp-json\/wp\/v2\/types\/page"}],"author":[{"embeddable":true,"href":"https:\/\/www.siahotel.com.tr\/ar\/wp-json\/wp\/v2\/users\/1"}],"replies":[{"embeddable":true,"href":"https:\/\/www.siahotel.com.tr\/ar\/wp-json\/wp\/v2\/comments?post=16371"}],"version-history":[{"count":25,"href":"https:\/\/www.siahotel.com.tr\/ar\/wp-json\/wp\/v2\/pages\/16371\/revisions"}],"predecessor-version":[{"id":18005,"href":"https:\/\/www.siahotel.com.tr\/ar\/wp-json\/wp\/v2\/pages\/16371\/revisions\/18005"}],"wp:attachment":[{"href":"https:\/\/www.siahotel.com.tr\/ar\/wp-json\/wp\/v2\/media?parent=16371"}],"curies":[{"name":"wp","href":"https:\/\/api.w.org\/{rel}","templated":true}]}}