{"id":16222,"date":"2025-08-06T16:07:15","date_gmt":"2025-08-06T16:07:15","guid":{"rendered":"https:\/\/www.siahotel.com.tr\/ar\/?page_id=16222"},"modified":"2025-08-23T12:43:45","modified_gmt":"2025-08-23T12:43:45","slug":"lokal-peloid-terapi","status":"publish","type":"page","link":"https:\/\/www.siahotel.com.tr\/ar\/lokal-peloid-terapi\/","title":{"rendered":"Lokal Peloid Terapi"},"content":{"rendered":"\t\t<div data-elementor-type=\"wp-page\" data-elementor-id=\"16222\" class=\"elementor elementor-16222\">\n\t\t\t\t<div class=\"elementor-element elementor-element-a36940c e-flex e-con-boxed tm-col-stretched-none tm-bg-color-over-image e-con e-parent\" data-id=\"a36940c\" data-element_type=\"container\">\n\t\t\t\t\t<div class=\"e-con-inner\">\n\t\t\t\t<div class=\"elementor-element elementor-element-1bf708b elementor-widget elementor-widget-spacer\" data-id=\"1bf708b\" data-element_type=\"widget\" data-widget_type=\"spacer.default\">\n\t\t\t\t\t\t\t<div class=\"elementor-spacer\">\n\t\t\t<div class=\"elementor-spacer-inner\"><\/div>\n\t\t<\/div>\n\t\t\t\t\t\t<\/div>\n\t\t\t\t\t<\/div>\n\t\t\t\t<\/div>\n\t\t<div class=\"elementor-element elementor-element-f765075 e-flex e-con-boxed tm-col-stretched-none tm-bg-color-over-image e-con e-parent\" data-id=\"f765075\" data-element_type=\"container\">\n\t\t\t\t\t<div class=\"e-con-inner\">\n\t\t<div class=\"elementor-element elementor-element-0d9e0cd e-con-full e-flex tm-col-stretched-none tm-bg-color-over-image e-con e-child\" data-id=\"0d9e0cd\" data-element_type=\"container\">\n\t\t\t\t<div class=\"elementor-element elementor-element-f15a40d horizontal-line-align-left vertical-line-align-bottom elementor-widget elementor-widget-tm-ele-section-title\" data-id=\"f15a40d\" data-element_type=\"widget\" data-widget_type=\"tm-ele-section-title.default\">\n\t\t\t\t<div class=\"elementor-widget-container\">\n\t\t\t\t\t<div class=\"tm-sc-section-title section-title line-left-current-theme \">\r\n\t<div class=\"title-wrapper\">\r\n\t\t\t\t\r\n\r\n<div class=\"sub-title-outer\">\r\n\t\t<div class=\"subtitle \">\r\n\r\n\t\t\r\n\t\tserenity\t<\/div>\r\n\t<\/div>\t\t\t<h1 class=\"title \">\r\n\r\n\t\t\r\n\t\t\t\t<span class=\"title-part1 \">\u0627\u0644\u0639\u0644\u0627\u062c \u0628\u0627\u0644\u0637\u064a\u0646 \u0627\u0644\u0645\u0639\u062f\u0646\u064a<\/span>\r\n\t\t\t\t\r\n\t\t\r\n\t<\/h1>\r\n\t<div class=\"title-seperator-line\"><\/div>\t\t\t\t\t\t<\/div>\r\n<\/div>\t\t\t\t<\/div>\n\t\t\t\t<\/div>\n\t\t\t\t<\/div>\n\t\t\t\t\t<\/div>\n\t\t\t\t<\/div>\n\t\t<div class=\"elementor-element elementor-element-db5aae9 e-flex e-con-boxed tm-col-stretched-none tm-bg-color-over-image e-con e-parent\" data-id=\"db5aae9\" data-element_type=\"container\">\n\t\t\t\t\t<div class=\"e-con-inner\">\n\t\t<div class=\"elementor-element elementor-element-e42ed4a e-con-full e-flex tm-col-stretched-none tm-bg-color-over-image e-con e-child\" data-id=\"e42ed4a\" data-element_type=\"container\">\n\t\t\t\t<div class=\"elementor-element elementor-element-a8b9364 elementor-widget elementor-widget-image\" data-id=\"a8b9364\" data-element_type=\"widget\" data-widget_type=\"image.default\">\n\t\t\t\t\t\t\t\t\t\t\t\t\t\t\t<img fetchpriority=\"high\" decoding=\"async\" width=\"702\" height=\"550\" src=\"https:\/\/www.siahotel.com.tr\/ar\/wp-content\/uploads\/2025\/08\/Ekran-Resmi-2025-08-01-13.55.26-702x550.png\" class=\"attachment-hoteler_landscape size-hoteler_landscape wp-image-15051\" alt=\"Sia Hotel \u00c7amur Banyosu\" \/>\t\t\t\t\t\t\t\t\t\t\t\t\t\t\t<\/div>\n\t\t\t\t<\/div>\n\t\t\t\t\t<\/div>\n\t\t\t\t<\/div>\n\t\t<div class=\"elementor-element elementor-element-dd0d9f5 e-flex e-con-boxed tm-col-stretched-none tm-bg-color-over-image e-con e-parent\" data-id=\"dd0d9f5\" data-element_type=\"container\">\n\t\t\t\t\t<div class=\"e-con-inner\">\n\t\t\t\t<div class=\"elementor-element elementor-element-2f65725 elementor-widget elementor-widget-spacer\" data-id=\"2f65725\" data-element_type=\"widget\" data-widget_type=\"spacer.default\">\n\t\t\t\t\t\t\t<div class=\"elementor-spacer\">\n\t\t\t<div class=\"elementor-spacer-inner\"><\/div>\n\t\t<\/div>\n\t\t\t\t\t\t<\/div>\n\t\t\t\t\t<\/div>\n\t\t\t\t<\/div>\n\t\t<div class=\"elementor-element elementor-element-6a5b5242 e-flex e-con-boxed tm-col-stretched-none tm-bg-color-over-image e-con e-parent\" data-id=\"6a5b5242\" data-element_type=\"container\">\n\t\t\t\t\t<div class=\"e-con-inner\">\n\t\t\t\t<div class=\"elementor-element elementor-element-1804bec elementor-widget elementor-widget-text-editor\" data-id=\"1804bec\" data-element_type=\"widget\" data-widget_type=\"text-editor.default\">\n\t\t\t\t\t\t\t\t\t<p style=\"text-align: right;\"><\/p><hr data-start=\"53\" data-end=\"56\" \/><p style=\"text-align: right;\"><strong data-start=\"58\" data-end=\"115\">\u0639\u0644\u0627\u062c \u0645\u0648\u062c\u0647 \u0628\u0627\u0644\u0634\u0641\u0627\u0621 \u0627\u0644\u0637\u0628\u064a\u0639\u064a: \u0639\u0644\u0627\u062c \u0627\u0644\u0637\u064a\u0646 (\u0628\u064a\u0644\u0648\u064a\u062f \u062b\u064a\u0631\u0627\u0628\u064a)<\/strong><\/p><p style=\"text-align: right;\">\u0627\u0644\u0637\u0631\u064a\u0642\u0629 \u0627\u0644\u0637\u0628\u064a\u0639\u064a\u0629 \u0644\u0645\u062d\u0648 \u0622\u062b\u0627\u0631 \u0627\u0644\u062d\u064a\u0627\u0629 \u0627\u0644\u062d\u062f\u064a\u062b\u0629 \u0639\u0644\u0649 \u0627\u0644\u062c\u0633\u0645\u060c \u062a\u062e\u0641\u064a\u0641 \u0627\u0644\u062a\u0639\u0628 \u0648\u062a\u0642\u0644\u064a\u0644 \u0627\u0644\u0623\u0644\u0645 \u0628\u0637\u0631\u0642 \u0637\u0628\u064a\u0639\u064a\u0629\u060c \u0645\u0645\u0643\u0646\u0629 \u0628\u0648\u0627\u0633\u0637\u0629 \u0627\u0644\u0637\u064a\u0646 \u0627\u0644\u0642\u0627\u062f\u0645 \u0645\u0646 \u0642\u0644\u0628 \u0627\u0644\u0637\u0628\u064a\u0639\u0629&#8230;<\/p><p style=\"text-align: right;\">\u0641\u064a Serenity Thermal, SPA &amp; Wellness\u060c \u064a\u064f\u0642\u062f\u0651\u0645 \u0639\u0644\u0627\u062c \u0627\u0644\u0637\u064a\u0646 \u0645\u0639 \u062a\u0631\u0643\u064a\u0628\u0629 \u062e\u0627\u0635\u0629 \u0645\u0646 \u0627\u0644\u0637\u064a\u0646 \u0627\u0644\u0634\u0627\u0641\u064a\u060c \u064a\u064f\u0637\u0628\u0651\u0642 \u0641\u0642\u0637 \u0639\u0644\u0649 \u0627\u0644\u0645\u0646\u0627\u0637\u0642 \u0627\u0644\u0645\u0635\u0627\u0628\u0629\u060c \u0645\u0642\u062f\u0651\u0645\u064b\u0627 \u0646\u0647\u062c \u0639\u0644\u0627\u062c \u0645\u0631\u0643\u0651\u0632 \u0648\u0641\u0639\u0651\u0627\u0644<\/p><p style=\"text-align: right;\">\u0647\u0630\u0627 \u0627\u0644\u0623\u0633\u0644\u0648\u0628 \u0627\u0644\u0630\u064a \u064a\u062f\u0645\u062c \u0628\u064a\u0646 \u0639\u0644\u0627\u062c \u0627\u0644\u0637\u064a\u0646 \u0627\u0644\u0630\u064a \u0627\u0633\u062a\u064f\u062e\u062f\u0645 \u0644\u0642\u0631\u0648\u0646 \u0648\u0627\u0644\u0639\u0644\u0645 \u0627\u0644\u062d\u062f\u064a\u062b\u060c \u064a\u064f\u0642\u062f\u0651\u0645 \u062d\u0644\u0627\u064b \u0637\u0628\u064a\u0639\u064a\u064b\u0627 \u0644\u0645\u0634\u0627\u0643\u0644 \u0639\u062f\u064a\u062f\u0629 \u0645\u0646 \u0622\u0644\u0627\u0645 \u0627\u0644\u0631\u0648\u0645\u0627\u062a\u064a\u0632\u0645 \u0625\u0644\u0649 \u0625\u0635\u0627\u0628\u0627\u062a \u0627\u0644\u0631\u064a\u0627\u0636\u0629<\/p><p style=\"text-align: right;\"><strong data-start=\"548\" data-end=\"595\">\u0627\u0644\u0623\u0633\u0627\u0633 \u0627\u0644\u0639\u0644\u0645\u064a \u0644\u0644\u0639\u0644\u0627\u062c: \u0645\u0627 \u0647\u0648 \u0627\u0644\u0637\u064a\u0646 (\u0628\u064a\u0644\u0648\u064a\u062f)\u061f<\/strong><\/p><p style=\"text-align: right;\">\u0627\u0644\u0637\u064a\u0646 \u0623\u0648 \u0627\u0644\u0628\u064a\u0644\u0648\u064a\u062f \u0647\u0648 \u0627\u0633\u0645 \u0639\u0627\u0645 \u0644\u0644\u0637\u064a\u0646 \u0627\u0644\u0637\u0628\u064a\u0639\u064a \u0627\u0644\u063a\u0646\u064a \u0628\u0627\u0644\u0645\u0639\u0627\u062f\u0646. \u0627\u0644\u0637\u064a\u0646 \u0627\u0644\u0645\u0633\u062a\u062e\u062f\u0645 \u0641\u064a \u0641\u0646\u062f\u0642 \u0633\u064a\u0627 \u0645\u0639\u062a\u0645\u062f \u0645\u0646 \u0648\u0632\u0627\u0631\u0629 \u0627\u0644\u0635\u062d\u0629\u060c \u0648\u064a\u0632\u062f\u0627\u062f \u062a\u0623\u062b\u064a\u0631\u0647 \u0627\u0644\u0639\u0644\u0627\u062c\u064a \u0639\u0646\u062f \u062a\u0633\u062e\u064a\u0646\u0647\u060c \u0648\u064a\u064f\u0642\u062f\u0651\u0645 \u0628\u0637\u0631\u064a\u0642\u0629 \u0635\u062d\u064a\u0629 \u0644\u0645\u0631\u0629 \u0648\u0627\u062d\u062f\u0629 \u0641\u0642\u0637<\/p><p style=\"text-align: right;\">\u062f\u0631\u062c\u0629 \u062d\u0631\u0627\u0631\u0629 \u0627\u0644\u062a\u0637\u0628\u064a\u0642: 48\u201352 \u062f\u0631\u062c\u0629 \u0645\u0626\u0648\u064a\u0629<\/p><p style=\"text-align: right;\">\u0645\u062f\u0629 \u0627\u0644\u062c\u0644\u0633\u0629: 20\u201330 \u062f\u0642\u064a\u0642\u0629<\/p><p style=\"text-align: right;\">\u0627\u0644\u0643\u0648\u0631\u0633 \u0627\u0644\u0645\u0642\u062a\u0631\u062d: \u062d\u0648\u0627\u0644\u064a 8 \u062c\u0644\u0633\u0627\u062a\u060c \u0644\u0643\u0646 \u0643\u062b\u064a\u0631 \u0645\u0646 \u0636\u064a\u0648\u0641\u0646\u0627 \u064a\u0634\u0639\u0631\u0648\u0646 \u0628\u0627\u0644\u062a\u0623\u062b\u064a\u0631 \u062d\u062a\u0649 \u0628\u0639\u062f \u0627\u0644\u062c\u0644\u0633\u0629 \u0627\u0644\u0623\u0648\u0644\u0649<\/p><p style=\"text-align: right;\"><strong data-start=\"929\" data-end=\"955\">\u0644\u064a\u0633 \u0641\u0642\u0637 \u0645\u0631\u064a\u062d\u064b\u0627 \u0628\u0644 \u064a\u062c\u062f\u062f<\/strong><\/p><p style=\"text-align: right;\"><strong data-start=\"957\" data-end=\"972\"> : \u062a\u0623\u062b\u064a\u0631 \u0645\u0648\u062c\u0647<\/strong><\/p><p style=\"text-align: right;\">\u064a\u064f\u0637\u0628\u0651\u0642 \u0639\u0644\u0627\u062c \u0627\u0644\u0637\u064a\u0646 \u0641\u0642\u0637 \u0639\u0644\u0649 \u0627\u0644\u0645\u0646\u0637\u0642\u0629 \u0627\u0644\u0645\u0624\u0644\u0645\u0629 \u0623\u0648 \u0627\u0644\u0645\u0635\u0627\u0628\u0629 \u0645\u062b\u0644 \u0627\u0644\u0638\u0647\u0631\u060c \u0627\u0644\u0631\u0642\u0628\u0629\u060c \u0627\u0644\u0631\u0643\u0628\u0629\u060c \u0627\u0644\u0643\u062a\u0641\u060c \u0641\u064a\u064f\u0639\u0637\u064a \u062a\u0623\u062b\u064a\u0631\u064b\u0627 \u0645\u0628\u0627\u0634\u0631\u064b\u0627<\/p><p style=\"text-align: right;\"><strong data-start=\"1086\" data-end=\"1112\"> : \u0627\u0644\u062c\u0647\u0627\u0632 \u0627\u0644\u0639\u0636\u0644\u064a \u0627\u0644\u0647\u064a\u0643\u0644\u064a<\/strong><\/p><p style=\"text-align: right;\">\u0628\u0641\u0636\u0644 \u0627\u0644\u062d\u0631\u0627\u0631\u0629\u060c \u062a\u0631\u062a\u062e\u064a \u0627\u0644\u0639\u0636\u0644\u0627\u062a\u060c \u0648\u062a\u0632\u0648\u0644 \u0627\u0644\u062a\u0634\u0646\u062c\u0627\u062a\u060c \u0648\u062a\u0632\u062f\u0627\u062f \u0627\u0644\u0642\u062f\u0631\u0629 \u0639\u0644\u0649 \u0627\u0644\u062d\u0631\u0643\u0629. \u064a\u0644\u0639\u0628 \u062f\u0648\u0631\u064b\u0627 \u062f\u0627\u0639\u0645\u064b\u0627 \u0641\u064a \u062d\u0627\u0644\u0627\u062a \u0627\u0644\u0627\u0646\u0632\u0644\u0627\u0642 \u0627\u0644\u063a\u0636\u0631\u0648\u0641\u064a\u060c \u0627\u0644\u0631\u0648\u0645\u0627\u062a\u064a\u0632\u0645 \u0648\u062a\u0643\u0644\u0633 \u0627\u0644\u0645\u0641\u0627\u0635\u0644<\/p><p style=\"text-align: right;\"><strong data-start=\"1258\" data-end=\"1281\"> : \u062f\u0639\u0645 \u0627\u0644\u062f\u0648\u0631\u0629 \u0627\u0644\u062f\u0645\u0648\u064a\u0629<\/strong><\/p><p style=\"text-align: right;\">\u064a\u0632\u062f\u0627\u062f \u062a\u062f\u0641\u0642 \u0627\u0644\u062f\u0645 \u0641\u064a \u0627\u0644\u0645\u0646\u0637\u0642\u0629 \u0627\u0644\u0645\u0639\u0627\u0644\u062c\u0629\u060c \u0645\u0645\u0627 \u064a\u062d\u0641\u0632 \u062a\u062c\u062f\u064a\u062f \u0627\u0644\u062e\u0644\u0627\u064a\u0627 \u0648\u0637\u0631\u062f \u0627\u0644\u0633\u0645\u0648\u0645<\/p><p style=\"text-align: right;\"><strong data-start=\"1357\" data-end=\"1374\"> : \u0625\u0646\u0639\u0627\u0634 \u0627\u0644\u0628\u0634\u0631\u0629<\/strong><\/p><p style=\"text-align: right;\">\u062a\u0632\u064a\u0644 \u0627\u0644\u0645\u0639\u0627\u062f\u0646 \u0627\u0644\u0637\u0628\u064a\u0639\u064a\u0629 \u0628\u0644\u0637\u0641 \u0627\u0644\u062e\u0644\u0627\u064a\u0627 \u0627\u0644\u0645\u064a\u062a\u0629 \u0645\u0646 \u0633\u0637\u062d \u0627\u0644\u0628\u0634\u0631\u0629. \u0627\u0644\u0646\u062a\u064a\u062c\u0629: \u0628\u0634\u0631\u0629 \u0623\u0643\u062b\u0631 \u062d\u064a\u0648\u064a\u0629 \u0648\u0646\u0639\u0648\u0645\u0629 \u0648\u0635\u062d\u0629<\/p><p style=\"text-align: right;\"><strong data-start=\"1472\" data-end=\"1486\">\u0644\u0645\u0646 \u064a\u0646\u0627\u0633\u0628\u061f<\/strong><\/p><p data-start=\"1490\" data-end=\"1536\" style=\"text-align: right;\">\u0627\u0644\u0645\u0635\u0627\u0628\u0648\u0646 \u0628\u0627\u0644\u0627\u0646\u0632\u0644\u0627\u0642 \u0627\u0644\u063a\u0636\u0631\u0648\u0641\u064a \u0641\u064a \u0627\u0644\u0638\u0647\u0631 \u0648\u0627\u0644\u0631\u0642\u0628\u0629<\/p><p data-start=\"1539\" data-end=\"1582\" style=\"text-align: right;\">\u0627\u0644\u0645\u0635\u0627\u0628\u0648\u0646 \u0628\u0623\u0644\u0645 \u0645\u0632\u0645\u0646 \u0645\u062b\u0644 \u0627\u0644\u062a\u0643\u0644\u0633 \u0648\u0627\u0644\u0631\u0648\u0645\u0627\u062a\u064a\u0632\u0645<\/p><p data-start=\"1585\" data-end=\"1622\" style=\"text-align: right;\">\u0645\u0646 \u064a\u0639\u0627\u0646\u0648\u0646 \u0645\u0646 \u0625\u062c\u0647\u0627\u062f \u0639\u0636\u0644\u064a \u0628\u0639\u062f \u0627\u0644\u0631\u064a\u0627\u0636\u0629<\/p><p data-start=\"1625\" data-end=\"1650\" style=\"text-align: right;\">\u0645\u0646 \u0644\u062f\u064a\u0647\u0645 \u0623\u0644\u0645 \u0641\u064a \u0627\u0644\u0645\u0641\u0627\u0635\u0644<\/p><p data-start=\"1653\" data-end=\"1698\" style=\"text-align: right;\">\u0645\u0646 \u064a\u0631\u063a\u0628\u0648\u0646 \u0641\u064a \u062a\u062e\u0641\u064a\u0641 \u0627\u0644\u0627\u0644\u062a\u0647\u0627\u0628 \u0623\u0648 \u0627\u0644\u062a\u0648\u0631\u0645 \u0627\u0644\u0645\u0648\u0636\u0639\u064a<\/p><p style=\"text-align: right;\">\u0645\u0644\u0627\u062d\u0638\u0629: \u062a\u064f\u062c\u0631\u0649 \u0627\u0644\u0639\u0644\u0627\u062c\u0627\u062a \u062a\u062d\u062a \u0625\u0634\u0631\u0627\u0641 \u0645\u062a\u062e\u0635\u0635\u064a\u0646 \u0635\u062d\u064a\u064a\u0646 \u0648\u0628\u062e\u0637\u0629 \u0634\u062e\u0635\u064a\u0629<\/p><p style=\"text-align: right;\"><strong data-start=\"1761\" data-end=\"1787\">\u0631\u0627\u062d\u0629 \u0637\u0628\u064a\u0639\u064a\u0629 \u0628\u0636\u0645\u0627\u0646 \u0639\u0644\u0645\u064a<\/strong><\/p><p style=\"text-align: right;\">\u0639\u0644\u0627\u062c \u0627\u0644\u0637\u064a\u0646 \u0627\u0644\u0645\u0648\u0636\u0639\u064a \u0644\u064a\u0633 \u0645\u062c\u0631\u062f \u062a\u0637\u0628\u064a\u0642 \u0637\u064a\u0646\u064a\u060c \u0628\u0644 \u0647\u0648 \u0637\u0642\u0633 \u064a\u0639\u064a\u062f \u0627\u0644\u0627\u062a\u0635\u0627\u0644 \u0628\u064a\u0646 \u0627\u0644\u062c\u0633\u0645 \u0648\u0627\u0644\u0637\u0628\u064a\u0639\u0629. \u0628\u0641\u0636\u0644 \u062f\u0641\u0621 \u0627\u0644\u062d\u0631\u0627\u0631\u0629 \u0648\u0642\u0648\u0629 \u0627\u0644\u0645\u0639\u0627\u062f\u0646 \u0627\u0644\u0634\u0627\u0641\u064a\u0629 \u0648\u062a\u0648\u062c\u064a\u0647 \u0627\u0644\u0623\u064a\u062f\u064a \u0627\u0644\u062e\u0628\u064a\u0631\u0629\u060c \u064a\u064f\u0648\u0641\u0631 \u0627\u0633\u062a\u0631\u062e\u0627\u0621\u064b \u0646\u0641\u0633\u064a\u064b\u0627 \u0648\u062c\u0633\u062f\u064a\u064b\u0627<\/p><p style=\"text-align: right;\"><strong data-start=\"1965\" data-end=\"1988\">\u063a\u0646\u0650 \u062a\u062c\u0631\u0628\u062a\u0643 \u0641\u064a \u0627\u0644\u0633\u0628\u0627<\/strong><\/p><p style=\"text-align: right;\">\u0647\u0630\u0627 \u0627\u0644\u0639\u0644\u0627\u062c \u0627\u0644\u0645\u062a\u0643\u0627\u0645\u0644 \u0645\u0639 \u0645\u064a\u0627\u0647 \u0641\u0646\u062f\u0642 \u0633\u064a\u0627 \u0627\u0644\u062d\u0631\u0627\u0631\u064a\u0629 \u0648\u0639\u0627\u0644\u0645 \u0627\u0644\u0639\u0627\u0641\u064a\u0629\u060c \u064a\u0635\u0628\u062d \u0623\u0643\u062b\u0631 \u0641\u0639\u0627\u0644\u064a\u0629 \u0639\u0646\u062f \u062a\u0637\u0628\u064a\u0642\u0647 \u0628\u0639\u062f \u0627\u0644\u0633\u0627\u0648\u0646\u0627\u060c \u063a\u0631\u0641\u0629 \u0627\u0644\u0628\u062e\u0627\u0631 \u0623\u0648 \u0627\u0644\u062a\u062f\u0644\u064a\u0643. \u0646\u062f\u0639\u0648\u0643\u0645 \u0644\u0644\u0639\u0646\u0627\u064a\u0629 \u0628\u0623\u062c\u0633\u0627\u062f\u0643\u0645 \u0639\u0628\u0631 \u0639\u0644\u0627\u062c \u0627\u0644\u0637\u064a\u0646 \u0627\u0644\u0645\u0648\u0636\u0639\u064a<\/p><p style=\"text-align: right;\">\u0644\u0644\u0645\u0632\u064a\u062f \u0645\u0646 \u0627\u0644\u0645\u0639\u0644\u0648\u0645\u0627\u062a \u0648\u0627\u0644\u062d\u062c\u0632\u060c \u0644\u0627 \u062a\u062a\u0631\u062f\u062f\u0648\u0627 \u0628\u0627\u0644\u062a\u0648\u0627\u0635\u0644 \u0645\u0639\u0646\u0627<\/p>\t\t\t\t\t\t\t\t<\/div>\n\t\t\t\t\t<\/div>\n\t\t\t\t<\/div>\n\t\t<div class=\"elementor-element elementor-element-20e22a44 e-flex e-con-boxed tm-col-stretched-none tm-bg-color-over-image e-con e-parent\" data-id=\"20e22a44\" data-element_type=\"container\">\n\t\t\t\t\t<div class=\"e-con-inner\">\n\t\t\t\t<div class=\"elementor-element elementor-element-1ca1ead0 elementor-widget elementor-widget-spacer\" data-id=\"1ca1ead0\" data-element_type=\"widget\" data-widget_type=\"spacer.default\">\n\t\t\t\t\t\t\t<div class=\"elementor-spacer\">\n\t\t\t<div class=\"elementor-spacer-inner\"><\/div>\n\t\t<\/div>\n\t\t\t\t\t\t<\/div>\n\t\t\t\t\t<\/div>\n\t\t\t\t<\/div>\n\t\t<div class=\"elementor-element elementor-element-5546675b e-flex e-con-boxed tm-col-stretched-none tm-bg-color-over-image e-con e-parent\" data-id=\"5546675b\" data-element_type=\"container\" data-settings=\"{&quot;background_background&quot;:&quot;classic&quot;}\">\n\t\t\t\t\t<div class=\"e-con-inner\">\n\t\t<div class=\"elementor-element elementor-element-441fd9c2 e-con-full e-flex tm-col-stretched-none tm-bg-color-over-image e-con e-child\" data-id=\"441fd9c2\" data-element_type=\"container\">\n\t\t\t\t<div class=\"elementor-element elementor-element-2ad0b430 elementor-widget elementor-widget-heading\" data-id=\"2ad0b430\" data-element_type=\"widget\" data-widget_type=\"heading.default\">\n\t\t\t\t\t<h3 class=\"elementor-heading-title elementor-size-default\"><a href=\"tel:+902243240202\">\u0644\u0644\u0645\u0632\u064a\u062f \u0645\u0646 \u0627\u0644\u0645\u0639\u0644\u0648\u0645\u0627\u062a \u0627\u062a\u0635\u0644 \u0628\u0646\u0627<\/a><\/h3>\t\t\t\t<\/div>\n\t\t\t\t<div class=\"elementor-element elementor-element-5ddae8c8 elementor-widget elementor-widget-tm-ele-social-links\" data-id=\"5ddae8c8\" data-element_type=\"widget\" data-widget_type=\"tm-ele-social-links.default\">\n\t\t\t\t<div class=\"elementor-widget-container\">\n\t\t\t\t\t<ul class=\"tm-sc-social-links links-outlined\">\r\n\r\n\t\t\t<li><a class=\"social-link\" aria-label=\"Social Link\" href=\"https:\/\/www.facebook.com\/siahotelthermalspa\" target=\"_self\"><i class=\"fa fa-facebook\"><\/i><\/a><\/li>\r\n\t\t\r\n\t\t<li><a class=\"social-link\" aria-label=\"Social Link\" href=\"https:\/\/www.linkedin.com\/company\/sia-hotel-thermal-spa\/\" target=\"_self\"><i class=\"fa fa-linkedin\"><\/i><\/a><\/li>\r\n\t\t\t<li><a class=\"social-link\" aria-label=\"Social Link\" href=\"https:\/\/www.instagram.com\/siahotelthermalspa\" target=\"_self\"><i class=\"fa fa-instagram\"><\/i><\/a><\/li>\r\n\t\t\r\n\t\t\t<\/ul>\t\t\t\t<\/div>\n\t\t\t\t<\/div>\n\t\t\t\t<\/div>\n\t\t\t\t\t<\/div>\n\t\t\t\t<\/div>\n\t\t<div class=\"elementor-element elementor-element-3f6937cd e-flex e-con-boxed tm-col-stretched-none tm-bg-color-over-image e-con e-parent\" data-id=\"3f6937cd\" data-element_type=\"container\">\n\t\t\t\t\t<div class=\"e-con-inner\">\n\t\t\t\t<div class=\"elementor-element elementor-element-16eea81 elementor-widget elementor-widget-spacer\" data-id=\"16eea81\" data-element_type=\"widget\" data-widget_type=\"spacer.default\">\n\t\t\t\t\t\t\t<div class=\"elementor-spacer\">\n\t\t\t<div class=\"elementor-spacer-inner\"><\/div>\n\t\t<\/div>\n\t\t\t\t\t\t<\/div>\n\t\t\t\t\t<\/div>\n\t\t\t\t<\/div>\n\t\t<div class=\"elementor-element elementor-element-44daf9d6 e-flex e-con-boxed tm-col-stretched-none tm-bg-color-over-image e-con e-parent\" data-id=\"44daf9d6\" data-element_type=\"container\">\n\t\t\t\t\t<div class=\"e-con-inner\">\n\t\t<div class=\"elementor-element elementor-element-5b2271c0 e-con-full e-flex tm-col-stretched-none tm-bg-color-over-image e-con e-child\" data-id=\"5b2271c0\" data-element_type=\"container\">\n\t\t<div class=\"elementor-element elementor-element-697d6309 e-con-full tm-col-stretched-none e-flex tm-bg-color-over-image e-con e-child\" data-id=\"697d6309\" data-element_type=\"container\">\n\t\t\t\t<div class=\"elementor-element elementor-element-6a7b1bd6 elementor-widget elementor-widget-shortcode\" data-id=\"6a7b1bd6\" data-element_type=\"widget\" data-widget_type=\"shortcode.default\">\n\t\t\t\t\t\t\t<div class=\"elementor-shortcode\">\t\t<div id=\"sbi_mod_error\" >\n\t\t\t<span>Bu hata mesaj\u0131n\u0131 yaln\u0131zca WordPress y\u00f6neticileri g\u00f6rebilir<\/span><br\/>\n\t\t\t<p><strong>Hata: 1 kimli\u011fine sahip hi\u00e7bir ak\u0131\u015f bulunamad\u0131.<\/strong>\n\t\t\t<p>Bir ak\u0131\u015f olu\u015fturmak i\u00e7in l\u00fctfen Instagram Ak\u0131\u015f\u0131 ayarlar sayfas\u0131na gidin.<\/p>\n\t\t<\/div>\n\t\t<\/div>\n\t\t\t\t\t\t<\/div>\n\t\t\t\t<\/div>\n\t\t\t\t<\/div>\n\t\t\t\t\t<\/div>\n\t\t\t\t<\/div>\n\t\t\t\t<\/div>\n\t\t","protected":false},"excerpt":{"rendered":"<p>serenity \u0627\u0644\u0639\u0644\u0627\u062c \u0628\u0627\u0644\u0637\u064a\u0646 \u0627\u0644\u0645\u0639\u062f\u0646\u064a \u0639\u0644\u0627\u062c \u0645\u0648\u062c\u0647 \u0628\u0627\u0644\u0634\u0641\u0627\u0621 \u0627\u0644\u0637\u0628\u064a\u0639\u064a: \u0639\u0644\u0627\u062c \u0627\u0644\u0637\u064a\u0646 (\u0628\u064a\u0644\u0648\u064a\u062f \u062b\u064a\u0631\u0627\u0628\u064a) \u0627\u0644\u0637\u0631\u064a\u0642\u0629 \u0627\u0644\u0637\u0628\u064a\u0639\u064a\u0629 \u0644\u0645\u062d\u0648 \u0622\u062b\u0627\u0631 \u0627\u0644\u062d\u064a\u0627\u0629 \u0627\u0644\u062d\u062f\u064a\u062b\u0629 \u0639\u0644\u0649 \u0627\u0644\u062c\u0633\u0645\u060c&#8230;<\/p>\n","protected":false},"author":1,"featured_media":0,"parent":0,"menu_order":0,"comment_status":"closed","ping_status":"closed","template":"","meta":{"_monsterinsights_skip_tracking":false,"_monsterinsights_sitenote_active":false,"_monsterinsights_sitenote_note":"","_monsterinsights_sitenote_category":0,"footnotes":""},"class_list":["post-16222","page","type-page","status-publish","hentry"],"aioseo_notices":[],"_links":{"self":[{"href":"https:\/\/www.siahotel.com.tr\/ar\/wp-json\/wp\/v2\/pages\/16222","targetHints":{"allow":["GET"]}}],"collection":[{"href":"https:\/\/www.siahotel.com.tr\/ar\/wp-json\/wp\/v2\/pages"}],"about":[{"href":"https:\/\/www.siahotel.com.tr\/ar\/wp-json\/wp\/v2\/types\/page"}],"author":[{"embeddable":true,"href":"https:\/\/www.siahotel.com.tr\/ar\/wp-json\/wp\/v2\/users\/1"}],"replies":[{"embeddable":true,"href":"https:\/\/www.siahotel.com.tr\/ar\/wp-json\/wp\/v2\/comments?post=16222"}],"version-history":[{"count":34,"href":"https:\/\/www.siahotel.com.tr\/ar\/wp-json\/wp\/v2\/pages\/16222\/revisions"}],"predecessor-version":[{"id":17983,"href":"https:\/\/www.siahotel.com.tr\/ar\/wp-json\/wp\/v2\/pages\/16222\/revisions\/17983"}],"wp:attachment":[{"href":"https:\/\/www.siahotel.com.tr\/ar\/wp-json\/wp\/v2\/media?parent=16222"}],"curies":[{"name":"wp","href":"https:\/\/api.w.org\/{rel}","templated":true}]}}