{"id":16145,"date":"2025-08-06T13:44:42","date_gmt":"2025-08-06T13:44:42","guid":{"rendered":"https:\/\/www.siahotel.com.tr\/ar\/?page_id=16145"},"modified":"2025-08-29T10:28:43","modified_gmt":"2025-08-29T10:28:43","slug":"tuz-odasi","status":"publish","type":"page","link":"https:\/\/www.siahotel.com.tr\/ar\/tuz-odasi\/","title":{"rendered":"Tuz Odas\u0131"},"content":{"rendered":"\t\t<div data-elementor-type=\"wp-page\" data-elementor-id=\"16145\" class=\"elementor elementor-16145\">\n\t\t\t\t<div class=\"elementor-element elementor-element-345c159 e-flex e-con-boxed tm-col-stretched-none tm-bg-color-over-image e-con e-parent\" data-id=\"345c159\" data-element_type=\"container\">\n\t\t\t\t\t<div class=\"e-con-inner\">\n\t\t\t\t<div class=\"elementor-element elementor-element-454919f horizontal-line-align-left vertical-line-align-bottom elementor-widget elementor-widget-tm-ele-section-title\" data-id=\"454919f\" data-element_type=\"widget\" data-widget_type=\"tm-ele-section-title.default\">\n\t\t\t\t<div class=\"elementor-widget-container\">\n\t\t\t\t\t<div class=\"tm-sc-section-title section-title line-left-current-theme \">\r\n\t<div class=\"title-wrapper\">\r\n\t\t\t\t\r\n\r\n<div class=\"sub-title-outer\">\r\n\t\t<div class=\"subtitle \">\r\n\r\n\t\t\r\n\t\tSeren\u0131ty\t<\/div>\r\n\t<\/div>\t\t\t<h1 class=\"title \">\r\n\r\n\t\t\r\n\t\t\t\t<span class=\"title-part1 \">\u063a\u0631\u0641 \u0627\u0644\u0645\u0644\u062d<\/span>\r\n\t\t\t\t\r\n\t\t\r\n\t<\/h1>\r\n\t<div class=\"title-seperator-line\"><\/div>\t\t\t\t\t\t<\/div>\r\n<\/div>\t\t\t\t<\/div>\n\t\t\t\t<\/div>\n\t\t\t\t\t<\/div>\n\t\t\t\t<\/div>\n\t\t<div class=\"elementor-element elementor-element-5465421 e-flex e-con-boxed tm-col-stretched-none tm-bg-color-over-image e-con e-parent\" data-id=\"5465421\" data-element_type=\"container\">\n\t\t\t\t\t<div class=\"e-con-inner\">\n\t\t\t\t<div class=\"elementor-element elementor-element-ac8509a elementor-widget elementor-widget-image\" data-id=\"ac8509a\" data-element_type=\"widget\" data-widget_type=\"image.default\">\n\t\t\t\t\t\t\t\t\t\t\t\t\t\t\t<img fetchpriority=\"high\" decoding=\"async\" width=\"1100\" height=\"550\" src=\"https:\/\/www.siahotel.com.tr\/ar\/wp-content\/uploads\/2025\/08\/WhatsApp-Image-2025-08-05-at-10.21.54-1100x550.jpeg\" class=\"attachment-hoteler_landscape size-hoteler_landscape wp-image-15864\" alt=\"Sia Hotel Tuz Odas\u0131\" \/>\t\t\t\t\t\t\t\t\t\t\t\t\t\t\t<\/div>\n\t\t\t\t\t<\/div>\n\t\t\t\t<\/div>\n\t\t<div class=\"elementor-element elementor-element-45b2ce23 e-flex e-con-boxed tm-col-stretched-none tm-bg-color-over-image e-con e-parent\" data-id=\"45b2ce23\" data-element_type=\"container\">\n\t\t\t\t\t<div class=\"e-con-inner\">\n\t\t\t\t<div class=\"elementor-element elementor-element-10e557f4 elementor-widget elementor-widget-text-editor\" data-id=\"10e557f4\" data-element_type=\"widget\" data-widget_type=\"text-editor.default\">\n\t\t\t\t\t\t\t\t\t<hr data-start=\"164\" data-end=\"167\" \/><p style=\"text-align: right;\"><strong data-start=\"173\" data-end=\"228\">\u0627\u0644\u0644\u0645\u0633\u0629 \u0627\u0644\u0639\u0644\u0627\u062c\u064a\u0629 \u0644\u0645\u0644\u062d \u0627\u0644\u0647\u064a\u0645\u0627\u0644\u0627\u064a\u0627: \u0627\u0643\u062a\u0634\u0641\u0648\u0627 \u063a\u0631\u0641\u0629 \u0627\u0644\u0645\u0644\u062d<\/strong><\/p><p style=\"text-align: right;\">\u0641\u064a \u062e\u0636\u0645 \u0648\u062a\u064a\u0631\u0629 \u0627\u0644\u062d\u064a\u0627\u0629 \u0627\u0644\u0639\u0635\u0631\u064a\u0629\u060c \u0623\u0635\u0628\u062d \u0644\u0623\u062c\u0633\u0627\u0645\u0646\u0627 \u0648\u0639\u0642\u0648\u0644\u0646\u0627 \u062d\u0627\u062c\u0629 \u0645\u062a\u0632\u0627\u064a\u062f\u0629 \u0644\u0644\u0631\u0627\u062d\u0629 \u0648\u0627\u0644\u0627\u0633\u062a\u0631\u062e\u0627\u0621 \u064a\u062c\u0645\u0639 \u0628\u064a\u0646 \u0642\u0648\u0629 \u0627\u0644\u0637\u0628\u064a\u0639\u0629 \u0627\u0644\u0634\u0641\u0627\u0626\u064a\u0629 \u0648\u0627\u0644\u0631\u0627\u062d\u0629\u060c \u0644\u064a\u0642\u062f\u0651\u0645 \u0644\u0636\u064a\u0648\u0641\u0647 \u062a\u062c\u0631\u0628\u0629 \u062a\u0646\u0641\u0651\u0633 \u0641\u0631\u064a\u062f\u0629 \u0645\u0646 \u0646\u0648\u0639\u0647\u0627 \u0645\u0646 \u062e\u0644\u0627\u0644 \u063a\u0631\u0641\u0629 \u0627\u0644\u0645\u0644\u062d \u0627\u0644\u0645\u0643\u0633\u0648\u0651\u0629 \u0628\u0627\u0644\u0643\u0627\u0645\u0644 \u0628\u0623\u062d\u062c\u0627\u0631 \u0627\u0644\u0647\u064a\u0645\u0627\u0644\u0627\u064a\u0627 \u0627\u0644\u0646\u0642\u064a\u0629 %100<\/p><p style=\"text-align: right;\">\u062a\u062e\u0644\u0642 \u0647\u0630\u0647 \u0627\u0644\u063a\u0631\u0641\u0629 \u0627\u0644\u0639\u0644\u0627\u062c\u064a\u0629\u060c \u0628\u0641\u0636\u0644 \u0645\u0646\u0627\u062e\u0647\u0627 \u0627\u0644\u0637\u0628\u064a\u0639\u064a \u0627\u0644\u062f\u0642\u064a\u0642\u060c \u0628\u064a\u0626\u0629 \u0645\u062b\u0627\u0644\u064a\u0629 \u0644\u0644\u0635\u062d\u0629 \u0627\u0644\u062c\u0633\u062f\u064a\u0629 \u0648\u0627\u0644\u0630\u0647\u0646\u064a\u0629 \u0639\u0644\u0649 \u062d\u062f \u0633\u0648\u0627\u0621 \u0648\u0628\u062c\u0644\u0633\u0627\u062a \u0642\u0635\u064a\u0631\u0629 \u0644\u0627 \u062a\u062a\u0639\u062f\u0651\u0649 \u0628\u0636\u0639 \u062f\u0642\u0627\u0626\u0642\u060c \u064a\u0645\u0643\u0646\u0643\u0645 \u0627\u0644\u062a\u062e\u0644\u0635 \u0645\u0646 \u062a\u0639\u0628 \u0627\u0644\u062d\u064a\u0627\u0629 \u0627\u0644\u064a\u0648\u0645\u064a\u0629 \u0648\u0627\u0644\u0634\u0639\u0648\u0631 \u0648\u0643\u0623\u0646\u0643\u0645 \u0648\u064f\u0644\u062f\u062a\u0645 \u0645\u0646 \u062c\u062f\u064a\u062f<\/p><hr data-start=\"703\" data-end=\"706\" \/><p style=\"text-align: right;\"><strong data-start=\"712\" data-end=\"733\">\u0644\u0645\u0627\u0630\u0627 \u063a\u0631\u0641\u0629 \u0627\u0644\u0645\u0644\u062d\u061f<\/strong><\/p><p style=\"text-align: right;\">\u0627\u0644\u0639\u0644\u0627\u062c \u0628\u0627\u0644\u0645\u0644\u062d (\u0627\u0644\u0647\u0627\u0644\u0648\u062b\u064a\u0631\u0627\u0628\u064a) \u0647\u0648 \u0623\u0633\u0644\u0648\u0628 \u0637\u0628\u064a\u0639\u064a \u0645\u0639\u0631\u0648\u0641 \u0645\u0646\u0630 \u0642\u0631\u0648\u0646\u060c \u0648\u0642\u062f \u0639\u0627\u062f \u0644\u064a\u062d\u0638\u0649 \u0628\u0627\u0647\u062a\u0645\u0627\u0645 \u0643\u0628\u064a\u0631 \u0641\u064a \u0645\u0631\u0627\u0643\u0632 \u0627\u0644\u0633\u0628\u0627 \u0648\u0627\u0644\u0639\u0627\u0641\u064a\u0629 \u0627\u0644\u062d\u062f\u064a\u062b\u0629 \u0627\u0644\u0623\u064a\u0648\u0646\u0627\u062a \u0627\u0644\u0633\u0627\u0644\u0628\u0629 \u0627\u0644\u0645\u062a\u0648\u0641\u0631\u0629 \u0641\u064a \u063a\u0631\u0641\u0629 \u0627\u0644\u0645\u0644\u062d \u062a\u0648\u0641\u0631 \u0627\u0646\u062a\u0639\u0627\u0634\u064b\u0627 \u0630\u0647\u0646\u064a\u064b\u0627 \u0648\u062a\u062c\u062f\u064a\u062f\u064b\u0627 \u062c\u0633\u062f\u064a\u064b\u0627<\/p><hr data-start=\"936\" data-end=\"939\" \/><p style=\"text-align: right;\"><strong data-start=\"945\" data-end=\"973\">\u0641\u0648\u0627\u0626\u062f \u063a\u0631\u0641\u0629 \u0627\u0644\u0645\u0644\u062d \u0644\u0635\u062d\u062a\u0643\u0645<\/strong><\/p><p style=\"text-align: right;\"><strong data-start=\"977\" data-end=\"1002\">\u062a\u0646\u0642\u064a\u0629 \u0627\u0644\u062c\u0647\u0627\u0632 \u0627\u0644\u062a\u0646\u0641\u0633\u064a<\/strong><br data-start=\"1002\" data-end=\"1005\" \/>\u062c\u0632\u064a\u0626\u0627\u062a \u0627\u0644\u0645\u0644\u062d \u062a\u0635\u0644 \u0625\u0644\u0649 \u0627\u0644\u0634\u0639\u0628 \u0627\u0644\u0647\u0648\u0627\u0626\u064a\u0629 \u0648\u062a\u0633\u0627\u0639\u062f \u0639\u0644\u0649 \u0641\u062a\u062d\u0647\u0627 \u0648\u0637\u0631\u062f \u0627\u0644\u0628\u0644\u063a\u0645<br data-start=\"1072\" data-end=\"1075\" \/>\u062a\u064f\u0639\u062a\u0628\u0631 \u0645\u0641\u064a\u062f\u0629 \u0641\u064a \u062d\u0627\u0644\u0627\u062a \u0627\u0644\u0631\u0628\u0648\u060c \u0627\u0644\u062a\u0647\u0627\u0628 \u0627\u0644\u0634\u0639\u0628 \u0627\u0644\u0647\u0648\u0627\u0626\u064a\u0629\u060c \u0627\u0644\u0627\u0646\u0633\u062f\u0627\u062f \u0627\u0644\u0631\u0626\u0648\u064a \u0627\u0644\u0645\u0632\u0645\u0646\u060c \u0627\u0644\u062a\u0647\u0627\u0628 \u0627\u0644\u062c\u064a\u0648\u0628 \u0627\u0644\u0623\u0646\u0641\u064a\u0629\u060c \u0648\u062d\u0645\u0649 \u0627\u0644\u0642\u0634<\/p><p style=\"text-align: right;\"><strong data-start=\"1190\" data-end=\"1223\"> : \u0645\u0643\u0627\u0641\u062d\u0629 \u0627\u0644\u062d\u0633\u0627\u0633\u064a\u0629 \u0648\u062a\u0647\u062f\u0626\u0629 \u0627\u0644\u0630\u0647\u0646<\/strong><br data-start=\"1223\" data-end=\"1226\" \/>\u062a\u0633\u0627\u0639\u062f \u0627\u0644\u0623\u064a\u0648\u0646\u0627\u062a \u0627\u0644\u0633\u0627\u0644\u0628\u0629 \u0639\u0644\u0649 \u062a\u0642\u0644\u064a\u0644 \u0627\u0644\u062a\u0648\u062a\u0631 \u0648\u0632\u064a\u0627\u062f\u0629 \u0635\u0641\u0627\u0621 \u0627\u0644\u0630\u0647\u0646 \u0648\u0627\u0644\u0634\u0639\u0648\u0631 \u0628\u0627\u0644\u0647\u062f\u0648\u0621<\/p><p style=\"text-align: right;\"><strong data-start=\"1306\" data-end=\"1334\"> : \u062f\u0639\u0645 \u0637\u0628\u064a\u0639\u064a \u0644\u0645\u0634\u0627\u0643\u0644 \u0627\u0644\u0628\u0634\u0631\u0629<\/strong><br data-start=\"1334\" data-end=\"1337\" \/>\u0642\u062f \u062a\u062e\u0641\u0641 \u0645\u0646 \u0623\u0639\u0631\u0627\u0636 \u0627\u0644\u0625\u0643\u0632\u064a\u0645\u0627\u060c \u0627\u0644\u0635\u062f\u0641\u064a\u0629\u060c \u0648\u062d\u0628 \u0627\u0644\u0634\u0628\u0627\u0628<\/p><p style=\"text-align: right;\"><strong data-start=\"1390\" data-end=\"1415\"> : \u062a\u0639\u0632\u064a\u0632 \u0627\u0644\u062c\u0647\u0627\u0632 \u0627\u0644\u0645\u0646\u0627\u0639\u064a<\/strong><br data-start=\"1415\" data-end=\"1418\" \/>\u0627\u0644\u0645\u0639\u0627\u062f\u0646 \u0627\u0644\u0645\u0633\u062a\u0646\u0634\u0642\u0629 \u062a\u0639\u0632\u0651\u0632 \u0622\u0644\u064a\u0627\u062a \u0627\u0644\u062f\u0641\u0627\u0639 \u0627\u0644\u0637\u0628\u064a\u0639\u064a\u0629 \u0641\u064a \u0627\u0644\u062c\u0633\u0645<\/p><p style=\"text-align: right;\"><strong data-start=\"1479\" data-end=\"1518\">\u062a\u062d\u0633\u064a\u0646 \u0627\u0644\u062f\u0648\u0631\u0629 \u0627\u0644\u062f\u0645\u0648\u064a\u0629 \u0648\u0625\u0632\u0627\u0644\u0629 \u0627\u0644\u0633\u0645\u0648\u0645<\/strong><br data-start=\"1518\" data-end=\"1521\" \/>\u062a\u0633\u0627\u0647\u0645 \u0641\u064a \u062a\u0646\u0634\u064a\u0637 \u0627\u0644\u062f\u0648\u0631\u0629 \u0627\u0644\u062f\u0645\u0648\u064a\u0629 \u0648\u062a\u0642\u062f\u064a\u0645 \u062a\u0623\u062b\u064a\u0631 \u0634\u0627\u0645\u0644 \u0644\u0625\u0632\u0627\u0644\u0629 \u0627\u0644\u0633\u0645\u0648\u0645<\/p><p style=\"text-align: right;\"><strong data-start=\"1589\" data-end=\"1606\"> :\u0632\u064a\u0627\u062f\u0629 \u0627\u0644\u0637\u0627\u0642\u0629<\/strong><br data-start=\"1606\" data-end=\"1609\" \/>\u0627\u0644\u0623\u064a\u0648\u0646\u0627\u062a \u0627\u0644\u0633\u0627\u0644\u0628\u0629 \u062a\u062d\u0641\u0651\u0632 \u0623\u0643\u0633\u062c\u0629 \u0627\u0644\u062e\u0644\u0627\u064a\u0627\u060c \u0645\u0645\u0627 \u064a\u0624\u062f\u064a \u0625\u0644\u0649 \u0631\u0641\u0639 \u0645\u0633\u062a\u0648\u064a\u0627\u062a \u0627\u0644\u0637\u0627\u0642\u0629<\/p><hr data-start=\"1683\" data-end=\"1686\" \/><p style=\"text-align: right;\"><strong data-start=\"1692\" data-end=\"1717\">\u0644\u0645\u0646 \u062a\u0646\u0627\u0633\u0628 \u063a\u0631\u0641\u0629 \u0627\u0644\u0645\u0644\u062d\u061f<\/strong><\/p><p style=\"text-align: right;\">\u062c\u0644\u0633\u0627\u062a \u063a\u0631\u0641\u0629 \u0627\u0644\u0645\u0644\u062d \u0645\u0646\u0627\u0633\u0628\u0629 \u0644\u0645\u0646 \u064a\u0639\u0627\u0646\u0648\u0646 \u0645\u0646 \u0636\u064a\u0642 \u0641\u064a \u0627\u0644\u062a\u0646\u0641\u0633\u060c \u0627\u0644\u062d\u0633\u0627\u0633\u064a\u0629 \u0627\u0644\u0645\u0648\u0633\u0645\u064a\u0629\u060c \u0627\u0644\u062a\u0648\u062a\u0631 \u0627\u0644\u0645\u0632\u0645\u0646\u060c \u0645\u0634\u0627\u0643\u0644 \u0627\u0644\u0628\u0634\u0631\u0629\u060c \u0623\u0648 \u0645\u0646 \u064a\u0633\u0639\u0648\u0646 \u0644\u062a\u0639\u0632\u064a\u0632 \u0645\u0646\u0627\u0639\u062a\u0647\u0645<br data-start=\"1847\" data-end=\"1850\" \/>\u0643\u0645\u0627 \u0623\u0646\u0647\u0627 \u0622\u0645\u0646\u0629 \u0644\u0644\u0623\u0637\u0641\u0627\u0644 \u0648\u0643\u0628\u0627\u0631 \u0627\u0644\u0633\u0646<\/p><p style=\"text-align: right;\"><strong data-start=\"1894\" data-end=\"1919\">\u0645\u062f\u0629 \u0627\u0644\u062c\u0644\u0633\u0629 \u0648\u0627\u0644\u062a\u0648\u0635\u064a\u0627\u062a<\/strong><\/p><p style=\"text-align: right;\">\u0627\u0644\u0645\u062f\u0629 \u0627\u0644\u0645\u062b\u0627\u0644\u064a\u0629 \u0644\u0644\u062c\u0644\u0633\u0629 \u0641\u064a \u063a\u0631\u0641\u0629 \u0627\u0644\u0645\u0644\u062d \u062a\u062a\u0631\u0627\u0648\u062d \u0628\u064a\u0646 20 \u0625\u0644\u0649 30 \u062f\u0642\u064a\u0642\u0629<br data-start=\"1984\" data-end=\"1987\" \/>\u064a\u0646\u0635\u062d \u0628\u0627\u0633\u062a\u062e\u062f\u0627\u0645\u0647\u0627 \u0639\u062f\u0629 \u0645\u0631\u0627\u062a \u0641\u064a \u0627\u0644\u0623\u0633\u0628\u0648\u0639 \u0644\u0644\u062d\u0635\u0648\u0644 \u0639\u0644\u0649 \u0646\u062a\u0627\u0626\u062c \u0641\u0639\u0651\u0627\u0644\u0629 \u062a\u0643\u0648\u0646 \u0627\u0644\u0641\u0627\u0626\u062f\u0629 \u0623\u0643\u0628\u0631 \u0639\u0646\u062f \u0627\u0633\u062a\u062e\u062f\u0627\u0645\u0647\u0627 \u0628\u0639\u062f \u062c\u0644\u0633\u0627\u062a \u0627\u0644\u0633\u0627\u0648\u0646\u0627 \u0623\u0648 \u0627\u0644\u062a\u062f\u0644\u064a\u0643\u060c \u062d\u064a\u062b \u062a\u0639\u0632\u0632 \u0627\u0644\u0627\u0633\u062a\u0631\u062e\u0627\u0621 \u0648\u062a\u062c\u062f\u064a\u062f \u0627\u0644\u0646\u0634\u0627\u0637<\/p><hr data-start=\"2147\" data-end=\"2150\" \/><p style=\"text-align: right;\"><strong data-start=\"2156\" data-end=\"2207\">\u0627\u0644\u0634\u0641\u0627\u0621 \u0627\u0644\u0642\u0627\u062f\u0645 \u0645\u0646 \u0642\u0644\u0628 \u0627\u0644\u0637\u0628\u064a\u0639\u0629 \u2013 \u0641\u0642\u0637 \u0641\u064a Sia Hotel<\/strong><\/p><p style=\"text-align: right;\">Serenity Thermal, SPA &amp; Wellness\u00a0\u00a0 \u062a\u0642\u062f\u0651\u0645 \u063a\u0631\u0641\u0629 \u0627\u0644\u0645\u0644\u062d \u0641\u064a\u00a0<\/p><p style=\"text-align: right;\">, \u0641\u0648\u0627\u0626\u062f \u0645\u0644\u062d \u0627\u0644\u0647\u064a\u0645\u0627\u0644\u0627\u064a\u0627 \u0627\u0644\u0639\u0644\u0627\u062c\u064a\u0629 \u0641\u064a \u0623\u062c\u0648\u0627\u0621 \u0645\u0631\u064a\u062d\u0629 \u0648\u0645\u0644\u064a\u0626\u0629 \u0628\u0627\u0644\u0633\u0643\u064a\u0646\u0629\u0623\u0647\u062f\u0650 \u0646\u0641\u0633\u0643 \u0647\u0630\u0647 \u0627\u0644\u062a\u062c\u0631\u0628\u0629 \u0627\u0644\u0641\u0631\u064a\u062f\u0629\u060c \u0648\u062f\u0639 \u062c\u0633\u062f\u0643 \u0648\u0639\u0642\u0644\u0643 \u064a\u0633\u062a\u0639\u064a\u062f\u0627\u0646 \u062a\u0648\u0627\u0632\u0646\u0647\u0645\u0627 \u0645\u0646 \u062e\u0644\u0627\u0644 \u0642\u0648\u0629 \u0627\u0644\u062a\u0646\u0642\u064a\u0629 \u0627\u0644\u062a\u064a \u064a\u0645\u0646\u062d\u0647\u0627 \u0627\u0644\u0645\u0644\u062d<\/p>\t\t\t\t\t\t\t\t<\/div>\n\t\t\t\t\t<\/div>\n\t\t\t\t<\/div>\n\t\t<div class=\"elementor-element elementor-element-59b81349 e-flex e-con-boxed tm-col-stretched-none tm-bg-color-over-image e-con e-parent\" data-id=\"59b81349\" data-element_type=\"container\">\n\t\t\t\t\t<div class=\"e-con-inner\">\n\t\t\t\t<div class=\"elementor-element elementor-element-780b7455 elementor-widget elementor-widget-spacer\" data-id=\"780b7455\" data-element_type=\"widget\" data-widget_type=\"spacer.default\">\n\t\t\t\t\t\t\t<div class=\"elementor-spacer\">\n\t\t\t<div class=\"elementor-spacer-inner\"><\/div>\n\t\t<\/div>\n\t\t\t\t\t\t<\/div>\n\t\t\t\t\t<\/div>\n\t\t\t\t<\/div>\n\t\t<div class=\"elementor-element elementor-element-55599d60 e-flex e-con-boxed tm-col-stretched-none tm-bg-color-over-image e-con e-parent\" data-id=\"55599d60\" data-element_type=\"container\" data-settings=\"{&quot;background_background&quot;:&quot;classic&quot;}\">\n\t\t\t\t\t<div class=\"e-con-inner\">\n\t\t<div class=\"elementor-element elementor-element-5f683000 e-con-full e-flex tm-col-stretched-none tm-bg-color-over-image e-con e-child\" data-id=\"5f683000\" data-element_type=\"container\">\n\t\t\t\t<div class=\"elementor-element elementor-element-59ac08a0 elementor-widget elementor-widget-heading\" data-id=\"59ac08a0\" data-element_type=\"widget\" data-widget_type=\"heading.default\">\n\t\t\t\t\t<h3 class=\"elementor-heading-title elementor-size-default\"><a href=\"tel:+902243240202\"><u>\u0644\u0644\u0645\u0632\u064a\u062f \u0645\u0646 \u0627\u0644\u0645\u0639\u0644\u0648\u0645\u0627\u062a \u0627\u062a\u0635\u0644\u0648\u0627 \u0628\u0646\u0627<\/u><\/a><\/h3>\t\t\t\t<\/div>\n\t\t\t\t<div class=\"elementor-element elementor-element-77ed8f76 elementor-widget elementor-widget-tm-ele-social-links\" data-id=\"77ed8f76\" data-element_type=\"widget\" data-widget_type=\"tm-ele-social-links.default\">\n\t\t\t\t<div class=\"elementor-widget-container\">\n\t\t\t\t\t<ul class=\"tm-sc-social-links links-outlined\">\r\n\r\n\t\t\t<li><a class=\"social-link\" aria-label=\"Social Link\" href=\"https:\/\/www.facebook.com\/siahotelthermalspa\" target=\"_self\"><i class=\"fa fa-facebook\"><\/i><\/a><\/li>\r\n\t\t\r\n\t\t<li><a class=\"social-link\" aria-label=\"Social Link\" href=\"https:\/\/www.linkedin.com\/company\/sia-hotel-thermal-spa\/\" target=\"_self\"><i class=\"fa fa-linkedin\"><\/i><\/a><\/li>\r\n\t\t\t<li><a class=\"social-link\" aria-label=\"Social Link\" href=\"https:\/\/www.instagram.com\/siahotelthermalspa\" target=\"_self\"><i class=\"fa fa-instagram\"><\/i><\/a><\/li>\r\n\t\t\r\n\t\t\t<\/ul>\t\t\t\t<\/div>\n\t\t\t\t<\/div>\n\t\t\t\t<\/div>\n\t\t\t\t\t<\/div>\n\t\t\t\t<\/div>\n\t\t<div class=\"elementor-element elementor-element-1b98805 e-flex e-con-boxed tm-col-stretched-none tm-bg-color-over-image e-con e-parent\" data-id=\"1b98805\" data-element_type=\"container\">\n\t\t\t\t\t<div class=\"e-con-inner\">\n\t\t\t\t<div class=\"elementor-element elementor-element-7cb7aed7 elementor-widget elementor-widget-spacer\" data-id=\"7cb7aed7\" data-element_type=\"widget\" data-widget_type=\"spacer.default\">\n\t\t\t\t\t\t\t<div class=\"elementor-spacer\">\n\t\t\t<div class=\"elementor-spacer-inner\"><\/div>\n\t\t<\/div>\n\t\t\t\t\t\t<\/div>\n\t\t\t\t\t<\/div>\n\t\t\t\t<\/div>\n\t\t<div class=\"elementor-element elementor-element-5e5d5582 e-flex e-con-boxed tm-col-stretched-none tm-bg-color-over-image e-con e-parent\" data-id=\"5e5d5582\" data-element_type=\"container\">\n\t\t\t\t\t<div class=\"e-con-inner\">\n\t\t<div class=\"elementor-element elementor-element-fd0810 e-con-full e-flex tm-col-stretched-none tm-bg-color-over-image e-con e-child\" data-id=\"fd0810\" data-element_type=\"container\">\n\t\t<div class=\"elementor-element elementor-element-6f4dc183 e-con-full tm-col-stretched-none e-flex tm-bg-color-over-image e-con e-child\" data-id=\"6f4dc183\" data-element_type=\"container\">\n\t\t\t\t<div class=\"elementor-element elementor-element-175ff7ed elementor-widget elementor-widget-shortcode\" data-id=\"175ff7ed\" data-element_type=\"widget\" data-widget_type=\"shortcode.default\">\n\t\t\t\t\t\t\t<div class=\"elementor-shortcode\">\t\t<div id=\"sbi_mod_error\" >\n\t\t\t<span>Bu hata mesaj\u0131n\u0131 yaln\u0131zca WordPress y\u00f6neticileri g\u00f6rebilir<\/span><br\/>\n\t\t\t<p><strong>Hata: 1 kimli\u011fine sahip hi\u00e7bir ak\u0131\u015f bulunamad\u0131.<\/strong>\n\t\t\t<p>Bir ak\u0131\u015f olu\u015fturmak i\u00e7in l\u00fctfen Instagram Ak\u0131\u015f\u0131 ayarlar sayfas\u0131na gidin.<\/p>\n\t\t<\/div>\n\t\t<\/div>\n\t\t\t\t\t\t<\/div>\n\t\t\t\t<\/div>\n\t\t\t\t<\/div>\n\t\t\t\t\t<\/div>\n\t\t\t\t<\/div>\n\t\t\t\t<\/div>\n\t\t","protected":false},"excerpt":{"rendered":"<p>Seren\u0131ty \u063a\u0631\u0641 \u0627\u0644\u0645\u0644\u062d \u0627\u0644\u0644\u0645\u0633\u0629 \u0627\u0644\u0639\u0644\u0627\u062c\u064a\u0629 \u0644\u0645\u0644\u062d \u0627\u0644\u0647\u064a\u0645\u0627\u0644\u0627\u064a\u0627: \u0627\u0643\u062a\u0634\u0641\u0648\u0627 \u063a\u0631\u0641\u0629 \u0627\u0644\u0645\u0644\u062d \u0641\u064a \u062e\u0636\u0645 \u0648\u062a\u064a\u0631\u0629 \u0627\u0644\u062d\u064a\u0627\u0629 \u0627\u0644\u0639\u0635\u0631\u064a\u0629\u060c \u0623\u0635\u0628\u062d \u0644\u0623\u062c\u0633\u0627\u0645\u0646\u0627 \u0648\u0639\u0642\u0648\u0644\u0646\u0627 \u062d\u0627\u062c\u0629 \u0645\u062a\u0632\u0627\u064a\u062f\u0629&#8230;<\/p>\n","protected":false},"author":1,"featured_media":0,"parent":0,"menu_order":0,"comment_status":"closed","ping_status":"closed","template":"","meta":{"_monsterinsights_skip_tracking":false,"_monsterinsights_sitenote_active":false,"_monsterinsights_sitenote_note":"","_monsterinsights_sitenote_category":0,"footnotes":""},"class_list":["post-16145","page","type-page","status-publish","hentry"],"aioseo_notices":[],"_links":{"self":[{"href":"https:\/\/www.siahotel.com.tr\/ar\/wp-json\/wp\/v2\/pages\/16145","targetHints":{"allow":["GET"]}}],"collection":[{"href":"https:\/\/www.siahotel.com.tr\/ar\/wp-json\/wp\/v2\/pages"}],"about":[{"href":"https:\/\/www.siahotel.com.tr\/ar\/wp-json\/wp\/v2\/types\/page"}],"author":[{"embeddable":true,"href":"https:\/\/www.siahotel.com.tr\/ar\/wp-json\/wp\/v2\/users\/1"}],"replies":[{"embeddable":true,"href":"https:\/\/www.siahotel.com.tr\/ar\/wp-json\/wp\/v2\/comments?post=16145"}],"version-history":[{"count":28,"href":"https:\/\/www.siahotel.com.tr\/ar\/wp-json\/wp\/v2\/pages\/16145\/revisions"}],"predecessor-version":[{"id":18254,"href":"https:\/\/www.siahotel.com.tr\/ar\/wp-json\/wp\/v2\/pages\/16145\/revisions\/18254"}],"wp:attachment":[{"href":"https:\/\/www.siahotel.com.tr\/ar\/wp-json\/wp\/v2\/media?parent=16145"}],"curies":[{"name":"wp","href":"https:\/\/api.w.org\/{rel}","templated":true}]}}