{"id":15713,"date":"2025-08-04T21:34:56","date_gmt":"2025-08-04T21:34:56","guid":{"rendered":"https:\/\/www.siahotel.com.tr\/ar\/?page_id=15713"},"modified":"2025-08-26T15:21:26","modified_gmt":"2025-08-26T15:21:26","slug":"sifa-ve-detox-paketi","status":"publish","type":"page","link":"https:\/\/www.siahotel.com.tr\/ar\/sifa-ve-detox-paketi\/","title":{"rendered":"\u015eifa ve Detox Paketi"},"content":{"rendered":"\t\t<div data-elementor-type=\"wp-page\" data-elementor-id=\"15713\" class=\"elementor elementor-15713\">\n\t\t\t\t<div class=\"elementor-element elementor-element-4ee0e079 e-flex e-con-boxed tm-col-stretched-none tm-bg-color-over-image e-con e-parent\" data-id=\"4ee0e079\" data-element_type=\"container\" data-settings=\"{&quot;background_background&quot;:&quot;classic&quot;}\">\n\t\t\t\t\t<div class=\"e-con-inner\">\n\t\t<div class=\"elementor-element elementor-element-5acf4ad0 tm-col-stretched-none e-con-full e-flex tm-bg-color-over-image e-con e-child\" data-id=\"5acf4ad0\" data-element_type=\"container\">\n\t\t\t\t<div class=\"elementor-element elementor-element-746a8bd0 horizontal-line-align-left vertical-line-align-bottom elementor-widget elementor-widget-tm-ele-section-title\" data-id=\"746a8bd0\" data-element_type=\"widget\" data-widget_type=\"tm-ele-section-title.default\">\n\t\t\t\t<div class=\"elementor-widget-container\">\n\t\t\t\t\t<div class=\"tm-sc-section-title section-title line-both-side-current-theme \">\r\n\t<div class=\"title-wrapper\">\r\n\t\t\t\t\r\n\r\n<div class=\"sub-title-outer\">\r\n\t\t<div class=\"subtitle \">\r\n\r\n\t\t\r\n\t\tSEREN\u0130TY\t<\/div>\r\n\t<\/div>\t\t\t<h2 class=\"title \">\r\n\r\n\t\t\r\n\t\t\t\t<span class=\"title-part1 \">\u0628\u0627\u0642\u0629 \u0627\u0644\u0634\u0641\u0627\u0621 \u0648\u0627\u0644\u062f\u0650\u064a\u062a\u0648\u0643\u0633<\/span>\r\n\t\t\t\t\r\n\t\t\r\n\t<\/h2>\r\n\t<div class=\"title-seperator-line\"><\/div>\t\t\t\t\t\t<\/div>\r\n<\/div>\t\t\t\t<\/div>\n\t\t\t\t<\/div>\n\t\t\t\t<div class=\"elementor-element elementor-element-68c5b133 elementor-widget-divider--view-line elementor-widget elementor-widget-divider\" data-id=\"68c5b133\" data-element_type=\"widget\" data-widget_type=\"divider.default\">\n\t\t\t\t\t\t\t<div class=\"elementor-divider\">\n\t\t\t<span class=\"elementor-divider-separator\">\n\t\t\t\t\t\t<\/span>\n\t\t<\/div>\n\t\t\t\t\t\t<\/div>\n\t\t\t\t<\/div>\n\t\t\t\t\t<\/div>\n\t\t\t\t<\/div>\n\t\t<div class=\"elementor-element elementor-element-2e3e7e3 e-flex e-con-boxed tm-col-stretched-none tm-bg-color-over-image e-con e-parent\" data-id=\"2e3e7e3\" data-element_type=\"container\">\n\t\t\t\t\t<div class=\"e-con-inner\">\n\t\t\t\t<div class=\"elementor-element elementor-element-46240037 elementor-widget elementor-widget-text-editor\" data-id=\"46240037\" data-element_type=\"widget\" data-widget_type=\"text-editor.default\">\n\t\t\t\t\t\t\t\t\t<p><span><\/span><\/p><h3 dir=\"rtl\" class=\"p1\"><b>\u0637\u0647\u0651\u0631 \u062c\u0633\u062f\u0643\u060c \u0648\u0623\u0631\u062d \u0630\u0647\u0646\u0643: \u0631\u062d\u0644\u0629 \u0634\u0641\u0627\u0621 \u0648\u062f\u0650\u064a\u062a\u0648\u0643\u0633 \u0645\u0635\u0645\u0651\u0645\u0629 \u062e\u0635\u064a\u0635\u064b\u0627 \u0644\u0643 \u0641\u064a Sia Hotel<\/b><b><\/b><\/h3><p dir=\"rtl\" class=\"p3\">\u0648\u0633\u0637 \u0625\u064a\u0642\u0627\u0639 \u0627\u0644\u062d\u064a\u0627\u0629 \u0627\u0644\u0639\u0635\u0631\u064a\u0629 \u0627\u0644\u0633\u0631\u064a\u0639\u060c \u064a\u0623\u062a\u064a \u0648\u0642\u062a \u064a\u062d\u062a\u0627\u062c \u0641\u064a\u0647 \u0627\u0644\u062c\u0633\u062f \u0625\u0644\u0649 \u0627\u0644\u062a\u0628\u0627\u0637\u0624\u060c \u0648\u0627\u0644\u0639\u0642\u0644 \u0625\u0644\u0649 \u0627\u0644\u0635\u0641\u0627\u0621\u060c \u0648\u0627\u0644\u0631\u0648\u062d \u0625\u0644\u0649 \u0627\u0633\u062a\u0639\u0627\u062f\u0629 \u062a\u0648\u0627\u0632\u0646\u0647\u0627. \u0641\u064a <span class=\"s1\"><b>Sia Hotel Serenity Termal, SPA &amp; Wellness<\/b><\/span>\u060c \u062a\u064f\u0642\u062f\u0651\u064e\u0645 <span class=\"s1\"><b>\u0628\u0627\u0642\u0629 \u0627\u0644\u0634\u0641\u0627\u0621 \u0648\u0627\u0644\u062f\u0650\u064a\u062a\u0648\u0643\u0633<\/b><\/span> \u0643\u0646\u0647\u062c \u0634\u0627\u0645\u0644 \u064a\u0644\u0628\u064a \u0647\u0630\u0647 \u0627\u0644\u062d\u0627\u062c\u0629 \u0628\u062a\u062c\u0631\u0628\u0629 \u0645\u062a\u0643\u0627\u0645\u0644\u0629 \u062a\u0639\u064a\u062f \u0644\u0644\u062c\u0633\u0645 \u0648\u0627\u0644\u0639\u0642\u0644 \u0648\u0627\u0644\u0631\u0648\u062d \u062a\u0648\u0627\u0632\u0646\u0647\u0627.<\/p><p dir=\"rtl\" class=\"p3\">\u062a\u064f\u0642\u062f\u0651\u064e\u0645 \u0647\u0630\u0647 \u0627\u0644\u0628\u0627\u0642\u0629 \u0628\u062e\u064a\u0627\u0631\u0627\u062a \u0625\u0642\u0627\u0645\u0629 \u0645\u0646 <span class=\"s1\"><b>3 \u0623\u0648 4 \u0623\u0648 5 \u0623\u0648 6 \u0644\u064a\u0627\u0644\u064d<\/b><\/span>\u060c \u062d\u064a\u062b \u064a\u062a\u0645 \u062a\u0635\u0645\u064a\u0645 \u0627\u0644\u0628\u0631\u0646\u0627\u0645\u062c \u0648\u0641\u0642\u064b\u0627 \u0644\u0644\u062d\u0627\u0644\u0629 \u0627\u0644\u0635\u062d\u064a\u0629 \u0627\u0644\u0641\u0631\u062f\u064a\u0629 \u0644\u0643\u0644 \u0636\u064a\u0641. \u064a\u064f\u0628\u0646\u0649 \u0643\u0644 \u064a\u0648\u0645 \u062d\u0648\u0644 \u0645\u0641\u0627\u0647\u064a\u0645 <span class=\"s1\"><b>\u0627\u0644\u0634\u0641\u0627\u0621\u060c \u0648\u0627\u0644\u062a\u062c\u062f\u062f\u060c \u0648\u0627\u0633\u062a\u0639\u0627\u062f\u0629 \u0627\u0644\u062a\u0648\u0627\u0632\u0646<\/b><\/span>.<\/p><p dir=\"rtl\" class=\"p1\"><b>\u0627\u0644\u062e\u0637\u0648\u0629 \u0627\u0644\u0623\u0648\u0644\u0649: \u062a\u0642\u064a\u064a\u0645 \u0635\u062d\u064a \u0634\u0627\u0645\u0644<\/b><b><\/b><\/p><p dir=\"rtl\" class=\"p1\"><span class=\"s2\">\u062a\u0628\u062f\u0623 \u0627\u0644\u0631\u062d\u0644\u0629 \u0628\u0625\u062c\u0631\u0627\u0621 <\/span><b>\u062a\u062d\u0644\u064a\u0644 \u0643\u0627\u0645\u0644 \u0644\u0644\u062c\u0633\u0645\u060c \u0648\u0642\u064a\u0627\u0633 \u0646\u0633\u0628\u0629 \u0627\u0644\u0633\u0643\u0631 \u0641\u064a \u0627\u0644\u062f\u0645 \u0648\u0636\u063a\u0637 \u0627\u0644\u062f\u0645<\/b><span class=\"s2\"> \u0644\u0641\u0647\u0645 \u0627\u062d\u062a\u064a\u0627\u062c\u0627\u062a \u0627\u0644\u0636\u064a\u0641 \u0627\u0644\u062c\u0633\u062f\u064a\u0629 \u0628\u062f\u0642\u0629. \u064a\u0634\u0645\u0644 \u0627\u0644\u064a\u0648\u0645 \u0627\u0644\u0623\u0648\u0644 <\/span><b>\u0627\u0644\u062a\u0639\u0631\u0651\u0641 \u0639\u0644\u0649 \u0645\u0631\u0627\u0641\u0642 \u0627\u0644\u0645\u0646\u0637\u0642\u0629 \u0627\u0644\u062d\u0631\u0627\u0631\u064a\u0629<\/b><span class=\"s2\">\u060c \u062d\u064a\u062b \u064a\u064f\u0631\u0643\u0651\u0632 \u0639\u0644\u0649 <\/span><b>\u062e\u0641\u0636 \u0625\u064a\u0642\u0627\u0639 \u0627\u0644\u062c\u0633\u0645 \u0648\u0627\u0644\u062a\u062e\u0644\u0635 \u0645\u0646 \u0625\u0631\u0647\u0627\u0642 \u0627\u0644\u062d\u064a\u0627\u0629 \u0627\u0644\u064a\u0648\u0645\u064a\u0629<\/b><span class=\"s2\">.<\/span><\/p><p dir=\"rtl\" class=\"p1\"><b>\u062a\u0646\u0642\u064a\u0629 \u0639\u0645\u064a\u0642\u0629 \u0648\u062a\u062c\u062f\u064a\u062f \u0644\u0644\u0637\u0627\u0642\u0629<\/b><b><\/b><\/p><p dir=\"rtl\" class=\"p3\">\u0641\u064a \u0627\u0644\u064a\u0648\u0645 \u0627\u0644\u062a\u0627\u0644\u064a\u060c \u064a\u064f\u0631\u0643\u0651\u064e\u0632 \u0639\u0644\u0649 <span class=\"s1\"><b>\u062a\u062d\u0633\u064a\u0646 \u062c\u0648\u062f\u0629 \u0627\u0644\u062a\u0646\u0641\u0633<\/b><\/span> \u0645\u0646 \u062e\u0644\u0627\u0644 \u062c\u0644\u0633\u0627\u062a <span class=\"s1\"><b>\u0627\u0644\u062c\u0627\u0643\u0648\u0632\u064a \u0648\u063a\u0631\u0641\u0629 \u0627\u0644\u0628\u062e\u0627\u0631<\/b><\/span>\u060c \u0625\u0644\u0649 \u062c\u0627\u0646\u0628 \u0642\u0636\u0627\u0621 \u0648\u0642\u062a \u0641\u064a <span class=\"s1\"><b>\u063a\u0631\u0641\u0629 \u0627\u0644\u0645\u0644\u062d<\/b><\/span> \u0644\u062f\u0639\u0645 \u0627\u0644\u062c\u0647\u0627\u0632 \u0627\u0644\u062a\u0646\u0641\u0633\u064a \u0628\u0637\u0631\u064a\u0642\u0629 \u0644\u0637\u064a\u0641\u0629 \u0648\u0641\u0639\u0627\u0644\u0629. \u0648\u0645\u0639 \u062a\u0642\u062f\u0645 \u0627\u0644\u0628\u0631\u0646\u0627\u0645\u062c\u060c \u062a\u062a\u0639\u0645\u0642 \u0631\u062d\u0644\u0629 \u0627\u0644\u062a\u0637\u0647\u064a\u0631 \u0628\u0627\u0633\u062a\u062e\u062f\u0627\u0645 <span class=\"s1\"><b>\u0627\u0644\u0645\u0633\u0627\u0628\u062d \u0627\u0644\u062d\u0631\u0627\u0631\u064a\u0629\u060c \u0648\u0627\u0644\u0633\u0627\u0648\u0646\u0627\u060c \u0648\u0627\u0644\u062d\u0645\u0627\u0645 \u0627\u0644\u062a\u0631\u0643\u064a<\/b><\/span> \u062d\u064a\u062b \u064a\u062a\u0645 \u062a\u0637\u0628\u064a\u0642 \u062c\u0644\u0633\u0627\u062a <span class=\"s1\"><b>\u0627\u0644\u0643\u064a\u0633 \u0648\u0627\u0644\u0631\u063a\u0648\u0629<\/b><\/span> \u0644\u062a\u062c\u062f\u064a\u062f \u0627\u0644\u0628\u0634\u0631\u0629 \u0648\u0627\u0644\u062a\u062e\u0644\u0635 \u0645\u0646 \u0627\u0644\u0633\u0645\u0648\u0645.<\/p><p dir=\"rtl\" class=\"p1\"><b>\u062c\u0644\u0633\u0627\u062a \u0639\u0644\u0627\u062c\u064a\u0629 \u0648\u062a\u063a\u0630\u064a\u0629 \u0635\u062d\u064a\u0629<\/b><b><\/b><\/p><p dir=\"rtl\" class=\"p3\">\u062a\u0633\u062a\u0643\u0645\u0644 \u0627\u0644\u062a\u062c\u0631\u0628\u0629 \u0628\u062c\u0644\u0633\u0627\u062a <span class=\"s1\"><b>\u0627\u0644\u062a\u062f\u0644\u064a\u0643 \u0627\u0644\u0645\u0627\u0626\u064a (\u0627\u0644\u0647\u064a\u062f\u0631\u0648\u062b\u064a\u0631\u0627\u0628\u064a)<\/b><\/span> \u0627\u0644\u062a\u064a \u062a\u0633\u0627\u0639\u062f \u0639\u0644\u0649 \u0627\u0633\u062a\u0631\u062e\u0627\u0621 \u0627\u0644\u0639\u0636\u0644\u0627\u062a\u060c \u0628\u0627\u0644\u0625\u0636\u0627\u0641\u0629 \u0625\u0644\u0649 <span class=\"s1\"><b>\u0648\u0631\u0634 \u0639\u0645\u0644 \u062d\u0648\u0644 \u0627\u0644\u062a\u063a\u0630\u064a\u0629 \u0627\u0644\u0635\u062d\u064a\u0629<\/b><\/span> \u0644\u0636\u0645\u0627\u0646 \u0627\u0644\u0639\u0646\u0627\u064a\u0629 \u0628\u0627\u0644\u062c\u0633\u0645 \u0645\u0646 \u0627\u0644\u062f\u0627\u062e\u0644. \u0643\u0645\u0627 \u062a\u064f\u0642\u062f\u0651\u064e\u0645 \u0645\u0634\u0631\u0648\u0628\u0627\u062a <span class=\"s1\"><b>\u201c\u0634\u0648\u062a\u0633\u201d \u0637\u0628\u064a\u0639\u064a\u0629<\/b><\/span> \u0644\u062f\u0639\u0645 \u0627\u0644\u0645\u0646\u0627\u0639\u0629 \u0648\u062a\u0639\u0632\u064a\u0632 \u0639\u0645\u0644\u064a\u0629 \u0627\u0644\u0627\u0633\u062a\u0634\u0641\u0627\u0621.<\/p><p dir=\"rtl\" class=\"p1\"><b>\u0639\u0646\u0627\u064a\u0629 \u062e\u0627\u0635\u0629 \u0628\u0627\u0644\u0642\u062f\u0645\u064a\u0646<\/b><b><\/b><\/p><p dir=\"rtl\" class=\"p3\">\u062a\u0648\u0644\u064a \u0627\u0644\u0628\u0627\u0642\u0629 \u0627\u0647\u062a\u0645\u0627\u0645\u064b\u0627 \u062e\u0627\u0635\u064b\u0627 \u0628\u0635\u062d\u0629 \u0627\u0644\u0642\u062f\u0645\u064a\u0646 \u0639\u0628\u0631 <span class=\"s1\"><b>\u062a\u062d\u0644\u064a\u0644 \u0628\u0635\u0645\u0629 \u0627\u0644\u0642\u062f\u0645\u060c \u0648\u0627\u0644\u0639\u0646\u0627\u064a\u0629 \u0628\u0627\u0633\u062a\u062e\u062f\u0627\u0645 \u0623\u0633\u0645\u0627\u0643 Garra Rufa\u060c \u0648\u0627\u0644\u0639\u0644\u0627\u062c \u0628\u0627\u0644\u062a\u0648\u0627\u0632\u0646 \u0627\u0644\u062d\u0631\u0627\u0631\u064a \u0628\u064a\u0646 \u0627\u0644\u0633\u0627\u062e\u0646 \u0648\u0627\u0644\u0628\u0627\u0631\u062f<\/b><\/span>. \u0623\u0645\u0627 \u0627\u0644\u0636\u064a\u0648\u0641 \u0627\u0644\u0630\u064a\u0646 \u064a\u062e\u062a\u0627\u0631\u0648\u0646 \u0628\u0631\u0646\u0627\u0645\u062c <span class=\"s1\"><b>\u0627\u0644\u0633\u062a \u0644\u064a\u0627\u0644\u064d<\/b><\/span>\u060c \u0641\u064a\u0633\u062a\u0645\u062a\u0639\u0648\u0646 \u0628\u062c\u0648\u0644\u0629 \u062e\u0627\u0635\u0629 \u062f\u0627\u062e\u0644 \u0645\u062f\u064a\u0646\u0629 <span class=\"s1\"><b>Bursa<\/b><\/span> \u0644\u0627\u062e\u062a\u062a\u0627\u0645 \u0627\u0644\u0631\u062d\u0644\u0629 \u0628\u0644\u062d\u0638\u0627\u062a \u0645\u0646 \u0627\u0644\u0631\u0627\u062d\u0629 \u0648\u0627\u0644\u0633\u0643\u064a\u0646\u0629 \u0648\u0633\u0637 \u0623\u062c\u0648\u0627\u0626\u0647\u0627 \u0627\u0644\u062a\u0627\u0631\u064a\u062e\u064a\u0629 \u0648\u0627\u0644\u0637\u0628\u064a\u0639\u064a\u0629.<\/p><p dir=\"rtl\" class=\"p3\">\u0628\u0627\u0642\u0629 \u0627\u0644\u0634\u0641\u0627\u0621 \u0648\u0627\u0644\u062f\u0650\u064a\u062a\u0648\u0643\u0633 \u0641\u064a <span class=\"s1\"><b>Sia Hotel<\/b><\/span> \u0644\u0627 \u062a\u0647\u062f\u0641 \u0641\u0642\u0637 \u0625\u0644\u0649 <span class=\"s1\"><b>\u062a\u0639\u0632\u064a\u0632 \u0627\u0644\u0635\u062d\u0629 \u0627\u0644\u062c\u0633\u062f\u064a\u0629<\/b><\/span>\u060c \u0628\u0644 \u062a\u0631\u0643\u0632 \u0623\u064a\u0636\u064b\u0627 \u0639\u0644\u0649 <span class=\"s1\"><b>\u0635\u0641\u0627\u0621 \u0627\u0644\u0630\u0647\u0646 \u0648\u0627\u0633\u062a\u0639\u0627\u062f\u0629 \u0627\u0644\u062a\u0648\u0627\u0632\u0646 \u0627\u0644\u0646\u0641\u0633\u064a<\/b><\/span>. \u0648\u0628\u0641\u0636\u0644 \u0627\u0639\u062a\u0645\u0627\u062f\u0647\u0627 \u0639\u0644\u0649 <span class=\"s1\"><b>\u0623\u0633\u0633 \u0639\u0644\u0645\u064a\u0629 \u062f\u0642\u064a\u0642\u0629<\/b><\/span> \u0648\u062a\u0635\u0645\u064a\u0645\u0647\u0627 \u0648\u0641\u0642 \u0627\u062d\u062a\u064a\u0627\u062c\u0627\u062a \u0643\u0644 \u0636\u064a\u0641\u060c \u0641\u0647\u064a <span class=\"s1\"><b>\u062f\u0639\u0648\u0629 \u0625\u0644\u0649 \u062a\u062c\u0631\u0628\u0629 \u062a\u062d\u0648\u0644 \u0635\u062d\u064a \u0634\u0627\u0645\u0644 \u0648\u0645\u0633\u062a\u062f\u0627\u0645<\/b><\/span>.<\/p>\t\t\t\t\t\t\t\t<\/div>\n\t\t\t\t\t<\/div>\n\t\t\t\t<\/div>\n\t\t<div class=\"elementor-element elementor-element-4294ef2b e-flex e-con-boxed tm-col-stretched-none tm-bg-color-over-image e-con e-parent\" data-id=\"4294ef2b\" data-element_type=\"container\">\n\t\t\t\t\t<div class=\"e-con-inner\">\n\t\t\t\t<div class=\"elementor-element elementor-element-60b4541d elementor-widget elementor-widget-spacer\" data-id=\"60b4541d\" data-element_type=\"widget\" data-widget_type=\"spacer.default\">\n\t\t\t\t\t\t\t<div class=\"elementor-spacer\">\n\t\t\t<div class=\"elementor-spacer-inner\"><\/div>\n\t\t<\/div>\n\t\t\t\t\t\t<\/div>\n\t\t\t\t\t<\/div>\n\t\t\t\t<\/div>\n\t\t<div class=\"elementor-element elementor-element-7875d56 e-flex e-con-boxed tm-col-stretched-none tm-bg-color-over-image e-con e-parent\" data-id=\"7875d56\" data-element_type=\"container\" data-settings=\"{&quot;background_background&quot;:&quot;classic&quot;}\">\n\t\t\t\t\t<div class=\"e-con-inner\">\n\t\t<div class=\"elementor-element elementor-element-4eddd8d8 e-con-full e-flex tm-col-stretched-none tm-bg-color-over-image e-con e-child\" data-id=\"4eddd8d8\" data-element_type=\"container\">\n\t\t\t\t<div class=\"elementor-element elementor-element-405d16d1 elementor-widget elementor-widget-heading\" data-id=\"405d16d1\" data-element_type=\"widget\" data-widget_type=\"heading.default\">\n\t\t\t\t\t<h3 class=\"elementor-heading-title elementor-size-default\"><a href=\"tel:+902243240202\"><u>\u0644\u0644\u0645\u0632\u064a\u062f \u0645\u0646 \u0627\u0644\u0645\u0639\u0644\u0648\u0645\u0627\u062a \u0627\u062a\u0635\u0644 \u0628\u0646\u0627<\/u><\/a><\/h3>\t\t\t\t<\/div>\n\t\t\t\t<div class=\"elementor-element elementor-element-26da1e7c elementor-widget elementor-widget-tm-ele-social-links\" data-id=\"26da1e7c\" data-element_type=\"widget\" data-widget_type=\"tm-ele-social-links.default\">\n\t\t\t\t<div class=\"elementor-widget-container\">\n\t\t\t\t\t<ul class=\"tm-sc-social-links links-outlined\">\r\n\r\n\t\t\t<li><a class=\"social-link\" aria-label=\"Social Link\" href=\"https:\/\/www.facebook.com\/siahotelthermalspa\" target=\"_self\"><i class=\"fa fa-facebook\"><\/i><\/a><\/li>\r\n\t\t\r\n\t\t<li><a class=\"social-link\" aria-label=\"Social Link\" href=\"https:\/\/www.linkedin.com\/company\/sia-hotel-thermal-spa\/\" target=\"_self\"><i class=\"fa fa-linkedin\"><\/i><\/a><\/li>\r\n\t\t\t<li><a class=\"social-link\" aria-label=\"Social Link\" href=\"https:\/\/www.instagram.com\/siahotelthermalspa\" target=\"_self\"><i class=\"fa fa-instagram\"><\/i><\/a><\/li>\r\n\t\t\r\n\t\t\t<\/ul>\t\t\t\t<\/div>\n\t\t\t\t<\/div>\n\t\t\t\t<\/div>\n\t\t\t\t\t<\/div>\n\t\t\t\t<\/div>\n\t\t<div class=\"elementor-element elementor-element-34b3fa49 e-flex e-con-boxed tm-col-stretched-none tm-bg-color-over-image e-con e-parent\" data-id=\"34b3fa49\" data-element_type=\"container\">\n\t\t\t\t\t<div class=\"e-con-inner\">\n\t\t\t\t<div class=\"elementor-element elementor-element-1c01e02f elementor-widget elementor-widget-spacer\" data-id=\"1c01e02f\" data-element_type=\"widget\" data-widget_type=\"spacer.default\">\n\t\t\t\t\t\t\t<div class=\"elementor-spacer\">\n\t\t\t<div class=\"elementor-spacer-inner\"><\/div>\n\t\t<\/div>\n\t\t\t\t\t\t<\/div>\n\t\t\t\t\t<\/div>\n\t\t\t\t<\/div>\n\t\t<div class=\"elementor-element elementor-element-167bfc73 e-flex e-con-boxed tm-col-stretched-none tm-bg-color-over-image e-con e-parent\" data-id=\"167bfc73\" data-element_type=\"container\">\n\t\t\t\t\t<div class=\"e-con-inner\">\n\t\t<div class=\"elementor-element elementor-element-327e8e3c e-con-full e-flex tm-col-stretched-none tm-bg-color-over-image e-con e-child\" data-id=\"327e8e3c\" data-element_type=\"container\">\n\t\t<div class=\"elementor-element elementor-element-4e720666 e-con-full tm-col-stretched-none e-flex tm-bg-color-over-image e-con e-child\" data-id=\"4e720666\" data-element_type=\"container\">\n\t\t\t\t<div class=\"elementor-element elementor-element-c4a4369 elementor-widget elementor-widget-shortcode\" data-id=\"c4a4369\" data-element_type=\"widget\" data-widget_type=\"shortcode.default\">\n\t\t\t\t\t\t\t<div class=\"elementor-shortcode\">\t\t<div id=\"sbi_mod_error\" >\n\t\t\t<span>Bu hata mesaj\u0131n\u0131 yaln\u0131zca WordPress y\u00f6neticileri g\u00f6rebilir<\/span><br\/>\n\t\t\t<p><strong>Hata: 1 kimli\u011fine sahip hi\u00e7bir ak\u0131\u015f bulunamad\u0131.<\/strong>\n\t\t\t<p>Bir ak\u0131\u015f olu\u015fturmak i\u00e7in l\u00fctfen Instagram Ak\u0131\u015f\u0131 ayarlar sayfas\u0131na gidin.<\/p>\n\t\t<\/div>\n\t\t<\/div>\n\t\t\t\t\t\t<\/div>\n\t\t\t\t<\/div>\n\t\t\t\t<\/div>\n\t\t\t\t\t<\/div>\n\t\t\t\t<\/div>\n\t\t\t\t<\/div>\n\t\t","protected":false},"excerpt":{"rendered":"<p>SEREN\u0130TY \u0628\u0627\u0642\u0629 \u0627\u0644\u0634\u0641\u0627\u0621 \u0648\u0627\u0644\u062f\u0650\u064a\u062a\u0648\u0643\u0633 \u0637\u0647\u0651\u0631 \u062c\u0633\u062f\u0643\u060c \u0648\u0623\u0631\u062d \u0630\u0647\u0646\u0643: \u0631\u062d\u0644\u0629 \u0634\u0641\u0627\u0621 \u0648\u062f\u0650\u064a\u062a\u0648\u0643\u0633 \u0645\u0635\u0645\u0651\u0645\u0629 \u062e\u0635\u064a\u0635\u064b\u0627 \u0644\u0643 \u0641\u064a Sia Hotel \u0648\u0633\u0637 \u0625\u064a\u0642\u0627\u0639 \u0627\u0644\u062d\u064a\u0627\u0629&#8230;<\/p>\n","protected":false},"author":1,"featured_media":0,"parent":0,"menu_order":0,"comment_status":"closed","ping_status":"closed","template":"","meta":{"_monsterinsights_skip_tracking":false,"_monsterinsights_sitenote_active":false,"_monsterinsights_sitenote_note":"","_monsterinsights_sitenote_category":0,"footnotes":""},"class_list":["post-15713","page","type-page","status-publish","hentry"],"aioseo_notices":[],"_links":{"self":[{"href":"https:\/\/www.siahotel.com.tr\/ar\/wp-json\/wp\/v2\/pages\/15713","targetHints":{"allow":["GET"]}}],"collection":[{"href":"https:\/\/www.siahotel.com.tr\/ar\/wp-json\/wp\/v2\/pages"}],"about":[{"href":"https:\/\/www.siahotel.com.tr\/ar\/wp-json\/wp\/v2\/types\/page"}],"author":[{"embeddable":true,"href":"https:\/\/www.siahotel.com.tr\/ar\/wp-json\/wp\/v2\/users\/1"}],"replies":[{"embeddable":true,"href":"https:\/\/www.siahotel.com.tr\/ar\/wp-json\/wp\/v2\/comments?post=15713"}],"version-history":[{"count":10,"href":"https:\/\/www.siahotel.com.tr\/ar\/wp-json\/wp\/v2\/pages\/15713\/revisions"}],"predecessor-version":[{"id":18205,"href":"https:\/\/www.siahotel.com.tr\/ar\/wp-json\/wp\/v2\/pages\/15713\/revisions\/18205"}],"wp:attachment":[{"href":"https:\/\/www.siahotel.com.tr\/ar\/wp-json\/wp\/v2\/media?parent=15713"}],"curies":[{"name":"wp","href":"https:\/\/api.w.org\/{rel}","templated":true}]}}