{"id":15705,"date":"2025-08-04T21:30:50","date_gmt":"2025-08-04T21:30:50","guid":{"rendered":"https:\/\/www.siahotel.com.tr\/ar\/?page_id=15705"},"modified":"2025-08-26T15:22:36","modified_gmt":"2025-08-26T15:22:36","slug":"saglik-paketleri","status":"publish","type":"page","link":"https:\/\/www.siahotel.com.tr\/ar\/saglik-paketleri\/","title":{"rendered":"Sa\u011fl\u0131k Paketleri"},"content":{"rendered":"\t\t<div data-elementor-type=\"wp-page\" data-elementor-id=\"15705\" class=\"elementor elementor-15705\">\n\t\t\t\t<div class=\"elementor-element elementor-element-2f398d2b e-flex e-con-boxed tm-col-stretched-none tm-bg-color-over-image e-con e-parent\" data-id=\"2f398d2b\" data-element_type=\"container\" data-settings=\"{&quot;background_background&quot;:&quot;classic&quot;}\">\n\t\t\t\t\t<div class=\"e-con-inner\">\n\t\t<div class=\"elementor-element elementor-element-2865bc1f tm-col-stretched-none e-con-full e-flex tm-bg-color-over-image e-con e-child\" data-id=\"2865bc1f\" data-element_type=\"container\">\n\t\t\t\t<div class=\"elementor-element elementor-element-61517ec horizontal-line-align-left vertical-line-align-bottom elementor-widget elementor-widget-tm-ele-section-title\" data-id=\"61517ec\" data-element_type=\"widget\" data-widget_type=\"tm-ele-section-title.default\">\n\t\t\t\t<div class=\"elementor-widget-container\">\n\t\t\t\t\t<div class=\"tm-sc-section-title section-title line-both-side-current-theme \">\r\n\t<div class=\"title-wrapper\">\r\n\t\t\t\t\r\n\r\n<div class=\"sub-title-outer\">\r\n\t\t<div class=\"subtitle \">\r\n\r\n\t\t\r\n\t\tSEREN\u0130TY\t<\/div>\r\n\t<\/div>\t\t\t<h2 class=\"title \">\r\n\r\n\t\t\r\n\t\t\t\t<span class=\"title-part1 \">\u0627\u0644\u0628\u0627\u0642\u0627\u062a \u0627\u0644\u0635\u062d\u064a\u0629<\/span>\r\n\t\t\t\t\r\n\t\t\r\n\t<\/h2>\r\n\t<div class=\"title-seperator-line\"><\/div>\t\t\t\t\t\t<\/div>\r\n<\/div>\t\t\t\t<\/div>\n\t\t\t\t<\/div>\n\t\t\t\t<div class=\"elementor-element elementor-element-16f2995e elementor-widget-divider--view-line elementor-widget elementor-widget-divider\" data-id=\"16f2995e\" data-element_type=\"widget\" data-widget_type=\"divider.default\">\n\t\t\t\t\t\t\t<div class=\"elementor-divider\">\n\t\t\t<span class=\"elementor-divider-separator\">\n\t\t\t\t\t\t<\/span>\n\t\t<\/div>\n\t\t\t\t\t\t<\/div>\n\t\t\t\t<\/div>\n\t\t\t\t\t<\/div>\n\t\t\t\t<\/div>\n\t\t<div class=\"elementor-element elementor-element-5c2dc4c3 e-flex e-con-boxed tm-col-stretched-none tm-bg-color-over-image e-con e-parent\" data-id=\"5c2dc4c3\" data-element_type=\"container\">\n\t\t\t\t\t<div class=\"e-con-inner\">\n\t\t\t\t<div class=\"elementor-element elementor-element-6222827 elementor-widget elementor-widget-text-editor\" data-id=\"6222827\" data-element_type=\"widget\" data-widget_type=\"text-editor.default\">\n\t\t\t\t\t\t\t\t\t<p><span><\/span><\/p><h3 dir=\"rtl\" class=\"p1\">\u0628\u0627\u0642\u0629 \u0635\u062d\u064a\u0629 \u0645\u062e\u0635\u0635\u0629 \u0644\u0645\u062f\u0629 30 \u064a\u0648\u0645\u064b\u0627: \u0627\u0644\u0634\u0641\u0627\u0621 \u0627\u0644\u062d\u0631\u0627\u0631\u064a \u0627\u0644\u0645\u062f\u0639\u0648\u0645 \u0628\u0627\u0644\u0639\u0644\u0645<\/h3><p dir=\"rtl\" class=\"p1\">\u064a\u0642\u062f\u0645 Sia Hotel Serenity Thermal, SPA &amp; Wellness \u0628\u0631\u0646\u0627\u0645\u062c\u064b\u0627 \u0645\u0645\u064a\u0632\u064b\u0627 \u0644\u0627 \u064a\u0642\u062a\u0635\u0631 \u0639\u0644\u0649 \u0627\u0644\u0627\u0633\u062a\u0631\u062e\u0627\u0621 \u0641\u062d\u0633\u0628\u060c \u0628\u0644 \u064a\u062f\u0639\u0645 \u0635\u062d\u062a\u0643 \u0623\u064a\u0636\u064b\u0627 \u0628\u0646\u0647\u062c \u0634\u0627\u0645\u0644: \u0627\u0644\u0628\u0627\u0642\u0629 \u0627\u0644\u0635\u062d\u064a\u0629 \u0627\u0644\u0645\u062e\u0635\u0635\u0629 \u0644\u0645\u062f\u0629 30 \u064a\u0648\u0645\u064b\u0627.<\/p><p dir=\"rtl\" class=\"p1\">\u0623\u0646\u062a \u0641\u064a \u0642\u0644\u0628 \u0647\u0630\u0627 \u0627\u0644\u0628\u0631\u0646\u0627\u0645\u062c \u0627\u0644\u062e\u0627\u0635. \u0641\u064a \u0627\u0644\u0628\u062f\u0627\u064a\u0629\u060c \u064a\u062a\u0645 \u0625\u062c\u0631\u0627\u0621 \u0627\u0633\u062a\u0634\u0627\u0631\u0627\u062a \u0641\u0631\u062f\u064a\u0629 \u0645\u0639 \u0623\u0637\u0628\u0627\u0621 \u0645\u062a\u062e\u0635\u0635\u064a\u0646 \u0648\u0645\u0645\u0631\u0636\u064a\u0646 \u0648\u0623\u062e\u0635\u0627\u0626\u064a\u064a \u062a\u063a\u0630\u064a\u0629 \u0644\u062a\u062d\u062f\u064a\u062f \u062e\u0627\u0631\u0637\u0629 \u0637\u0631\u064a\u0642 \u0645\u062e\u0635\u0635\u0629 \u0644\u0627\u062d\u062a\u064a\u0627\u062c\u0627\u062a\u0643 \u0627\u0644\u0635\u062d\u064a\u0629. \u064a\u062a\u0645 \u062a\u0646\u0641\u064a\u0630 \u0647\u0630\u0647 \u0627\u0644\u062e\u0637\u0629 \u0627\u0644\u0635\u062d\u064a\u0629 \u0627\u0644\u0645\u0635\u0645\u0645\u0629 \u062e\u0635\u064a\u0635\u064b\u0627 \u0644\u0643 \u062e\u0637\u0648\u0629 \u0628\u062e\u0637\u0648\u0629 \u0645\u0646 \u062e\u0644\u0627\u0644 \u062c\u0644\u0633\u0627\u062a \u0627\u0644\u0639\u0644\u0627\u062c \u0628\u0627\u0644\u062a\u062f\u0644\u064a\u0643\u060c \u0627\u0644\u062a\u062d\u0627\u0644\u064a\u0644 \u0627\u0644\u062f\u0627\u0639\u0645\u0629\u060c \u0627\u0633\u062a\u062e\u062f\u0627\u0645 \u0627\u0644\u0645\u0631\u0627\u0641\u0642 \u0627\u0644\u062d\u0631\u0627\u0631\u064a\u0629 \u0648\u0628\u0631\u0627\u0645\u062c \u062f\u0639\u0645 \u0646\u0645\u0637 \u0627\u0644\u062d\u064a\u0627\u0629 \u0627\u0644\u0635\u062d\u064a. \u0643\u0645\u0627 \u062a\u064f\u0639\u062f \u0642\u0648\u0627\u0626\u0645 \u062a\u063a\u0630\u064a\u0629 \u0634\u062e\u0635\u064a\u0629 \u0628\u0646\u0627\u0621\u064b \u0639\u0644\u0649 \u062a\u0648\u0635\u064a\u0627\u062a \u0623\u062e\u0635\u0627\u0626\u064a\u064a \u0627\u0644\u062a\u063a\u0630\u064a\u0629\u060c \u0628\u0627\u0644\u0625\u0636\u0627\u0641\u0629 \u0625\u0644\u0649 \u0645\u0634\u0631\u0648\u0628\u0627\u062a \u0635\u062d\u064a\u0629 \u0637\u0628\u064a\u0639\u064a\u0629 \u0644\u062a\u0639\u0632\u064a\u0632 \u0627\u0644\u062a\u0648\u0627\u0632\u0646 \u0627\u0644\u062f\u0627\u062e\u0644\u064a \u0648\u0627\u0644\u062e\u0627\u0631\u062c\u064a.<\/p><p dir=\"rtl\" class=\"p1\">\u0645\u062d\u062a\u0648\u0649 \u0627\u0644\u0628\u0627\u0642\u0629:<\/p><p dir=\"rtl\" class=\"p1\">\u0664 \u062c\u0644\u0633\u0627\u062a \u0639\u0644\u0627\u062c \u0628\u0627\u0644\u062a\u062f\u0644\u064a\u0643 \u0644\u0645\u062f\u0629 \u0664\u0665 \u062f\u0642\u064a\u0642\u0629: \u062a\u062f\u0644\u064a\u0643 \u0639\u0644\u0627\u062c\u064a \u064a\u0642\u0648\u0645 \u0628\u0647 \u0645\u0639\u0627\u0644\u062c\u0648\u0646 \u0645\u062a\u062e\u0635\u0635\u0648\u0646 \u064a\u0633\u0627\u0639\u062f \u0641\u064a \u062a\u0642\u0644\u064a\u0644 \u062a\u0648\u062a\u0631 \u0627\u0644\u0639\u0636\u0644\u0627\u062a\u060c \u062a\u062e\u0641\u064a\u0641 \u0627\u0644\u0636\u063a\u0637 \u0627\u0644\u0646\u0641\u0633\u064a\u060c \u0648\u062a\u062d\u0641\u064a\u0632 \u0627\u0644\u062f\u0648\u0631\u0629 \u0627\u0644\u062f\u0645\u0648\u064a\u0629 \u0644\u062f\u0639\u0645 \u062c\u0647\u0627\u0632 \u0627\u0644\u0645\u0646\u0627\u0639\u0629.<\/p><p dir=\"rtl\" class=\"p1\">\u0668 \u062c\u0644\u0633\u0627\u062a \u0641\u064a \u0645\u0631\u0627\u0641\u0642 \u0635\u062d\u064a\u0629 \u0645\u062e\u062a\u0644\u0641\u0629: \u064a\u062a\u0645 \u0627\u0644\u062a\u062e\u0637\u064a\u0637 \u0644\u062c\u0644\u0633\u0627\u062a \u0641\u064a \u0645\u0631\u0627\u0641\u0642 \u0639\u0644\u0645\u064a\u0629 \u0645\u062b\u0644 \u062d\u0648\u0636 \u0627\u0644\u062a\u062f\u0644\u064a\u0643 \u0627\u0644\u0645\u0627\u0626\u064a\u060c \u063a\u0631\u0641\u0629 \u0627\u0644\u0645\u0644\u062d\u060c \u0639\u0644\u0627\u062c \u0623\u0633\u0645\u0627\u0643 \u0627\u0644\u062f\u0643\u062a\u0648\u0631\u060c \u0627\u0644\u0639\u0644\u0627\u062c \u0628\u0627\u0644\u0637\u064a\u0646 \u0627\u0644\u0639\u0644\u0627\u062c\u064a \u0648\u0627\u0644\u062d\u0645\u0627\u0645 \u0627\u0644\u0637\u064a\u0646\u064a \u0644\u062a\u062c\u062f\u064a\u062f \u0648\u062a\u0646\u0634\u064a\u0637 \u0627\u0644\u062c\u0633\u0645.<\/p><p dir=\"rtl\" class=\"p1\">\u0668 \u062c\u0644\u0633\u0627\u062a \u0627\u0633\u062a\u062e\u062f\u0627\u0645 \u0627\u0644\u0645\u0631\u0627\u0641\u0642 \u0627\u0644\u062d\u0631\u0627\u0631\u064a\u0629: \u062a\u0648\u0641\u0631 \u062a\u062c\u0631\u0628\u0629 \u0634\u0627\u0645\u0644\u0629 \u062a\u062c\u0645\u0639 \u0628\u064a\u0646 \u0625\u0632\u0627\u0644\u0629 \u0627\u0644\u0633\u0645\u0648\u0645 \u0648\u0627\u0644\u0627\u0633\u062a\u0631\u062e\u0627\u0621 \u0627\u0644\u0639\u0645\u064a\u0642 \u0645\u0646 \u062e\u0644\u0627\u0644 \u062d\u0648\u0636 \u0627\u0644\u0633\u0628\u0627\u062d\u0629 \u0627\u0644\u062d\u0631\u0627\u0631\u064a\u060c \u0627\u0644\u062c\u0627\u0643\u0648\u0632\u064a\u060c \u0627\u0644\u062d\u0645\u0627\u0645 \u0627\u0644\u062a\u0631\u0643\u064a\u060c \u0627\u0644\u0633\u0627\u0648\u0646\u0627\u060c \u063a\u0631\u0641\u0629 \u0627\u0644\u0628\u062e\u0627\u0631\u060c \u0648\u0634\u0644\u0627\u0644 \u0627\u0644\u062b\u0644\u062c.<\/p><p dir=\"rtl\" class=\"p1\">\u0664 \u062c\u0644\u0633\u0627\u062a \u062a\u062d\u0644\u064a\u0644 \u0635\u062d\u064a \u0634\u0627\u0645\u0644 (\u0628\u0627\u0642\u0629 SIA \u0627\u0644\u0635\u062d\u064a\u0629): \u064a\u062a\u0645 \u0642\u064a\u0627\u0633 \u0645\u0624\u0634\u0631\u0627\u062a \u0635\u062d\u064a\u0629 \u0623\u0633\u0627\u0633\u064a\u0629 \u0645\u062b\u0644 \u0646\u0633\u0628\u0629 \u0627\u0644\u0633\u0643\u0631 \u0641\u064a \u0627\u0644\u062f\u0645\u060c \u0636\u063a\u0637 \u0627\u0644\u062f\u0645\u060c \u0648\u0646\u0633\u0628\u0629 \u0627\u0644\u0623\u0643\u0633\u062c\u064a\u0646 \u0641\u064a \u0627\u0644\u062f\u0645 \u0628\u0634\u0643\u0644 \u062f\u0648\u0631\u064a\u060c \u0645\u0639 \u0645\u062a\u0627\u0628\u0639\u0629 \u062a\u0623\u062b\u064a\u0631 \u0627\u0644\u0628\u0631\u0646\u0627\u0645\u062c \u0628\u0646\u062a\u0627\u0626\u062c \u0645\u0644\u0645\u0648\u0633\u0629.<\/p><p dir=\"rtl\" class=\"p1\">\u062a\u064f\u0639\u062f \u0647\u0630\u0647 \u0627\u0644\u0628\u0627\u0642\u0629 \u0627\u0644\u0635\u062d\u064a\u0629 \u0627\u0644\u0634\u0627\u0645\u0644\u0629 \u0623\u0643\u062b\u0631 \u0645\u0646 \u0645\u062c\u0631\u062f \u062a\u0637\u0628\u064a\u0642 \u0633\u0628\u0627\u061b \u0625\u0646\u0647\u0627 \u0631\u062d\u0644\u0629 \u0639\u0644\u0645\u064a\u0629 \u0645\u062a\u0643\u0627\u0645\u0644\u0629 \u062a\u0647\u062f\u0641 \u0625\u0644\u0649 \u062a\u062d\u0633\u064a\u0646 \u062c\u0648\u062f\u0629 \u062d\u064a\u0627\u062a\u0643 \u0628\u0634\u0643\u0644 \u0639\u0627\u0645. \u0627\u0633\u062a\u0639\u062f \u0644\u062a\u062c\u062f\u064a\u062f \u0637\u0627\u0642\u062a\u0643 \u0627\u0644\u062c\u0633\u062f\u064a\u0629 \u0648\u0627\u0644\u0646\u0641\u0633\u064a\u0629 \u0628\u0645\u0633\u0627\u0639\u062f\u0629 \u0641\u0631\u064a\u0642 \u0645\u0646 \u0627\u0644\u062e\u0628\u0631\u0627\u0621.<\/p><p dir=\"rtl\" class=\"p1\">\u062d\u0632\u0645 \u0646\u0645\u0648\u0630\u062c\u064a\u0629<\/p><p dir=\"rtl\" class=\"p1\">\u0628\u0627\u0642\u0629 \u0623\u0645\u0631\u0627\u0636 \u0627\u0644\u0631\u0648\u0645\u0627\u062a\u064a\u0632\u0645<\/p><p dir=\"rtl\" class=\"p1\">\u0668 \u062c\u0644\u0633\u0627\u062a \/ \u064a\u0648\u0645\u0627\u0646 \u0641\u064a \u0627\u0644\u0623\u0633\u0628\u0648\u0639<\/p><p dir=\"rtl\" class=\"p1\">\u0628\u0627\u0642\u0629 SIA \u0627\u0644\u0635\u062d\u064a\u0629 \u2013 \u0664 \u0642\u064a\u0627\u0633\u0627\u062a<\/p><p dir=\"rtl\" class=\"p1\">(\u0642\u064a\u0627\u0633 \u0646\u0633\u0628\u0629 \u0627\u0644\u0633\u0643\u0631 \u0641\u064a \u0627\u0644\u062f\u0645\u060c \u0636\u063a\u0637 \u0627\u0644\u062f\u0645\u060c \u0646\u0633\u0628\u0629 \u0627\u0644\u0623\u0643\u0633\u062c\u064a\u0646 \u0641\u064a \u0627\u0644\u062f\u0645)<\/p><p dir=\"rtl\" class=\"p1\">\u0668 \u062c\u0644\u0633\u0627\u062a \u062d\u0648\u0636 \u0627\u0644\u062a\u062f\u0644\u064a\u0643 \u0627\u0644\u0645\u0627\u0626\u064a (\u0662\u0660 \u062f\u0642\u064a\u0642\u0629)<\/p><p dir=\"rtl\" class=\"p1\">\u0664 \u062c\u0644\u0633\u0627\u062a \u062a\u062f\u0644\u064a\u0643 \u0637\u0628\u064a (\u0664\u0665 \u062f\u0642\u064a\u0642\u0629)<\/p><p dir=\"rtl\" class=\"p1\">\u0628\u0627\u0642\u0629 \u0627\u0644\u0641\u064a\u0628\u0631\u0648\u0645\u064a\u0627\u0644\u062c\u064a\u0627 \u0648\u062a\u0648\u062a\u0631 \u0627\u0644\u0639\u0636\u0644\u0627\u062a<\/p><p dir=\"rtl\" class=\"p1\">\u0668 \u062c\u0644\u0633\u0627\u062a \/ \u064a\u0648\u0645\u0627\u0646 \u0641\u064a \u0627\u0644\u0623\u0633\u0628\u0648\u0639<\/p><p dir=\"rtl\" class=\"p1\">\u0628\u0627\u0642\u0629 SIA \u0627\u0644\u0635\u062d\u064a\u0629 \u2013 \u0664 \u0642\u064a\u0627\u0633\u0627\u062a<\/p><p dir=\"rtl\" class=\"p1\">(\u062a\u062d\u0644\u064a\u0644 \u0643\u0627\u0645\u0644 \u0644\u0644\u062c\u0633\u0645\u060c \u0642\u064a\u0627\u0633 \u0646\u0633\u0628\u0629 \u0627\u0644\u0633\u0643\u0631 \u0641\u064a \u0627\u0644\u062f\u0645\u060c \u0636\u063a\u0637 \u0627\u0644\u062f\u0645\u060c \u0646\u0633\u0628\u0629 \u0627\u0644\u0623\u0643\u0633\u062c\u064a\u0646 \u0641\u064a \u0627\u0644\u062f\u0645)<\/p><p dir=\"rtl\" class=\"p1\">\u0668 \u062c\u0644\u0633\u0627\u062a \u0639\u0644\u0627\u062c \u0628\u0627\u0644\u0637\u064a\u0646 \u0627\u0644\u0639\u0644\u0627\u062c\u064a (\u0645\u0648\u0636\u0639\u064a \/ \u062d\u0645\u0627\u0645 \u0637\u064a\u0646\u064a) (\u0662\u0660 \u062f\u0642\u064a\u0642\u0629) \/ \u062d\u0648\u0636 \u0627\u0644\u062a\u062f\u0644\u064a\u0643 \u0627\u0644\u0645\u0627\u0626\u064a (\u0662\u0660 \u062f\u0642\u064a\u0642\u0629)<\/p><p dir=\"rtl\" class=\"p1\">\u0664 \u062c\u0644\u0633\u0627\u062a \u062a\u062f\u0644\u064a\u0643 \u0637\u0628\u064a (\u0664\u0665 \u062f\u0642\u064a\u0642\u0629)<\/p><p dir=\"rtl\" class=\"p1\">\u062a\u0648\u0635\u064a\u0627\u062a \u0628\u0646\u0638\u0627\u0645 \u063a\u0630\u0627\u0626\u064a \u0645\u0636\u0627\u062f \u0644\u0644\u0627\u0644\u062a\u0647\u0627\u0628\u0627\u062a<\/p><p dir=\"rtl\" class=\"p1\">\u0628\u0627\u0642\u0629 \u062f\u0639\u0645 \u0622\u0644\u0627\u0645 \u0627\u0644\u0638\u0647\u0631 \u0648\u0627\u0644\u0631\u0642\u0628\u0629<\/p><p dir=\"rtl\" class=\"p1\">\u0668 \u062c\u0644\u0633\u0627\u062a \/ \u064a\u0648\u0645\u0627\u0646 \u0641\u064a \u0627\u0644\u0623\u0633\u0628\u0648\u0639<\/p><p dir=\"rtl\" class=\"p1\">\u0628\u0627\u0642\u0629 SIA \u0627\u0644\u0635\u062d\u064a\u0629<\/p><p dir=\"rtl\" class=\"p1\">(\u062a\u062d\u0644\u064a\u0644 \u0643\u0627\u0645\u0644 \u0644\u0644\u062c\u0633\u0645\u060c \u0642\u064a\u0627\u0633 \u0646\u0633\u0628\u0629 \u0627\u0644\u0633\u0643\u0631 \u0641\u064a \u0627\u0644\u062f\u0645\u060c \u0636\u063a\u0637 \u0627\u0644\u062f\u0645\u060c \u0646\u0633\u0628\u0629 \u0627\u0644\u0623\u0643\u0633\u062c\u064a\u0646 \u0641\u064a \u0627\u0644\u062f\u0645)<\/p><p dir=\"rtl\" class=\"p1\">\u0668 \u062c\u0644\u0633\u0627\u062a \u0639\u0644\u0627\u062c \u0628\u0627\u0644\u0637\u064a\u0646 \u0627\u0644\u0639\u0644\u0627\u062c\u064a (\u0645\u0648\u0636\u0639\u064a) (\u0662\u0660 \u062f\u0642\u064a\u0642\u0629)<\/p><p dir=\"rtl\" class=\"p1\">\u0668 \u062c\u0644\u0633\u0627\u062a \u062d\u0645\u0627\u0645 \u062d\u0631\u0627\u0631\u064a \/ \u062d\u0648\u0636 \u0627\u0644\u062a\u062f\u0644\u064a\u0643 \u0627\u0644\u0645\u0627\u0626\u064a (\u0662\u0660 \u062f\u0642\u064a\u0642\u0629)<\/p><p dir=\"rtl\" class=\"p1\">\u0664 \u062c\u0644\u0633\u0627\u062a \u062a\u062f\u0644\u064a\u0643 \u0645\u0648\u0636\u0639\u064a<\/p>\t\t\t\t\t\t\t\t<\/div>\n\t\t\t\t\t<\/div>\n\t\t\t\t<\/div>\n\t\t<div class=\"elementor-element elementor-element-50a34ea0 e-flex e-con-boxed tm-col-stretched-none tm-bg-color-over-image e-con e-parent\" data-id=\"50a34ea0\" data-element_type=\"container\">\n\t\t\t\t\t<div class=\"e-con-inner\">\n\t\t\t\t<div class=\"elementor-element elementor-element-5c9b929d elementor-widget elementor-widget-spacer\" data-id=\"5c9b929d\" data-element_type=\"widget\" data-widget_type=\"spacer.default\">\n\t\t\t\t\t\t\t<div class=\"elementor-spacer\">\n\t\t\t<div class=\"elementor-spacer-inner\"><\/div>\n\t\t<\/div>\n\t\t\t\t\t\t<\/div>\n\t\t\t\t\t<\/div>\n\t\t\t\t<\/div>\n\t\t<div class=\"elementor-element elementor-element-526ee34 e-flex e-con-boxed tm-col-stretched-none tm-bg-color-over-image e-con e-parent\" data-id=\"526ee34\" data-element_type=\"container\" data-settings=\"{&quot;background_background&quot;:&quot;classic&quot;}\">\n\t\t\t\t\t<div class=\"e-con-inner\">\n\t\t<div class=\"elementor-element elementor-element-509b61de e-con-full e-flex tm-col-stretched-none tm-bg-color-over-image e-con e-child\" data-id=\"509b61de\" data-element_type=\"container\">\n\t\t\t\t<div class=\"elementor-element elementor-element-46aac1c4 elementor-widget elementor-widget-heading\" data-id=\"46aac1c4\" data-element_type=\"widget\" data-widget_type=\"heading.default\">\n\t\t\t\t\t<h3 class=\"elementor-heading-title elementor-size-default\"><a href=\"tel:+902243240202\"><u>\u0644\u0644\u062d\u0635\u0648\u0644 \u0639\u0644\u0649 \u0645\u0632\u064a\u062f \u0645\u0646 \u0627\u0644\u0645\u0639\u0644\u0648\u0645\u0627\u062a\u060c \u0627\u062a\u0635\u0644 \u0628\u0646\u0627<\/u><\/a><\/h3>\t\t\t\t<\/div>\n\t\t\t\t<div class=\"elementor-element elementor-element-40887456 elementor-widget elementor-widget-tm-ele-social-links\" data-id=\"40887456\" data-element_type=\"widget\" data-widget_type=\"tm-ele-social-links.default\">\n\t\t\t\t<div class=\"elementor-widget-container\">\n\t\t\t\t\t<ul class=\"tm-sc-social-links links-outlined\">\r\n\r\n\t\t\t<li><a class=\"social-link\" aria-label=\"Social Link\" href=\"https:\/\/www.facebook.com\/siahotelthermalspa\" target=\"_self\"><i class=\"fa fa-facebook\"><\/i><\/a><\/li>\r\n\t\t\r\n\t\t<li><a class=\"social-link\" aria-label=\"Social Link\" href=\"https:\/\/www.linkedin.com\/company\/sia-hotel-thermal-spa\/\" target=\"_self\"><i class=\"fa fa-linkedin\"><\/i><\/a><\/li>\r\n\t\t\t<li><a class=\"social-link\" aria-label=\"Social Link\" href=\"https:\/\/www.instagram.com\/siahotelthermalspa\" target=\"_self\"><i class=\"fa fa-instagram\"><\/i><\/a><\/li>\r\n\t\t\r\n\t\t\t<\/ul>\t\t\t\t<\/div>\n\t\t\t\t<\/div>\n\t\t\t\t<\/div>\n\t\t\t\t\t<\/div>\n\t\t\t\t<\/div>\n\t\t<div class=\"elementor-element elementor-element-5e65f61e e-flex e-con-boxed tm-col-stretched-none tm-bg-color-over-image e-con e-parent\" data-id=\"5e65f61e\" data-element_type=\"container\">\n\t\t\t\t\t<div class=\"e-con-inner\">\n\t\t\t\t<div class=\"elementor-element elementor-element-72ab5dcc elementor-widget elementor-widget-spacer\" data-id=\"72ab5dcc\" data-element_type=\"widget\" data-widget_type=\"spacer.default\">\n\t\t\t\t\t\t\t<div class=\"elementor-spacer\">\n\t\t\t<div class=\"elementor-spacer-inner\"><\/div>\n\t\t<\/div>\n\t\t\t\t\t\t<\/div>\n\t\t\t\t\t<\/div>\n\t\t\t\t<\/div>\n\t\t<div class=\"elementor-element elementor-element-1df76eb7 e-flex e-con-boxed tm-col-stretched-none tm-bg-color-over-image e-con e-parent\" data-id=\"1df76eb7\" data-element_type=\"container\">\n\t\t\t\t\t<div class=\"e-con-inner\">\n\t\t<div class=\"elementor-element elementor-element-3cad4113 e-con-full e-flex tm-col-stretched-none tm-bg-color-over-image e-con e-child\" data-id=\"3cad4113\" data-element_type=\"container\">\n\t\t<div class=\"elementor-element elementor-element-22e9ca4f e-con-full tm-col-stretched-none e-flex tm-bg-color-over-image e-con e-child\" data-id=\"22e9ca4f\" data-element_type=\"container\">\n\t\t\t\t<div class=\"elementor-element elementor-element-40ef40b1 elementor-widget elementor-widget-shortcode\" data-id=\"40ef40b1\" data-element_type=\"widget\" data-widget_type=\"shortcode.default\">\n\t\t\t\t\t\t\t<div class=\"elementor-shortcode\">\t\t<div id=\"sbi_mod_error\" >\n\t\t\t<span>Bu hata mesaj\u0131n\u0131 yaln\u0131zca WordPress y\u00f6neticileri g\u00f6rebilir<\/span><br\/>\n\t\t\t<p><strong>Hata: 1 kimli\u011fine sahip hi\u00e7bir ak\u0131\u015f bulunamad\u0131.<\/strong>\n\t\t\t<p>Bir ak\u0131\u015f olu\u015fturmak i\u00e7in l\u00fctfen Instagram Ak\u0131\u015f\u0131 ayarlar sayfas\u0131na gidin.<\/p>\n\t\t<\/div>\n\t\t<\/div>\n\t\t\t\t\t\t<\/div>\n\t\t\t\t<\/div>\n\t\t\t\t<\/div>\n\t\t\t\t\t<\/div>\n\t\t\t\t<\/div>\n\t\t\t\t<\/div>\n\t\t","protected":false},"excerpt":{"rendered":"<p>SEREN\u0130TY \u0627\u0644\u0628\u0627\u0642\u0627\u062a \u0627\u0644\u0635\u062d\u064a\u0629 \u0628\u0627\u0642\u0629 \u0635\u062d\u064a\u0629 \u0645\u062e\u0635\u0635\u0629 \u0644\u0645\u062f\u0629 30 \u064a\u0648\u0645\u064b\u0627: \u0627\u0644\u0634\u0641\u0627\u0621 \u0627\u0644\u062d\u0631\u0627\u0631\u064a \u0627\u0644\u0645\u062f\u0639\u0648\u0645 \u0628\u0627\u0644\u0639\u0644\u0645 \u064a\u0642\u062f\u0645 Sia Hotel Serenity Thermal, SPA &amp;&#8230;<\/p>\n","protected":false},"author":1,"featured_media":0,"parent":0,"menu_order":0,"comment_status":"closed","ping_status":"closed","template":"","meta":{"_monsterinsights_skip_tracking":false,"_monsterinsights_sitenote_active":false,"_monsterinsights_sitenote_note":"","_monsterinsights_sitenote_category":0,"footnotes":""},"class_list":["post-15705","page","type-page","status-publish","hentry"],"aioseo_notices":[],"_links":{"self":[{"href":"https:\/\/www.siahotel.com.tr\/ar\/wp-json\/wp\/v2\/pages\/15705","targetHints":{"allow":["GET"]}}],"collection":[{"href":"https:\/\/www.siahotel.com.tr\/ar\/wp-json\/wp\/v2\/pages"}],"about":[{"href":"https:\/\/www.siahotel.com.tr\/ar\/wp-json\/wp\/v2\/types\/page"}],"author":[{"embeddable":true,"href":"https:\/\/www.siahotel.com.tr\/ar\/wp-json\/wp\/v2\/users\/1"}],"replies":[{"embeddable":true,"href":"https:\/\/www.siahotel.com.tr\/ar\/wp-json\/wp\/v2\/comments?post=15705"}],"version-history":[{"count":22,"href":"https:\/\/www.siahotel.com.tr\/ar\/wp-json\/wp\/v2\/pages\/15705\/revisions"}],"predecessor-version":[{"id":18211,"href":"https:\/\/www.siahotel.com.tr\/ar\/wp-json\/wp\/v2\/pages\/15705\/revisions\/18211"}],"wp:attachment":[{"href":"https:\/\/www.siahotel.com.tr\/ar\/wp-json\/wp\/v2\/media?parent=15705"}],"curies":[{"name":"wp","href":"https:\/\/api.w.org\/{rel}","templated":true}]}}