{"id":15694,"date":"2025-08-04T21:27:55","date_gmt":"2025-08-04T21:27:55","guid":{"rendered":"https:\/\/www.siahotel.com.tr\/ar\/?page_id=15694"},"modified":"2025-08-26T15:26:00","modified_gmt":"2025-08-26T15:26:00","slug":"foot-spa-paketi","status":"publish","type":"page","link":"https:\/\/www.siahotel.com.tr\/ar\/foot-spa-paketi\/","title":{"rendered":"Foot Spa Paketi"},"content":{"rendered":"\t\t<div data-elementor-type=\"wp-page\" data-elementor-id=\"15694\" class=\"elementor elementor-15694\">\n\t\t\t\t<div class=\"elementor-element elementor-element-53fa107 e-flex e-con-boxed tm-col-stretched-none tm-bg-color-over-image e-con e-parent\" data-id=\"53fa107\" data-element_type=\"container\" data-settings=\"{&quot;background_background&quot;:&quot;classic&quot;}\">\n\t\t\t\t\t<div class=\"e-con-inner\">\n\t\t<div class=\"elementor-element elementor-element-1be0b497 tm-col-stretched-none e-con-full e-flex tm-bg-color-over-image e-con e-child\" data-id=\"1be0b497\" data-element_type=\"container\">\n\t\t\t\t<div class=\"elementor-element elementor-element-572b76c3 horizontal-line-align-left vertical-line-align-bottom elementor-widget elementor-widget-tm-ele-section-title\" data-id=\"572b76c3\" data-element_type=\"widget\" data-widget_type=\"tm-ele-section-title.default\">\n\t\t\t\t<div class=\"elementor-widget-container\">\n\t\t\t\t\t<div class=\"tm-sc-section-title section-title line-both-side-current-theme \">\r\n\t<div class=\"title-wrapper\">\r\n\t\t\t\t\r\n\r\n<div class=\"sub-title-outer\">\r\n\t\t<div class=\"subtitle \">\r\n\r\n\t\t\r\n\t\tSEREN\u0130TY\t<\/div>\r\n\t<\/div>\t\t\t<h2 class=\"title \">\r\n\r\n\t\t\r\n\t\t\t\t<span class=\"title-part1 \">\u0628\u0627\u0642\u0629 \u0633\u0628\u0627 \u0627\u0644\u0642\u062f\u0645<\/span>\r\n\t\t\t\t\r\n\t\t\r\n\t<\/h2>\r\n\t<div class=\"title-seperator-line\"><\/div>\t\t\t\t\t\t<\/div>\r\n<\/div>\t\t\t\t<\/div>\n\t\t\t\t<\/div>\n\t\t\t\t<\/div>\n\t\t\t\t\t<\/div>\n\t\t\t\t<\/div>\n\t\t<div class=\"elementor-element elementor-element-10b8b73 e-flex e-con-boxed tm-col-stretched-none tm-bg-color-over-image e-con e-parent\" data-id=\"10b8b73\" data-element_type=\"container\">\n\t\t\t\t\t<div class=\"e-con-inner\">\n\t\t\t\t<div class=\"elementor-element elementor-element-73d82333 elementor-widget elementor-widget-text-editor\" data-id=\"73d82333\" data-element_type=\"widget\" data-widget_type=\"text-editor.default\">\n\t\t\t\t\t\t\t\t\t<p class=\"p1\"><span class=\"s1\"><\/span><\/p><p dir=\"rtl\" class=\"p1\" style=\"text-align: right;\">\u0628\u0627\u0642\u0629 \u0633\u0628\u0627 \u0627\u0644\u0642\u062f\u0645: \u0631\u0627\u062d\u0629 \u062a\u0628\u062f\u0623 \u0645\u0646 \u0627\u0644\u0642\u062f\u0645\u064a\u0646<\/p><p dir=\"rtl\" class=\"p1\" style=\"text-align: right;\">\u062a\u062d\u0645\u0644 \u0623\u0642\u062f\u0627\u0645\u0646\u0627 \u0637\u0648\u0627\u0644 \u0627\u0644\u064a\u0648\u0645 \u0623\u062c\u0633\u0627\u062f\u0646\u0627\u060c \u0648\u062a\u062a\u0643\u0641\u0644 \u0628\u0635\u0645\u062a \u0628\u0643\u0644 \u0648\u0632\u0646\u0646\u0627 \u0648\u062a\u0648\u062a\u0631\u0646\u0627\u060c \u0644\u0643\u0646\u0647\u0627 \u0644\u0644\u0623\u0633\u0641 \u063a\u0627\u0644\u0628\u064b\u0627 \u0645\u0627 \u062a\u062d\u0638\u0649 \u0628\u0623\u0642\u0644 \u0642\u062f\u0631 \u0645\u0646 \u0627\u0644\u0627\u0647\u062a\u0645\u0627\u0645. \u0645\u0639 <span class=\"s1\"><b>Foot SPA Paketi<\/b><\/span> \u0645\u0646 <span class=\"s1\"><b>Sia Hotel Serenity Thermal, SPA &amp; Wellness<\/b><\/span>\u060c \u0646\u0639\u064a\u062f \u0627\u0644\u0639\u0646\u0627\u064a\u0629 \u0625\u0644\u0649 \u0645\u0648\u0636\u0639\u0647\u0627 \u0627\u0644\u0635\u062d\u064a\u062d \u0639\u0628\u0631 \u062a\u062c\u0631\u0628\u0629 \u0627\u0633\u062a\u0631\u062e\u0627\u0621 \u062a\u0628\u062f\u0623 \u0645\u0646 \u0627\u0644\u0642\u062f\u0645\u064a\u0646 \u0644\u062a\u0634\u0645\u0644 \u0627\u0644\u062c\u0633\u062f \u0628\u0623\u0643\u0645\u0644\u0647.<\/p><p dir=\"rtl\" class=\"p1\" style=\"text-align: right;\">\u062a\u0628\u062f\u0623 \u0627\u0644\u0631\u062d\u0644\u0629 \u0628\u062c\u0644\u0633\u0629 \u0645\u0645\u064a\u0632\u0629 \u0645\u0639 <span class=\"s1\"><b>\u0623\u0633\u0645\u0627\u0643 \u062c\u0627\u0631\u0651\u0627 \u0631\u0648\u0641\u0627 (20 \u062f\u0642\u064a\u0642\u0629)<\/b><\/span>\u060c \u0627\u0644\u0645\u0639\u0631\u0648\u0641\u0629 \u0628\u0627\u0633\u0645 \u201c\u0627\u0644\u0623\u0633\u0645\u0627\u0643 \u0627\u0644\u0637\u0628\u064a\u0651\u0629\u201d\u060c \u062d\u064a\u062b \u062a\u0642\u0648\u0645 \u0628\u0644\u0637\u0641 \u0628\u0625\u0632\u0627\u0644\u0629 \u0627\u0644\u062e\u0644\u0627\u064a\u0627 \u0627\u0644\u0645\u064a\u062a\u0629 \u0645\u0646 \u0627\u0644\u0642\u062f\u0645\u064a\u0646 \u0628\u0637\u0631\u064a\u0642\u0629 \u0637\u0628\u064a\u0639\u064a\u0629 \u0648\u0622\u0645\u0646\u0629\u060c \u0645\u0645\u0627 \u064a\u0645\u0646\u062d \u0628\u0634\u0631\u062a\u0643 \u0646\u0639\u0648\u0645\u0629 \u0648\u0627\u0646\u062a\u0639\u0627\u0634\u064b\u0627 \u0627\u0633\u062a\u062b\u0646\u0627\u0626\u064a\u064b\u0627\u060c \u0625\u0636\u0627\u0641\u0629 \u0625\u0644\u0649 \u062a\u062f\u0644\u064a\u0643 \u062f\u0642\u064a\u0642 \u0639\u0644\u0649 \u0645\u0633\u062a\u0648\u0649 \u0627\u0644\u0628\u0634\u0631\u0629 \u064a\u0639\u0632\u0632 \u0627\u0644\u0627\u0633\u062a\u0631\u062e\u0627\u0621.<\/p><p dir=\"rtl\" class=\"p1\" style=\"text-align: right;\">\u062a\u062a\u0628\u0639\u0647\u0627 <span class=\"s1\"><b>\u062c\u0644\u0633\u0629 \u062a\u062f\u0644\u064a\u0643 \u062e\u0627\u0635 \u0644\u0644\u0642\u062f\u0645\u064a\u0646 (30 \u062f\u0642\u064a\u0642\u0629)<\/b><\/span> \u062a\u0639\u062a\u0645\u062f \u0639\u0644\u0649 \u0645\u0628\u0627\u062f\u0626 \u0627\u0644\u0627\u0646\u0639\u0643\u0627\u0633 \u0627\u0644\u0639\u0635\u0628\u064a (Reflexology)\u060c \u062d\u064a\u062b \u0644\u0627 \u062a\u0642\u062a\u0635\u0631 \u0641\u0648\u0627\u0626\u062f\u0647 \u0639\u0644\u0649 \u0627\u0644\u0642\u062f\u0645\u064a\u0646 \u0641\u062d\u0633\u0628\u060c \u0628\u0644 \u062a\u0645\u062a\u062f \u0644\u062a\u0634\u0645\u0644 \u062a\u0646\u0634\u064a\u0637 \u0627\u0644\u062f\u0648\u0631\u0629 \u0627\u0644\u062f\u0645\u0648\u064a\u0629\u060c \u062a\u0642\u0644\u064a\u0644 \u0627\u0644\u062a\u0639\u0628\u060c \u062a\u062e\u0641\u064a\u0641 \u0627\u0644\u0627\u0646\u062a\u0641\u0627\u062e \u0648\u062a\u062d\u0641\u064a\u0632 \u0639\u0645\u0644 \u0627\u0644\u0623\u0639\u0636\u0627\u0621 \u0627\u0644\u062f\u0627\u062e\u0644\u064a\u0629. \u062a\u064f\u0639\u062f \u0647\u0630\u0647 \u0627\u0644\u062a\u062c\u0631\u0628\u0629 \u0645\u062b\u0627\u0644\u064a\u0629 \u0644\u0644\u0623\u0634\u062e\u0627\u0635 \u0627\u0644\u0630\u064a\u0646 \u064a\u0642\u0636\u0648\u0646 \u0633\u0627\u0639\u0627\u062a \u0637\u0648\u064a\u0644\u0629 \u0641\u064a \u0627\u0644\u062c\u0644\u0648\u0633 \u0623\u0648 \u0627\u0644\u0648\u0642\u0648\u0641\u060c \u0648\u0643\u0630\u0644\u0643 \u0644\u0645\u0646 \u064a\u0639\u0627\u0646\u0648\u0646 \u0645\u0646 \u0645\u0634\u0643\u0644\u0627\u062a \u0641\u064a \u0627\u0644\u062f\u0648\u0631\u0629 \u0627\u0644\u062f\u0645\u0648\u064a\u0629 \u0623\u0648 \u0627\u0644\u0625\u062c\u0647\u0627\u062f \u0627\u0644\u0645\u0632\u0645\u0646.<\/p><p class=\"p3\" style=\"text-align: right;\"><span class=\"s1\"><b>Foot SPA Paketi<\/b><\/span> \u0644\u064a\u0633\u062a \u0645\u062c\u0631\u062f \u062c\u0644\u0633\u0629 \u0639\u0646\u0627\u064a\u0629\u060c \u0628\u0644 \u0647\u064a \u0631\u062d\u0644\u0629 \u0634\u0627\u0645\u0644\u0629 \u0646\u062d\u0648 \u062a\u062c\u062f\u064a\u062f \u0627\u0644\u062d\u064a\u0648\u064a\u0629 \u0648\u0627\u0644\u0631\u0627\u062d\u0629 \u062a\u0628\u062f\u0623 \u0645\u0646 \u0627\u0644\u0642\u062f\u0645\u064a\u0646. \u0627\u0645\u0646\u062d \u0646\u0641\u0633\u0643 \u0647\u0630\u0647 \u0627\u0644\u0631\u0641\u0627\u0647\u064a\u0629\u060c \u0648\u0627\u0633\u062a\u0645\u062a\u0639 \u0628\u062a\u062c\u0631\u0628\u0629 \u0641\u0631\u064a\u062f\u0629 \u062a\u0639\u064a\u062f \u0627\u0644\u062a\u0648\u0627\u0632\u0646 \u0644\u062c\u0633\u062f\u0643 \u0648\u0639\u0642\u0644\u0643 \u0645\u0639 <span class=\"s1\"><b>Sia Hotel Serenity<\/b><\/span>.<\/p>\t\t\t\t\t\t\t\t<\/div>\n\t\t\t\t\t<\/div>\n\t\t\t\t<\/div>\n\t\t<div class=\"elementor-element elementor-element-143fa941 e-flex e-con-boxed tm-col-stretched-none tm-bg-color-over-image e-con e-parent\" data-id=\"143fa941\" data-element_type=\"container\">\n\t\t\t\t\t<div class=\"e-con-inner\">\n\t\t\t\t<div class=\"elementor-element elementor-element-3b51672c elementor-widget elementor-widget-spacer\" data-id=\"3b51672c\" data-element_type=\"widget\" data-widget_type=\"spacer.default\">\n\t\t\t\t\t\t\t<div class=\"elementor-spacer\">\n\t\t\t<div class=\"elementor-spacer-inner\"><\/div>\n\t\t<\/div>\n\t\t\t\t\t\t<\/div>\n\t\t\t\t\t<\/div>\n\t\t\t\t<\/div>\n\t\t<div class=\"elementor-element elementor-element-4de8efd3 e-flex e-con-boxed tm-col-stretched-none tm-bg-color-over-image e-con e-parent\" data-id=\"4de8efd3\" data-element_type=\"container\" data-settings=\"{&quot;background_background&quot;:&quot;classic&quot;}\">\n\t\t\t\t\t<div class=\"e-con-inner\">\n\t\t<div class=\"elementor-element elementor-element-2cf1cb62 e-con-full e-flex tm-col-stretched-none tm-bg-color-over-image e-con e-child\" data-id=\"2cf1cb62\" data-element_type=\"container\">\n\t\t\t\t<div class=\"elementor-element elementor-element-47478980 elementor-widget elementor-widget-heading\" data-id=\"47478980\" data-element_type=\"widget\" data-widget_type=\"heading.default\">\n\t\t\t\t\t<h3 class=\"elementor-heading-title elementor-size-default\"><a href=\"tel:+902243240202\"><u>\u0644\u0644\u0645\u0632\u064a\u062f \u0645\u0646 \u0627\u0644\u0645\u0639\u0644\u0648\u0645\u0627\u062a\u060c \u064a\u0631\u062c\u0649 \u0627\u0644\u0627\u062a\u0635\u0627\u0644 \u0628\u0646\u0627<\/u><\/a><\/h3>\t\t\t\t<\/div>\n\t\t\t\t<div class=\"elementor-element elementor-element-d6db749 elementor-widget elementor-widget-tm-ele-social-links\" data-id=\"d6db749\" data-element_type=\"widget\" data-widget_type=\"tm-ele-social-links.default\">\n\t\t\t\t<div class=\"elementor-widget-container\">\n\t\t\t\t\t<ul class=\"tm-sc-social-links links-outlined\">\r\n\r\n\t\t\t<li><a class=\"social-link\" aria-label=\"Social Link\" href=\"https:\/\/www.facebook.com\/siahotelthermalspa\" target=\"_self\"><i class=\"fa fa-facebook\"><\/i><\/a><\/li>\r\n\t\t\r\n\t\t<li><a class=\"social-link\" aria-label=\"Social Link\" href=\"https:\/\/www.linkedin.com\/company\/sia-hotel-thermal-spa\/\" target=\"_self\"><i class=\"fa fa-linkedin\"><\/i><\/a><\/li>\r\n\t\t\t<li><a class=\"social-link\" aria-label=\"Social Link\" href=\"https:\/\/www.instagram.com\/siahotelthermalspa\" target=\"_self\"><i class=\"fa fa-instagram\"><\/i><\/a><\/li>\r\n\t\t\r\n\t\t\t<\/ul>\t\t\t\t<\/div>\n\t\t\t\t<\/div>\n\t\t\t\t<\/div>\n\t\t\t\t\t<\/div>\n\t\t\t\t<\/div>\n\t\t<div class=\"elementor-element elementor-element-4866b310 e-flex e-con-boxed tm-col-stretched-none tm-bg-color-over-image e-con e-parent\" data-id=\"4866b310\" data-element_type=\"container\">\n\t\t\t\t\t<div class=\"e-con-inner\">\n\t\t\t\t<div class=\"elementor-element elementor-element-1a4c81ef elementor-widget elementor-widget-spacer\" data-id=\"1a4c81ef\" data-element_type=\"widget\" data-widget_type=\"spacer.default\">\n\t\t\t\t\t\t\t<div class=\"elementor-spacer\">\n\t\t\t<div class=\"elementor-spacer-inner\"><\/div>\n\t\t<\/div>\n\t\t\t\t\t\t<\/div>\n\t\t\t\t\t<\/div>\n\t\t\t\t<\/div>\n\t\t<div class=\"elementor-element elementor-element-13ef8659 e-flex e-con-boxed tm-col-stretched-none tm-bg-color-over-image e-con e-parent\" data-id=\"13ef8659\" data-element_type=\"container\">\n\t\t\t\t\t<div class=\"e-con-inner\">\n\t\t<div class=\"elementor-element elementor-element-53e743ab e-con-full e-flex tm-col-stretched-none tm-bg-color-over-image e-con e-child\" data-id=\"53e743ab\" data-element_type=\"container\">\n\t\t<div class=\"elementor-element elementor-element-68fd5fc9 e-con-full tm-col-stretched-none e-flex tm-bg-color-over-image e-con e-child\" data-id=\"68fd5fc9\" data-element_type=\"container\">\n\t\t\t\t<div class=\"elementor-element elementor-element-3a5988f6 elementor-widget elementor-widget-shortcode\" data-id=\"3a5988f6\" data-element_type=\"widget\" data-widget_type=\"shortcode.default\">\n\t\t\t\t\t\t\t<div class=\"elementor-shortcode\">\t\t<div id=\"sbi_mod_error\" >\n\t\t\t<span>Bu hata mesaj\u0131n\u0131 yaln\u0131zca WordPress y\u00f6neticileri g\u00f6rebilir<\/span><br\/>\n\t\t\t<p><strong>Hata: 1 kimli\u011fine sahip hi\u00e7bir ak\u0131\u015f bulunamad\u0131.<\/strong>\n\t\t\t<p>Bir ak\u0131\u015f olu\u015fturmak i\u00e7in l\u00fctfen Instagram Ak\u0131\u015f\u0131 ayarlar sayfas\u0131na gidin.<\/p>\n\t\t<\/div>\n\t\t<\/div>\n\t\t\t\t\t\t<\/div>\n\t\t\t\t<\/div>\n\t\t\t\t<\/div>\n\t\t\t\t\t<\/div>\n\t\t\t\t<\/div>\n\t\t\t\t<\/div>\n\t\t","protected":false},"excerpt":{"rendered":"<p>SEREN\u0130TY \u0628\u0627\u0642\u0629 \u0633\u0628\u0627 \u0627\u0644\u0642\u062f\u0645 \u0628\u0627\u0642\u0629 \u0633\u0628\u0627 \u0627\u0644\u0642\u062f\u0645: \u0631\u0627\u062d\u0629 \u062a\u0628\u062f\u0623 \u0645\u0646 \u0627\u0644\u0642\u062f\u0645\u064a\u0646 \u062a\u062d\u0645\u0644 \u0623\u0642\u062f\u0627\u0645\u0646\u0627 \u0637\u0648\u0627\u0644 \u0627\u0644\u064a\u0648\u0645 \u0623\u062c\u0633\u0627\u062f\u0646\u0627\u060c \u0648\u062a\u062a\u0643\u0641\u0644 \u0628\u0635\u0645\u062a \u0628\u0643\u0644 \u0648\u0632\u0646\u0646\u0627&#8230;<\/p>\n","protected":false},"author":1,"featured_media":0,"parent":0,"menu_order":0,"comment_status":"closed","ping_status":"closed","template":"","meta":{"_monsterinsights_skip_tracking":false,"_monsterinsights_sitenote_active":false,"_monsterinsights_sitenote_note":"","_monsterinsights_sitenote_category":0,"footnotes":""},"class_list":["post-15694","page","type-page","status-publish","hentry"],"aioseo_notices":[],"_links":{"self":[{"href":"https:\/\/www.siahotel.com.tr\/ar\/wp-json\/wp\/v2\/pages\/15694","targetHints":{"allow":["GET"]}}],"collection":[{"href":"https:\/\/www.siahotel.com.tr\/ar\/wp-json\/wp\/v2\/pages"}],"about":[{"href":"https:\/\/www.siahotel.com.tr\/ar\/wp-json\/wp\/v2\/types\/page"}],"author":[{"embeddable":true,"href":"https:\/\/www.siahotel.com.tr\/ar\/wp-json\/wp\/v2\/users\/1"}],"replies":[{"embeddable":true,"href":"https:\/\/www.siahotel.com.tr\/ar\/wp-json\/wp\/v2\/comments?post=15694"}],"version-history":[{"count":16,"href":"https:\/\/www.siahotel.com.tr\/ar\/wp-json\/wp\/v2\/pages\/15694\/revisions"}],"predecessor-version":[{"id":18223,"href":"https:\/\/www.siahotel.com.tr\/ar\/wp-json\/wp\/v2\/pages\/15694\/revisions\/18223"}],"wp:attachment":[{"href":"https:\/\/www.siahotel.com.tr\/ar\/wp-json\/wp\/v2\/media?parent=15694"}],"curies":[{"name":"wp","href":"https:\/\/api.w.org\/{rel}","templated":true}]}}