{"id":15692,"date":"2025-08-04T21:26:26","date_gmt":"2025-08-04T21:26:26","guid":{"rendered":"https:\/\/www.siahotel.com.tr\/ar\/?page_id=15692"},"modified":"2025-08-26T15:25:30","modified_gmt":"2025-08-26T15:25:30","slug":"relaxation-paketi","status":"publish","type":"page","link":"https:\/\/www.siahotel.com.tr\/ar\/relaxation-paketi\/","title":{"rendered":"Relaxation Paketi"},"content":{"rendered":"\t\t<div data-elementor-type=\"wp-page\" data-elementor-id=\"15692\" class=\"elementor elementor-15692\">\n\t\t\t\t<div class=\"elementor-element elementor-element-5981de68 e-flex e-con-boxed tm-col-stretched-none tm-bg-color-over-image e-con e-parent\" data-id=\"5981de68\" data-element_type=\"container\" data-settings=\"{&quot;background_background&quot;:&quot;classic&quot;}\">\n\t\t\t\t\t<div class=\"e-con-inner\">\n\t\t<div class=\"elementor-element elementor-element-56d6187c tm-col-stretched-none e-con-full e-flex tm-bg-color-over-image e-con e-child\" data-id=\"56d6187c\" data-element_type=\"container\">\n\t\t\t\t<div class=\"elementor-element elementor-element-7886817a horizontal-line-align-left vertical-line-align-bottom elementor-widget elementor-widget-tm-ele-section-title\" data-id=\"7886817a\" data-element_type=\"widget\" data-widget_type=\"tm-ele-section-title.default\">\n\t\t\t\t<div class=\"elementor-widget-container\">\n\t\t\t\t\t<div class=\"tm-sc-section-title section-title line-both-side-current-theme \">\r\n\t<div class=\"title-wrapper\">\r\n\t\t\t\t\r\n\r\n<div class=\"sub-title-outer\">\r\n\t\t<div class=\"subtitle \">\r\n\r\n\t\t\r\n\t\tSEREN\u0130TY\t<\/div>\r\n\t<\/div>\t\t\t<h2 class=\"title \">\r\n\r\n\t\t\r\n\t\t\t\t<span class=\"title-part1 \">\u0628\u0627\u0642\u0629 \u0627\u0644\u0627\u0633\u062a\u0631\u062e\u0627\u0621<\/span>\r\n\t\t\t\t\r\n\t\t\r\n\t<\/h2>\r\n\t<div class=\"title-seperator-line\"><\/div>\t\t\t\t\t\t<\/div>\r\n<\/div>\t\t\t\t<\/div>\n\t\t\t\t<\/div>\n\t\t\t\t<\/div>\n\t\t\t\t\t<\/div>\n\t\t\t\t<\/div>\n\t\t<div class=\"elementor-element elementor-element-7e728d86 e-flex e-con-boxed tm-col-stretched-none tm-bg-color-over-image e-con e-parent\" data-id=\"7e728d86\" data-element_type=\"container\">\n\t\t\t\t\t<div class=\"e-con-inner\">\n\t\t\t\t<div class=\"elementor-element elementor-element-3c87c72e elementor-widget elementor-widget-text-editor\" data-id=\"3c87c72e\" data-element_type=\"widget\" data-widget_type=\"text-editor.default\">\n\t\t\t\t\t\t\t\t\t<p class=\"p1\"><span class=\"s1\"><\/span><\/p><p dir=\"rtl\" class=\"p1\">\u0628\u0627\u0642\u0629 \u0627\u0644\u0627\u0633\u062a\u0631\u062e\u0627\u0621: \u0631\u062d\u0644\u0629 \u0625\u0644\u0649 \u062c\u0645\u064a\u0639 \u0637\u0628\u0642\u0627\u062a \u0627\u0644\u0633\u0643\u064a\u0646\u0629<\/p><p dir=\"rtl\" class=\"p1\">\u0641\u064a \u0625\u064a\u0642\u0627\u0639 \u0627\u0644\u062d\u064a\u0627\u0629 \u0627\u0644\u0639\u0635\u0631\u064a\u0629 \u0627\u0644\u0645\u0631\u0647\u0642\u060c \u0625\u0630\u0627 \u0643\u0646\u062a \u062a\u0628\u062d\u062b \u0639\u0646 \u0645\u0633\u0627\u062d\u0629 \u0644\u0627\u0644\u062a\u0642\u0627\u0637 \u0623\u0646\u0641\u0627\u0633\u0643 \u0648\u062a\u0647\u062f\u0626\u0629 \u0639\u0642\u0644\u0643 \u0648\u0625\u0639\u0627\u062f\u0629 \u062a\u0648\u0627\u0632\u0646 \u062c\u0633\u062f\u0643\u060c \u0641\u0625\u0646 <span class=\"s1\"><b>Relaxation Paketi<\/b><\/span> \u0645\u0646 <span class=\"s1\"><b>Sia Hotel Serenity Thermal, SPA &amp; Wellness<\/b><\/span> \u0647\u0648 \u0627\u0644\u062e\u064a\u0627\u0631 \u0627\u0644\u0645\u062b\u0627\u0644\u064a \u0644\u0643. \u062a\u0645 \u062a\u0635\u0645\u064a\u0645 \u0647\u0630\u0647 \u0627\u0644\u0628\u0627\u0642\u0629 \u0627\u0644\u062e\u0627\u0635\u0629 \u0644\u062a\u062c\u0645\u0639 \u0628\u064a\u0646 \u0627\u0644\u0627\u0633\u062a\u0631\u062e\u0627\u0621 \u0627\u0644\u062c\u0633\u062f\u064a \u0648\u0627\u0644\u0631\u0627\u062d\u0629 \u0627\u0644\u0630\u0647\u0646\u064a\u0629 \u0648\u0627\u0644\u062a\u062c\u062f\u064a\u062f \u0627\u0644\u0631\u0648\u062d\u064a \u0641\u064a \u062a\u062c\u0631\u0628\u0629 \u0645\u062a\u0643\u0627\u0645\u0644\u0629.<\/p><p dir=\"rtl\" class=\"p1\">\u062a\u0628\u062f\u0623 \u0631\u062d\u0644\u062a\u0643 \u0641\u064a \u0627\u0644\u0645\u0646\u0627\u0637\u0642 \u0627\u0644\u0639\u0644\u0627\u062c\u064a\u0629 \u0627\u0644\u062d\u0631\u0627\u0631\u064a\u0629 \u0627\u0644\u062e\u0627\u0635\u0629 \u0628\u0640 <span class=\"s1\"><b>Sia<\/b><\/span>. \u062d\u064a\u062b \u064a\u0645\u0646\u062d\u0643 <span class=\"s1\"><b>\u0627\u0644\u0645\u0633\u0628\u062d \u0627\u0644\u062d\u0631\u0627\u0631\u064a<\/b><\/span>\u060c <span class=\"s1\"><b>\u0627\u0644\u062c\u0627\u0643\u0648\u0632\u064a<\/b><\/span>\u060c <span class=\"s1\"><b>\u0627\u0644\u062d\u0645\u0627\u0645 \u0627\u0644\u062a\u0631\u0643\u064a<\/b><\/span>\u060c <span class=\"s1\"><b>\u0627\u0644\u0633\u0627\u0648\u0646\u0627<\/b><\/span>\u060c <span class=\"s1\"><b>\u063a\u0631\u0641\u0629 \u0627\u0644\u0628\u062e\u0627\u0631<\/b><\/span> \u0648<span class=\"s1\"><b>\u0634\u0644\u0627\u0644 \u0627\u0644\u062b\u0644\u062c<\/b><\/span> \u062a\u062c\u0631\u0628\u0629 \u0641\u0631\u064a\u062f\u0629 \u062a\u0639\u0645\u0644 \u0639\u0644\u0649 \u062a\u062e\u0644\u064a\u0635 \u062c\u0633\u0645\u0643 \u0645\u0646 \u0627\u0644\u0633\u0645\u0648\u0645 \u0648\u062a\u0647\u062f\u0626\u062a\u0647\u060c \u0628\u064a\u0646\u0645\u0627 \u062a\u0636\u064a\u0641 \u0644\u0628\u0634\u0631\u062a\u0643 \u0646\u0639\u0648\u0645\u0629 \u0648\u062d\u064a\u0648\u064a\u0629. \u0643\u0645\u0627 \u062a\u0633\u0627\u0639\u062f \u0639\u0644\u0649 \u062a\u0646\u0634\u064a\u0637 \u0627\u0644\u062f\u0648\u0631\u0629 \u0627\u0644\u062f\u0645\u0648\u064a\u0629 \u0648\u062a\u062d\u0641\u064a\u0632 \u0639\u0645\u0644\u064a\u0629 \u0627\u0644\u0623\u064a\u0636\u060c \u0645\u0645\u0627 \u064a\u062c\u0639\u0644\u0643 \u062a\u0634\u0639\u0631 \u0628\u0627\u0644\u0645\u0632\u064a\u062f \u0645\u0646 \u0627\u0644\u0646\u0634\u0627\u0637 \u0648\u0627\u0644\u062d\u064a\u0648\u064a\u0629.<\/p><p dir=\"rtl\" class=\"p1\">\u0641\u064a \u0627\u0644\u062e\u0637\u0648\u0629 \u0627\u0644\u062b\u0627\u0646\u064a\u0629\u060c \u062a\u0646\u062a\u0638\u0631\u0643 \u062c\u0644\u0633\u0629 \u0639\u0644\u0627\u062c\u064a\u0629 \u0645\u0645\u064a\u0632\u0629 \u0641\u064a <span class=\"s1\"><b>\u063a\u0631\u0641\u0629 \u0627\u0644\u0645\u0644\u062d<\/b><\/span> \u0644\u0645\u062f\u0629 <span class=\"s1\"><b>20 \u062f\u0642\u064a\u0642\u0629<\/b><\/span>\u060c \u062d\u064a\u062b \u062a\u0633\u0627\u0639\u062f \u0627\u0644\u0645\u0639\u0627\u062f\u0646 \u0627\u0644\u0637\u0628\u064a\u0639\u064a\u0629 \u0644\u0644\u0645\u0644\u062d \u0639\u0644\u0649 \u062f\u0639\u0645 \u0627\u0644\u062c\u0647\u0627\u0632 \u0627\u0644\u062a\u0646\u0641\u0633\u064a \u0648\u062a\u0639\u0632\u064a\u0632 \u0627\u0644\u0645\u0646\u0627\u0639\u0629 \u0648\u062a\u0642\u0644\u064a\u0644 \u0636\u063a\u0637 \u0627\u0644\u062c\u064a\u0648\u0628 \u0627\u0644\u0623\u0646\u0641\u064a\u0629. \u0643\u0645\u0627 \u064a\u064f\u0639\u062f \u0647\u0630\u0627 \u0627\u0644\u0639\u0644\u0627\u062c \u0641\u0639\u0627\u0644\u064b\u0627 \u0628\u0634\u0643\u0644 \u062e\u0627\u0635 \u0644\u0644\u0623\u0634\u062e\u0627\u0635 \u0627\u0644\u0630\u064a\u0646 \u064a\u0639\u0627\u0646\u0648\u0646 \u0645\u0646 \u0627\u0644\u062d\u0633\u0627\u0633\u064a\u0629 \u0648\u0645\u0634\u0627\u0643\u0644 \u0627\u0644\u062a\u0646\u0641\u0633.<\/p><p dir=\"rtl\" class=\"p1\">\u0648\u062a\u0628\u0644\u063a \u0627\u0644\u062a\u062c\u0631\u0628\u0629 \u0630\u0631\u0648\u062a\u0647\u0627 \u0645\u0639 <span class=\"s1\"><b>\u062a\u062f\u0644\u064a\u0643 \u0627\u0644\u0631\u0623\u0633 \u0627\u0644\u0647\u0646\u062f\u064a<\/b><\/span> \u0644\u0645\u062f\u0629 <span class=\"s1\"><b>45 \u062f\u0642\u064a\u0642\u0629<\/b><\/span>\u060c \u062d\u064a\u062b \u064a\u062a\u0645 \u0627\u0644\u062a\u0631\u0643\u064a\u0632 \u0639\u0644\u0649 \u0645\u0646\u0637\u0642\u0629 \u0627\u0644\u0631\u0623\u0633 \u0648\u0627\u0644\u0631\u0642\u0628\u0629 \u0648\u0627\u0644\u0643\u062a\u0641\u064a\u0646 \u0644\u062a\u062e\u0641\u064a\u0641 \u0627\u0644\u062a\u0648\u062a\u0631 \u0648\u0625\u0632\u0627\u0644\u0629 \u0627\u0644\u0636\u063a\u0648\u0637 \u0627\u0644\u0645\u062a\u0631\u0627\u0643\u0645\u0629. \u064a\u0633\u0627\u0639\u062f \u0647\u0630\u0627 \u0627\u0644\u062a\u062f\u0644\u064a\u0643 \u0627\u0644\u062a\u0642\u0644\u064a\u062f\u064a \u0639\u0644\u0649 \u062a\u0642\u0644\u064a\u0644 \u0647\u0631\u0645\u0648\u0646\u0627\u062a \u0627\u0644\u062a\u0648\u062a\u0631\u060c \u062a\u062e\u0641\u064a\u0641 \u0622\u0644\u0627\u0645 \u0627\u0644\u0631\u0623\u0633 \u0648\u062a\u062d\u0642\u064a\u0642 \u0635\u0641\u0627\u0621 \u0630\u0647\u0646\u064a \u0639\u0645\u064a\u0642.<\/p><p dir=\"rtl\" class=\"p1\">\u0645\u0639 \u062e\u064a\u0627\u0631 <span class=\"s1\"><b>\u0639\u0631\u0636 1+1<\/b><\/span> \u0627\u0644\u062e\u0627\u0635\u060c \u064a\u0645\u0643\u0646\u0643 \u0645\u0634\u0627\u0631\u0643\u0629 \u0647\u0630\u0647 \u0627\u0644\u062a\u062c\u0631\u0628\u0629 \u0627\u0644\u0641\u0631\u064a\u062f\u0629 \u0645\u0639 \u0623\u062d\u0628\u0627\u0626\u0643. <span class=\"s1\"><b>Relaxation Paketi<\/b><\/span> \u0644\u064a\u0633 \u0645\u062c\u0631\u062f \u062c\u0644\u0633\u0629 \u0633\u0628\u0627\u060c \u0628\u0644 \u0647\u0648 \u0645\u0644\u0627\u0630 \u0645\u062b\u0627\u0644\u064a \u0644\u0644\u0627\u0628\u062a\u0639\u0627\u062f \u0639\u0646 \u0635\u062e\u0628 \u0627\u0644\u062d\u064a\u0627\u0629 \u0627\u0644\u064a\u0648\u0645\u064a\u0629 \u0648\u0627\u0633\u062a\u0639\u0627\u062f\u0629 \u062a\u0648\u0627\u0632\u0646\u0643 \u0627\u0644\u062f\u0627\u062e\u0644\u064a.<\/p>\t\t\t\t\t\t\t\t<\/div>\n\t\t\t\t\t<\/div>\n\t\t\t\t<\/div>\n\t\t<div class=\"elementor-element elementor-element-250295b0 e-flex e-con-boxed tm-col-stretched-none tm-bg-color-over-image e-con e-parent\" data-id=\"250295b0\" data-element_type=\"container\">\n\t\t\t\t\t<div class=\"e-con-inner\">\n\t\t\t\t<div class=\"elementor-element elementor-element-3e7eadf elementor-widget elementor-widget-spacer\" data-id=\"3e7eadf\" data-element_type=\"widget\" data-widget_type=\"spacer.default\">\n\t\t\t\t\t\t\t<div class=\"elementor-spacer\">\n\t\t\t<div class=\"elementor-spacer-inner\"><\/div>\n\t\t<\/div>\n\t\t\t\t\t\t<\/div>\n\t\t\t\t\t<\/div>\n\t\t\t\t<\/div>\n\t\t<div class=\"elementor-element elementor-element-73eec80c e-flex e-con-boxed tm-col-stretched-none tm-bg-color-over-image e-con e-parent\" data-id=\"73eec80c\" data-element_type=\"container\" data-settings=\"{&quot;background_background&quot;:&quot;classic&quot;}\">\n\t\t\t\t\t<div class=\"e-con-inner\">\n\t\t<div class=\"elementor-element elementor-element-453f938c e-con-full e-flex tm-col-stretched-none tm-bg-color-over-image e-con e-child\" data-id=\"453f938c\" data-element_type=\"container\">\n\t\t\t\t<div class=\"elementor-element elementor-element-9009622 elementor-widget elementor-widget-heading\" data-id=\"9009622\" data-element_type=\"widget\" data-widget_type=\"heading.default\">\n\t\t\t\t\t<h3 class=\"elementor-heading-title elementor-size-default\"><a href=\"tel:+902243240202\"><u>\u0644\u0644\u0645\u0632\u064a\u062f \u0645\u0646 \u0627\u0644\u0645\u0639\u0644\u0648\u0645\u0627\u062a\u060c \u064a\u0631\u062c\u0649 \u0627\u0644\u0627\u062a\u0635\u0627\u0644 \u0628\u0646\u0627<\/u><\/a><\/h3>\t\t\t\t<\/div>\n\t\t\t\t<div class=\"elementor-element elementor-element-2d899202 elementor-widget elementor-widget-tm-ele-social-links\" data-id=\"2d899202\" data-element_type=\"widget\" data-widget_type=\"tm-ele-social-links.default\">\n\t\t\t\t<div class=\"elementor-widget-container\">\n\t\t\t\t\t<ul class=\"tm-sc-social-links links-outlined\">\r\n\r\n\t\t\t<li><a class=\"social-link\" aria-label=\"Social Link\" href=\"https:\/\/www.facebook.com\/siahotelthermalspa\" target=\"_self\"><i class=\"fa fa-facebook\"><\/i><\/a><\/li>\r\n\t\t\r\n\t\t<li><a class=\"social-link\" aria-label=\"Social Link\" href=\"https:\/\/www.linkedin.com\/company\/sia-hotel-thermal-spa\/\" target=\"_self\"><i class=\"fa fa-linkedin\"><\/i><\/a><\/li>\r\n\t\t\t<li><a class=\"social-link\" aria-label=\"Social Link\" href=\"https:\/\/www.instagram.com\/siahotelthermalspa\" target=\"_self\"><i class=\"fa fa-instagram\"><\/i><\/a><\/li>\r\n\t\t\r\n\t\t\t<\/ul>\t\t\t\t<\/div>\n\t\t\t\t<\/div>\n\t\t\t\t<\/div>\n\t\t\t\t\t<\/div>\n\t\t\t\t<\/div>\n\t\t<div class=\"elementor-element elementor-element-28b868bd e-flex e-con-boxed tm-col-stretched-none tm-bg-color-over-image e-con e-parent\" data-id=\"28b868bd\" data-element_type=\"container\">\n\t\t\t\t\t<div class=\"e-con-inner\">\n\t\t\t\t<div class=\"elementor-element elementor-element-62836f44 elementor-widget elementor-widget-spacer\" data-id=\"62836f44\" data-element_type=\"widget\" data-widget_type=\"spacer.default\">\n\t\t\t\t\t\t\t<div class=\"elementor-spacer\">\n\t\t\t<div class=\"elementor-spacer-inner\"><\/div>\n\t\t<\/div>\n\t\t\t\t\t\t<\/div>\n\t\t\t\t\t<\/div>\n\t\t\t\t<\/div>\n\t\t<div class=\"elementor-element elementor-element-7cc10f9f e-flex e-con-boxed tm-col-stretched-none tm-bg-color-over-image e-con e-parent\" data-id=\"7cc10f9f\" data-element_type=\"container\">\n\t\t\t\t\t<div class=\"e-con-inner\">\n\t\t<div class=\"elementor-element elementor-element-67e14b4f e-con-full e-flex tm-col-stretched-none tm-bg-color-over-image e-con e-child\" data-id=\"67e14b4f\" data-element_type=\"container\">\n\t\t<div class=\"elementor-element elementor-element-71e5ea4d e-con-full tm-col-stretched-none e-flex tm-bg-color-over-image e-con e-child\" data-id=\"71e5ea4d\" data-element_type=\"container\">\n\t\t\t\t<div class=\"elementor-element elementor-element-68b2570e elementor-widget elementor-widget-shortcode\" data-id=\"68b2570e\" data-element_type=\"widget\" data-widget_type=\"shortcode.default\">\n\t\t\t\t\t\t\t<div class=\"elementor-shortcode\">\t\t<div id=\"sbi_mod_error\" >\n\t\t\t<span>Bu hata mesaj\u0131n\u0131 yaln\u0131zca WordPress y\u00f6neticileri g\u00f6rebilir<\/span><br\/>\n\t\t\t<p><strong>Hata: 1 kimli\u011fine sahip hi\u00e7bir ak\u0131\u015f bulunamad\u0131.<\/strong>\n\t\t\t<p>Bir ak\u0131\u015f olu\u015fturmak i\u00e7in l\u00fctfen Instagram Ak\u0131\u015f\u0131 ayarlar sayfas\u0131na gidin.<\/p>\n\t\t<\/div>\n\t\t<\/div>\n\t\t\t\t\t\t<\/div>\n\t\t\t\t<\/div>\n\t\t\t\t<\/div>\n\t\t\t\t\t<\/div>\n\t\t\t\t<\/div>\n\t\t\t\t<\/div>\n\t\t","protected":false},"excerpt":{"rendered":"<p>SEREN\u0130TY \u0628\u0627\u0642\u0629 \u0627\u0644\u0627\u0633\u062a\u0631\u062e\u0627\u0621 \u0628\u0627\u0642\u0629 \u0627\u0644\u0627\u0633\u062a\u0631\u062e\u0627\u0621: \u0631\u062d\u0644\u0629 \u0625\u0644\u0649 \u062c\u0645\u064a\u0639 \u0637\u0628\u0642\u0627\u062a \u0627\u0644\u0633\u0643\u064a\u0646\u0629 \u0641\u064a \u0625\u064a\u0642\u0627\u0639 \u0627\u0644\u062d\u064a\u0627\u0629 \u0627\u0644\u0639\u0635\u0631\u064a\u0629 \u0627\u0644\u0645\u0631\u0647\u0642\u060c \u0625\u0630\u0627 \u0643\u0646\u062a \u062a\u0628\u062d\u062b \u0639\u0646 \u0645\u0633\u0627\u062d\u0629&#8230;<\/p>\n","protected":false},"author":1,"featured_media":0,"parent":0,"menu_order":0,"comment_status":"closed","ping_status":"closed","template":"","meta":{"_monsterinsights_skip_tracking":false,"_monsterinsights_sitenote_active":false,"_monsterinsights_sitenote_note":"","_monsterinsights_sitenote_category":0,"footnotes":""},"class_list":["post-15692","page","type-page","status-publish","hentry"],"aioseo_notices":[],"_links":{"self":[{"href":"https:\/\/www.siahotel.com.tr\/ar\/wp-json\/wp\/v2\/pages\/15692","targetHints":{"allow":["GET"]}}],"collection":[{"href":"https:\/\/www.siahotel.com.tr\/ar\/wp-json\/wp\/v2\/pages"}],"about":[{"href":"https:\/\/www.siahotel.com.tr\/ar\/wp-json\/wp\/v2\/types\/page"}],"author":[{"embeddable":true,"href":"https:\/\/www.siahotel.com.tr\/ar\/wp-json\/wp\/v2\/users\/1"}],"replies":[{"embeddable":true,"href":"https:\/\/www.siahotel.com.tr\/ar\/wp-json\/wp\/v2\/comments?post=15692"}],"version-history":[{"count":19,"href":"https:\/\/www.siahotel.com.tr\/ar\/wp-json\/wp\/v2\/pages\/15692\/revisions"}],"predecessor-version":[{"id":18220,"href":"https:\/\/www.siahotel.com.tr\/ar\/wp-json\/wp\/v2\/pages\/15692\/revisions\/18220"}],"wp:attachment":[{"href":"https:\/\/www.siahotel.com.tr\/ar\/wp-json\/wp\/v2\/media?parent=15692"}],"curies":[{"name":"wp","href":"https:\/\/api.w.org\/{rel}","templated":true}]}}