{"id":15687,"date":"2025-08-04T21:24:29","date_gmt":"2025-08-04T21:24:29","guid":{"rendered":"https:\/\/www.siahotel.com.tr\/ar\/?page_id=15687"},"modified":"2025-08-26T15:24:58","modified_gmt":"2025-08-26T15:24:58","slug":"aile-termal-keyfi-paketi","status":"publish","type":"page","link":"https:\/\/www.siahotel.com.tr\/ar\/aile-termal-keyfi-paketi\/","title":{"rendered":"Aile Termal Keyfi Paketi"},"content":{"rendered":"\t\t<div data-elementor-type=\"wp-page\" data-elementor-id=\"15687\" class=\"elementor elementor-15687\">\n\t\t\t\t<div class=\"elementor-element elementor-element-27867766 e-flex e-con-boxed tm-col-stretched-none tm-bg-color-over-image e-con e-parent\" data-id=\"27867766\" data-element_type=\"container\" data-settings=\"{&quot;background_background&quot;:&quot;classic&quot;}\">\n\t\t\t\t\t<div class=\"e-con-inner\">\n\t\t<div class=\"elementor-element elementor-element-1d8e05e7 tm-col-stretched-none e-con-full e-flex tm-bg-color-over-image e-con e-child\" data-id=\"1d8e05e7\" data-element_type=\"container\">\n\t\t\t\t<div class=\"elementor-element elementor-element-10e1a7dd horizontal-line-align-left vertical-line-align-bottom elementor-widget elementor-widget-tm-ele-section-title\" data-id=\"10e1a7dd\" data-element_type=\"widget\" data-widget_type=\"tm-ele-section-title.default\">\n\t\t\t\t<div class=\"elementor-widget-container\">\n\t\t\t\t\t<div class=\"tm-sc-section-title section-title line-both-side-current-theme \">\r\n\t<div class=\"title-wrapper\">\r\n\t\t\t\t\r\n\r\n<div class=\"sub-title-outer\">\r\n\t\t<div class=\"subtitle \">\r\n\r\n\t\t\r\n\t\tSERENITY\t<\/div>\r\n\t<\/div>\t\t\t<h2 class=\"title \">\r\n\r\n\t\t\r\n\t\t\t\t<span class=\"title-part1 \">\u0628\u0627\u0642\u0629 \u0627\u0644\u0645\u062a\u0639\u0629 \u0627\u0644\u062d\u0631\u0627\u0631\u064a\u0629 \u0627\u0644\u0639\u0627\u0626\u0644\u064a\u0629<\/span>\r\n\t\t\t\t\r\n\t\t\r\n\t<\/h2>\r\n\t<div class=\"title-seperator-line\"><\/div>\t\t\t\t\t\t<\/div>\r\n<\/div>\t\t\t\t<\/div>\n\t\t\t\t<\/div>\n\t\t\t\t<\/div>\n\t\t\t\t\t<\/div>\n\t\t\t\t<\/div>\n\t\t<div class=\"elementor-element elementor-element-4acb0f6a e-flex e-con-boxed tm-col-stretched-none tm-bg-color-over-image e-con e-parent\" data-id=\"4acb0f6a\" data-element_type=\"container\">\n\t\t\t\t\t<div class=\"e-con-inner\">\n\t\t\t\t<div class=\"elementor-element elementor-element-7487a559 elementor-widget elementor-widget-text-editor\" data-id=\"7487a559\" data-element_type=\"widget\" data-widget_type=\"text-editor.default\">\n\t\t\t\t\t\t\t\t\t<p class=\"p1\"><span class=\"s1\"><\/span><\/p><p dir=\"rtl\" class=\"p1\">\u0628\u0627\u0642\u0629 \u0627\u0644\u0645\u062a\u0639\u0629 \u0627\u0644\u062d\u0631\u0627\u0631\u064a\u0629 \u0627\u0644\u0639\u0627\u0626\u0644\u064a\u0629: \u0647\u0631\u0648\u0628 \u0631\u0648\u0645\u0627\u0646\u0633\u064a \u0648\u062a\u062c\u0631\u0628\u0629 \u0634\u0641\u0627\u0621 \u0641\u0631\u064a\u062f\u0629 \u0645\u0639 \u0623\u062d\u0628\u0627\u0626\u0643\u0645<\/p><p dir=\"rtl\" class=\"p1\">\u0647\u0644 \u062a\u0631\u063a\u0628\u0648\u0646 \u0641\u064a \u0623\u062e\u0630 \u0627\u0633\u062a\u0631\u0627\u062d\u0629 \u0642\u0635\u064a\u0631\u0629 \u0648\u0644\u0643\u0646 \u0630\u0627\u062a \u0645\u0639\u0646\u0649 \u0645\u0646 \u0648\u062a\u064a\u0631\u0629 \u0627\u0644\u062d\u064a\u0627\u0629 \u0627\u0644\u0633\u0631\u064a\u0639\u0629\u060c \u0648\u0627\u0644\u0627\u0633\u062a\u0645\u062a\u0627\u0639 \u0628\u062a\u062c\u0631\u0628\u0629 \u062e\u0627\u0635\u0629 \u0645\u0639 \u0623\u062d\u0628\u0627\u0626\u0643\u0645\u061f \u062a\u0642\u062f\u0645 \u0644\u0643\u0645 <span class=\"s1\"><b>Sia Hotel Serenity Thermal, SPA &amp; Wellness<\/b><\/span> \u0628\u0627\u0642\u0629 \u0627\u0644\u0645\u062a\u0639\u0629 \u0627\u0644\u062d\u0631\u0627\u0631\u064a\u0629 \u0627\u0644\u0639\u0627\u0626\u0644\u064a\u0629\u060c \u062d\u064a\u062b \u062a\u062c\u062a\u0645\u0639 \u0627\u0644\u0631\u0648\u0645\u0627\u0646\u0633\u064a\u0629 \u0645\u0639 \u062a\u062c\u0631\u0628\u0629 \u0633\u0628\u0627 \u062d\u0631\u0627\u0631\u064a\u0629 \u0627\u0633\u062a\u062b\u0646\u0627\u0626\u064a\u0629 \u062a\u0645\u0646\u062d\u0643\u0645 \u0623\u0648\u0642\u0627\u062a\u064b\u0627 \u0644\u0627 \u062a\u064f\u0646\u0633\u0649. \u0633\u0648\u0627\u0621 \u0643\u0646\u062a\u0645 \u062a\u062d\u062a\u0641\u0644\u0648\u0646 \u0628\u0645\u0646\u0627\u0633\u0628\u0629 \u062e\u0627\u0635\u0629 \u0623\u0648 \u062a\u0628\u062d\u062b\u0648\u0646 \u0639\u0646 \u0637\u0631\u064a\u0642\u0629 \u0644\u062a\u062d\u0648\u064a\u0644 \u064a\u0648\u0645 \u0639\u0627\u062f\u064a \u0625\u0644\u0649 \u0630\u0643\u0631\u0649 \u0631\u0627\u0626\u0639\u0629\u060c \u0641\u0625\u0646 \u0647\u0630\u0647 \u0627\u0644\u0628\u0627\u0642\u0629 \u0645\u0635\u0645\u0645\u0629 \u0644\u062a\u062c\u062f\u064a\u062f \u0637\u0627\u0642\u062a\u0643\u064f\u0645 \u0648\u062a\u0642\u0648\u064a\u0629 \u0631\u0648\u0627\u0628\u0637\u0643\u0645 \u0627\u0644\u0639\u0627\u0637\u0641\u064a\u0629.<\/p><p dir=\"rtl\" class=\"p1\">\u062a\u0628\u062f\u0623 \u0647\u0630\u0647 \u0627\u0644\u062a\u062c\u0631\u0628\u0629 \u0627\u0644\u0645\u0645\u064a\u0632\u0629 \u0628\u062c\u0644\u0633\u0629 \u062e\u0627\u0635\u0629 \u0641\u064a <span class=\"s1\"><b>\u063a\u0631\u0641\u0629 Pearl VIP \u0627\u0644\u0639\u0627\u0626\u0644\u064a\u0629<\/b><\/span> \u0644\u0645\u062f\u0629 60 \u062f\u0642\u064a\u0642\u0629. \u0635\u064f\u0645\u0645\u062a \u0647\u0630\u0647 \u0627\u0644\u063a\u0631\u0641\u0629 \u0627\u0644\u0641\u0627\u062e\u0631\u0629 \u0628\u0639\u0646\u0627\u064a\u0629 \u0644\u062a\u0648\u0641\u064a\u0631 \u0623\u0642\u0635\u0649 \u062f\u0631\u062c\u0627\u062a \u0627\u0644\u062e\u0635\u0648\u0635\u064a\u0629 \u0648\u0627\u0644\u0631\u0627\u062d\u0629\u060c \u062d\u064a\u062b \u064a\u0645\u0643\u0646\u0643\u0645 \u0627\u0644\u0627\u0633\u062a\u0645\u062a\u0627\u0639 \u0628\u062c\u0648 \u0647\u0627\u062f\u0626 \u0648\u0645\u062b\u0627\u0644\u064a \u064a\u062c\u0645\u0639 \u0628\u064a\u0646 \u0627\u0644\u0623\u0646\u0627\u0642\u0629 \u0648\u0627\u0644\u0633\u0643\u064a\u0646\u0629\u060c \u0648\u064a\u062a\u064a\u062d \u0644\u0643\u0645 \u0642\u0636\u0627\u0621 \u0648\u0642\u062a \u0645\u0645\u062a\u0639 \u0648\u0645\u0631\u064a\u062d \u0645\u0639 \u0623\u062d\u0628\u0627\u0626\u0643\u0645.<\/p><p dir=\"rtl\" class=\"p1\">\u0628\u0639\u062f \u0630\u0644\u0643\u060c \u064a\u0646\u062a\u0638\u0631\u0643\u0645 <span class=\"s1\"><b>\u062c\u0644\u0633\u0629 \u0627\u0644\u0633\u0627\u0648\u0646\u0627<\/b><\/span> \u0644\u062a\u062c\u0631\u0628\u0629 \u062a\u0646\u0642\u064a\u0629 \u0639\u0645\u064a\u0642\u0629\u060c \u062d\u064a\u062b \u062a\u0633\u0627\u0639\u062f \u0639\u0644\u0649 \u0627\u0633\u062a\u0631\u062e\u0627\u0621 \u0627\u0644\u0639\u0636\u0644\u0627\u062a \u0648\u062a\u0646\u0642\u064a\u0629 \u0627\u0644\u0630\u0647\u0646 \u0627\u0633\u062a\u0639\u062f\u0627\u062f\u064b\u0627 \u0644\u0630\u0631\u0648\u0629 \u0647\u0630\u0647 \u0627\u0644\u0631\u062d\u0644\u0629: <span class=\"s1\"><b>\u062c\u0644\u0633\u0629 \u062a\u062f\u0644\u064a\u0643 \u0628\u0627\u0644\u064a \u0627\u0644\u0645\u0632\u062f\u0648\u062c\u0629 \u0644\u0645\u062f\u0629 45 \u062f\u0642\u064a\u0642\u0629<\/b><\/span>.<\/p><p dir=\"rtl\" class=\"p1\">\u064a\u062a\u0645 \u062a\u0646\u0641\u064a\u0630 \u0627\u0644\u062a\u062f\u0644\u064a\u0643 \u0628\u0648\u0627\u0633\u0637\u0629 \u0645\u0639\u0627\u0644\u062c\u064a\u0646 \u062e\u0628\u0631\u0627\u0621 \u0628\u0627\u0633\u062a\u062e\u062f\u0627\u0645 \u0632\u064a\u0648\u062a \u0639\u0637\u0631\u064a\u0629 \u0641\u0627\u062e\u0631\u0629\u060c \u062d\u064a\u062b \u064a\u062c\u0645\u0639 \u0628\u064a\u0646 \u062a\u0642\u0646\u064a\u0627\u062a \u0627\u0644\u0627\u0633\u062a\u0631\u062e\u0627\u0621 \u0627\u0644\u0639\u0645\u064a\u0642 \u0648\u062a\u062d\u0641\u064a\u0632 \u0627\u0644\u0637\u0627\u0642\u0629 \u0627\u0644\u062f\u0627\u062e\u0644\u064a\u0629 \u0644\u0644\u062c\u0633\u0645\u060c \u0645\u0645\u0627 \u064a\u0639\u0632\u0632 \u0627\u0644\u0631\u0627\u062d\u0629 \u0627\u0644\u062c\u0633\u062f\u064a\u0629 \u0648\u0627\u0644\u0627\u0646\u0633\u062c\u0627\u0645 \u0627\u0644\u0639\u0627\u0637\u0641\u064a \u0628\u064a\u0646 \u0627\u0644\u0634\u0631\u064a\u0643\u064a\u0646. \u0647\u0630\u0647 \u0627\u0644\u0644\u062d\u0638\u0627\u062a \u0627\u0644\u0645\u0645\u064a\u0632\u0629 \u0645\u0646 \u0627\u0644\u0627\u0633\u062a\u0631\u062e\u0627\u0621 \u0627\u0644\u0645\u0632\u062f\u0648\u062c \u0644\u0627 \u062a\u0645\u0646\u062d\u0643\u0645 \u0641\u0642\u0637 \u0647\u062f\u0648\u0621\u064b\u0627 \u062c\u0633\u062f\u064a\u064b\u0627\u060c \u0628\u0644 \u062a\u062e\u0644\u0642 \u0645\u0633\u0627\u062d\u0629 \u062d\u0645\u064a\u0645\u0629 \u0644\u0644\u0645\u0634\u0627\u0631\u0643\u0629 \u0648\u0627\u0644\u062a\u0642\u0627\u0631\u0628.<\/p><p dir=\"rtl\" class=\"p3\"><b>\u0644\u0645\u0646 \u062a\u064f\u0646\u0627\u0633\u0628 \u0647\u0630\u0647 \u0627\u0644\u0628\u0627\u0642\u0629\u061f<\/b><b><\/b><\/p><p dir=\"rtl\" class=\"p1\">\u0647\u0630\u0647 \u0627\u0644\u0628\u0627\u0642\u0629 \u0645\u062b\u0627\u0644\u064a\u0629 \u0644\u0644\u0623\u0632\u0648\u0627\u062c\u060c \u062d\u062f\u064a\u062b\u064a \u0627\u0644\u0632\u0648\u0627\u062c\u060c \u0627\u0644\u0645\u062d\u062a\u0641\u0644\u064a\u0646 \u0628\u0630\u0643\u0631\u0649 \u0632\u0648\u0627\u062c\u0647\u0645\u060c \u0623\u0648 \u062d\u062a\u0649 \u0627\u0644\u0639\u0627\u0626\u0644\u0627\u062a \u0627\u0644\u062a\u064a \u062a\u0631\u063a\u0628 \u0641\u064a \u0642\u0636\u0627\u0621 \u0648\u0642\u062a \u0645\u0645\u064a\u0632 \u0645\u0639\u064b\u0627. \u0643\u0645\u0627 \u062a\u064f\u0639\u062f \u062e\u064a\u0627\u0631\u064b\u0627 \u0631\u0627\u0626\u0639\u064b\u0627 \u0644\u0645\u0641\u0627\u062c\u0622\u062a \u062e\u0627\u0635\u0629 \u0645\u062b\u0644 \u0623\u0639\u064a\u0627\u062f \u0627\u0644\u0645\u064a\u0644\u0627\u062f \u0623\u0648 \u0639\u0631\u0648\u0636 \u0627\u0644\u0632\u0648\u0627\u062c \u0623\u0648 \u0623\u064a \u0645\u0646\u0627\u0633\u0628\u0629 \u0631\u0648\u0645\u0627\u0646\u0633\u064a\u0629 \u0644\u0627 \u062a\u064f\u0646\u0633\u0649.<\/p><p dir=\"rtl\" class=\"p3\"><b>\u0644\u0645\u0627\u0630\u0627 \u062a\u062e\u062a\u0627\u0631\u0648\u0646 \u0647\u0630\u0647 \u0627\u0644\u0628\u0627\u0642\u0629\u061f<\/b><b><\/b><\/p><p dir=\"rtl\" class=\"p1\">\u0644\u0623\u0646\u0647\u0627 \u062a\u0642\u062f\u0645 \u0644\u0643\u0645 \u062a\u062c\u0631\u0628\u0629 \u0641\u0627\u062e\u0631\u0629 \u0641\u064a \u0623\u062c\u0648\u0627\u0621 \u0647\u0627\u062f\u0626\u0629 \u0648\u062e\u0627\u0635\u0629\u060c \u062d\u064a\u062b \u062a\u0644\u062a\u0642\u064a \u0627\u0644\u0644\u0645\u0633\u0627\u062a \u0627\u0644\u0639\u0644\u0627\u062c\u064a\u0629 \u0628\u062e\u0628\u0631\u0629 \u0627\u0644\u0645\u0639\u0627\u0644\u062c\u064a\u0646 \u0645\u0639 \u0631\u0648\u0639\u0629 \u0627\u0644\u062a\u0631\u0627\u062b \u0627\u0644\u062d\u0631\u0627\u0631\u064a \u0644\u0645\u062f\u064a\u0646\u0629 \u0628\u0648\u0631\u0635\u0629 \u0648\u0641\u062e\u0627\u0645\u0629 Sia Hotel. \u0647\u0630\u0647 \u0644\u064a\u0633\u062a \u0645\u062c\u0631\u062f \u062c\u0644\u0633\u0629 \u0633\u0628\u0627\u060c \u0628\u0644 \u0647\u064a \u0630\u0643\u0631\u0649 \u062e\u0627\u0644\u062f\u0629 \u0633\u062a\u0628\u0642\u0649 \u0645\u0639\u0643\u0645 \u0637\u0648\u064a\u0644\u064b\u0627.<\/p><p dir=\"rtl\" class=\"p1\">\u0644\u0644\u0645\u0632\u064a\u062f \u0645\u0646 \u0627\u0644\u0645\u0639\u0644\u0648\u0645\u0627\u062a\u060c \u064a\u0631\u062c\u0649 \u0627\u0644\u0627\u062a\u0635\u0627\u0644 \u0628\u0646\u0627.<\/p>\t\t\t\t\t\t\t\t<\/div>\n\t\t\t\t\t<\/div>\n\t\t\t\t<\/div>\n\t\t<div class=\"elementor-element elementor-element-79d0d898 e-flex e-con-boxed tm-col-stretched-none tm-bg-color-over-image e-con e-parent\" data-id=\"79d0d898\" data-element_type=\"container\">\n\t\t\t\t\t<div class=\"e-con-inner\">\n\t\t\t\t<div class=\"elementor-element elementor-element-781b0cd3 elementor-widget elementor-widget-spacer\" data-id=\"781b0cd3\" data-element_type=\"widget\" data-widget_type=\"spacer.default\">\n\t\t\t\t\t\t\t<div class=\"elementor-spacer\">\n\t\t\t<div class=\"elementor-spacer-inner\"><\/div>\n\t\t<\/div>\n\t\t\t\t\t\t<\/div>\n\t\t\t\t\t<\/div>\n\t\t\t\t<\/div>\n\t\t<div class=\"elementor-element elementor-element-1878e9a e-flex e-con-boxed tm-col-stretched-none tm-bg-color-over-image e-con e-parent\" data-id=\"1878e9a\" data-element_type=\"container\" data-settings=\"{&quot;background_background&quot;:&quot;classic&quot;}\">\n\t\t\t\t\t<div class=\"e-con-inner\">\n\t\t<div class=\"elementor-element elementor-element-5dbadeb0 e-con-full e-flex tm-col-stretched-none tm-bg-color-over-image e-con e-child\" data-id=\"5dbadeb0\" data-element_type=\"container\">\n\t\t\t\t<div class=\"elementor-element elementor-element-648e3bbc elementor-widget elementor-widget-heading\" data-id=\"648e3bbc\" data-element_type=\"widget\" data-widget_type=\"heading.default\">\n\t\t\t\t\t<h3 class=\"elementor-heading-title elementor-size-default\"><a href=\"tel:+902243240202\"><u>\u0644\u0644\u0645\u0632\u064a\u062f \u0645\u0646 \u0627\u0644\u0645\u0639\u0644\u0648\u0645\u0627\u062a\u060c \u064a\u0631\u062c\u0649 \u0627\u0644\u0627\u062a\u0635\u0627\u0644 \u0628\u0646\u0627<\/u><\/a><\/h3>\t\t\t\t<\/div>\n\t\t\t\t<div class=\"elementor-element elementor-element-30573d28 elementor-widget elementor-widget-tm-ele-social-links\" data-id=\"30573d28\" data-element_type=\"widget\" data-widget_type=\"tm-ele-social-links.default\">\n\t\t\t\t<div class=\"elementor-widget-container\">\n\t\t\t\t\t<ul class=\"tm-sc-social-links links-outlined\">\r\n\r\n\t\t\t<li><a class=\"social-link\" aria-label=\"Social Link\" href=\"https:\/\/www.facebook.com\/siahotelthermalspa\" target=\"_self\"><i class=\"fa fa-facebook\"><\/i><\/a><\/li>\r\n\t\t\r\n\t\t<li><a class=\"social-link\" aria-label=\"Social Link\" href=\"https:\/\/www.linkedin.com\/company\/sia-hotel-thermal-spa\/\" target=\"_self\"><i class=\"fa fa-linkedin\"><\/i><\/a><\/li>\r\n\t\t\t<li><a class=\"social-link\" aria-label=\"Social Link\" href=\"https:\/\/www.instagram.com\/siahotelthermalspa\" target=\"_self\"><i class=\"fa fa-instagram\"><\/i><\/a><\/li>\r\n\t\t\r\n\t\t\t<\/ul>\t\t\t\t<\/div>\n\t\t\t\t<\/div>\n\t\t\t\t<\/div>\n\t\t\t\t\t<\/div>\n\t\t\t\t<\/div>\n\t\t<div class=\"elementor-element elementor-element-3732177e e-flex e-con-boxed tm-col-stretched-none tm-bg-color-over-image e-con e-parent\" data-id=\"3732177e\" data-element_type=\"container\">\n\t\t\t\t\t<div class=\"e-con-inner\">\n\t\t\t\t<div class=\"elementor-element elementor-element-302bb47c elementor-widget elementor-widget-spacer\" data-id=\"302bb47c\" data-element_type=\"widget\" data-widget_type=\"spacer.default\">\n\t\t\t\t\t\t\t<div class=\"elementor-spacer\">\n\t\t\t<div class=\"elementor-spacer-inner\"><\/div>\n\t\t<\/div>\n\t\t\t\t\t\t<\/div>\n\t\t\t\t\t<\/div>\n\t\t\t\t<\/div>\n\t\t<div class=\"elementor-element elementor-element-38c59fb1 e-flex e-con-boxed tm-col-stretched-none tm-bg-color-over-image e-con e-parent\" data-id=\"38c59fb1\" data-element_type=\"container\">\n\t\t\t\t\t<div class=\"e-con-inner\">\n\t\t<div class=\"elementor-element elementor-element-5057dc40 e-con-full e-flex tm-col-stretched-none tm-bg-color-over-image e-con e-child\" data-id=\"5057dc40\" data-element_type=\"container\">\n\t\t<div class=\"elementor-element elementor-element-38f07863 e-con-full tm-col-stretched-none e-flex tm-bg-color-over-image e-con e-child\" data-id=\"38f07863\" data-element_type=\"container\">\n\t\t\t\t<div class=\"elementor-element elementor-element-53cbd880 elementor-widget elementor-widget-shortcode\" data-id=\"53cbd880\" data-element_type=\"widget\" data-widget_type=\"shortcode.default\">\n\t\t\t\t\t\t\t<div class=\"elementor-shortcode\">\t\t<div id=\"sbi_mod_error\" >\n\t\t\t<span>Bu hata mesaj\u0131n\u0131 yaln\u0131zca WordPress y\u00f6neticileri g\u00f6rebilir<\/span><br\/>\n\t\t\t<p><strong>Hata: 1 kimli\u011fine sahip hi\u00e7bir ak\u0131\u015f bulunamad\u0131.<\/strong>\n\t\t\t<p>Bir ak\u0131\u015f olu\u015fturmak i\u00e7in l\u00fctfen Instagram Ak\u0131\u015f\u0131 ayarlar sayfas\u0131na gidin.<\/p>\n\t\t<\/div>\n\t\t<\/div>\n\t\t\t\t\t\t<\/div>\n\t\t\t\t<\/div>\n\t\t\t\t<\/div>\n\t\t\t\t\t<\/div>\n\t\t\t\t<\/div>\n\t\t\t\t<\/div>\n\t\t","protected":false},"excerpt":{"rendered":"<p>SERENITY \u0628\u0627\u0642\u0629 \u0627\u0644\u0645\u062a\u0639\u0629 \u0627\u0644\u062d\u0631\u0627\u0631\u064a\u0629 \u0627\u0644\u0639\u0627\u0626\u0644\u064a\u0629 \u0628\u0627\u0642\u0629 \u0627\u0644\u0645\u062a\u0639\u0629 \u0627\u0644\u062d\u0631\u0627\u0631\u064a\u0629 \u0627\u0644\u0639\u0627\u0626\u0644\u064a\u0629: \u0647\u0631\u0648\u0628 \u0631\u0648\u0645\u0627\u0646\u0633\u064a \u0648\u062a\u062c\u0631\u0628\u0629 \u0634\u0641\u0627\u0621 \u0641\u0631\u064a\u062f\u0629 \u0645\u0639 \u0623\u062d\u0628\u0627\u0626\u0643\u0645 \u0647\u0644 \u062a\u0631\u063a\u0628\u0648\u0646 \u0641\u064a \u0623\u062e\u0630&#8230;<\/p>\n","protected":false},"author":1,"featured_media":0,"parent":0,"menu_order":0,"comment_status":"closed","ping_status":"closed","template":"","meta":{"_monsterinsights_skip_tracking":false,"_monsterinsights_sitenote_active":false,"_monsterinsights_sitenote_note":"","_monsterinsights_sitenote_category":0,"footnotes":""},"class_list":["post-15687","page","type-page","status-publish","hentry"],"aioseo_notices":[],"_links":{"self":[{"href":"https:\/\/www.siahotel.com.tr\/ar\/wp-json\/wp\/v2\/pages\/15687","targetHints":{"allow":["GET"]}}],"collection":[{"href":"https:\/\/www.siahotel.com.tr\/ar\/wp-json\/wp\/v2\/pages"}],"about":[{"href":"https:\/\/www.siahotel.com.tr\/ar\/wp-json\/wp\/v2\/types\/page"}],"author":[{"embeddable":true,"href":"https:\/\/www.siahotel.com.tr\/ar\/wp-json\/wp\/v2\/users\/1"}],"replies":[{"embeddable":true,"href":"https:\/\/www.siahotel.com.tr\/ar\/wp-json\/wp\/v2\/comments?post=15687"}],"version-history":[{"count":13,"href":"https:\/\/www.siahotel.com.tr\/ar\/wp-json\/wp\/v2\/pages\/15687\/revisions"}],"predecessor-version":[{"id":18217,"href":"https:\/\/www.siahotel.com.tr\/ar\/wp-json\/wp\/v2\/pages\/15687\/revisions\/18217"}],"wp:attachment":[{"href":"https:\/\/www.siahotel.com.tr\/ar\/wp-json\/wp\/v2\/media?parent=15687"}],"curies":[{"name":"wp","href":"https:\/\/api.w.org\/{rel}","templated":true}]}}