{"id":15682,"date":"2025-08-04T21:21:13","date_gmt":"2025-08-04T21:21:13","guid":{"rendered":"https:\/\/www.siahotel.com.tr\/ar\/?page_id=15682"},"modified":"2025-08-26T15:26:55","modified_gmt":"2025-08-26T15:26:55","slug":"sia-guzellik-paketi","status":"publish","type":"page","link":"https:\/\/www.siahotel.com.tr\/ar\/sia-guzellik-paketi\/","title":{"rendered":"Sia G\u00fczellik Paketi"},"content":{"rendered":"\t\t<div data-elementor-type=\"wp-page\" data-elementor-id=\"15682\" class=\"elementor elementor-15682\">\n\t\t\t\t<div class=\"elementor-element elementor-element-2f9b9f87 e-flex e-con-boxed tm-col-stretched-none tm-bg-color-over-image e-con e-parent\" data-id=\"2f9b9f87\" data-element_type=\"container\" data-settings=\"{&quot;background_background&quot;:&quot;classic&quot;}\">\n\t\t\t\t\t<div class=\"e-con-inner\">\n\t\t<div class=\"elementor-element elementor-element-2757a5d0 tm-col-stretched-none e-con-full e-flex tm-bg-color-over-image e-con e-child\" data-id=\"2757a5d0\" data-element_type=\"container\">\n\t\t\t\t<div class=\"elementor-element elementor-element-29b3e360 horizontal-line-align-left vertical-line-align-bottom elementor-widget elementor-widget-tm-ele-section-title\" data-id=\"29b3e360\" data-element_type=\"widget\" data-widget_type=\"tm-ele-section-title.default\">\n\t\t\t\t<div class=\"elementor-widget-container\">\n\t\t\t\t\t<div class=\"tm-sc-section-title section-title line-both-side-current-theme \">\r\n\t<div class=\"title-wrapper\">\r\n\t\t\t\t\r\n\r\n<div class=\"sub-title-outer\">\r\n\t\t<div class=\"subtitle \">\r\n\r\n\t\t\r\n\t\tSEREN\u0130TY\t<\/div>\r\n\t<\/div>\t\t\t<h2 class=\"title \">\r\n\r\n\t\t\r\n\t\t\t\t<span class=\"title-part1 \">\u0628\u0627\u0642\u0629 \u062c\u0645\u0627\u0644 Sia<\/span>\r\n\t\t\t\t\r\n\t\t\r\n\t<\/h2>\r\n\t<div class=\"title-seperator-line\"><\/div>\t\t\t\t\t\t<\/div>\r\n<\/div>\t\t\t\t<\/div>\n\t\t\t\t<\/div>\n\t\t\t\t<div class=\"elementor-element elementor-element-23a5a021 elementor-widget-divider--view-line elementor-widget elementor-widget-divider\" data-id=\"23a5a021\" data-element_type=\"widget\" data-widget_type=\"divider.default\">\n\t\t\t\t\t\t\t<div class=\"elementor-divider\">\n\t\t\t<span class=\"elementor-divider-separator\">\n\t\t\t\t\t\t<\/span>\n\t\t<\/div>\n\t\t\t\t\t\t<\/div>\n\t\t\t\t<\/div>\n\t\t\t\t\t<\/div>\n\t\t\t\t<\/div>\n\t\t<div class=\"elementor-element elementor-element-481a0507 e-flex e-con-boxed tm-col-stretched-none tm-bg-color-over-image e-con e-parent\" data-id=\"481a0507\" data-element_type=\"container\">\n\t\t\t\t\t<div class=\"e-con-inner\">\n\t\t\t\t<div class=\"elementor-element elementor-element-5bd71e18 elementor-widget elementor-widget-text-editor\" data-id=\"5bd71e18\" data-element_type=\"widget\" data-widget_type=\"text-editor.default\">\n\t\t\t\t\t\t\t\t\t<p class=\"p1\"><span class=\"s1\"><\/span><\/p><h3 dir=\"rtl\" class=\"p1\" style=\"text-align: right;\">\u0628\u0627\u0642\u0629 \u062c\u0645\u0627\u0644 Sia: \u0639\u0646\u0627\u064a\u0629 \u0634\u0627\u0645\u0644\u0629 \u0644\u0644\u062c\u0633\u0645 \u0648\u0627\u0644\u0639\u0642\u0644 \u062a\u062a\u062c\u0627\u0648\u0632 \u0627\u0644\u062c\u0645\u0627\u0644 \u0627\u0644\u062e\u0627\u0631\u062c\u064a<\/h3><p dir=\"rtl\" class=\"p1\" style=\"text-align: right;\">\u0627\u0644\u062c\u0645\u0627\u0644 \u0644\u064a\u0633 \u0645\u062c\u0631\u062f \u0645\u0638\u0647\u0631 \u062e\u0627\u0631\u062c\u064a\u061b \u0628\u0644 \u064a\u0643\u062a\u0645\u0644 \u0639\u0646\u062f\u0645\u0627 \u064a\u0646\u062f\u0645\u062c \u0627\u0644\u062c\u0633\u062f \u0627\u0644\u0635\u062d\u064a \u0645\u0639 \u0627\u0644\u0639\u0642\u0644 \u0627\u0644\u0645\u062a\u0648\u0627\u0632\u0646 \u0648\u0627\u0644\u0631\u0648\u062d \u0627\u0644\u0645\u062a\u062c\u062f\u062f\u0629. \u0628\u0627\u0642\u0629 \u062c\u0645\u0627\u0644 <span class=\"s1\"><b>Sia Hotel Serenity Thermal, SPA &amp; Wellness<\/b><\/span> \u062a\u0645 \u062a\u0635\u0645\u064a\u0645\u0647\u0627 \u0648\u0641\u0642 \u0647\u0630\u0627 \u0627\u0644\u0645\u0641\u0647\u0648\u0645 \u0627\u0644\u0634\u0645\u0648\u0644\u064a \u0644\u062a\u0645\u0646\u062d\u0643 \u0625\u0634\u0631\u0627\u0642\u0629 \u0645\u0646 \u0627\u0644\u062f\u0627\u062e\u0644 \u0648\u0627\u0644\u062e\u0627\u0631\u062c \u0641\u064a \u0622\u0646 \u0648\u0627\u062d\u062f.<\/p><p dir=\"rtl\" class=\"p1\" style=\"text-align: right;\">\u062a\u0628\u062f\u0623 \u0647\u0630\u0647 \u0627\u0644\u0631\u062d\u0644\u0629 \u0627\u0644\u0645\u0645\u064a\u0632\u0629 \u0628\u0627\u0633\u062a\u062e\u062f\u0627\u0645 \u0627\u0644\u0645\u0631\u0627\u0641\u0642 \u0627\u0644\u062d\u0631\u0627\u0631\u064a\u0629 \u0627\u0644\u062a\u064a \u062a\u0639\u0645\u0644 \u0639\u0644\u0649 \u062a\u0646\u0638\u064a\u0641 \u0627\u0644\u062c\u0633\u0645 \u0648\u0627\u0644\u0627\u0633\u062a\u0631\u062e\u0627\u0621 \u0627\u0644\u0639\u0645\u064a\u0642. \u0645\u0646 \u062e\u0644\u0627\u0644 \u0623\u062d\u0648\u0627\u0636 \u0627\u0644\u0645\u064a\u0627\u0647 \u0627\u0644\u062d\u0631\u0627\u0631\u064a\u0629\u060c \u0627\u0644\u062c\u0627\u0643\u0648\u0632\u064a\u060c \u0627\u0644\u062d\u0645\u0627\u0645 \u0627\u0644\u062a\u0631\u0643\u064a\u060c \u0627\u0644\u0633\u0627\u0648\u0646\u0627\u060c \u063a\u0631\u0641\u0629 \u0627\u0644\u0628\u062e\u0627\u0631 \u0648\u0634\u0644\u0627\u0644 \u0627\u0644\u062b\u0644\u062c\u060c \u062a\u064f\u0641\u062a\u062d \u0645\u0633\u0627\u0645\u0627\u062a \u0628\u0634\u0631\u062a\u0643\u060c \u0648\u064a\u0632\u062f\u0627\u062f \u062a\u062f\u0641\u0642 \u0627\u0644\u062f\u0645\u060c \u0648\u062a\u064f\u0637\u0631\u062f \u0627\u0644\u0633\u0645\u0648\u0645 \u0628\u0634\u0643\u0644 \u0637\u0628\u064a\u0639\u064a. \u0647\u0630\u0647 \u0627\u0644\u0645\u0631\u062d\u0644\u0629 \u0627\u0644\u062a\u0645\u0647\u064a\u062f\u064a\u0629 \u0644\u0627 \u062a\u064f\u0647\u064a\u0626 \u0628\u0634\u0631\u062a\u0643 \u0641\u0642\u0637 \u0644\u0644\u0639\u0646\u0627\u064a\u0629 \u0627\u0644\u0644\u0627\u062d\u0642\u0629\u060c \u0628\u0644 \u062a\u0645\u0646\u062d\u0643 \u0623\u064a\u0636\u064b\u0627 \u0631\u0627\u062d\u0629 \u0630\u0647\u0646\u064a\u0629 \u0639\u0645\u064a\u0642\u0629.<\/p><p dir=\"rtl\" class=\"p1\" style=\"text-align: right;\">\u0645\u0639 <span class=\"s1\"><b>\u0628\u0627\u0642\u0629 Sia \u0627\u0644\u0635\u062d\u064a\u0629<\/b><\/span> \u0646\u0631\u0643\u0632 \u0639\u0644\u0649 \u0623\u0633\u0627\u0633\u064a\u0627\u062a \u062c\u0645\u0627\u0644\u0643 \u0645\u0646 \u0627\u0644\u062f\u0627\u062e\u0644. \u062d\u064a\u062b \u064a\u0642\u0648\u0645 \u062e\u0628\u0631\u0627\u0624\u0646\u0627 \u0628\u062a\u0642\u064a\u064a\u0645 \u0628\u064a\u0627\u0646\u0627\u062a\u0643 \u0627\u0644\u0635\u062d\u064a\u0629 \u0627\u0644\u0623\u0633\u0627\u0633\u064a\u0629 \u0645\u062b\u0644 \u0642\u064a\u0627\u0633 \u0646\u0633\u0628\u0629 \u0627\u0644\u0633\u0643\u0631 \u0641\u064a \u0627\u0644\u062f\u0645\u060c \u0636\u063a\u0637 \u0627\u0644\u062f\u0645 \u0648\u0645\u0633\u062a\u0648\u0649 \u0627\u0644\u0623\u0643\u0633\u062c\u064a\u0646\u060c \u0648\u0630\u0644\u0643 \u0644\u062a\u062e\u0635\u064a\u0635 \u0628\u0631\u0646\u0627\u0645\u062c \u0639\u0646\u0627\u064a\u0629 \u064a\u0646\u0627\u0633\u0628 \u0627\u062d\u062a\u064a\u0627\u062c\u0627\u062a\u0643 \u0627\u0644\u0641\u0631\u062f\u064a\u0629. \u0648\u0628\u0647\u0630\u0647 \u0627\u0644\u0637\u0631\u064a\u0642\u0629\u060c \u062a\u062d\u0635\u0644\u064a\u0646 \u0639\u0644\u0649 \u062c\u0645\u0627\u0644 \u0642\u0627\u0626\u0645 \u0639\u0644\u0649 \u0627\u0644\u0635\u062d\u0629 \u0644\u0627 \u064a\u0642\u062a\u0635\u0631 \u0639\u0644\u0649 \u0627\u0644\u0645\u0638\u0647\u0631 \u0627\u0644\u062e\u0627\u0631\u062c\u064a.<\/p><p dir=\"rtl\" class=\"p1\" style=\"text-align: right;\">\u062a\u062a\u0639\u0645\u0642 \u0631\u062d\u0644\u0629 \u0627\u0644\u0639\u0646\u0627\u064a\u0629 \u0645\u0639 <span class=\"s1\"><b>20 \u062f\u0642\u064a\u0642\u0629 \u0645\u0646 \u062d\u0648\u0636 \u0627\u0644\u062a\u062f\u0644\u064a\u0643 \u0627\u0644\u0645\u0627\u0626\u064a<\/b><\/span> \u0627\u0644\u0630\u064a \u064a\u062c\u0645\u0639\u0643 \u0628\u062e\u0641\u0629 \u0627\u0644\u0645\u0627\u0621 \u0644\u064a\u064f\u0631\u062e\u064a \u0639\u0636\u0644\u0627\u062a\u0643\u060c \u064a\u062f\u0639\u0645 \u0627\u0644\u062f\u0648\u0631\u0629 \u0627\u0644\u062f\u0645\u0648\u064a\u0629 \u0648\u064a\u0633\u0627\u0639\u062f \u0641\u064a \u0627\u0644\u062a\u062e\u0644\u0635 \u0645\u0646 \u0627\u0644\u0633\u0648\u0627\u0626\u0644 \u0627\u0644\u0632\u0627\u0626\u062f\u0629. \u0628\u0639\u062f \u0630\u0644\u0643\u060c \u062a\u0645\u0646\u062d\u0643 <span class=\"s1\"><b>20 \u062f\u0642\u064a\u0642\u0629 \u0641\u064a \u063a\u0631\u0641\u0629 \u0627\u0644\u0645\u0644\u062d<\/b><\/span> \u0641\u0648\u0627\u0626\u062f \u0637\u0628\u064a\u0639\u064a\u0629 \u0644\u062a\u0639\u0632\u064a\u0632 \u0635\u062d\u0629 \u0628\u0634\u0631\u062a\u0643 \u0648\u062a\u0646\u0642\u064a\u0629 \u0645\u062c\u0627\u0631\u064a \u0627\u0644\u062a\u0646\u0641\u0633 \u0628\u0641\u0636\u0644 \u0627\u0644\u062e\u0635\u0627\u0626\u0635 \u0627\u0644\u0645\u0636\u0627\u062f\u0629 \u0644\u0644\u0628\u0643\u062a\u064a\u0631\u064a\u0627 \u0644\u0628\u0644\u0648\u0631\u0627\u062a \u0627\u0644\u0645\u0644\u062d \u0627\u0644\u0637\u0628\u064a\u0639\u064a.<\/p><p dir=\"rtl\" class=\"p1\" style=\"text-align: right;\">\u0648\u064a\u0623\u062a\u064a \u062e\u062a\u0627\u0645 \u0627\u0644\u0631\u062d\u0644\u0629 \u0645\u0639 <span class=\"s1\"><b>\u062a\u062f\u0644\u064a\u0643 \u0643\u0627\u0645\u0644 \u0644\u0644\u062c\u0633\u0645 \u0644\u0645\u062f\u0629 45 \u062f\u0642\u064a\u0642\u0629 \u0628\u0627\u0633\u062a\u062e\u062f\u0627\u0645 \u0632\u064a\u0648\u062a \u0639\u0637\u0631\u064a\u0629 \u0641\u0627\u062e\u0631\u0629<\/b><\/span>. \u062d\u064a\u062b \u062a\u0639\u0645\u0644 \u0627\u0644\u0632\u064a\u0648\u062a \u0627\u0644\u0645\u062e\u062a\u0627\u0631\u0629 \u0628\u0639\u0646\u0627\u064a\u0629 \u0639\u0644\u0649 \u062a\u0646\u0634\u064a\u0637 \u0623\u0646\u0633\u062c\u0629 \u0627\u0644\u0628\u0634\u0631\u0629\u060c \u0628\u064a\u0646\u0645\u0627 \u062a\u0633\u0627\u0639\u062f \u062a\u0642\u0646\u064a\u0627\u062a \u0627\u0644\u062a\u062f\u0644\u064a\u0643 \u0627\u0644\u0627\u062d\u062a\u0631\u0627\u0641\u064a\u0629 \u0639\u0644\u0649 \u062a\u0647\u062f\u0626\u0629 \u0627\u0644\u062c\u0647\u0627\u0632 \u0627\u0644\u0639\u0635\u0628\u064a. \u0625\u0646 \u0645\u0632\u064a\u062c \u0627\u0644\u062a\u062f\u0644\u064a\u0643 \u0645\u0639 \u0627\u0644\u0639\u0644\u0627\u062c \u0627\u0644\u0639\u0637\u0631\u064a \u064a\u0645\u0646\u062d \u062c\u0633\u062f\u0643 \u0634\u0639\u0648\u0631\u064b\u0627 \u0628\u0627\u0644\u0627\u0646\u062a\u0639\u0627\u0634 \u0648\u0627\u0644\u062a\u062c\u062f\u062f \u0627\u0644\u0643\u0627\u0645\u0644.<\/p><h3 style=\"text-align: right;\"><b>\u0644\u0645\u0646 \u062a\u0646\u0627\u0633\u0628 \u0647\u0630\u0647 \u0627\u0644\u0628\u0627\u0642\u0629\u061f<\/b><\/h3><p dir=\"rtl\" class=\"p1\" style=\"text-align: right;\">\u0647\u0630\u0647 \u0627\u0644\u0628\u0627\u0642\u0629 \u0645\u062b\u0627\u0644\u064a\u0629 \u0644\u0643\u0644 \u0645\u0646 \u064a\u0647\u062a\u0645 \u0628\u062c\u0645\u0627\u0644\u0647\u060c \u0648\u064a\u0631\u063a\u0628 \u0641\u064a \u0627\u0633\u062a\u0639\u0627\u062f\u0629 \u0637\u0627\u0642\u062a\u0647 \u0648\u062a\u062c\u062f\u064a\u062f \u062d\u064a\u0648\u064a\u062a\u0647\u060c \u0648\u0644\u0645\u0646 \u064a\u0628\u062d\u062b \u0639\u0646 \u0639\u0646\u0627\u064a\u0629 \u0634\u0627\u0645\u0644\u0629 \u062a\u062a\u062c\u0627\u0648\u0632 \u0627\u0644\u0639\u0646\u0627\u064a\u0629 \u0627\u0644\u0633\u0637\u062d\u064a\u0629 \u0628\u0627\u0644\u0628\u0634\u0631\u0629. \u0643\u0645\u0627 \u064a\u064f\u0648\u0635\u0649 \u0628\u0647\u0627 \u0644\u0644\u0623\u0634\u062e\u0627\u0635 \u0627\u0644\u0630\u064a\u0646 \u064a\u0639\u0627\u0646\u0648\u0646 \u0645\u0646 \u0627\u0644\u062a\u0639\u0628\u060c \u062c\u0641\u0627\u0641 \u0627\u0644\u0628\u0634\u0631\u0629\u060c \u0627\u0644\u062a\u0648\u062a\u0631 \u0623\u0648 \u0627\u0644\u0631\u0627\u063a\u0628\u064a\u0646 \u0641\u064a \u062e\u0648\u0636 \u0631\u062d\u0644\u0629 \u062a\u062d\u0648\u0644 \u0646\u062d\u0648 \u0623\u0633\u0644\u0648\u0628 \u062d\u064a\u0627\u0629 \u0635\u062d\u064a.<\/p><h3 style=\"text-align: right;\"><b>\u0644\u0645\u0627\u0630\u0627 Sia Hotel Serenity\u061f<\/b><\/h3><p dir=\"rtl\" class=\"p1\" style=\"text-align: right;\">\u0644\u0623\u0646 \u0627\u0644\u062c\u0645\u0627\u0644 \u0647\u0646\u0627 \u0644\u064a\u0633 \u0645\u0642\u064a\u0627\u0633\u064b\u0627 \u064a\u064f\u0642\u0627\u0633\u060c \u0628\u0644 \u062a\u062c\u0631\u0628\u0629 \u062a\u0639\u064a\u0634\u0647\u0627 \u0628\u0643\u0627\u0645\u0644 \u062a\u0641\u0627\u0635\u064a\u0644\u0647\u0627. \u0645\u0646 \u062e\u0644\u0627\u0644 \u062f\u0645\u062c \u0627\u0644\u0625\u0631\u062b \u0627\u0644\u062d\u0631\u0627\u0631\u064a \u0627\u0644\u0639\u0631\u064a\u0642 \u0645\u0639 \u0623\u062d\u062f\u062b \u062a\u0642\u0646\u064a\u0627\u062a \u0627\u0644\u0639\u0646\u0627\u064a\u0629 \u0648\u0623\u064a\u062f\u064a \u0627\u0644\u0645\u0639\u0627\u0644\u062c\u064a\u0646 \u0627\u0644\u0645\u062d\u062a\u0631\u0641\u064a\u0646\u060c \u0646\u0646\u0642\u0644\u0643 \u0641\u064a <span class=\"s1\"><b>\u0631\u062d\u0644\u0629 \u0634\u0641\u0627\u0621 \u062f\u0627\u062e\u0644\u064a\u0629<\/b><\/span> \u062a\u064f\u0639\u064a\u062f \u0627\u0644\u062a\u0648\u0627\u0632\u0646 \u0628\u064a\u0646 \u062c\u0633\u062f\u0643 \u0648\u0631\u0648\u062d\u0643.<\/p>\t\t\t\t\t\t\t\t<\/div>\n\t\t\t\t\t<\/div>\n\t\t\t\t<\/div>\n\t\t<div class=\"elementor-element elementor-element-4ceb6c07 e-flex e-con-boxed tm-col-stretched-none tm-bg-color-over-image e-con e-parent\" data-id=\"4ceb6c07\" data-element_type=\"container\">\n\t\t\t\t\t<div class=\"e-con-inner\">\n\t\t\t\t<div class=\"elementor-element elementor-element-24162073 elementor-widget elementor-widget-spacer\" data-id=\"24162073\" data-element_type=\"widget\" data-widget_type=\"spacer.default\">\n\t\t\t\t\t\t\t<div class=\"elementor-spacer\">\n\t\t\t<div class=\"elementor-spacer-inner\"><\/div>\n\t\t<\/div>\n\t\t\t\t\t\t<\/div>\n\t\t\t\t\t<\/div>\n\t\t\t\t<\/div>\n\t\t<div class=\"elementor-element elementor-element-23b86ec1 e-flex e-con-boxed tm-col-stretched-none tm-bg-color-over-image e-con e-parent\" data-id=\"23b86ec1\" data-element_type=\"container\" data-settings=\"{&quot;background_background&quot;:&quot;classic&quot;}\">\n\t\t\t\t\t<div class=\"e-con-inner\">\n\t\t<div class=\"elementor-element elementor-element-55618794 e-con-full e-flex tm-col-stretched-none tm-bg-color-over-image e-con e-child\" data-id=\"55618794\" data-element_type=\"container\">\n\t\t\t\t<div class=\"elementor-element elementor-element-45f8a58e elementor-widget elementor-widget-heading\" data-id=\"45f8a58e\" data-element_type=\"widget\" data-widget_type=\"heading.default\">\n\t\t\t\t\t<h3 class=\"elementor-heading-title elementor-size-default\"><a href=\"tel:+902243240202\"><u>\u0644\u0644\u0645\u0632\u064a\u062f \u0645\u0646 \u0627\u0644\u0645\u0639\u0644\u0648\u0645\u0627\u062a\u060c \u064a\u0631\u062c\u0649 \u0627\u0644\u0627\u062a\u0635\u0627\u0644 \u0628\u0646\u0627<\/u><\/a><\/h3>\t\t\t\t<\/div>\n\t\t\t\t<div class=\"elementor-element elementor-element-37f15050 elementor-widget elementor-widget-tm-ele-social-links\" data-id=\"37f15050\" data-element_type=\"widget\" data-widget_type=\"tm-ele-social-links.default\">\n\t\t\t\t<div class=\"elementor-widget-container\">\n\t\t\t\t\t<ul class=\"tm-sc-social-links links-outlined\">\r\n\r\n\t\t\t<li><a class=\"social-link\" aria-label=\"Social Link\" href=\"https:\/\/www.facebook.com\/siahotelthermalspa\" target=\"_self\"><i class=\"fa fa-facebook\"><\/i><\/a><\/li>\r\n\t\t\r\n\t\t<li><a class=\"social-link\" aria-label=\"Social Link\" href=\"https:\/\/www.linkedin.com\/company\/sia-hotel-thermal-spa\/\" target=\"_self\"><i class=\"fa fa-linkedin\"><\/i><\/a><\/li>\r\n\t\t\t<li><a class=\"social-link\" aria-label=\"Social Link\" href=\"https:\/\/www.instagram.com\/siahotelthermalspa\" target=\"_self\"><i class=\"fa fa-instagram\"><\/i><\/a><\/li>\r\n\t\t\r\n\t\t\t<\/ul>\t\t\t\t<\/div>\n\t\t\t\t<\/div>\n\t\t\t\t<\/div>\n\t\t\t\t\t<\/div>\n\t\t\t\t<\/div>\n\t\t<div class=\"elementor-element elementor-element-a7e7c88 e-flex e-con-boxed tm-col-stretched-none tm-bg-color-over-image e-con e-parent\" data-id=\"a7e7c88\" data-element_type=\"container\">\n\t\t\t\t\t<div class=\"e-con-inner\">\n\t\t\t\t<div class=\"elementor-element elementor-element-69626aa8 elementor-widget elementor-widget-spacer\" data-id=\"69626aa8\" data-element_type=\"widget\" data-widget_type=\"spacer.default\">\n\t\t\t\t\t\t\t<div class=\"elementor-spacer\">\n\t\t\t<div class=\"elementor-spacer-inner\"><\/div>\n\t\t<\/div>\n\t\t\t\t\t\t<\/div>\n\t\t\t\t\t<\/div>\n\t\t\t\t<\/div>\n\t\t<div class=\"elementor-element elementor-element-1e665d07 e-flex e-con-boxed tm-col-stretched-none tm-bg-color-over-image e-con e-parent\" data-id=\"1e665d07\" data-element_type=\"container\">\n\t\t\t\t\t<div class=\"e-con-inner\">\n\t\t<div class=\"elementor-element elementor-element-e4fe756 e-con-full e-flex tm-col-stretched-none tm-bg-color-over-image e-con e-child\" data-id=\"e4fe756\" data-element_type=\"container\">\n\t\t<div class=\"elementor-element elementor-element-eec9559 e-con-full tm-col-stretched-none e-flex tm-bg-color-over-image e-con e-child\" data-id=\"eec9559\" data-element_type=\"container\">\n\t\t\t\t<div class=\"elementor-element elementor-element-218494a2 elementor-widget elementor-widget-shortcode\" data-id=\"218494a2\" data-element_type=\"widget\" data-widget_type=\"shortcode.default\">\n\t\t\t\t\t\t\t<div class=\"elementor-shortcode\">\t\t<div id=\"sbi_mod_error\" >\n\t\t\t<span>Bu hata mesaj\u0131n\u0131 yaln\u0131zca WordPress y\u00f6neticileri g\u00f6rebilir<\/span><br\/>\n\t\t\t<p><strong>Hata: 1 kimli\u011fine sahip hi\u00e7bir ak\u0131\u015f bulunamad\u0131.<\/strong>\n\t\t\t<p>Bir ak\u0131\u015f olu\u015fturmak i\u00e7in l\u00fctfen Instagram Ak\u0131\u015f\u0131 ayarlar sayfas\u0131na gidin.<\/p>\n\t\t<\/div>\n\t\t<\/div>\n\t\t\t\t\t\t<\/div>\n\t\t\t\t<\/div>\n\t\t\t\t<\/div>\n\t\t\t\t\t<\/div>\n\t\t\t\t<\/div>\n\t\t\t\t<\/div>\n\t\t","protected":false},"excerpt":{"rendered":"<p>SEREN\u0130TY \u0628\u0627\u0642\u0629 \u062c\u0645\u0627\u0644 Sia \u0628\u0627\u0642\u0629 \u062c\u0645\u0627\u0644 Sia: \u0639\u0646\u0627\u064a\u0629 \u0634\u0627\u0645\u0644\u0629 \u0644\u0644\u062c\u0633\u0645 \u0648\u0627\u0644\u0639\u0642\u0644 \u062a\u062a\u062c\u0627\u0648\u0632 \u0627\u0644\u062c\u0645\u0627\u0644 \u0627\u0644\u062e\u0627\u0631\u062c\u064a \u0627\u0644\u062c\u0645\u0627\u0644 \u0644\u064a\u0633 \u0645\u062c\u0631\u062f \u0645\u0638\u0647\u0631 \u062e\u0627\u0631\u062c\u064a\u061b \u0628\u0644&#8230;<\/p>\n","protected":false},"author":1,"featured_media":0,"parent":0,"menu_order":0,"comment_status":"closed","ping_status":"closed","template":"","meta":{"_monsterinsights_skip_tracking":false,"_monsterinsights_sitenote_active":false,"_monsterinsights_sitenote_note":"","_monsterinsights_sitenote_category":0,"footnotes":""},"class_list":["post-15682","page","type-page","status-publish","hentry"],"aioseo_notices":[],"_links":{"self":[{"href":"https:\/\/www.siahotel.com.tr\/ar\/wp-json\/wp\/v2\/pages\/15682","targetHints":{"allow":["GET"]}}],"collection":[{"href":"https:\/\/www.siahotel.com.tr\/ar\/wp-json\/wp\/v2\/pages"}],"about":[{"href":"https:\/\/www.siahotel.com.tr\/ar\/wp-json\/wp\/v2\/types\/page"}],"author":[{"embeddable":true,"href":"https:\/\/www.siahotel.com.tr\/ar\/wp-json\/wp\/v2\/users\/1"}],"replies":[{"embeddable":true,"href":"https:\/\/www.siahotel.com.tr\/ar\/wp-json\/wp\/v2\/comments?post=15682"}],"version-history":[{"count":16,"href":"https:\/\/www.siahotel.com.tr\/ar\/wp-json\/wp\/v2\/pages\/15682\/revisions"}],"predecessor-version":[{"id":18226,"href":"https:\/\/www.siahotel.com.tr\/ar\/wp-json\/wp\/v2\/pages\/15682\/revisions\/18226"}],"wp:attachment":[{"href":"https:\/\/www.siahotel.com.tr\/ar\/wp-json\/wp\/v2\/media?parent=15682"}],"curies":[{"name":"wp","href":"https:\/\/api.w.org\/{rel}","templated":true}]}}