{"id":15677,"date":"2025-08-04T21:18:42","date_gmt":"2025-08-04T21:18:42","guid":{"rendered":"https:\/\/www.siahotel.com.tr\/ar\/?page_id=15677"},"modified":"2025-08-26T15:20:34","modified_gmt":"2025-08-26T15:20:34","slug":"arinma-paketi","status":"publish","type":"page","link":"https:\/\/www.siahotel.com.tr\/ar\/arinma-paketi\/","title":{"rendered":"Ar\u0131nma Paketi"},"content":{"rendered":"\t\t<div data-elementor-type=\"wp-page\" data-elementor-id=\"15677\" class=\"elementor elementor-15677\">\n\t\t\t\t<div class=\"elementor-element elementor-element-fce1b00 e-flex e-con-boxed tm-col-stretched-none tm-bg-color-over-image e-con e-parent\" data-id=\"fce1b00\" data-element_type=\"container\" data-settings=\"{&quot;background_background&quot;:&quot;classic&quot;}\">\n\t\t\t\t\t<div class=\"e-con-inner\">\n\t\t<div class=\"elementor-element elementor-element-2bb3b985 tm-col-stretched-none e-con-full e-flex tm-bg-color-over-image e-con e-child\" data-id=\"2bb3b985\" data-element_type=\"container\">\n\t\t\t\t<div class=\"elementor-element elementor-element-5fe53088 horizontal-line-align-left vertical-line-align-bottom elementor-widget elementor-widget-tm-ele-section-title\" data-id=\"5fe53088\" data-element_type=\"widget\" data-widget_type=\"tm-ele-section-title.default\">\n\t\t\t\t<div class=\"elementor-widget-container\">\n\t\t\t\t\t<div class=\"tm-sc-section-title section-title line-both-side-current-theme \">\r\n\t<div class=\"title-wrapper\">\r\n\t\t\t\t\r\n\r\n<div class=\"sub-title-outer\">\r\n\t\t<div class=\"subtitle \">\r\n\r\n\t\t\r\n\t\tSERENITY\t<\/div>\r\n\t<\/div>\t\t\t<h2 class=\"title \">\r\n\r\n\t\t\r\n\t\t\t\t<span class=\"title-part1 \">\u0628\u0627\u0642\u0629 \u0627\u0644\u062a\u0637\u0647\u064a\u0631<\/span>\r\n\t\t\t\t\r\n\t\t\r\n\t<\/h2>\r\n\t<div class=\"title-seperator-line\"><\/div>\t\t\t\t\t\t<\/div>\r\n<\/div>\t\t\t\t<\/div>\n\t\t\t\t<\/div>\n\t\t\t\t<div class=\"elementor-element elementor-element-4262130f elementor-widget-divider--view-line elementor-widget elementor-widget-divider\" data-id=\"4262130f\" data-element_type=\"widget\" data-widget_type=\"divider.default\">\n\t\t\t\t\t\t\t<div class=\"elementor-divider\">\n\t\t\t<span class=\"elementor-divider-separator\">\n\t\t\t\t\t\t<\/span>\n\t\t<\/div>\n\t\t\t\t\t\t<\/div>\n\t\t\t\t<\/div>\n\t\t\t\t\t<\/div>\n\t\t\t\t<\/div>\n\t\t<div class=\"elementor-element elementor-element-57e686dd e-flex e-con-boxed tm-col-stretched-none tm-bg-color-over-image e-con e-parent\" data-id=\"57e686dd\" data-element_type=\"container\">\n\t\t\t\t\t<div class=\"e-con-inner\">\n\t\t\t\t<div class=\"elementor-element elementor-element-662d004c elementor-widget elementor-widget-text-editor\" data-id=\"662d004c\" data-element_type=\"widget\" data-widget_type=\"text-editor.default\">\n\t\t\t\t\t\t\t\t\t<p class=\"p1\"><span class=\"s1\"><\/span><\/p><h3 dir=\"rtl\" class=\"p1\">\u0628\u0627\u0642\u0629 \u0627\u0644\u062a\u0637\u0647\u064a\u0631: \u062a\u0646\u0638\u064a\u0641 \u0639\u0645\u064a\u0642 \u0648\u062a\u062c\u062f\u064a\u062f \u0639\u0627\u0637\u0641\u064a \u0628\u0642\u0648\u0629 \u0627\u0644\u064a\u0646\u0627\u0628\u064a\u0639 \u0627\u0644\u062d\u0631\u0627\u0631\u064a\u0629<\/h3><p dir=\"rtl\" class=\"p1\">\u0625\u0646 \u0646\u0645\u0637 \u0627\u0644\u062d\u064a\u0627\u0629 \u0627\u0644\u062d\u062f\u064a\u062b\u0629 \u0644\u0627 \u064a\u0631\u0647\u0642 \u0627\u0644\u062c\u0633\u062f \u0641\u062d\u0633\u0628\u060c \u0628\u0644 \u064a\u0631\u0647\u0642 \u0627\u0644\u0631\u0648\u062d \u0623\u064a\u0636\u064b\u0627. \u0641\u0627\u0644\u062a\u0648\u062a\u0631 \u0627\u0644\u064a\u0648\u0645\u064a\u060c \u0648\u0627\u0644\u0633\u0645\u0648\u0645 \u0627\u0644\u0628\u064a\u0626\u064a\u0629\u060c \u0648\u0627\u0644\u0625\u0631\u0647\u0627\u0642 \u0627\u0644\u0630\u0647\u0646\u064a\u060c \u0648\u0627\u0644\u0639\u0627\u062f\u0627\u062a \u0627\u0644\u0645\u0639\u064a\u0634\u064a\u0629 \u063a\u064a\u0631 \u0627\u0644\u0645\u0646\u062a\u0638\u0645\u0629\u060c \u062c\u0645\u064a\u0639\u0647\u0627 \u062a\u0624\u062b\u0631 \u0628\u0645\u0631\u0648\u0631 \u0627\u0644\u0648\u0642\u062a \u0639\u0644\u0649 \u062a\u0648\u0627\u0632\u0646\u0646\u0627 \u0627\u0644\u062f\u0627\u062e\u0644\u064a. \u0648\u0647\u0646\u0627 \u064a\u0623\u062a\u064a \u062f\u0648\u0631 \u0628\u0627\u0642\u0629 \u0627\u0644\u062a\u0637\u0647\u064a\u0631 \u0627\u0644\u062e\u0627\u0635\u0629 \u0645\u0646 <span class=\"s1\"><b>Sia Hotel Serenity Thermal, SPA &amp; Wellness<\/b><\/span> \u0627\u0644\u062a\u064a \u0635\u064f\u0645\u0645\u062a \u0644\u062a\u0642\u062f\u0645 \u0644\u0643 \u062a\u062c\u0631\u0628\u0629 \u0641\u0631\u064a\u062f\u0629 \u062a\u0631\u0628\u0637 \u0628\u064a\u0646 \u0627\u0644\u062e\u0641\u0629 \u0627\u0644\u062c\u0633\u062f\u064a\u0629 \u0648\u0627\u0644\u0635\u0641\u0627\u0621 \u0627\u0644\u0630\u0647\u0646\u064a.<\/p><p dir=\"rtl\" class=\"p1\">\u062a\u0628\u062f\u0623 \u0647\u0630\u0647 \u0627\u0644\u0631\u062d\u0644\u0629 \u0627\u0644\u0634\u0627\u0645\u0644\u0629 \u0646\u062d\u0648 \u0627\u0644\u0634\u0641\u0627\u0621 \u0645\u0646 \u0642\u0644\u0628 \u0645\u0646\u0637\u0642\u0629 \u0627\u0644\u064a\u0646\u0627\u0628\u064a\u0639 \u0627\u0644\u062d\u0631\u0627\u0631\u064a\u0629. \u062d\u064a\u062b \u064a\u062c\u062a\u0645\u0639 \u0643\u0644 \u0645\u0646 \u0627\u0644\u0645\u0633\u0628\u062d \u0627\u0644\u062d\u0631\u0627\u0631\u064a\u060c \u0627\u0644\u062c\u0627\u0643\u0648\u0632\u064a\u060c \u0627\u0644\u062d\u0645\u0627\u0645 \u0627\u0644\u062a\u0631\u0643\u064a\u060c \u0627\u0644\u0633\u0627\u0648\u0646\u0627\u060c \u063a\u0631\u0641\u0629 \u0627\u0644\u0628\u062e\u0627\u0631\u060c \u0648\u0634\u0644\u0627\u0644 \u0627\u0644\u062b\u0644\u062c \u0644\u062a\u0642\u0644\u064a\u0644 \u0627\u062d\u062a\u0628\u0627\u0633 \u0627\u0644\u0633\u0648\u0627\u0626\u0644 \u0641\u064a \u0627\u0644\u062c\u0633\u0645\u060c \u062a\u062e\u0641\u064a\u0641 \u062a\u0648\u062a\u0631 \u0627\u0644\u0639\u0636\u0644\u0627\u062a \u0648\u062a\u0646\u0634\u064a\u0637 \u0627\u0644\u062f\u0648\u0631\u0629 \u0627\u0644\u062f\u0645\u0648\u064a\u0629. \u0648\u064a\u0639\u0645\u0644 \u0627\u0644\u062a\u0648\u0627\u0632\u0646 \u0627\u0644\u0645\u062f\u0631\u0648\u0633 \u0628\u064a\u0646 \u0627\u0644\u062f\u0641\u0621 \u0648\u0627\u0644\u0628\u0631\u0648\u062f\u0629 \u0639\u0644\u0649 \u062a\u0639\u0632\u064a\u0632 \u062c\u0647\u0627\u0632 \u0627\u0644\u0645\u0646\u0627\u0639\u0629 \u0648\u064a\u0645\u0646\u062d \u0628\u0634\u0631\u062a\u0643 \u0625\u062d\u0633\u0627\u0633\u064b\u0627 \u0645\u062a\u062c\u062f\u062f\u064b\u0627 \u0648\u0645\u0644\u062d\u0648\u0638\u064b\u0627.<\/p><p dir=\"rtl\" class=\"p1\">\u0628\u0639\u062f \u0630\u0644\u0643\u060c \u062a\u0628\u062f\u0623 \u0645\u0631\u0627\u0633\u0645 \u0627\u0644\u0639\u0646\u0627\u064a\u0629 \u0627\u0644\u062e\u0627\u0635\u0629 \u0628\u062a\u062c\u0631\u0628\u0629 <span class=\"s1\"><b>\u0645\u0633\u0627\u062c Serenity<\/b><\/span> \u0644\u0645\u062f\u0629 45 \u062f\u0642\u064a\u0642\u0629\u060c \u062d\u064a\u062b \u064a\u0633\u062a\u062e\u062f\u0645 \u0627\u0644\u0645\u0639\u0627\u0644\u062c\u0648\u0646 \u0627\u0644\u0645\u062d\u062a\u0631\u0641\u0648\u0646 \u062a\u0642\u0646\u064a\u0627\u062a \u062a\u0642\u0644\u064a\u062f\u064a\u0629 \u0645\u0645\u0632\u0648\u062c\u0629 \u0628\u0644\u0645\u0633\u0627\u062a \u0639\u0644\u0627\u062c\u064a\u0629 \u062d\u062f\u064a\u062b\u0629 \u0644\u062a\u0646\u0638\u064a\u0645 \u062a\u062f\u0641\u0642 \u0627\u0644\u0637\u0627\u0642\u0629 \u0641\u064a \u0627\u0644\u062c\u0633\u0645\u060c \u0645\u0646\u062d \u0627\u0633\u062a\u0631\u062e\u0627\u0621 \u0639\u0645\u064a\u0642 \u0648\u0637\u0631\u062f \u0627\u0644\u062a\u0648\u062a\u0631 \u062d\u062a\u0649 \u0639\u0644\u0649 \u0645\u0633\u062a\u0648\u0649 \u0627\u0644\u062e\u0644\u0627\u064a\u0627. \u064a\u062a\u0628\u0639 \u0630\u0644\u0643 <span class=\"s1\"><b>\u062c\u0644\u0633\u0629 \u0641\u0631\u0643 \u0628\u0627\u0644\u0635\u0627\u0628\u0648\u0646 \u0627\u0644\u0631\u063a\u0648\u064a<\/b><\/span> \u0644\u0645\u062f\u0629 20 \u062f\u0642\u064a\u0642\u0629\u060c \u0648\u0647\u064a \u0645\u0646 \u0627\u0644\u0637\u0642\u0648\u0633 \u0627\u0644\u062a\u0642\u0644\u064a\u062f\u064a\u0629 \u0641\u064a \u0627\u0644\u062d\u0645\u0627\u0645 \u0627\u0644\u062a\u0631\u0643\u064a\u060c \u062d\u064a\u062b \u062a\u0641\u062a\u062d \u0627\u0644\u0645\u0633\u0627\u0645 \u0648\u062a\u0632\u064a\u0644 \u0627\u0644\u0633\u0645\u0648\u0645 \u0628\u0639\u0645\u0642\u060c \u0645\u0645\u0627 \u064a\u0645\u0646\u062d \u0628\u0634\u0631\u062a\u0643 \u0646\u0639\u0648\u0645\u0629 \u062d\u0631\u064a\u0631\u064a\u0629 \u0648\u0625\u062d\u0633\u0627\u0633\u064b\u0627 \u0644\u0627 \u0645\u062b\u064a\u0644 \u0644\u0647 \u0628\u0627\u0644\u0646\u0642\u0627\u0621.<\/p><p dir=\"rtl\" class=\"p1\">\u0647\u0630\u0647 \u0627\u0644\u0628\u0627\u0642\u0629 \u0644\u064a\u0633\u062a \u0645\u062c\u0631\u062f \u0639\u0646\u0627\u064a\u0629 \u0628\u0627\u0644\u062c\u0633\u0645\u060c \u0628\u0644 \u0647\u064a \u0637\u0642\u0633 \u062f\u0627\u062e\u0644\u064a \u0644\u0644\u062a\u0637\u0647\u064a\u0631 \u0648\u0627\u0644\u062a\u062c\u062f\u064a\u062f. \u064a\u062c\u062a\u0645\u0639 \u062a\u0623\u062b\u064a\u0631 \u0627\u0644\u064a\u0646\u0627\u0628\u064a\u0639 \u0627\u0644\u062d\u0631\u0627\u0631\u064a\u0629 \u0645\u0639 \u0642\u0648\u0629 \u0627\u0644\u0645\u0633\u0627\u062c \u0648\u0644\u0645\u0633\u0627\u062a \u0627\u0644\u0641\u0642\u0627\u0639\u0627\u062a \u0627\u0644\u062f\u0627\u0641\u0626\u0629 \u0644\u064a\u062e\u0644\u0642 \u062a\u0648\u0627\u0632\u0646\u0627\u064b \u0643\u0627\u0645\u0644\u0627\u064b \u0628\u064a\u0646 \u0627\u0644\u062c\u0633\u062f \u0648\u0627\u0644\u0631\u0648\u062d \u0648\u0627\u0644\u0639\u0642\u0644.<\/p><p dir=\"rtl\" class=\"p3\"><b>\u0644\u0645\u0646 \u062a\u0646\u0627\u0633\u0628 \u0647\u0630\u0647 \u0627\u0644\u0628\u0627\u0642\u0629\u061f<\/b><b><\/b><\/p><p dir=\"rtl\" class=\"p1\">\u062a\u064f\u0639\u062f \u0628\u0627\u0642\u0629 \u0627\u0644\u062a\u0637\u0647\u064a\u0631 \u0645\u062b\u0627\u0644\u064a\u0629 \u0644\u0623\u0648\u0644\u0626\u0643 \u0627\u0644\u0630\u064a\u0646 \u064a\u0639\u064a\u0634\u0648\u0646 \u0648\u062a\u064a\u0631\u0629 \u0639\u0645\u0644 \u0633\u0631\u064a\u0639\u0629\u060c \u0623\u0648 \u064a\u0634\u0639\u0631\u0648\u0646 \u0628\u062a\u0631\u0627\u0643\u0645 \u0627\u0644\u062a\u0648\u062a\u0631\u060c \u0623\u0648 \u064a\u0633\u0639\u0648\u0646 \u0644\u0628\u062f\u0627\u064a\u0629 \u062c\u062f\u064a\u062f\u0629 \u0623\u0643\u062b\u0631 \u062d\u064a\u0648\u064a\u0629. \u0643\u0645\u0627 \u062a\u064f\u0648\u0635\u0649 \u0628\u0647\u0627 \u062e\u0644\u0627\u0644 \u0641\u062a\u0631\u0627\u062a \u062a\u063a\u064a\u064a\u0631 \u0627\u0644\u0645\u0648\u0627\u0633\u0645\u060c \u0628\u0631\u0627\u0645\u062c \u0625\u0632\u0627\u0644\u0629 \u0627\u0644\u0633\u0645\u0648\u0645 \u0623\u0648 \u0643\u0644\u0645\u0627 \u0623\u0631\u062f\u062a \u062a\u0639\u0632\u064a\u0632 \u0631\u0648\u062a\u064a\u0646 \u0627\u0644\u0639\u0646\u0627\u064a\u0629 \u0627\u0644\u0630\u0627\u062a\u064a\u0629 \u0644\u062f\u064a\u0643.<\/p><p dir=\"rtl\" class=\"p3\"><b>\u0644\u0645\u0627\u0630\u0627 Sia Hotel Serenity\u061f<\/b><b><\/b><\/p><p dir=\"rtl\" class=\"p1\">\u0641\u064a \u0642\u0644\u0628 \u0628\u0648\u0631\u0635\u0629\u060c \u064a\u062c\u0645\u0639 <span class=\"s1\"><b>Serenity Thermal, SPA &amp; Wellness<\/b><\/span> \u0628\u064a\u0646 \u0627\u0644\u0625\u0631\u062b \u0627\u0644\u062d\u0631\u0627\u0631\u064a \u0627\u0644\u0639\u0631\u064a\u0642 \u0648\u0627\u0644\u062a\u0642\u0646\u064a\u0627\u062a \u0627\u0644\u062d\u062f\u064a\u062b\u0629 \u0644\u064a\u0642\u062f\u0645 \u0644\u0636\u064a\u0648\u0641\u0647 \u0645\u0633\u0627\u062d\u0629 \u0647\u0627\u062f\u0626\u0629 \u062a\u0639\u0632\u0632 \u0627\u0644\u0639\u0627\u0641\u064a\u0629 \u0627\u0644\u062c\u0633\u062f\u064a\u0629 \u0648\u0627\u0644\u0630\u0647\u0646\u064a\u0629. \u062c\u0645\u064a\u0639 \u0627\u0644\u062e\u062f\u0645\u0627\u062a \u062a\u062a\u0645 \u0648\u0641\u0642 \u0623\u0633\u0633 \u0639\u0644\u0645\u064a\u0629 \u0648\u0628\u0623\u064a\u062f\u064a \u0645\u0639\u0627\u0644\u062c\u064a\u0646 \u0645\u062d\u062a\u0631\u0641\u064a\u0646 \u0644\u0636\u0645\u0627\u0646 \u062a\u062c\u0631\u0628\u0629 \u0634\u0641\u0627\u0621 \u0645\u062a\u0643\u0627\u0645\u0644\u0629.<\/p>\t\t\t\t\t\t\t\t<\/div>\n\t\t\t\t\t<\/div>\n\t\t\t\t<\/div>\n\t\t<div class=\"elementor-element elementor-element-6ec7ee11 e-flex e-con-boxed tm-col-stretched-none tm-bg-color-over-image e-con e-parent\" data-id=\"6ec7ee11\" data-element_type=\"container\">\n\t\t\t\t\t<div class=\"e-con-inner\">\n\t\t\t\t<div class=\"elementor-element elementor-element-7987da8c elementor-widget elementor-widget-spacer\" data-id=\"7987da8c\" data-element_type=\"widget\" data-widget_type=\"spacer.default\">\n\t\t\t\t\t\t\t<div class=\"elementor-spacer\">\n\t\t\t<div class=\"elementor-spacer-inner\"><\/div>\n\t\t<\/div>\n\t\t\t\t\t\t<\/div>\n\t\t\t\t\t<\/div>\n\t\t\t\t<\/div>\n\t\t<div class=\"elementor-element elementor-element-2788ffe1 e-flex e-con-boxed tm-col-stretched-none tm-bg-color-over-image e-con e-parent\" data-id=\"2788ffe1\" data-element_type=\"container\" data-settings=\"{&quot;background_background&quot;:&quot;classic&quot;}\">\n\t\t\t\t\t<div class=\"e-con-inner\">\n\t\t<div class=\"elementor-element elementor-element-78cda5ca e-con-full e-flex tm-col-stretched-none tm-bg-color-over-image e-con e-child\" data-id=\"78cda5ca\" data-element_type=\"container\">\n\t\t\t\t<div class=\"elementor-element elementor-element-751ff2b0 elementor-widget elementor-widget-heading\" data-id=\"751ff2b0\" data-element_type=\"widget\" data-widget_type=\"heading.default\">\n\t\t\t\t\t<h3 class=\"elementor-heading-title elementor-size-default\"><a href=\"tel:+902243240202\"><u>\u0644\u0644\u0645\u0632\u064a\u062f \u0645\u0646 \u0627\u0644\u0645\u0639\u0644\u0648\u0645\u0627\u062a\u060c \u064a\u0631\u062c\u0649 \u0627\u0644\u0627\u062a\u0635\u0627\u0644 \u0628\u0646\u0627<\/u><\/a><\/h3>\t\t\t\t<\/div>\n\t\t\t\t<div class=\"elementor-element elementor-element-537e2000 elementor-widget elementor-widget-tm-ele-social-links\" data-id=\"537e2000\" data-element_type=\"widget\" data-widget_type=\"tm-ele-social-links.default\">\n\t\t\t\t<div class=\"elementor-widget-container\">\n\t\t\t\t\t<ul class=\"tm-sc-social-links links-outlined\">\r\n\r\n\t\t\t<li><a class=\"social-link\" aria-label=\"Social Link\" href=\"https:\/\/www.facebook.com\/siahotelthermalspa\" target=\"_self\"><i class=\"fa fa-facebook\"><\/i><\/a><\/li>\r\n\t\t\r\n\t\t<li><a class=\"social-link\" aria-label=\"Social Link\" href=\"https:\/\/www.linkedin.com\/company\/sia-hotel-thermal-spa\/\" target=\"_self\"><i class=\"fa fa-linkedin\"><\/i><\/a><\/li>\r\n\t\t\t<li><a class=\"social-link\" aria-label=\"Social Link\" href=\"https:\/\/www.instagram.com\/siahotelthermalspa\" target=\"_self\"><i class=\"fa fa-instagram\"><\/i><\/a><\/li>\r\n\t\t\r\n\t\t\t<\/ul>\t\t\t\t<\/div>\n\t\t\t\t<\/div>\n\t\t\t\t<\/div>\n\t\t\t\t\t<\/div>\n\t\t\t\t<\/div>\n\t\t<div class=\"elementor-element elementor-element-64e3a88b e-flex e-con-boxed tm-col-stretched-none tm-bg-color-over-image e-con e-parent\" data-id=\"64e3a88b\" data-element_type=\"container\">\n\t\t\t\t\t<div class=\"e-con-inner\">\n\t\t\t\t<div class=\"elementor-element elementor-element-2ab6538f elementor-widget elementor-widget-spacer\" data-id=\"2ab6538f\" data-element_type=\"widget\" data-widget_type=\"spacer.default\">\n\t\t\t\t\t\t\t<div class=\"elementor-spacer\">\n\t\t\t<div class=\"elementor-spacer-inner\"><\/div>\n\t\t<\/div>\n\t\t\t\t\t\t<\/div>\n\t\t\t\t\t<\/div>\n\t\t\t\t<\/div>\n\t\t<div class=\"elementor-element elementor-element-6d56d e-flex e-con-boxed tm-col-stretched-none tm-bg-color-over-image e-con e-parent\" data-id=\"6d56d\" data-element_type=\"container\">\n\t\t\t\t\t<div class=\"e-con-inner\">\n\t\t<div class=\"elementor-element elementor-element-4688b79f e-con-full e-flex tm-col-stretched-none tm-bg-color-over-image e-con e-child\" data-id=\"4688b79f\" data-element_type=\"container\">\n\t\t<div class=\"elementor-element elementor-element-dddd6ab e-con-full tm-col-stretched-none e-flex tm-bg-color-over-image e-con e-child\" data-id=\"dddd6ab\" data-element_type=\"container\">\n\t\t\t\t<div class=\"elementor-element elementor-element-6d33a8a0 elementor-widget elementor-widget-shortcode\" data-id=\"6d33a8a0\" data-element_type=\"widget\" data-widget_type=\"shortcode.default\">\n\t\t\t\t\t\t\t<div class=\"elementor-shortcode\">\t\t<div id=\"sbi_mod_error\" >\n\t\t\t<span>Bu hata mesaj\u0131n\u0131 yaln\u0131zca WordPress y\u00f6neticileri g\u00f6rebilir<\/span><br\/>\n\t\t\t<p><strong>Hata: 1 kimli\u011fine sahip hi\u00e7bir ak\u0131\u015f bulunamad\u0131.<\/strong>\n\t\t\t<p>Bir ak\u0131\u015f olu\u015fturmak i\u00e7in l\u00fctfen Instagram Ak\u0131\u015f\u0131 ayarlar sayfas\u0131na gidin.<\/p>\n\t\t<\/div>\n\t\t<\/div>\n\t\t\t\t\t\t<\/div>\n\t\t\t\t<\/div>\n\t\t\t\t<\/div>\n\t\t\t\t\t<\/div>\n\t\t\t\t<\/div>\n\t\t\t\t<\/div>\n\t\t","protected":false},"excerpt":{"rendered":"<p>SERENITY \u0628\u0627\u0642\u0629 \u0627\u0644\u062a\u0637\u0647\u064a\u0631 \u0628\u0627\u0642\u0629 \u0627\u0644\u062a\u0637\u0647\u064a\u0631: \u062a\u0646\u0638\u064a\u0641 \u0639\u0645\u064a\u0642 \u0648\u062a\u062c\u062f\u064a\u062f \u0639\u0627\u0637\u0641\u064a \u0628\u0642\u0648\u0629 \u0627\u0644\u064a\u0646\u0627\u0628\u064a\u0639 \u0627\u0644\u062d\u0631\u0627\u0631\u064a\u0629 \u0625\u0646 \u0646\u0645\u0637 \u0627\u0644\u062d\u064a\u0627\u0629 \u0627\u0644\u062d\u062f\u064a\u062b\u0629 \u0644\u0627 \u064a\u0631\u0647\u0642 \u0627\u0644\u062c\u0633\u062f \u0641\u062d\u0633\u0628\u060c&#8230;<\/p>\n","protected":false},"author":1,"featured_media":0,"parent":0,"menu_order":0,"comment_status":"closed","ping_status":"closed","template":"","meta":{"_monsterinsights_skip_tracking":false,"_monsterinsights_sitenote_active":false,"_monsterinsights_sitenote_note":"","_monsterinsights_sitenote_category":0,"footnotes":""},"class_list":["post-15677","page","type-page","status-publish","hentry"],"aioseo_notices":[],"_links":{"self":[{"href":"https:\/\/www.siahotel.com.tr\/ar\/wp-json\/wp\/v2\/pages\/15677","targetHints":{"allow":["GET"]}}],"collection":[{"href":"https:\/\/www.siahotel.com.tr\/ar\/wp-json\/wp\/v2\/pages"}],"about":[{"href":"https:\/\/www.siahotel.com.tr\/ar\/wp-json\/wp\/v2\/types\/page"}],"author":[{"embeddable":true,"href":"https:\/\/www.siahotel.com.tr\/ar\/wp-json\/wp\/v2\/users\/1"}],"replies":[{"embeddable":true,"href":"https:\/\/www.siahotel.com.tr\/ar\/wp-json\/wp\/v2\/comments?post=15677"}],"version-history":[{"count":13,"href":"https:\/\/www.siahotel.com.tr\/ar\/wp-json\/wp\/v2\/pages\/15677\/revisions"}],"predecessor-version":[{"id":18202,"href":"https:\/\/www.siahotel.com.tr\/ar\/wp-json\/wp\/v2\/pages\/15677\/revisions\/18202"}],"wp:attachment":[{"href":"https:\/\/www.siahotel.com.tr\/ar\/wp-json\/wp\/v2\/media?parent=15677"}],"curies":[{"name":"wp","href":"https:\/\/api.w.org\/{rel}","templated":true}]}}