{"id":15632,"date":"2025-08-04T19:55:48","date_gmt":"2025-08-04T19:55:48","guid":{"rendered":"https:\/\/www.siahotel.com.tr\/ar\/?page_id=15632"},"modified":"2025-08-26T15:19:31","modified_gmt":"2025-08-26T15:19:31","slug":"geleneksel-masaj-paketi","status":"publish","type":"page","link":"https:\/\/www.siahotel.com.tr\/ar\/geleneksel-masaj-paketi\/","title":{"rendered":"Geleneksel Masaj Paketi"},"content":{"rendered":"\t\t<div data-elementor-type=\"wp-page\" data-elementor-id=\"15632\" class=\"elementor elementor-15632\">\n\t\t\t\t<div class=\"elementor-element elementor-element-6cea059 e-flex e-con-boxed tm-col-stretched-none tm-bg-color-over-image e-con e-parent\" data-id=\"6cea059\" data-element_type=\"container\" data-settings=\"{&quot;background_background&quot;:&quot;classic&quot;}\">\n\t\t\t\t\t<div class=\"e-con-inner\">\n\t\t<div class=\"elementor-element elementor-element-c4ee0f6 tm-col-stretched-none e-con-full e-flex tm-bg-color-over-image e-con e-child\" data-id=\"c4ee0f6\" data-element_type=\"container\">\n\t\t\t\t<div class=\"elementor-element elementor-element-e55f7e7 horizontal-line-align-left vertical-line-align-bottom elementor-widget elementor-widget-tm-ele-section-title\" data-id=\"e55f7e7\" data-element_type=\"widget\" data-widget_type=\"tm-ele-section-title.default\">\n\t\t\t\t<div class=\"elementor-widget-container\">\n\t\t\t\t\t<div class=\"tm-sc-section-title section-title line-both-side-current-theme \">\r\n\t<div class=\"title-wrapper\">\r\n\t\t\t\t\r\n\r\n<div class=\"sub-title-outer\">\r\n\t\t<div class=\"subtitle \">\r\n\r\n\t\t\r\n\t\tSERENiTY\t<\/div>\r\n\t<\/div>\t\t\t<h2 class=\"title \">\r\n\r\n\t\t\r\n\t\t\t\t<span class=\"title-part1 \">\u0628\u0627\u0642\u0629 \u0627\u0644\u062a\u062f\u0644\u064a\u0643 \u0627\u0644\u062a\u0642\u0644\u064a\u062f\u064a<\/span>\r\n\t\t\t\t\r\n\t\t\r\n\t<\/h2>\r\n\t<div class=\"title-seperator-line\"><\/div>\t\t\t\t\t\t<\/div>\r\n<\/div>\t\t\t\t<\/div>\n\t\t\t\t<\/div>\n\t\t\t\t<div class=\"elementor-element elementor-element-84a61d4 elementor-widget-divider--view-line elementor-widget elementor-widget-divider\" data-id=\"84a61d4\" data-element_type=\"widget\" data-widget_type=\"divider.default\">\n\t\t\t\t\t\t\t<div class=\"elementor-divider\">\n\t\t\t<span class=\"elementor-divider-separator\">\n\t\t\t\t\t\t<\/span>\n\t\t<\/div>\n\t\t\t\t\t\t<\/div>\n\t\t\t\t<\/div>\n\t\t\t\t\t<\/div>\n\t\t\t\t<\/div>\n\t\t<div class=\"elementor-element elementor-element-7e0adec e-flex e-con-boxed tm-col-stretched-none tm-bg-color-over-image e-con e-parent\" data-id=\"7e0adec\" data-element_type=\"container\">\n\t\t\t\t\t<div class=\"e-con-inner\">\n\t\t\t\t<div class=\"elementor-element elementor-element-744928c elementor-widget elementor-widget-text-editor\" data-id=\"744928c\" data-element_type=\"widget\" data-widget_type=\"text-editor.default\">\n\t\t\t\t\t\t\t\t\t<p class=\"p1\"><span class=\"s1\"><\/span><\/p><p dir=\"rtl\" class=\"p1\">\u0628\u0627\u0642\u0629 \u0627\u0644\u062a\u062f\u0644\u064a\u0643 \u0627\u0644\u062a\u0642\u0644\u064a\u062f\u064a \u0645\u0646 Serenity Thermal, SPA &amp; Wellness \u0635\u064f\u0645\u0645\u062a \u062e\u0635\u064a\u0635\u064b\u0627 \u0644\u0645\u0633\u0627\u0639\u062f\u062a\u0643 \u0639\u0644\u0649 \u0627\u0644\u062a\u062e\u0644\u0635 \u0645\u0646 \u0636\u063a\u0648\u0637 \u0627\u0644\u062d\u064a\u0627\u0629 \u0627\u0644\u0639\u0635\u0631\u064a\u0629 \u0648\u062a\u062c\u062f\u064a\u062f \u0637\u0627\u0642\u062a\u0643 \u0627\u0644\u062c\u0633\u062f\u064a\u0629 \u0648\u0627\u0644\u0630\u0647\u0646\u064a\u0629. \u064a\u062c\u0645\u0639 \u0647\u0630\u0627 \u0627\u0644\u062a\u062c\u0631\u0628\u0629 \u0627\u0644\u0641\u0631\u064a\u062f\u0629 \u0628\u064a\u0646 \u062a\u0642\u0627\u0644\u064a\u062f \u0627\u0644\u062b\u0642\u0627\u0641\u0629 \u0627\u0644\u062d\u0631\u0627\u0631\u064a\u0629 \u0627\u0644\u0645\u0645\u062a\u062f\u0629 \u0644\u0622\u0644\u0627\u0641 \u0627\u0644\u0633\u0646\u064a\u0646 \u0648\u0623\u0639\u0644\u0649 \u0645\u0639\u0627\u064a\u064a\u0631 \u0627\u0644\u0631\u0627\u062d\u0629 \u0627\u0644\u062d\u062f\u064a\u062b\u0629 \u0644\u064a\u0645\u0646\u062d\u0643 \u0644\u062d\u0638\u0627\u062a \u0639\u0645\u064a\u0642\u0629 \u0645\u0646 \u0627\u0644\u0627\u0633\u062a\u0631\u062e\u0627\u0621.<\/p><p dir=\"rtl\" class=\"p3\"><b>\u062a\u0637\u0647\u0651\u0631 \u0628\u0627\u0644\u0637\u0627\u0642\u0629 \u0627\u0644\u062d\u0631\u0627\u0631\u064a\u0629\u060c \u0648\u062c\u062f\u062f \u062d\u064a\u0648\u064a\u062a\u0643 \u0628\u0644\u0645\u0633\u0627\u062a \u0627\u0644\u062e\u0628\u0631\u0627\u0621<\/b><b><\/b><\/p><p dir=\"rtl\" class=\"p1\">\u062a\u0628\u062f\u0623 \u0631\u062d\u0644\u062a\u0643 \u0645\u0639 \u0627\u0644\u0628\u0627\u0642\u0629 \u0628\u0627\u0633\u062a\u062e\u062f\u0627\u0645 \u063a\u064a\u0631 \u0645\u062d\u062f\u0648\u062f \u0644\u0644\u0645\u0631\u0627\u0641\u0642 \u0627\u0644\u062d\u0631\u0627\u0631\u064a\u0629. \u064a\u0645\u0643\u0646\u0643 \u0627\u0644\u0627\u0633\u062a\u0645\u062a\u0627\u0639 \u0628\u062d\u0645\u0627\u0645 \u0627\u0644\u0633\u0628\u0627\u062d\u0629 \u0627\u0644\u062d\u0631\u0627\u0631\u064a\u060c \u0627\u0644\u062c\u0627\u0643\u0648\u0632\u064a\u060c \u0627\u0644\u062d\u0645\u0627\u0645 \u0627\u0644\u062a\u0631\u0643\u064a\u060c \u0627\u0644\u0633\u0627\u0648\u0646\u0627\u060c \u063a\u0631\u0641\u0629 \u0627\u0644\u0628\u062e\u0627\u0631\u060c \u0648\u0634\u0644\u0627\u0644 \u0627\u0644\u062b\u0644\u062c. \u0647\u0630\u0647 \u0627\u0644\u062a\u062c\u0631\u0628\u0629 \u062a\u0633\u0627\u0639\u062f\u0643 \u0639\u0644\u0649 \u0625\u0631\u062e\u0627\u0621 \u0627\u0644\u0639\u0636\u0644\u0627\u062a\u060c \u062a\u062e\u0644\u064a\u0635 \u062c\u0633\u0645\u0643 \u0645\u0646 \u0627\u0644\u0633\u0645\u0648\u0645\u060c \u0648\u062a\u062d\u0641\u064a\u0632 \u0627\u0644\u062f\u0648\u0631\u0629 \u0627\u0644\u062f\u0645\u0648\u064a\u0629 \u0644\u062a\u062d\u0635\u0644 \u0639\u0644\u0649 \u0625\u062d\u0633\u0627\u0633 \u0628\u0627\u0644\u0627\u0646\u062a\u0639\u0627\u0634 \u0645\u0646 \u0627\u0644\u062f\u0627\u062e\u0644 \u0648\u0627\u0644\u062e\u0627\u0631\u062c.<\/p><p dir=\"rtl\" class=\"p1\">\u0628\u0639\u062f \u0647\u0630\u0647 \u0627\u0644\u0645\u0631\u062d\u0644\u0629 \u0627\u0644\u062a\u062d\u0636\u064a\u0631\u064a\u0629\u060c \u064a\u0646\u062a\u0638\u0631\u0643 \u0637\u0642\u0633 \u0641\u0631\u064a\u062f \u0644\u062a\u062c\u062f\u064a\u062f \u0627\u0644\u0628\u0634\u0631\u0629. \u062c\u0644\u0633\u0629 \u062a\u0642\u0634\u064a\u0631 \u0645\u062f\u062a\u0647\u0627 20 \u062f\u0642\u064a\u0642\u0629 \u062a\u0632\u064a\u0644 \u062e\u0644\u0627\u064a\u0627 \u0627\u0644\u062c\u0644\u062f \u0627\u0644\u0645\u064a\u062a\u0629 \u0644\u062a\u062a\u0631\u0643 \u0628\u0634\u0631\u062a\u0643 \u0646\u0627\u0639\u0645\u0629 \u0648\u0645\u062a\u0623\u0644\u0642\u0629. \u062a\u0644\u064a\u0647\u0627 \u062c\u0644\u0633\u0629 \u062a\u062f\u0644\u064a\u0643 Serenity \u0644\u0645\u062f\u0629 45 \u062f\u0642\u064a\u0642\u0629\u060c \u062d\u064a\u062b \u062a\u0645\u062a\u0632\u062c \u0627\u0644\u062a\u0642\u0646\u064a\u0627\u062a \u0627\u0644\u062a\u0642\u0644\u064a\u062f\u064a\u0629 \u0628\u0644\u0645\u0633\u0627\u062a \u062d\u062f\u064a\u062b\u0629 \u0644\u062a\u062d\u0642\u064a\u0642 \u062a\u0648\u0627\u0632\u0646 \u0639\u0645\u064a\u0642 \u0628\u064a\u0646 \u0627\u0644\u062c\u0633\u062f \u0648\u0627\u0644\u0631\u0648\u062d. \u0647\u0630\u0627 \u0627\u0644\u062a\u062f\u0644\u064a\u0643 \u064a\u062e\u0641\u0641 \u0645\u0646 \u0627\u0644\u062a\u0648\u062a\u0631 \u0627\u0644\u0639\u0636\u0644\u064a \u0648\u064a\u0645\u0646\u062d\u0643 \u0634\u0639\u0648\u0631\u064b\u0627 \u0639\u0645\u064a\u0642\u064b\u0627 \u0628\u0627\u0644\u0631\u0627\u062d\u0629 \u0648\u0627\u0644\u0635\u0641\u0627\u0621.<\/p><p dir=\"rtl\" class=\"p3\"><b>\u0646\u0633\u062e\u0629 \u0645\u062a\u062c\u062f\u062f\u0629 \u062a\u0645\u0627\u0645\u064b\u0627 \u0645\u0646 \u0630\u0627\u062a\u0643<\/b><b><\/b><\/p><p dir=\"rtl\" class=\"p1\">\u0628\u0627\u0642\u0629 \u0627\u0644\u062a\u062f\u0644\u064a\u0643 \u0627\u0644\u062a\u0642\u0644\u064a\u062f\u064a \u0644\u064a\u0633\u062a \u0645\u062c\u0631\u062f \u062e\u062f\u0645\u0629 SPA \u0639\u0627\u062f\u064a\u0629\u060c \u0628\u0644 \u0647\u064a \u0647\u062f\u064a\u0629 \u0642\u064a\u0651\u0645\u0629 \u062a\u0645\u0646\u062d\u0647\u0627 \u0644\u0646\u0641\u0633\u0643. \u0645\u0639 \u062a\u0642\u0634\u064a\u0631 \u0627\u0644\u0628\u0634\u0631\u0629 \u0627\u0644\u0630\u064a \u064a\u0639\u064a\u062f \u0625\u0644\u064a\u0647\u0627 \u0646\u0636\u0627\u0631\u062a\u0647\u0627 \u0648\u062a\u062f\u0644\u064a\u0643 Serenity \u0627\u0644\u0630\u064a \u064a\u062d\u0631\u0631 \u0630\u0647\u0646\u0643 \u0648\u062c\u0633\u062f\u0643 \u0645\u0646 \u0627\u0644\u0625\u0631\u0647\u0627\u0642\u060c \u0633\u062a\u063a\u0627\u062f\u0631 \u0627\u0644\u062a\u062c\u0631\u0628\u0629 \u0648\u0623\u0646\u062a \u062a\u0634\u0639\u0631 \u0628\u062e\u0641\u0629\u060c \u0648\u0627\u0646\u062a\u0639\u0627\u0634\u060c \u0648\u0627\u0633\u062a\u0639\u062f\u0627\u062f \u0644\u0645\u0648\u0627\u062c\u0647\u0629 \u0625\u064a\u0642\u0627\u0639 \u0627\u0644\u062d\u064a\u0627\u0629 \u0627\u0644\u064a\u0648\u0645\u064a\u0629 \u0628\u0637\u0627\u0642\u0629 \u0645\u062a\u062c\u062f\u062f\u0629.<\/p>\t\t\t\t\t\t\t\t<\/div>\n\t\t\t\t\t<\/div>\n\t\t\t\t<\/div>\n\t\t<div class=\"elementor-element elementor-element-727723a e-flex e-con-boxed tm-col-stretched-none tm-bg-color-over-image e-con e-parent\" data-id=\"727723a\" data-element_type=\"container\">\n\t\t\t\t\t<div class=\"e-con-inner\">\n\t\t\t\t<div class=\"elementor-element elementor-element-d31a421 elementor-widget elementor-widget-spacer\" data-id=\"d31a421\" data-element_type=\"widget\" data-widget_type=\"spacer.default\">\n\t\t\t\t\t\t\t<div class=\"elementor-spacer\">\n\t\t\t<div class=\"elementor-spacer-inner\"><\/div>\n\t\t<\/div>\n\t\t\t\t\t\t<\/div>\n\t\t\t\t\t<\/div>\n\t\t\t\t<\/div>\n\t\t<div class=\"elementor-element elementor-element-41643af e-flex e-con-boxed tm-col-stretched-none tm-bg-color-over-image e-con e-parent\" data-id=\"41643af\" data-element_type=\"container\" data-settings=\"{&quot;background_background&quot;:&quot;classic&quot;}\">\n\t\t\t\t\t<div class=\"e-con-inner\">\n\t\t<div class=\"elementor-element elementor-element-d5a7038 e-con-full e-flex tm-col-stretched-none tm-bg-color-over-image e-con e-child\" data-id=\"d5a7038\" data-element_type=\"container\">\n\t\t\t\t<div class=\"elementor-element elementor-element-40a9622 elementor-widget elementor-widget-heading\" data-id=\"40a9622\" data-element_type=\"widget\" data-widget_type=\"heading.default\">\n\t\t\t\t\t<h3 class=\"elementor-heading-title elementor-size-default\"><a href=\"tel:+902243240202\"><u>\u0644\u0644\u062d\u0635\u0648\u0644 \u0639\u0644\u0649 \u0645\u0639\u0644\u0648\u0645\u0627\u062a \u0645\u0641\u0635\u0644\u0629\u060c \u0627\u062a\u0635\u0644 \u0628\u0646\u0627<\/u><\/a><\/h3>\t\t\t\t<\/div>\n\t\t\t\t<div class=\"elementor-element elementor-element-6ae6bc9 elementor-widget elementor-widget-tm-ele-social-links\" data-id=\"6ae6bc9\" data-element_type=\"widget\" data-widget_type=\"tm-ele-social-links.default\">\n\t\t\t\t<div class=\"elementor-widget-container\">\n\t\t\t\t\t<ul class=\"tm-sc-social-links links-outlined\">\r\n\r\n\t\t\t<li><a class=\"social-link\" aria-label=\"Social Link\" href=\"https:\/\/www.facebook.com\/siahotelthermalspa\" target=\"_self\"><i class=\"fa fa-facebook\"><\/i><\/a><\/li>\r\n\t\t\r\n\t\t<li><a class=\"social-link\" aria-label=\"Social Link\" href=\"https:\/\/www.linkedin.com\/company\/sia-hotel-thermal-spa\/\" target=\"_self\"><i class=\"fa fa-linkedin\"><\/i><\/a><\/li>\r\n\t\t\t<li><a class=\"social-link\" aria-label=\"Social Link\" href=\"https:\/\/www.instagram.com\/siahotelthermalspa\" target=\"_self\"><i class=\"fa fa-instagram\"><\/i><\/a><\/li>\r\n\t\t\r\n\t\t\t<\/ul>\t\t\t\t<\/div>\n\t\t\t\t<\/div>\n\t\t\t\t<\/div>\n\t\t\t\t\t<\/div>\n\t\t\t\t<\/div>\n\t\t<div class=\"elementor-element elementor-element-6e07d0c e-flex e-con-boxed tm-col-stretched-none tm-bg-color-over-image e-con e-parent\" data-id=\"6e07d0c\" data-element_type=\"container\">\n\t\t\t\t\t<div class=\"e-con-inner\">\n\t\t\t\t<div class=\"elementor-element elementor-element-a60df58 elementor-widget elementor-widget-spacer\" data-id=\"a60df58\" data-element_type=\"widget\" data-widget_type=\"spacer.default\">\n\t\t\t\t\t\t\t<div class=\"elementor-spacer\">\n\t\t\t<div class=\"elementor-spacer-inner\"><\/div>\n\t\t<\/div>\n\t\t\t\t\t\t<\/div>\n\t\t\t\t\t<\/div>\n\t\t\t\t<\/div>\n\t\t<div class=\"elementor-element elementor-element-b3e2014 e-flex e-con-boxed tm-col-stretched-none tm-bg-color-over-image e-con e-parent\" data-id=\"b3e2014\" data-element_type=\"container\">\n\t\t\t\t\t<div class=\"e-con-inner\">\n\t\t<div class=\"elementor-element elementor-element-4d50a0b e-con-full e-flex tm-col-stretched-none tm-bg-color-over-image e-con e-child\" data-id=\"4d50a0b\" data-element_type=\"container\">\n\t\t<div class=\"elementor-element elementor-element-e878180 e-con-full tm-col-stretched-none e-flex tm-bg-color-over-image e-con e-child\" data-id=\"e878180\" data-element_type=\"container\">\n\t\t\t\t<div class=\"elementor-element elementor-element-12e9896 elementor-widget elementor-widget-shortcode\" data-id=\"12e9896\" data-element_type=\"widget\" data-widget_type=\"shortcode.default\">\n\t\t\t\t\t\t\t<div class=\"elementor-shortcode\">\t\t<div id=\"sbi_mod_error\" >\n\t\t\t<span>Bu hata mesaj\u0131n\u0131 yaln\u0131zca WordPress y\u00f6neticileri g\u00f6rebilir<\/span><br\/>\n\t\t\t<p><strong>Hata: 1 kimli\u011fine sahip hi\u00e7bir ak\u0131\u015f bulunamad\u0131.<\/strong>\n\t\t\t<p>Bir ak\u0131\u015f olu\u015fturmak i\u00e7in l\u00fctfen Instagram Ak\u0131\u015f\u0131 ayarlar sayfas\u0131na gidin.<\/p>\n\t\t<\/div>\n\t\t<\/div>\n\t\t\t\t\t\t<\/div>\n\t\t\t\t<\/div>\n\t\t\t\t<\/div>\n\t\t\t\t\t<\/div>\n\t\t\t\t<\/div>\n\t\t\t\t<\/div>\n\t\t","protected":false},"excerpt":{"rendered":"<p>SERENiTY \u0628\u0627\u0642\u0629 \u0627\u0644\u062a\u062f\u0644\u064a\u0643 \u0627\u0644\u062a\u0642\u0644\u064a\u062f\u064a \u0628\u0627\u0642\u0629 \u0627\u0644\u062a\u062f\u0644\u064a\u0643 \u0627\u0644\u062a\u0642\u0644\u064a\u062f\u064a \u0645\u0646 Serenity Thermal, SPA &amp; Wellness \u0635\u064f\u0645\u0645\u062a \u062e\u0635\u064a\u0635\u064b\u0627 \u0644\u0645\u0633\u0627\u0639\u062f\u062a\u0643 \u0639\u0644\u0649 \u0627\u0644\u062a\u062e\u0644\u0635 \u0645\u0646 \u0636\u063a\u0648\u0637&#8230;<\/p>\n","protected":false},"author":1,"featured_media":0,"parent":0,"menu_order":0,"comment_status":"closed","ping_status":"closed","template":"","meta":{"_monsterinsights_skip_tracking":false,"_monsterinsights_sitenote_active":false,"_monsterinsights_sitenote_note":"","_monsterinsights_sitenote_category":0,"footnotes":""},"class_list":["post-15632","page","type-page","status-publish","hentry"],"aioseo_notices":[],"_links":{"self":[{"href":"https:\/\/www.siahotel.com.tr\/ar\/wp-json\/wp\/v2\/pages\/15632","targetHints":{"allow":["GET"]}}],"collection":[{"href":"https:\/\/www.siahotel.com.tr\/ar\/wp-json\/wp\/v2\/pages"}],"about":[{"href":"https:\/\/www.siahotel.com.tr\/ar\/wp-json\/wp\/v2\/types\/page"}],"author":[{"embeddable":true,"href":"https:\/\/www.siahotel.com.tr\/ar\/wp-json\/wp\/v2\/users\/1"}],"replies":[{"embeddable":true,"href":"https:\/\/www.siahotel.com.tr\/ar\/wp-json\/wp\/v2\/comments?post=15632"}],"version-history":[{"count":28,"href":"https:\/\/www.siahotel.com.tr\/ar\/wp-json\/wp\/v2\/pages\/15632\/revisions"}],"predecessor-version":[{"id":18199,"href":"https:\/\/www.siahotel.com.tr\/ar\/wp-json\/wp\/v2\/pages\/15632\/revisions\/18199"}],"wp:attachment":[{"href":"https:\/\/www.siahotel.com.tr\/ar\/wp-json\/wp\/v2\/media?parent=15632"}],"curies":[{"name":"wp","href":"https:\/\/api.w.org\/{rel}","templated":true}]}}