{"id":15203,"date":"2025-08-01T14:23:12","date_gmt":"2025-08-01T14:23:12","guid":{"rendered":"https:\/\/www.siahotel.com.tr\/ar\/?page_id=15203"},"modified":"2025-09-04T13:03:47","modified_gmt":"2025-09-04T13:03:47","slug":"visbody","status":"publish","type":"page","link":"https:\/\/www.siahotel.com.tr\/ar\/visbody\/","title":{"rendered":"Visbody"},"content":{"rendered":"\t\t<div data-elementor-type=\"wp-page\" data-elementor-id=\"15203\" class=\"elementor elementor-15203\">\n\t\t\t\t<div class=\"elementor-element elementor-element-1feb4d03 e-flex e-con-boxed tm-col-stretched-none tm-bg-color-over-image e-con e-parent\" data-id=\"1feb4d03\" data-element_type=\"container\">\n\t\t\t\t\t<div class=\"e-con-inner\">\n\t\t\t\t<div class=\"elementor-element elementor-element-309450af elementor-widget elementor-widget-spacer\" data-id=\"309450af\" data-element_type=\"widget\" data-widget_type=\"spacer.default\">\n\t\t\t\t\t\t\t<div class=\"elementor-spacer\">\n\t\t\t<div class=\"elementor-spacer-inner\"><\/div>\n\t\t<\/div>\n\t\t\t\t\t\t<\/div>\n\t\t\t\t\t<\/div>\n\t\t\t\t<\/div>\n\t\t<div class=\"elementor-element elementor-element-1fbb11f2 e-flex e-con-boxed tm-col-stretched-none tm-bg-color-over-image e-con e-parent\" data-id=\"1fbb11f2\" data-element_type=\"container\">\n\t\t\t\t\t<div class=\"e-con-inner\">\n\t\t\t\t<div class=\"elementor-element elementor-element-727041c2 horizontal-line-align-left vertical-line-align-bottom elementor-widget elementor-widget-tm-ele-section-title\" data-id=\"727041c2\" data-element_type=\"widget\" data-widget_type=\"tm-ele-section-title.default\">\n\t\t\t\t<div class=\"elementor-widget-container\">\n\t\t\t\t\t<div class=\"tm-sc-section-title section-title line-left-current-theme \">\r\n\t<div class=\"title-wrapper\">\r\n\t\t\t\t\r\n\r\n<div class=\"sub-title-outer\">\r\n\t\t<div class=\"subtitle \">\r\n\r\n\t\t\r\n\t\tSEREN\u0130TY\t<\/div>\r\n\t<\/div>\t\t\t<h1 class=\"title tm-split-text split-in-right\">\r\n\r\n\t\t\r\n\t\t\t\t<span class=\"title-part1 \">VISBODY<\/span>\r\n\t\t\t\t\r\n\t\t\r\n\t<\/h1>\r\n\t<div class=\"title-seperator-line\"><\/div>\t\t\t\t\t\t<\/div>\r\n<\/div>\t\t\t\t<\/div>\n\t\t\t\t<\/div>\n\t\t\t\t\t<\/div>\n\t\t\t\t<\/div>\n\t\t<div class=\"elementor-element elementor-element-287ac827 e-flex e-con-boxed tm-col-stretched-none tm-bg-color-over-image e-con e-parent\" data-id=\"287ac827\" data-element_type=\"container\">\n\t\t\t\t\t<div class=\"e-con-inner\">\n\t\t\t\t<div class=\"elementor-element elementor-element-7c22dcc5 elementor-widget elementor-widget-image\" data-id=\"7c22dcc5\" data-element_type=\"widget\" data-widget_type=\"image.default\">\n\t\t\t\t\t\t\t\t\t\t\t\t\t\t\t<img fetchpriority=\"high\" decoding=\"async\" width=\"1100\" height=\"550\" src=\"https:\/\/www.siahotel.com.tr\/ar\/wp-content\/uploads\/2025\/08\/WhatsApp-Image-2025-08-05-at-10.28.59-1-1100x550.jpeg\" class=\"attachment-hoteler_landscape size-hoteler_landscape wp-image-15827\" alt=\"Sia Hotel Serenity Visbody\" \/>\t\t\t\t\t\t\t\t\t\t\t\t\t\t\t<\/div>\n\t\t\t\t\t<\/div>\n\t\t\t\t<\/div>\n\t\t<div class=\"elementor-element elementor-element-d80b270 e-flex e-con-boxed tm-col-stretched-none tm-bg-color-over-image e-con e-parent\" data-id=\"d80b270\" data-element_type=\"container\">\n\t\t\t\t\t<div class=\"e-con-inner\">\n\t\t\t\t<div class=\"elementor-element elementor-element-144697b elementor-widget elementor-widget-spacer\" data-id=\"144697b\" data-element_type=\"widget\" data-widget_type=\"spacer.default\">\n\t\t\t\t\t\t\t<div class=\"elementor-spacer\">\n\t\t\t<div class=\"elementor-spacer-inner\"><\/div>\n\t\t<\/div>\n\t\t\t\t\t\t<\/div>\n\t\t\t\t\t<\/div>\n\t\t\t\t<\/div>\n\t\t<div class=\"elementor-element elementor-element-3c4b335d e-flex e-con-boxed tm-col-stretched-none tm-bg-color-over-image e-con e-parent\" data-id=\"3c4b335d\" data-element_type=\"container\">\n\t\t\t\t\t<div class=\"e-con-inner\">\n\t\t\t\t<div class=\"elementor-element elementor-element-497df5b2 elementor-widget elementor-widget-text-editor\" data-id=\"497df5b2\" data-element_type=\"widget\" data-widget_type=\"text-editor.default\">\n\t\t\t\t\t\t\t\t\t<hr data-start=\"71\" data-end=\"74\">\n<p style=\"text-align: right;\"><strong data-start=\"76\" data-end=\"153\">\u062a\u062c\u0631\u0628\u0629 \u0635\u062d\u064a\u0629 \u0648\u0639\u0627\u0641\u064a\u0629 \u0645\u062e\u0635\u0635\u0629 \u0645\u0646 \u062e\u0644\u0627\u0644 \u062a\u0642\u0627\u0631\u064a\u0631 \u0627\u0644\u0648\u0636\u0639 \u0627\u0644\u062b\u0644\u0627\u062b\u064a \u0627\u0644\u0623\u0628\u0639\u0627\u062f \u0648\u062a\u0631\u0643\u064a\u0628 \u0627\u0644\u062c\u0633\u0645<\/strong><\/p>\n<p style=\"text-align: right;\"><span style=\"color: #333333; font-weight: bold;\">Visbody<\/span>&nbsp; &nbsp; \u064a\u0628\u062f\u0623 \u0627\u0644\u062a\u063a\u064a\u064a\u0631 \u0627\u0644\u062d\u0642\u064a\u0642\u064a \u0628\u0627\u0644\u0648\u0639\u064a \u0644\u0627 \u064a\u0645\u0643\u0646\u0643 \u0623\u0646 \u062a\u0637\u0648\u0651\u0631 \u0623\u0648 \u062a\u064f\u062d\u0633\u0651\u0650\u0646 \u062c\u0633\u062f\u0643 \u062f\u0648\u0646 \u0641\u0647\u0645\u0647 \u0628\u0639\u0645\u0642 , \u0647\u0646\u0627 \u062a\u0638\u0647\u0631 \u062a\u0642\u0646\u064a\u0629 \u0645\u062a\u0642\u062f\u0645\u0629<\/p>\n<p style=\"text-align: right;\"><span data-start=\"274\" data-end=\"310\" style=\"font-weight: bold; color: #333333;\">Serenity Thermal, SPA &amp; Wellness \/&nbsp;<\/span><span style=\"margin-bottom: 0px; color: #333333; font-weight: bold;\">Visbody 3D<\/span><\/p>\n<p style=\"text-align: right;\">\u0646\u0642\u062f\u0651\u0645 \u062e\u062f\u0645\u0627\u062a \u0627\u0644\u0635\u062d\u0629 \u0648\u0627\u0644\u062a\u062c\u0645\u064a\u0644 \u0628\u0646\u0647\u062c \u0634\u0627\u0645\u0644 \u0648\u0646\u0633\u062a\u062e\u062f\u0645 \u0646\u0638\u0627\u0645 &nbsp;\u0644\u0644\u062a\u062d\u0644\u064a\u0644 \u0627\u0644\u062c\u0633\u062f\u064a \u0644\u062a\u0642\u064a\u064a\u0645 \u0628\u0646\u064a\u0629 \u0627\u0644\u062c\u0633\u0645 \u0639\u0644\u0645\u064a\u064b\u0627<\/p>\n<hr data-start=\"417\" data-end=\"420\">\n<p style=\"text-align: right;\"><strong data-start=\"422\" data-end=\"440\">&nbsp; &nbsp; &nbsp; &nbsp; &nbsp;&nbsp;<\/strong><span style=\"color: #333333; font-weight: bold;\">Visbody<\/span><strong data-start=\"422\" data-end=\"440\">&nbsp; &nbsp;\u0645\u0627 \u0647\u0648&nbsp;<\/strong><strong data-start=\"422\" data-end=\"440\">&nbsp;<\/strong><\/p>\n<p style=\"text-align: right;\">\u064a\u0642\u0648\u0645 \u062e\u0644\u0627\u0644 \u062b\u0648\u0627\u0646\u064d \u0628\u062a\u062d\u0644\u064a\u0644 \u0627\u0644\u0639\u062f\u064a\u062f \u0645\u0646 \u0627\u0644\u0645\u0624\u0634\u0631\u0627\u062a \u0627\u0644\u062d\u064a\u0648\u064a\u0629 \u0645\u062b\u0644 \u0628\u0646\u064a\u0629 \u0627\u0644\u0639\u0636\u0644\u0627\u062a\u060c \u062a\u0648\u0632\u064a\u0639 \u0627\u0644\u062f\u0647\u0648\u0646\u060c \u0648\u0636\u0639\u064a\u0629 \u0627\u0644\u062c\u0633\u0645 \u0648\u0627\u0644\u0642\u064a\u0645 \u0627\u0644\u0623\u064a\u0636\u064a\u0629\u060c \u0645\u0645\u0627 \u064a\u064f\u0645\u0643\u0651\u0646\u0643 \u0645\u0646 \u062a\u0635\u0645\u064a\u0645 \u062e\u0637\u0629 \u0635\u062d\u064a\u0629 \u0645\u062e\u0635\u0635\u0629<\/p>\n<hr data-start=\"598\" data-end=\"601\">\n<p style=\"text-align: right;\"><strong data-start=\"603\" data-end=\"632\">\u0627\u0644\u0645\u0643\u0648\u0646\u0627\u062a \u0627\u0644\u062a\u0642\u0646\u064a\u0629 \u0627\u0644\u0623\u0633\u0627\u0633\u064a\u0629<\/strong><\/p>\n<p data-start=\"637\" data-end=\"742\" style=\"text-align: right;\"><strong data-start=\"637\" data-end=\"680\">\u062a\u062d\u0644\u064a\u0644 \u0627\u0644\u0645\u0642\u0627\u0648\u0645\u0629 \u0627\u0644\u0643\u0647\u0631\u0628\u0627\u0626\u064a\u0629 \u0627\u0644\u062d\u064a\u0648\u064a\u0629<\/strong><b>: <\/b>\u064a\u0642\u064a\u0633 \u0646\u0633\u0628 \u0627\u0644\u0639\u0636\u0644\u0627\u062a\u060c \u0627\u0644\u062f\u0647\u0648\u0646\u060c \u0648\u0627\u0644\u0633\u0648\u0627\u0626\u0644 \u062f\u0627\u062e\u0644 \u0627\u0644\u062c\u0633\u0645 \u0628\u0637\u0631\u064a\u0642\u0629 \u062f\u0642\u064a\u0642\u0629<\/p>\n<p data-start=\"745\" data-end=\"867\" style=\"text-align: right;\">&nbsp;<strong data-start=\"745\" data-end=\"787\">\u0627\u0644\u0645\u0633\u062d \u0627\u0644\u0641\u0648\u0631\u064a \u062b\u0644\u0627\u062b\u064a \u0627\u0644\u0623\u0628\u0639\u0627\u062f \u0644\u0644\u062c\u0633\u0645<\/strong><b>: <\/b>\u064a\u0648\u0644\u0651\u062f \u0646\u0645\u0648\u0630\u062c \u062b\u0644\u0627\u062b\u064a \u0627\u0644\u0623\u0628\u0639\u0627\u062f \u0644\u0644\u062c\u0633\u0645 \u0648\u064a\u062d\u0644\u0644 \u0648\u0636\u0639 \u0627\u0644\u062c\u0633\u0645 \u0648\u0627\u0633\u062a\u0642\u0631\u0627\u0631\u0647 \u0627\u0644\u0628\u0646\u064a\u0648\u064a \u0628\u062f\u0642\u0629 \u0645\u062a\u0646\u0627\u0647\u064a\u0629<\/p>\n<hr data-start=\"869\" data-end=\"872\">\n<p style=\"text-align: right;\"><strong data-start=\"874\" data-end=\"903\">&nbsp;&nbsp;<\/strong><span style=\"color: #333333; font-weight: bold;\">Visbody<\/span><strong data-start=\"874\" data-end=\"903\">&nbsp; \u0645\u0627\u0630\u0627 \u062a\u0642\u062f\u0645 \u062a\u0642\u0627\u0631\u064a\u0631&nbsp; &nbsp;<\/strong><\/p>\n<p data-start=\"908\" data-end=\"1065\" style=\"text-align: right;\"><strong data-start=\"908\" data-end=\"952\">\u062a\u062d\u0644\u064a\u0644\u0627\u062a \u062a\u0643\u0648\u064a\u0646 \u0627\u0644\u062c\u0633\u0645 (15 \u0645\u0624\u0634\u0631\u064b\u0627 \u0631\u0626\u064a\u0633\u064a\u064b\u0627):<\/strong> \u062a\u062a\u0636\u0645\u0646 \u0627\u0644\u0643\u062a\u0644\u0629 \u0627\u0644\u0639\u0636\u0644\u064a\u0629\u060c \u0627\u0644\u062f\u0647\u0648\u0646 \u0627\u0644\u062d\u0634\u0648\u064a\u0629\u060c \u0646\u0633\u0628\u0629 \u0627\u0644\u062f\u0647\u0648\u0646\u060c \u0645\u0639\u062f\u0644 \u0627\u0644\u0623\u064a\u0636\u060c \u0645\u0624\u0634\u0631 \u0643\u062a\u0644\u0629 \u0627\u0644\u062c\u0633\u0645\u060c \u0627\u0644\u0646\u0633\u0628\u0629 \u0628\u064a\u0646 \u0627\u0644\u062e\u0635\u0631 \u0648\u0627\u0644\u0648\u0631\u0643 \u0648\u063a\u064a\u0631\u0647\u0627<\/p>\n<p data-start=\"1068\" data-end=\"1201\" style=\"text-align: right;\"><strong data-start=\"1068\" data-end=\"1103\">\u0646\u0645\u0630\u062c\u0629 \u0645\u062d\u064a\u0637 \u0627\u0644\u062c\u0633\u0645 \u062b\u0644\u0627\u062b\u064a \u0627\u0644\u0623\u0628\u0639\u0627\u062f:<\/strong> \u064a\u062a\u0645 \u0625\u0646\u062a\u0627\u062c \u0646\u0645\u0648\u0630\u062c \u0631\u0642\u0645\u064a \u0644\u0644\u062c\u0633\u0645 \u0641\u064a \u063a\u0636\u0648\u0646 \u062b\u0648\u0627\u0646\u064d\u060c \u0645\u0639 \u0642\u064a\u0627\u0633\u0627\u062a \u062f\u0642\u064a\u0642\u0629 \u0644\u0645\u062d\u064a\u0637 \u0627\u0644\u062e\u0635\u0631\u060c \u0627\u0644\u0648\u0631\u0643\u060c \u0627\u0644\u0630\u0631\u0627\u0639\u064a\u0646 \u0648\u0627\u0644\u0633\u0627\u0642\u064a\u0646<\/p>\n<p data-start=\"1204\" data-end=\"1362\" style=\"text-align: right;\"><strong data-start=\"1204\" data-end=\"1239\">\u062a\u062d\u0644\u064a\u0644 \u0627\u0644\u0648\u0636\u0639\u064a\u0629 (9 \u0645\u0639\u0627\u064a\u064a\u0631 \u062f\u0642\u064a\u0642\u0629):<\/strong> \u0645\u062b\u0644 \u0645\u064a\u0644 \u0627\u0644\u0631\u0623\u0633 \u0625\u0644\u0649 \u0627\u0644\u0623\u0645\u0627\u0645\u060c \u062a\u0641\u0627\u0648\u062a \u0627\u0631\u062a\u0641\u0627\u0639 \u0627\u0644\u0623\u0643\u062a\u0627\u0641\u060c \u0627\u0646\u062d\u0646\u0627\u0621 \u0627\u0644\u062d\u0648\u0636\u060c \u062a\u0642\u064a\u064a\u0645 \u0627\u0644\u0631\u0643\u0628\u062a\u064a\u0646 \u0648\u0646\u0648\u0639 \u0627\u0644\u0633\u0627\u0642 \u0644\u0644\u062a\u062d\u0642\u0642 \u0645\u0646 \u0623\u064a \u0627\u062e\u062a\u0644\u0627\u0644\u0627\u062a \u0641\u064a \u0627\u0644\u062a\u0648\u0627\u0632\u0646<\/p>\n<p data-start=\"1365\" data-end=\"1454\" style=\"text-align: right;\"><strong data-start=\"1365\" data-end=\"1387\">\u062a\u0642\u064a\u064a\u0645 \u0648\u0638\u064a\u0641\u0629 \u0627\u0644\u0643\u062a\u0641:<\/strong> \u064a\u062d\u062f\u062f \u0645\u062f\u0649 \u062d\u0631\u0643\u0629 \u0627\u0644\u0643\u062a\u0641\u064a\u0646 \u0645\u062b\u0644 \u0627\u0644\u0631\u0641\u0639 \u0648\u0627\u0644\u0627\u0646\u062b\u0646\u0627\u0621\u060c \u0648\u064a\u0643\u0634\u0641 \u0639\u0646 \u0623\u064a \u0642\u064a\u0648\u062f \u0645\u062d\u062a\u0645\u0644\u0629<\/p>\n<hr data-start=\"1456\" data-end=\"1459\">\n<p style=\"text-align: right;\"><strong data-start=\"1461\" data-end=\"1483\">Visbody&nbsp; &nbsp; \u0644\u0645\u0646 \u064a\u0646\u0627\u0633\u0628&nbsp;<\/strong><br data-start=\"1483\" data-end=\"1486\">\u0627\u0644\u0631\u064a\u0627\u0636\u064a\u0648\u0646 \u0627\u0644\u0630\u064a\u0646 \u064a\u062a\u0627\u0628\u0639\u0648\u0646 \u062a\u0637\u0648\u0631 \u0623\u062c\u0633\u0627\u0645\u0647\u0645<br data-start=\"1524\" data-end=\"1527\">\u0627\u0644\u0631\u0627\u063a\u0628\u0648\u0646 \u0628\u0641\u0642\u062f\u0627\u0646 \u0627\u0644\u0648\u0632\u0646 \u0623\u0648 \u0634\u062f \u0627\u0644\u062c\u0633\u0645<br data-start=\"1562\" data-end=\"1565\">\u0645\u0646 \u064a\u0639\u0627\u0646\u064a \u0622\u0644\u0627\u0645\u0627\u064b \u0641\u064a \u0627\u0644\u0631\u0642\u0628\u0629 \u0623\u0648 \u0627\u0644\u0638\u0647\u0631 \u0623\u0648 \u062a\u0634\u0648\u0647\u0627\u062a \u0641\u064a \u0627\u0644\u0648\u0636\u0639\u064a\u0629<br data-start=\"1622\" data-end=\"1625\">\u0627\u0644\u0623\u0634\u062e\u0627\u0635 \u0641\u064a \u0645\u0631\u062d\u0644\u0629 \u0625\u0639\u0627\u062f\u0629 \u0627\u0644\u062a\u0623\u0647\u064a\u0644 \u0628\u0639\u062f \u0627\u0644\u0639\u0645\u0644\u064a\u0627\u062a \u0627\u0644\u062c\u0631\u0627\u062d\u064a\u0629<br data-start=\"1679\" data-end=\"1682\">\u062c\u0645\u064a\u0639 \u0645\u0646 \u064a\u0631\u063a\u0628 \u0641\u064a \u0641\u0647\u0645 \u0639\u0644\u0645\u064a \u062f\u0642\u064a\u0642 \u0644\u0628\u0646\u064a\u0629 \u062c\u0633\u062f\u0647<\/p>\n<hr data-start=\"1726\" data-end=\"1729\">\n<p style=\"text-align: right;\"><strong data-start=\"1731\" data-end=\"1763\">\u0645\u0645\u064a\u0632\u064b\u0627&nbsp; Visbody \u0645\u0627 \u0627\u0644\u0630\u064a \u064a\u062c\u0639\u0644<\/strong><br data-start=\"1763\" data-end=\"1766\">\u064a\u0642\u062f\u0645 \u062a\u062d\u0644\u064a\u0644\u0627\u064b \u0623\u0639\u0645\u0642 \u0645\u0646 \u0645\u062c\u0631\u062f \u0633\u0624\u0627\u0644 &#8220;\u0643\u0645 \u0648\u0632\u0646\u062a\u061f&#8221; \u0648\u064a\u062c\u064a\u0628 \u0628\u062f\u0642\u0629 \u0639\u0644\u0649 \u0623\u0633\u0626\u0644\u0629 \u0645\u0641\u0635\u0644\u0651\u0629 \u0645\u062b\u0644<br data-start=\"1840\" data-end=\"1843\">\u0647\u0644 \u0627\u0644\u062f\u0647\u0648\u0646 \u0645\u0631\u0643\u0632\u0629 \u062d\u0648\u0644 \u0627\u0644\u0623\u0639\u0636\u0627\u0621 \u0627\u0644\u062f\u0627\u062e\u0644\u064a\u0629\u061f<br data-start=\"1880\" data-end=\"1883\">\u0647\u0644 \u0646\u0633\u0628\u0629 \u0627\u0644\u0639\u0636\u0644\u0627\u062a \u0625\u0644\u0649 \u0627\u0644\u062f\u0647\u0648\u0646 \u0645\u062a\u0648\u0627\u0632\u0646\u0629\u061f<br data-start=\"1918\" data-end=\"1921\">\u0647\u0644 \u0648\u0636\u0639\u064a\u0651\u0629 \u0627\u0644\u0639\u0645\u0648\u062f \u0627\u0644\u0641\u0642\u0631\u064a \u062a\u0633\u0628\u0628 \u062c\u0647\u062f\u0627\u064b \u0632\u0627\u0626\u062f\u0627\u064b \u0639\u0644\u0649 \u0627\u0644\u0641\u0642\u0631\u0627\u062a\u061f<br data-start=\"1975\" data-end=\"1978\">\u0643\u0644 \u0630\u0644\u0643 \u0645\u062f\u0639\u0648\u0645 \u0628\u0628\u064a\u0627\u0646\u0627\u062a \u0639\u0644\u0645\u064a\u0629 \u062f\u0642\u064a\u0642\u0629<\/p>\n<p style=\"text-align: right;\">\u0628\u0627\u0633\u062a\u062e\u062f\u0627\u0645 \u0647\u0630\u0647 \u0627\u0644\u0628\u064a\u0627\u0646\u0627\u062a\u060c \u064a\u0642\u0648\u0645 \u0645\u0633\u062a\u0634\u0627\u0631\u0648 \u0628\u062a\u0635\u0645\u064a\u0645 \u0628\u0631\u0627\u0645\u062c \u063a\u0630\u0627\u0626\u064a\u0629\u060c \u062c\u0644\u0633\u0627\u062a \u0645\u0633\u0627\u062c\u060c \u0639\u0644\u0627\u062c\u0627\u062a \u0623\u0648 \u062a\u0645\u0627\u0631\u064a\u0646 \u0645\u062e\u0635\u0635\u0629 \u0644\u062a\u062d\u0633\u064a\u0646 \u062a\u062c\u0631\u0628\u062a\u0643 \u0627\u0644\u0635\u062d\u064a\u0629 \u0648\u0627\u0644\u0639\u0627\u0641\u064a\u0629<\/p>\n<p style=\"text-align: right;\"><strong data-start=\"2149\" data-end=\"2165\">\u0622\u0631\u0627\u0621 \u0627\u0644\u0636\u064a\u0648\u0641<\/strong><br data-start=\"2165\" data-end=\"2168\"><span style=\"color: #333333; font-weight: bold;\">Visbody<\/span><span data-start=\"874\" data-end=\"903\" style=\"font-weight: bold; color: #333333; margin-bottom: 0px;\">&nbsp;&nbsp;<\/span>&nbsp; \u064a\u0630\u0643\u0631 \u0627\u0644\u0639\u062f\u064a\u062f \u0645\u0646 \u0627\u0644\u0636\u064a\u0648\u0641 \u0628\u0639\u062f \u062a\u062c\u0631\u0628\u062a\u0647\u0645 \u0627\u0644\u0623\u0648\u0644\u0649 \u0645\u0639<br data-start=\"2220\" data-end=\"2223\">\u0644\u0645 \u0623\u062f\u0631\u0643 \u0645\u062f\u0649 \u0627\u062e\u062a\u0644\u0627\u0644 \u0648\u0636\u0639\u064a\u062a\u064a \u0643\u0627\u0646\u062a \u0646\u0633\u0628\u0629 \u0639\u0636\u0644\u0627\u062a\u064a \u0623\u0639\u0644\u0649 \u0645\u0645\u0627 \u062a\u0648\u0642\u0639\u062a\u060c \u0648\u0647\u0630\u0627 \u062d\u0641\u0651\u0632\u0646\u064a \u0641\u0647\u0645\u062a \u0623\u0646 \u0627\u0644\u0647\u062f\u0641 \u0644\u064a\u0633 \u0645\u062c\u0631\u062f \u0627\u0644\u0646\u062d\u0627\u0641\u0629 \u0628\u0644 \u0627\u0644\u062a\u0643\u0648\u064a\u0646 \u0627\u0644\u0635\u062d\u064a\u062d \u0627\u0644\u0645\u062a\u0627\u0628\u0639\u0629 \u0627\u0644\u0645\u0646\u062a\u0638\u0645\u0629 \u0644\u0644\u062a\u0642\u0627\u0631\u064a\u0631 \u062a\u0633\u0627\u0639\u062f\u0643 \u0639\u0644\u0649 \u0627\u0644\u0648\u0635\u0648\u0644 \u0644\u0623\u0647\u062f\u0627\u0641\u0643 \u0627\u0644\u062c\u0633\u062f\u064a\u0629 \u0628\u0648\u0639\u064a \u0648\u0641\u0639\u0627\u0644\u064a\u0629 \u0623\u0643\u0628\u0631<\/p>\t\t\t\t\t\t\t\t<\/div>\n\t\t\t\t\t<\/div>\n\t\t\t\t<\/div>\n\t\t<div class=\"elementor-element elementor-element-2335701 e-flex e-con-boxed tm-col-stretched-none tm-bg-color-over-image e-con e-parent\" data-id=\"2335701\" data-element_type=\"container\">\n\t\t\t\t\t<div class=\"e-con-inner\">\n\t\t\t\t<div class=\"elementor-element elementor-element-df4fc79 elementor-widget elementor-widget-spacer\" data-id=\"df4fc79\" data-element_type=\"widget\" data-widget_type=\"spacer.default\">\n\t\t\t\t\t\t\t<div class=\"elementor-spacer\">\n\t\t\t<div class=\"elementor-spacer-inner\"><\/div>\n\t\t<\/div>\n\t\t\t\t\t\t<\/div>\n\t\t\t\t\t<\/div>\n\t\t\t\t<\/div>\n\t\t<div class=\"elementor-element elementor-element-aac509e e-flex e-con-boxed tm-col-stretched-none tm-bg-color-over-image e-con e-parent\" data-id=\"aac509e\" data-element_type=\"container\">\n\t\t\t\t\t<div class=\"e-con-inner\">\n\t\t<div class=\"elementor-element elementor-element-d2c34ce e-con-full e-flex tm-col-stretched-none tm-bg-color-over-image e-con e-child\" data-id=\"d2c34ce\" data-element_type=\"container\" data-settings=\"{&quot;background_background&quot;:&quot;classic&quot;}\">\n\t\t<div class=\"elementor-element elementor-element-f5b9cc5 e-con-full e-flex tm-col-stretched-none tm-bg-color-over-image e-con e-child\" data-id=\"f5b9cc5\" data-element_type=\"container\">\n\t\t\t\t<div class=\"elementor-element elementor-element-6555dc8 elementor-widget elementor-widget-heading\" data-id=\"6555dc8\" data-element_type=\"widget\" data-widget_type=\"heading.default\">\n\t\t\t\t\t<h3 class=\"elementor-heading-title elementor-size-default\"><a href=\"tel:+902243240202\">\u0627\u062a\u0635\u0644 \u0628\u0646\u0627 \u0644\u0645\u0632\u064a\u062f \u0645\u0646 \u0627\u0644\u0645\u0639\u0644\u0648\u0645\u0627\u062a<\/a><\/h3>\t\t\t\t<\/div>\n\t\t\t\t<div class=\"elementor-element elementor-element-e904e0f elementor-widget elementor-widget-tm-ele-social-links\" data-id=\"e904e0f\" data-element_type=\"widget\" data-widget_type=\"tm-ele-social-links.default\">\n\t\t\t\t<div class=\"elementor-widget-container\">\n\t\t\t\t\t<ul class=\"tm-sc-social-links links-outlined\">\r\n\r\n\t\t\t<li><a class=\"social-link\" aria-label=\"Social Link\" href=\"https:\/\/www.facebook.com\/siahotelthermalspa\" target=\"_self\"><i class=\"fa fa-facebook\"><\/i><\/a><\/li>\r\n\t\t\r\n\t\t<li><a class=\"social-link\" aria-label=\"Social Link\" href=\"https:\/\/www.linkedin.com\/company\/sia-hotel-thermal-spa\/\" target=\"_self\"><i class=\"fa fa-linkedin\"><\/i><\/a><\/li>\r\n\t\t\t<li><a class=\"social-link\" aria-label=\"Social Link\" href=\"https:\/\/www.instagram.com\/siahotelthermalspa\" target=\"_self\"><i class=\"fa fa-instagram\"><\/i><\/a><\/li>\r\n\t\t\r\n\t\t\t<\/ul>\t\t\t\t<\/div>\n\t\t\t\t<\/div>\n\t\t\t\t<\/div>\n\t\t\t\t<\/div>\n\t\t\t\t\t<\/div>\n\t\t\t\t<\/div>\n\t\t<div class=\"elementor-element elementor-element-4904e43a e-flex e-con-boxed tm-col-stretched-none tm-bg-color-over-image e-con e-parent\" data-id=\"4904e43a\" data-element_type=\"container\">\n\t\t\t\t\t<div class=\"e-con-inner\">\n\t\t<div class=\"elementor-element elementor-element-2be50a7c e-con-full tm-col-stretched-none e-flex tm-bg-color-over-image e-con e-child\" data-id=\"2be50a7c\" data-element_type=\"container\">\n\t\t\t\t<div class=\"elementor-element elementor-element-f78fcdf elementor-widget elementor-widget-shortcode\" data-id=\"f78fcdf\" data-element_type=\"widget\" data-widget_type=\"shortcode.default\">\n\t\t\t\t\t\t\t<div class=\"elementor-shortcode\">\t\t<div id=\"sbi_mod_error\" >\n\t\t\t<span>Bu hata mesaj\u0131n\u0131 yaln\u0131zca WordPress y\u00f6neticileri g\u00f6rebilir<\/span><br\/>\n\t\t\t<p><strong>Hata: 1 kimli\u011fine sahip hi\u00e7bir ak\u0131\u015f bulunamad\u0131.<\/strong>\n\t\t\t<p>Bir ak\u0131\u015f olu\u015fturmak i\u00e7in l\u00fctfen Instagram Ak\u0131\u015f\u0131 ayarlar sayfas\u0131na gidin.<\/p>\n\t\t<\/div>\n\t\t<\/div>\n\t\t\t\t\t\t<\/div>\n\t\t\t\t<\/div>\n\t\t\t\t\t<\/div>\n\t\t\t\t<\/div>\n\t\t\t\t<\/div>\n\t\t","protected":false},"excerpt":{"rendered":"<p>SEREN\u0130TY VISBODY \u062a\u062c\u0631\u0628\u0629 \u0635\u062d\u064a\u0629 \u0648\u0639\u0627\u0641\u064a\u0629 \u0645\u062e\u0635\u0635\u0629 \u0645\u0646 \u062e\u0644\u0627\u0644 \u062a\u0642\u0627\u0631\u064a\u0631 \u0627\u0644\u0648\u0636\u0639 \u0627\u0644\u062b\u0644\u0627\u062b\u064a \u0627\u0644\u0623\u0628\u0639\u0627\u062f \u0648\u062a\u0631\u0643\u064a\u0628 \u0627\u0644\u062c\u0633\u0645 Visbody&nbsp; &nbsp; \u064a\u0628\u062f\u0623 \u0627\u0644\u062a\u063a\u064a\u064a\u0631 \u0627\u0644\u062d\u0642\u064a\u0642\u064a \u0628\u0627\u0644\u0648\u0639\u064a&#8230;<\/p>\n","protected":false},"author":1,"featured_media":0,"parent":0,"menu_order":0,"comment_status":"closed","ping_status":"closed","template":"","meta":{"_monsterinsights_skip_tracking":false,"_monsterinsights_sitenote_active":false,"_monsterinsights_sitenote_note":"","_monsterinsights_sitenote_category":0,"footnotes":""},"class_list":["post-15203","page","type-page","status-publish","hentry"],"aioseo_notices":[],"_links":{"self":[{"href":"https:\/\/www.siahotel.com.tr\/ar\/wp-json\/wp\/v2\/pages\/15203","targetHints":{"allow":["GET"]}}],"collection":[{"href":"https:\/\/www.siahotel.com.tr\/ar\/wp-json\/wp\/v2\/pages"}],"about":[{"href":"https:\/\/www.siahotel.com.tr\/ar\/wp-json\/wp\/v2\/types\/page"}],"author":[{"embeddable":true,"href":"https:\/\/www.siahotel.com.tr\/ar\/wp-json\/wp\/v2\/users\/1"}],"replies":[{"embeddable":true,"href":"https:\/\/www.siahotel.com.tr\/ar\/wp-json\/wp\/v2\/comments?post=15203"}],"version-history":[{"count":38,"href":"https:\/\/www.siahotel.com.tr\/ar\/wp-json\/wp\/v2\/pages\/15203\/revisions"}],"predecessor-version":[{"id":18293,"href":"https:\/\/www.siahotel.com.tr\/ar\/wp-json\/wp\/v2\/pages\/15203\/revisions\/18293"}],"wp:attachment":[{"href":"https:\/\/www.siahotel.com.tr\/ar\/wp-json\/wp\/v2\/media?parent=15203"}],"curies":[{"name":"wp","href":"https:\/\/api.w.org\/{rel}","templated":true}]}}