{"id":15197,"date":"2025-08-01T14:19:18","date_gmt":"2025-08-01T14:19:18","guid":{"rendered":"https:\/\/www.siahotel.com.tr\/ar\/?page_id=15197"},"modified":"2025-09-04T12:57:05","modified_gmt":"2025-09-04T12:57:05","slug":"anduwell","status":"publish","type":"page","link":"https:\/\/www.siahotel.com.tr\/ar\/anduwell\/","title":{"rendered":"Andwell"},"content":{"rendered":"\t\t<div data-elementor-type=\"wp-page\" data-elementor-id=\"15197\" class=\"elementor elementor-15197\">\n\t\t\t\t<div class=\"elementor-element elementor-element-5dcdeac e-flex e-con-boxed tm-col-stretched-none tm-bg-color-over-image e-con e-parent\" data-id=\"5dcdeac\" data-element_type=\"container\">\n\t\t\t\t\t<div class=\"e-con-inner\">\n\t\t\t\t<div class=\"elementor-element elementor-element-142c7058 elementor-widget elementor-widget-spacer\" data-id=\"142c7058\" data-element_type=\"widget\" data-widget_type=\"spacer.default\">\n\t\t\t\t\t\t\t<div class=\"elementor-spacer\">\n\t\t\t<div class=\"elementor-spacer-inner\"><\/div>\n\t\t<\/div>\n\t\t\t\t\t\t<\/div>\n\t\t\t\t\t<\/div>\n\t\t\t\t<\/div>\n\t\t<div class=\"elementor-element elementor-element-240839cc e-flex e-con-boxed tm-col-stretched-none tm-bg-color-over-image e-con e-parent\" data-id=\"240839cc\" data-element_type=\"container\">\n\t\t\t\t\t<div class=\"e-con-inner\">\n\t\t\t\t<div class=\"elementor-element elementor-element-de82d93 horizontal-line-align-left vertical-line-align-bottom elementor-widget elementor-widget-tm-ele-section-title\" data-id=\"de82d93\" data-element_type=\"widget\" data-widget_type=\"tm-ele-section-title.default\">\n\t\t\t\t<div class=\"elementor-widget-container\">\n\t\t\t\t\t<div class=\"tm-sc-section-title section-title line-left-current-theme \">\r\n\t<div class=\"title-wrapper\">\r\n\t\t\t\t\r\n\r\n<div class=\"sub-title-outer\">\r\n\t\t<div class=\"subtitle \">\r\n\r\n\t\t\r\n\t\tSEREN\u0130TY\t<\/div>\r\n\t<\/div>\t\t\t<h1 class=\"title tm-split-text split-in-right\">\r\n\r\n\t\t\r\n\t\t\t\t<span class=\"title-part1 \">ANDUWELL<\/span>\r\n\t\t\t\t\r\n\t\t\r\n\t<\/h1>\r\n\t<div class=\"title-seperator-line\"><\/div>\t\t\t\t\t\t<\/div>\r\n<\/div>\t\t\t\t<\/div>\n\t\t\t\t<\/div>\n\t\t\t\t\t<\/div>\n\t\t\t\t<\/div>\n\t\t<div class=\"elementor-element elementor-element-4e0b9c27 e-flex e-con-boxed tm-col-stretched-none tm-bg-color-over-image e-con e-parent\" data-id=\"4e0b9c27\" data-element_type=\"container\">\n\t\t\t\t\t<div class=\"e-con-inner\">\n\t\t\t\t<div class=\"elementor-element elementor-element-1a4ce0af elementor-widget elementor-widget-image\" data-id=\"1a4ce0af\" data-element_type=\"widget\" data-widget_type=\"image.default\">\n\t\t\t\t\t\t\t\t\t\t\t\t\t\t\t<img fetchpriority=\"high\" decoding=\"async\" width=\"1100\" height=\"550\" src=\"https:\/\/www.siahotel.com.tr\/ar\/wp-content\/uploads\/2025\/08\/WhatsApp-Image-2025-08-01-at-13.51.55-2-1100x550.jpeg\" class=\"attachment-hoteler_landscape size-hoteler_landscape wp-image-15063\" alt=\"Sia Hotel Serenity Anduwell\" \/>\t\t\t\t\t\t\t\t\t\t\t\t\t\t\t<\/div>\n\t\t\t\t\t<\/div>\n\t\t\t\t<\/div>\n\t\t<div class=\"elementor-element elementor-element-596ada6 e-flex e-con-boxed tm-col-stretched-none tm-bg-color-over-image e-con e-parent\" data-id=\"596ada6\" data-element_type=\"container\">\n\t\t\t\t\t<div class=\"e-con-inner\">\n\t\t\t\t<div class=\"elementor-element elementor-element-0672add elementor-widget elementor-widget-spacer\" data-id=\"0672add\" data-element_type=\"widget\" data-widget_type=\"spacer.default\">\n\t\t\t\t\t\t\t<div class=\"elementor-spacer\">\n\t\t\t<div class=\"elementor-spacer-inner\"><\/div>\n\t\t<\/div>\n\t\t\t\t\t\t<\/div>\n\t\t\t\t\t<\/div>\n\t\t\t\t<\/div>\n\t\t<div class=\"elementor-element elementor-element-1c4049a0 e-flex e-con-boxed tm-col-stretched-none tm-bg-color-over-image e-con e-parent\" data-id=\"1c4049a0\" data-element_type=\"container\">\n\t\t\t\t\t<div class=\"e-con-inner\">\n\t\t\t\t<div class=\"elementor-element elementor-element-7db100a3 elementor-widget elementor-widget-text-editor\" data-id=\"7db100a3\" data-element_type=\"widget\" data-widget_type=\"text-editor.default\">\n\t\t\t\t\t\t\t\t\t<p style=\"text-align: right;\"><strong>\u0627\u0644\u062a\u0648\u0627\u0632\u0646 \u0627\u0644\u0628\u064a\u0648\u0641\u0633\u064a\u0627\u0626\u064a\u060c \u0627\u0633\u062a\u0631\u062e\u0627\u0621 \u0639\u0645\u064a\u0642 \u0644\u0644\u0639\u0636\u0644\u0627\u062a\u060c \u0648\u0647\u062f\u0648\u0621 \u0630\u0647\u0646\u064a \u0641\u064a \u0646\u0638\u0627\u0645 \u0648\u0627\u062d\u062f<\/strong><\/p>\n<p style=\"text-align: right;\">\u0630\u0647\u0646\u0643 \u0645\u062a\u0639\u0628\u060c \u0639\u0636\u0644\u0627\u062a\u0643 \u0645\u0634\u062f\u0648\u062f\u0629\u060c \u0648\u0637\u0627\u0642\u062a\u0643 \u0645\u0634\u062a\u062a\u0629\u2026 \u0644\u0645 \u064a\u0639\u062f \u0627\u0644\u062a\u062f\u0644\u064a\u0643 \u0648\u062d\u062f\u0647 \u0643\u0627\u0641\u064a\u0627\u064b<br>\u0644\u0643\u064a \u064a\u0633\u062a\u0639\u064a\u062f \u0627\u0644\u062c\u0633\u0645 \u0625\u064a\u0642\u0627\u0639\u0647 \u0627\u0644\u0637\u0628\u064a\u0639\u064a\u060c \u0641\u0625\u0646\u0647 \u0628\u062d\u0627\u062c\u0629 \u0625\u0644\u0649 \u062a\u0648\u0627\u0632\u0646 \u0644\u064a\u0633 \u0641\u0642\u0637 \u0639\u0644\u0649 \u0627\u0644\u0645\u0633\u062a\u0648\u0649 \u0627\u0644\u062c\u0633\u062f\u064a\u060c \u0628\u0644 \u0623\u064a\u0636\u064b\u0627 \u0639\u0644\u0649 \u0627\u0644\u0645\u0633\u062a\u0648\u0649 \u0627\u0644\u0628\u064a\u0648\u0641\u0633\u064a\u0627\u0626\u064a \u0641\u064a<\/p>\n<p style=\"text-align: right;\"><span style=\"font-weight: bold; color: #333333;\">Serenity Thermal, SPA &amp; Wellness\/<\/span><span style=\"color: #333333; font-weight: bold;\">Anduwell&nbsp;4&nbsp;Professional<\/span><\/p>\n<p style=\"text-align: right;\">\u064a\u064f\u0642\u062f\u0651\u064e\u0645&nbsp;\u062a\u0643\u0646\u0648\u0644\u0648\u062c\u064a\u0627 \u0639\u0635\u0631\u064a\u0629 \u0635\u0645\u0645\u062a \u062e\u0635\u064a\u0635\u064b\u0627 \u0644\u0647\u0630\u0627 \u0627\u0644\u0647\u062f\u0641<\/p>\n<p style=\"text-align: right;\"><strong>\u0627\u0633\u062a\u0631\u062e\u0627\u0621 \u0639\u0645\u064a\u0642 \u0644\u0644\u0623\u0646\u0633\u062c\u0629\u060c \u062a\u0648\u0627\u0632\u0646 \u0627\u0644\u0637\u0627\u0642\u0629\u060c \u0648\u0631\u0627\u062d\u0629 \u0630\u0647\u0646\u064a\u0629\u2026 \u0643\u0644\u0647\u0627 \u0641\u064a \u0646\u0638\u0627\u0645 \u0648\u0627\u062d\u062f<\/strong><\/p>\n<p style=\"text-align: right;\"><span style=\"font-weight: bold; color: #333333;\">&nbsp;Anduwell&nbsp;4&nbsp;Professional<\/span>&nbsp;<strong>\u0645\u0627 \u0647\u0648&nbsp;<\/strong><\/p>\n<p style=\"text-align: right;\">\u064a\u0633\u062a\u062e\u062f\u0645&nbsp;\u0645\u0632\u064a\u062c\u064b\u0627 \u0645\u0646 <strong>\u0627\u0644\u0627\u0647\u062a\u0632\u0627\u0632 \u0627\u0644\u0645\u064a\u0643\u0627\u0646\u064a\u0643\u064a<\/strong> \u0648<strong>\u0627\u0644\u062d\u0631\u0627\u0631\u0629 \u0627\u0644\u0639\u0645\u064a\u0642\u0629<\/strong> \u0644\u064a\u062d\u0642\u0642 \u062a\u0623\u062b\u064a\u0631\u064b\u0627 \u0645\u062a\u0639\u062f\u062f \u0627\u0644\u0623\u0628\u0639\u0627\u062f \u0641\u064a \u0627\u0644\u062c\u0633\u0645 \u0625\u0644\u0649 \u062c\u0627\u0646\u0628 \u0627\u0633\u062a\u0647\u062f\u0627\u0641 \u0627\u0644\u0637\u0628\u0642\u0627\u062a \u0627\u0644\u0633\u0637\u062d\u064a\u0629 \u0645\u0646 \u0627\u0644\u0639\u0636\u0644\u0627\u062a\u060c \u0641\u0625\u0646 \u0647\u0630\u0627 \u0627\u0644\u0646\u0638\u0627\u0645 \u064a\u0631\u0643\u0632 \u0643\u0630\u0644\u0643 \u0639\u0644\u0649 \u0627\u0644\u0637\u0628\u0642\u0627\u062a \u0627\u0644\u0639\u0645\u064a\u0642\u0629 \u0645\u0646\u0647\u0627 \u0643\u0645\u0627 \u064a\u0639\u0645\u0644 \u0639\u0628\u0631 \u0628\u0631\u0627\u0645\u062c \u062a\u0624\u062b\u0631 \u0645\u0628\u0627\u0634\u0631\u0629 \u0639\u0644\u0649 \u0627\u0644\u062c\u0647\u0627\u0632 \u0627\u0644\u0644\u0645\u0641\u0627\u0648\u064a\u060c \u0627\u0644\u062f\u0648\u0631\u0629 \u0627\u0644\u062f\u0645\u0648\u064a\u0629\u060c \u0628\u0646\u064a\u0629 \u0627\u0644\u0639\u0636\u0644\u0627\u062a\u060c \u0648\u0646\u0642\u0627\u0637 \u0627\u0644\u0645\u064a\u0631\u064a\u062f\u064a\u0627\u0646<\/p>\n<p style=\"text-align: right;\"><strong>\u0627\u0644\u0645\u0628\u0627\u062f\u0626 \u0627\u0644\u062a\u0642\u0646\u064a\u0629<\/strong><br>\u062a\u0646\u0634\u064a\u0637 \u0627\u0644\u062e\u0644\u0627\u064a\u0627 \u2013 \u062f\u0639\u0645 \u062a\u062c\u062f\u062f\u0647\u0627 \u0648\u0625\u0646\u062a\u0627\u062c \u0627\u0644\u0637\u0627\u0642\u0629<br>\u062a\u0646\u0634\u064a\u0637 \u0627\u0644\u062f\u0648\u0631\u0629 \u0627\u0644\u0644\u0645\u0641\u0627\u0648\u064a\u0629 \u2013 \u0625\u0632\u0627\u0644\u0629 \u0627\u0644\u0627\u062d\u062a\u0628\u0627\u0633 \u0627\u0644\u0633\u0648\u0627\u0626\u0644 \u0648\u062f\u0639\u0645 \u0627\u0644\u0645\u0646\u0627\u0639\u0629<br>\u062a\u0639\u0632\u064a\u0632 \u0627\u0644\u062f\u0648\u0631\u0629 \u0627\u0644\u062f\u0645\u0648\u064a\u0629 \u2013 \u062a\u0648\u0635\u064a\u0644 \u0623\u0641\u0636\u0644 \u0644\u0644\u0623\u0643\u0633\u062c\u064a\u0646 \u0648\u0627\u0644\u0639\u0646\u0627\u0635\u0631 \u0627\u0644\u063a\u0630\u0627\u0626\u064a\u0629 \u0625\u0644\u0649 \u0627\u0644\u0639\u0636\u0644\u0627\u062a<br>\u0627\u0644\u0627\u0633\u062a\u0631\u062e\u0627\u0621 \u0627\u0644\u0630\u0627\u062a\u064a \u2013 \u062a\u0642\u0648\u064a\u0629 \u0627\u0644\u0627\u0631\u062a\u0628\u0627\u0637 \u0628\u064a\u0646 \u0627\u0644\u062c\u0633\u062f \u0648\u0627\u0644\u0639\u0642\u0644 \u0648\u062a\u062e\u0641\u064a\u0641 \u0627\u0644\u062a\u0648\u062a\u0631<br>\u0627\u0644\u0627\u0633\u062a\u0631\u062e\u0627\u0621 \u0627\u0644\u062a\u0623\u0645\u0644\u064a \u2013 \u062e\u0644\u0642 \u062a\u0648\u0627\u0632\u0646 \u062f\u0627\u062e\u0644\u064a \u0639\u0628\u0631 \u0627\u0644\u0627\u0647\u062a\u0632\u0627\u0632<\/p>\n<p style=\"text-align: right;\"><strong>\u064a\u062d\u062a\u0648\u064a<\/strong> <b>\u0639\u0644\u0649 <\/b><strong>28 \u0628\u0631\u0646\u0627\u0645\u062c\u064b\u0627 \u0645\u064f\u0639\u064e\u062f\u0651\u064b\u0627 \u0644\u062a\u0644\u0628\u064a\u0629 \u0627\u0644\u0627\u062d\u062a\u064a\u0627\u062c\u0627\u062a \u0627\u0644\u0641\u0631\u062f\u064a\u0629<\/strong><\/p>\n<p style=\"text-align: right;\">P1 \u062a\u062c\u0631\u064a\u0628\u064a\u20111<br>P2 \u062a\u062c\u0631\u064a\u0628\u064a\u20112<br>P3 \u0627\u0646\u0639\u0643\u0627\u0633\u0627\u062a \u0623\u0633\u0627\u0633\u064a\u0629 \u0644\u0644\u0642\u062f\u0645<br>P4 \u0627\u0646\u0639\u0643\u0627\u0633\u0627\u062a \u0645\u0631\u0643\u0628\u0629<br>P5 \u062a\u0646\u0634\u064a\u0637 \u0627\u0644\u062f\u0648\u0631\u0629 \u0627\u0644\u0644\u0645\u0641\u0627\u0648\u064a\u0629<br>P6 \u062a\u0646\u0634\u064a\u0637 \u0627\u0644\u062a\u0645\u062b\u064a\u0644 \u0627\u0644\u063a\u0630\u0627\u0626\u064a<br>P7 \u062a\u062f\u0644\u064a\u0643 \u0627\u0644\u0628\u0637\u0646<br>P8 \u062a\u0646\u0634\u064a\u0637 \u0627\u0644\u062f\u0648\u0631\u0629 \u0627\u0644\u062f\u0645\u0648\u064a\u0629<br>P9 \u0646\u0636\u0627\u0631\u0629 \u0623\u0633\u0627\u0633\u064a\u0629<br>P10 \u0646\u0634\u0627\u0637 \u0623\u0633\u0627\u0633\u064a<br>P11 \u062a\u0631\u0643\u064a\u0628\u0629 \u0646\u0636\u0627\u0631\u0629 \u0648\u0646\u0634\u0627\u0637\u20111<br>P12 \u062a\u0631\u0643\u064a\u0628\u0629 \u0646\u0636\u0627\u0631\u0629 \u0648\u0646\u0634\u0627\u0637\u20112<br>P13 \u062a\u0633\u062e\u064a\u0646 \u0648\u0623\u062f\u0627\u0621 \u0642\u0628\u0644 \u0627\u0644\u062a\u0645\u0631\u064a\u0646<br>P14 \u0627\u0633\u062a\u0631\u062e\u0627\u0621 \u0648\u062a\u062c\u062f\u062f \u0628\u0639\u062f \u0627\u0644\u062a\u0645\u0631\u064a\u0646<br>P15 \u062a\u0633\u062e\u064a\u0646 \u0648\u062a\u0631\u0643\u064a\u0632 \u0642\u0628\u0644 \u0627\u0644\u062a\u0645\u0631\u064a\u0646<br>P16 \u062d\u064a\u0648\u064a\u0629 \u0648\u062a\u0639\u0627\u0641\u064a \u0628\u0639\u062f \u0627\u0644\u062a\u0645\u0631\u064a\u0646<br>P17 \u0627\u0633\u062a\u0631\u062e\u0627\u0621 \u0639\u0636\u0644\u064a \u0639\u0627\u0645<br>P18 \u0627\u0633\u062a\u0631\u062e\u0627\u0621 \u0645\u0646\u0637\u0642\u0629 \u0627\u0644\u0638\u0647\u0631 \u0648\u0627\u0644\u062e\u0635\u0631<br>P19 \u0631\u0627\u062d\u0629 \u0644\u0645\u0641\u0627\u0635\u0644 \u0627\u0644\u062c\u0633\u0645<br>P20 \u062a\u062e\u0641\u064a\u0641 \u0627\u0644\u062a\u0642\u0644\u0635\u0627\u062a \u0627\u0644\u062d\u0627\u062f\u0629<br>P21 \u0645\u062a\u0644\u0627\u0632\u0645\u0629 \u0627\u0644\u0625\u0646\u0647\u0627\u0643<br>P22 \u062a\u0646\u0638\u064a\u0645 \u0627\u0644\u0646\u0648\u0645<br>P23 \u0645\u0642\u0627\u0648\u0645\u0629 \u0627\u0644\u062a\u0648\u062a\u0631<br>P24 \u0646\u0648\u0645 \u0639\u0627\u0645<br>P25 \u0627\u0633\u062a\u0631\u062e\u0627\u0621 \u0639\u0627\u0645<br>P26 \u062a\u062e\u0641\u064a\u0641 \u062a\u0648\u062a\u0631 \u0627\u0644\u0631\u0623\u0633 \u0648\u0627\u0644\u0631\u0642\u0628\u0629<br>P27 \u0627\u0633\u062a\u0631\u062e\u0627\u0621 \u062a\u0623\u0645\u0644\u064a<br>P28 \u062a\u062e\u0641\u064a\u0641 \u0627\u0644\u062a\u0642\u0644\u0635\u0627\u062a \u0628\u0634\u0643\u0644 \u0639\u0627\u0645<\/p>\n<p style=\"text-align: right;\"><strong>Anduwell&nbsp;<\/strong><\/p>\n<p style=\"text-align: right;\">\u0628\u0647\u0630\u0627 \u0627\u0644\u062a\u0646\u0648\u0639 \u0627\u0644\u0643\u0628\u064a\u0631\u060c \u0644\u064a\u0633 \u0645\u062c\u0631\u062f \u0623\u062f\u0627\u0629 \u0644\u0644\u0627\u0633\u062a\u0631\u062e\u0627\u0621\u060c \u0628\u0644 \u062d\u0644 \u0634\u0627\u0645\u0644 \u0645\u0635\u0645\u0645 \u062e\u0635\u064a\u0635\u064b\u0627 \u0644\u0643<\/p>\n<p style=\"text-align: right;\"><strong>\u0644\u0645\u0646 \u064a\u0646\u0627\u0633\u0628\u061f<\/strong><br>\u0645\u0646 \u064a\u0639\u0627\u0646\u0648\u0646 \u0645\u0646 \u0622\u0644\u0627\u0645 \u0639\u0636\u0644\u064a\u0629 \u0634\u062f\u064a\u062f\u0629<br>\u0627\u0644\u0631\u064a\u0627\u0636\u064a\u0648\u0646 (\u0642\u0628\u0644 \u0648\u0628\u0639\u062f \u0627\u0644\u062a\u0645\u0631\u064a\u0646)<br>\u0645\u0646 \u0644\u062f\u064a\u0647\u0645 \u0627\u0636\u0637\u0631\u0627\u0628\u0627\u062a \u0646\u0648\u0645<br>\u0645\u0646 \u064a\u0639\u0627\u0646\u0648\u0646 \u0645\u0646 \u0627\u0644\u0625\u0646\u0647\u0627\u0643\u060c \u0627\u0644\u062a\u0648\u062a\u0631 \u0623\u0648 \u0627\u0644\u0625\u0631\u0647\u0627\u0642 \u0627\u0644\u0630\u0647\u0646\u064a<br>\u0645\u0646 \u064a\u0639\u0645\u0644\u0648\u0646 \u062c\u0644\u0648\u0633\u064b\u0627 \u0644\u0641\u062a\u0631\u0627\u062a \u0637\u0648\u064a\u0644\u0629 \u0623\u0648 \u0644\u062f\u064a\u0647\u0645 \u0645\u0634\u0627\u0643\u0644 \u0641\u064a \u0627\u0644\u0645\u0648\u0642\u0641 \u0627\u0644\u062c\u0633\u062f\u064a<br>\u0645\u0646 \u064a\u062d\u062a\u0627\u062c\u0648\u0646 \u0625\u0644\u0649 \u062f\u0639\u0645 \u0644\u0644\u062f\u0648\u0631\u0629 \u0627\u0644\u0644\u0645\u0641\u0627\u0648\u064a\u0629<\/p>\n<p style=\"text-align: right;\"><strong>\u201c\u0623\u0643\u062b\u0631 \u0645\u0646 \u0645\u062c\u0631\u062f \u062a\u062f\u0644\u064a\u0643\u201d<\/strong><br>\u064a\u0635\u0641 \u063a\u0627\u0644\u0628\u064a\u0629 \u0636\u064a\u0648\u0641 \u062a\u062c\u0631\u0628\u0629 \u0628\u0623\u0646\u0647\u0627 \u201c\u0623\u0643\u062b\u0631 \u0641\u0639\u0627\u0644\u064a\u0629 \u0645\u0646 \u0627\u0644\u062a\u062f\u0644\u064a\u0643\u201d\u060c \u0648\u201d\u0634\u0639\u0631\u062a \u0628\u0627\u0633\u062a\u0631\u062e\u0627\u0621 \u0639\u0645\u064a\u0642 \u0628\u0639\u062f \u0627\u0644\u062c\u0644\u0633\u0629 \u0627\u0644\u0623\u0648\u0644\u0649\u201d\u060c \u0648\u201d\u0637\u0627\u0642\u062a\u064a \u0639\u0627\u062f\u062a \u0625\u0644\u064a\u0651\u064e\u201d<br>\u0627\u0644\u0630\u064a\u0646 \u064a\u062c\u0639\u0644\u0648\u0646\u0647\u0627 \u062c\u0632\u0621\u064b\u0627 \u0645\u0646 \u0631\u0648\u062a\u064a\u0646\u0647\u0645 \u0627\u0644\u0623\u0633\u0628\u0648\u0639\u064a \u064a\u0634\u0647\u062f\u0648\u0646 \u062a\u062d\u0633\u0646\u064b\u0627 \u0645\u062a\u0648\u0627\u0632\u0646\u064b\u0627 \u0639\u0644\u0649 \u0627\u0644\u0645\u0633\u062a\u0648\u064a\u064a\u0646 \u0627\u0644\u062c\u0633\u062f\u064a \u0648\u0627\u0644\u0631\u0648\u062d\u064a<br>\u062d\u062a\u0649 \u062c\u0644\u0633\u0629 \u0648\u0627\u062d\u062f\u0629 \u0645\u062f\u062a\u0647\u0627 30 \u062f\u0642\u064a\u0642\u0629 \u064a\u0645\u0643\u0646\u0647\u0627 \u0623\u0646 \u062a\u0639\u064a\u062f \u0636\u0628\u0637 \u062c\u0633\u062f\u0643 \u0628\u0627\u0644\u0643\u0627\u0645\u0644<br>\u0644\u0643\u0646 \u0627\u0646\u062a\u0628\u0647: \u062d\u0648\u0627\u0644\u064a 70\u066a \u0645\u0646 \u0645\u0633\u062a\u062e\u062f\u0645\u064a&nbsp; \u064a\u0639\u0648\u062f\u0648\u0646 \u0644\u062c\u0644\u0633\u0629 \u062b\u0627\u0646\u064a\u0629 \u0641\u064a \u0646\u0641\u0633 \u0627\u0644\u0623\u0633\u0628\u0648\u0639<\/p>\n<p style=\"text-align: right;\">\n<\/p>\t\t\t\t\t\t\t\t<\/div>\n\t\t\t\t\t<\/div>\n\t\t\t\t<\/div>\n\t\t<div class=\"elementor-element elementor-element-8ac746f e-flex e-con-boxed tm-col-stretched-none tm-bg-color-over-image e-con e-parent\" data-id=\"8ac746f\" data-element_type=\"container\">\n\t\t\t\t\t<div class=\"e-con-inner\">\n\t\t\t\t<div class=\"elementor-element elementor-element-b1b8a41 elementor-widget elementor-widget-spacer\" data-id=\"b1b8a41\" data-element_type=\"widget\" data-widget_type=\"spacer.default\">\n\t\t\t\t\t\t\t<div class=\"elementor-spacer\">\n\t\t\t<div class=\"elementor-spacer-inner\"><\/div>\n\t\t<\/div>\n\t\t\t\t\t\t<\/div>\n\t\t\t\t\t<\/div>\n\t\t\t\t<\/div>\n\t\t<div class=\"elementor-element elementor-element-4f8823e e-flex e-con-boxed tm-col-stretched-none tm-bg-color-over-image e-con e-parent\" data-id=\"4f8823e\" data-element_type=\"container\" data-settings=\"{&quot;background_background&quot;:&quot;classic&quot;}\">\n\t\t\t\t\t<div class=\"e-con-inner\">\n\t\t<div class=\"elementor-element elementor-element-7d2e5c9 e-con-full e-flex tm-col-stretched-none tm-bg-color-over-image e-con e-child\" data-id=\"7d2e5c9\" data-element_type=\"container\">\n\t\t\t\t<div class=\"elementor-element elementor-element-01fdffb elementor-widget elementor-widget-heading\" data-id=\"01fdffb\" data-element_type=\"widget\" data-widget_type=\"heading.default\">\n\t\t\t\t\t<h3 class=\"elementor-heading-title elementor-size-default\"><a href=\"tel:+902243240202\">\u0627\u062a\u0635\u0644 \u0628\u0646\u0627 \u0644\u0645\u0632\u064a\u062f \u0645\u0646 \u0627\u0644\u0645\u0639\u0644\u0648\u0645\u0627\u062a<\/a><\/h3>\t\t\t\t<\/div>\n\t\t\t\t<div class=\"elementor-element elementor-element-46c1a87 elementor-widget elementor-widget-tm-ele-social-links\" data-id=\"46c1a87\" data-element_type=\"widget\" data-widget_type=\"tm-ele-social-links.default\">\n\t\t\t\t<div class=\"elementor-widget-container\">\n\t\t\t\t\t<ul class=\"tm-sc-social-links links-outlined\">\r\n\r\n\t\t\t<li><a class=\"social-link\" aria-label=\"Social Link\" href=\"https:\/\/www.facebook.com\/siahotelthermalspa\" target=\"_self\"><i class=\"fa fa-facebook\"><\/i><\/a><\/li>\r\n\t\t\r\n\t\t<li><a class=\"social-link\" aria-label=\"Social Link\" href=\"https:\/\/www.linkedin.com\/company\/sia-hotel-thermal-spa\/\" target=\"_self\"><i class=\"fa fa-linkedin\"><\/i><\/a><\/li>\r\n\t\t\t<li><a class=\"social-link\" aria-label=\"Social Link\" href=\"https:\/\/www.instagram.com\/siahotelthermalspa\" target=\"_self\"><i class=\"fa fa-instagram\"><\/i><\/a><\/li>\r\n\t\t\r\n\t\t\t<\/ul>\t\t\t\t<\/div>\n\t\t\t\t<\/div>\n\t\t\t\t<\/div>\n\t\t\t\t\t<\/div>\n\t\t\t\t<\/div>\n\t\t<div class=\"elementor-element elementor-element-234d9664 e-flex e-con-boxed tm-col-stretched-none tm-bg-color-over-image e-con e-parent\" data-id=\"234d9664\" data-element_type=\"container\">\n\t\t\t\t\t<div class=\"e-con-inner\">\n\t\t<div class=\"elementor-element elementor-element-a2b452 e-con-full tm-col-stretched-none e-flex tm-bg-color-over-image e-con e-child\" data-id=\"a2b452\" data-element_type=\"container\">\n\t\t\t\t<div class=\"elementor-element elementor-element-6288106f elementor-widget elementor-widget-shortcode\" data-id=\"6288106f\" data-element_type=\"widget\" data-widget_type=\"shortcode.default\">\n\t\t\t\t\t\t\t<div class=\"elementor-shortcode\">\t\t<div id=\"sbi_mod_error\" >\n\t\t\t<span>Bu hata mesaj\u0131n\u0131 yaln\u0131zca WordPress y\u00f6neticileri g\u00f6rebilir<\/span><br\/>\n\t\t\t<p><strong>Hata: 1 kimli\u011fine sahip hi\u00e7bir ak\u0131\u015f bulunamad\u0131.<\/strong>\n\t\t\t<p>Bir ak\u0131\u015f olu\u015fturmak i\u00e7in l\u00fctfen Instagram Ak\u0131\u015f\u0131 ayarlar sayfas\u0131na gidin.<\/p>\n\t\t<\/div>\n\t\t<\/div>\n\t\t\t\t\t\t<\/div>\n\t\t\t\t<\/div>\n\t\t\t\t\t<\/div>\n\t\t\t\t<\/div>\n\t\t\t\t<\/div>\n\t\t","protected":false},"excerpt":{"rendered":"<p>SEREN\u0130TY ANDUWELL \u0627\u0644\u062a\u0648\u0627\u0632\u0646 \u0627\u0644\u0628\u064a\u0648\u0641\u0633\u064a\u0627\u0626\u064a\u060c \u0627\u0633\u062a\u0631\u062e\u0627\u0621 \u0639\u0645\u064a\u0642 \u0644\u0644\u0639\u0636\u0644\u0627\u062a\u060c \u0648\u0647\u062f\u0648\u0621 \u0630\u0647\u0646\u064a \u0641\u064a \u0646\u0638\u0627\u0645 \u0648\u0627\u062d\u062f \u0630\u0647\u0646\u0643 \u0645\u062a\u0639\u0628\u060c \u0639\u0636\u0644\u0627\u062a\u0643 \u0645\u0634\u062f\u0648\u062f\u0629\u060c \u0648\u0637\u0627\u0642\u062a\u0643 \u0645\u0634\u062a\u062a\u0629\u2026 \u0644\u0645 \u064a\u0639\u062f&#8230;<\/p>\n","protected":false},"author":1,"featured_media":0,"parent":0,"menu_order":0,"comment_status":"closed","ping_status":"closed","template":"","meta":{"_monsterinsights_skip_tracking":false,"_monsterinsights_sitenote_active":false,"_monsterinsights_sitenote_note":"","_monsterinsights_sitenote_category":0,"footnotes":""},"class_list":["post-15197","page","type-page","status-publish","hentry"],"aioseo_notices":[],"_links":{"self":[{"href":"https:\/\/www.siahotel.com.tr\/ar\/wp-json\/wp\/v2\/pages\/15197","targetHints":{"allow":["GET"]}}],"collection":[{"href":"https:\/\/www.siahotel.com.tr\/ar\/wp-json\/wp\/v2\/pages"}],"about":[{"href":"https:\/\/www.siahotel.com.tr\/ar\/wp-json\/wp\/v2\/types\/page"}],"author":[{"embeddable":true,"href":"https:\/\/www.siahotel.com.tr\/ar\/wp-json\/wp\/v2\/users\/1"}],"replies":[{"embeddable":true,"href":"https:\/\/www.siahotel.com.tr\/ar\/wp-json\/wp\/v2\/comments?post=15197"}],"version-history":[{"count":44,"href":"https:\/\/www.siahotel.com.tr\/ar\/wp-json\/wp\/v2\/pages\/15197\/revisions"}],"predecessor-version":[{"id":18290,"href":"https:\/\/www.siahotel.com.tr\/ar\/wp-json\/wp\/v2\/pages\/15197\/revisions\/18290"}],"wp:attachment":[{"href":"https:\/\/www.siahotel.com.tr\/ar\/wp-json\/wp\/v2\/media?parent=15197"}],"curies":[{"name":"wp","href":"https:\/\/api.w.org\/{rel}","templated":true}]}}