{"id":15192,"date":"2025-08-01T14:16:25","date_gmt":"2025-08-01T14:16:25","guid":{"rendered":"https:\/\/www.siahotel.com.tr\/ar\/?page_id=15192"},"modified":"2025-08-26T10:09:14","modified_gmt":"2025-08-26T10:09:14","slug":"beautylight","status":"publish","type":"page","link":"https:\/\/www.siahotel.com.tr\/ar\/beautylight\/","title":{"rendered":"Beautylight"},"content":{"rendered":"\t\t<div data-elementor-type=\"wp-page\" data-elementor-id=\"15192\" class=\"elementor elementor-15192\">\n\t\t\t\t<div class=\"elementor-element elementor-element-fc42e94 e-flex e-con-boxed tm-col-stretched-none tm-bg-color-over-image e-con e-parent\" data-id=\"fc42e94\" data-element_type=\"container\">\n\t\t\t\t\t<div class=\"e-con-inner\">\n\t\t\t\t<div class=\"elementor-element elementor-element-3faffd47 elementor-widget elementor-widget-spacer\" data-id=\"3faffd47\" data-element_type=\"widget\" data-widget_type=\"spacer.default\">\n\t\t\t\t\t\t\t<div class=\"elementor-spacer\">\n\t\t\t<div class=\"elementor-spacer-inner\"><\/div>\n\t\t<\/div>\n\t\t\t\t\t\t<\/div>\n\t\t\t\t\t<\/div>\n\t\t\t\t<\/div>\n\t\t<div class=\"elementor-element elementor-element-46a39566 e-flex e-con-boxed tm-col-stretched-none tm-bg-color-over-image e-con e-parent\" data-id=\"46a39566\" data-element_type=\"container\">\n\t\t\t\t\t<div class=\"e-con-inner\">\n\t\t\t\t<div class=\"elementor-element elementor-element-1eca502f horizontal-line-align-left vertical-line-align-bottom elementor-widget elementor-widget-tm-ele-section-title\" data-id=\"1eca502f\" data-element_type=\"widget\" data-widget_type=\"tm-ele-section-title.default\">\n\t\t\t\t<div class=\"elementor-widget-container\">\n\t\t\t\t\t<div class=\"tm-sc-section-title section-title line-left-current-theme \">\r\n\t<div class=\"title-wrapper\">\r\n\t\t\t\t\r\n\r\n<div class=\"sub-title-outer\">\r\n\t\t<div class=\"subtitle \">\r\n\r\n\t\t\r\n\t\tSEREN\u0130TY\t<\/div>\r\n\t<\/div>\t\t\t<h1 class=\"title tm-split-text split-in-right\">\r\n\r\n\t\t\r\n\t\t\t\t<span class=\"title-part1 \">BEAUTYLIGHT<\/span>\r\n\t\t\t\t\r\n\t\t\r\n\t<\/h1>\r\n\t<div class=\"title-seperator-line\"><\/div>\t\t\t\t\t\t<\/div>\r\n<\/div>\t\t\t\t<\/div>\n\t\t\t\t<\/div>\n\t\t\t\t\t<\/div>\n\t\t\t\t<\/div>\n\t\t<div class=\"elementor-element elementor-element-3c07a932 e-flex e-con-boxed tm-col-stretched-none tm-bg-color-over-image e-con e-parent\" data-id=\"3c07a932\" data-element_type=\"container\">\n\t\t\t\t\t<div class=\"e-con-inner\">\n\t\t\t\t<div class=\"elementor-element elementor-element-18fb794d elementor-widget elementor-widget-image\" data-id=\"18fb794d\" data-element_type=\"widget\" data-widget_type=\"image.default\">\n\t\t\t\t\t\t\t\t\t\t\t\t\t\t\t<img fetchpriority=\"high\" decoding=\"async\" width=\"1100\" height=\"550\" src=\"https:\/\/www.siahotel.com.tr\/ar\/wp-content\/uploads\/2025\/08\/WhatsApp-Image-2025-08-05-at-10.28.57-1100x550.jpeg\" class=\"attachment-hoteler_landscape size-hoteler_landscape wp-image-15826\" alt=\"Sia Hotel Serenity Beautylight\" \/>\t\t\t\t\t\t\t\t\t\t\t\t\t\t\t<\/div>\n\t\t\t\t\t<\/div>\n\t\t\t\t<\/div>\n\t\t<div class=\"elementor-element elementor-element-309b573 e-flex e-con-boxed tm-col-stretched-none tm-bg-color-over-image e-con e-parent\" data-id=\"309b573\" data-element_type=\"container\">\n\t\t\t\t\t<div class=\"e-con-inner\">\n\t\t\t\t<div class=\"elementor-element elementor-element-c431df2 elementor-widget elementor-widget-spacer\" data-id=\"c431df2\" data-element_type=\"widget\" data-widget_type=\"spacer.default\">\n\t\t\t\t\t\t\t<div class=\"elementor-spacer\">\n\t\t\t<div class=\"elementor-spacer-inner\"><\/div>\n\t\t<\/div>\n\t\t\t\t\t\t<\/div>\n\t\t\t\t\t<\/div>\n\t\t\t\t<\/div>\n\t\t<div class=\"elementor-element elementor-element-21dcfd54 e-flex e-con-boxed tm-col-stretched-none tm-bg-color-over-image e-con e-parent\" data-id=\"21dcfd54\" data-element_type=\"container\">\n\t\t\t\t\t<div class=\"e-con-inner\">\n\t\t\t\t<div class=\"elementor-element elementor-element-36e2b539 elementor-widget elementor-widget-text-editor\" data-id=\"36e2b539\" data-element_type=\"widget\" data-widget_type=\"text-editor.default\">\n\t\t\t\t\t\t\t\t\t<h2 style=\"text-align: right;\">\u062a\u062c\u0631\u0628\u0629 \u0639\u0644\u0627\u062c \u0636\u0648\u0626\u064a \u0645\u062b\u0628\u062a \u0639\u0644\u0645\u064a\u064b\u0627 \u062a\u0648\u062d\u062f \u0642\u0648\u0629 \u0627\u0644\u0636\u0648\u0621 \u0627\u0644\u0623\u062d\u0645\u0631 \u0648\u0627\u0644\u0623\u0632\u0631\u0642 \u0648\u0627\u0644\u0623\u062e\u0636\u0631<\/h2><p style=\"text-align: right;\">\u0644\u0645 \u064a\u0639\u062f \u0627\u0644\u062c\u0645\u0627\u0644 \u064a\u0639\u062a\u0645\u062f \u0641\u0642\u0637 \u0639\u0644\u0649 \u0627\u0644\u0644\u0645\u0633\u0627\u062a \u0627\u0644\u062e\u0627\u0631\u062c\u064a\u0629\u060c \u0628\u0644 \u0623\u0635\u0628\u062d \u0645\u062f\u0639\u0648\u0645\u064b\u0627 \u0628\u0642\u0648\u0629 \u0627\u0644\u0636\u0648\u0621 \u0627\u0644\u0639\u0644\u0645\u064a\u0629 \u0645\u0646 \u0627\u0644\u062f\u0627\u062e\u0644. \u064a\u0642\u062f\u0645 \u060c \u0623\u062d\u062f \u0627\u0644\u062a\u062c\u0647\u064a\u0632\u0627\u062a \u0627\u0644\u062a\u0643\u0646\u0648\u0644\u0648\u062c\u064a\u0629 \u0627\u0644\u062e\u0627\u0635\u0629 \u0641\u064a\u060c \u0639\u0644\u0627\u062c\u064b\u0627 \u0641\u0631\u064a\u062f\u064b\u0627 \u064a\u0647\u062f\u0641 \u0625\u0644\u0649 \u062a\u062d\u0633\u064a\u0646 \u0635\u062d\u0629 \u0627\u0644\u0628\u0634\u0631\u0629 \u0648\u0632\u064a\u0627\u062f\u0629 \u0645\u0633\u062a\u0648\u0649 \u0627\u0644\u0637\u0627\u0642\u0629 \u0627\u0644\u0639\u0627\u0645\u0629 \u0628\u0627\u0633\u062a\u062e\u062f\u0627\u0645 \u062b\u0644\u0627\u062b\u0629 \u0623\u0637\u0648\u0627\u0644 \u0645\u0648\u062c\u064a\u0629 \u0645\u062e\u062a\u0644\u0641\u0629 \u0644\u0644\u0636\u0648\u0621<\/p><p data-pm-slice=\"1 1 []\">Dr. M\u00fcller Beauty Light Therapy 48 \/Serenity Termal, SPA &amp; Wellness<\/p><p style=\"text-align: right;\">\u0647\u0630\u0647 \u0627\u0644\u062a\u062c\u0631\u0628\u0629 \u0644\u064a\u0633\u062a \u0645\u062c\u0631\u062f \u0625\u062c\u0631\u0627\u0621 \u062a\u062c\u0645\u064a\u0644\u064a\u060c \u0628\u0644 \u0631\u062d\u0644\u0629 \u062c\u0645\u0627\u0644\u064a\u0629 \u0634\u0627\u0645\u0644\u0629 \u062a\u062c\u0645\u0639 \u0628\u064a\u0646 \u0627\u0644\u0639\u0644\u0627\u062c \u0628\u0627\u0644\u0631\u0648\u0627\u0626\u062d\u060c \u0648\u0627\u0644\u0631\u0641\u0644\u0643\u0633\u0648\u0644\u0648\u062c\u064a\u060c \u0648\u0627\u0644\u0639\u0644\u0627\u062c \u0627\u0644\u0636\u0648\u0626\u064a\u060c \u0648\u0627\u0644\u0627\u0633\u062a\u0631\u062e\u0627\u0621 \u0639\u0646\u0627\u064a\u0629 \u0646\u0627\u0628\u0639\u0629 \u0645\u0646 \u0642\u0648\u0629 \u0627\u0644\u0636\u0648\u0621<\/p><p style=\"text-align: right;\">\u064a\u0639\u0645\u0644 \u0627\u0644\u0635\u0645\u0627\u0645 \u0627\u0644\u062b\u0646\u0627\u0626\u064a \u0627\u0644\u0628\u0627\u0639\u062b \u0644\u0644\u0636\u0648\u0621 \u0628\u0627\u0633\u062a\u062e\u062f\u0627\u0645 \u0645\u0632\u064a\u062c \u0645\u0646 \u0645\u0635\u0627\u062f\u0631 \u0627\u0644\u0636\u0648\u0621 \u0627\u0644\u062d\u0645\u0631\u0627\u0621 \u0648\u0627\u0644\u0632\u0631\u0642\u0627\u0621 \u0648\u0627\u0644\u062e\u0636\u0631\u0627\u0621<\/p><p style=\"text-align: right;\"><img decoding=\"async\" draggable=\"false\" role=\"img\" class=\"emoji\" alt=\"\ud83d\udd34\" src=\"https:\/\/s.w.org\/images\/core\/emoji\/16.0.1\/svg\/1f534.svg\" \/> \u0627\u0644\u0636\u0648\u0621 \u0627\u0644\u0623\u062d\u0645\u0631 \u0643\u0648\u0644\u0627\u062c\u064a\u0646\u064a\u2013 \u064a\u062d\u0641\u0632 \u0625\u0646\u062a\u0627\u062c \u0627\u0644\u0643\u0648\u0644\u0627\u062c\u064a\u0646 \u0648\u0627\u0644\u0625\u064a\u0644\u0627\u0633\u062a\u064a\u0646 \u0641\u064a \u0627\u0644\u0637\u0628\u0642\u0627\u062a \u0627\u0644\u0639\u0645\u064a\u0642\u0629 \u0644\u0644\u0628\u0634\u0631\u0629\u060c \u064a\u0642\u0644\u0644 \u0627\u0644\u062a\u062c\u0627\u0639\u064a\u062f\u060c \u0648\u064a\u0632\u064a\u062f \u0645\u0646 \u0627\u0644\u062a\u0645\u0627\u0633\u0643<\/p><p style=\"text-align: right;\"><img decoding=\"async\" draggable=\"false\" role=\"img\" class=\"emoji\" alt=\"\ud83d\udd35\" src=\"https:\/\/s.w.org\/images\/core\/emoji\/16.0.1\/svg\/1f535.svg\" \/> \u0627\u0644\u0636\u0648\u0621 \u0627\u0644\u0623\u0632\u0631\u0642 \u2013 \u0644\u0647 \u062a\u0623\u062b\u064a\u0631 \u0645\u0636\u0627\u062f \u0644\u0644\u0628\u0643\u062a\u064a\u0631\u064a\u0627\u060c \u0648\u064a\u064f\u0639\u062f \u0641\u0639\u0627\u0644\u064b\u0627 \u0644\u0644\u0628\u0634\u0631\u0629 \u0627\u0644\u0645\u0639\u0631\u0636\u0629 \u0644\u062d\u0628 \u0627\u0644\u0634\u0628\u0627\u0628\u060c \u0643\u0645\u0627 \u064a\u0633\u0627\u0639\u062f \u0639\u0644\u0649 \u062a\u0646\u0638\u064a\u0645 \u0625\u0641\u0631\u0627\u0632 \u0627\u0644\u062f\u0647\u0648\u0646<\/p><p style=\"text-align: right;\"><img decoding=\"async\" draggable=\"false\" role=\"img\" class=\"emoji\" alt=\"\ud83d\udfe2\" src=\"https:\/\/s.w.org\/images\/core\/emoji\/16.0.1\/svg\/1f7e2.svg\" \/> \u0627\u0644\u0636\u0648\u0621 \u0627\u0644\u0623\u062e\u0636\u0631 \u2013 \u064a\u0648\u062d\u062f \u0644\u0648\u0646 \u0627\u0644\u0628\u0634\u0631\u0629\u060c \u064a\u0642\u0644\u0644 \u0645\u0646 \u0645\u0638\u0647\u0631 \u0627\u0644\u0628\u0642\u0639\u060c \u0648\u064a\u0633\u0627\u0639\u062f \u0639\u0644\u0649 \u062a\u0648\u0627\u0632\u0646 \u0627\u0644\u062a\u0635\u0628\u063a<\/p><p style=\"text-align: right;\">\u0648\u0628\u0641\u0636\u0644 \u0647\u0630\u0627 \u0627\u0644\u0645\u0632\u064a\u062c\u060c \u062a\u0628\u062f\u0648 \u0628\u0634\u0631\u062a\u0643\u0645 \u0623\u0643\u062b\u0631 \u062d\u064a\u0648\u064a\u0629 \u0648\u0646\u0642\u0627\u0621 \u0648\u062a\u0648\u0627\u0632\u0646\u064b\u0627 \u0628\u0639\u062f \u0643\u0644 \u062c\u0644\u0633\u0629<\/p><p style=\"text-align: right;\">\u062a\u0645\u064a\u0651\u0632 \u0628\u0627\u0644\u062a\u0642\u0646\u064a\u0629<\/p><p style=\"text-align: right;\">Dr. M\u00fcller Beauty Light Therapy\u00a0\u00a0<\/p><p style=\"text-align: right;\">\u064a\u062a\u0645\u064a\u0632\u0644\u064a\u0633 \u0641\u0642\u0637 \u0628\u0641\u0639\u0627\u0644\u064a\u062a\u0647\u060c \u0628\u0644 \u0623\u064a\u0636\u064b\u0627 \u0628\u0631\u0627\u062d\u0629 \u0627\u0633\u062a\u062e\u062f\u0627\u0645\u0647 \u0648\u062a\u0635\u0645\u064a\u0645\u0647 \u0627\u0644\u0645\u0646\u0627\u0633\u0628 \u0644\u0644\u0645\u0633\u062a\u062e\u062f\u0645<\/p><p style=\"text-align: right;\">\u0645\u064a\u0632\u0629 \u0627\u0644\u0647\u0648\u0627\u0621 \u0627\u0644\u0639\u0644\u064a\u0644 \u0648\u0627\u0644\u0639\u0637\u0631 \u2013 \u064a\u063a\u0645\u0631\u0643 \u0628\u0639\u0637\u0648\u0631 \u0644\u0637\u064a\u0641\u0629 \u0648\u0645\u0646\u0639\u0634\u0629 \u0637\u0648\u0627\u0644 \u0627\u0644\u062c\u0644\u0633\u0629\u060c \u0645\u0645\u0627 \u064a\u0645\u0646\u062d\u0643 \u0634\u0639\u0648\u0631\u064b\u0627 \u0628\u0627\u0644\u0627\u0633\u062a\u0631\u062e\u0627\u0621 \u0627\u0644\u0630\u0647\u0646\u064a<\/p><p style=\"text-align: right;\">\u0627\u0644\u062f\u0639\u0645 \u0627\u0644\u0635\u0648\u062a\u064a \u0648\u0627\u0644\u0645\u0648\u0633\u064a\u0642\u0649 \u2013 \u064a\u0645\u0643\u0646\u0643 \u0627\u0644\u0627\u0633\u062a\u0645\u0627\u0639 \u0625\u0644\u0649 \u0645\u0648\u0633\u064a\u0642\u0627\u0643 \u0627\u0644\u0645\u0641\u0636\u0644\u0629 \u0645\u0639 \u0625\u0631\u0634\u0627\u062f\u0627\u062a \u0635\u0648\u062a\u064a\u0629 \u062a\u0633\u0627\u0639\u062f\u0643 \u0639\u0644\u0649 \u0627\u0644\u0627\u0633\u062a\u0631\u062e\u0627\u0621<\/p><p style=\"text-align: right;\">\u0646\u0638\u0627\u0645 \u0627\u0644\u0645\u0642\u0628\u0636 \u0648\u0627\u0644\u062a\u0648\u062c\u064a\u0647 \u2013 \u064a\u0636\u0645\u0646 \u062a\u0648\u0632\u064a\u0639\u064b\u0627 \u0645\u062a\u0633\u0627\u0648\u064a\u064b\u0627 \u0644\u0644\u0636\u0648\u0621 \u0639\u0644\u0649 \u0627\u0644\u062c\u0633\u0645 \u0648\u064a\u0648\u0641\u0631 \u062d\u0631\u064a\u0629 \u0627\u0644\u062d\u0631\u0643\u0629<\/p><p style=\"text-align: right;\">\u062a\u0642\u0646\u064a\u0629\u00a0 \u0644\u0648\u062d \u0627\u0644\u0627\u0647\u062a\u0632\u0627\u0632 \u2013 \u062a\u062f\u0639\u0645 \u0639\u0645\u0644 \u0639\u0636\u0644\u0627\u062a \u0627\u0644\u0633\u0627\u0642 \u0645\u0646 \u062e\u0644\u0627\u0644 \u0627\u0644\u0627\u0647\u062a\u0632\u0627\u0632\u0627\u062a \u0627\u0644\u062e\u0641\u064a\u0641\u0629 \u0623\u062b\u0646\u0627\u0621 \u0627\u0644\u062c\u0644\u0633\u0629\u060c \u0645\u0645\u0627 \u064a\u0639\u0632\u0632 \u0639\u0645\u0644\u064a\u0629 \u0627\u0644\u062a\u0645\u0627\u0633\u0643 \u0648\u0627\u0644\u0634\u062f<\/p><p style=\"text-align: right;\">\u0643\u0644 \u0647\u0630\u0647 \u0627\u0644\u0645\u064a\u0632\u0627\u062a \u062a\u064f\u0639\u064a\u062f \u062a\u0646\u0634\u064a\u0637 \u0627\u0644\u0628\u0634\u0631\u0629 \u0648\u0627\u0644\u062c\u0633\u0645 \u0648\u0627\u0644\u062d\u0648\u0627\u0633 \u0641\u064a \u0622\u0646\u064d \u0648\u0627\u062d\u062f<\/p><p style=\"text-align: right;\">\u0644\u0645\u0646 \u062a\u0646\u0627\u0633\u0628 \u0647\u0630\u0647 \u0627\u0644\u062c\u0644\u0633\u0627\u062a\u061f<br \/>\u0645\u0646 \u064a\u0639\u0627\u0646\u064a \u0645\u0646 \u0628\u0647\u062a\u0627\u0646 \u0627\u0644\u0628\u0634\u0631\u0629 \u0623\u0648 \u062a\u0641\u0627\u0648\u062a \u0641\u064a \u0644\u0648\u0646\u0647\u0627<br \/>\u0645\u0646 \u064a\u0628\u062d\u062b \u0639\u0646 \u062d\u0644\u0648\u0644 \u0637\u0628\u064a\u0639\u064a\u0629 \u0644\u0645\u0634\u0643\u0644\u0627\u062a \u0645\u062b\u0644 \u062d\u0628 \u0627\u0644\u0634\u0628\u0627\u0628 \u0623\u0648 \u062d\u0633\u0627\u0633\u064a\u0629 \u0627\u0644\u0628\u0634\u0631\u0629<br \/>\u0645\u0646 \u064a\u0631\u063a\u0628 \u0628\u0627\u0644\u0627\u0628\u062a\u0639\u0627\u062f \u0639\u0646 \u0648\u062a\u064a\u0631\u0629 \u0627\u0644\u062d\u064a\u0627\u0629 \u0627\u0644\u0645\u0631\u0647\u0642\u0629 \u0648\u0627\u0633\u062a\u0639\u0627\u062f\u0629 \u0627\u0644\u0646\u0634\u0627\u0637 \u0627\u0644\u0630\u0647\u0646\u064a \u0648\u0627\u0644\u062c\u0633\u062f\u064a<br \/>\u0645\u0646 \u0644\u0627 \u064a\u0639\u0627\u0646\u064a \u0645\u0646 \u062d\u0633\u0627\u0633\u064a\u0629 \u062a\u062c\u0627\u0647 \u0627\u0644\u0636\u0648\u0621 \u0648\u064a\u0628\u062d\u062b \u0639\u0646 \u0639\u0646\u0627\u064a\u0629 \u0637\u0628\u064a\u0639\u064a\u0629 \u0648\u0622\u0645\u0646\u0629<\/p><p style=\"text-align: right;\">\u062a\u062c\u062f\u062f\u0648\u0627 \u0641\u064a \u0636\u0648\u0621 \u0627\u0644\u0623\u0644\u0648\u0627\u0646<\/p><p style=\"text-align: right;\">\u064a\u064f\u0639\u062f Beauty Light Therapy 48 \u0645\u0646 \u0623\u0643\u062b\u0631 \u0627\u0644\u062c\u0644\u0633\u0627\u062a \u0627\u0644\u0644\u0627\u0641\u062a\u0629 \u0639\u0644\u0649 \u0648\u0633\u0627\u0626\u0644 \u0627\u0644\u062a\u0648\u0627\u0635\u0644 \u0627\u0644\u0627\u062c\u062a\u0645\u0627\u0639\u064a \u0644\u0636\u064a\u0648\u0641 Serenity. \u062a\u0638\u0647\u0631 \u062a\u0639\u0644\u064a\u0642\u0627\u062a \u0645\u062b\u0644: \u201c\u0628\u0634\u0631\u062a\u064a \u062a\u062a\u0648\u0647\u062c \u062f\u0648\u0646 \u0627\u0644\u062d\u0627\u062c\u0629 \u0625\u0644\u0649 \u0641\u0644\u0627\u062a\u0631\u201d\u060c \u0648\u201d\u0643\u0623\u0646 \u0627\u0644\u0625\u0634\u0631\u0627\u0642\u0629 \u062a\u0646\u0628\u0639 \u0645\u0646 \u0627\u0644\u062f\u0627\u062e\u0644\u201d<\/p><p style=\"text-align: right;\">\u0648\u0647\u0648 \u0645\u0646 \u0627\u0644\u062e\u064a\u0627\u0631\u0627\u062a \u0627\u0644\u0645\u0641\u0636\u0644\u0629 \u062e\u0635\u0648\u0635\u064b\u0627 \u0642\u0628\u0644 \u0627\u0644\u0645\u0646\u0627\u0633\u0628\u0627\u062a \u0627\u0644\u062e\u0627\u0635\u0629\u060c \u0648\u0644\u0645\u0646 \u064a\u0631\u063a\u0628 \u0641\u064a \u0628\u0634\u0631\u0629 \u0645\u0634\u0631\u0642\u0629 \u062f\u0648\u0646 \u0645\u0643\u064a\u0627\u062c. \u0648\u0646\u0638\u0631\u064b\u0627 \u0644\u0645\u062d\u062f\u0648\u062f\u064a\u0629 \u0639\u062f\u062f \u0627\u0644\u062c\u0644\u0633\u0627\u062a \u0627\u0644\u064a\u0648\u0645\u064a\u0629\u060c \u064a\u064f\u0646\u0635\u062d \u0628\u0627\u0644\u062d\u062c\u0632 \u0627\u0644\u0645\u0633\u0628\u0642<\/p>\t\t\t\t\t\t\t\t<\/div>\n\t\t\t\t\t<\/div>\n\t\t\t\t<\/div>\n\t\t<div class=\"elementor-element elementor-element-c64257f e-flex e-con-boxed tm-col-stretched-none tm-bg-color-over-image e-con e-parent\" data-id=\"c64257f\" data-element_type=\"container\">\n\t\t\t\t\t<div class=\"e-con-inner\">\n\t\t\t\t<div class=\"elementor-element elementor-element-da723b7 elementor-widget elementor-widget-spacer\" data-id=\"da723b7\" data-element_type=\"widget\" data-widget_type=\"spacer.default\">\n\t\t\t\t\t\t\t<div class=\"elementor-spacer\">\n\t\t\t<div class=\"elementor-spacer-inner\"><\/div>\n\t\t<\/div>\n\t\t\t\t\t\t<\/div>\n\t\t\t\t\t<\/div>\n\t\t\t\t<\/div>\n\t\t<div class=\"elementor-element elementor-element-c92c9ee e-flex e-con-boxed tm-col-stretched-none tm-bg-color-over-image e-con e-parent\" data-id=\"c92c9ee\" data-element_type=\"container\">\n\t\t\t\t\t<div class=\"e-con-inner\">\n\t\t<div class=\"elementor-element elementor-element-077654b e-con-full e-flex tm-col-stretched-none tm-bg-color-over-image e-con e-child\" data-id=\"077654b\" data-element_type=\"container\" data-settings=\"{&quot;background_background&quot;:&quot;classic&quot;}\">\n\t\t<div class=\"elementor-element elementor-element-5985c39 e-con-full e-flex tm-col-stretched-none tm-bg-color-over-image e-con e-child\" data-id=\"5985c39\" data-element_type=\"container\">\n\t\t\t\t<div class=\"elementor-element elementor-element-a3f069f elementor-widget elementor-widget-heading\" data-id=\"a3f069f\" data-element_type=\"widget\" data-widget_type=\"heading.default\">\n\t\t\t\t\t<h3 class=\"elementor-heading-title elementor-size-default\"><a href=\"tel:+902243240202\"><u>\u0644\u0645\u0632\u064a\u062f \u0645\u0646 \u0627\u0644\u0645\u0639\u0644\u0648\u0645\u0627\u062a\u060c \u0627\u0644\u0631\u062c\u0627\u0621 \u0627\u0644\u0627\u062a\u0635\u0627\u0644 \u0628\u0646\u0627<\/u><\/a><\/h3>\t\t\t\t<\/div>\n\t\t\t\t<div class=\"elementor-element elementor-element-12d425d elementor-widget elementor-widget-tm-ele-social-links\" data-id=\"12d425d\" data-element_type=\"widget\" data-widget_type=\"tm-ele-social-links.default\">\n\t\t\t\t<div class=\"elementor-widget-container\">\n\t\t\t\t\t<ul class=\"tm-sc-social-links links-outlined\">\r\n\r\n\t\t\t<li><a class=\"social-link\" aria-label=\"Social Link\" href=\"https:\/\/www.facebook.com\/siahotelthermalspa\" target=\"_self\"><i class=\"fa fa-facebook\"><\/i><\/a><\/li>\r\n\t\t\r\n\t\t<li><a class=\"social-link\" aria-label=\"Social Link\" href=\"https:\/\/www.linkedin.com\/company\/sia-hotel-thermal-spa\/\" target=\"_self\"><i class=\"fa fa-linkedin\"><\/i><\/a><\/li>\r\n\t\t\t<li><a class=\"social-link\" aria-label=\"Social Link\" href=\"https:\/\/www.instagram.com\/siahotelthermalspa\" target=\"_self\"><i class=\"fa fa-instagram\"><\/i><\/a><\/li>\r\n\t\t\r\n\t\t\t<\/ul>\t\t\t\t<\/div>\n\t\t\t\t<\/div>\n\t\t\t\t<\/div>\n\t\t\t\t<\/div>\n\t\t\t\t\t<\/div>\n\t\t\t\t<\/div>\n\t\t<div class=\"elementor-element elementor-element-4efd273a e-flex e-con-boxed tm-col-stretched-none tm-bg-color-over-image e-con e-parent\" data-id=\"4efd273a\" data-element_type=\"container\">\n\t\t\t\t\t<div class=\"e-con-inner\">\n\t\t<div class=\"elementor-element elementor-element-15f1653 e-con-full tm-col-stretched-none e-flex tm-bg-color-over-image e-con e-child\" data-id=\"15f1653\" data-element_type=\"container\">\n\t\t\t\t<div class=\"elementor-element elementor-element-2cf9a8f7 elementor-widget elementor-widget-shortcode\" data-id=\"2cf9a8f7\" data-element_type=\"widget\" data-widget_type=\"shortcode.default\">\n\t\t\t\t\t\t\t<div class=\"elementor-shortcode\">\t\t<div id=\"sbi_mod_error\" >\n\t\t\t<span>Bu hata mesaj\u0131n\u0131 yaln\u0131zca WordPress y\u00f6neticileri g\u00f6rebilir<\/span><br\/>\n\t\t\t<p><strong>Hata: 1 kimli\u011fine sahip hi\u00e7bir ak\u0131\u015f bulunamad\u0131.<\/strong>\n\t\t\t<p>Bir ak\u0131\u015f olu\u015fturmak i\u00e7in l\u00fctfen Instagram Ak\u0131\u015f\u0131 ayarlar sayfas\u0131na gidin.<\/p>\n\t\t<\/div>\n\t\t<\/div>\n\t\t\t\t\t\t<\/div>\n\t\t\t\t<\/div>\n\t\t\t\t\t<\/div>\n\t\t\t\t<\/div>\n\t\t\t\t<\/div>\n\t\t","protected":false},"excerpt":{"rendered":"<p>SEREN\u0130TY BEAUTYLIGHT \u062a\u062c\u0631\u0628\u0629 \u0639\u0644\u0627\u062c \u0636\u0648\u0626\u064a \u0645\u062b\u0628\u062a \u0639\u0644\u0645\u064a\u064b\u0627 \u062a\u0648\u062d\u062f \u0642\u0648\u0629 \u0627\u0644\u0636\u0648\u0621 \u0627\u0644\u0623\u062d\u0645\u0631 \u0648\u0627\u0644\u0623\u0632\u0631\u0642 \u0648\u0627\u0644\u0623\u062e\u0636\u0631 \u0644\u0645 \u064a\u0639\u062f \u0627\u0644\u062c\u0645\u0627\u0644 \u064a\u0639\u062a\u0645\u062f \u0641\u0642\u0637 \u0639\u0644\u0649 \u0627\u0644\u0644\u0645\u0633\u0627\u062a&#8230;<\/p>\n","protected":false},"author":1,"featured_media":0,"parent":0,"menu_order":0,"comment_status":"closed","ping_status":"closed","template":"","meta":{"_monsterinsights_skip_tracking":false,"_monsterinsights_sitenote_active":false,"_monsterinsights_sitenote_note":"","_monsterinsights_sitenote_category":0,"footnotes":""},"class_list":["post-15192","page","type-page","status-publish","hentry"],"aioseo_notices":[],"_links":{"self":[{"href":"https:\/\/www.siahotel.com.tr\/ar\/wp-json\/wp\/v2\/pages\/15192","targetHints":{"allow":["GET"]}}],"collection":[{"href":"https:\/\/www.siahotel.com.tr\/ar\/wp-json\/wp\/v2\/pages"}],"about":[{"href":"https:\/\/www.siahotel.com.tr\/ar\/wp-json\/wp\/v2\/types\/page"}],"author":[{"embeddable":true,"href":"https:\/\/www.siahotel.com.tr\/ar\/wp-json\/wp\/v2\/users\/1"}],"replies":[{"embeddable":true,"href":"https:\/\/www.siahotel.com.tr\/ar\/wp-json\/wp\/v2\/comments?post=15192"}],"version-history":[{"count":44,"href":"https:\/\/www.siahotel.com.tr\/ar\/wp-json\/wp\/v2\/pages\/15192\/revisions"}],"predecessor-version":[{"id":18286,"href":"https:\/\/www.siahotel.com.tr\/ar\/wp-json\/wp\/v2\/pages\/15192\/revisions\/18286"}],"wp:attachment":[{"href":"https:\/\/www.siahotel.com.tr\/ar\/wp-json\/wp\/v2\/media?parent=15192"}],"curies":[{"name":"wp","href":"https:\/\/api.w.org\/{rel}","templated":true}]}}