{"id":15181,"date":"2025-08-01T14:11:05","date_gmt":"2025-08-01T14:11:05","guid":{"rendered":"https:\/\/www.siahotel.com.tr\/ar\/?page_id=15181"},"modified":"2025-08-24T10:32:43","modified_gmt":"2025-08-24T10:32:43","slug":"ayak-masaji","status":"publish","type":"page","link":"https:\/\/www.siahotel.com.tr\/ar\/ayak-masaji\/","title":{"rendered":"Ayak Masaj\u0131"},"content":{"rendered":"\t\t<div data-elementor-type=\"wp-page\" data-elementor-id=\"15181\" class=\"elementor elementor-15181\">\n\t\t\t\t<div class=\"elementor-element elementor-element-4a7d4173 e-flex e-con-boxed tm-col-stretched-none tm-bg-color-over-image e-con e-parent\" data-id=\"4a7d4173\" data-element_type=\"container\">\n\t\t\t\t\t<div class=\"e-con-inner\">\n\t\t\t\t<div class=\"elementor-element elementor-element-5e9ad14c elementor-widget elementor-widget-spacer\" data-id=\"5e9ad14c\" data-element_type=\"widget\" data-widget_type=\"spacer.default\">\n\t\t\t\t\t\t\t<div class=\"elementor-spacer\">\n\t\t\t<div class=\"elementor-spacer-inner\"><\/div>\n\t\t<\/div>\n\t\t\t\t\t\t<\/div>\n\t\t\t\t\t<\/div>\n\t\t\t\t<\/div>\n\t\t<div class=\"elementor-element elementor-element-63cc2976 e-flex e-con-boxed tm-col-stretched-none tm-bg-color-over-image e-con e-parent\" data-id=\"63cc2976\" data-element_type=\"container\">\n\t\t\t\t\t<div class=\"e-con-inner\">\n\t\t\t\t<div class=\"elementor-element elementor-element-aa1410c horizontal-line-align-left vertical-line-align-bottom elementor-widget elementor-widget-tm-ele-section-title\" data-id=\"aa1410c\" data-element_type=\"widget\" data-widget_type=\"tm-ele-section-title.default\">\n\t\t\t\t<div class=\"elementor-widget-container\">\n\t\t\t\t\t<div class=\"tm-sc-section-title section-title line-left-current-theme \">\r\n\t<div class=\"title-wrapper\">\r\n\t\t\t\t\r\n\r\n<div class=\"sub-title-outer\">\r\n\t\t<div class=\"subtitle \">\r\n\r\n\t\t\r\n\t\tAyaklar\u0131n\u0131z\u0131 \u015f\u0131mart\u0131n\t<\/div>\r\n\t<\/div>\t\t\t<h1 class=\"title \">\r\n\r\n\t\t\r\n\t\t\t\t<span class=\"title-part1 \">\u062a\u062f\u0644\u064a\u0643 \u0627\u0644\u0623\u0642\u062f\u0627\u0645\n<\/span>\r\n\t\t\t\t\r\n\t\t\r\n\t<\/h1>\r\n\t<div class=\"title-seperator-line\"><\/div>\t\t\t\t\t\t<\/div>\r\n<\/div>\t\t\t\t<\/div>\n\t\t\t\t<\/div>\n\t\t\t\t\t<\/div>\n\t\t\t\t<\/div>\n\t\t<div class=\"elementor-element elementor-element-51a9c9cc e-flex e-con-boxed tm-col-stretched-none tm-bg-color-over-image e-con e-parent\" data-id=\"51a9c9cc\" data-element_type=\"container\">\n\t\t\t\t\t<div class=\"e-con-inner\">\n\t\t\t\t<div class=\"elementor-element elementor-element-47bc9755 elementor-widget elementor-widget-image\" data-id=\"47bc9755\" data-element_type=\"widget\" data-widget_type=\"image.default\">\n\t\t\t\t\t\t\t\t\t\t\t\t\t\t\t<img fetchpriority=\"high\" decoding=\"async\" width=\"524\" height=\"481\" src=\"https:\/\/www.siahotel.com.tr\/ar\/wp-content\/uploads\/2025\/08\/Ekran-goruntusu-2025-08-11-134249.png\" class=\"attachment-hoteler_landscape size-hoteler_landscape wp-image-16983\" alt=\"\" srcset=\"https:\/\/www.siahotel.com.tr\/ar\/wp-content\/uploads\/2025\/08\/Ekran-goruntusu-2025-08-11-134249.png 524w, https:\/\/www.siahotel.com.tr\/ar\/wp-content\/uploads\/2025\/08\/Ekran-goruntusu-2025-08-11-134249-300x275.png 300w\" sizes=\"255px\" data-kodelisting-lazy-load-sizes=\"(max-width: 524px) 100vw, 524px\" data-kodelisting-loading-image=\"on\" \/>\t\t\t\t\t\t\t\t\t\t\t\t\t\t\t<\/div>\n\t\t\t\t\t<\/div>\n\t\t\t\t<\/div>\n\t\t<div class=\"elementor-element elementor-element-024c441 e-flex e-con-boxed tm-col-stretched-none tm-bg-color-over-image e-con e-parent\" data-id=\"024c441\" data-element_type=\"container\">\n\t\t\t\t\t<div class=\"e-con-inner\">\n\t\t\t\t<div class=\"elementor-element elementor-element-eccb17b elementor-widget elementor-widget-spacer\" data-id=\"eccb17b\" data-element_type=\"widget\" data-widget_type=\"spacer.default\">\n\t\t\t\t\t\t\t<div class=\"elementor-spacer\">\n\t\t\t<div class=\"elementor-spacer-inner\"><\/div>\n\t\t<\/div>\n\t\t\t\t\t\t<\/div>\n\t\t\t\t\t<\/div>\n\t\t\t\t<\/div>\n\t\t<div class=\"elementor-element elementor-element-2bbf57f9 e-flex e-con-boxed tm-col-stretched-none tm-bg-color-over-image e-con e-parent\" data-id=\"2bbf57f9\" data-element_type=\"container\">\n\t\t\t\t\t<div class=\"e-con-inner\">\n\t\t\t\t<div class=\"elementor-element elementor-element-66289c7 elementor-widget elementor-widget-text-editor\" data-id=\"66289c7\" data-element_type=\"widget\" data-widget_type=\"text-editor.default\">\n\t\t\t\t\t\t\t\t\t<p style=\"text-align: right;\"><strong>\u062a\u062f\u0644\u064a\u0643 \u0623\u0642\u062f\u0627\u0645 \u0639\u0645\u064a\u0642 \u064a\u0631\u064a\u062d \u0627\u0644\u062c\u0633\u062f \u0628\u0623\u0643\u0645\u0644\u0647<\/strong><\/p><p style=\"text-align: right;\">\u062a\u064f\u0639\u062f \u0627\u0644\u0623\u0642\u062f\u0627\u0645 \u0623\u0643\u062b\u0631 \u0645\u0646\u0627\u0637\u0642 \u0627\u0644\u062c\u0633\u0645 \u0625\u062c\u0647\u0627\u062f\u064b\u0627 \u0648\u0623\u0642\u0644\u0647\u0627 \u0627\u0647\u062a\u0645\u0627\u0645\u064b\u0627 \u0646\u0634\u0639\u0631 \u0628\u062b\u0642\u0644\u0647\u0627 \u0641\u0642\u0637 \u0639\u0646\u062f\u0645\u0627 \u064a\u0628\u062f\u0623 \u0627\u0644\u0623\u0644\u0645<br \/>\u0645\u0639 \u0627\u0644\u062a\u062f\u0644\u064a\u0643 \u0627\u0644\u0635\u062d\u064a\u062d\u060c \u0644\u0627 \u062a\u0631\u062a\u0627\u062d \u0627\u0644\u0623\u0642\u062f\u0627\u0645 \u0641\u062d\u0633\u0628 \u0628\u0644 \u064a\u0633\u062a\u0631\u062e\u064a \u0627\u0644\u062c\u0633\u062f \u0648\u064a\u0647\u062f\u0623 \u0627\u0644\u0630\u0647\u0646 \u0648\u064a\u0646\u0634\u0637 \u0627\u0644\u062f\u0648\u0631\u0627\u0646 \u0627\u0644\u062f\u0645\u0648\u064a<br \/>\u0644\u0630\u0644\u0643 \u0646\u062f\u0639\u0648\u0643 \u0644\u062a\u062f\u0644\u0651\u0644 \u0642\u062f\u0645\u064a\u0643 \u0645\u0646 \u062e\u0644\u0627\u0644 \u062c\u0644\u0633\u0629 \u062a\u062f\u0644\u064a\u0643 \u0641\u0627\u062e\u0631\u0629<\/p><p style=\"text-align: right;\">\u0645\u0627 \u0647\u0648 \u062a\u062f\u0644\u064a\u0643 \u0627\u0644\u0623\u0642\u062f\u0627\u0645 \u0648\u0645\u0627 \u0627\u0644\u0641\u0627\u0626\u062f\u0629 \u0645\u0646\u0647<\/p><p style=\"text-align: right;\">\u062a\u062d\u062a\u0648\u064a \u0627\u0644\u0623\u0642\u062f\u0627\u0645 \u0639\u0644\u0649 \u0622\u0644\u0627\u0641 \u0627\u0644\u0646\u0647\u0627\u064a\u0627\u062a \u0627\u0644\u0639\u0635\u0628\u064a\u0629 \u0627\u0644\u062a\u064a \u062a\u0631\u062a\u0628\u0637 \u0628\u0627\u0644\u062c\u0633\u0645 \u0643\u0644\u0647<br \/>\u064a\u0639\u062a\u0645\u062f \u062a\u062f\u0644\u064a\u0643 \u0627\u0644\u0642\u062f\u0645\u064a\u0646 \u0639\u0644\u0649 \u0623\u0633\u0627\u0633 \u0627\u0644\u0627\u0646\u0639\u0643\u0627\u0633\u060c \u062d\u064a\u062b \u064a\u064f\u0637\u0628\u0651\u064e\u0642 \u0636\u063a\u0637 \u0639\u0644\u0649 \u0646\u0642\u0627\u0637 \u0644\u062a\u0639\u0632\u064a\u0632 \u0639\u0645\u0644 \u0627\u0644\u0623\u0639\u0636\u0627\u0621\u060c \u0627\u0644\u0639\u0636\u0644\u0627\u062a\u060c \u0648\u0627\u0644\u0645\u0631\u0627\u0643\u0632 \u0627\u0644\u0639\u0642\u0644\u064a\u0629 \u0628\u0637\u0631\u064a\u0642\u0629 \u063a\u064a\u0631 \u0645\u0628\u0627\u0634\u0631\u0629<\/p><p style=\"text-align: right;\">\u064a\u062d\u0641\u0651\u0632 \u0646\u0642\u0627\u0637 \u0645\u0639\u064a\u0646\u0629 \u0641\u064a \u0628\u0627\u0637\u0646 \u0627\u0644\u0642\u062f\u0645 \u0627\u0644\u062c\u0647\u0627\u0632 \u0627\u0644\u0639\u0635\u0628\u064a<br \/>\u064a\u0639\u0632\u0632 \u0627\u0644\u062f\u0648\u0631\u0629 \u0627\u0644\u062f\u0645\u0648\u064a\u0629 \u0648\u064a\u0642\u0644\u0651\u0644 \u0645\u0646 \u0627\u0644\u062a\u0648\u0631\u0645 \u0641\u064a \u0627\u0644\u0642\u062f\u0645\u064a\u0646<br \/>\u064a\u062d\u0633\u0651\u0646 \u062c\u0648\u062f\u0629 \u0627\u0644\u0646\u0648\u0645 \u0648\u064a\u062e\u0641\u0636 \u0645\u0633\u062a\u0648\u064a\u0627\u062a \u0627\u0644\u062a\u0648\u062a\u0631<br \/>\u064a\u0632\u064a\u0644 \u0627\u0644\u0634\u0639\u0648\u0631 \u0628\u0627\u0644\u0625\u0631\u0647\u0627\u0642<br \/>\u064a\u064f\u062d\u0633\u0646 \u0645\u0646 \u0648\u0636\u0639\u064a\u0629 \u0627\u0644\u062c\u0633\u0645 \u0648\u0627\u0644\u062a\u0648\u0627\u0632\u0646<\/p><p style=\"text-align: right;\">\u0645\u0627 \u0627\u0644\u0632\u064a\u0648\u062a \u0648\u0627\u0644\u062a\u0642\u0646\u064a\u0627\u062a \u0627\u0644\u0645\u0633\u062a\u062e\u062f\u0645\u0629<\/p><p style=\"text-align: right;\">\u00a0Serenity\u00a0\u064a\u062a\u0636\u0645\u0646 \u0627\u0644\u062a\u062f\u0644\u064a\u0643 \u0641\u064a\u00a0<\/p><p style=\"text-align: right;\">\u00a0.\u062e\u0644\u064a\u0637\u064b\u0627 \u0639\u0637\u0631\u064a\u064b\u0627 \u0645\u062b\u0644 \u0632\u064a\u062a \u0627\u0644\u0623\u0648\u0643\u0627\u0644\u0628\u062a\u0648\u0633\u060c \u0627\u0644\u0644\u0627\u0641\u0646\u062f\u0631\u060c \u0627\u0644\u0646\u0639\u0646\u0627\u0639\u060c \u0623\u0648 \u0627\u0644\u0633\u0645\u0633\u0645 \u0644\u062a\u063a\u0630\u064a\u0629 \u0627\u0644\u0628\u0634\u0631\u0629 \u0648\u062a\u0639\u0632\u064a\u0632 \u0627\u0644\u0627\u0633\u062a\u0631\u062e\u0627\u0621<br \/>.\u064a\u064f\u0637\u0628\u0651\u064e\u0642 \u0627\u0644\u0636\u063a\u0637 \u0639\u0644\u0649 \u0645\u0633\u0627\u0631\u0627\u062a \u0645\u0639\u064a\u0646\u0629 \u0643\u0627\u0644\u0643\u0627\u062d\u0644 \u0648\u0627\u0644\u0643\u0639\u0628 \u0648\u0628\u064a\u0646 \u0627\u0644\u0623\u0635\u0627\u0628\u0639 \u0648\u0646\u0642\u0627\u0637 \u0627\u0644\u0627\u0646\u0639\u0643\u0627\u0633 \u0641\u064a \u0628\u0627\u0637\u0646 \u0627\u0644\u0642\u062f\u0645 \u0644\u0625\u0639\u0627\u062f\u0629 \u062a\u0648\u0627\u0632\u0646 \u0627\u0644\u0637\u0627\u0642\u0629 \u0627\u0644\u062c\u0633\u062f\u064a\u0629<br \/>.\u0627\u0644\u0627\u0633\u062a\u0631\u062e\u0627\u0621 \u0627\u0644\u0646\u0627\u062a\u062c \u0644\u0627 \u064a\u0643\u0648\u0646 \u062c\u0633\u062f\u064a\u064b\u0627 \u0641\u0642\u0637 \u0628\u0644 \u0639\u0627\u0637\u0641\u064a\u064b\u0627 \u0623\u064a\u0636\u064b\u0627<\/p><p style=\"text-align: right;\">\u0644\u0645\u0646 \u064a\u0646\u0627\u0633\u0628 \u062a\u062f\u0644\u064a\u0643 \u0627\u0644\u0623\u0642\u062f\u0627\u0645<\/p><p style=\"text-align: right;\">\u0627\u0644\u0630\u064a\u0646 \u064a\u062c\u0644\u0633\u0648\u0646 \u0623\u0648 \u064a\u0642\u0641\u0648\u0646 \u0644\u0641\u062a\u0631\u0627\u062a \u0637\u0648\u064a\u0644\u0629 \u062e\u0644\u0627\u0644 \u0627\u0644\u064a\u0648\u0645<br \/>\u0645\u0646 \u064a\u0639\u0627\u0646\u064a \u0645\u0634\u0627\u0643\u0644 \u0641\u064a \u0627\u0644\u0646\u0648\u0645<br \/>\u0645\u0646 \u064a\u0639\u0627\u0646\u064a \u0645\u0646 \u062a\u0648\u0631\u0651\u0645 \u0623\u0648 \u062a\u0646\u0645\u064a\u0644 \u0623\u0648 \u062a\u0639\u0628 \u0641\u064a \u0627\u0644\u0642\u062f\u0645\u064a\u0646<br \/>\u0645\u0631\u0636\u0649 \u0627\u0644\u0633\u0643\u0631\u064a (\u0628\u0645\u0648\u0627\u0641\u0642\u0629 \u0627\u0644\u0637\u0628\u064a\u0628)<br \/>\u0645\u0646 \u064a\u0639\u0627\u0646\u064a \u0645\u0646 \u062a\u0648\u0631\u0651\u0645 \u0628\u0639\u062f \u0627\u0644\u0648\u0644\u0627\u062f\u0629<\/p><p style=\"text-align: right;\">\u062f\u0644\u0651\u0644 \u0642\u062f\u0645\u064a\u0643<\/p><p style=\"text-align: right;\">.\u0628\u0639\u062f \u062c\u0644\u0633\u0629 \u062a\u062f\u0644\u064a\u0643 \u0623\u0642\u062f\u0627\u0645 \u0645\u062f\u062a\u0647\u0627 30 \u062f\u0642\u064a\u0642\u0629 \u0641\u064a \u0623\u062c\u0648\u0627\u0621 \u062e\u0627\u0635\u0629\u060c \u064a\u0642\u0648\u0644 \u0636\u064a\u0648\u0641\u0646\u0627 \u201c\u0628\u062f\u0623 \u064a\u0648\u0645\u064a \u0645\u0646 \u062c\u062f\u064a\u062f\u201d\u060c \u201c\u062c\u0633\u062f\u064a \u0623\u0635\u0628\u062d \u0623\u062e\u0641\u201d\u060c \u201c\u0628\u0639\u0636 \u062f\u0642\u0627\u0626\u0642 \u062a\u062f\u0644\u064a\u0643 \u0627\u0644\u0623\u0642\u062f\u0627\u0645 \u0623\u0632\u0627\u0644\u062a \u0639\u0646\u064a \u0643\u0644 \u0627\u0644\u062a\u0648\u062a\u0631\u201d<br \/>.\u063a\u0627\u0644\u0628\u064b\u0627 \u0645\u0627 \u064a\u0643\u0648\u0646 \u062a\u062f\u0644\u064a\u0643 \u0627\u0644\u0623\u0642\u062f\u0627\u0645 \u0647\u0648 \u0623\u0648\u0644 \u0627\u062e\u062a\u064a\u0627\u0631 \u0644\u0628\u062f\u0621 \u062a\u062c\u0631\u0628\u0629 \u0633\u0628\u0627 \u0637\u0648\u064a\u0644\u0629 \u0623\u0648 \u06af\u0631\u0641\u062a\u0647 \u0645\u0623\u062e\u0630\u0647\u060c \u0648\u064a\u064f\u0634\u0628\u0647 \u064a\u0648\u0645 \u0639\u0637\u0644\u0629 \u0635\u063a\u064a\u0631 \u0641\u064a \u062d\u062f \u0630\u0627\u062a\u0647<\/p>\t\t\t\t\t\t\t\t<\/div>\n\t\t\t\t\t<\/div>\n\t\t\t\t<\/div>\n\t\t<div class=\"elementor-element elementor-element-80a8988 e-flex e-con-boxed tm-col-stretched-none tm-bg-color-over-image e-con e-parent\" data-id=\"80a8988\" data-element_type=\"container\">\n\t\t\t\t\t<div class=\"e-con-inner\">\n\t\t\t\t<div class=\"elementor-element elementor-element-f46a224 elementor-widget elementor-widget-spacer\" data-id=\"f46a224\" data-element_type=\"widget\" data-widget_type=\"spacer.default\">\n\t\t\t\t\t\t\t<div class=\"elementor-spacer\">\n\t\t\t<div class=\"elementor-spacer-inner\"><\/div>\n\t\t<\/div>\n\t\t\t\t\t\t<\/div>\n\t\t\t\t\t<\/div>\n\t\t\t\t<\/div>\n\t\t<div class=\"elementor-element elementor-element-ad61cce e-flex e-con-boxed tm-col-stretched-none tm-bg-color-over-image e-con e-parent\" data-id=\"ad61cce\" data-element_type=\"container\" data-settings=\"{&quot;background_background&quot;:&quot;classic&quot;}\">\n\t\t\t\t\t<div class=\"e-con-inner\">\n\t\t<div class=\"elementor-element elementor-element-649dbb9 e-con-full e-flex tm-col-stretched-none tm-bg-color-over-image e-con e-child\" data-id=\"649dbb9\" data-element_type=\"container\" data-settings=\"{&quot;background_background&quot;:&quot;classic&quot;}\">\n\t\t<div class=\"elementor-element elementor-element-7785562 e-con-full e-flex tm-col-stretched-none tm-bg-color-over-image e-con e-child\" data-id=\"7785562\" data-element_type=\"container\">\n\t\t\t\t<div class=\"elementor-element elementor-element-fed579d elementor-widget elementor-widget-heading\" data-id=\"fed579d\" data-element_type=\"widget\" data-widget_type=\"heading.default\">\n\t\t\t\t\t<h3 class=\"elementor-heading-title elementor-size-default\"><a href=\"tel:+902243240202\"><u>\u0644\u0644\u0645\u0632\u064a\u062f \u0645\u0646 \u0627\u0644\u0645\u0639\u0644\u0648\u0645\u0627\u062a\u060c \u0627\u062a\u0635\u0644\u0648\u0627 \u0628\u0646\u0627<\/u>\n<\/a><\/h3>\t\t\t\t<\/div>\n\t\t\t\t<div class=\"elementor-element elementor-element-c7e0969 elementor-widget elementor-widget-tm-ele-social-links\" data-id=\"c7e0969\" data-element_type=\"widget\" data-widget_type=\"tm-ele-social-links.default\">\n\t\t\t\t<div class=\"elementor-widget-container\">\n\t\t\t\t\t<ul class=\"tm-sc-social-links links-outlined\">\r\n\r\n\t\t\t<li><a class=\"social-link\" aria-label=\"Social Link\" href=\"https:\/\/www.facebook.com\/siahotelthermalspa\" target=\"_self\"><i class=\"fa fa-facebook\"><\/i><\/a><\/li>\r\n\t\t\r\n\t\t<li><a class=\"social-link\" aria-label=\"Social Link\" href=\"https:\/\/www.linkedin.com\/company\/sia-hotel-thermal-spa\/\" target=\"_self\"><i class=\"fa fa-linkedin\"><\/i><\/a><\/li>\r\n\t\t\t<li><a class=\"social-link\" aria-label=\"Social Link\" href=\"https:\/\/www.instagram.com\/siahotelthermalspa\" target=\"_self\"><i class=\"fa fa-instagram\"><\/i><\/a><\/li>\r\n\t\t\r\n\t\t\t<\/ul>\t\t\t\t<\/div>\n\t\t\t\t<\/div>\n\t\t\t\t<\/div>\n\t\t\t\t<\/div>\n\t\t\t\t\t<\/div>\n\t\t\t\t<\/div>\n\t\t<div class=\"elementor-element elementor-element-5f7d787d e-flex e-con-boxed tm-col-stretched-none tm-bg-color-over-image e-con e-parent\" data-id=\"5f7d787d\" data-element_type=\"container\">\n\t\t\t\t\t<div class=\"e-con-inner\">\n\t\t<div class=\"elementor-element elementor-element-2ed2c23a e-con-full tm-col-stretched-none e-flex tm-bg-color-over-image e-con e-child\" data-id=\"2ed2c23a\" data-element_type=\"container\">\n\t\t\t\t<div class=\"elementor-element elementor-element-56f15fff elementor-widget elementor-widget-shortcode\" data-id=\"56f15fff\" data-element_type=\"widget\" data-widget_type=\"shortcode.default\">\n\t\t\t\t\t\t\t<div class=\"elementor-shortcode\">\t\t<div id=\"sbi_mod_error\" >\n\t\t\t<span>Bu hata mesaj\u0131n\u0131 yaln\u0131zca WordPress y\u00f6neticileri g\u00f6rebilir<\/span><br\/>\n\t\t\t<p><strong>Hata: 1 kimli\u011fine sahip hi\u00e7bir ak\u0131\u015f bulunamad\u0131.<\/strong>\n\t\t\t<p>Bir ak\u0131\u015f olu\u015fturmak i\u00e7in l\u00fctfen Instagram Ak\u0131\u015f\u0131 ayarlar sayfas\u0131na gidin.<\/p>\n\t\t<\/div>\n\t\t<\/div>\n\t\t\t\t\t\t<\/div>\n\t\t\t\t<\/div>\n\t\t\t\t\t<\/div>\n\t\t\t\t<\/div>\n\t\t\t\t<\/div>\n\t\t","protected":false},"excerpt":{"rendered":"<p>Ayaklar\u0131n\u0131z\u0131 \u015f\u0131mart\u0131n \u062a\u062f\u0644\u064a\u0643 \u0627\u0644\u0623\u0642\u062f\u0627\u0645 \u062a\u062f\u0644\u064a\u0643 \u0623\u0642\u062f\u0627\u0645 \u0639\u0645\u064a\u0642 \u064a\u0631\u064a\u062d \u0627\u0644\u062c\u0633\u062f \u0628\u0623\u0643\u0645\u0644\u0647 \u062a\u064f\u0639\u062f \u0627\u0644\u0623\u0642\u062f\u0627\u0645 \u0623\u0643\u062b\u0631 \u0645\u0646\u0627\u0637\u0642 \u0627\u0644\u062c\u0633\u0645 \u0625\u062c\u0647\u0627\u062f\u064b\u0627 \u0648\u0623\u0642\u0644\u0647\u0627 \u0627\u0647\u062a\u0645\u0627\u0645\u064b\u0627 \u0646\u0634\u0639\u0631 \u0628\u062b\u0642\u0644\u0647\u0627&#8230;<\/p>\n","protected":false},"author":1,"featured_media":0,"parent":0,"menu_order":0,"comment_status":"closed","ping_status":"closed","template":"","meta":{"_monsterinsights_skip_tracking":false,"_monsterinsights_sitenote_active":false,"_monsterinsights_sitenote_note":"","_monsterinsights_sitenote_category":0,"footnotes":""},"class_list":["post-15181","page","type-page","status-publish","hentry"],"aioseo_notices":[],"_links":{"self":[{"href":"https:\/\/www.siahotel.com.tr\/ar\/wp-json\/wp\/v2\/pages\/15181","targetHints":{"allow":["GET"]}}],"collection":[{"href":"https:\/\/www.siahotel.com.tr\/ar\/wp-json\/wp\/v2\/pages"}],"about":[{"href":"https:\/\/www.siahotel.com.tr\/ar\/wp-json\/wp\/v2\/types\/page"}],"author":[{"embeddable":true,"href":"https:\/\/www.siahotel.com.tr\/ar\/wp-json\/wp\/v2\/users\/1"}],"replies":[{"embeddable":true,"href":"https:\/\/www.siahotel.com.tr\/ar\/wp-json\/wp\/v2\/comments?post=15181"}],"version-history":[{"count":52,"href":"https:\/\/www.siahotel.com.tr\/ar\/wp-json\/wp\/v2\/pages\/15181\/revisions"}],"predecessor-version":[{"id":18068,"href":"https:\/\/www.siahotel.com.tr\/ar\/wp-json\/wp\/v2\/pages\/15181\/revisions\/18068"}],"wp:attachment":[{"href":"https:\/\/www.siahotel.com.tr\/ar\/wp-json\/wp\/v2\/media?parent=15181"}],"curies":[{"name":"wp","href":"https:\/\/api.w.org\/{rel}","templated":true}]}}