{"id":15171,"date":"2025-08-01T14:05:55","date_gmt":"2025-08-01T14:05:55","guid":{"rendered":"https:\/\/www.siahotel.com.tr\/ar\/?page_id=15171"},"modified":"2025-08-27T11:24:25","modified_gmt":"2025-08-27T11:24:25","slug":"doktor-balik","status":"publish","type":"page","link":"https:\/\/www.siahotel.com.tr\/ar\/doktor-balik\/","title":{"rendered":"Doktor Bal\u0131k"},"content":{"rendered":"\t\t<div data-elementor-type=\"wp-page\" data-elementor-id=\"15171\" class=\"elementor elementor-15171\">\n\t\t\t\t<div class=\"elementor-element elementor-element-1acd57e5 e-flex e-con-boxed tm-col-stretched-none tm-bg-color-over-image e-con e-parent\" data-id=\"1acd57e5\" data-element_type=\"container\">\n\t\t\t\t\t<div class=\"e-con-inner\">\n\t\t\t\t<div class=\"elementor-element elementor-element-2b2e43f8 elementor-widget elementor-widget-spacer\" data-id=\"2b2e43f8\" data-element_type=\"widget\" data-widget_type=\"spacer.default\">\n\t\t\t\t\t\t\t<div class=\"elementor-spacer\">\n\t\t\t<div class=\"elementor-spacer-inner\"><\/div>\n\t\t<\/div>\n\t\t\t\t\t\t<\/div>\n\t\t\t\t\t<\/div>\n\t\t\t\t<\/div>\n\t\t<div class=\"elementor-element elementor-element-68c0ad9f e-flex e-con-boxed tm-col-stretched-none tm-bg-color-over-image e-con e-parent\" data-id=\"68c0ad9f\" data-element_type=\"container\">\n\t\t\t\t\t<div class=\"e-con-inner\">\n\t\t\t\t<div class=\"elementor-element elementor-element-83eb09a horizontal-line-align-left vertical-line-align-bottom elementor-widget elementor-widget-tm-ele-section-title\" data-id=\"83eb09a\" data-element_type=\"widget\" data-widget_type=\"tm-ele-section-title.default\">\n\t\t\t\t<div class=\"elementor-widget-container\">\n\t\t\t\t\t<div class=\"tm-sc-section-title section-title line-left-current-theme \">\r\n\t<div class=\"title-wrapper\">\r\n\t\t\t\t\r\n\r\n<div class=\"sub-title-outer\">\r\n\t\t<div class=\"subtitle \">\r\n\r\n\t\t\r\n\t\tserenity\t<\/div>\r\n\t<\/div>\t\t\t<h1 class=\"title \">\r\n\r\n\t\t\r\n\t\t\t\t<span class=\"title-part1 \">\u0627\u0644\u0623\u0633\u0645\u0627\u0643 \u0627\u0644\u0637\u0628\u064a\u0629<\/span>\r\n\t\t\t\t\r\n\t\t\r\n\t<\/h1>\r\n\t<div class=\"title-seperator-line\"><\/div>\t\t\t\t\t\t<\/div>\r\n<\/div>\t\t\t\t<\/div>\n\t\t\t\t<\/div>\n\t\t\t\t\t<\/div>\n\t\t\t\t<\/div>\n\t\t<div class=\"elementor-element elementor-element-25b700b2 e-flex e-con-boxed tm-col-stretched-none tm-bg-color-over-image e-con e-parent\" data-id=\"25b700b2\" data-element_type=\"container\">\n\t\t\t\t\t<div class=\"e-con-inner\">\n\t\t\t\t<div class=\"elementor-element elementor-element-30243b98 elementor-widget elementor-widget-image\" data-id=\"30243b98\" data-element_type=\"widget\" data-widget_type=\"image.default\">\n\t\t\t\t\t\t\t\t\t\t\t\t\t\t\t<img fetchpriority=\"high\" decoding=\"async\" width=\"1804\" height=\"862\" src=\"https:\/\/www.siahotel.com.tr\/ar\/wp-content\/uploads\/2025\/08\/Ekran-Resmi-2025-08-01-13.57.57.png\" class=\"attachment-2048x2048 size-2048x2048 wp-image-15052\" alt=\"Sia Hotel Doktor Bal\u0131k\" srcset=\"https:\/\/www.siahotel.com.tr\/ar\/wp-content\/uploads\/2025\/08\/Ekran-Resmi-2025-08-01-13.57.57.png 1804w, https:\/\/www.siahotel.com.tr\/ar\/wp-content\/uploads\/2025\/08\/Ekran-Resmi-2025-08-01-13.57.57-300x143.png 300w, https:\/\/www.siahotel.com.tr\/ar\/wp-content\/uploads\/2025\/08\/Ekran-Resmi-2025-08-01-13.57.57-1024x489.png 1024w, https:\/\/www.siahotel.com.tr\/ar\/wp-content\/uploads\/2025\/08\/Ekran-Resmi-2025-08-01-13.57.57-768x367.png 768w, https:\/\/www.siahotel.com.tr\/ar\/wp-content\/uploads\/2025\/08\/Ekran-Resmi-2025-08-01-13.57.57-1536x734.png 1536w\" sizes=\"255px\" data-kodelisting-lazy-load-sizes=\"(max-width: 1804px) 100vw, 1804px\" data-kodelisting-loading-image=\"on\" \/>\t\t\t\t\t\t\t\t\t\t\t\t\t\t\t<\/div>\n\t\t\t\t\t<\/div>\n\t\t\t\t<\/div>\n\t\t<div class=\"elementor-element elementor-element-483a9fe e-flex e-con-boxed tm-col-stretched-none tm-bg-color-over-image e-con e-parent\" data-id=\"483a9fe\" data-element_type=\"container\">\n\t\t\t\t\t<div class=\"e-con-inner\">\n\t\t\t\t<div class=\"elementor-element elementor-element-59d598a elementor-widget elementor-widget-spacer\" data-id=\"59d598a\" data-element_type=\"widget\" data-widget_type=\"spacer.default\">\n\t\t\t\t\t\t\t<div class=\"elementor-spacer\">\n\t\t\t<div class=\"elementor-spacer-inner\"><\/div>\n\t\t<\/div>\n\t\t\t\t\t\t<\/div>\n\t\t\t\t\t<\/div>\n\t\t\t\t<\/div>\n\t\t<div class=\"elementor-element elementor-element-4aa4fdae e-flex e-con-boxed tm-col-stretched-none tm-bg-color-over-image e-con e-parent\" data-id=\"4aa4fdae\" data-element_type=\"container\">\n\t\t\t\t\t<div class=\"e-con-inner\">\n\t\t\t\t<div class=\"elementor-element elementor-element-505b119c elementor-widget elementor-widget-text-editor\" data-id=\"505b119c\" data-element_type=\"widget\" data-widget_type=\"text-editor.default\">\n\t\t\t\t\t\t\t\t\t<div class=\"text-base my-auto mx-auto pb-10 [--thread-content-margin:--spacing(4)] @[37rem]:[--thread-content-margin:--spacing(6)] @[72rem]:[--thread-content-margin:--spacing(16)] px-(--thread-content-margin)\"><div class=\"[--thread-content-max-width:32rem] @[34rem]:[--thread-content-max-width:40rem] @[64rem]:[--thread-content-max-width:48rem] mx-auto max-w-(--thread-content-max-width) flex-1 group\/turn-messages focus-visible:outline-hidden relative flex w-full min-w-0 flex-col agent-turn\" tabindex=\"-1\"><div class=\"flex max-w-full flex-col grow\"><div data-message-author-role=\"assistant\" data-message-id=\"a5641aa3-751e-425c-8a0a-bf12dbedc759\" dir=\"auto\" class=\"min-h-8 text-message relative flex w-full flex-col items-end gap-2 text-start break-words whitespace-normal [.text-message+&amp;]:mt-5\" data-message-model-slug=\"gpt-4-1-mini\"><div class=\"flex w-full flex-col gap-1 empty:hidden first:pt-[3px]\"><div class=\"markdown prose dark:prose-invert w-full break-words light markdown-new-styling\"><hr data-start=\"40\" data-end=\"43\" \/><p><strong data-start=\"45\" data-end=\"101\">\u0645\u064f\u062c\u062f\u0651\u062f \u0627\u0644\u0628\u0634\u0631\u0629\u060c \u0645\u064f\u062e\u0641\u0651\u0641 \u0627\u0644\u062a\u0648\u062a\u0631\u060c \u0639\u0644\u0627\u062c \u0642\u062f\u0645 \u0637\u0628\u064a\u0639\u064a \u0628\u0627\u0644\u0643\u0627\u0645\u0644<\/strong><\/p><p>\u0645\u0646 \u0628\u064a\u0646 \u062a\u0637\u0628\u064a\u0642\u0627\u062a \u0627\u0644\u0633\u0628\u0627 \u0627\u0644\u062d\u062f\u064a\u062b\u0629\u060c \u062a\u064f\u0639\u062a\u0628\u0631 \u062a\u062c\u0631\u0628\u0629 \u0639\u0644\u0627\u062c \u201c\u0633\u0645\u0643 \u0627\u0644\u0637\u0628\u064a\u0628\u201d \u0645\u0646 \u0623\u0643\u062b\u0631 \u0627\u0644\u062a\u062c\u0627\u0631\u0628 \u0625\u062b\u0627\u0631\u0629 \u0644\u0644\u0627\u0647\u062a\u0645\u0627\u0645 \u0648\u0645\u062a\u0639\u0629. \u0648\u0644\u0643\u0646 \u0627\u0644\u0623\u0645\u0631 \u0644\u0627 \u064a\u0642\u062a\u0635\u0631 \u0641\u0642\u0637 \u0639\u0644\u0649 \u0627\u0644\u0623\u0633\u0645\u0627\u0643 \u0627\u0644\u0644\u0637\u064a\u0641\u0629\u060c \u0628\u0644 \u064a\u0634\u0645\u0644 \u0623\u064a\u0636\u064b\u0627 \u0635\u062d\u0629 \u0627\u0644\u0628\u0634\u0631\u0629\u060c \u0648\u062f\u0648\u0631\u0629 \u0627\u0644\u062f\u0645\u060c \u0648\u0627\u0644\u0627\u0633\u062a\u0631\u062e\u0627\u0621 \u0627\u0644\u0637\u0628\u064a\u0639\u064a.<\/p><p>\u0628\u0641\u0636\u0644 \u062a\u0637\u0628\u064a\u0642 \u0639\u0644\u0627\u062c \u0627\u0644\u0641\u0631\u064a\u062f \u0647\u0630\u0627 \u0641\u064a \u0638\u0631\u0648\u0641 \u0635\u062d\u064a\u0629 \u0648\u0622\u0645\u0646\u0629\u060c \u064a\u0645\u0643\u0646\u0643\u0645 \u0627\u0644\u0627\u0633\u062a\u0631\u062e\u0627\u0621 \u062c\u0633\u062f\u064a\u064b\u0627 \u0648\u0630\u0647\u0646\u064a\u064b\u0627.<\/p><p><strong data-start=\"422\" data-end=\"455\">\u0645\u0627 \u0647\u0648 \u0633\u0645\u0643 \u0627\u0644\u0637\u0628\u064a\u0628\u061f \u0648\u0645\u0627 \u0641\u0627\u0626\u062f\u062a\u0647\u061f<\/strong><\/p><p>\u0627\u0644\u0623\u0633\u0645\u0627\u0643 \u0627\u0644\u0635\u063a\u064a\u0631\u0629 \u0627\u0644\u0645\u0639\u0631\u0648\u0641\u0629 \u0628\u0627\u0633\u0645 &#8220;Garra Rufa&#8221; \u0648\u0627\u0644\u062a\u064a \u062a\u064f\u0644\u0642\u0628 \u0628\u0633\u0645\u0643 \u0627\u0644\u0637\u0628\u064a\u0628\u060c \u062a\u0646\u0638\u0641 \u0628\u0644\u0637\u0641 \u0627\u0644\u062c\u0644\u062f \u0627\u0644\u0645\u064a\u062a \u0639\u0644\u0649 \u0623\u0642\u062f\u0627\u0645\u0643\u0645. \u0644\u064a\u0633 \u0644\u062f\u064a\u0647\u0627 \u0623\u0633\u0646\u0627\u0646\u061b \u0628\u0644 \u062a\u0642\u0648\u0645 \u0628\u0627\u0645\u062a\u0635\u0627\u0635 \u0648\u062a\u062d\u0641\u064a\u0632 \u062e\u0641\u064a\u0641 \u0644\u0641\u0635\u0644 \u0627\u0644\u062e\u0644\u0627\u064a\u0627 \u0627\u0644\u0645\u064a\u062a\u0629 \u0639\u0644\u0649 \u0633\u0637\u062d \u0627\u0644\u0628\u0634\u0631\u0629. \u0647\u0630\u0647 \u0627\u0644\u0639\u0645\u0644\u064a\u0629 \u0644\u064a\u0633\u062a \u0645\u062c\u0631\u062f \u062a\u0646\u0638\u064a\u0641 \u062a\u062c\u0645\u064a\u0644\u064a\u061b \u0628\u0644 \u0647\u064a \u0639\u0644\u0627\u062c \u064a\u064f\u0633\u0631\u0651\u0639 \u0627\u0644\u062f\u0648\u0631\u0629 \u0627\u0644\u062f\u0645\u0648\u064a\u0629 \u0648\u064a\u0646\u0634\u0637 \u0646\u0642\u0627\u0637 \u0627\u0644\u0627\u0646\u0639\u0643\u0627\u0633.<\/p><p>\u0627\u0644\u0646\u062a\u064a\u062c\u0629: \u0628\u0634\u0631\u0629 \u0623\u0646\u0639\u0645\u060c \u0623\u0642\u062f\u0627\u0645 \u0623\u062e\u0641\u060c \u0648\u0627\u0646\u062a\u0639\u0627\u0634 \u0630\u0647\u0646\u064a.<\/p><p><strong data-start=\"778\" data-end=\"813\">\u0627\u0644\u0641\u0648\u0627\u0626\u062f \u0627\u0644\u0639\u0644\u0645\u064a\u0629 \u0648\u0627\u0644\u0639\u0644\u0627\u062c \u0627\u0644\u0637\u0628\u064a\u0639\u064a<\/strong><\/p><p data-start=\"817\" data-end=\"887\">\u062a\u062c\u062f\u064a\u062f \u0627\u0644\u0628\u0634\u0631\u0629: \u0627\u0644\u0644\u0645\u0633\u0629 \u0627\u0644\u0644\u0637\u064a\u0641\u0629 \u0644\u0644\u0623\u0633\u0645\u0627\u0643 \u062a\u062d\u0641\u0632 \u0639\u0645\u0644\u064a\u0629 \u062a\u062c\u062f\u064a\u062f \u0627\u0644\u0628\u0634\u0631\u0629 \u0627\u0644\u0637\u0628\u064a\u0639\u064a\u0629.<\/p><p data-start=\"891\" data-end=\"963\">\u0627\u0644\u062f\u0648\u0631\u0629 \u0627\u0644\u062f\u0642\u064a\u0642\u0629: \u062a\u062d\u0641\u064a\u0632 \u0627\u0644\u0623\u0648\u0639\u064a\u0629 \u0627\u0644\u062f\u0645\u0648\u064a\u0629 \u0641\u064a \u0627\u0644\u0642\u062f\u0645\u064a\u0646 \u064a\u0632\u064a\u062f \u0645\u0646 \u0627\u0644\u062f\u0648\u0631\u0629 \u0627\u0644\u062f\u0645\u0648\u064a\u0629.<\/p><p data-start=\"967\" data-end=\"1037\">\u062a\u0642\u0644\u064a\u0644 \u0627\u0644\u062a\u0648\u062a\u0631: \u0635\u0648\u062a \u0627\u0644\u0645\u0627\u0621 \u0648\u0644\u0645\u0633\u0627\u062a \u0627\u0644\u0623\u0633\u0645\u0627\u0643 \u064a\u0647\u062f\u0626 \u0627\u0644\u062c\u0647\u0627\u0632 \u0627\u0644\u0639\u0635\u0628\u064a \u062e\u0644\u0627\u0644 \u0627\u0644\u062c\u0644\u0633\u0629.<\/p><p data-start=\"1041\" data-end=\"1104\">\u062f\u0639\u0645 \u0635\u062d\u0629 \u0627\u0644\u0642\u062f\u0645: \u0644\u0647 \u062a\u0623\u062b\u064a\u0631 \u062f\u0627\u0639\u0645 \u0641\u064a \u062d\u0627\u0644\u0627\u062a \u0627\u0644\u0623\u0643\u0632\u064a\u0645\u0627\u060c \u0627\u0644\u0643\u0627\u0644\u0648 \u0648\u0627\u0644\u062a\u0642\u0634\u0631.<\/p><p data-start=\"1108\" data-end=\"1212\">\u062a\u062d\u0641\u064a\u0632 \u064a\u0634\u0628\u0647 \u0627\u0644\u0627\u0646\u0639\u0643\u0627\u0633\u064a\u0629: \u0627\u0644\u062a\u0646\u0628\u064a\u0647 \u0627\u0644\u062e\u0641\u064a\u0641 \u0644\u0646\u0647\u0627\u064a\u0627\u062a \u0627\u0644\u0623\u0639\u0635\u0627\u0628 \u0641\u064a \u0623\u0633\u0641\u0644 \u0627\u0644\u0642\u062f\u0645 \u064a\u062e\u0644\u0642 \u0634\u0639\u0648\u0631\u064b\u0627 \u0628\u0627\u0644\u0627\u0633\u062a\u0631\u062e\u0627\u0621 \u0641\u064a \u0627\u0644\u062c\u0633\u0645 \u0643\u0644\u0647.<\/p><p><strong data-start=\"1214\" data-end=\"1234\">\u0627\u0644\u0646\u0638\u0627\u0641\u0629 \u0623\u0648\u0644\u0648\u064a\u062a\u0646\u0627<\/strong><\/p><p>\u0641\u064a Serenity\u060c \u062a\u062a\u0645 \u062c\u0644\u0633\u0627\u062a \u0633\u0645\u0643 \u0627\u0644\u0637\u0628\u064a\u0628 \u0648\u0641\u0642 \u0628\u0631\u0648\u062a\u0648\u0643\u0648\u0644\u0627\u062a \u0646\u0638\u0627\u0641\u0629 \u0634\u062e\u0635\u064a\u0629 \u0635\u0627\u0631\u0645\u0629. \u064a\u062a\u0645 \u062a\u0631\u0634\u064a\u062d \u0645\u064a\u0627\u0647 \u0627\u0644\u0628\u0631\u0643\u0629 \u0648\u062a\u0639\u0642\u064a\u0645\u0647\u0627 \u0628\u0627\u0644\u0623\u0634\u0639\u0629 \u0641\u0648\u0642 \u0627\u0644\u0628\u0646\u0641\u0633\u062c\u064a\u0629 \u0644\u0643\u0644 \u0636\u064a\u0641. \u062a\u064f\u0646\u0638\u0641 \u0627\u0644\u0623\u0642\u062f\u0627\u0645 \u0628\u0645\u0637\u0647\u0631\u0627\u062a \u062e\u0627\u0635\u0629. \u0628\u0647\u0630\u0627 \u064a\u0635\u0628\u062d \u0627\u0644\u0639\u0644\u0627\u062c \u0644\u064a\u0633 \u0641\u0642\u0637 \u0645\u0645\u062a\u0639\u064b\u0627 \u0628\u0644 \u0622\u0645\u0646\u064b\u0627 \u062c\u062f\u064b\u0627.<\/p><p><strong data-start=\"1442\" data-end=\"1479\">&#8220;\u0644\u0646 \u0623\u0639\u0648\u062f \u0623\u0628\u062f\u064b\u0627 \u0644\u0639\u0645\u0644 \u0628\u062f\u064a\u0643\u064a\u0631 \u0639\u0627\u062f\u064a!&#8221;<\/strong><\/p><p>\u064a\u0634\u0627\u0631\u0643 \u0636\u064a\u0648\u0641 Serenity \u062a\u062c\u0631\u0628\u0629 \u0633\u0645\u0643 \u0627\u0644\u0637\u0628\u064a\u0628 \u0644\u064a\u0633 \u0641\u0642\u0637 \u0644\u0641\u0648\u0627\u0626\u062f\u0647 \u0627\u0644\u062c\u0633\u062f\u064a\u0629\u060c \u0628\u0644 \u0644\u062c\u0645\u0627\u0644 \u0645\u0634\u0627\u0631\u0643\u062a\u0647\u0627 \u0623\u064a\u0636\u064b\u0627. \u062a\u064f\u0639\u062a\u0628\u0631 \u0647\u0630\u0647 \u0627\u0644\u062c\u0644\u0633\u0629\u060c \u0627\u0644\u062a\u064a \u062a\u064f\u0634\u0627\u0631\u0643 \u0641\u064a \u0648\u0633\u0627\u0626\u0644 \u0627\u0644\u062a\u0648\u0627\u0635\u0644 \u0627\u0644\u0627\u062c\u062a\u0645\u0627\u0639\u064a \u0643\u0640&#8221;\u0623\u062c\u0645\u0644 \u0630\u0643\u0631\u0649 \u0633\u0628\u0627&#8221;\u060c \u0639\u0644\u0627\u062c\u064b\u0627 \u062e\u0627\u0635\u064b\u0627 \u064a\u062c\u0630\u0628 \u0627\u0644\u0643\u0628\u0627\u0631 \u0648\u0627\u0644\u0635\u063a\u0627\u0631 \u0639\u0644\u0649 \u062d\u062f \u0633\u0648\u0627\u0621.<\/p><p>\u0627\u0644\u062a\u0639\u0644\u064a\u0642\u0627\u062a \u0628\u0639\u062f \u0627\u0644\u062c\u0644\u0633\u0629 \u0639\u0627\u062f\u0629\u064b \u0645\u0627 \u062a\u0643\u0648\u0646:<\/p><p data-start=\"1731\" data-end=\"1797\">&#8220;\u0641\u064a \u0627\u0644\u0628\u062f\u0627\u064a\u0629 \u0643\u0627\u0646\u062a \u062a\u0633\u0628\u0628 \u0644\u064a \u062f\u063a\u062f\u063a\u0629 \u0628\u0633\u064a\u0637\u0629\u060c \u0644\u0643\u0646\u0647\u0627 \u062a\u062d\u0648\u0644\u062a \u0625\u0644\u0649 \u0631\u0627\u062d\u0629 \u0641\u0642\u0637&#8230;&#8221;<\/p><p data-start=\"1801\" data-end=\"1846\">&#8220;\u0644\u0645 \u062a\u0646\u0638\u0641 \u0627\u0644\u0623\u0633\u0645\u0627\u0643 \u0628\u0634\u0631\u062a\u064a \u0641\u0642\u0637\u060c \u0628\u0644 \u0631\u0648\u062d\u064a \u0623\u064a\u0636\u064b\u0627&#8230;&#8221;<\/p><p data-start=\"1850\" data-end=\"1882\">&#8220;\u0623\u0641\u0636\u0644 \u0639\u0644\u0627\u062c \u0637\u0628\u064a\u0639\u064a \u062e\u0636\u062a\u0647 \u062d\u062a\u0649 \u0627\u0644\u0622\u0646!&#8221;<\/p><\/div><\/div><\/div><\/div><\/div><\/div>\t\t\t\t\t\t\t\t<\/div>\n\t\t\t\t\t<\/div>\n\t\t\t\t<\/div>\n\t\t<div class=\"elementor-element elementor-element-c043d5c e-flex e-con-boxed tm-col-stretched-none tm-bg-color-over-image e-con e-parent\" data-id=\"c043d5c\" data-element_type=\"container\">\n\t\t\t\t\t<div class=\"e-con-inner\">\n\t\t\t\t<div class=\"elementor-element elementor-element-3284e03 elementor-widget elementor-widget-spacer\" data-id=\"3284e03\" data-element_type=\"widget\" data-widget_type=\"spacer.default\">\n\t\t\t\t\t\t\t<div class=\"elementor-spacer\">\n\t\t\t<div class=\"elementor-spacer-inner\"><\/div>\n\t\t<\/div>\n\t\t\t\t\t\t<\/div>\n\t\t\t\t\t<\/div>\n\t\t\t\t<\/div>\n\t\t<div class=\"elementor-element elementor-element-7ab37fc e-flex e-con-boxed tm-col-stretched-none tm-bg-color-over-image e-con e-parent\" data-id=\"7ab37fc\" data-element_type=\"container\" data-settings=\"{&quot;background_background&quot;:&quot;classic&quot;}\">\n\t\t\t\t\t<div class=\"e-con-inner\">\n\t\t<div class=\"elementor-element elementor-element-f8d1344 e-con-full e-flex tm-col-stretched-none tm-bg-color-over-image e-con e-child\" data-id=\"f8d1344\" data-element_type=\"container\">\n\t\t\t\t<div class=\"elementor-element elementor-element-bac0b26 elementor-widget elementor-widget-heading\" data-id=\"bac0b26\" data-element_type=\"widget\" data-widget_type=\"heading.default\">\n\t\t\t\t\t<h3 class=\"elementor-heading-title elementor-size-default\"><a href=\"tel:+902243240202\">\u0644\u0644\u0645\u0632\u064a\u062f \u0645\u0646 \u0627\u0644\u0645\u0639\u0644\u0648\u0645\u0627\u062a \u0627\u062a\u0635\u0644 \u0628\u0646\u0627<\/a><\/h3>\t\t\t\t<\/div>\n\t\t\t\t<div class=\"elementor-element elementor-element-312278e elementor-widget elementor-widget-tm-ele-social-links\" data-id=\"312278e\" data-element_type=\"widget\" data-widget_type=\"tm-ele-social-links.default\">\n\t\t\t\t<div class=\"elementor-widget-container\">\n\t\t\t\t\t<ul class=\"tm-sc-social-links links-outlined\">\r\n\r\n\t\t\t<li><a class=\"social-link\" aria-label=\"Social Link\" href=\"https:\/\/www.facebook.com\/siahotelthermalspa\" target=\"_self\"><i class=\"fa fa-facebook\"><\/i><\/a><\/li>\r\n\t\t\r\n\t\t<li><a class=\"social-link\" aria-label=\"Social Link\" href=\"https:\/\/www.linkedin.com\/company\/sia-hotel-thermal-spa\/\" target=\"_self\"><i class=\"fa fa-linkedin\"><\/i><\/a><\/li>\r\n\t\t\t<li><a class=\"social-link\" aria-label=\"Social Link\" href=\"https:\/\/www.instagram.com\/siahotelthermalspa\" target=\"_self\"><i class=\"fa fa-instagram\"><\/i><\/a><\/li>\r\n\t\t\r\n\t\t\t<\/ul>\t\t\t\t<\/div>\n\t\t\t\t<\/div>\n\t\t\t\t<\/div>\n\t\t\t\t\t<\/div>\n\t\t\t\t<\/div>\n\t\t<div class=\"elementor-element elementor-element-165cd45d e-flex e-con-boxed tm-col-stretched-none tm-bg-color-over-image e-con e-parent\" data-id=\"165cd45d\" data-element_type=\"container\">\n\t\t\t\t\t<div class=\"e-con-inner\">\n\t\t<div class=\"elementor-element elementor-element-66f1f107 e-con-full tm-col-stretched-none e-flex tm-bg-color-over-image e-con e-child\" data-id=\"66f1f107\" data-element_type=\"container\">\n\t\t\t\t<div class=\"elementor-element elementor-element-c1478d0 elementor-widget elementor-widget-shortcode\" data-id=\"c1478d0\" data-element_type=\"widget\" data-widget_type=\"shortcode.default\">\n\t\t\t\t\t\t\t<div class=\"elementor-shortcode\">\t\t<div id=\"sbi_mod_error\" >\n\t\t\t<span>Bu hata mesaj\u0131n\u0131 yaln\u0131zca WordPress y\u00f6neticileri g\u00f6rebilir<\/span><br\/>\n\t\t\t<p><strong>Hata: 1 kimli\u011fine sahip hi\u00e7bir ak\u0131\u015f bulunamad\u0131.<\/strong>\n\t\t\t<p>Bir ak\u0131\u015f olu\u015fturmak i\u00e7in l\u00fctfen Instagram Ak\u0131\u015f\u0131 ayarlar sayfas\u0131na gidin.<\/p>\n\t\t<\/div>\n\t\t<\/div>\n\t\t\t\t\t\t<\/div>\n\t\t\t\t<\/div>\n\t\t\t\t\t<\/div>\n\t\t\t\t<\/div>\n\t\t\t\t<\/div>\n\t\t","protected":false},"excerpt":{"rendered":"<p>serenity \u0627\u0644\u0623\u0633\u0645\u0627\u0643 \u0627\u0644\u0637\u0628\u064a\u0629 \u0645\u064f\u062c\u062f\u0651\u062f \u0627\u0644\u0628\u0634\u0631\u0629\u060c \u0645\u064f\u062e\u0641\u0651\u0641 \u0627\u0644\u062a\u0648\u062a\u0631\u060c \u0639\u0644\u0627\u062c \u0642\u062f\u0645 \u0637\u0628\u064a\u0639\u064a \u0628\u0627\u0644\u0643\u0627\u0645\u0644 \u0645\u0646 \u0628\u064a\u0646 \u062a\u0637\u0628\u064a\u0642\u0627\u062a \u0627\u0644\u0633\u0628\u0627 \u0627\u0644\u062d\u062f\u064a\u062b\u0629\u060c \u062a\u064f\u0639\u062a\u0628\u0631 \u062a\u062c\u0631\u0628\u0629 \u0639\u0644\u0627\u062c \u201c\u0633\u0645\u0643&#8230;<\/p>\n","protected":false},"author":1,"featured_media":0,"parent":0,"menu_order":0,"comment_status":"closed","ping_status":"closed","template":"","meta":{"_monsterinsights_skip_tracking":false,"_monsterinsights_sitenote_active":false,"_monsterinsights_sitenote_note":"","_monsterinsights_sitenote_category":0,"footnotes":""},"class_list":["post-15171","page","type-page","status-publish","hentry"],"aioseo_notices":[],"_links":{"self":[{"href":"https:\/\/www.siahotel.com.tr\/ar\/wp-json\/wp\/v2\/pages\/15171","targetHints":{"allow":["GET"]}}],"collection":[{"href":"https:\/\/www.siahotel.com.tr\/ar\/wp-json\/wp\/v2\/pages"}],"about":[{"href":"https:\/\/www.siahotel.com.tr\/ar\/wp-json\/wp\/v2\/types\/page"}],"author":[{"embeddable":true,"href":"https:\/\/www.siahotel.com.tr\/ar\/wp-json\/wp\/v2\/users\/1"}],"replies":[{"embeddable":true,"href":"https:\/\/www.siahotel.com.tr\/ar\/wp-json\/wp\/v2\/comments?post=15171"}],"version-history":[{"count":46,"href":"https:\/\/www.siahotel.com.tr\/ar\/wp-json\/wp\/v2\/pages\/15171\/revisions"}],"predecessor-version":[{"id":18244,"href":"https:\/\/www.siahotel.com.tr\/ar\/wp-json\/wp\/v2\/pages\/15171\/revisions\/18244"}],"wp:attachment":[{"href":"https:\/\/www.siahotel.com.tr\/ar\/wp-json\/wp\/v2\/media?parent=15171"}],"curies":[{"name":"wp","href":"https:\/\/api.w.org\/{rel}","templated":true}]}}