{"id":15165,"date":"2025-08-01T14:01:38","date_gmt":"2025-08-01T14:01:38","guid":{"rendered":"https:\/\/www.siahotel.com.tr\/ar\/?page_id=15165"},"modified":"2025-08-23T12:43:30","modified_gmt":"2025-08-23T12:43:30","slug":"camur-havuzu","status":"publish","type":"page","link":"https:\/\/www.siahotel.com.tr\/ar\/camur-havuzu\/","title":{"rendered":"\u00c7amur Havuzu"},"content":{"rendered":"\t\t<div data-elementor-type=\"wp-page\" data-elementor-id=\"15165\" class=\"elementor elementor-15165\">\n\t\t\t\t<div class=\"elementor-element elementor-element-4f493240 e-flex e-con-boxed tm-col-stretched-none tm-bg-color-over-image e-con e-parent\" data-id=\"4f493240\" data-element_type=\"container\">\n\t\t\t\t\t<div class=\"e-con-inner\">\n\t\t\t\t<div class=\"elementor-element elementor-element-4e266b7a elementor-widget elementor-widget-spacer\" data-id=\"4e266b7a\" data-element_type=\"widget\" data-widget_type=\"spacer.default\">\n\t\t\t\t\t\t\t<div class=\"elementor-spacer\">\n\t\t\t<div class=\"elementor-spacer-inner\"><\/div>\n\t\t<\/div>\n\t\t\t\t\t\t<\/div>\n\t\t\t\t\t<\/div>\n\t\t\t\t<\/div>\n\t\t<div class=\"elementor-element elementor-element-7d2b123c e-flex e-con-boxed tm-col-stretched-none tm-bg-color-over-image e-con e-parent\" data-id=\"7d2b123c\" data-element_type=\"container\">\n\t\t\t\t\t<div class=\"e-con-inner\">\n\t\t\t\t<div class=\"elementor-element elementor-element-30eb43a4 horizontal-line-align-left vertical-line-align-bottom elementor-widget elementor-widget-tm-ele-section-title\" data-id=\"30eb43a4\" data-element_type=\"widget\" data-widget_type=\"tm-ele-section-title.default\">\n\t\t\t\t<div class=\"elementor-widget-container\">\n\t\t\t\t\t<div class=\"tm-sc-section-title section-title line-left-current-theme \">\r\n\t<div class=\"title-wrapper\">\r\n\t\t\t\t\r\n\r\n<div class=\"sub-title-outer\">\r\n\t\t<div class=\"subtitle \">\r\n\r\n\t\t\r\n\t\tSEREN\u0130TY\t<\/div>\r\n\t<\/div>\t\t\t<h1 class=\"title \">\r\n\r\n\t\t\r\n\t\t\t\t<span class=\"title-part1 \">\u0628\u0631\u0643\u0629 \u0627\u0644\u0637\u064a\u0646<\/span>\r\n\t\t\t\t\r\n\t\t\r\n\t<\/h1>\r\n\t<div class=\"title-seperator-line\"><\/div>\t\t\t\t\t\t<\/div>\r\n<\/div>\t\t\t\t<\/div>\n\t\t\t\t<\/div>\n\t\t\t\t\t<\/div>\n\t\t\t\t<\/div>\n\t\t<div class=\"elementor-element elementor-element-3bcef29d e-flex e-con-boxed tm-col-stretched-none tm-bg-color-over-image e-con e-parent\" data-id=\"3bcef29d\" data-element_type=\"container\">\n\t\t\t\t\t<div class=\"e-con-inner\">\n\t\t\t\t<div class=\"elementor-element elementor-element-7078e138 elementor-widget elementor-widget-image\" data-id=\"7078e138\" data-element_type=\"widget\" data-widget_type=\"image.default\">\n\t\t\t\t\t\t\t\t\t\t\t\t\t\t\t<img fetchpriority=\"high\" decoding=\"async\" width=\"1100\" height=\"550\" src=\"https:\/\/www.siahotel.com.tr\/ar\/wp-content\/uploads\/2025\/08\/f04416f4-33f3-4d41-8df0-a527c1fb0c8a-1100x550.jpeg\" class=\"attachment-hoteler_landscape size-hoteler_landscape wp-image-17064\" alt=\"Sia Hotel Serenity \u00c7amur Havuzu\" \/>\t\t\t\t\t\t\t\t\t\t\t\t\t\t\t<\/div>\n\t\t\t\t\t<\/div>\n\t\t\t\t<\/div>\n\t\t<div class=\"elementor-element elementor-element-da3f6d2 e-flex e-con-boxed tm-col-stretched-none tm-bg-color-over-image e-con e-parent\" data-id=\"da3f6d2\" data-element_type=\"container\">\n\t\t\t\t\t<div class=\"e-con-inner\">\n\t\t\t\t<div class=\"elementor-element elementor-element-a7ff6bf elementor-widget elementor-widget-spacer\" data-id=\"a7ff6bf\" data-element_type=\"widget\" data-widget_type=\"spacer.default\">\n\t\t\t\t\t\t\t<div class=\"elementor-spacer\">\n\t\t\t<div class=\"elementor-spacer-inner\"><\/div>\n\t\t<\/div>\n\t\t\t\t\t\t<\/div>\n\t\t\t\t\t<\/div>\n\t\t\t\t<\/div>\n\t\t<div class=\"elementor-element elementor-element-3ea91e62 e-flex e-con-boxed tm-col-stretched-none tm-bg-color-over-image e-con e-parent\" data-id=\"3ea91e62\" data-element_type=\"container\">\n\t\t\t\t\t<div class=\"e-con-inner\">\n\t\t\t\t<div class=\"elementor-element elementor-element-26a0586c elementor-widget elementor-widget-text-editor\" data-id=\"26a0586c\" data-element_type=\"widget\" data-widget_type=\"text-editor.default\">\n\t\t\t\t\t\t\t\t\t<hr data-start=\"141\" data-end=\"144\">\n<p style=\"text-align: right;\"><strong data-start=\"150\" data-end=\"211\">\u0627\u0644\u062a\u0646\u0642\u064a\u0629\u060c \u0627\u0644\u0627\u0646\u062a\u0639\u0627\u0634\u060c \u0648\u0627\u0644\u062a\u062c\u062f\u064a\u062f \u0628\u0627\u0644\u0637\u064a\u0646 \u0627\u0644\u0637\u0628\u064a\u0639\u064a \u0627\u0644\u063a\u0646\u064a \u0628\u0627\u0644\u0645\u0639\u0627\u062f\u0646<\/strong><\/p>\n<p style=\"text-align: right;\">\u0644\u0637\u0627\u0644\u0645\u0627 \u0639\u064f\u0631\u0641 \u062d\u0648\u0636 \u0627\u0644\u0637\u064a\u0646 \u0643\u0623\u062d\u062f \u0623\u0643\u062b\u0631 \u0637\u0631\u0642 \u0627\u0644\u062a\u0646\u0642\u064a\u0629 \u0648\u062a\u062c\u062f\u064a\u062f \u0627\u0644\u0634\u0628\u0627\u0628 \u0641\u0639\u0627\u0644\u064a\u0629 \u0639\u0628\u0631 \u0627\u0644\u0642\u0631\u0648\u0646\u060c \u0648\u0627\u0644\u064a\u0648\u0645 \u064a\u0639\u0648\u062f \u0644\u064a\u062d\u064a\u0627 \u0645\u0646 \u062c\u062f\u064a\u062f \u0641\u064a <strong data-start=\"319\" data-end=\"355\">Serenity Thermal, SPA &amp; Wellness<\/strong>. \u0647\u0630\u0647 \u0627\u0644\u0637\u0631\u064a\u0642\u0629 \u0627\u0644\u0642\u062f\u064a\u0645\u0629 \u0627\u0644\u062a\u064a \u062a\u0646\u0638\u0641 \u0627\u0644\u0628\u0634\u0631\u0629\u060c \u062a\u062e\u0644\u0635 \u0627\u0644\u062c\u0633\u0645 \u0645\u0646 \u0627\u0644\u0633\u0645\u0648\u0645\u060c \u0648\u062a\u0647\u062f\u0626 \u0627\u0644\u0631\u0648\u062d\u060c \u062a\u062c\u062a\u0645\u0639 \u0641\u064a\u0647\u0627 \u0627\u0644\u0646\u0638\u0627\u0641\u0629 \u0627\u0644\u062d\u062f\u064a\u062b\u0629\u060c \u0627\u0644\u0623\u062c\u0648\u0627\u0621 \u0627\u0644\u0647\u0627\u062f\u0626\u0629\u060c \u0648\u0627\u0644\u062a\u0637\u0628\u064a\u0642 \u0627\u0644\u0627\u062d\u062a\u0631\u0627\u0641\u064a \u0644\u062a\u0642\u062f\u0645 \u0644\u0644\u0632\u0627\u0626\u0631\u064a\u0646 \u062a\u062c\u0631\u0628\u0629 \u0641\u0631\u064a\u062f\u0629 \u0645\u0646 \u0646\u0648\u0639\u0647\u0627<\/p>\n<p style=\"text-align: right;\">\u0625\u0630\u0627 \u0643\u0646\u062a \u062a\u0631\u063a\u0628 \u0641\u064a \u0627\u0644\u0627\u0628\u062a\u0639\u0627\u062f \u0639\u0646 \u0636\u062c\u064a\u062c \u0627\u0644\u0645\u062f\u064a\u0646\u0629\u060c \u0627\u0644\u0633\u0645\u0648\u0645 \u0627\u0644\u0628\u064a\u0626\u064a\u0629\u060c \u0648\u0627\u0644\u0625\u0631\u0647\u0627\u0642 \u0627\u0644\u0630\u0647\u0646\u064a\u060c \u0641\u0647\u0630\u0647 \u0627\u0644\u062c\u0644\u0633\u0629 \u0627\u0644\u0639\u0644\u0627\u062c\u064a\u0629 \u0635\u064f\u0645\u0645\u062a \u062e\u0635\u064a\u0635\u064b\u0627 \u0644\u0643<\/p>\n<hr data-start=\"646\" data-end=\"649\">\n<p style=\"text-align: right;\"><strong data-start=\"655\" data-end=\"675\">\u0645\u0627 \u0647\u0648 \u062d\u0648\u0636 \u0627\u0644\u0637\u064a\u0646\u061f<\/strong><\/p>\n<p style=\"text-align: right;\">\u064a\u064f\u0637\u0628\u0642 \u0637\u064a\u0646 \u0645\u0639\u062f\u0646\u064a \u062e\u0627\u0635 \u0639\u0644\u0649 \u0643\u0627\u0645\u0644 \u0627\u0644\u062c\u0633\u0645\u060c \u0648\u062a\u064f\u0642\u0636\u0649 \u0641\u062a\u0631\u0629 \u0645\u0646 \u0627\u0644\u0627\u0633\u062a\u0631\u062e\u0627\u0621 \u0641\u064a \u0628\u064a\u0626\u0629 \u062f\u0627\u0641\u0626\u0629 \u0648\u0631\u0637\u0628\u0629. \u062e\u0644\u0627\u0644 \u0647\u0630\u0647 \u0627\u0644\u062c\u0644\u0633\u0629\u060c \u062a\u063a\u0630\u064a \u0627\u0644\u0628\u0634\u0631\u0629 \u0627\u0644\u0645\u0639\u0627\u062f\u0646 \u0627\u0644\u0645\u0648\u062c\u0648\u062f\u0629 \u0641\u064a \u0627\u0644\u0637\u064a\u0646 \u0645\u062b\u0644 \u0627\u0644\u0643\u0628\u0631\u064a\u062a\u060c \u0627\u0644\u0645\u063a\u0646\u064a\u0633\u064a\u0648\u0645\u060c \u0627\u0644\u062d\u062f\u064a\u062f\u060c \u0648\u0627\u0644\u0633\u064a\u0644\u064a\u0643\u0627\u062a. \u062a\u064f\u0641\u062a\u062d \u0627\u0644\u0645\u0633\u0627\u0645\u060c \u062a\u064f\u0632\u0627\u0644 \u0627\u0644\u062e\u0644\u0627\u064a\u0627 \u0627\u0644\u0645\u064a\u062a\u0629\u060c \u064a\u062a\u0633\u0627\u0631\u0639 \u0627\u0644\u062f\u0648\u0631\u0627\u0646 \u0627\u0644\u062f\u0645\u0648\u064a\u060c \u0648\u062a\u0633\u062a\u0639\u064a\u062f \u0627\u0644\u0628\u0634\u0631\u0629 \u062a\u0648\u0647\u062c\u0647\u0627 \u0627\u0644\u0637\u0628\u064a\u0639\u064a<\/p>\n<p style=\"text-align: right;\">\u0628\u0639\u062f \u0627\u0644\u062a\u0637\u0628\u064a\u0642\u060c \u064a\u064f\u063a\u0633\u0644 \u0627\u0644\u062c\u0633\u0645 \u0628\u0645\u064a\u0627\u0647 \u0627\u0644\u064a\u0646\u0627\u0628\u064a\u0639 \u0627\u0644\u062d\u0631\u0627\u0631\u064a\u0629 \u0627\u0644\u062f\u0627\u0641\u0626\u0629\u060c \u0644\u064a\u0634\u0639\u0631 \u0627\u0644\u0645\u0631\u0621 \u0644\u064a\u0633 \u0641\u0642\u0637 \u0628\u0627\u0644\u062a\u0646\u0642\u064a\u0629 \u0627\u0644\u062c\u0633\u062f\u064a\u0629 \u0628\u0644 \u0648\u0627\u0644\u0631\u0648\u062d\u064a\u0629 \u0623\u064a\u0636\u064b\u0627. \u062a\u0635\u0628\u062d \u0627\u0644\u0628\u0634\u0631\u0629 \u0646\u0627\u0639\u0645\u0629\u060c \u062a\u0633\u062a\u0631\u062e\u064a \u0627\u0644\u0639\u0636\u0644\u0627\u062a\u060c \u0648\u062a\u0647\u062f\u0623 \u0627\u0644\u0639\u0642\u0644<\/p>\n<hr data-start=\"1113\" data-end=\"1116\">\n<p style=\"text-align: right;\"><strong data-start=\"1122\" data-end=\"1164\">\u0641\u0648\u0627\u0626\u062f \u0644\u0644\u0628\u0634\u0631\u0629: \u062a\u0646\u0638\u064a\u0641 \u0639\u0645\u064a\u0642 \u0648\u062a\u062c\u062f\u064a\u062f \u0645\u062a\u0644\u0623\u0644\u0626<\/strong><\/p>\n<p style=\"text-align: right;\"><strong data-start=\"1168\" data-end=\"1180\">\u0627\u0644\u0643\u0628\u0631\u064a\u062a:<\/strong> \u0645\u0636\u0627\u062f \u0644\u0644\u0628\u0643\u062a\u064a\u0631\u064a\u0627 \u0648\u064a\u062d\u0645\u064a \u0645\u0646 \u0623\u0645\u0631\u0627\u0636 \u0627\u0644\u062c\u0644\u062f<\/p>\n<p style=\"text-align: right;\"><strong data-start=\"1221\" data-end=\"1236\">\u0627\u0644\u0645\u063a\u0646\u064a\u0633\u064a\u0648\u0645:<\/strong> \u064a\u0631\u062e\u064a \u0627\u0644\u0639\u0636\u0644\u0627\u062a \u0648\u064a\u062e\u0641\u0641 \u0627\u0644\u062a\u0639\u0628<\/p>\n<p style=\"text-align: right;\"><strong data-start=\"1266\" data-end=\"1277\">\u0627\u0644\u062d\u062f\u064a\u062f:<\/strong> \u064a\u0632\u064a\u062f \u0645\u0646 \u0623\u0643\u0633\u062c\u0629 \u0627\u0644\u062e\u0644\u0627\u064a\u0627 \u0648\u064a\u062f\u0639\u0645 \u0627\u0644\u062f\u0648\u0631\u0629 \u0627\u0644\u062f\u0645\u0648\u064a\u0629<\/p>\n<p style=\"text-align: right;\"><strong data-start=\"1325\" data-end=\"1339\">\u0627\u0644\u0633\u064a\u0644\u064a\u0643\u0627\u062a:<\/strong> \u064a\u0639\u0632\u0632 \u062a\u062c\u062f\u064a\u062f \u0627\u0644\u0628\u0634\u0631\u0629 \u0648\u0644\u0647 \u062a\u0623\u062b\u064a\u0631 \u0645\u0636\u0627\u062f \u0644\u0644\u0634\u064a\u062e\u0648\u062e\u0629<\/p>\n<p style=\"text-align: right;\">\u0647\u0630\u0627 \u0627\u0644\u0645\u0632\u064a\u062c \u0627\u0644\u0645\u0639\u062f\u0646\u064a \u064a\u0642\u062f\u0645 \u0637\u0642\u0633 \u062c\u0645\u0627\u0644 \u0637\u0628\u064a\u0639\u064a \u0648\u0645\u0633\u062a\u062f\u0627\u0645\u060c \u064a\u062a\u062c\u0627\u0648\u0632 \u062a\u0623\u062b\u064a\u0631 \u0645\u0633\u062a\u062d\u0636\u0631\u0627\u062a \u0627\u0644\u062a\u062c\u0645\u064a\u0644 \u0627\u0644\u062d\u062f\u064a\u062b\u0629. \u0648\u064a\u064f\u0639\u062a\u0628\u0631 \u0641\u0639\u0627\u0644\u064b\u0627 \u0628\u0634\u0643\u0644 \u062e\u0627\u0635 \u0636\u062f \u0627\u0644\u0631\u0624\u0648\u0633 \u0627\u0644\u0633\u0648\u062f\u0627\u0621\u060c \u0627\u0644\u0628\u0634\u0631\u0629 \u0627\u0644\u0645\u0639\u0631\u0636\u0629 \u0644\u062d\u0628 \u0627\u0644\u0634\u0628\u0627\u0628\u060c \u0648\u0627\u0644\u0645\u0638\u0647\u0631 \u0627\u0644\u0628\u0627\u0647\u062a \u0648\u0627\u0644\u0645\u062a\u0639\u0628<\/p>\n<hr data-start=\"1565\" data-end=\"1568\">\n<p style=\"text-align: right;\"><strong data-start=\"1574\" data-end=\"1603\">\u062d\u0643\u0645\u0629 \u062a\u0642\u0644\u064a\u062f\u064a\u0629 \u0645\u0646 \u062a\u0631\u0627\u062b \u0639\u0631\u064a\u0642<\/strong><\/p>\n<p style=\"text-align: right;\">\u0644\u0637\u0627\u0644\u0645\u0627 \u0627\u0633\u062a\u064f\u062e\u062f\u0645\u062a \u0639\u0644\u0627\u062c\u0627\u062a \u0627\u0644\u0637\u064a\u0646 \u0641\u064a \u062b\u0642\u0627\u0641\u0627\u062a \u0627\u0644\u0633\u0628\u0627 \u0641\u064a \u0627\u0644\u0623\u0646\u0627\u0636\u0648\u0644 \u0648\u0627\u0644\u0634\u0631\u0642 \u0627\u0644\u0623\u0648\u0633\u0637 \u0639\u0628\u0631 \u0627\u0644\u0642\u0631\u0648\u0646\u060c \u0644\u064a\u0633 \u0641\u0642\u0637 \u0644\u0623\u063a\u0631\u0627\u0636 \u0627\u0644\u062c\u0645\u0627\u0644 \u0628\u0644 \u0644\u0644\u0635\u062d\u0629 \u0623\u064a\u0636\u064b\u0627. \u0648\u064a\u0645\u0643\u0646 \u0627\u0644\u0639\u062b\u0648\u0631 \u0639\u0644\u0649 \u0647\u0630\u0627 \u0627\u0644\u0639\u0644\u0627\u062c \u0641\u064a \u062d\u0645\u0627\u0645\u0627\u062a \u0627\u0644\u0642\u0635\u0648\u0631 \u0627\u0644\u0639\u062b\u0645\u0627\u0646\u064a\u0629\u060c \u064a\u0646\u0627\u0628\u064a\u0639 \u0627\u0644\u0645\u064a\u0627\u0647 \u0627\u0644\u0631\u0648\u0645\u0627\u0646\u064a\u0629\u060c \u0648\u0637\u0642\u0648\u0633 \u0628\u0644\u0627\u062f \u0645\u0627 \u0628\u064a\u0646 \u0627\u0644\u0646\u0647\u0631\u064a\u0646. \u064a\u064f\u0639\u0627\u062f \u0625\u062d\u064a\u0627\u0621 \u0647\u0630\u0627 \u0627\u0644\u0637\u0642\u0633 \u0627\u0644\u0642\u062f\u064a\u0645 \u0645\u0639 \u0625\u0636\u0627\u0641\u0629 \u0627\u0644\u0631\u0627\u062d\u0629 \u0648\u0627\u0644\u0646\u0638\u0627\u0641\u0629 \u0627\u0644\u062d\u062f\u064a\u062b\u0629<\/p>\n<hr data-start=\"1911\" data-end=\"1914\">\n<p style=\"text-align: right;\"><strong data-start=\"1920\" data-end=\"1947\">\u0627\u0633\u062a\u0631\u062c\u0639 \u0625\u0634\u0631\u0627\u0642\u062a\u0643 \u0627\u0644\u0637\u0628\u064a\u0639\u064a\u0629<\/strong><\/p>\n<p style=\"text-align: right;\">\u062a\u0644\u0642\u0649 \u062d\u0645\u0627\u0645\u0627\u062a \u0627\u0644\u0637\u064a\u0646 \u0627\u0647\u062a\u0645\u0627\u0645\u064b\u0627 \u062e\u0627\u0635\u064b\u0627 \u0628\u064a\u0646 \u0636\u064a\u0648\u0641 Serenity\u060c \u062e\u0627\u0635\u0629\u064b \u0645\u0646 \u0627\u0644\u0646\u0633\u0627\u0621 \u0627\u0644\u0628\u0627\u062d\u062b\u0627\u062a \u0639\u0646 \u0639\u0646\u0627\u064a\u0629 \u0645\u0627 \u0642\u0628\u0644 \u0627\u0644\u0632\u0641\u0627\u0641\u060c \u0639\u0637\u0644\u0627\u062a \u0627\u0644\u062f\u064a\u062a\u0648\u0643\u0633\u060c \u0623\u0648 \u0627\u0633\u062a\u0631\u0627\u062d\u0629 \u062e\u0627\u0635\u0629 \u0644\u0623\u0646\u0641\u0633\u0647\u0646. \u062a\u0646\u062a\u0634\u0631 \u0639\u0644\u0649 \u0648\u0633\u0627\u0626\u0644 \u0627\u0644\u062a\u0648\u0627\u0635\u0644 \u0627\u0644\u0627\u062c\u062a\u0645\u0627\u0639\u064a \u062a\u0639\u0644\u064a\u0642\u0627\u062a \u0645\u062b\u0644<br data-start=\"2137\" data-end=\"2140\"><em data-start=\"2140\" data-end=\"2174\">&#8220;\u0628\u0634\u0631\u062a\u064a \u0644\u0645 \u062a\u0643\u0646 \u0646\u0627\u0639\u0645\u0629 \u0647\u0643\u0630\u0627 \u0645\u0646 \u0642\u0628\u0644&#8221;<\/em> \u0648*&#8221;\u0634\u0639\u0631\u062a \u0648\u0643\u0623\u0646\u0646\u064a \u0648\u064f\u0644\u062f\u062a \u0645\u0646 \u062c\u062f\u064a\u062f&#8221;*<\/p>\n<p style=\"text-align: right;\">\u0646\u0638\u0631\u064b\u0627 \u0644\u0623\u0646 \u0639\u062f\u062f \u0627\u0644\u062c\u0644\u0633\u0627\u062a \u0645\u062d\u062f\u0648\u062f \u064a\u0648\u0645\u064a\u064b\u0627\u060c \u062a\u0645\u062a\u0644\u0626 \u0628\u0633\u0631\u0639\u0629 \u0645\u0639 \u0627\u0644\u062d\u062c\u0632 \u0627\u0644\u0645\u0633\u0628\u0642. \u0625\u0630\u0627 \u0643\u0646\u062a \u0644\u0627 \u062a\u0631\u064a\u062f \u062a\u0641\u0648\u064a\u062a \u0647\u0630\u0627 \u0627\u0644\u0639\u0644\u0627\u062c\u060c \u0627\u062d\u062c\u0632 \u0645\u0643\u0627\u0646\u0643 \u0627\u0644\u064a\u0648\u0645<\/p>\t\t\t\t\t\t\t\t<\/div>\n\t\t\t\t\t<\/div>\n\t\t\t\t<\/div>\n\t\t<div class=\"elementor-element elementor-element-33a94d9 e-flex e-con-boxed tm-col-stretched-none tm-bg-color-over-image e-con e-parent\" data-id=\"33a94d9\" data-element_type=\"container\">\n\t\t\t\t\t<div class=\"e-con-inner\">\n\t\t\t\t<div class=\"elementor-element elementor-element-e1dcaa5 elementor-widget elementor-widget-spacer\" data-id=\"e1dcaa5\" data-element_type=\"widget\" data-widget_type=\"spacer.default\">\n\t\t\t\t\t\t\t<div class=\"elementor-spacer\">\n\t\t\t<div class=\"elementor-spacer-inner\"><\/div>\n\t\t<\/div>\n\t\t\t\t\t\t<\/div>\n\t\t\t\t\t<\/div>\n\t\t\t\t<\/div>\n\t\t<div class=\"elementor-element elementor-element-c5a91e3 e-flex e-con-boxed tm-col-stretched-none tm-bg-color-over-image e-con e-parent\" data-id=\"c5a91e3\" data-element_type=\"container\" data-settings=\"{&quot;background_background&quot;:&quot;classic&quot;}\">\n\t\t\t\t\t<div class=\"e-con-inner\">\n\t\t<div class=\"elementor-element elementor-element-0b4cd70 e-con-full e-flex tm-col-stretched-none tm-bg-color-over-image e-con e-child\" data-id=\"0b4cd70\" data-element_type=\"container\">\n\t\t\t\t<div class=\"elementor-element elementor-element-7250514 elementor-widget elementor-widget-heading\" data-id=\"7250514\" data-element_type=\"widget\" data-widget_type=\"heading.default\">\n\t\t\t\t\t<h3 class=\"elementor-heading-title elementor-size-default\"><a href=\"tel:+902243240202\">\u0644\u0644\u0645\u0632\u064a\u062f \u0645\u0646 \u0627\u0644\u0645\u0639\u0644\u0648\u0645\u0627\u062a \u0627\u062a\u0635\u0644 \u0628\u0646\u0627<\/a><\/h3>\t\t\t\t<\/div>\n\t\t\t\t<div class=\"elementor-element elementor-element-98e03dc elementor-widget elementor-widget-tm-ele-social-links\" data-id=\"98e03dc\" data-element_type=\"widget\" data-widget_type=\"tm-ele-social-links.default\">\n\t\t\t\t<div class=\"elementor-widget-container\">\n\t\t\t\t\t<ul class=\"tm-sc-social-links links-outlined\">\r\n\r\n\t\t\t<li><a class=\"social-link\" aria-label=\"Social Link\" href=\"https:\/\/www.facebook.com\/siahotelthermalspa\" target=\"_self\"><i class=\"fa fa-facebook\"><\/i><\/a><\/li>\r\n\t\t\r\n\t\t<li><a class=\"social-link\" aria-label=\"Social Link\" href=\"https:\/\/www.linkedin.com\/company\/sia-hotel-thermal-spa\/\" target=\"_self\"><i class=\"fa fa-linkedin\"><\/i><\/a><\/li>\r\n\t\t\t<li><a class=\"social-link\" aria-label=\"Social Link\" href=\"https:\/\/www.instagram.com\/siahotelthermalspa\" target=\"_self\"><i class=\"fa fa-instagram\"><\/i><\/a><\/li>\r\n\t\t\r\n\t\t\t<\/ul>\t\t\t\t<\/div>\n\t\t\t\t<\/div>\n\t\t\t\t<\/div>\n\t\t\t\t\t<\/div>\n\t\t\t\t<\/div>\n\t\t<div class=\"elementor-element elementor-element-13e4e78a e-flex e-con-boxed tm-col-stretched-none tm-bg-color-over-image e-con e-parent\" data-id=\"13e4e78a\" data-element_type=\"container\">\n\t\t\t\t\t<div class=\"e-con-inner\">\n\t\t<div class=\"elementor-element elementor-element-643c31c4 e-con-full tm-col-stretched-none e-flex tm-bg-color-over-image e-con e-child\" data-id=\"643c31c4\" data-element_type=\"container\">\n\t\t\t\t<div class=\"elementor-element elementor-element-7dff4f9b elementor-widget elementor-widget-shortcode\" data-id=\"7dff4f9b\" data-element_type=\"widget\" data-widget_type=\"shortcode.default\">\n\t\t\t\t\t\t\t<div class=\"elementor-shortcode\">\t\t<div id=\"sbi_mod_error\" >\n\t\t\t<span>Bu hata mesaj\u0131n\u0131 yaln\u0131zca WordPress y\u00f6neticileri g\u00f6rebilir<\/span><br\/>\n\t\t\t<p><strong>Hata: 1 kimli\u011fine sahip hi\u00e7bir ak\u0131\u015f bulunamad\u0131.<\/strong>\n\t\t\t<p>Bir ak\u0131\u015f olu\u015fturmak i\u00e7in l\u00fctfen Instagram Ak\u0131\u015f\u0131 ayarlar sayfas\u0131na gidin.<\/p>\n\t\t<\/div>\n\t\t<\/div>\n\t\t\t\t\t\t<\/div>\n\t\t\t\t<\/div>\n\t\t\t\t\t<\/div>\n\t\t\t\t<\/div>\n\t\t\t\t<\/div>\n\t\t","protected":false},"excerpt":{"rendered":"<p>SEREN\u0130TY \u0628\u0631\u0643\u0629 \u0627\u0644\u0637\u064a\u0646 \u0627\u0644\u062a\u0646\u0642\u064a\u0629\u060c \u0627\u0644\u0627\u0646\u062a\u0639\u0627\u0634\u060c \u0648\u0627\u0644\u062a\u062c\u062f\u064a\u062f \u0628\u0627\u0644\u0637\u064a\u0646 \u0627\u0644\u0637\u0628\u064a\u0639\u064a \u0627\u0644\u063a\u0646\u064a \u0628\u0627\u0644\u0645\u0639\u0627\u062f\u0646 \u0644\u0637\u0627\u0644\u0645\u0627 \u0639\u064f\u0631\u0641 \u062d\u0648\u0636 \u0627\u0644\u0637\u064a\u0646 \u0643\u0623\u062d\u062f \u0623\u0643\u062b\u0631 \u0637\u0631\u0642 \u0627\u0644\u062a\u0646\u0642\u064a\u0629 \u0648\u062a\u062c\u062f\u064a\u062f \u0627\u0644\u0634\u0628\u0627\u0628&#8230;<\/p>\n","protected":false},"author":1,"featured_media":0,"parent":0,"menu_order":0,"comment_status":"closed","ping_status":"closed","template":"","meta":{"_monsterinsights_skip_tracking":false,"_monsterinsights_sitenote_active":false,"_monsterinsights_sitenote_note":"","_monsterinsights_sitenote_category":0,"footnotes":""},"class_list":["post-15165","page","type-page","status-publish","hentry"],"aioseo_notices":[],"_links":{"self":[{"href":"https:\/\/www.siahotel.com.tr\/ar\/wp-json\/wp\/v2\/pages\/15165","targetHints":{"allow":["GET"]}}],"collection":[{"href":"https:\/\/www.siahotel.com.tr\/ar\/wp-json\/wp\/v2\/pages"}],"about":[{"href":"https:\/\/www.siahotel.com.tr\/ar\/wp-json\/wp\/v2\/types\/page"}],"author":[{"embeddable":true,"href":"https:\/\/www.siahotel.com.tr\/ar\/wp-json\/wp\/v2\/users\/1"}],"replies":[{"embeddable":true,"href":"https:\/\/www.siahotel.com.tr\/ar\/wp-json\/wp\/v2\/comments?post=15165"}],"version-history":[{"count":44,"href":"https:\/\/www.siahotel.com.tr\/ar\/wp-json\/wp\/v2\/pages\/15165\/revisions"}],"predecessor-version":[{"id":17980,"href":"https:\/\/www.siahotel.com.tr\/ar\/wp-json\/wp\/v2\/pages\/15165\/revisions\/17980"}],"wp:attachment":[{"href":"https:\/\/www.siahotel.com.tr\/ar\/wp-json\/wp\/v2\/media?parent=15165"}],"curies":[{"name":"wp","href":"https:\/\/api.w.org\/{rel}","templated":true}]}}