{"id":15160,"date":"2025-08-01T13:58:02","date_gmt":"2025-08-01T13:58:02","guid":{"rendered":"https:\/\/www.siahotel.com.tr\/ar\/?page_id=15160"},"modified":"2025-09-04T11:40:13","modified_gmt":"2025-09-04T11:40:13","slug":"hidroterapi","status":"publish","type":"page","link":"https:\/\/www.siahotel.com.tr\/ar\/hidroterapi\/","title":{"rendered":"Hidroterapi"},"content":{"rendered":"\t\t<div data-elementor-type=\"wp-page\" data-elementor-id=\"15160\" class=\"elementor elementor-15160\">\n\t\t\t\t<div class=\"elementor-element elementor-element-afe00df e-flex e-con-boxed tm-col-stretched-none tm-bg-color-over-image e-con e-parent\" data-id=\"afe00df\" data-element_type=\"container\">\n\t\t\t\t\t<div class=\"e-con-inner\">\n\t\t\t\t<div class=\"elementor-element elementor-element-3f96018 elementor-widget elementor-widget-spacer\" data-id=\"3f96018\" data-element_type=\"widget\" data-widget_type=\"spacer.default\">\n\t\t\t\t\t\t\t<div class=\"elementor-spacer\">\n\t\t\t<div class=\"elementor-spacer-inner\"><\/div>\n\t\t<\/div>\n\t\t\t\t\t\t<\/div>\n\t\t\t\t\t<\/div>\n\t\t\t\t<\/div>\n\t\t<div class=\"elementor-element elementor-element-ff746f1 e-flex e-con-boxed tm-col-stretched-none tm-bg-color-over-image e-con e-parent\" data-id=\"ff746f1\" data-element_type=\"container\">\n\t\t\t\t\t<div class=\"e-con-inner\">\n\t\t\t\t<div class=\"elementor-element elementor-element-62354561 horizontal-line-align-left vertical-line-align-bottom elementor-widget elementor-widget-tm-ele-section-title\" data-id=\"62354561\" data-element_type=\"widget\" data-widget_type=\"tm-ele-section-title.default\">\n\t\t\t\t<div class=\"elementor-widget-container\">\n\t\t\t\t\t<div class=\"tm-sc-section-title section-title line-left-current-theme \">\r\n\t<div class=\"title-wrapper\">\r\n\t\t\t\t\r\n\r\n<div class=\"sub-title-outer\">\r\n\t\t<div class=\"subtitle \">\r\n\r\n\t\t\r\n\t\tSEREN\u0130TY\t<\/div>\r\n\t<\/div>\t\t\t<h1 class=\"title tm-split-text split-in-right\">\r\n\r\n\t\t\r\n\t\t\t\t\r\n\t\t\r\n\t<\/h1>\r\n\t<div class=\"title-seperator-line\"><\/div>\t\t\t\t\t\t<\/div>\r\n<\/div>\t\t\t\t<\/div>\n\t\t\t\t<\/div>\n\t\t\t\t<div class=\"elementor-element elementor-element-1be2d6e elementor-widget elementor-widget-text-editor\" data-id=\"1be2d6e\" data-element_type=\"widget\" data-widget_type=\"text-editor.default\">\n\t\t\t\t\t\t\t\t\t<h3 data-start=\"179\" data-end=\"205\" style=\"text-align: right;\"><strong data-start=\"185\" data-end=\"205\"><\/strong><\/h3><h2 data-start=\"207\" data-end=\"270\" style=\"text-align: center;\">\u0627\u0644\u0639\u0644\u0627\u062c \u0628\u0627\u0644\u0645\u064a\u0627\u0647 \u0627\u0644\u062d\u0631\u0627\u0631\u064a\u0629<\/h2>\t\t\t\t\t\t\t\t<\/div>\n\t\t\t\t\t<\/div>\n\t\t\t\t<\/div>\n\t\t<div class=\"elementor-element elementor-element-7bae92c3 e-flex e-con-boxed tm-col-stretched-none tm-bg-color-over-image e-con e-parent\" data-id=\"7bae92c3\" data-element_type=\"container\">\n\t\t\t\t\t<div class=\"e-con-inner\">\n\t\t\t\t<div class=\"elementor-element elementor-element-2b7f5121 elementor-widget elementor-widget-image\" data-id=\"2b7f5121\" data-element_type=\"widget\" data-widget_type=\"image.default\">\n\t\t\t\t\t\t\t\t\t\t\t\t\t\t\t<img fetchpriority=\"high\" decoding=\"async\" width=\"1100\" height=\"550\" src=\"https:\/\/www.siahotel.com.tr\/ar\/wp-content\/uploads\/2025\/08\/WhatsApp-Image-2025-08-05-at-10.19.08-1100x550.jpeg\" class=\"attachment-hoteler_landscape size-hoteler_landscape wp-image-15841\" alt=\"Sia Hotel Hidroterapi\" \/>\t\t\t\t\t\t\t\t\t\t\t\t\t\t\t<\/div>\n\t\t\t\t\t<\/div>\n\t\t\t\t<\/div>\n\t\t<div class=\"elementor-element elementor-element-a48bbbe e-flex e-con-boxed tm-col-stretched-none tm-bg-color-over-image e-con e-parent\" data-id=\"a48bbbe\" data-element_type=\"container\">\n\t\t\t\t\t<div class=\"e-con-inner\">\n\t\t\t\t<div class=\"elementor-element elementor-element-96b5288 elementor-widget elementor-widget-spacer\" data-id=\"96b5288\" data-element_type=\"widget\" data-widget_type=\"spacer.default\">\n\t\t\t\t\t\t\t<div class=\"elementor-spacer\">\n\t\t\t<div class=\"elementor-spacer-inner\"><\/div>\n\t\t<\/div>\n\t\t\t\t\t\t<\/div>\n\t\t\t\t\t<\/div>\n\t\t\t\t<\/div>\n\t\t<div class=\"elementor-element elementor-element-6726aad0 e-flex e-con-boxed tm-col-stretched-none tm-bg-color-over-image e-con e-parent\" data-id=\"6726aad0\" data-element_type=\"container\">\n\t\t\t\t\t<div class=\"e-con-inner\">\n\t\t\t\t<div class=\"elementor-element elementor-element-655a4d08 elementor-widget elementor-widget-text-editor\" data-id=\"655a4d08\" data-element_type=\"widget\" data-widget_type=\"text-editor.default\">\n\t\t\t\t\t\t\t\t\t<h3 data-start=\"179\" data-end=\"205\" style=\"text-align: right;\"><strong data-start=\"185\" data-end=\"205\"><\/strong><\/h3><h3 data-start=\"207\" data-end=\"270\" style=\"text-align: right;\"><strong data-start=\"211\" data-end=\"270\">\u062a\u0641\u0633\u064a\u0631 \u0639\u0635\u0631\u064a \u0644\u0644\u0639\u0644\u0627\u062c \u0628\u0627\u0644\u0645\u0627\u0621 \u0627\u0644\u0642\u062f\u064a\u0645 : \u0627\u0633\u062a\u0631\u062e\u0627\u0621 \u0628\u0627\u0644\u0636\u063a\u0637 \u0644\u0639\u0636\u0644\u0627\u062a\u0643<\/strong><\/h3><p data-start=\"272\" data-end=\"527\" style=\"text-align: right;\">\u0623\u062d\u064a\u0627\u0646\u064b\u0627 \u0644\u0627 \u064a\u062d\u062a\u0627\u062c \u0627\u0644\u062c\u0633\u062f \u0627\u0644\u0645\u062a\u0639\u0628 \u0625\u0644\u0649 \u0627\u0644\u0635\u0645\u062a \u0641\u0642\u0637\u060c \u0628\u0644 \u0625\u0644\u0649 \u0644\u0645\u0633\u0629 \u062f\u0642\u064a\u0642\u0629 \u0628\u0627\u0644\u0636\u063a\u0637 \u0627\u0644\u0645\u0646\u0627\u0633\u0628 \u0639\u0644\u0649 \u0627\u0644\u0646\u0642\u0627\u0637 \u0627\u0644\u0645\u0646\u0627\u0633\u0628\u0629<\/p><p data-start=\"272\" data-end=\"527\" style=\"text-align: right;\">Serenity Thermal Spa &amp; Wellness \u0627\u0633\u062a\u062c\u0627\u0628\u0629 \u0639\u0635\u0631\u064a\u0629 \u0644\u0647\u0630\u0627 \u0627\u0644\u0627\u062d\u062a\u064a\u0627\u062c\u060c \u0645\u0633\u062a\u0648\u062d\u0627\u0629 \u0645\u0646 \u0627\u0644\u062d\u0645\u0627\u0645\u0627\u062a \u0627\u0644\u0631\u0648\u0645\u0627\u0646\u064a\u0629 \u0627\u0644\u0642\u062f\u064a\u0645\u0629 \u060c \u0648\u0645\u062f\u0639\u0648\u0645\u0629 \u0628\u0627\u0644\u0639\u0644\u0645 \u0627\u0644\u062d\u062f\u064a\u062b : <strong data-start=\"499\" data-end=\"526\">\u063a\u0631\u0641\u0629 \u0645\u0633\u0627\u062c \u0627\u0644\u0639\u0644\u0627\u062c \u0627\u0644\u0645\u0627\u0626\u064a<\/strong><\/p><p data-start=\"529\" data-end=\"712\" style=\"text-align: right;\">\u00a0\u0644\u0627 \u064a\u064f\u0642\u062f\u0645 \u0627\u0644\u0645\u0633\u0627\u062c \u0628\u0627\u0644\u0623\u064a\u062f\u064a \u0641\u0642\u0637\u060c \u0628\u0644 \u064a\u062a\u0645 \u0639\u0628\u0631 \u062a\u062f\u0641\u0642 \u0627\u0644\u0645\u0627\u0621 \u0648\u062d\u0631\u0627\u0631\u062a\u0647 \u0648\u0636\u063a\u0637\u0647 \u064a\u0644\u0645\u0633 \u0627\u0644\u0645\u0627\u0621 \u062c\u0633\u062f\u0643 \u0643\u0645\u0627 \u0644\u0648 \u0643\u0627\u0646 \u0645\u0639\u0627\u0644\u062c\u064b\u0627 \u0645\u062a\u062e\u0635\u0635\u064b\u0627\u060c \u0641\u062a\u0634\u0639\u0631 \u0644\u064a\u0633 \u0641\u0642\u0637 \u0628\u0627\u0644\u0627\u0633\u062a\u0631\u062e\u0627\u0621\u060c \u0628\u0644 \u0628\u0623\u0646\u0643 \u062c\u0632\u0621 \u0645\u0646 \u0631\u062d\u0644\u0629 \u0639\u0644\u0627\u062c \u062d\u0642\u064a\u0642\u064a\u0629<\/p><hr data-start=\"714\" data-end=\"717\" \/><h3 data-start=\"719\" data-end=\"768\" style=\"text-align: right;\"><strong data-start=\"723\" data-end=\"768\">\u0623\u0633\u0627\u0633 \u0627\u0644\u0639\u0644\u0627\u062c \u0627\u0644\u0645\u0627\u0626\u064a : \u0644\u0645\u0633\u0629 \u0639\u0644\u0645\u064a\u0629 \u0644\u0642\u0648\u0629 \u0627\u0644\u0645\u0627\u0621<\/strong><\/h3><p data-start=\"770\" data-end=\"1005\" style=\"text-align: right;\">\u062a\u062a\u0631\u0627\u0648\u062d \u062f\u0631\u062c\u0629 \u0627\u0644\u062d\u0631\u0627\u0631\u0629 \u0628\u064a\u0646 38 \u064840 \u062f\u0631\u062c\u0629 \u0645\u0626\u0648\u064a\u0629\u060c \u0645\u0645\u0627 \u064a\u0633\u0627\u0639\u062f \u0639\u0644\u0649 \u062a\u0648\u0633\u0639 \u0627\u0644\u0623\u0648\u0639\u064a\u0629 \u0627\u0644\u062f\u0645\u0648\u064a\u0629 \u0648\u0627\u0633\u062a\u0631\u062e\u0627\u0621 \u0627\u0644\u0639\u0636\u0644\u0627\u062a. \u0648\u0641\u064a \u0647\u0630\u0647 \u0627\u0644\u0628\u064a\u0626\u0629\u060c \u062a\u0639\u0645\u0644 \u0646\u0641\u0627\u062b\u0627\u062a \u0627\u0644\u0645\u0627\u0621 \u0627\u0644\u0645\u0636\u063a\u0648\u0637 \u0627\u0644\u0645\u0648\u062c\u0647\u0629 \u0625\u0644\u0649 \u0646\u0642\u0627\u0637 \u0645\u062d\u062f\u062f\u0629 \u2013 \u062e\u0627\u0635\u0629 \u0641\u064a \u0645\u0646\u0637\u0642\u0629 \u0627\u0644\u0638\u0647\u0631 \u0648\u0627\u0644\u0633\u0627\u0642\u064a\u0646 \u0648\u0627\u0644\u0643\u062a\u0641\u064a\u0646 \u2013 \u0639\u0644\u0649 \u0625\u062d\u062f\u0627\u062b \u062a\u0623\u062b\u064a\u0631 \u0639\u0645\u064a\u0642 \u0628\u0627\u0644\u0627\u0633\u062a\u0631\u062e\u0627\u0621<\/p><p data-start=\"1007\" data-end=\"1088\" style=\"text-align: right;\">\u062a\u0643\u0645\u0646 \u0642\u0648\u0629 \u0627\u0644\u0639\u0644\u0627\u062c \u0627\u0644\u0645\u0627\u0626\u064a \u0641\u064a \u0627\u0633\u062a\u0647\u062f\u0627\u0641\u0647 \u0644\u0645\u062c\u0645\u0648\u0639\u0627\u062a \u0627\u0644\u0639\u0636\u0644\u0627\u062a \u0627\u0644\u0633\u0637\u062d\u064a\u0629 \u0648\u0627\u0644\u0639\u0645\u064a\u0642\u0629 \u0641\u064a \u0622\u0646\u064d \u0648\u0627\u062d\u062f<\/p><p data-start=\"1090\" data-end=\"1255\" style=\"text-align: right;\">\u0648\u0625\u0630\u0627 \u062a\u0645 \u0627\u0633\u062a\u062e\u062f\u0627\u0645 \u0645\u064a\u0627\u0647 \u062d\u0631\u0627\u0631\u064a\u0629 \u0623\u0648 \u0645\u0639\u062f\u0646\u064a\u0629\u060c \u0641\u0625\u0646 \u0627\u0644\u0641\u0627\u0626\u062f\u0629 \u062a\u062a\u0636\u0627\u0639\u0641: \u0625\u0630 \u0644\u0627 \u062a\u0642\u062a\u0635\u0631 \u0639\u0644\u0649 \u0625\u0631\u062e\u0627\u0621 \u0627\u0644\u0639\u0636\u0644\u0627\u062a \u0641\u0642\u0637\u060c \u0628\u0644 \u062a\u064f\u0646\u0634\u0637 \u0627\u0644\u062f\u0648\u0631\u0629 \u0627\u0644\u062f\u0645\u0648\u064a\u0629\u060c \u0648\u062a\u064f\u0642\u0644\u0644 \u0645\u0646 \u0627\u062d\u062a\u0628\u0627\u0633 \u0627\u0644\u0633\u0648\u0627\u0626\u0644\u060c \u0648\u062a\u064f\u062d\u0641\u0632 \u062a\u062c\u062f\u062f \u0627\u0644\u062e\u0644\u0627\u064a\u0627<\/p><hr data-start=\"1257\" data-end=\"1260\" \/><h3 data-start=\"1262\" data-end=\"1290\" style=\"text-align: right;\"><strong data-start=\"1266\" data-end=\"1290\">\u0637\u0642\u0633 \u0642\u062f\u064a\u0645 \u060c \u0644\u0645\u0633\u0629 \u0639\u0635\u0631\u064a\u0629<\/strong><\/h3><p data-start=\"1292\" data-end=\"1571\" style=\"text-align: right;\">Serenity\u00a0 \u0627\u0644\u0639\u0644\u0627\u062c \u0627\u0644\u0645\u0627\u0626\u064a \u0647\u0648 \u062a\u0642\u0644\u064a\u062f \u064a\u0645\u062a\u062f \u0645\u0646 \u0627\u0644\u0639\u0635\u0648\u0631 \u0627\u0644\u0631\u0648\u0645\u0627\u0646\u064a\u0629 \u062d\u062a\u0649 \u064a\u0648\u0645\u0646\u0627 \u0647\u0630\u0627. \u0643\u0627\u0646 \u0627\u0644\u062c\u0646\u0648\u062f \u0648\u0627\u0644\u0631\u064a\u0627\u0636\u064a\u0648\u0646 \u064a\u0633\u062a\u062e\u062f\u0645\u0648\u0646\u0647 \u0641\u064a \u0627\u0644\u0645\u0627\u0636\u064a \u0644\u062a\u0633\u0631\u064a\u0639 \u0634\u0641\u0627\u0621 \u0627\u0644\u0639\u0636\u0644\u0627\u062a\u060c \u0648\u0627\u0644\u064a\u0648\u0645 \u064a\u064f\u0639\u0627\u062f \u0625\u062d\u064a\u0627\u0624\u0647 \u0641\u064a \u0645\u0631\u0627\u0643\u0632 \u0627\u0644\u0633\u0628\u0627\u00a0\u00a0<\/p><p data-start=\"1292\" data-end=\"1571\" style=\"text-align: right;\">\u0644\u0643\u0646 \u0628\u0623\u0633\u0644\u0648\u0628\u0647 \u0627\u0644\u0641\u0631\u064a\u062f \u062d\u064a\u062b \u0644\u0627 \u064a\u0642\u062a\u0635\u0631 \u0627\u0644\u0623\u0645\u0631 \u0639\u0644\u0649 \u0627\u0644\u0645\u0627\u0621 \u0641\u0642\u0637\u060c \u0628\u0644 \u064a\u0634\u0645\u0644 \u0627\u0644\u0627\u062d\u062a\u0631\u0627\u0641\u064a\u0629\u060c \u0648\u0627\u0644\u0646\u0638\u0627\u0641\u0629\u060c \u0648\u0627\u0644\u062a\u062e\u0635\u064a\u0635 \u0627\u0644\u062f\u0642\u064a\u0642 \u0644\u0643\u0644 \u0636\u064a\u0641 . \u0641\u0643\u0644 \u062c\u0644\u0633\u0629 \u062a\u0628\u062f\u0623 \u0628\u0636\u0628\u0637 \u062f\u0631\u062c\u0629 \u0627\u0644\u062d\u0631\u0627\u0631\u0629 \u0648\u0645\u0633\u062a\u0648\u0649 \u0636\u063a\u0637 \u0627\u0644\u0645\u0627\u0621 \u0628\u062d\u0633\u0628 \u0627\u062d\u062a\u064a\u0627\u062c \u0627\u0644\u0632\u0627\u0626\u0631\u060c \u0644\u062a\u062a\u062d\u0648\u0644 \u0627\u0644\u062a\u062c\u0631\u0628\u0629 \u0625\u0644\u0649 \u0639\u0646\u0627\u064a\u0629 \u0634\u062e\u0635\u064a\u0629 \u0644\u0627 \u062a\u064f\u0634\u0628\u0647 \u0623\u064a \u0639\u0644\u0627\u062c \u0622\u062e\u0631<\/p><hr data-start=\"1696\" data-end=\"1699\" \/><h3 data-start=\"1701\" data-end=\"1736\" style=\"text-align: right;\"><strong data-start=\"1705\" data-end=\"1736\">\u062a\u0623\u062b\u064a\u0631 \u0641\u0633\u064a\u0648\u0644\u0648\u062c\u064a + \u0631\u0627\u062d\u0629 \u0646\u0641\u0633\u064a\u0629<\/strong><\/h3><p data-start=\"1738\" data-end=\"1955\" style=\"text-align: right;\">\u062a\u062f\u0641\u0642 \u0627\u0644\u0645\u0627\u0621 \u0639\u0644\u0649 \u0627\u0644\u062c\u0633\u062f \u064a\u0634\u0628\u0647 \u0645\u0648\u062c\u0629 \u0647\u0627\u062f\u0626\u0629 \u0644\u0627 \u062a\u0647\u062f\u0626 \u0627\u0644\u0639\u0636\u0644\u0627\u062a \u0641\u0642\u0637\u060c \u0628\u0644 \u062a\u064f\u0633\u0643\u0646 \u0627\u0644\u0630\u0647\u0646 \u0623\u064a\u0636\u064b\u0627. \u062c\u0644\u0633\u0627\u062a \u0627\u0644\u0639\u0644\u0627\u062c \u0627\u0644\u0645\u0627\u0626\u064a \u0641\u0639\u0651\u0627\u0644\u0629 \u062c\u062f\u064b\u0627 \u0644\u0645\u0646 \u064a\u062c\u0644\u0633\u0648\u0646 \u0637\u0648\u064a\u0644\u064b\u0627 \u0623\u0645\u0627\u0645 \u0627\u0644\u0643\u0645\u0628\u064a\u0648\u062a\u0631\u060c \u0623\u0648 \u064a\u0639\u0627\u0646\u0648\u0646 \u0645\u0646 \u0622\u0644\u0627\u0645 \u0645\u0632\u0645\u0646\u0629 \u0641\u064a \u0627\u0644\u0638\u0647\u0631 \u0648\u0627\u0644\u0631\u0642\u0628\u0629\u060c \u0623\u0648 \u064a\u0639\u064a\u0634\u0648\u0646 \u062a\u062d\u062a \u0636\u063a\u0637 \u0646\u0641\u0633\u064a \u0645\u0633\u062a\u0645\u0631<\/p><p data-start=\"1957\" data-end=\"2083\" style=\"text-align: right;\">\u0635\u0648\u062a \u0627\u0644\u0645\u0627\u0621 \u0627\u0644\u0645\u0647\u062f\u0626\u060c \u0648\u0636\u0648\u0621 \u0627\u0644\u063a\u0631\u0641\u0629 \u0627\u0644\u062e\u0627\u0641\u062a\u060c \u0648\u0627\u0644\u062d\u0631\u0627\u0631\u0629 \u0627\u0644\u0645\u062a\u063a\u0644\u063a\u0644\u0629 \u0641\u064a \u0627\u0644\u0639\u0636\u0644\u0627\u062a \u062a\u062c\u0639\u0644 \u062e\u0631\u0648\u062c\u0643 \u0645\u0646 \u0627\u0644\u063a\u0631\u0641\u0629 \u0628\u0645\u062b\u0627\u0628\u0629 \u0648\u0644\u0627\u062f\u0629 \u062c\u062f\u064a\u062f\u0629&#8230; \u062c\u0633\u062f\u064a\u064b\u0627 \u0648\u0646\u0641\u0633\u064a\u064b\u0627<\/p><hr data-start=\"2085\" data-end=\"2088\" \/><h3 data-start=\"2090\" data-end=\"2119\" style=\"text-align: right;\"><strong data-start=\"2094\" data-end=\"2119\">\u0622\u0631\u0627\u0621 \u0645\u0646 \u0639\u0627\u0634\u0648\u0627 \u0627\u0644\u062a\u062c\u0631\u0628\u0629<\/strong><\/h3><p data-start=\"2121\" data-end=\"2304\" style=\"text-align: right;\">\u00a0\u063a\u0631\u0641\u0629 \u0645\u0633\u0627\u062c \u0627\u0644\u0639\u0644\u0627\u062c \u0627\u0644\u0645\u0627\u0626\u064a \u0641\u064a \u0645\u0631\u0643\u0632\u0646\u0627 \u0623\u0635\u0628\u062d\u062a \u0645\u0646 \u0623\u0643\u062b\u0631 \u0627\u0644\u062e\u062f\u0645\u0627\u062a \u0627\u0644\u0645\u0641\u0636\u0644\u0629 \u0644\u062f\u0649 \u0627\u0644\u0646\u0632\u0644\u0627\u0621. \u0639\u0628\u0627\u0631\u0627\u062a \u0645\u062b\u0644: <em data-start=\"2212\" data-end=\"2239\">&#8220;\u0623\u0641\u0636\u0644 \u0645\u0646 \u0627\u0644\u0645\u0633\u0627\u062c \u0627\u0644\u062a\u0642\u0644\u064a\u062f\u064a&#8221;<\/em> \u0648 <em data-start=\"2242\" data-end=\"2280\">&#8220;\u0623\u0648\u0644 \u0645\u0631\u0629 \u0623\u0634\u0639\u0631 \u0628\u0647\u0630\u0627 \u0627\u0644\u0627\u0633\u062a\u0631\u062e\u0627\u0621 \u0628\u0627\u0644\u0645\u0627\u0621&#8221;<\/em> \u062a\u0646\u062a\u0634\u0631 \u0641\u064a \u0648\u0633\u0627\u0626\u0644 \u0627\u0644\u062a\u0648\u0627\u0635\u0644<\/p><p data-start=\"2306\" data-end=\"2394\" style=\"text-align: right;\">\u0627\u0644\u0623\u0632\u0648\u0627\u062c\u060c \u0627\u0644\u0631\u064a\u0627\u0636\u064a\u0648\u0646\u060c \u0648\u0627\u0644\u0645\u0635\u0627\u0628\u0648\u0646 \u0628\u0645\u0634\u0627\u0643\u0644 \u0641\u064a \u0627\u0644\u0638\u0647\u0631 \u0648\u0627\u0644\u0631\u0642\u0628\u0629 \u064a\u0637\u0644\u0628\u0648\u0646 \u0647\u0630\u0647 \u0627\u0644\u062e\u062f\u0645\u0629 \u0645\u0631\u0627\u0631\u064b\u0627 \u0648\u062a\u0643\u0631\u0627\u0631\u064b\u0627<\/p><p data-start=\"2396\" data-end=\"2531\" style=\"text-align: right;\">\u0648\u0646\u0638\u0631\u064b\u0627 \u0644\u0644\u0625\u0642\u0628\u0627\u0644 \u0627\u0644\u0643\u0628\u064a\u0631 \u0648\u0646\u062f\u0631\u0629 \u0627\u0644\u062c\u0644\u0633\u0627\u062a\u060c \u062e\u0627\u0635\u0629 \u0641\u064a \u0639\u0637\u0644\u0629 \u0646\u0647\u0627\u064a\u0629 \u0627\u0644\u0623\u0633\u0628\u0648\u0639\u060c \u064a\u064f\u0646\u0635\u062d \u0628\u0627\u0644\u062d\u062c\u0632 \u0627\u0644\u0645\u0633\u0628\u0642. \u0644\u0627 \u062a\u0641\u0648\u062a \u0641\u0631\u0635\u0629 \u0627\u0644\u0634\u0641\u0627\u0621 \u0647\u0630\u0647&#8230; \u0648\u0627\u0628\u062f\u0623 \u062a\u062c\u0631\u0628\u062a\u0643 \u0645\u0646 \u0627\u0644\u064a\u0648\u0645<\/p>\t\t\t\t\t\t\t\t<\/div>\n\t\t\t\t\t<\/div>\n\t\t\t\t<\/div>\n\t\t<div class=\"elementor-element elementor-element-c56f761 e-flex e-con-boxed tm-col-stretched-none tm-bg-color-over-image e-con e-parent\" data-id=\"c56f761\" data-element_type=\"container\">\n\t\t\t\t\t<div class=\"e-con-inner\">\n\t\t\t\t<div class=\"elementor-element elementor-element-d0979e0 elementor-widget elementor-widget-spacer\" data-id=\"d0979e0\" data-element_type=\"widget\" data-widget_type=\"spacer.default\">\n\t\t\t\t\t\t\t<div class=\"elementor-spacer\">\n\t\t\t<div class=\"elementor-spacer-inner\"><\/div>\n\t\t<\/div>\n\t\t\t\t\t\t<\/div>\n\t\t\t\t\t<\/div>\n\t\t\t\t<\/div>\n\t\t<div class=\"elementor-element elementor-element-2b066d2 e-flex e-con-boxed tm-col-stretched-none tm-bg-color-over-image e-con e-parent\" data-id=\"2b066d2\" data-element_type=\"container\" data-settings=\"{&quot;background_background&quot;:&quot;classic&quot;}\">\n\t\t\t\t\t<div class=\"e-con-inner\">\n\t\t<div class=\"elementor-element elementor-element-2312777 e-con-full e-flex tm-col-stretched-none tm-bg-color-over-image e-con e-child\" data-id=\"2312777\" data-element_type=\"container\">\n\t\t\t\t<div class=\"elementor-element elementor-element-89ec5d3 elementor-widget elementor-widget-heading\" data-id=\"89ec5d3\" data-element_type=\"widget\" data-widget_type=\"heading.default\">\n\t\t\t\t\t<h3 class=\"elementor-heading-title elementor-size-default\"><a href=\"tel:+902243240202\"><u>\u0627\u062a\u0635\u0644 \u0628\u0646\u0627 \u0644\u0645\u0632\u064a\u062f \u0645\u0646 \u0627\u0644\u0645\u0639\u0644\u0648\u0645\u0627\u062a \u0627\u0644\u062a\u0641\u0635\u064a\u0644\u064a\u0629<\/u>\n<\/a><\/h3>\t\t\t\t<\/div>\n\t\t\t\t<div class=\"elementor-element elementor-element-d5851cf elementor-widget elementor-widget-tm-ele-social-links\" data-id=\"d5851cf\" data-element_type=\"widget\" data-widget_type=\"tm-ele-social-links.default\">\n\t\t\t\t<div class=\"elementor-widget-container\">\n\t\t\t\t\t<ul class=\"tm-sc-social-links links-outlined\">\r\n\r\n\t\t\t<li><a class=\"social-link\" aria-label=\"Social Link\" href=\"https:\/\/www.facebook.com\/siahotelthermalspa\" target=\"_self\"><i class=\"fa fa-facebook\"><\/i><\/a><\/li>\r\n\t\t\r\n\t\t<li><a class=\"social-link\" aria-label=\"Social Link\" href=\"https:\/\/www.linkedin.com\/company\/sia-hotel-thermal-spa\/\" target=\"_self\"><i class=\"fa fa-linkedin\"><\/i><\/a><\/li>\r\n\t\t\t<li><a class=\"social-link\" aria-label=\"Social Link\" href=\"https:\/\/www.instagram.com\/siahotelthermalspa\" target=\"_self\"><i class=\"fa fa-instagram\"><\/i><\/a><\/li>\r\n\t\t\r\n\t\t\t<\/ul>\t\t\t\t<\/div>\n\t\t\t\t<\/div>\n\t\t\t\t<\/div>\n\t\t\t\t\t<\/div>\n\t\t\t\t<\/div>\n\t\t<div class=\"elementor-element elementor-element-5133f7e e-flex e-con-boxed tm-col-stretched-none tm-bg-color-over-image e-con e-parent\" data-id=\"5133f7e\" data-element_type=\"container\">\n\t\t\t\t\t<div class=\"e-con-inner\">\n\t\t<div class=\"elementor-element elementor-element-728b7f59 e-con-full tm-col-stretched-none e-flex tm-bg-color-over-image e-con e-child\" data-id=\"728b7f59\" data-element_type=\"container\">\n\t\t\t\t<div class=\"elementor-element elementor-element-2b694fa3 elementor-widget elementor-widget-shortcode\" data-id=\"2b694fa3\" data-element_type=\"widget\" data-widget_type=\"shortcode.default\">\n\t\t\t\t\t\t\t<div class=\"elementor-shortcode\">\t\t<div id=\"sbi_mod_error\" >\n\t\t\t<span>Bu hata mesaj\u0131n\u0131 yaln\u0131zca WordPress y\u00f6neticileri g\u00f6rebilir<\/span><br\/>\n\t\t\t<p><strong>Hata: 1 kimli\u011fine sahip hi\u00e7bir ak\u0131\u015f bulunamad\u0131.<\/strong>\n\t\t\t<p>Bir ak\u0131\u015f olu\u015fturmak i\u00e7in l\u00fctfen Instagram Ak\u0131\u015f\u0131 ayarlar sayfas\u0131na gidin.<\/p>\n\t\t<\/div>\n\t\t<\/div>\n\t\t\t\t\t\t<\/div>\n\t\t\t\t<\/div>\n\t\t\t\t\t<\/div>\n\t\t\t\t<\/div>\n\t\t\t\t<\/div>\n\t\t","protected":false},"excerpt":{"rendered":"<p>SEREN\u0130TY \u0627\u0644\u0639\u0644\u0627\u062c \u0628\u0627\u0644\u0645\u064a\u0627\u0647 \u0627\u0644\u062d\u0631\u0627\u0631\u064a\u0629 \u062a\u0641\u0633\u064a\u0631 \u0639\u0635\u0631\u064a \u0644\u0644\u0639\u0644\u0627\u062c \u0628\u0627\u0644\u0645\u0627\u0621 \u0627\u0644\u0642\u062f\u064a\u0645 : \u0627\u0633\u062a\u0631\u062e\u0627\u0621 \u0628\u0627\u0644\u0636\u063a\u0637 \u0644\u0639\u0636\u0644\u0627\u062a\u0643 \u0623\u062d\u064a\u0627\u0646\u064b\u0627 \u0644\u0627 \u064a\u062d\u062a\u0627\u062c \u0627\u0644\u062c\u0633\u062f \u0627\u0644\u0645\u062a\u0639\u0628 \u0625\u0644\u0649 \u0627\u0644\u0635\u0645\u062a&#8230;<\/p>\n","protected":false},"author":1,"featured_media":0,"parent":0,"menu_order":0,"comment_status":"closed","ping_status":"closed","template":"","meta":{"_monsterinsights_skip_tracking":false,"_monsterinsights_sitenote_active":false,"_monsterinsights_sitenote_note":"","_monsterinsights_sitenote_category":0,"footnotes":""},"class_list":["post-15160","page","type-page","status-publish","hentry"],"aioseo_notices":[],"_links":{"self":[{"href":"https:\/\/www.siahotel.com.tr\/ar\/wp-json\/wp\/v2\/pages\/15160","targetHints":{"allow":["GET"]}}],"collection":[{"href":"https:\/\/www.siahotel.com.tr\/ar\/wp-json\/wp\/v2\/pages"}],"about":[{"href":"https:\/\/www.siahotel.com.tr\/ar\/wp-json\/wp\/v2\/types\/page"}],"author":[{"embeddable":true,"href":"https:\/\/www.siahotel.com.tr\/ar\/wp-json\/wp\/v2\/users\/1"}],"replies":[{"embeddable":true,"href":"https:\/\/www.siahotel.com.tr\/ar\/wp-json\/wp\/v2\/comments?post=15160"}],"version-history":[{"count":55,"href":"https:\/\/www.siahotel.com.tr\/ar\/wp-json\/wp\/v2\/pages\/15160\/revisions"}],"predecessor-version":[{"id":18276,"href":"https:\/\/www.siahotel.com.tr\/ar\/wp-json\/wp\/v2\/pages\/15160\/revisions\/18276"}],"wp:attachment":[{"href":"https:\/\/www.siahotel.com.tr\/ar\/wp-json\/wp\/v2\/media?parent=15160"}],"curies":[{"name":"wp","href":"https:\/\/api.w.org\/{rel}","templated":true}]}}