{"id":15152,"date":"2025-08-01T13:55:45","date_gmt":"2025-08-01T13:55:45","guid":{"rendered":"https:\/\/www.siahotel.com.tr\/ar\/?page_id=15152"},"modified":"2025-09-04T14:52:09","modified_gmt":"2025-09-04T14:52:09","slug":"masaj-odalari","status":"publish","type":"page","link":"https:\/\/www.siahotel.com.tr\/ar\/masaj-odalari\/","title":{"rendered":"Masaj Odalar\u0131"},"content":{"rendered":"\t\t<div data-elementor-type=\"wp-page\" data-elementor-id=\"15152\" class=\"elementor elementor-15152\">\n\t\t\t\t<div class=\"elementor-element elementor-element-2f3b5eb4 e-flex e-con-boxed tm-col-stretched-none tm-bg-color-over-image e-con e-parent\" data-id=\"2f3b5eb4\" data-element_type=\"container\">\n\t\t\t\t\t<div class=\"e-con-inner\">\n\t\t\t\t<div class=\"elementor-element elementor-element-791c21cc elementor-widget elementor-widget-spacer\" data-id=\"791c21cc\" data-element_type=\"widget\" data-widget_type=\"spacer.default\">\n\t\t\t\t\t\t\t<div class=\"elementor-spacer\">\n\t\t\t<div class=\"elementor-spacer-inner\"><\/div>\n\t\t<\/div>\n\t\t\t\t\t\t<\/div>\n\t\t\t\t\t<\/div>\n\t\t\t\t<\/div>\n\t\t<div class=\"elementor-element elementor-element-2e887d15 e-flex e-con-boxed tm-col-stretched-none tm-bg-color-over-image e-con e-parent\" data-id=\"2e887d15\" data-element_type=\"container\">\n\t\t\t\t\t<div class=\"e-con-inner\">\n\t\t\t\t<div class=\"elementor-element elementor-element-39868dd7 horizontal-line-align-left vertical-line-align-bottom elementor-widget elementor-widget-tm-ele-section-title\" data-id=\"39868dd7\" data-element_type=\"widget\" data-widget_type=\"tm-ele-section-title.default\">\n\t\t\t\t<div class=\"elementor-widget-container\">\n\t\t\t\t\t<div class=\"tm-sc-section-title section-title line-left-current-theme \">\r\n\t<div class=\"title-wrapper\">\r\n\t\t\t\t\r\n\r\n<div class=\"sub-title-outer\">\r\n\t\t<div class=\"subtitle \">\r\n\r\n\t\t\r\n\t\tSerenity\t<\/div>\r\n\t<\/div>\t\t\t<h1 class=\"title \">\r\n\r\n\t\t\r\n\t\t\t\t<span class=\"title-part1 \">\u063a\u0631\u0641 \u0627\u0644\u0645\u0633\u0627\u062c<\/span>\r\n\t\t\t\t\r\n\t\t\r\n\t<\/h1>\r\n\t<div class=\"title-seperator-line\"><\/div>\t\t\t\t\t\t<\/div>\r\n<\/div>\t\t\t\t<\/div>\n\t\t\t\t<\/div>\n\t\t\t\t\t<\/div>\n\t\t\t\t<\/div>\n\t\t<div class=\"elementor-element elementor-element-40bd7585 e-flex e-con-boxed tm-col-stretched-none tm-bg-color-over-image e-con e-parent\" data-id=\"40bd7585\" data-element_type=\"container\">\n\t\t\t\t\t<div class=\"e-con-inner\">\n\t\t\t\t<div class=\"elementor-element elementor-element-180ea369 elementor-widget elementor-widget-image\" data-id=\"180ea369\" data-element_type=\"widget\" data-widget_type=\"image.default\">\n\t\t\t\t\t\t\t\t\t\t\t\t\t\t\t<img fetchpriority=\"high\" decoding=\"async\" width=\"1100\" height=\"550\" src=\"https:\/\/www.siahotel.com.tr\/ar\/wp-content\/uploads\/2025\/08\/WhatsApp-Image-2025-08-05-at-10.21.53-1100x550.jpeg\" class=\"attachment-hoteler_landscape size-hoteler_landscape wp-image-15812\" alt=\"Sia Hotel Masaj Odalar\u0131\" \/>\t\t\t\t\t\t\t\t\t\t\t\t\t\t\t<\/div>\n\t\t\t\t\t<\/div>\n\t\t\t\t<\/div>\n\t\t<div class=\"elementor-element elementor-element-c610e9d e-flex e-con-boxed tm-col-stretched-none tm-bg-color-over-image e-con e-parent\" data-id=\"c610e9d\" data-element_type=\"container\">\n\t\t\t\t\t<div class=\"e-con-inner\">\n\t\t\t\t<div class=\"elementor-element elementor-element-f77b72b elementor-widget elementor-widget-spacer\" data-id=\"f77b72b\" data-element_type=\"widget\" data-widget_type=\"spacer.default\">\n\t\t\t\t\t\t\t<div class=\"elementor-spacer\">\n\t\t\t<div class=\"elementor-spacer-inner\"><\/div>\n\t\t<\/div>\n\t\t\t\t\t\t<\/div>\n\t\t\t\t\t<\/div>\n\t\t\t\t<\/div>\n\t\t<div class=\"elementor-element elementor-element-2bfb8067 e-flex e-con-boxed tm-col-stretched-none tm-bg-color-over-image e-con e-parent\" data-id=\"2bfb8067\" data-element_type=\"container\">\n\t\t\t\t\t<div class=\"e-con-inner\">\n\t\t\t\t<div class=\"elementor-element elementor-element-39cd1be2 elementor-widget elementor-widget-text-editor\" data-id=\"39cd1be2\" data-element_type=\"widget\" data-widget_type=\"text-editor.default\">\n\t\t\t\t\t\t\t\t\t<h2 style=\"text-align: right;\"><\/h2>\n<hr data-start=\"138\" data-end=\"141\">\n<p data-start=\"143\" data-end=\"197\" style=\"text-align: right;\"><strong data-start=\"143\" data-end=\"197\">\u062a\u062c\u0627\u0631\u0628 \u0645\u0633\u0627\u062c \u0627\u062d\u062a\u0631\u0627\u0641\u064a\u0629 \u0628\u062a\u0635\u0627\u0645\u064a\u0645 \u0645\u062e\u062a\u0644\u0641\u0629 \u062a\u0644\u0627\u0626\u0645 \u0643\u0644 \u0627\u062d\u062a\u064a\u0627\u062c<\/strong><\/p>\n<p data-start=\"199\" data-end=\"503\" style=\"text-align: right;\">\u0628\u0639\u062f \u0623\u0633\u0628\u0648\u0639 \u0639\u0635\u064a\u0628 \u0642\u062f \u064a\u062d\u062a\u0627\u062c \u062c\u0633\u062f\u0643 \u0644\u0641\u0639\u0644 \u0623\u0643\u062b\u0631 \u0645\u0646 \u0627\u0644\u0631\u0627\u062d\u0629 \u0641\u0642\u0637 \u0628\u0644 \u0625\u0644\u0649 \u0644\u0645\u0633\u0629 \u0627\u062d\u062a\u0631\u0627\u0641\u064a\u0629 \u0623\u064a\u0636\u064b\u0627<br data-start=\"278\" data-end=\"281\">\u0625\u064a\u0642\u0627\u0639 \u0627\u0644\u062d\u064a\u0627\u0629 \u0627\u0644\u0639\u0635\u0631\u064a \u064a\u062c\u0647\u062f \u0627\u0644\u062c\u0633\u062f \u0648\u064a\u064f\u062d\u064a\u0643 \u062a\u0648\u062a\u0631\u064b\u0627 \u0630\u0647\u0646\u064a\u064b\u0627 \u0628\u0644\u0627 \u0648\u0639\u064a \u0645\u0646\u0643<br data-start=\"344\" data-end=\"347\"><span data-start=\"377\" data-end=\"412\" style=\"font-weight: bold; color: #333333; margin-bottom: 0px;\">Serenity\u202fThermal\u202f&amp;\u202fSPA\u202fWellness<\/span>&nbsp;&nbsp; \u062a\u0645 \u062a\u0635\u0645\u064a\u0645 \u063a\u0631\u0641 \u0627\u0644\u0645\u0633\u0627\u062c \u0627\u0644\u062e\u0627\u0635\u0629 \u0641\u064a<span style=\"color: #333333;\"><b>&nbsp;&nbsp;<\/b><\/span><\/p>\n<p data-start=\"199\" data-end=\"503\" style=\"text-align: right;\">.\u0644\u062a\u0631\u0648\u064a \u0631\u0648\u062d\u0643 \u0648\u062c\u0633\u062f\u0643 \u0641\u064a \u0622\u0646 \u0645\u0639\u064b\u0627 \u0643\u0644 \u062a\u0641\u0635\u064a\u0644 \u064a\u0636\u0645\u0646 \u0644\u0643 \u0631\u0627\u062d\u0629 \u0648\u062e\u0635\u0648\u0635\u064a\u0629 \u062a\u0632\u0648\u0651\u062f\u0643 \u0628\u062a\u0648\u0627\u0632\u0646 \u062f\u0627\u062e\u0644\u064a \u0648\u062c\u0633\u062f \u0645\u0646\u062a\u0639\u0634 \u063a\u0631\u0641 \u0627\u0644\u0645\u0633\u0627\u062c \u0627\u0644\u0645\u062a\u0646\u0648\u0639\u0629 \u0641\u064a \u0645\u0631\u0643\u0632 \u0627\u0644\u0633\u0628\u0627 \u0635\u0645\u0645\u062a \u0644\u062a\u0644\u0628\u064a \u0627\u062d\u062a\u064a\u0627\u062c\u0627\u062a \u0648\u062a\u0648\u0642\u0639\u0627\u062a \u0645\u062e\u062a\u0644\u0641\u0629<\/p>\n<p data-start=\"505\" data-end=\"972\" style=\"text-align: right;\">&nbsp; &nbsp; &nbsp;.\u0627\u0644\u063a\u0631\u0641\u0629 \u0627\u0644\u0645\u0633\u0645\u0627\u0629&nbsp;<u><b>\u0647\u0627\u0631\u0645\u0648\u0646\u064a&nbsp; <\/b><\/u>\u062a\u0642\u062f\u0645 \u0628\u0627\u0644\u0625\u0636\u0627\u0641\u0629 \u0625\u0644\u0649 \u0633\u0631\u064a\u0631 \u0645\u0633\u0627\u062c \u062a\u0642\u0644\u064a\u062f\u064a \u0645\u0646\u0637\u0642\u0629 \u062f\u0634 \u062e\u0627\u0635\u0629 \u0648\u062c\u0648\u064b\u0627 \u062f\u0627\u0641\u0626\u064b\u0627 \u0646\u0627\u0639\u0645\u064b\u0627 \u064a\u062d\u0648\u064a \u062d\u0645\u0627\u0645 \u062a\u0631\u0643\u064a \u062a\u0642\u0644\u064a\u062f\u064a \u0627\u062e\u062a\u064a\u0627\u0631 \u0645\u062b\u0627\u0644\u064a \u0644\u0645\u0646 \u064a\u0628\u062d\u062b \u0639\u0646 \u062a\u062c\u0631\u0628\u0629 \u0639\u0646\u0627\u064a\u0629 \u0648\u0627\u0633\u062a\u0631\u062e\u0627\u0621 \u0623\u0639\u0645\u0642&nbsp;<\/p>\n<p data-start=\"505\" data-end=\"972\" style=\"text-align: right;\">.\u0623\u0645\u0627 \u063a\u0631\u0641\u0629<span style=\"color: #333333;\"><b>&nbsp;&nbsp;<\/b><\/span><u><b><span style=\"text-align: start;\">\u0625\u064a\u062b\u064a\u0631\u064a\u0627\u0644<\/span><span style=\"color: #333333;\">&nbsp;&nbsp;<\/span><\/b><\/u>\u060c \u0641\u062a\u064f\u0639\u064e\u062f\u064f\u0651 \u0623\u0643\u062b\u0631 \u0628\u0633\u0627\u0637\u0629 \u0644\u0643\u0646\u0647\u0627 \u0641\u0639\u0627\u0644\u0629 \u0628\u0646\u0641\u0633 \u0627\u0644\u062f\u0631\u062c\u0629 \u062a\u062d\u062a\u0648\u064a \u0647\u0630\u0647 \u0627\u0644\u063a\u0631\u0641\u0629 \u0639\u0644\u0649 \u0645\u0646\u0637\u0642\u0629 \u062f\u0634 \u0648\u0633\u0631\u064a\u0631 \u0645\u0633\u0627\u062c \u0645\u064f\u0635\u0645\u0651\u0645 \u062e\u0635\u064a\u0635\u064b\u0627 \u0644\u062c\u0644\u0633\u0627\u062a \u0645\u0633\u0627\u062c \u0627\u0644\u0631\u0623\u0633 \u0645\u062d\u0637\u0629 \u0647\u0627\u062f\u0626\u0629 \u0644\u0644\u0636\u064a\u0648\u0641 \u0627\u0644\u0630\u064a\u0646 \u064a\u0631\u063a\u0628\u0648\u0646 \u0641\u064a \u062a\u0631\u0643 \u0627\u0644\u062a\u0639\u0628 \u0627\u0644\u0630\u0647\u0646\u064a \u062e\u0644\u0641\u0647\u0645 \u0648\u0627\u0644\u0648\u0635\u0648\u0644 \u0625\u0644\u0649 \u062a\u0648\u0627\u0632\u0646 \u0635\u0627\u0645\u062a<\/p>\n<p data-start=\"974\" data-end=\"1370\" style=\"text-align: right;\">\u0647\u0646\u0627 \u0644\u0627 \u064a\u064f\u0639\u062f\u0651 \u0627\u0644\u0645\u0633\u0627\u062c \u0648\u0633\u064a\u0644\u0629 \u0644\u0644\u0631\u0627\u062d\u0629 \u0641\u062d\u0633\u0628 \u0628\u0644 \u062c\u0632\u0621\u064b\u0627 \u0634\u0627\u0645\u0644\u064b\u0627 \u0645\u0646 \u0627\u0644\u0635\u062d\u0629 \u0648\u0627\u0644\u062a\u0648\u0627\u0632\u0646 \u0648\u0627\u0644\u0633\u0643\u064a\u0646\u0629 \u0627\u0644\u062f\u0627\u062e\u0644\u064a\u0629 \u0643\u0644 \u062a\u0642\u0646\u064a\u0629 \u0645\u0646 \u0627\u0644\u062a\u0642\u0646\u064a\u0627\u062a \u0627\u0644\u0645\u062a\u0646\u0648\u0639\u0629 \u0627\u0644\u0648\u0627\u0631\u062f\u0629 \u0636\u0645\u0646 \u0627\u0644\u062a\u062c\u0631\u0628\u0629\u060c \u062a\u0642\u062f\u0651\u0645 \u0648\u0639\u0648\u062f\u064b\u0627 \u0645\u062e\u0635\u0635\u0629 \u0644\u0643 \u0627\u0644\u0645\u0633\u0627\u062c \u0627\u0644\u062a\u0642\u0644\u064a\u062f\u064a \u0641\u064a \u0645\u0631\u0643\u0632\u0646\u0627 \u060c \u0628\u0627\u0633\u062a\u062e\u062f\u0627\u0645 \u0632\u064a\u0648\u062a \u0645\u062e\u062a\u0644\u0641\u0629\u060c \u0647\u0648 \u0628\u0628\u0633\u0627\u0637\u062a\u0647 \u0648\u0635\u0641\u0627\u0626\u0647 \u0623\u0631\u0642\u0649 \u0637\u0631\u0642 \u0627\u0644\u0627\u0633\u062a\u0631\u062e\u0627\u0621 \u0627\u0633\u062a\u064f\u0644\u0647\u0645\u062a \u062a\u0642\u0646\u064a\u0627\u062a \u0647\u0630\u0627 \u0627\u0644\u0623\u0633\u0644\u0648\u0628 \u0645\u0646 \u0627\u0644\u0645\u0633\u0627\u062c \u0627\u0644\u0633\u0648\u064a\u062f\u064a \u0648\u062a\u0648\u0641\u0631 \u0627\u0633\u062a\u0631\u062e\u0627\u0621\u064b \u0639\u0645\u064a\u0642\u064b\u0627\u060c \u0648\u0625\u0628\u0637\u0627\u0621 \u0627\u0644\u0630\u0647\u0646\u060c \u0648\u062a\u062d\u0633\u064a\u0646 \u062c\u0648\u062f\u0629 \u0627\u0644\u0646\u0648\u0645 \u062e\u064a\u0627\u0631 \u0645\u062b\u0627\u0644\u064a \u0644\u0644\u0645\u0628\u062a\u062f\u0626\u064a\u0646 \u0641\u064a \u062a\u062c\u0631\u0628\u0629 \u0627\u0644\u0645\u0633\u0627\u062c \u0623\u0645\u0627 \u0625\u0646 \u0643\u0646\u062a \u062a\u0628\u062d\u062b \u0639\u0646 \u0627\u0633\u062a\u0631\u062e\u0627\u0621 \u0645\u0643\u062b\u0641 \u0645\u0639 \u062a\u0631\u0643\u064a\u0632 \u0639\u0644\u0649 \u0645\u0646\u0627\u0637\u0642 \u0645\u0639\u064a\u0646\u0629\u060c \u0641\u0627\u0644\u0645\u0633\u0627\u062c \u0627\u0644\u0637\u0628\u064a \u0645\u0646\u0627\u0633\u0628 \u062c\u062f\u064b\u0627 . \u064a\u064f\u0637\u0628\u0651\u064e\u0642 \u0639\u0644\u0649 \u0645\u0646\u0627\u0637\u0642 \u0645\u062b\u0644 \u0627\u0644\u0638\u0647\u0631\u060c \u0627\u0644\u0631\u0642\u0628\u0629\u060c \u0648\u0627\u0644\u0638\u0647\u0631 \u0627\u0644\u0633\u0641\u0644\u064a \u0628\u0627\u0633\u062a\u062e\u062f\u0627\u0645 \u0643\u0631\u064a\u0645\u0627\u062a \u0637\u0628\u064a\u0629 \u0648\u0632\u064a\u0648\u062a \u0637\u0628\u064a\u0639\u064a\u0629 \u0628\u0627\u0644\u0645\u0646\u062a\u0648\u0644 \u064a\u064f\u0633\u0627\u0639\u062f \u0641\u064a \u062a\u062e\u0641\u064a\u0641 \u062a\u0648\u062a\u0631 \u0627\u0644\u0639\u0636\u0644\u0627\u062a\u060c \u062a\u0635\u062d\u064a\u062d \u0627\u0644\u0648\u0636\u0639\u064a\u0629\u060c \u0648\u062a\u062e\u0641\u064a\u0641 \u0627\u0644\u0622\u0644\u0627\u0645 \u0627\u0644\u0645\u0632\u0645\u0646\u0629 \u0628\u0627\u0644\u0646\u0633\u0628\u0629 \u0644\u0645\u0646 \u064a\u0642\u062f\u0651\u0631 \u062a\u0623\u062b\u064a\u0631 \u0627\u0644\u0632\u064a\u0648\u062a \u0627\u0644\u0639\u0637\u0631\u064a\u0629 \u0639\u0644\u0649 \u0627\u0644\u062d\u0627\u0644\u0629 \u0627\u0644\u0645\u0632\u0627\u062c\u064a\u0629\u060c \u064a\u064f\u0646\u0635\u062d \u0628\u0627\u0644\u0645\u0633\u0627\u062c \u0627\u0644\u0639\u0637\u0631\u064a , \u064a\u064f\u062c\u0631\u0649 \u0628\u0627\u0633\u062a\u062e\u062f\u0627\u0645 \u0631\u0648\u0627\u0626\u062d \u0645\u062b\u0644 \u0627\u0644\u0644\u0627\u0641\u0646\u062f\u0631 \u0648\u0627\u0644\u064a\u0627\u0633\u0645\u064a\u0646 \u0645\u0645\u0627 \u064a\u0648\u0627\u0632\u0646 \u0627\u0644\u0637\u0627\u0642\u0629 \u0648\u064a\u062f\u0639\u0645 \u0627\u0644\u0627\u0633\u062a\u0642\u0631\u0627\u0631 \u0627\u0644\u0639\u0627\u0637\u0641\u064a<\/p>\n<p data-start=\"1792\" data-end=\"2134\" style=\"text-align: right;\">\u0644\u0645\u0646 \u064a\u0628\u062d\u062b \u0639\u0646 \u062a\u062c\u0631\u0628\u0629 \u062a\u0642\u0644\u064a\u062f\u064a\u0629 \u0648\u0634\u0627\u0645\u0644\u0629\u060c \u064a\u0642\u062f\u0645 \u0645\u0633\u0627\u062c \u0628\u0627\u0644\u064a \u062f\u0645\u062c\u064b\u0627 \u0644\u062a\u0642\u0646\u064a\u0627\u062a \u0627\u0644\u0631\u064a\u0641\u0644\u0643\u0633\u0648\u0644\u0648\u062c\u064a\u060c \u0627\u0644\u0636\u063a\u0637 \u0627\u0644\u0625\u0628\u0631\u064a\u060c \u0648\u0627\u0644\u062a\u062f\u0644\u064a\u0643 \u0627\u0644\u0639\u0645\u064a\u0642 \u0644\u064a\u0645\u0646\u062d\u0643 \u062a\u0646\u0642\u064a\u0629 \u062c\u0633\u062f\u064a\u0629 \u0648\u0630\u0647\u0646\u064a\u0629 \u0623\u0645\u0627 \u0644\u0639\u0634\u0651\u0627\u0642 \u0627\u0644\u0646\u0634\u0627\u0637 \u0623\u0648 \u0627\u0644\u0631\u0627\u063a\u0628\u064a\u0646 \u0641\u064a \u0627\u0633\u062a\u0639\u0627\u062f\u0629 \u0639\u0636\u0644\u0627\u062a\u0647\u0645 \u0628\u0639\u062f \u0627\u0644\u062a\u0645\u0631\u064a\u0646\u060c \u0641\u0627\u0644\u0645\u0633\u0627\u062c \u0627\u0644\u0631\u064a\u0627\u0636\u064a \u064a\u0642\u0644\u0644 \u0625\u062c\u0647\u0627\u062f \u0627\u0644\u0639\u0636\u0644\u0627\u062a \u0648\u064a\u0633\u0631\u0651\u0639 \u0627\u0644\u0627\u0633\u062a\u0634\u0641\u0627\u0621 \u0628\u064a\u0646\u0645\u0627 \u064a\u0633\u0645\u062d \u0645\u0633\u0627\u062c \u0627\u0644\u0631\u0623\u0633 \u0627\u0644\u0647\u0646\u062f\u064a\u060c \u0643\u062c\u0632\u0621 \u0645\u0646 \u0627\u0644\u0637\u0628 \u0627\u0644\u0622\u064a\u0648\u0641\u064a\u062f\u064a\u060c \u0628\u062a\u0635\u0641\u064a\u0629 \u0627\u0644\u0630\u0647\u0646 \u0648\u062a\u062d\u0642\u064a\u0642 \u0627\u0644\u0633\u0643\u064a\u0646\u0629 \u0627\u0644\u062f\u0627\u062e\u0644\u064a\u0629 \u0643\u0644 \u0647\u0630\u0647 \u0627\u0644\u0639\u0644\u0627\u062c\u0627\u062a \u062a\u064f\u062c\u0631\u0649 \u0641\u064a \u0623\u0645\u0627\u0643\u0646 \u0645\u062e\u0635\u0635\u0629\u060c \u0647\u0627\u062f\u0626\u0629\u060c \u0648\u0646\u0638\u064a\u0641\u0629 \u0644\u0644\u063a\u0627\u064a\u0629 \u0645\u0646 \u0642\u0650\u0628\u0644 \u0623\u062e\u0635\u0627\u0626\u064a\u064a\u0646 \u0645\u062d\u062a\u0631\u0641\u064a\u0646 \u0648\u0646\u0638\u0631\u064b\u0627 \u0644\u0644\u0625\u0642\u0628\u0627\u0644 \u0627\u0644\u0639\u0627\u0644\u064a \u0641\u0625\u0646 \u0645\u0648\u0627\u0639\u064a\u062f \u0645\u0633\u0627\u062c \u0627\u0644\u0633\u0628\u0627 \u0644\u062f\u064a\u0646\u0627 \u0645\u062d\u062f\u0648\u062f\u0629 \u062a\u062c\u0627\u0631\u0628 \u0645\u062b\u0644 &#8220;\u0634\u0639\u0631\u062a \u0628\u0623\u0646\u064a \u0648\u0644\u062f\u062a \u0645\u0646 \u062c\u062f\u064a\u062f \u0628\u0639\u062f \u0627\u0644\u0645\u0633\u0627\u062c&#8221; \u0646\u0633\u0645\u0639\u0647\u0627 \u0645\u0646 \u0636\u064a\u0648\u0641\u0646\u0627 \u0639\u0634\u0631\u0627\u062a \u0627\u0644\u0645\u0631\u0627\u062a<\/p>\n<p data-start=\"2136\" data-end=\"2426\" style=\"text-align: right;\">\u0627\u0643\u062a\u0634\u0641 \u0628\u0646\u0641\u0633\u0643 \u0627\u0644\u0631\u0627\u062d\u0629 \u0627\u0644\u062a\u064a \u064a\u0633\u062a\u062d\u0642\u0647\u0627 \u062c\u0633\u062f\u0643 \u0648\u0637\u0645\u0623\u0646\u064a\u0646\u0629 \u0627\u0644\u062a\u064a \u0628\u062d\u0627\u062c\u0629 \u0625\u0644\u064a\u0647\u0627<\/p>\t\t\t\t\t\t\t\t<\/div>\n\t\t\t\t\t<\/div>\n\t\t\t\t<\/div>\n\t\t<div class=\"elementor-element elementor-element-4d07cb9 e-flex e-con-boxed tm-col-stretched-none tm-bg-color-over-image e-con e-parent\" data-id=\"4d07cb9\" data-element_type=\"container\">\n\t\t\t\t\t<div class=\"e-con-inner\">\n\t\t\t\t<div class=\"elementor-element elementor-element-4dac116 elementor-widget elementor-widget-spacer\" data-id=\"4dac116\" data-element_type=\"widget\" data-widget_type=\"spacer.default\">\n\t\t\t\t\t\t\t<div class=\"elementor-spacer\">\n\t\t\t<div class=\"elementor-spacer-inner\"><\/div>\n\t\t<\/div>\n\t\t\t\t\t\t<\/div>\n\t\t\t\t\t<\/div>\n\t\t\t\t<\/div>\n\t\t<div class=\"elementor-element elementor-element-18c308f e-flex e-con-boxed tm-col-stretched-none tm-bg-color-over-image e-con e-parent\" data-id=\"18c308f\" data-element_type=\"container\">\n\t\t\t\t\t<div class=\"e-con-inner\">\n\t\t<div class=\"elementor-element elementor-element-f3cecb2 e-con-full e-flex tm-col-stretched-none tm-bg-color-over-image e-con e-child\" data-id=\"f3cecb2\" data-element_type=\"container\" data-settings=\"{&quot;background_background&quot;:&quot;classic&quot;}\">\n\t\t<div class=\"elementor-element elementor-element-7ddff24 e-con-full e-flex tm-col-stretched-none tm-bg-color-over-image e-con e-child\" data-id=\"7ddff24\" data-element_type=\"container\">\n\t\t\t\t<div class=\"elementor-element elementor-element-cd255a8 elementor-widget elementor-widget-heading\" data-id=\"cd255a8\" data-element_type=\"widget\" data-widget_type=\"heading.default\">\n\t\t\t\t\t<h3 class=\"elementor-heading-title elementor-size-default\"><a href=\"tel:+902243240202\"><u>\u0627\u062a\u0635\u0644 \u0628\u0646\u0627 \u0644\u0645\u0632\u064a\u062f \u0645\u0646 \u0627\u0644\u0645\u0639\u0644\u0648\u0645\u0627\u062a \u0627\u0644\u062a\u0641\u0635\u064a\u0644\u064a\u0629<\/u>\n<\/a><\/h3>\t\t\t\t<\/div>\n\t\t\t\t<div class=\"elementor-element elementor-element-4a803df elementor-widget elementor-widget-tm-ele-social-links\" data-id=\"4a803df\" data-element_type=\"widget\" data-widget_type=\"tm-ele-social-links.default\">\n\t\t\t\t<div class=\"elementor-widget-container\">\n\t\t\t\t\t<ul class=\"tm-sc-social-links links-outlined\">\r\n\r\n\t\t\t<li><a class=\"social-link\" aria-label=\"Social Link\" href=\"https:\/\/www.facebook.com\/siahotelthermalspa\" target=\"_self\"><i class=\"fa fa-facebook\"><\/i><\/a><\/li>\r\n\t\t\r\n\t\t<li><a class=\"social-link\" aria-label=\"Social Link\" href=\"https:\/\/www.linkedin.com\/company\/sia-hotel-thermal-spa\/\" target=\"_self\"><i class=\"fa fa-linkedin\"><\/i><\/a><\/li>\r\n\t\t\t<li><a class=\"social-link\" aria-label=\"Social Link\" href=\"https:\/\/www.instagram.com\/siahotelthermalspa\" target=\"_self\"><i class=\"fa fa-instagram\"><\/i><\/a><\/li>\r\n\t\t\r\n\t\t\t<\/ul>\t\t\t\t<\/div>\n\t\t\t\t<\/div>\n\t\t\t\t<\/div>\n\t\t\t\t<\/div>\n\t\t\t\t\t<\/div>\n\t\t\t\t<\/div>\n\t\t<div class=\"elementor-element elementor-element-439779aa e-flex e-con-boxed tm-col-stretched-none tm-bg-color-over-image e-con e-parent\" data-id=\"439779aa\" data-element_type=\"container\">\n\t\t\t\t\t<div class=\"e-con-inner\">\n\t\t<div class=\"elementor-element elementor-element-705afaa6 e-con-full tm-col-stretched-none e-flex tm-bg-color-over-image e-con e-child\" data-id=\"705afaa6\" data-element_type=\"container\">\n\t\t\t\t<div class=\"elementor-element elementor-element-2d9b064c elementor-widget elementor-widget-shortcode\" data-id=\"2d9b064c\" data-element_type=\"widget\" data-widget_type=\"shortcode.default\">\n\t\t\t\t\t\t\t<div class=\"elementor-shortcode\">\t\t<div id=\"sbi_mod_error\" >\n\t\t\t<span>Bu hata mesaj\u0131n\u0131 yaln\u0131zca WordPress y\u00f6neticileri g\u00f6rebilir<\/span><br\/>\n\t\t\t<p><strong>Hata: 1 kimli\u011fine sahip hi\u00e7bir ak\u0131\u015f bulunamad\u0131.<\/strong>\n\t\t\t<p>Bir ak\u0131\u015f olu\u015fturmak i\u00e7in l\u00fctfen Instagram Ak\u0131\u015f\u0131 ayarlar sayfas\u0131na gidin.<\/p>\n\t\t<\/div>\n\t\t<\/div>\n\t\t\t\t\t\t<\/div>\n\t\t\t\t<\/div>\n\t\t\t\t\t<\/div>\n\t\t\t\t<\/div>\n\t\t\t\t<\/div>\n\t\t","protected":false},"excerpt":{"rendered":"<p>Serenity \u063a\u0631\u0641 \u0627\u0644\u0645\u0633\u0627\u062c \u062a\u062c\u0627\u0631\u0628 \u0645\u0633\u0627\u062c \u0627\u062d\u062a\u0631\u0627\u0641\u064a\u0629 \u0628\u062a\u0635\u0627\u0645\u064a\u0645 \u0645\u062e\u062a\u0644\u0641\u0629 \u062a\u0644\u0627\u0626\u0645 \u0643\u0644 \u0627\u062d\u062a\u064a\u0627\u062c \u0628\u0639\u062f \u0623\u0633\u0628\u0648\u0639 \u0639\u0635\u064a\u0628 \u0642\u062f \u064a\u062d\u062a\u0627\u062c \u062c\u0633\u062f\u0643 \u0644\u0641\u0639\u0644 \u0623\u0643\u062b\u0631 \u0645\u0646&#8230;<\/p>\n","protected":false},"author":1,"featured_media":0,"parent":0,"menu_order":0,"comment_status":"closed","ping_status":"closed","template":"","meta":{"_monsterinsights_skip_tracking":false,"_monsterinsights_sitenote_active":false,"_monsterinsights_sitenote_note":"","_monsterinsights_sitenote_category":0,"footnotes":""},"class_list":["post-15152","page","type-page","status-publish","hentry"],"aioseo_notices":[],"_links":{"self":[{"href":"https:\/\/www.siahotel.com.tr\/ar\/wp-json\/wp\/v2\/pages\/15152","targetHints":{"allow":["GET"]}}],"collection":[{"href":"https:\/\/www.siahotel.com.tr\/ar\/wp-json\/wp\/v2\/pages"}],"about":[{"href":"https:\/\/www.siahotel.com.tr\/ar\/wp-json\/wp\/v2\/types\/page"}],"author":[{"embeddable":true,"href":"https:\/\/www.siahotel.com.tr\/ar\/wp-json\/wp\/v2\/users\/1"}],"replies":[{"embeddable":true,"href":"https:\/\/www.siahotel.com.tr\/ar\/wp-json\/wp\/v2\/comments?post=15152"}],"version-history":[{"count":43,"href":"https:\/\/www.siahotel.com.tr\/ar\/wp-json\/wp\/v2\/pages\/15152\/revisions"}],"predecessor-version":[{"id":18339,"href":"https:\/\/www.siahotel.com.tr\/ar\/wp-json\/wp\/v2\/pages\/15152\/revisions\/18339"}],"wp:attachment":[{"href":"https:\/\/www.siahotel.com.tr\/ar\/wp-json\/wp\/v2\/media?parent=15152"}],"curies":[{"name":"wp","href":"https:\/\/api.w.org\/{rel}","templated":true}]}}