{"id":15144,"date":"2025-08-01T13:45:03","date_gmt":"2025-08-01T13:45:03","guid":{"rendered":"https:\/\/www.siahotel.com.tr\/ar\/?page_id=15144"},"modified":"2025-09-05T08:18:29","modified_gmt":"2025-09-05T08:18:29","slug":"aile-hamami","status":"publish","type":"page","link":"https:\/\/www.siahotel.com.tr\/ar\/aile-hamami\/","title":{"rendered":"Aile Hamam\u0131"},"content":{"rendered":"\t\t<div data-elementor-type=\"wp-page\" data-elementor-id=\"15144\" class=\"elementor elementor-15144\">\n\t\t\t\t<div class=\"elementor-element elementor-element-5cda45c2 e-flex e-con-boxed tm-col-stretched-none tm-bg-color-over-image e-con e-parent\" data-id=\"5cda45c2\" data-element_type=\"container\">\n\t\t\t\t\t<div class=\"e-con-inner\">\n\t\t\t\t<div class=\"elementor-element elementor-element-6258734a elementor-widget elementor-widget-spacer\" data-id=\"6258734a\" data-element_type=\"widget\" data-widget_type=\"spacer.default\">\n\t\t\t\t\t\t\t<div class=\"elementor-spacer\">\n\t\t\t<div class=\"elementor-spacer-inner\"><\/div>\n\t\t<\/div>\n\t\t\t\t\t\t<\/div>\n\t\t\t\t\t<\/div>\n\t\t\t\t<\/div>\n\t\t<div class=\"elementor-element elementor-element-47296e80 e-flex e-con-boxed tm-col-stretched-none tm-bg-color-over-image e-con e-parent\" data-id=\"47296e80\" data-element_type=\"container\">\n\t\t\t\t\t<div class=\"e-con-inner\">\n\t\t\t\t<div class=\"elementor-element elementor-element-5ae87b88 horizontal-line-align-left vertical-line-align-bottom elementor-widget elementor-widget-tm-ele-section-title\" data-id=\"5ae87b88\" data-element_type=\"widget\" data-widget_type=\"tm-ele-section-title.default\">\n\t\t\t\t<div class=\"elementor-widget-container\">\n\t\t\t\t\t<div class=\"tm-sc-section-title section-title line-left-current-theme \">\r\n\t<div class=\"title-wrapper\">\r\n\t\t\t\t\r\n\r\n<div class=\"sub-title-outer\">\r\n\t\t<div class=\"subtitle \">\r\n\r\n\t\t\r\n\t\tSerenity\t<\/div>\r\n\t<\/div>\t\t\t<h1 class=\"title \">\r\n\r\n\t\t\r\n\t\t\t\t<span class=\"title-part1 \">\u062d\u0645\u0651\u0627\u0645 \u0627\u0644\u0639\u0627\u0626\u0644\u0629<\/span>\r\n\t\t\t\t\r\n\t\t\r\n\t<\/h1>\r\n\t<div class=\"title-seperator-line\"><\/div>\t\t\t\t\t\t<\/div>\r\n<\/div>\t\t\t\t<\/div>\n\t\t\t\t<\/div>\n\t\t\t\t\t<\/div>\n\t\t\t\t<\/div>\n\t\t<div class=\"elementor-element elementor-element-c777230 e-flex e-con-boxed tm-col-stretched-none tm-bg-color-over-image e-con e-parent\" data-id=\"c777230\" data-element_type=\"container\">\n\t\t\t\t\t<div class=\"e-con-inner\">\n\t\t\t\t<div class=\"elementor-element elementor-element-6e23d47e elementor-widget elementor-widget-image\" data-id=\"6e23d47e\" data-element_type=\"widget\" data-widget_type=\"image.default\">\n\t\t\t\t\t\t\t\t\t\t\t\t\t\t\t<img fetchpriority=\"high\" decoding=\"async\" width=\"1100\" height=\"550\" src=\"https:\/\/www.siahotel.com.tr\/ar\/wp-content\/uploads\/2025\/08\/WhatsApp-Image-2025-08-05-at-10.16.51-1100x550.jpeg\" class=\"attachment-hoteler_landscape size-hoteler_landscape wp-image-15811\" alt=\"Sia Hotel Aile Hamamlar\u0131\" \/>\t\t\t\t\t\t\t\t\t\t\t\t\t\t\t<\/div>\n\t\t\t\t\t<\/div>\n\t\t\t\t<\/div>\n\t\t<div class=\"elementor-element elementor-element-ce1f495 e-flex e-con-boxed tm-col-stretched-none tm-bg-color-over-image e-con e-parent\" data-id=\"ce1f495\" data-element_type=\"container\">\n\t\t\t\t\t<div class=\"e-con-inner\">\n\t\t\t\t<div class=\"elementor-element elementor-element-7250940 elementor-widget elementor-widget-spacer\" data-id=\"7250940\" data-element_type=\"widget\" data-widget_type=\"spacer.default\">\n\t\t\t\t\t\t\t<div class=\"elementor-spacer\">\n\t\t\t<div class=\"elementor-spacer-inner\"><\/div>\n\t\t<\/div>\n\t\t\t\t\t\t<\/div>\n\t\t\t\t\t<\/div>\n\t\t\t\t<\/div>\n\t\t<div class=\"elementor-element elementor-element-5d1f13c4 e-flex e-con-boxed tm-col-stretched-none tm-bg-color-over-image e-con e-parent\" data-id=\"5d1f13c4\" data-element_type=\"container\">\n\t\t\t\t\t<div class=\"e-con-inner\">\n\t\t\t\t<div class=\"elementor-element elementor-element-3c489239 elementor-widget__width-initial elementor-widget elementor-widget-text-editor\" data-id=\"3c489239\" data-element_type=\"widget\" data-widget_type=\"text-editor.default\">\n\t\t\t\t\t\t\t\t\t<hr data-start=\"117\" data-end=\"120\" \/><p data-start=\"122\" data-end=\"183\" style=\"text-align: right;\"><strong data-start=\"122\" data-end=\"183\">\u062d\u064a\u062b \u064a\u0644\u062a\u0642\u064a \u0627\u0644\u062e\u0635\u0648\u0635\u064a\u0629 \u0627\u0644\u062d\u0631\u0627\u0631\u064a\u0629 \u0628\u0627\u0644\u0631\u0627\u062d\u0629 \u0627\u0644\u0628\u0643\u0631 \u0627\u0644\u0645\u062e\u0635\u0635\u0629 \u0644\u0643 \u0648\u062d\u062f\u0643<\/strong><\/p><p data-start=\"185\" data-end=\"464\" style=\"text-align: right;\">\u0641\u064a \u0639\u0627\u0644\u0645 \u0627\u0644\u064a\u0648\u0645\u060c \u0623\u0635\u0628\u062d\u062a \u0644\u062d\u0638\u0627\u062a \u0627\u0644\u062c\u0648\u062f\u0629 \u0645\u0639 \u0623\u062d\u0628\u0627\u0626\u0643 \u0646\u0641\u064a\u0633\u0629 \u062c\u062f\u064b\u0627 \u0627\u0633\u062a\u062b\u0645\u0627\u0631 \u0647\u0630\u0627 \u0627\u0644\u0648\u0642\u062a \u0628\u0627\u0644\u0627\u0633\u062a\u0631\u062e\u0627\u0621 \u0648\u0627\u0644\u0627\u0631\u062a\u0642\u0627\u0621 \u0628\u0635\u062d\u062a\u0643 \u0647\u0648 \u062d\u0642\u064b\u0627 \u0627\u0645\u062a\u064a\u0627\u0632 \u0646\u0627\u062f\u0631\u00a0<\/p><p data-start=\"185\" data-end=\"464\" style=\"text-align: right;\">\u00a0\u0646\u064f\u0642\u062f\u0651\u0645 \u0644\u0643\u0645 \u062d\u0645\u0627\u0645\u0627\u062a \u0639\u0627\u0626\u0644\u064a\u0629 \u0641\u0627\u062e\u0631\u0629 \u062a\u0645\u0632\u062c \u0628\u064a\u0646 \u0627\u0644\u062b\u0642\u0627\u0641\u0629 \u0627\u0644\u062a\u0642\u0644\u064a\u062f\u064a\u0629 \u0644\u0644\u062d\u0645\u0627\u0645 \u0627\u0644\u062a\u0631\u0643\u064a \u0648\u0627\u0644\u0645\u064a\u0627\u0647 \u0627\u0644\u062d\u0631\u0627\u0631\u064a\u0629 \u0641\u064a \u062a\u062c\u0631\u0628\u0629 \u0645\u0645\u064a\u0632\u0629 \u0644\u0627 \u0645\u062b\u064a\u0644 \u0644\u0647\u0627 \u0646\u064f\u0642\u062f\u0651\u0645 \u062e\u064a\u0627\u0631\u064a\u0646 \u0645\u0635\u0645\u0651\u0645\u064a\u0646 \u0628\u0639\u0646\u0627\u064a\u0629 \u0644\u064a\u064f\u0644\u0628\u064a \u062e\u0635\u0648\u0635\u064a\u062a\u0643\u0645 \u0648\u0631\u0627\u062d\u062a\u0643\u0645<\/p><p data-start=\"521\" data-end=\"785\" style=\"text-align: right;\"><strong data-start=\"523\" data-end=\"547\">\u062d\u0645\u0627\u0645 \u0627\u0644\u0639\u0627\u0626\u0644\u0629 \u0627\u0644\u0642\u064a\u0627\u0633\u064a\u00a0<\/strong><span data-start=\"667\" data-end=\"687\" style=\"font-weight: bold; color: #333333; margin-bottom: 0px;\">VIP<\/span>\u00a0<\/p><p data-start=\"521\" data-end=\"785\" style=\"text-align: right;\">\u0645\u0631\u0641\u0642 \u0645\u0631\u064a\u062d \u0628\u0645\u0633\u0628\u062d \u062d\u0631\u0627\u0631\u064a \u062e\u0627\u0635 \u0628\u0623\u0628\u0639\u0627\u062f 3\u00d73\u00a0<\/p><p data-start=\"521\" data-end=\"785\" style=\"text-align: right;\">\u0648\u0639\u0645\u0642 1.40\u0645\u060c \u0645\u0639 \u062d\u0648\u0636\u064a\u0646 \u062d\u062c\u0631\u064a\u064a\u0646 \u060c \u062d\u062c\u0631 \u0627\u0644\u062c\u0644\u0633\u0629 (\u062d\u062c\u0631 \u0627\u0644\u0628\u0637\u0646)\u060c \u0645\u0646\u0637\u0642\u0629 \u0627\u0633\u062a\u0631\u062e\u0627\u0621 \u0648\u0633\u0631\u064a\u0631 \u0645\u0633\u0627\u062c<\/p><p data-start=\"521\" data-end=\"785\" style=\"text-align: right;\">\u00a0\u062a\u062c\u0631\u0628\u0629 \u0641\u0627\u062e\u0631\u0629 \u0623\u0643\u062b\u0631 \u0645\u0639 \u0645\u0633\u0628\u062d \u062d\u0631\u0627\u0631\u064a \u0623\u0648\u0633\u0639 (4\u00d74\u202f\u0645) \u060c \u0645\u0646\u0637\u0642\u0629 \u0627\u0633\u062a\u0631\u062e\u0627\u0621 \u0623\u0643\u0628\u0631\u060c \u0633\u0631\u064a\u0631\u064a \u0645\u0633\u0627\u062c \u0648\u0633\u0627\u0648\u0646\u0627 \u062e\u0627\u0635\u0629<\/p><p data-start=\"787\" data-end=\"894\" style=\"text-align: right;\">\u0643\u0644\u0627 \u0627\u0644\u062d\u0645\u0627\u0645\u064a\u0646 \u064a\u064f\u062a\u0627\u062d\u0627\u0646 \u0628\u0627\u0644\u062d\u062c\u0632 \u062d\u0633\u0628 \u0627\u0644\u0633\u0627\u0639\u0629\u060c \u0648\u064a\u062a\u0645 \u0627\u0644\u062a\u0639\u0642\u064a\u0645 \u0648\u0627\u0644\u062a\u0646\u0638\u064a\u0641 \u0628\u0639\u062f \u0643\u0644 \u0627\u0633\u062a\u062e\u062f\u0627\u0645 \u0644\u0636\u0645\u0627\u0646 \u0628\u064a\u0626\u0629 \u0646\u0638\u064a\u0641\u0629 \u0648\u062e\u0627\u0635\u0629 \u0628\u0627\u0644\u0643\u0627\u0645\u0644<\/p><p data-start=\"896\" data-end=\"1097\" style=\"text-align: right;\">\u062a\u062d\u062a\u0648\u064a \u0627\u0644\u062d\u0645\u0627\u0645\u0627\u062a \u0639\u0644\u0649 \u0645\u0646\u0637\u0642\u0629 \u062a\u0647\u064a\u0626\u0629 (\u0645\u0646\u0637\u0642\u0629 \u0627\u0644\u062d\u0631\u0627\u0631\u0629 \u0627\u0644\u0645\u0639\u062a\u062f\u0644\u0629) \u062a\u0633\u0627\u0639\u062f \u0639\u0644\u0649 \u062a\u0647\u064a\u0626\u0629 \u0627\u0644\u062c\u0633\u0645 \u062a\u062f\u0631\u064a\u062c\u064a\u064b\u0627 \u0644\u062d\u0631\u0627\u0631\u0629 \u0627\u0644\u0645\u064a\u0627\u0647\u060c \u0648\u0647\u064a \u0645\u062b\u0627\u0644\u064a\u0629 \u0644\u0644\u0639\u0627\u0626\u0644\u0627\u062a \u0645\u0639 \u0627\u0644\u0623\u0637\u0641\u0627\u0644 \u0648\u0643\u0628\u0627\u0631 \u0627\u0644\u0633\u0646<\/p><p data-start=\"896\" data-end=\"1097\" style=\"text-align: right;\">\u0627\u0644\u0628\u062e\u0627\u0631 \u0627\u0644\u062e\u0641\u064a\u0641 \u0648\u0627\u0644\u062a\u0648\u0627\u0632\u0646 \u0641\u064a \u0627\u0644\u0631\u0637\u0648\u0628\u0629 \u064a\u0648\u0641\u0631\u0627\u0646 \u0631\u0627\u062d\u0629 \u0644\u0644\u062c\u0633\u062f \u0648\u0627\u0644\u0630\u0647\u0646 \u0639\u0644\u0649 \u062d\u062f \u0633\u0648\u0627\u0621<\/p><p data-start=\"896\" data-end=\"1097\" style=\"text-align: right;\">\u0636\u064a\u0648\u0641\u0646\u0627 \u064a\u0635\u0641\u0648\u0646 \u0647\u0630\u0647 \u0627\u0644\u0645\u0646\u0637\u0642\u0629 \u063a\u0627\u0644\u0628\u064b\u0627 \u0628\u0623\u0646\u0647\u0627 (\u0623\u0643\u062b\u0631 \u062a\u062c\u0631\u0628\u0629 \u062e\u0627\u0635\u0629 \u0639\u0627\u0634\u0648\u0647)<\/p><p data-start=\"1099\" data-end=\"1313\" style=\"text-align: right;\">\u0645\u0646 \u064a\u062d\u062a\u0641\u0644 \u0628\u0639\u064a\u062f \u0645\u064a\u0644\u0627\u062f \u0623\u0648 \u0630\u0643\u0631\u0649 \u062e\u0627\u0635\u0629\u060c \u0623\u0648 \u064a\u0642\u0636\u064a \u0648\u0642\u062a\u064b\u0627 \u0645\u0645\u062a\u0639\u064b\u0627 \u0645\u0639 \u0623\u0628\u0646\u0627\u0626\u0647\u060c \u0623\u0648 \u064a\u0633\u062a\u0645\u062a\u0639 \u0628\u064a\u0648\u0645 \u0647\u0627\u062f\u0626 \u0645\u0639 \u0627\u0644\u0623\u0635\u062f\u0642\u0627\u0621\u2026 \u0627\u0644\u062c\u0645\u064a\u0639 \u064a\u062d\u0648\u0651\u0644\u0648\u0646 \u0647\u0630\u0647 \u0627\u0644\u0644\u062d\u0638\u0627\u062a \u0625\u0644\u0649 \u0630\u0643\u0631\u064a\u0627\u062a \u0644\u0627 \u062a\u064f\u0646\u0633\u0649<\/p><p data-start=\"1315\" data-end=\"1443\" style=\"text-align: right;\">\u0646\u0638\u0631\u064b\u0627 \u0644\u0644\u0625\u0642\u0628\u0627\u0644 \u0627\u0644\u0639\u0627\u0644\u064a \u062e\u0644\u0627\u0644 \u0639\u0637\u0644\u0627\u062a \u0646\u0647\u0627\u064a\u0629 \u0627\u0644\u0623\u0633\u0628\u0648\u0639 \u0648\u0627\u0644\u0645\u0648\u0627\u0633\u0645\u060c \u0646\u064f\u0648\u0635\u064a \u0628\u0627\u0644\u062d\u062c\u0632 \u0627\u0644\u0645\u0633\u0628\u0642 \u0644\u0636\u0645\u0627\u0646 \u0645\u0642\u0639\u062f\u0643\u0645 \u0641\u064a \u0647\u0630\u0647 \u0627\u0644\u062a\u062c\u0631\u0628\u0629 \u0627\u0644\u0645\u0641\u0639\u0645\u0629 \u0628\u0627\u0644\u0647\u062f\u0648\u0621 \u0648\u0627\u0644\u0639\u0646\u0627\u064a\u0629<\/p>\t\t\t\t\t\t\t\t<\/div>\n\t\t\t\t\t<\/div>\n\t\t\t\t<\/div>\n\t\t<div class=\"elementor-element elementor-element-2ef4b1f e-flex e-con-boxed tm-col-stretched-none tm-bg-color-over-image e-con e-parent\" data-id=\"2ef4b1f\" data-element_type=\"container\">\n\t\t\t\t\t<div class=\"e-con-inner\">\n\t\t\t\t<div class=\"elementor-element elementor-element-ed76442 elementor-widget elementor-widget-spacer\" data-id=\"ed76442\" data-element_type=\"widget\" data-widget_type=\"spacer.default\">\n\t\t\t\t\t\t\t<div class=\"elementor-spacer\">\n\t\t\t<div class=\"elementor-spacer-inner\"><\/div>\n\t\t<\/div>\n\t\t\t\t\t\t<\/div>\n\t\t\t\t\t<\/div>\n\t\t\t\t<\/div>\n\t\t<div class=\"elementor-element elementor-element-9f3dc91 e-flex e-con-boxed tm-col-stretched-none tm-bg-color-over-image e-con e-parent\" data-id=\"9f3dc91\" data-element_type=\"container\" data-settings=\"{&quot;background_background&quot;:&quot;classic&quot;}\">\n\t\t\t\t\t<div class=\"e-con-inner\">\n\t\t<div class=\"elementor-element elementor-element-a515c8c e-con-full e-flex tm-col-stretched-none tm-bg-color-over-image e-con e-child\" data-id=\"a515c8c\" data-element_type=\"container\" data-settings=\"{&quot;background_background&quot;:&quot;classic&quot;}\">\n\t\t<div class=\"elementor-element elementor-element-8ed4d8e e-con-full e-flex tm-col-stretched-none tm-bg-color-over-image e-con e-child\" data-id=\"8ed4d8e\" data-element_type=\"container\">\n\t\t\t\t<div class=\"elementor-element elementor-element-2706ea1 elementor-widget elementor-widget-heading\" data-id=\"2706ea1\" data-element_type=\"widget\" data-widget_type=\"heading.default\">\n\t\t\t\t\t<h3 class=\"elementor-heading-title elementor-size-default\"><a href=\"tel:+902243240202\"><u>\u0644\u0644\u0645\u0632\u064a\u062f \u0645\u0646 \u0627\u0644\u0645\u0639\u0644\u0648\u0645\u0627\u062a\u060c \u0627\u062a\u0635\u0644 \u0628\u0646\u0627<\/u><\/a><\/h3>\t\t\t\t<\/div>\n\t\t\t\t<div class=\"elementor-element elementor-element-9313ee7 elementor-widget elementor-widget-tm-ele-social-links\" data-id=\"9313ee7\" data-element_type=\"widget\" data-widget_type=\"tm-ele-social-links.default\">\n\t\t\t\t<div class=\"elementor-widget-container\">\n\t\t\t\t\t<ul class=\"tm-sc-social-links links-outlined\">\r\n\r\n\t\t\t<li><a class=\"social-link\" aria-label=\"Social Link\" href=\"https:\/\/www.facebook.com\/siahotelthermalspa\" target=\"_self\"><i class=\"fa fa-facebook\"><\/i><\/a><\/li>\r\n\t\t\r\n\t\t<li><a class=\"social-link\" aria-label=\"Social Link\" href=\"https:\/\/www.linkedin.com\/company\/sia-hotel-thermal-spa\/\" target=\"_self\"><i class=\"fa fa-linkedin\"><\/i><\/a><\/li>\r\n\t\t\t<li><a class=\"social-link\" aria-label=\"Social Link\" href=\"https:\/\/www.instagram.com\/siahotelthermalspa\" target=\"_self\"><i class=\"fa fa-instagram\"><\/i><\/a><\/li>\r\n\t\t\r\n\t\t\t<\/ul>\t\t\t\t<\/div>\n\t\t\t\t<\/div>\n\t\t\t\t<\/div>\n\t\t\t\t<\/div>\n\t\t\t\t\t<\/div>\n\t\t\t\t<\/div>\n\t\t<div class=\"elementor-element elementor-element-3b8a2e29 e-flex e-con-boxed tm-col-stretched-none tm-bg-color-over-image e-con e-parent\" data-id=\"3b8a2e29\" data-element_type=\"container\">\n\t\t\t\t\t<div class=\"e-con-inner\">\n\t\t<div class=\"elementor-element elementor-element-753a4e8f e-con-full tm-col-stretched-none e-flex tm-bg-color-over-image e-con e-child\" data-id=\"753a4e8f\" data-element_type=\"container\">\n\t\t\t\t<div class=\"elementor-element elementor-element-68973732 elementor-widget elementor-widget-shortcode\" data-id=\"68973732\" data-element_type=\"widget\" data-widget_type=\"shortcode.default\">\n\t\t\t\t\t\t\t<div class=\"elementor-shortcode\">\t\t<div id=\"sbi_mod_error\" >\n\t\t\t<span>Bu hata mesaj\u0131n\u0131 yaln\u0131zca WordPress y\u00f6neticileri g\u00f6rebilir<\/span><br\/>\n\t\t\t<p><strong>Hata: 1 kimli\u011fine sahip hi\u00e7bir ak\u0131\u015f bulunamad\u0131.<\/strong>\n\t\t\t<p>Bir ak\u0131\u015f olu\u015fturmak i\u00e7in l\u00fctfen Instagram Ak\u0131\u015f\u0131 ayarlar sayfas\u0131na gidin.<\/p>\n\t\t<\/div>\n\t\t<\/div>\n\t\t\t\t\t\t<\/div>\n\t\t\t\t<\/div>\n\t\t\t\t\t<\/div>\n\t\t\t\t<\/div>\n\t\t\t\t<\/div>\n\t\t","protected":false},"excerpt":{"rendered":"<p>Serenity \u062d\u0645\u0651\u0627\u0645 \u0627\u0644\u0639\u0627\u0626\u0644\u0629 \u062d\u064a\u062b \u064a\u0644\u062a\u0642\u064a \u0627\u0644\u062e\u0635\u0648\u0635\u064a\u0629 \u0627\u0644\u062d\u0631\u0627\u0631\u064a\u0629 \u0628\u0627\u0644\u0631\u0627\u062d\u0629 \u0627\u0644\u0628\u0643\u0631 \u0627\u0644\u0645\u062e\u0635\u0635\u0629 \u0644\u0643 \u0648\u062d\u062f\u0643 \u0641\u064a \u0639\u0627\u0644\u0645 \u0627\u0644\u064a\u0648\u0645\u060c \u0623\u0635\u0628\u062d\u062a \u0644\u062d\u0638\u0627\u062a \u0627\u0644\u062c\u0648\u062f\u0629 \u0645\u0639 \u0623\u062d\u0628\u0627\u0626\u0643&#8230;<\/p>\n","protected":false},"author":1,"featured_media":0,"parent":0,"menu_order":0,"comment_status":"closed","ping_status":"closed","template":"","meta":{"_monsterinsights_skip_tracking":false,"_monsterinsights_sitenote_active":false,"_monsterinsights_sitenote_note":"","_monsterinsights_sitenote_category":0,"footnotes":""},"class_list":["post-15144","page","type-page","status-publish","hentry"],"aioseo_notices":[],"_links":{"self":[{"href":"https:\/\/www.siahotel.com.tr\/ar\/wp-json\/wp\/v2\/pages\/15144","targetHints":{"allow":["GET"]}}],"collection":[{"href":"https:\/\/www.siahotel.com.tr\/ar\/wp-json\/wp\/v2\/pages"}],"about":[{"href":"https:\/\/www.siahotel.com.tr\/ar\/wp-json\/wp\/v2\/types\/page"}],"author":[{"embeddable":true,"href":"https:\/\/www.siahotel.com.tr\/ar\/wp-json\/wp\/v2\/users\/1"}],"replies":[{"embeddable":true,"href":"https:\/\/www.siahotel.com.tr\/ar\/wp-json\/wp\/v2\/comments?post=15144"}],"version-history":[{"count":71,"href":"https:\/\/www.siahotel.com.tr\/ar\/wp-json\/wp\/v2\/pages\/15144\/revisions"}],"predecessor-version":[{"id":18352,"href":"https:\/\/www.siahotel.com.tr\/ar\/wp-json\/wp\/v2\/pages\/15144\/revisions\/18352"}],"wp:attachment":[{"href":"https:\/\/www.siahotel.com.tr\/ar\/wp-json\/wp\/v2\/media?parent=15144"}],"curies":[{"name":"wp","href":"https:\/\/api.w.org\/{rel}","templated":true}]}}