{"id":15139,"date":"2025-08-01T13:26:50","date_gmt":"2025-08-01T13:26:50","guid":{"rendered":"https:\/\/www.siahotel.com.tr\/ar\/?page_id=15139"},"modified":"2025-09-04T14:27:51","modified_gmt":"2025-09-04T14:27:51","slug":"termal-havuz","status":"publish","type":"page","link":"https:\/\/www.siahotel.com.tr\/ar\/termal-havuz\/","title":{"rendered":"Termal Havuz"},"content":{"rendered":"\t\t<div data-elementor-type=\"wp-page\" data-elementor-id=\"15139\" class=\"elementor elementor-15139\">\n\t\t\t\t<div class=\"elementor-element elementor-element-7118ef2f e-flex e-con-boxed tm-col-stretched-none tm-bg-color-over-image e-con e-parent\" data-id=\"7118ef2f\" data-element_type=\"container\">\n\t\t\t\t\t<div class=\"e-con-inner\">\n\t\t\t\t<div class=\"elementor-element elementor-element-3714344f elementor-widget elementor-widget-spacer\" data-id=\"3714344f\" data-element_type=\"widget\" data-widget_type=\"spacer.default\">\n\t\t\t\t\t\t\t<div class=\"elementor-spacer\">\n\t\t\t<div class=\"elementor-spacer-inner\"><\/div>\n\t\t<\/div>\n\t\t\t\t\t\t<\/div>\n\t\t\t\t\t<\/div>\n\t\t\t\t<\/div>\n\t\t<div class=\"elementor-element elementor-element-55abcd2a e-flex e-con-boxed tm-col-stretched-none tm-bg-color-over-image e-con e-parent\" data-id=\"55abcd2a\" data-element_type=\"container\">\n\t\t\t\t\t<div class=\"e-con-inner\">\n\t\t\t\t<div class=\"elementor-element elementor-element-778c2658 horizontal-line-align-left vertical-line-align-bottom elementor-widget elementor-widget-tm-ele-section-title\" data-id=\"778c2658\" data-element_type=\"widget\" data-widget_type=\"tm-ele-section-title.default\">\n\t\t\t\t<div class=\"elementor-widget-container\">\n\t\t\t\t\t<div class=\"tm-sc-section-title section-title line-left-current-theme \">\r\n\t<div class=\"title-wrapper\">\r\n\t\t\t\t\r\n\r\n<div class=\"sub-title-outer\">\r\n\t\t<div class=\"subtitle \">\r\n\r\n\t\t\r\n\t\tSEREN\u0130TY\t<\/div>\r\n\t<\/div>\t\t\t<h1 class=\"title \">\r\n\r\n\t\t\r\n\t\t\t\t<span class=\"title-part1 \">\u0627\u0644\u0645\u0633\u0628\u062d \u0627\u0644\u062d\u0631\u0627\u0631\u064a<\/span>\r\n\t\t\t\t\r\n\t\t\r\n\t<\/h1>\r\n\t<div class=\"title-seperator-line\"><\/div>\t\t\t\t\t\t<\/div>\r\n<\/div>\t\t\t\t<\/div>\n\t\t\t\t<\/div>\n\t\t\t\t\t<\/div>\n\t\t\t\t<\/div>\n\t\t<div class=\"elementor-element elementor-element-752ce03c e-flex e-con-boxed tm-col-stretched-none tm-bg-color-over-image e-con e-parent\" data-id=\"752ce03c\" data-element_type=\"container\">\n\t\t\t\t\t<div class=\"e-con-inner\">\n\t\t\t\t<div class=\"elementor-element elementor-element-69ebec5a elementor-widget elementor-widget-image\" data-id=\"69ebec5a\" data-element_type=\"widget\" data-widget_type=\"image.default\">\n\t\t\t\t\t\t\t\t\t\t\t\t\t\t\t<img fetchpriority=\"high\" decoding=\"async\" width=\"1100\" height=\"550\" src=\"https:\/\/www.siahotel.com.tr\/ar\/wp-content\/uploads\/2025\/08\/WhatsApp-Image-2025-08-05-at-10.15.12-1100x550.jpeg\" class=\"attachment-hoteler_landscape size-hoteler_landscape wp-image-15866\" alt=\"Sia Hotel Termal Havuz\" \/>\t\t\t\t\t\t\t\t\t\t\t\t\t\t\t<\/div>\n\t\t\t\t\t<\/div>\n\t\t\t\t<\/div>\n\t\t<div class=\"elementor-element elementor-element-d0cdf65 e-flex e-con-boxed tm-col-stretched-none tm-bg-color-over-image e-con e-parent\" data-id=\"d0cdf65\" data-element_type=\"container\">\n\t\t\t\t\t<div class=\"e-con-inner\">\n\t\t\t\t<div class=\"elementor-element elementor-element-c72ec5f elementor-widget elementor-widget-spacer\" data-id=\"c72ec5f\" data-element_type=\"widget\" data-widget_type=\"spacer.default\">\n\t\t\t\t\t\t\t<div class=\"elementor-spacer\">\n\t\t\t<div class=\"elementor-spacer-inner\"><\/div>\n\t\t<\/div>\n\t\t\t\t\t\t<\/div>\n\t\t\t\t\t<\/div>\n\t\t\t\t<\/div>\n\t\t<div class=\"elementor-element elementor-element-74a95148 e-flex e-con-boxed tm-col-stretched-none tm-bg-color-over-image e-con e-parent\" data-id=\"74a95148\" data-element_type=\"container\">\n\t\t\t\t\t<div class=\"e-con-inner\">\n\t\t\t\t<div class=\"elementor-element elementor-element-6800fee7 elementor-widget elementor-widget-text-editor\" data-id=\"6800fee7\" data-element_type=\"widget\" data-widget_type=\"text-editor.default\">\n\t\t\t\t\t\t\t\t\t<hr data-start=\"100\" data-end=\"103\" \/><p data-start=\"105\" data-end=\"164\" style=\"text-align: right;\"><strong data-start=\"105\" data-end=\"164\">\u0635\u0641\u0627\u0621 \u0627\u0644\u062d\u0631\u0627\u0631\u064a : \u0645\u0633\u0628\u062d \u0637\u0628\u064a\u0639\u064a \u0645\u0641\u0639\u0645 \u0628\u0639\u0644\u0627\u062c \u0627\u0644\u0637\u0628\u064a\u0639\u0629<\/strong><\/p><p data-start=\"166\" data-end=\"457\" style=\"text-align: right;\">\u0625\u0633\u0643\u0627\u062a \u0630\u0647\u0646\u0643 \u0648\u062a\u062e\u0641\u064a\u0641 \u062a\u0648\u062a\u0651\u0631 \u0639\u0636\u0644\u0627\u062a\u0643 \u0648\u062e\u0644\u0642 \u0644\u062d\u0638\u0629 \u062e\u0627\u0635\u0629 \u0644\u0643 \u0644\u064a\u0633 \u0628\u0627\u0644\u0623\u0645\u0631 \u0627\u0644\u0633\u0651\u0647\u0644 \u0641\u064a \u0638\u0644 \u0648\u0636\u0652\u0639 \u0627\u0644\u062d\u064a\u0627\u0629 \u0627\u0644\u0639\u0635\u0631\u064a \u0644\u0643\u0646\u0651 \u0633\u0631\u0651 \u0627\u0644\u0637\u0628\u064a\u0639\u0629 \u0627\u0644\u0630\u064a \u0627\u062d\u062a\u0641\u0638\u062a \u0628\u0647 \u0644\u0622\u0644\u0627\u0641 \u0627\u0644\u0633\u0651\u0646\u064a\u0646 \u0647\u0648 \u0623\u0646\u0651 \u0627\u0644\u0634\u0641\u0627\u0621 \u064a\u0646\u0628\u0639 \u0645\u0646 \u0623\u0639\u0645\u0627\u0642 \u0627\u0644\u0623\u0631\u0636 \u0641\u064a \u0642\u0644\u0628 \u0628\u0648\u0631\u0635\u0629\u060c<strong data-start=\"361\" data-end=\"397\">, <\/strong>\u0647\u0630\u0627 \u0627\u0644\u0633\u0631 \u0644\u064a\u0633 \u0641\u0642\u0637 \u0643\u062d\u0645\u0651\u0627\u0645 \u0633\u0627\u062e\u0646 \u0628\u0644 \u0643\u0637\u0642\u0633 \u0635\u062d\u064a \u0642\u0627\u0626\u0645 \u0639\u0644\u0649 \u0623\u0633\u0633 \u0639\u0644\u0645\u064a\u0629<\/p><p data-start=\"459\" data-end=\"713\" style=\"text-align: right;\">\u0645\u0633\u0628\u062d \u0627\u0644\u062d\u0631\u0627\u0631\u064a \u064a\u062d\u062a\u0648\u064a \u0639\u0644\u0649 \u0645\u0627\u0621 \u062d\u0631\u0627\u0631\u064a \u0637\u0628\u064a\u0639\u064a \u0628\u0646\u0633\u0628\u0629 100\u202f% \u063a\u0646\u064a \u0628\u0627\u0644\u062d\u062f\u064a\u062f \u0648\u063a\u064a\u0631 \u0645\u0639\u0627\u0644\u062c\u060c \u0628\u062f\u0631\u062c\u0629 \u062d\u0631\u0627\u0631\u0629 \u062a\u062a\u0631\u0627\u0648\u062d \u0628\u064a\u0646 38\u201340\u202f\u0647\u0630\u0627 \u0627\u0644\u0645\u0627\u0621 \u064a\u062a\u0645 \u0636\u062e\u0647\u0627 \u0645\u0628\u0627\u0634\u0631\u0629 \u0645\u0646 \u0646\u0628\u0639 \u0628 \u0631\u062c-1\u00a0 \u0641\u064a \u0645\u0646\u0637\u0642\u0629 \u062c\u0643\u0631\u0643\u0627 \u0625\u0644\u0649 \u0627\u0644\u0641\u0646\u062f\u0642 \u0639\u0628\u0631 \u062e\u0637\u0651 \u062d\u0635\u0631\u064a \u0628\u0648\u062c\u0648\u062f\u0643 \u0641\u064a \u0627\u0644\u0645\u0633\u0628\u062d\u060c \u062a\u0635\u0628\u062d \u062c\u0632\u0621\u064b\u0627 \u0645\u0646 \u062a\u0642\u0644\u064a\u062f \u0635\u062d\u064a \u0639\u0645\u0631\u0647 \u0622\u0644\u0627\u0641 \u0627\u0644\u0633\u0651\u0646\u064a\u0646<\/p><p data-start=\"715\" data-end=\"771\" style=\"text-align: right;\"><strong data-start=\"715\" data-end=\"771\">\u0634\u0641\u0627\u0621 \u0645\u064a\u0627\u0647 \u0627\u0644\u0645\u0633\u0628\u062d \u0627\u0644\u062d\u0631\u0627\u0631\u064a: \u0644\u064a\u0633\u062a \u0644\u0644\u0631\u0627\u062d\u0629 \u0641\u062d\u0633\u0628 \u0628\u0644 \u0644\u0644\u0639\u0644\u0627\u062c<\/strong><\/p><article dir=\"auto\" data-turn-id=\"request-WEB:8643806c-9a81-459e-b8f0-5a82ad20a3bb-92\" data-testid=\"conversation-turn-186\" data-scroll-anchor=\"true\" data-turn=\"assistant\" tabindex=\"-1\"><div><div tabindex=\"-1\"><div><div data-message-author-role=\"assistant\" data-message-id=\"a54d404d-bf52-4d3c-a9da-3afecf2549bd\" dir=\"auto\" data-message-model-slug=\"gpt-4o\"><div><div><p data-start=\"39\" data-end=\"57\" data-is-last-node=\"\" data-is-only-node=\"\">\u00a0\u0645\u064a\u0627\u0647\u0646\u0627 \u0644\u064a\u0633\u062a \u0645\u0646\u0628\u0639\u064b\u0627 \u0639\u0627\u0628\u0631\u064b\u0627 \u0628\u0644 \u062a\u064f\u0639\u062f\u0651 \u0639\u0644\u0645\u064a\u064b\u0627 \u0645\u0635\u062f\u0631\u064b\u0627 \u063a\u0646\u064a \u0628\u0627\u0644\u0628\u064a\u0643\u0631\u0628\u0648\u0646\u0627\u062a \u060c \u0648\u0639\u0627\u0644\u064a \u0627\u0644\u0633\u0644\u064a\u0643\u0627\u062a\u060c \u0644\u0637\u064a\u0641\u064b\u0627 \u0639\u0644\u0649 \u0627\u0644\u0628\u0634\u0631\u0629\u060c \u0648\u0645\u062b\u0628\u0651\u062a\u064b\u0627 \u0627\u0633\u062a\u0641\u0627\u062f\u0627\u062a\u0647 \u0644\u0644\u062c\u0647\u0627\u0632 \u0627\u0644\u0639\u0636\u0644\u064a \u0627\u0644\u0647\u064a\u0643\u0644\u064a<\/p><p data-start=\"39\" data-end=\"57\" data-is-last-node=\"\" data-is-only-node=\"\">\u0627\u0644\u0628\u064a\u0643\u0631\u0628\u0648\u0646\u0627\u062a \u0628\u062a\u0631\u0643\u064a\u0632 301 \u0645\u0644\u063a\/\u0644\u062a\u0631 \u062a\u064f\u0646\u0639\u0651\u0645 \u0627\u0644\u0628\u0634\u0631\u0629 \u0648\u062a\u0633\u0627\u0639\u062f \u0641\u064a \u062a\u062e\u0641\u064a\u0641 \u0622\u0644\u0627\u0645 \u0627\u0644\u0639\u0636\u0644\u0627\u062a.<\/p><\/div><\/div><\/div><\/div><\/div><\/div><\/article><p data-start=\"926\" data-end=\"1276\" style=\"text-align: right;\">\u062d\u0645\u0636 \u0627\u0644\u0633\u064a\u0644\u064a\u0643\u0627\u062a 51.74\u202f\u0645\u0644\u063a\/\u0644\u062a\u0631 \u064a\u062c\u062f\u062f \u0627\u0644\u0628\u0634\u0631\u0629 \u0648\u0644\u0647 \u062e\u0635\u0627\u0626\u0635 \u0645\u0631\u0637\u0628\u0629 \u0648\u0645\u0636\u0627\u062f\u0629 \u0644\u0644\u062a\u0642\u062f\u0651\u0645 \u0628\u0627\u0644\u0639\u0645\u0631<br data-start=\"1058\" data-end=\"1061\" \/>\u0627\u0644\u0645\u063a\u0646\u064a\u0633\u064a\u0648\u0645 \u0648\u0627\u0644\u0643\u0627\u0644\u0633\u064a\u0648\u0645 \u064a\u0633\u0627\u0639\u062f\u0627\u0646 \u0639\u0644\u0649 \u0627\u0633\u062a\u0631\u062e\u0627\u0621 \u0627\u0644\u0639\u0636\u0644\u0627\u062a \u0648\u064a\u062d\u0633\u0651\u0646\u0627\u0646 \u0645\u0631\u0648\u0646\u0629 \u0627\u0644\u0645\u0641\u0627\u0635\u0644<br data-start=\"1135\" data-end=\"1138\" \/>\u0646\u0633\u0628\u0629 \u0627\u0644\u0643\u0644\u0648\u0631\u064a\u062f \u0645\u0646\u062e\u0641\u0636\u0629 \u062c\u062f\u064b\u0627 \u0648\u0644\u0637\u064a\u0641\u0629 \u0639\u0644\u0649 \u0627\u0644\u0628\u0634\u0631\u0629 \u0648\u0644\u0627 \u062a\u0633\u0628\u0651\u0628 \u062a\u0647\u064a\u0651\u062c\u064b\u0627<br data-start=\"1201\" data-end=\"1204\" \/>\u0627\u0644\u0631\u0642\u0645 \u0627\u0644\u0647\u064a\u062f\u0631\u0648\u062c\u064a\u0646\u064a\u00a0 \u064a\u0628\u0644\u063a\u202f7,57\u060c \u0645\u062a\u0648\u0627\u0641\u0642 \u0645\u0639 \u0627\u0644\u0628\u0634\u0631\u0629 \u0648\u0630\u064a \u0637\u0628\u064a\u0639\u0629 \u0642\u0644\u0648\u064a\u0629 \u062e\u0641\u064a\u0641\u0629<\/p><p data-start=\"1278\" data-end=\"1378\" style=\"text-align: right;\">\u0628\u0641\u0636\u0644 \u0647\u0630\u0627 \u0627\u0644\u062a\u0643\u0648\u0651\u0646 \u0627\u0644\u0645\u0639\u062f\u0646\u064a\u060c \u064a\u0635\u0628\u062d \u0627\u0644\u0645\u0633\u0628\u062d \u0627\u0644\u062d\u0631\u0627\u0631\u064a \u0623\u0643\u062b\u0631 \u0645\u0646 \u0645\u062c\u0631\u062f \u0645\u0643\u0627\u0646 \u0644\u0644\u0631\u0627\u062d\u0629 \u0628\u0644 \u0635\u0627\u0631\u062a \u0623\u062f\u0627\u0629 \u062f\u0639\u0645 \u0639\u0644\u0627\u062c\u064a \u062d\u0642\u064a\u0642\u064a\u0629<\/p><p data-start=\"1380\" data-end=\"1401\" style=\"text-align: right;\"><strong data-start=\"1380\" data-end=\"1401\">\u0641\u064a \u0623\u064a \u062d\u0627\u0644\u0627\u062a \u0645\u0641\u064a\u062f\u061f<\/strong><\/p><p data-start=\"1403\" data-end=\"1761\" style=\"text-align: right;\">\u064a\u0633\u062a\u062e\u062f\u0645 \u0645\u0633\u0628\u062d\u0646\u0627 \u0627\u0644\u062d\u0631\u0627\u0631\u064a \u0643\u0639\u0644\u0627\u062c \u0645\u0633\u0627\u0639\u062f \u0641\u064a \u062d\u0627\u0644\u0627\u062a \u0645\u062b\u0644\u00a0<br data-start=\"1450\" data-end=\"1453\" \/>\u0627\u0644\u062a\u0643\u0644\u0651\u0633 \u0627\u0644\u0645\u0641\u0635\u0644\u064a<br data-start=\"1470\" data-end=\"1473\" \/>\u00a0\u0644\u0641\u064a\u0628\u0631\u0648\u0645\u064a\u0627\u0644\u063a\u064a\u0627 (\u0645\u062a\u0644\u0627\u0632\u0645\u0629 \u0627\u0644\u0623\u0644\u0645 \u0627\u0644\u0639\u0636\u0644\u064a \u0627\u0644\u0644\u064a\u0641\u064a)<br data-start=\"1489\" data-end=\"1492\" \/>\u0627\u0644\u0627\u0646\u0632\u0644\u0627\u0642 \u0627\u0644\u063a\u0636\u0631\u0648\u0641\u064a \u0641\u064a \u0623\u0633\u0641\u0644 \u0627\u0644\u0638\u0647\u0631 \u0623\u0648 \u0627\u0644\u0631\u0642\u0628\u0629 \u0641\u064a \u0645\u0631\u062d\u0644\u062a\u0647 \u0627\u0644\u0645\u0628\u0643\u0631\u0629<br data-start=\"1553\" data-end=\"1556\" \/>\u0625\u0639\u0627\u062f\u0629 \u0627\u0644\u062a\u0623\u0647\u064a\u0644 \u0628\u0639\u062f \u0627\u0644\u0639\u0645\u0644\u064a\u0627\u062a \u0627\u0644\u062c\u0631\u0627\u062d\u064a\u0629 \u0627\u0644\u0639\u0638\u0645\u064a\u0629<br data-start=\"1601\" data-end=\"1604\" \/>\u0622\u0644\u0627\u0645 \u0643\u0639\u0628 \u0627\u0644\u0642\u062f\u0645 \u0623\u0648 \u0645\u0631\u0641\u0642 \u0627\u0644\u0644\u0627\u0639\u0628 \u0648\u063a\u064a\u0631\u0647\u0627 \u0645\u0646 \u0627\u0636\u0637\u0631\u0627\u0628\u0627\u062a \u0627\u0644\u062c\u0647\u0627\u0632 \u0627\u0644\u0639\u0636\u0644\u064a \u0627\u0644\u0647\u064a\u0643\u0644\u064a<br data-start=\"1676\" data-end=\"1679\" \/>\u0643\u0645\u0627 \u064a\u0642\u062f\u0651\u0645 \u0623\u0639\u0644\u0649 \u0645\u0633\u062a\u0648\u064a\u0627\u062a \u0627\u0644\u062f\u064a\u062a\u0648\u0643\u0633 \u0627\u0644\u0637\u0628\u064a\u0639\u064a \u0644\u0643\u0644 \u0645\u0646 \u062c\u0633\u062f\u0647 \u0648\u0631\u0648\u062d\u0647 \u0627\u0644\u0645\u062a\u0639\u0628\u064a\u0646 \u0645\u0646 \u0631\u062a\u0627\u0628\u0629 \u0627\u0644\u062d\u064a\u0627\u0629<\/p><p data-start=\"1763\" data-end=\"1789\" style=\"text-align: right;\"><strong data-start=\"1763\" data-end=\"1789\">\u062c\u0631\u0628\u0647 \u0627\u0644\u062c\u0645\u064a\u0639\u2026 \u0645\u0627\u0630\u0627 \u0639\u0646\u0643\u061f<\/strong><\/p><p data-start=\"1763\" data-end=\"1789\" style=\"text-align: right;\">\u00a080% \u0645\u0646 \u0636\u064a\u0648\u0641\u0646\u0627\u00a0<\/p><p data-start=\"1791\" data-end=\"2096\" style=\"text-align: right;\">\u00a0 \u00a0\u064a\u0642\u0631\u0631\u0648\u0646 \u0627\u0644\u0639\u0648\u062f\u0629 \u0625\u0644\u0649 \u0627\u0644\u0645\u0633\u0628\u062d \u0627\u0644\u062d\u0631\u0627\u0631\u064a \u0641\u064a\u0646\u0647\u0627\u064a\u0629\u00a0 \u0627\u0644\u064a\u0648\u0645 \u0627\u0644\u0623\u0648\u0651\u0644 \u0645\u0646 \u0627\u0644\u0625\u0642\u0627\u0645\u0629 \u062a\u064f\u0634\u0639\u0631 \u0627\u0644\u0639\u062f\u064a\u062f \u0645\u0646 \u0627\u0644\u062c\u0644\u0633\u0627\u062a \u0627\u0644\u062c\u0633\u0645 \u0628\u062d\u0631\u0643\u0629 \u0623\u0641\u0636\u0644 \u062d\u062a\u0649 \u0628\u0639\u062f \u0623\u0648\u0644 \u062c\u0644\u0633\u0629 \u0641\u0642\u0637\u060c \u062d\u0633\u0628 \u062a\u0648\u0635\u064a\u0627\u062a \u0645\u0633\u062a\u0634\u0627\u0631\u064a\u0646\u0627 \u0641\u064a \u0627\u0644\u0633\u0628\u0627 \u062a\u0639\u0628\u064a\u0631\u0627\u062a \u0645\u062b\u0644 &#8220;\u0648\u0644\u062f\u062a \u0645\u0646 \u062c\u062f\u064a\u062f&#8221;\u060c \u0625\u0634\u0631\u0627\u0642\u0629 \u0627\u0644\u0628\u0634\u0631\u0629 \u0648\u062e\u0641\u0629 \u0627\u0644\u062c\u0633\u062f \u0645\u062a\u062f\u0627\u0648\u0644\u0629 \u0639\u0628\u0631 \u0648\u0633\u0627\u0626\u0644 \u0627\u0644\u062a\u0648\u0627\u0635\u0644\u2026 \u0644\u0645 \u062a\u063a\u062a\u0646\u0645 \u0647\u0630\u0647 \u0627\u0644\u062a\u062c\u0631\u0628\u0629 \u0628\u0639\u062f\u061f \u0641\u0623\u0646\u062a \u062a\u0624\u062e\u0631 \u0634\u0641\u0627\u0621\u0643<\/p><p data-start=\"2098\" data-end=\"2150\" style=\"text-align: right;\"><strong data-start=\"2098\" data-end=\"2150\">\u0646\u0635\u0641 \u0633\u0627\u0639\u0629 \u0641\u064a \u0627\u0644\u0645\u0627\u0621 \u0627\u0644\u062d\u0631\u0627\u0631\u064a = \u0623\u0631\u0642\u0649 \u0648\u0639\u062f \u0642\u062f\u0645\u062a\u0647 \u0644\u0646\u0641\u0633\u0643<\/strong><\/p><p data-start=\"2152\" data-end=\"2377\" style=\"text-align: right;\">\u062c\u0644\u0633\u0629 \u0645\u062f\u062a\u0647\u0627 \u0645\u0627 \u0628\u064a\u0646 20\u201130 \u062f\u0642\u064a\u0642\u0629 \u0641\u064a \u0627\u0644\u0645\u0633\u0628\u062d \u0627\u0644\u062d\u0631\u0627\u0631\u064a \u0647\u064a \u0637\u0642\u0648\u0633 \u062a\u062c\u062f\u064a\u062f \u0644\u0644\u062c\u0633\u062f \u0648\u0627\u0644\u0630\u0647\u0646 \u0639\u0646\u062f \u0627\u0646\u062a\u0647\u0627\u0621 \u0627\u0644\u062c\u0644\u0633\u0629\u060c \u0644\u0646 \u062a\u0634\u0639\u0631 \u0628\u062f\u0627\u0641\u0639 \u0627\u0644\u0639\u0631\u0642 \u0641\u0642\u0637 \u0628\u0644 \u0628\u062e\u0641\u0629 \u0648\u0627\u0646\u062a\u0639\u0627\u0634<br data-start=\"2285\" data-end=\"2288\" \/>\u0648\u0628\u0639\u062f\u0647\u0627\u060c \u0643\u0648\u0628 \u0645\u0646 \u0627\u0644\u0645\u0627\u0621 \u0627\u0644\u062f\u0627\u0641\u0626 \u0623\u0648 \u0634\u0627\u064a \u0627\u0644\u0623\u0639\u0634\u0627\u0628 \u064a\u064f\u0643\u0645\u0644 \u0637\u0642\u0633 \u0627\u0644\u062a\u0637\u0647\u064a\u0631 \u0648\u064a\u064f\u0645\u0647\u0651\u062f \u0644\u062c\u0644\u0633\u0627\u062a \u0627\u0644\u0633\u0628\u0627 \u0627\u0644\u062a\u0627\u0644\u064a\u0629<\/p><p data-start=\"2379\" data-end=\"2420\" style=\"text-align: right;\"><strong data-start=\"2379\" data-end=\"2420\">\u062d\u0627\u0646 \u0648\u0642\u062a\u0643 \u0627\u0644\u0622\u0646: \u0644\u0627 \u062a\u0624\u062c\u0644 \u0634\u0641\u0627\u0621\u0643 \u0641\u064a \u0627\u0644\u0645\u0627\u0621<\/strong><\/p><p data-start=\"2422\" data-end=\"2547\" style=\"text-align: right;\">\u0637\u0642\u0629 \u0645\u0646\u0627\u0633\u0628\u0629 \u0644\u0644\u0642\u0627\u0621 \u0627\u0644\u0645\u0627\u0621 \u0627\u0644\u062f\u0627\u0641\u0626\u060c \u0627\u0644\u0645\u0639\u062f\u0646\u064a\u060c \u0627\u0644\u0637\u0628\u064a\u0639\u064a \u0648\u063a\u064a\u0631 \u0627\u0644\u0645\u0639\u0627\u0644\u062c<br data-start=\"2482\" data-end=\"2485\" \/>\u0627\u062a\u0635\u0644 \u0627\u0644\u0622\u0646 \u0648\u062d\u062c\u0632 \u062d\u0635\u0651\u062a\u0643\u060c \u0648\u0627\u0647\u062f\u0650 \u0646\u0641\u0633\u0643 \u0627\u0644\u0635\u062d\u0629 \u0648\u0627\u0644\u0647\u062f\u0648\u0621 \u0627\u0644\u0644\u0630\u064a\u0646 \u062a\u0633\u062a\u062d\u0642\u0647\u0645\u0627<\/p>\t\t\t\t\t\t\t\t<\/div>\n\t\t\t\t\t<\/div>\n\t\t\t\t<\/div>\n\t\t<div class=\"elementor-element elementor-element-bba85a7 e-flex e-con-boxed tm-col-stretched-none tm-bg-color-over-image e-con e-parent\" data-id=\"bba85a7\" data-element_type=\"container\">\n\t\t\t\t\t<div class=\"e-con-inner\">\n\t\t\t\t<div class=\"elementor-element elementor-element-0eb5cf1 elementor-widget elementor-widget-spacer\" data-id=\"0eb5cf1\" data-element_type=\"widget\" data-widget_type=\"spacer.default\">\n\t\t\t\t\t\t\t<div class=\"elementor-spacer\">\n\t\t\t<div class=\"elementor-spacer-inner\"><\/div>\n\t\t<\/div>\n\t\t\t\t\t\t<\/div>\n\t\t\t\t\t<\/div>\n\t\t\t\t<\/div>\n\t\t<div class=\"elementor-element elementor-element-50ea3d9 e-flex e-con-boxed tm-col-stretched-none tm-bg-color-over-image e-con e-parent\" data-id=\"50ea3d9\" data-element_type=\"container\" data-settings=\"{&quot;background_background&quot;:&quot;classic&quot;}\">\n\t\t\t\t\t<div class=\"e-con-inner\">\n\t\t<div class=\"elementor-element elementor-element-6fa83ec e-con-full e-flex tm-col-stretched-none tm-bg-color-over-image e-con e-child\" data-id=\"6fa83ec\" data-element_type=\"container\">\n\t\t\t\t<div class=\"elementor-element elementor-element-cc6f488 elementor-widget elementor-widget-heading\" data-id=\"cc6f488\" data-element_type=\"widget\" data-widget_type=\"heading.default\">\n\t\t\t\t\t<h3 class=\"elementor-heading-title elementor-size-default\"><a href=\"tel:+902243240202\"><u>\u0644\u0644\u0645\u0632\u064a\u062f \u0645\u0646 \u0627\u0644\u0645\u0639\u0644\u0648\u0645\u0627\u062a\u060c \u0627\u062a\u0635\u0644\u0648\u0627 \u0628\u0646\u0627<\/u><\/a><\/h3>\t\t\t\t<\/div>\n\t\t\t\t<div class=\"elementor-element elementor-element-55bf25e elementor-widget elementor-widget-tm-ele-social-links\" data-id=\"55bf25e\" data-element_type=\"widget\" data-widget_type=\"tm-ele-social-links.default\">\n\t\t\t\t<div class=\"elementor-widget-container\">\n\t\t\t\t\t<ul class=\"tm-sc-social-links links-outlined\">\r\n\r\n\t\t\t<li><a class=\"social-link\" aria-label=\"Social Link\" href=\"https:\/\/www.facebook.com\/siahotelthermalspa\" target=\"_self\"><i class=\"fa fa-facebook\"><\/i><\/a><\/li>\r\n\t\t\r\n\t\t<li><a class=\"social-link\" aria-label=\"Social Link\" href=\"https:\/\/www.linkedin.com\/company\/sia-hotel-thermal-spa\/\" target=\"_self\"><i class=\"fa fa-linkedin\"><\/i><\/a><\/li>\r\n\t\t\t<li><a class=\"social-link\" aria-label=\"Social Link\" href=\"https:\/\/www.instagram.com\/siahotelthermalspa\" target=\"_self\"><i class=\"fa fa-instagram\"><\/i><\/a><\/li>\r\n\t\t\r\n\t\t\t<\/ul>\t\t\t\t<\/div>\n\t\t\t\t<\/div>\n\t\t\t\t<\/div>\n\t\t\t\t\t<\/div>\n\t\t\t\t<\/div>\n\t\t<div class=\"elementor-element elementor-element-d0cf9a4 e-flex e-con-boxed tm-col-stretched-none tm-bg-color-over-image e-con e-parent\" data-id=\"d0cf9a4\" data-element_type=\"container\">\n\t\t\t\t\t<div class=\"e-con-inner\">\n\t\t\t\t\t<\/div>\n\t\t\t\t<\/div>\n\t\t<div class=\"elementor-element elementor-element-306f9f25 e-flex e-con-boxed tm-col-stretched-none tm-bg-color-over-image e-con e-parent\" data-id=\"306f9f25\" data-element_type=\"container\">\n\t\t\t\t\t<div class=\"e-con-inner\">\n\t\t<div class=\"elementor-element elementor-element-464cb160 e-con-full tm-col-stretched-none e-flex tm-bg-color-over-image e-con e-child\" data-id=\"464cb160\" data-element_type=\"container\">\n\t\t\t\t<div class=\"elementor-element elementor-element-3f9d946f elementor-widget elementor-widget-shortcode\" data-id=\"3f9d946f\" data-element_type=\"widget\" data-widget_type=\"shortcode.default\">\n\t\t\t\t\t\t\t<div class=\"elementor-shortcode\">\t\t<div id=\"sbi_mod_error\" >\n\t\t\t<span>Bu hata mesaj\u0131n\u0131 yaln\u0131zca WordPress y\u00f6neticileri g\u00f6rebilir<\/span><br\/>\n\t\t\t<p><strong>Hata: 1 kimli\u011fine sahip hi\u00e7bir ak\u0131\u015f bulunamad\u0131.<\/strong>\n\t\t\t<p>Bir ak\u0131\u015f olu\u015fturmak i\u00e7in l\u00fctfen Instagram Ak\u0131\u015f\u0131 ayarlar sayfas\u0131na gidin.<\/p>\n\t\t<\/div>\n\t\t<\/div>\n\t\t\t\t\t\t<\/div>\n\t\t\t\t<\/div>\n\t\t\t\t\t<\/div>\n\t\t\t\t<\/div>\n\t\t\t\t<\/div>\n\t\t","protected":false},"excerpt":{"rendered":"<p>SEREN\u0130TY \u0627\u0644\u0645\u0633\u0628\u062d \u0627\u0644\u062d\u0631\u0627\u0631\u064a \u0635\u0641\u0627\u0621 \u0627\u0644\u062d\u0631\u0627\u0631\u064a : \u0645\u0633\u0628\u062d \u0637\u0628\u064a\u0639\u064a \u0645\u0641\u0639\u0645 \u0628\u0639\u0644\u0627\u062c \u0627\u0644\u0637\u0628\u064a\u0639\u0629 \u0625\u0633\u0643\u0627\u062a \u0630\u0647\u0646\u0643 \u0648\u062a\u062e\u0641\u064a\u0641 \u062a\u0648\u062a\u0651\u0631 \u0639\u0636\u0644\u0627\u062a\u0643 \u0648\u062e\u0644\u0642 \u0644\u062d\u0638\u0629 \u062e\u0627\u0635\u0629 \u0644\u0643&#8230;<\/p>\n","protected":false},"author":1,"featured_media":0,"parent":0,"menu_order":0,"comment_status":"closed","ping_status":"closed","template":"","meta":{"_monsterinsights_skip_tracking":false,"_monsterinsights_sitenote_active":false,"_monsterinsights_sitenote_note":"","_monsterinsights_sitenote_category":0,"footnotes":""},"class_list":["post-15139","page","type-page","status-publish","hentry"],"aioseo_notices":[],"_links":{"self":[{"href":"https:\/\/www.siahotel.com.tr\/ar\/wp-json\/wp\/v2\/pages\/15139","targetHints":{"allow":["GET"]}}],"collection":[{"href":"https:\/\/www.siahotel.com.tr\/ar\/wp-json\/wp\/v2\/pages"}],"about":[{"href":"https:\/\/www.siahotel.com.tr\/ar\/wp-json\/wp\/v2\/types\/page"}],"author":[{"embeddable":true,"href":"https:\/\/www.siahotel.com.tr\/ar\/wp-json\/wp\/v2\/users\/1"}],"replies":[{"embeddable":true,"href":"https:\/\/www.siahotel.com.tr\/ar\/wp-json\/wp\/v2\/comments?post=15139"}],"version-history":[{"count":61,"href":"https:\/\/www.siahotel.com.tr\/ar\/wp-json\/wp\/v2\/pages\/15139\/revisions"}],"predecessor-version":[{"id":18327,"href":"https:\/\/www.siahotel.com.tr\/ar\/wp-json\/wp\/v2\/pages\/15139\/revisions\/18327"}],"wp:attachment":[{"href":"https:\/\/www.siahotel.com.tr\/ar\/wp-json\/wp\/v2\/media?parent=15139"}],"curies":[{"name":"wp","href":"https:\/\/api.w.org\/{rel}","templated":true}]}}