{"id":15075,"date":"2025-08-01T13:05:01","date_gmt":"2025-08-01T13:05:01","guid":{"rendered":"https:\/\/www.siahotel.com.tr\/ar\/?page_id=15075"},"modified":"2025-09-05T08:32:36","modified_gmt":"2025-09-05T08:32:36","slug":"sauna","status":"publish","type":"page","link":"https:\/\/www.siahotel.com.tr\/ar\/sauna\/","title":{"rendered":"Sauna"},"content":{"rendered":"\t\t<div data-elementor-type=\"wp-page\" data-elementor-id=\"15075\" class=\"elementor elementor-15075\">\n\t\t\t\t<div class=\"elementor-element elementor-element-69f180a6 e-flex e-con-boxed tm-col-stretched-none tm-bg-color-over-image e-con e-parent\" data-id=\"69f180a6\" data-element_type=\"container\">\n\t\t\t\t\t<div class=\"e-con-inner\">\n\t\t\t\t<div class=\"elementor-element elementor-element-2b8a41a6 elementor-widget elementor-widget-spacer\" data-id=\"2b8a41a6\" data-element_type=\"widget\" data-widget_type=\"spacer.default\">\n\t\t\t\t\t\t\t<div class=\"elementor-spacer\">\n\t\t\t<div class=\"elementor-spacer-inner\"><\/div>\n\t\t<\/div>\n\t\t\t\t\t\t<\/div>\n\t\t\t\t\t<\/div>\n\t\t\t\t<\/div>\n\t\t<div class=\"elementor-element elementor-element-6a27647c e-flex e-con-boxed tm-col-stretched-none tm-bg-color-over-image e-con e-parent\" data-id=\"6a27647c\" data-element_type=\"container\">\n\t\t\t\t\t<div class=\"e-con-inner\">\n\t\t\t\t\t<\/div>\n\t\t\t\t<\/div>\n\t\t<div class=\"elementor-element elementor-element-3bd784c3 e-flex e-con-boxed tm-col-stretched-none tm-bg-color-over-image e-con e-parent\" data-id=\"3bd784c3\" data-element_type=\"container\">\n\t\t\t\t\t<div class=\"e-con-inner\">\n\t\t\t\t<div class=\"elementor-element elementor-element-7526289f elementor-widget elementor-widget-image\" data-id=\"7526289f\" data-element_type=\"widget\" data-widget_type=\"image.default\">\n\t\t\t\t\t\t\t\t\t\t\t\t\t\t\t<img fetchpriority=\"high\" decoding=\"async\" width=\"1100\" height=\"550\" src=\"https:\/\/www.siahotel.com.tr\/ar\/wp-content\/uploads\/2025\/08\/WhatsApp-Image-2025-08-01-at-13.31.23-1100x550.jpeg\" class=\"attachment-hoteler_landscape size-hoteler_landscape wp-image-15043\" alt=\"Sia Hotel Sauna\" \/>\t\t\t\t\t\t\t\t\t\t\t\t\t\t\t<\/div>\n\t\t\t\t\t<\/div>\n\t\t\t\t<\/div>\n\t\t<div class=\"elementor-element elementor-element-2f5d3f2 e-flex e-con-boxed tm-col-stretched-none tm-bg-color-over-image e-con e-parent\" data-id=\"2f5d3f2\" data-element_type=\"container\">\n\t\t\t\t\t<div class=\"e-con-inner\">\n\t\t\t\t<div class=\"elementor-element elementor-element-1543811 elementor-widget elementor-widget-spacer\" data-id=\"1543811\" data-element_type=\"widget\" data-widget_type=\"spacer.default\">\n\t\t\t\t\t\t\t<div class=\"elementor-spacer\">\n\t\t\t<div class=\"elementor-spacer-inner\"><\/div>\n\t\t<\/div>\n\t\t\t\t\t\t<\/div>\n\t\t\t\t\t<\/div>\n\t\t\t\t<\/div>\n\t\t<div class=\"elementor-element elementor-element-46f8b687 e-flex e-con-boxed tm-col-stretched-none tm-bg-color-over-image e-con e-parent\" data-id=\"46f8b687\" data-element_type=\"container\">\n\t\t\t\t\t<div class=\"e-con-inner\">\n\t\t\t\t<div class=\"elementor-element elementor-element-10f3b65a elementor-widget elementor-widget-text-editor\" data-id=\"10f3b65a\" data-element_type=\"widget\" data-widget_type=\"text-editor.default\">\n\t\t\t\t\t\t\t\t\t<p data-start=\"0\" data-end=\"58\" style=\"text-align: right;\"><strong data-start=\"0\" data-end=\"58\">\u0627\u0644\u0648\u0644\u0627\u062f\u0629 \u0645\u0646 \u062c\u062f\u064a\u062f \u0645\u0639 \u0627\u0644\u0633\u0627\u0648\u0646\u0627: \u0637\u0642\u0633 \u062a\u0637\u0647\u064a\u0631 \u0639\u0645\u064a\u0642\u00a0<\/strong><\/p><p data-start=\"60\" data-end=\"414\" style=\"text-align: right;\">\u0641\u064a \u0638\u0644 \u0648\u062a\u064a\u0631\u0629 \u0627\u0644\u062d\u064a\u0627\u0629 \u0627\u0644\u0633\u0631\u064a\u0639\u0629 \u0648\u0627\u0644\u0645\u0632\u062f\u062d\u0645\u0629\u060c \u0644\u0627 \u064a\u0646\u0647\u0643 \u0627\u0644\u062a\u0639\u0628 \u0623\u062c\u0633\u0627\u062f\u0646\u0627 \u0641\u062d\u0633\u0628\u060c \u0628\u0644 \u064a\u0631\u0647\u0642 \u0623\u0631\u0648\u0627\u062d\u0646\u0627 \u0623\u064a\u0636\u064b\u0627 \u0648\u0644\u0643\u064a \u064a\u062a\u0645\u0643\u0646 \u0627\u0644\u0625\u0646\u0633\u0627\u0646 \u0627\u0644\u0645\u0639\u0627\u0635\u0631 \u0645\u0646 \u062a\u062c\u0627\u0648\u0632 \u0647\u0630\u0627 \u0627\u0644\u0625\u0631\u0647\u0627\u0642\u060c \u0641\u0647\u0648 \u0628\u062d\u0627\u062c\u0629 \u0625\u0644\u0649 \u0623\u0643\u062b\u0631 \u0645\u0646 \u0645\u062c\u0631\u062f \u0631\u0627\u062d\u0629 \u0625\u0646\u0647 \u0628\u062d\u0627\u062c\u0629 \u0625\u0644\u0649 \u062a\u0637\u0647\u064a\u0631 \u062d\u0642\u064a\u0642\u064a\u060c \u0625\u0644\u0649 \u0627\u0633\u062a\u0631\u062e\u0627\u0621 \u062f\u0627\u062e\u0644\u064a\u060c \u0648\u0625\u0644\u0649 \u0627\u0633\u062a\u0639\u0627\u062f\u0629 \u062a\u0648\u0627\u0632\u0646\u0647 \u0645\u0646 \u062c\u062f\u064a\u062f \u0648\u0647\u0646\u0627 \u062a\u0628\u0631\u0632 \u062a\u062c\u0631\u0628\u0629 \u0645\u0645\u064a\u0632\u0629<\/p><p data-start=\"416\" data-end=\"736\" style=\"text-align: right;\">\u0633\u0627\u0648\u0646\u0627 \u0645\u0635\u0645\u0645\u0629 \u062e\u0635\u064a\u0635\u064b\u0627 \u0628\u062f\u0631\u062c\u0629 \u062d\u0631\u0627\u0631\u0629 48\u00b0\u060c \u0644\u0627 \u062a\u0642\u062a\u0635\u0631 \u0639\u0644\u0649 \u0627\u0644\u062d\u0631\u0627\u0631\u0629 \u0641\u0642\u0637 \u0628\u0644 \u062a\u0645\u062a\u0632\u062c \u0628\u062a\u0623\u062b\u064a\u0631 \u0645\u064a\u0627\u0647 \u0627\u0644\u0646\u0639\u0646\u0627\u0639 \u0627\u0644\u0645\u0646\u0639\u0634\u0629 \u0627\u0644\u062a\u064a \u062a\u0644\u0627\u0645\u0633 \u062c\u0633\u062f\u0643 \u0648\u0639\u0642\u0644\u0643 \u0645\u0639\u064b\u0627 \u0645\u0646\u0630 \u0627\u0644\u0644\u062d\u0638\u0629 \u0627\u0644\u062a\u064a \u062a\u062e\u0637\u0648 \u0641\u064a\u0647\u0627 \u0625\u0644\u0649 \u0627\u0644\u0645\u0642\u0635\u0648\u0631\u0629\u060c \u062a\u0645\u062a\u0632\u062c \u062d\u0631\u0627\u0631\u0629 \u0627\u0644\u0633\u0627\u0648\u0646\u0627 \u0627\u0644\u0639\u0645\u064a\u0642\u0629 \u0645\u0639 \u0631\u0627\u0626\u062d\u0629 \u0627\u0644\u0646\u0639\u0646\u0627\u0639 \u0627\u0644\u0645\u0646\u0634\u0637\u0629 \u0641\u062a\u0645\u0646\u062d\u0643 \u0646\u0641\u0633\u064b\u0627 \u062c\u062f\u064a\u062f\u064b\u0627 \u0648\u0630\u0647\u0646\u064b\u0627 \u0646\u0642\u064a\u064b\u0627 \u0648\u0642\u062f \u062a\u0645 \u062a\u062e\u0635\u064a\u0635 \u0645\u0646\u0627\u0637\u0642 \u0627\u0633\u062a\u062e\u062f\u0627\u0645 \u0645\u0646\u0641\u0635\u0644\u0629 \u0644\u0644\u0631\u062c\u0627\u0644 \u0648\u0627\u0644\u0646\u0633\u0627\u0621<\/p><p data-start=\"738\" data-end=\"782\" style=\"text-align: right;\"><strong data-start=\"738\" data-end=\"782\">\u0627\u0644\u062a\u062e\u0644\u0635 \u0645\u0646 \u0627\u0644\u0633\u0645\u0648\u0645 \u0644\u0645 \u064a\u0639\u062f \u0631\u0641\u0627\u0647\u064a\u0629\u060c \u0628\u0644 \u0636\u0631\u0648\u0631\u0629<\/strong><\/p><p data-start=\"784\" data-end=\"1127\" style=\"text-align: right;\">\u0623\u062c\u0633\u0627\u0645\u0646\u0627 \u062a\u0645\u062a\u0644\u0626 \u064a\u0648\u0645\u064a\u064b\u0627 \u0628\u0627\u0644\u0633\u0645\u0648\u0645 \u0628\u0633\u0628\u0628 \u0627\u0644\u0647\u0648\u0627\u0621 \u0627\u0644\u0630\u064a \u0646\u062a\u0646\u0641\u0633\u0647\u060c \u0648\u0627\u0644\u0637\u0639\u0627\u0645 \u0627\u0644\u0630\u064a \u0646\u062a\u0646\u0627\u0648\u0644\u0647\u060c \u0648\u0627\u0644\u062a\u0648\u062a\u0631 \u0627\u0644\u0630\u064a \u0646\u0639\u064a\u0634\u0647 \u062a\u064f\u0639\u062f \u0627\u0644\u0633\u0627\u0648\u0646\u0627 \u0645\u0646 \u0623\u0643\u062b\u0631 \u0627\u0644\u0637\u0631\u0642 \u0641\u0639\u0627\u0644\u064a\u0629 \u0644\u0637\u0631\u062f \u0647\u0630\u0647 \u0627\u0644\u0633\u0645\u0648\u0645 \u0639\u0646 \u0637\u0631\u064a\u0642 \u0627\u0644\u062a\u0639\u0631\u0642 \u0644\u0643\u0646 \u062a\u062c\u0631\u0628\u0629 \u0627\u0644\u0633\u0627\u0648\u0646\u0627 \u0627\u0644\u0639\u0627\u062f\u064a\u0629 \u0644\u0627 \u062a\u0643\u0641\u064a \u060c \u064a\u064f\u0633\u062a\u062e\u062f\u0645 \u0628\u062e\u0627\u0631 \u0645\u0627\u0621 \u062e\u0627\u0635 \u0645\u0645\u0632\u0648\u062c \u0628\u0627\u0644\u0646\u0639\u0646\u0627\u0639\u060c \u064a\u0633\u0627\u0639\u062f \u0639\u0644\u0649 \u0641\u062a\u062d \u0627\u0644\u0645\u062c\u0627\u0631\u064a \u0627\u0644\u062a\u0646\u0641\u0633\u064a\u0629\u060c \u0648\u062a\u062d\u0641\u064a\u0632 \u0627\u0644\u062f\u0648\u0631\u0629 \u0627\u0644\u062f\u0645\u0648\u064a\u0629\u060c \u0645\u0645\u0627 \u064a\u0648\u0635\u0644 \u0627\u0644\u0623\u0643\u0633\u062c\u064a\u0646 \u0627\u0644\u0646\u0642\u064a \u0625\u0644\u0649 \u062e\u0644\u0627\u064a\u0627\u0643\u00a0<\/p><p data-start=\"784\" data-end=\"1127\" style=\"text-align: right;\">\u062c\u0644\u0633\u0629 \u0648\u0627\u062d\u062f\u0629 \u0644\u0645\u062f\u0629 15 \u062f\u0642\u064a\u0642\u0629 \u0641\u0642\u0637 \u0643\u0627\u0641\u064a\u0629 \u0644\u062a\u0646\u0638\u064a\u0645 \u0636\u063a\u0637 \u0627\u0644\u062f\u0645\u060c \u062a\u0646\u0634\u064a\u0637 \u0627\u0644\u0628\u0634\u0631\u0629\u060c \u0648\u062a\u062e\u0641\u064a\u0641 \u062b\u0642\u0644 \u0627\u0644\u064a\u0648\u0645 \u0639\u0646 \u0643\u0627\u0647\u0644\u0643 \u0648\u0644\u0645\u0646 \u064a\u0633\u0639\u0649 \u0625\u0644\u0649 \u062a\u062c\u0631\u0628\u0629 \u0633\u0628\u0627 \u0645\u062a\u0643\u0627\u0645\u0644\u0629\u060c \u0641\u0625\u0646 \u0627\u0644\u0633\u0627\u0648\u0646\u0627 \u0647\u064a \u0627\u0644\u062e\u0637\u0648\u0629 \u0627\u0644\u0623\u0648\u0644\u0649 \u0627\u0644\u062a\u064a \u0644\u0627 \u063a\u0646\u0649 \u0639\u0646\u0647\u0627<\/p><p data-start=\"1305\" data-end=\"1347\" style=\"text-align: right;\"><strong data-start=\"1305\" data-end=\"1347\">\u062f\u0641\u0621 \u064a\u0631\u064a\u062d \u0627\u0644\u0630\u0647\u0646: \u0627\u0644\u0646\u0639\u0646\u0627\u0639 \u0648\u062a\u0623\u062b\u064a\u0631\u0647 \u0627\u0644\u0646\u0641\u0633\u064a<\/strong><\/p><p data-start=\"1349\" data-end=\"1665\" style=\"text-align: right;\">\u0644\u0627 \u064a\u0645\u0646\u062d \u0627\u0644\u062a\u0623\u062b\u064a\u0631 \u0627\u0644\u062c\u0633\u062f\u064a \u0641\u0642\u0637\u060c \u0628\u0644 \u064a\u0645\u0644\u0643 \u062a\u0623\u062b\u064a\u0631\u064b\u0627 \u0646\u0641\u0633\u064a\u064b\u0627 \u0639\u0645\u064a\u0642\u064b\u0627 \u0623\u064a\u0636\u064b\u0627 \u062a\u0634\u064a\u0631 \u0627\u0644\u062f\u0631\u0627\u0633\u0627\u062a \u0625\u0644\u0649 \u0623\u0646 \u0631\u0627\u0626\u062d\u062a\u0647 \u062a\u0642\u0644\u0644 \u0645\u0646 \u0627\u0644\u0642\u0644\u0642\u060c \u0648\u062a\u0632\u064a\u062f \u0645\u0646 \u0635\u0641\u0627\u0621 \u0627\u0644\u0630\u0647\u0646\u060c \u0648\u062a\u062d\u0633\u0651\u0646 \u0627\u0644\u0642\u062f\u0631\u0629 \u0639\u0644\u0649 \u0627\u0644\u062a\u0631\u0643\u064a\u0632 \u0648\u0641\u064a \u0643\u0628\u0627\u0626\u0646 \u0627\u0644\u0633\u0627\u0648\u0646\u0627 \u0641\u064a\u00a0 \u060c \u0633\u062a\u0634\u0639\u0631 \u0628\u0623\u0646\u0643 \u0644\u0627 \u062a\u0631\u062a\u0627\u062d \u0641\u0642\u0637\u060c \u0628\u0644 \u062a\u0633\u062a\u0639\u064a\u062f \u062a\u0648\u0627\u0632\u0646\u0643 \u0627\u0644\u0630\u0647\u0646\u064a \u0643\u0630\u0644\u0643<br data-start=\"1599\" data-end=\"1602\" \/>\u0641\u0627\u0644\u062a\u062c\u0631\u0628\u0629 \u0647\u0646\u0627 \u0644\u064a\u0633\u062a\u00a0 \u0644\u0627\u062c\u064b\u0627 \u062c\u0633\u062f\u064a\u064b\u0627 \u0641\u0642\u0637\u060c \u0628\u0644 \u062a\u062c\u062f\u0651\u062f\u064b\u0627 \u0639\u0627\u0637\u0641\u064a\u064b\u0627 \u0623\u064a\u0636\u064b\u0627<\/p><p data-start=\"1667\" data-end=\"1706\" style=\"text-align: right;\"><strong data-start=\"1667\" data-end=\"1706\">\u0627\u0644\u062c\u0645\u064a\u0639 \u062c\u0631\u0628\u0647\u0627\u2026 \u0647\u0644 \u0644\u0627 \u062a\u0632\u0627\u0644 \u0623\u0646\u062a \u062a\u0646\u062a\u0638\u0631\u061f\u00a0<\/strong>\u062a\u062c\u0631\u0628\u0629 \u0627\u0644\u0633\u0627\u0648\u0646\u0627 \u0641\u064a \u0623\u0635\u0628\u062d\u062a \u0645\u0646 \u0623\u0643\u062b\u0631 \u0627\u0644\u0644\u062d\u0638\u0627\u062a \u0627\u0644\u062a\u064a \u064a\u062a\u0634\u0627\u0631\u0643\u0647\u0627 \u0627\u0644\u0636\u064a\u0648\u0641<\/p><p data-start=\"1708\" data-end=\"2015\" style=\"text-align: right;\">\u0645\u0646 \u0627\u0644\u0643\u062a\u0627\u0628\u0627\u062a \u0639\u0644\u0649 \u0627\u0644\u0632\u062c\u0627\u062c \u0627\u0644\u0645\u0628\u0644\u0644\u060c \u0625\u0644\u0649 \u0627\u0644\u0627\u0628\u062a\u0633\u0627\u0645\u0627\u062a \u0627\u0644\u0645\u0634\u0631\u0642\u0629\u060c \u0648\u0627\u0644\u062a\u0639\u0644\u064a\u0642\u0627\u062a \u0645\u062b\u0644 &#8220;\u0644\u064a\u062a\u0646\u0627 \u062c\u0626\u0646\u0627 \u0645\u0646 \u0642\u0628\u0644&#8221; \u0643\u0644\u0647\u0627 \u062a\u062b\u0628\u062a \u0623\u0646 \u0647\u0630\u0647 \u0627\u0644\u062a\u062c\u0631\u0628\u0629 \u062a\u0633\u062a\u062d\u0642 \u0625\u0646 \u0643\u0646\u062a \u0645\u0646 \u0627\u0644\u0642\u0644\u0629 \u0627\u0644\u062a\u064a \u0644\u0645 \u062a\u062c\u0631\u0628\u0647\u0627 \u0628\u0639\u062f\u060c \u0644\u0627 \u062a\u0624\u062c\u0644 \u0647\u0630\u0627 \u0627\u0644\u0639\u0637\u0627\u0621 \u0644\u0646\u0641\u0633\u0643 \u0641\u062c\u0633\u062f\u0643 \u0648\u0631\u0648\u062d\u0643 \u064a\u0633\u062a\u062d\u0642\u0627\u0646 \u0623\u0646 \u062a\u0636\u063a\u0637 \u0639\u0644\u0649 \u0632\u0631 &#8220;\u062a\u0648\u0642\u0641 \u0645\u0624\u0642\u062a&#8221;<\/p><p data-start=\"2017\" data-end=\"2047\" style=\"text-align: right;\"><strong data-start=\"2017\" data-end=\"2047\">\u0628\u062f\u0627\u064a\u0629 \u0631\u062d\u0644\u0629 \u0627\u0644\u0639\u0645\u064a\u0644: \u0627\u0644\u062a\u0637\u0647\u064a\u0631<\/strong><\/p><p data-start=\"2049\" data-end=\"2322\" style=\"text-align: right;\">\u0641\u064a\u060c \u0627\u0644\u0633\u0627\u0648\u0646\u0627 \u0647\u064a \u0628\u062f\u0627\u064a\u0629 \u062c\u0645\u064a\u0639 \u062c\u0644\u0633\u0627\u062a \u0627\u0644\u0639\u0644\u0627\u062c \u0644\u0623\u0646 \u0627\u0644\u062c\u0633\u062f \u0627\u0644\u0645\u062a\u0648\u062a\u0631 \u0644\u0627 \u064a\u0634\u0639\u0631 \u0628\u062a\u0623\u062b\u064a\u0631 \u0623\u064a \u0639\u0646\u0627\u064a\u0629 \u0645\u0647\u0645\u0627 \u0643\u0627\u0646\u062a<br data-start=\"2174\" data-end=\"2177\" \/>\u0633\u0648\u0627\u0621 \u0627\u062e\u062a\u0631\u062a \u0639\u0644\u0627\u062c \u0627\u0644\u0628\u0634\u0631\u0629 \u0623\u0648 \u062c\u0644\u0633\u0629 \u0645\u0633\u0627\u062c \u0639\u0645\u064a\u0642\u060c \u0641\u0625\u0646 \u0628\u062f\u0621 \u0627\u0644\u062c\u0644\u0633\u0629 \u0628\u0627\u0644\u0633\u0627\u0648\u0646\u0627 \u064a\u0639\u0637\u064a \u0646\u062a\u0627\u0626\u062c \u0623\u0643\u062b\u0631 \u0641\u0639\u0627\u0644\u064a\u0629<br data-start=\"2265\" data-end=\"2268\" \/>\u0648\u0647\u0630\u0627 \u0644\u064a\u0633 \u0645\u062c\u0631\u062f \u0627\u0646\u0637\u0628\u0627\u0639 \u2014 \u0628\u0644 \u062d\u0642\u064a\u0642\u0629 \u062a\u0624\u0643\u062f\u0647\u0627 \u0627\u0644\u0623\u0628\u062d\u0627\u062b \u0623\u064a\u0636\u064b\u0627<\/p><p data-start=\"2324\" data-end=\"2364\" style=\"text-align: right;\"><strong data-start=\"2324\" data-end=\"2364\">\u0627\u062d\u062c\u0632 \u0627\u0644\u0622\u0646 \u2013 \u0648\u0627\u0645\u0646\u062d \u0646\u0641\u0633\u0643 \u0647\u0630\u0647 \u0627\u0644\u0627\u0633\u062a\u0631\u0627\u062d\u0629<\/strong><\/p><p data-start=\"2366\" data-end=\"2433\" data-is-last-node=\"\" data-is-only-node=\"\" style=\"text-align: right;\">\u0644\u0627 \u062a\u0641\u0648\u0651\u062a \u0647\u0630\u0647 \u0627\u0644\u062a\u062c\u0631\u0628\u0629 \u0627\u0644\u0641\u0631\u064a\u062f\u0629 \u0627\u0644\u062a\u064a \u062a\u062c\u0645\u0639 \u0628\u064a\u0646 \u0627\u0644\u062f\u0641\u0621\u060c \u0627\u0644\u0646\u0639\u0646\u0627\u0639\u060c \u0648\u0627\u0644\u0633\u0643\u064a\u0646\u0629<\/p>\t\t\t\t\t\t\t\t<\/div>\n\t\t\t\t\t<\/div>\n\t\t\t\t<\/div>\n\t\t<div class=\"elementor-element elementor-element-6f98554 e-flex e-con-boxed tm-col-stretched-none tm-bg-color-over-image e-con e-parent\" data-id=\"6f98554\" data-element_type=\"container\">\n\t\t\t\t\t<div class=\"e-con-inner\">\n\t\t\t\t<div class=\"elementor-element elementor-element-2defdbe elementor-widget elementor-widget-spacer\" data-id=\"2defdbe\" data-element_type=\"widget\" data-widget_type=\"spacer.default\">\n\t\t\t\t\t\t\t<div class=\"elementor-spacer\">\n\t\t\t<div class=\"elementor-spacer-inner\"><\/div>\n\t\t<\/div>\n\t\t\t\t\t\t<\/div>\n\t\t\t\t\t<\/div>\n\t\t\t\t<\/div>\n\t\t<div class=\"elementor-element elementor-element-b92f428 e-flex e-con-boxed tm-col-stretched-none tm-bg-color-over-image e-con e-parent\" data-id=\"b92f428\" data-element_type=\"container\" data-settings=\"{&quot;background_background&quot;:&quot;classic&quot;}\">\n\t\t\t\t\t<div class=\"e-con-inner\">\n\t\t<div class=\"elementor-element elementor-element-b301027 e-con-full e-flex tm-col-stretched-none tm-bg-color-over-image e-con e-child\" data-id=\"b301027\" data-element_type=\"container\" data-settings=\"{&quot;background_background&quot;:&quot;classic&quot;}\">\n\t\t<div class=\"elementor-element elementor-element-e5a73cc e-con-full e-flex tm-col-stretched-none tm-bg-color-over-image e-con e-child\" data-id=\"e5a73cc\" data-element_type=\"container\">\n\t\t\t\t<div class=\"elementor-element elementor-element-a2ca3de elementor-widget elementor-widget-heading\" data-id=\"a2ca3de\" data-element_type=\"widget\" data-widget_type=\"heading.default\">\n\t\t\t\t\t<h3 class=\"elementor-heading-title elementor-size-default\"><a href=\"tel:+902243240202\">\u0644\u0644\u0627\u0633\u062a\u0641\u0633\u0627\u0631 \u0648\u0627\u0644\u062a\u0641\u0627\u0635\u064a\u0644 \u0627\u062a\u0635\u0644 \u0628\u0646\u0627<\/a><\/h3>\t\t\t\t<\/div>\n\t\t\t\t<\/div>\n\t\t\t\t<\/div>\n\t\t\t\t\t<\/div>\n\t\t\t\t<\/div>\n\t\t<div class=\"elementor-element elementor-element-526d1a44 e-flex e-con-boxed tm-col-stretched-none tm-bg-color-over-image e-con e-parent\" data-id=\"526d1a44\" data-element_type=\"container\">\n\t\t\t\t\t<div class=\"e-con-inner\">\n\t\t<div class=\"elementor-element elementor-element-3b7514eb e-con-full tm-col-stretched-none e-flex tm-bg-color-over-image e-con e-child\" data-id=\"3b7514eb\" data-element_type=\"container\">\n\t\t\t\t<div class=\"elementor-element elementor-element-160161c elementor-widget elementor-widget-shortcode\" data-id=\"160161c\" data-element_type=\"widget\" data-widget_type=\"shortcode.default\">\n\t\t\t\t\t\t\t<div class=\"elementor-shortcode\">\t\t<div id=\"sbi_mod_error\" >\n\t\t\t<span>Bu hata mesaj\u0131n\u0131 yaln\u0131zca WordPress y\u00f6neticileri g\u00f6rebilir<\/span><br\/>\n\t\t\t<p><strong>Hata: 1 kimli\u011fine sahip hi\u00e7bir ak\u0131\u015f bulunamad\u0131.<\/strong>\n\t\t\t<p>Bir ak\u0131\u015f olu\u015fturmak i\u00e7in l\u00fctfen Instagram Ak\u0131\u015f\u0131 ayarlar sayfas\u0131na gidin.<\/p>\n\t\t<\/div>\n\t\t<\/div>\n\t\t\t\t\t\t<\/div>\n\t\t\t\t<\/div>\n\t\t\t\t\t<\/div>\n\t\t\t\t<\/div>\n\t\t\t\t<\/div>\n\t\t","protected":false},"excerpt":{"rendered":"<p>\u0627\u0644\u0648\u0644\u0627\u062f\u0629 \u0645\u0646 \u062c\u062f\u064a\u062f \u0645\u0639 \u0627\u0644\u0633\u0627\u0648\u0646\u0627: \u0637\u0642\u0633 \u062a\u0637\u0647\u064a\u0631 \u0639\u0645\u064a\u0642\u00a0 \u0641\u064a \u0638\u0644 \u0648\u062a\u064a\u0631\u0629 \u0627\u0644\u062d\u064a\u0627\u0629 \u0627\u0644\u0633\u0631\u064a\u0639\u0629 \u0648\u0627\u0644\u0645\u0632\u062f\u062d\u0645\u0629\u060c \u0644\u0627 \u064a\u0646\u0647\u0643 \u0627\u0644\u062a\u0639\u0628 \u0623\u062c\u0633\u0627\u062f\u0646\u0627 \u0641\u062d\u0633\u0628\u060c \u0628\u0644&#8230;<\/p>\n","protected":false},"author":1,"featured_media":0,"parent":0,"menu_order":0,"comment_status":"closed","ping_status":"closed","template":"","meta":{"_monsterinsights_skip_tracking":false,"_monsterinsights_sitenote_active":false,"_monsterinsights_sitenote_note":"","_monsterinsights_sitenote_category":0,"footnotes":""},"class_list":["post-15075","page","type-page","status-publish","hentry"],"aioseo_notices":[],"_links":{"self":[{"href":"https:\/\/www.siahotel.com.tr\/ar\/wp-json\/wp\/v2\/pages\/15075","targetHints":{"allow":["GET"]}}],"collection":[{"href":"https:\/\/www.siahotel.com.tr\/ar\/wp-json\/wp\/v2\/pages"}],"about":[{"href":"https:\/\/www.siahotel.com.tr\/ar\/wp-json\/wp\/v2\/types\/page"}],"author":[{"embeddable":true,"href":"https:\/\/www.siahotel.com.tr\/ar\/wp-json\/wp\/v2\/users\/1"}],"replies":[{"embeddable":true,"href":"https:\/\/www.siahotel.com.tr\/ar\/wp-json\/wp\/v2\/comments?post=15075"}],"version-history":[{"count":43,"href":"https:\/\/www.siahotel.com.tr\/ar\/wp-json\/wp\/v2\/pages\/15075\/revisions"}],"predecessor-version":[{"id":18364,"href":"https:\/\/www.siahotel.com.tr\/ar\/wp-json\/wp\/v2\/pages\/15075\/revisions\/18364"}],"wp:attachment":[{"href":"https:\/\/www.siahotel.com.tr\/ar\/wp-json\/wp\/v2\/media?parent=15075"}],"curies":[{"name":"wp","href":"https:\/\/api.w.org\/{rel}","templated":true}]}}