{"id":14976,"date":"2025-07-31T14:59:28","date_gmt":"2025-07-31T14:59:28","guid":{"rendered":"https:\/\/www.siahotel.com.tr\/ar\/?page_id=14976"},"modified":"2025-09-05T08:21:03","modified_gmt":"2025-09-05T08:21:03","slug":"turk-hamami","status":"publish","type":"page","link":"https:\/\/www.siahotel.com.tr\/ar\/turk-hamami\/","title":{"rendered":"T\u00fcrk Hamam\u0131"},"content":{"rendered":"\t\t<div data-elementor-type=\"wp-page\" data-elementor-id=\"14976\" class=\"elementor elementor-14976\">\n\t\t\t\t<div class=\"elementor-element elementor-element-60d0172 e-flex e-con-boxed tm-col-stretched-none tm-bg-color-over-image e-con e-parent\" data-id=\"60d0172\" data-element_type=\"container\">\n\t\t\t\t\t<div class=\"e-con-inner\">\n\t\t\t\t<div class=\"elementor-element elementor-element-0c3d12a elementor-widget elementor-widget-spacer\" data-id=\"0c3d12a\" data-element_type=\"widget\" data-widget_type=\"spacer.default\">\n\t\t\t\t\t\t\t<div class=\"elementor-spacer\">\n\t\t\t<div class=\"elementor-spacer-inner\"><\/div>\n\t\t<\/div>\n\t\t\t\t\t\t<\/div>\n\t\t\t\t\t<\/div>\n\t\t\t\t<\/div>\n\t\t<div class=\"elementor-element elementor-element-6b2d27d e-flex e-con-boxed tm-col-stretched-none tm-bg-color-over-image e-con e-parent\" data-id=\"6b2d27d\" data-element_type=\"container\">\n\t\t\t\t\t<div class=\"e-con-inner\">\n\t\t\t\t<div class=\"elementor-element elementor-element-ffe0ce2 horizontal-line-align-left vertical-line-align-bottom elementor-widget elementor-widget-tm-ele-section-title\" data-id=\"ffe0ce2\" data-element_type=\"widget\" data-widget_type=\"tm-ele-section-title.default\">\n\t\t\t\t<div class=\"elementor-widget-container\">\n\t\t\t\t\t<div class=\"tm-sc-section-title section-title line-left-current-theme \">\r\n\t<div class=\"title-wrapper\">\r\n\t\t\t\t\r\n\r\n<div class=\"sub-title-outer\">\r\n\t\t<div class=\"subtitle \">\r\n\r\n\t\t\r\n\t\tserenity\t<\/div>\r\n\t<\/div>\t\t\t<h1 class=\"title \">\r\n\r\n\t\t\r\n\t\t\t\t<span class=\"title-part1 \">\u0627\u0644\u062d\u0645\u0627\u0645 \u0627\u0644\u062a\u0631\u0643\u064a<\/span>\r\n\t\t\t\t\r\n\t\t\r\n\t<\/h1>\r\n\t<div class=\"title-seperator-line\"><\/div>\t\t\t\t\t\t<\/div>\r\n<\/div>\t\t\t\t<\/div>\n\t\t\t\t<\/div>\n\t\t\t\t\t<\/div>\n\t\t\t\t<\/div>\n\t\t<div class=\"elementor-element elementor-element-e273c16 e-flex e-con-boxed tm-col-stretched-none tm-bg-color-over-image e-con e-parent\" data-id=\"e273c16\" data-element_type=\"container\">\n\t\t\t\t\t<div class=\"e-con-inner\">\n\t\t\t\t<div class=\"elementor-element elementor-element-b3a2eba elementor-widget elementor-widget-image\" data-id=\"b3a2eba\" data-element_type=\"widget\" data-widget_type=\"image.default\">\n\t\t\t\t\t\t\t\t\t\t\t\t\t\t\t<img fetchpriority=\"high\" decoding=\"async\" width=\"1100\" height=\"550\" src=\"https:\/\/www.siahotel.com.tr\/ar\/wp-content\/uploads\/2025\/07\/IMG_5128-2-1100x550.jpg\" class=\"attachment-hoteler_landscape size-hoteler_landscape wp-image-14457\" alt=\"Sia Hotel SPA Hamam\" \/>\t\t\t\t\t\t\t\t\t\t\t\t\t\t\t<\/div>\n\t\t\t\t\t<\/div>\n\t\t\t\t<\/div>\n\t\t<div class=\"elementor-element elementor-element-2da03dd e-flex e-con-boxed tm-col-stretched-none tm-bg-color-over-image e-con e-parent\" data-id=\"2da03dd\" data-element_type=\"container\">\n\t\t\t\t\t<div class=\"e-con-inner\">\n\t\t\t\t<div class=\"elementor-element elementor-element-8073726 elementor-widget elementor-widget-text-editor\" data-id=\"8073726\" data-element_type=\"widget\" data-widget_type=\"text-editor.default\">\n\t\t\t\t\t\t\t\t\t<hr data-start=\"79\" data-end=\"82\">\n<h3 data-start=\"84\" data-end=\"171\" style=\"text-align: right;\"><strong data-start=\"84\" data-end=\"171\">\u062a\u062c\u0631\u0628\u0629 \u062a\u0637\u0647\u064a\u0631 \u062a\u0646\u0628\u0639 \u0645\u0646 \u0623\u0639\u0645\u0627\u0642 \u0627\u0644\u062a\u0627\u0631\u064a\u062e: \u0627\u0644\u062d\u0645\u0627\u0645 \u0627\u0644\u062a\u0631\u0643\u064a \u0641\u064a&nbsp;<\/strong><\/h3>\n<h3 data-start=\"84\" data-end=\"171\" style=\"text-align: right;\"><strong data-start=\"84\" data-end=\"171\">Serenity Thermal SPA &amp; Wellness<\/strong><\/h3>\n<h6 data-start=\"173\" data-end=\"451\" style=\"text-align: right;\">\u064a\u064f\u0639\u062f \u0627\u0644\u062d\u0645\u0627\u0645 \u0627\u0644\u062a\u0631\u0643\u064a \u062a\u0642\u0644\u064a\u062f\u064b\u0627 \u0639\u0631\u064a\u0642\u064b\u0627 \u0641\u064a \u0627\u0644\u062a\u0637\u0647\u064a\u0631 \u0627\u0644\u062c\u0633\u062f\u064a \u0648\u0627\u0644\u0631\u0648\u062d\u064a \u0648\u0644\u0627 \u064a\u0632\u0627\u0644 \u062d\u062a\u0649 \u064a\u0648\u0645\u0646\u0627 \u0647\u0630\u0627 \u0623\u062d\u062f \u0623\u0643\u062b\u0631 \u0627\u0644\u0637\u0631\u0642 \u0641\u0639\u0627\u0644\u064a\u0629 \u0644\u0625\u0646\u0639\u0627\u0634 \u0627\u0644\u062c\u0633\u062f \u0648\u0627\u0644\u0631\u0648\u062d<br data-start=\"297\" data-end=\"300\">\u064a\u062c\u0645\u0639&nbsp; \u0628\u064a\u0646 \u0625\u0631\u062b \u0628\u0648\u0631\u0635\u0629 \u0627\u0644\u062d\u0631\u0627\u0631\u064a \u0627\u0644\u0630\u064a \u064a\u0645\u062a\u062f \u0644\u0622\u0644\u0627\u0641 \u0627\u0644\u0633\u0646\u064a\u0646 \u0648\u0628\u064a\u0646 \u0627\u0644\u0631\u0627\u062d\u0629 \u0627\u0644\u0639\u0635\u0631\u064a\u0629 \u0644\u064a\u064f\u0639\u064a\u062f \u062a\u0642\u062f\u064a\u0645 \u0647\u0630\u0627 \u0627\u0644\u062a\u0642\u0644\u064a\u062f \u0627\u0644\u0641\u0631\u064a\u062f \u0628\u062a\u0641\u0627\u0635\u064a\u0644\u0647 \u0627\u0644\u062e\u0627\u0635\u0629<\/h6>\n<p data-start=\"453\" data-end=\"488\" style=\"text-align: right;\"><strong data-start=\"453\" data-end=\"486\">\u062d\u062c\u0631 \u0627\u0644\u0628\u0637\u0646: \u0644\u064a\u0633 \u0645\u062c\u0631\u062f \u0631\u062e\u0627\u0645 \u0633\u0627\u062e\u0646<\/strong><\/p>\n<p data-start=\"490\" data-end=\"792\" style=\"text-align: right;\">\u0639\u0646\u062f \u0627\u0644\u062d\u062f\u064a\u062b \u0639\u0646 \u0627\u0644\u062d\u0645\u0627\u0645 \u0641\u0625\u0646 \u0623\u0648\u0644 \u0645\u0627 \u064a\u062a\u0628\u0627\u062f\u0631 \u0625\u0644\u0649 \u0627\u0644\u0630\u0647\u0646 \u0647\u0648 &#8220;\u062d\u062c\u0631 \u0627\u0644\u0628\u0637\u0646 \u0648\u0627\u0644\u0630\u064a \u0644\u0627 \u064a\u064f\u0639\u062f \u0645\u062c\u0631\u062f \u0642\u0637\u0639\u0629 \u0645\u0646 \u0627\u0644\u0631\u062e\u0627\u0645 \u0627\u0644\u062f\u0627\u0641\u0626 \u0628\u0644 \u0647\u0648 \u0646\u0642\u0637\u0629 \u0645\u0631\u0643\u0632\u064a\u0629 \u064a\u062a\u062c\u062f\u062f \u0641\u064a\u0647\u0627 \u0627\u0644\u062c\u0633\u062f \u0648\u062a\u0635\u0641\u0649 \u0641\u064a\u0647\u0627 \u0627\u0644\u0630\u0647\u0646<br data-start=\"671\" data-end=\"674\">\u0639\u0646\u062f \u0627\u0644\u0627\u0633\u062a\u0644\u0642\u0627\u0621 \u0639\u0644\u0649 \u0627\u0644\u0631\u062e\u0627\u0645 \u0627\u0644\u0633\u0627\u062e\u0646 \u0648\u0645\u0639 \u062a\u0623\u062b\u064a\u0631 \u0627\u0644\u0645\u064a\u0627\u0647 \u0627\u0644\u062d\u0631\u0627\u0631\u064a\u0629 \u064a\u062a\u0631\u062e\u0649 \u0627\u0644\u062c\u0633\u0645 \u0648\u062a\u0633\u062a\u0631\u062e\u064a \u0627\u0644\u0639\u0636\u0644\u0627\u062a \u0648\u064a\u062a\u0644\u0627\u0634\u0649 \u062a\u0648\u062a\u0631 \u0627\u0644\u064a\u0648\u0645 \u062f\u0648\u0646 \u0623\u0646 \u062a\u0634\u0639\u0631<\/p>\n<p data-start=\"794\" data-end=\"825\" style=\"text-align: right;\"><strong data-start=\"794\" data-end=\"823\">\u0644\u0645\u0633\u0627\u062a \u0634\u0627\u0641\u064a\u0629 \u0639\u0644\u0649 \u062d\u062c\u0631 \u0627\u0644\u0628\u0637\u0646<\/strong><\/p>\n<p data-start=\"827\" data-end=\"1156\" style=\"text-align: right;\">\u062a\u0645 \u062a\u0635\u0645\u064a\u0645 \u062d\u0645\u0627\u0645 \u0627\u0644\u062a\u0631\u0643\u064a \u0648\u0641\u0642\u064b\u0627 \u0644\u0644\u0639\u0645\u0627\u0631\u0629 \u0627\u0644\u062a\u0642\u0644\u064a\u062f\u064a\u0629 \u062d\u064a\u062b \u064a\u0642\u0639 \u0641\u064a \u0627\u0644\u0645\u0631\u0643\u0632 \u062d\u062c\u0631 \u0628\u0637\u0646 \u0648\u0627\u0633\u0639 \u0648\u062d\u0648\u0644\u0647 \u0633\u0628\u0639 \u0623\u062d\u0648\u0627\u0636 \u062d\u062c\u0631\u064a\u0629 \u0645\u0646\u0641\u0635\u0644\u0629 \u062a\u062f\u0639\u0648\u0643 \u0625\u0644\u0649 \u0633\u0643\u064a\u0646\u0629 \u0627\u0644\u0645\u0627\u0636\u064a<br data-start=\"965\" data-end=\"968\">\u064a\u062d\u062a\u0648\u064a \u0643\u0644 \u062d\u0648\u0636 \u062d\u062c\u0631\u064a \u0639\u0644\u0649 \u0645\u064a\u0627\u0647 \u062d\u0631\u0627\u0631\u064a\u0629 \u062f\u0627\u0641\u0626\u0629 \u0648\u0623\u062e\u0631\u0649 \u0628\u0627\u0631\u062f\u0629 \u0644\u0644\u0634\u0631\u0628 \u0645\u0627 \u064a\u0633\u0627\u0647\u0645 \u0641\u064a \u062a\u0646\u0634\u064a\u0637 \u0627\u0644\u062f\u0648\u0631\u0629 \u0627\u0644\u062f\u0645\u0648\u064a\u0629 \u062f\u0639\u0645 \u0627\u0644\u062c\u0647\u0627\u0632 \u0627\u0644\u0645\u0646\u0627\u0639\u064a \u0648\u062a\u062d\u0633\u064a\u0646 \u0635\u062d\u0629 \u0627\u0644\u0628\u0634\u0631\u0629 \u0628\u0634\u0643\u0644 \u0645\u0644\u062d\u0648\u0638<\/p>\n<p data-start=\"827\" data-end=\"1156\" style=\"text-align: right;\">\u0648\u0642\u062f \u062a\u0645 \u062a\u062e\u0635\u064a\u0635 \u0645\u0646\u0627\u0637\u0642 \u0627\u0633\u062a\u062e\u062f\u0627\u0645 \u0645\u0646\u0641\u0635\u0644\u0629 \u0644\u0644\u0631\u062c\u0627\u0644 \u0648\u0627\u0644\u0646\u0633\u0627\u0621<\/p>\n<p data-start=\"1158\" data-end=\"1319\" style=\"text-align: right;\">\u062a\u062d\u062a\u0648\u064a \u0627\u0644\u0645\u064a\u0627\u0647 \u0627\u0644\u062d\u0631\u0627\u0631\u064a\u0629 \u0639\u0644\u0649 \u0645\u0639\u0627\u062f\u0646 \u0637\u0628\u064a\u0639\u064a\u0629 \u0641\u0639\u0651\u0627\u0644\u0629 \u0641\u064a \u0639\u0644\u0627\u062c \u0645\u0634\u0627\u0643\u0644 \u0627\u0644\u0628\u0634\u0631\u0629 \u0622\u0644\u0627\u0645 \u0627\u0644\u0645\u0641\u0627\u0635\u0644 \u0648\u0625\u0631\u0647\u0627\u0642 \u0627\u0644\u0639\u0636\u0644\u0627\u062a<br data-start=\"1252\" data-end=\"1255\">\u0648\u0645\u0639 \u0641\u062a\u062d \u0627\u0644\u0645\u0633\u0627\u0645 \u064a\u062a\u062e\u0644\u0635 \u0627\u0644\u062c\u0633\u0645 \u0645\u0646 \u0627\u0644\u0633\u0645\u0648\u0645 \u0648\u064a\u0643\u0633\u0628 \u0646\u0639\u0648\u0645\u0629 \u062d\u0631\u064a\u0631\u064a\u0629 \u0645\u0644\u0645\u0648\u0633\u0629<\/p>\n<p data-start=\"1321\" data-end=\"1350\" style=\"text-align: right;\"><strong data-start=\"1321\" data-end=\"1348\">\u0635\u0648\u062a&nbsp;<\/strong><b>\u062d\u0648\u0636 \u062d\u062c\u0631\u064a<\/b><strong data-start=\"1321\" data-end=\"1348\">: \u062a\u0637\u0647\u064a\u0631 \u0630\u0647\u0646\u064a<\/strong><\/p>\n<p data-start=\"1352\" data-end=\"1633\" style=\"text-align: right;\">\u064a\u064f\u0648\u0641\u0631 \u0627\u0644\u062d\u0645\u0627\u0645 \u0627\u0644\u062a\u0631\u0643\u064a \u0623\u064a\u0636\u064b\u0627 \u062a\u0637\u0647\u064a\u0631\u064b\u0627 \u0630\u0647\u0646\u064a\u064b\u0627 \u062d\u064a\u062b \u064a\u064f\u0639\u062f \u0635\u0648\u062a \u0627\u0644\u0645\u064a\u0627\u0647 \u0627\u0644\u0645\u062a\u062f\u0641\u0642\u0629 \u0645\u0646 \u062d\u0648\u0636 \u062d\u062c\u0631\u064a \u0639\u0644\u0627\u062c\u064b\u0627 \u0628\u062d\u062f \u0630\u0627\u062a\u0647<\/p><p data-start=\"1352\" data-end=\"1633\" style=\"text-align: right;\">&nbsp;\u0639\u0646\u062f \u062f\u0645\u062c\u0647 \u0645\u0639 \u062a\u0642\u0646\u064a\u0627\u062a \u0627\u0644\u062a\u0642\u0634\u064a\u0631 \u0627\u0644\u062a\u0642\u0644\u064a\u062f\u064a \u0648\u0627\u0644\u0631\u063a\u0648\u0629 \u0633\u062a\u0634\u0639\u0631 \u0648\u0643\u0623\u0646 \u0643\u0644 \u062b\u0642\u0644 \u0641\u064a \u062c\u0633\u062f\u0643 \u0642\u062f \u0632\u0627\u0644<\/p><p data-start=\"1352\" data-end=\"1633\" style=\"text-align: right;\">\u0647\u0630\u0647 \u0627\u0644\u0637\u0642\u0648\u0633 \u0644\u064a\u0633\u062a \u062a\u062c\u0631\u0628\u0629 \u0641\u0631\u062f\u064a\u0629 \u0641\u0642\u0637 \u0628\u0644 \u064a\u0645\u0643\u0646 \u0645\u0634\u0627\u0631\u0643\u062a\u0647\u0627 \u0645\u0639 \u0623\u062d\u0628\u0627\u0626\u0643 \u0644\u062a\u062a\u062d\u0648\u0644 \u0625\u0644\u0649 \u0637\u0642\u0648\u0633 \u0633\u0628\u0627 \u0645\u0645\u064a\u0632\u0629 \u0645\u0644\u064a\u0626\u0629 \u0628\u0627\u0644\u0630\u0643\u0631\u064a\u0627\u062a<\/p>\n<p data-start=\"1635\" data-end=\"1665\" style=\"text-align: right;\"><strong data-start=\"1635\" data-end=\"1663\">\u0627\u062d\u062a\u0631\u0627\u0645 \u0625\u0631\u062b \u0628\u0648\u0631\u0635\u0629 \u0627\u0644\u062d\u0631\u0627\u0631\u064a<\/strong><\/p>\n<p data-start=\"1667\" data-end=\"1842\" style=\"text-align: right;\">\u0644\u0637\u0627\u0644\u0645\u0627 \u0627\u0634\u062a\u0647\u0631\u062a \u0628\u0648\u0631\u0635\u0629 \u0628\u0645\u064a\u0627\u0647\u0647\u0627 \u0627\u0644\u0639\u0644\u0627\u062c\u064a\u0629 \u0639\u0644\u0649 \u0645\u062f\u0627\u0631 \u0642\u0631\u0648\u0646<br data-start=\"1717\" data-end=\"1720\">\u0648\u0644\u0627 \u064a\u0642\u062a\u0635\u0631 \u062f\u0648\u0631\u0639\u0644\u0649 \u0627\u0644\u062d\u0641\u0627\u0638 \u0639\u0644\u0649 \u0647\u0630\u0627 \u0627\u0644\u0625\u0631\u062b \u0628\u0644 \u064a\u064f\u0642\u062f\u0645\u0647 \u0628\u0637\u0631\u064a\u0642\u0629 \u0645\u0639\u0627\u0635\u0631\u0629 \u0644\u062a\u0648\u0641\u064a\u0631 \u062a\u062c\u0631\u0628\u0629 \u0641\u0631\u064a\u062f\u0629 \u0644\u0644\u0636\u064a\u0648\u0641<\/p>\n<p data-start=\"1844\" data-end=\"1871\" style=\"text-align: right;\"><strong data-start=\"1844\" data-end=\"1869\">\u062a\u0637\u0647\u064a\u0631\u060c \u0627\u0633\u062a\u0631\u062e\u0627\u0621 \u0648\u062a\u0648\u0627\u0632\u0646<\/strong><\/p>\n<p data-start=\"1873\" data-end=\"2108\" style=\"text-align: right;\">\u0628\u0639\u062f \u0637\u0642\u0648\u0633 \u0627\u0644\u062d\u0645\u0627\u0645 \u062a\u0646\u062a\u0638\u0631\u0643 \u0645\u0646\u0637\u0642\u0629 \u0627\u0633\u062a\u0631\u062e\u0627\u0621 \u0647\u0627\u062f\u0626\u0629 \u0645\u0639 \u0634\u0627\u064a \u0627\u0644\u0623\u0639\u0634\u0627\u0628 \u0644\u062a\u0639\u0632\u064a\u0632 \u0635\u0641\u0627\u0621 \u0631\u0648\u062d\u0643<br data-start=\"1947\" data-end=\"1950\">\u0643\u0645\u0627 \u064a\u0645\u0643\u0646\u0643 \u062a\u0639\u0632\u064a\u0632 \u062a\u062c\u0631\u0628\u062a\u0643 \u0645\u0639 \u0639\u0644\u0627\u062c\u0627\u062a \u062e\u0627\u0635\u0629 \u064a\u0642\u062f\u0645\u0647\u0627 \u062e\u0628\u0631\u0627\u0621 \u0627\u0644\u0633\u0628\u0627 \u0644\u062f\u064a\u0646\u0627<br data-start=\"2012\" data-end=\"2015\">\u0648\u064a\u064f\u0639\u062f \u0627\u0644\u062a\u062f\u0644\u064a\u0643 \u0627\u0644\u0639\u0637\u0631\u064a \u0648\u0639\u0646\u0627\u064a\u0629 \u0627\u0644\u0648\u062c\u0647 \u0628\u0639\u062f \u0627\u0644\u062d\u0645\u0627\u0645 \u0645\u0646 \u0623\u0643\u062b\u0631 \u0627\u0644\u0639\u0644\u0627\u062c\u0627\u062a \u062a\u0648\u0627\u0632\u0646\u064b\u0627 \u0648\u0634\u0645\u0648\u0644\u064b\u0627 \u0644\u0644\u0628\u0634\u0631\u0629 \u0648\u0627\u0644\u0631\u0648\u062d<\/p>\n<p data-start=\"2110\" data-end=\"2164\" style=\"text-align: right;\"><strong data-start=\"2110\" data-end=\"2162\">\u0647\u0644 \u062a\u0631\u063a\u0628 \u0641\u064a \u062e\u0648\u0636 \u0647\u0630\u0647 \u0627\u0644\u062a\u062c\u0631\u0628\u0629 \u0627\u0644\u0645\u0633\u062a\u0648\u062d\u0627\u0629 \u0645\u0646 \u0627\u0644\u062a\u0642\u0627\u0644\u064a\u062f<\/strong><\/p>\n<p data-start=\"2166\" data-end=\"2394\" style=\"text-align: right;\">\u0641\u064a \u062d\u0645\u0627\u0645 \u0627\u0644\u062a\u0631\u0643\u064a \u0633\u062a\u0639\u064a\u0634 \u0627\u0644\u062a\u062c\u0631\u0628\u0629 \u0643\u0627\u0645\u0644\u0629 \u0644\u064a\u0633 \u0641\u0642\u0637 \u0628\u0627\u0644\u0645\u0627\u0621 \u0627\u0644\u0633\u0627\u062e\u0646 \u0628\u0644 \u0639\u0628\u0631 \u0627\u0644\u0637\u0642\u0648\u0633 \u0627\u0644\u062a\u0642\u0644\u064a\u062f\u064a\u0629 \u0627\u0644\u0623\u0635\u064a\u0644\u0629<br data-start=\"2263\" data-end=\"2266\">\u0627\u0633\u062a\u0634\u0639\u0631 \u0642\u0648\u0629 \u0627\u0644\u0645\u064a\u0627\u0647 \u0627\u0644\u062d\u0631\u0627\u0631\u064a\u0629 \u0627\u0644\u0634\u0641\u0627\u0626\u064a\u0629 \u0648\u062f\u0641\u0621 \u062d\u062c\u0631 \u0627\u0644\u0628\u0637\u0646 \u0627\u0644\u0645\u0631\u064a\u062d \u0648\u0633\u0643\u064a\u0646\u0629 \u062b\u0642\u0627\u0641\u0629 \u0627\u0644\u062d\u0645\u0627\u0645 \u0627\u0644\u0639\u0631\u064a\u0642\u0629 \u0648\u0627\u0628\u062f\u0623 \u0631\u062d\u0644\u062a\u0643 \u0646\u062d\u0648 \u0627\u0644\u0627\u0633\u062a\u0631\u062e\u0627\u0621 \u0648\u0627\u0644\u0627\u0646\u0633\u062c\u0627\u0645 \u0627\u0644\u0622\u0646<\/p>\t\t\t\t\t\t\t\t<\/div>\n\t\t\t\t\t<\/div>\n\t\t\t\t<\/div>\n\t\t<div class=\"elementor-element elementor-element-dc48827 e-flex e-con-boxed tm-col-stretched-none tm-bg-color-over-image e-con e-parent\" data-id=\"dc48827\" data-element_type=\"container\">\n\t\t\t\t\t<div class=\"e-con-inner\">\n\t\t\t\t<div class=\"elementor-element elementor-element-0fd861b elementor-widget elementor-widget-spacer\" data-id=\"0fd861b\" data-element_type=\"widget\" data-widget_type=\"spacer.default\">\n\t\t\t\t\t\t\t<div class=\"elementor-spacer\">\n\t\t\t<div class=\"elementor-spacer-inner\"><\/div>\n\t\t<\/div>\n\t\t\t\t\t\t<\/div>\n\t\t\t\t\t<\/div>\n\t\t\t\t<\/div>\n\t\t<div class=\"elementor-element elementor-element-b06b56f e-flex e-con-boxed tm-col-stretched-none tm-bg-color-over-image e-con e-parent\" data-id=\"b06b56f\" data-element_type=\"container\">\n\t\t\t\t\t<div class=\"e-con-inner\">\n\t\t<div class=\"elementor-element elementor-element-10b9aac e-con-full e-flex tm-col-stretched-none tm-bg-color-over-image e-con e-child\" data-id=\"10b9aac\" data-element_type=\"container\" data-settings=\"{&quot;background_background&quot;:&quot;classic&quot;}\">\n\t\t<div class=\"elementor-element elementor-element-e23e666 e-con-full e-flex tm-col-stretched-none tm-bg-color-over-image e-con e-child\" data-id=\"e23e666\" data-element_type=\"container\">\n\t\t\t\t<div class=\"elementor-element elementor-element-e1d2ee2 elementor-widget elementor-widget-heading\" data-id=\"e1d2ee2\" data-element_type=\"widget\" data-widget_type=\"heading.default\">\n\t\t\t\t\t<h3 class=\"elementor-heading-title elementor-size-default\"><a href=\"tel:+902243240202\">\u0644\u0644\u0627\u0633\u062a\u0641\u0633\u0627\u0631 \u0648\u0627\u0644\u062a\u0641\u0627\u0635\u064a\u0644 \u0627\u062a\u0635\u0644 \u0628\u0646\u0627\n<\/a><\/h3>\t\t\t\t<\/div>\n\t\t\t\t<div class=\"elementor-element elementor-element-b996b57 elementor-widget elementor-widget-tm-ele-social-links\" data-id=\"b996b57\" data-element_type=\"widget\" data-widget_type=\"tm-ele-social-links.default\">\n\t\t\t\t<div class=\"elementor-widget-container\">\n\t\t\t\t\t<ul class=\"tm-sc-social-links links-outlined\">\r\n\r\n\t\t\t<li><a class=\"social-link\" aria-label=\"Social Link\" href=\"https:\/\/www.facebook.com\/siahotelthermalspa\" target=\"_self\"><i class=\"fa fa-facebook\"><\/i><\/a><\/li>\r\n\t\t\r\n\t\t<li><a class=\"social-link\" aria-label=\"Social Link\" href=\"https:\/\/www.linkedin.com\/company\/sia-hotel-thermal-spa\/\" target=\"_self\"><i class=\"fa fa-linkedin\"><\/i><\/a><\/li>\r\n\t\t\t<li><a class=\"social-link\" aria-label=\"Social Link\" href=\"https:\/\/www.instagram.com\/siahotelthermalspa\" target=\"_self\"><i class=\"fa fa-instagram\"><\/i><\/a><\/li>\r\n\t\t\r\n\t\t\t<\/ul>\t\t\t\t<\/div>\n\t\t\t\t<\/div>\n\t\t\t\t<\/div>\n\t\t\t\t<\/div>\n\t\t\t\t\t<\/div>\n\t\t\t\t<\/div>\n\t\t<div class=\"elementor-element elementor-element-eb391bc e-flex e-con-boxed tm-col-stretched-none tm-bg-color-over-image e-con e-parent\" data-id=\"eb391bc\" data-element_type=\"container\">\n\t\t\t\t\t<div class=\"e-con-inner\">\n\t\t<div class=\"elementor-element elementor-element-6ce55c8 e-con-full tm-col-stretched-none e-flex tm-bg-color-over-image e-con e-child\" data-id=\"6ce55c8\" data-element_type=\"container\">\n\t\t\t\t<div class=\"elementor-element elementor-element-6e019f8 elementor-widget elementor-widget-shortcode\" data-id=\"6e019f8\" data-element_type=\"widget\" data-widget_type=\"shortcode.default\">\n\t\t\t\t\t\t\t<div class=\"elementor-shortcode\">\t\t<div id=\"sbi_mod_error\" >\n\t\t\t<span>Bu hata mesaj\u0131n\u0131 yaln\u0131zca WordPress y\u00f6neticileri g\u00f6rebilir<\/span><br\/>\n\t\t\t<p><strong>Hata: 1 kimli\u011fine sahip hi\u00e7bir ak\u0131\u015f bulunamad\u0131.<\/strong>\n\t\t\t<p>Bir ak\u0131\u015f olu\u015fturmak i\u00e7in l\u00fctfen Instagram Ak\u0131\u015f\u0131 ayarlar sayfas\u0131na gidin.<\/p>\n\t\t<\/div>\n\t\t<\/div>\n\t\t\t\t\t\t<\/div>\n\t\t\t\t<\/div>\n\t\t\t\t\t<\/div>\n\t\t\t\t<\/div>\n\t\t\t\t<\/div>\n\t\t","protected":false},"excerpt":{"rendered":"<p>serenity \u0627\u0644\u062d\u0645\u0627\u0645 \u0627\u0644\u062a\u0631\u0643\u064a \u062a\u062c\u0631\u0628\u0629 \u062a\u0637\u0647\u064a\u0631 \u062a\u0646\u0628\u0639 \u0645\u0646 \u0623\u0639\u0645\u0627\u0642 \u0627\u0644\u062a\u0627\u0631\u064a\u062e: \u0627\u0644\u062d\u0645\u0627\u0645 \u0627\u0644\u062a\u0631\u0643\u064a \u0641\u064a&nbsp; Serenity Thermal SPA &amp; Wellness \u064a\u064f\u0639\u062f \u0627\u0644\u062d\u0645\u0627\u0645 \u0627\u0644\u062a\u0631\u0643\u064a&#8230;<\/p>\n","protected":false},"author":1,"featured_media":0,"parent":0,"menu_order":0,"comment_status":"closed","ping_status":"closed","template":"","meta":{"_monsterinsights_skip_tracking":false,"_monsterinsights_sitenote_active":false,"_monsterinsights_sitenote_note":"","_monsterinsights_sitenote_category":0,"footnotes":""},"class_list":["post-14976","page","type-page","status-publish","hentry"],"aioseo_notices":[],"_links":{"self":[{"href":"https:\/\/www.siahotel.com.tr\/ar\/wp-json\/wp\/v2\/pages\/14976","targetHints":{"allow":["GET"]}}],"collection":[{"href":"https:\/\/www.siahotel.com.tr\/ar\/wp-json\/wp\/v2\/pages"}],"about":[{"href":"https:\/\/www.siahotel.com.tr\/ar\/wp-json\/wp\/v2\/types\/page"}],"author":[{"embeddable":true,"href":"https:\/\/www.siahotel.com.tr\/ar\/wp-json\/wp\/v2\/users\/1"}],"replies":[{"embeddable":true,"href":"https:\/\/www.siahotel.com.tr\/ar\/wp-json\/wp\/v2\/comments?post=14976"}],"version-history":[{"count":71,"href":"https:\/\/www.siahotel.com.tr\/ar\/wp-json\/wp\/v2\/pages\/14976\/revisions"}],"predecessor-version":[{"id":18358,"href":"https:\/\/www.siahotel.com.tr\/ar\/wp-json\/wp\/v2\/pages\/14976\/revisions\/18358"}],"wp:attachment":[{"href":"https:\/\/www.siahotel.com.tr\/ar\/wp-json\/wp\/v2\/media?parent=14976"}],"curies":[{"name":"wp","href":"https:\/\/api.w.org\/{rel}","templated":true}]}}